{"id":84632,"date":"2026-04-29T12:24:00","date_gmt":"2026-04-29T10:24:00","guid":{"rendered":"https:\/\/www.ballettodanceshop.com\/?post_type=product&#038;p=84632"},"modified":"2026-04-29T12:24:02","modified_gmt":"2026-04-29T10:24:02","slug":"justaucorps-a-bretelles-fines-wear-moi-ninon","status":"publish","type":"product","link":"https:\/\/www.ballettodanceshop.com\/en\/justaucorps-a-bretelles-fines-wear-moi-ninon\/","title":{"rendered":"Wear Moi Ninon Thin Strap Leotard"},"content":{"rendered":"<p><strong>Wear Moi Ninon Thin Strap Leotard<\/strong><\/p>\n<p>Collection Wear Moi Illusion<\/p>\n<p>Encolure droite en transparence<br \/>\nEmpi\u00e8cement tulle transparent au dos<br \/>\nOuverture dos<br \/>\nFront lining with pocket for removable Flexifit Support shells<br \/>\nMicrofibre - Stretch tulle<\/p>\n<p>Designed in France<\/p>","protected":false},"excerpt":{"rendered":"<p>Splendide Justaucorps imprim\u00e9 \u00e0 bretelles fines de la Collection Wear Moi Illusion.<\/p>\n<p>Tout en l\u00e9g\u00e8ret\u00e9, le Justaucorps Wear Moi Ninon s\u00e9duit par une ligne \u00e9pur\u00e9e qui met en valeur les \u00e9paules et le d\u00e9collet\u00e9 de la danseuse.<\/p>\n<p>Les fines bretelles et l\u2019encolure droite dessinent une silhouette d\u00e9licate, tandis que le dos en tulle transparent s\u2019ouvre subtilement pour r\u00e9v\u00e9ler la ligne du dos.<\/p>\n<p>Le dessin plac\u00e9 s\u2019exprime \u00e0 travers des motifs aux tons profonds et contrast\u00e9s, dans un univers \u00e9l\u00e9gant.<\/p>\n<p><strong>Limited Edition.<\/strong><\/p>","protected":false},"featured_media":84638,"comment_status":"open","ping_status":"closed","template":"","meta":{"_acf_changed":false},"product_brand":[],"product_cat":[19,61,91,968,959,949,144,370,972,953,974,62,398],"product_tag":[790],"class_list":{"0":"post-84632","1":"product","2":"type-product","3":"status-publish","4":"has-post-thumbnail","6":"product_cat-femmes","7":"product_cat-idees-cadeaux","8":"product_cat-jazz","9":"product_cat-justaucorps-bleu-marine","10":"product_cat-justaucorps-danse-contemporaine","11":"product_cat-justaucorps-de-danse","12":"product_cat-justaucorps-tuniques","13":"product_cat-justaucorps","14":"product_cat-justaucorps-sans-manches","15":"product_cat-justaucorps-wear-moi","16":"product_cat-marques","17":"product_cat-classique","18":"product_cat-wear-moi","19":"product_tag-livraison-1-a-2-semaines","21":"first","22":"instock","23":"taxable","24":"shipping-taxable","25":"purchasable","26":"product-type-variable"},"acf":[],"yoast_head":"<!-- This site is optimized with the Yoast SEO plugin v27.4 - https:\/\/yoast.com\/product\/yoast-seo-wordpress\/ -->\n<title>Justaucorps \u00e0 Bretelles Fines Wear Moi Ninon - Balletto Dance Shop<\/title>\n<meta name=\"description\" content=\"Tout en l\u00e9g\u00e8ret\u00e9, Le Nouveau Justaucorps imprim\u00e9 Wear Moi Ninon s\u00e9duit par une ligne \u00e9pur\u00e9e qui met en valeur les \u00e9paules et le d\u00e9collet\u00e9. Edition Limit\u00e9e.\" \/>\n<meta name=\"robots\" content=\"index, follow, max-snippet:-1, max-image-preview:large, max-video-preview:-1\" \/>\n<link rel=\"canonical\" href=\"https:\/\/www.ballettodanceshop.com\/en\/justaucorps-a-bretelles-fines-wear-moi-ninon\/\" \/>\n<meta property=\"og:locale\" content=\"en_GB\" \/>\n<meta property=\"og:type\" content=\"article\" \/>\n<meta property=\"og:title\" content=\"Justaucorps \u00e0 Bretelles Fines Wear Moi Ninon - Balletto Dance Shop\" \/>\n<meta property=\"og:description\" content=\"Tout en l\u00e9g\u00e8ret\u00e9, Le Nouveau Justaucorps imprim\u00e9 Wear Moi Ninon s\u00e9duit par une ligne \u00e9pur\u00e9e qui met en valeur les \u00e9paules et le d\u00e9collet\u00e9. Edition Limit\u00e9e.\" \/>\n<meta property=\"og:url\" content=\"https:\/\/www.ballettodanceshop.com\/en\/justaucorps-a-bretelles-fines-wear-moi-ninon\/\" \/>\n<meta property=\"og:site_name\" content=\"Balletto Dance Shop\" \/>\n<meta property=\"article:publisher\" content=\"https:\/\/www.facebook.com\/Ballettodanceshop\/\" \/>\n<meta property=\"article:modified_time\" content=\"2026-04-29T10:24:02+00:00\" \/>\n<meta property=\"og:image\" content=\"https:\/\/www.ballettodanceshop.com\/wp-content\/uploads\/2026\/04\/Justaucorps_Wear_Moi_Ninon.webp\" \/>\n\t<meta property=\"og:image:width\" content=\"700\" \/>\n\t<meta property=\"og:image:height\" content=\"1048\" \/>\n\t<meta property=\"og:image:type\" content=\"image\/webp\" \/>\n<meta name=\"twitter:card\" content=\"summary_large_image\" \/>\n<meta name=\"twitter:site\" content=\"@ballettodance\" \/>\n<meta name=\"twitter:label1\" content=\"Estimated reading time\" \/>\n\t<meta name=\"twitter:data1\" content=\"1 minute\" \/>\n<script type=\"application\/ld+json\" class=\"yoast-schema-graph\">{\"@context\":\"https:\\\/\\\/schema.org\",\"@graph\":[{\"@type\":\"WebPage\",\"@id\":\"https:\\\/\\\/www.ballettodanceshop.com\\\/justaucorps-a-bretelles-fines-wear-moi-ninon\\\/\",\"url\":\"https:\\\/\\\/www.ballettodanceshop.com\\\/justaucorps-a-bretelles-fines-wear-moi-ninon\\\/\",\"name\":\"Justaucorps \u00e0 Bretelles Fines Wear Moi Ninon - Balletto Dance Shop\",\"isPartOf\":{\"@id\":\"https:\\\/\\\/www.ballettodanceshop.com\\\/#website\"},\"primaryImageOfPage\":{\"@id\":\"https:\\\/\\\/www.ballettodanceshop.com\\\/justaucorps-a-bretelles-fines-wear-moi-ninon\\\/#primaryimage\"},\"image\":{\"@id\":\"https:\\\/\\\/www.ballettodanceshop.com\\\/justaucorps-a-bretelles-fines-wear-moi-ninon\\\/#primaryimage\"},\"thumbnailUrl\":\"https:\\\/\\\/www.ballettodanceshop.com\\\/wp-content\\\/uploads\\\/2026\\\/04\\\/Justaucorps_Wear_Moi_Ninon.webp\",\"datePublished\":\"2026-04-29T10:24:00+00:00\",\"dateModified\":\"2026-04-29T10:24:02+00:00\",\"description\":\"Tout en l\u00e9g\u00e8ret\u00e9, Le Nouveau Justaucorps imprim\u00e9 Wear Moi Ninon s\u00e9duit par une ligne \u00e9pur\u00e9e qui met en valeur les \u00e9paules et le d\u00e9collet\u00e9. Edition Limit\u00e9e.\",\"breadcrumb\":{\"@id\":\"https:\\\/\\\/www.ballettodanceshop.com\\\/justaucorps-a-bretelles-fines-wear-moi-ninon\\\/#breadcrumb\"},\"inLanguage\":\"en-GB\",\"potentialAction\":[{\"@type\":\"ReadAction\",\"target\":[\"https:\\\/\\\/www.ballettodanceshop.com\\\/justaucorps-a-bretelles-fines-wear-moi-ninon\\\/\"]}]},{\"@type\":\"ImageObject\",\"inLanguage\":\"en-GB\",\"@id\":\"https:\\\/\\\/www.ballettodanceshop.com\\\/justaucorps-a-bretelles-fines-wear-moi-ninon\\\/#primaryimage\",\"url\":\"https:\\\/\\\/www.ballettodanceshop.com\\\/wp-content\\\/uploads\\\/2026\\\/04\\\/Justaucorps_Wear_Moi_Ninon.webp\",\"contentUrl\":\"https:\\\/\\\/www.ballettodanceshop.com\\\/wp-content\\\/uploads\\\/2026\\\/04\\\/Justaucorps_Wear_Moi_Ninon.webp\",\"width\":700,\"height\":1048,\"caption\":\"Justaucorps imprim\u00e9 \u00e0 bretelles fines Wear Moi Ninon\"},{\"@type\":\"BreadcrumbList\",\"@id\":\"https:\\\/\\\/www.ballettodanceshop.com\\\/justaucorps-a-bretelles-fines-wear-moi-ninon\\\/#breadcrumb\",\"itemListElement\":[{\"@type\":\"ListItem\",\"position\":1,\"name\":\"Accueil\",\"item\":\"https:\\\/\\\/www.ballettodanceshop.com\\\/\"},{\"@type\":\"ListItem\",\"position\":2,\"name\":\"Produits\",\"item\":\"https:\\\/\\\/www.ballettodanceshop.com\\\/boutique\\\/\"},{\"@type\":\"ListItem\",\"position\":3,\"name\":\"Justaucorps \u00e0 Bretelles Fines Wear Moi Ninon\"}]},{\"@type\":\"WebSite\",\"@id\":\"https:\\\/\\\/www.ballettodanceshop.com\\\/#website\",\"url\":\"https:\\\/\\\/www.ballettodanceshop.com\\\/\",\"name\":\"Balletto Dance Shop\",\"description\":\"Keep Dancing !\",\"publisher\":{\"@id\":\"https:\\\/\\\/www.ballettodanceshop.com\\\/#organization\"},\"alternateName\":\"Balletto\",\"potentialAction\":[{\"@type\":\"SearchAction\",\"target\":{\"@type\":\"EntryPoint\",\"urlTemplate\":\"https:\\\/\\\/www.ballettodanceshop.com\\\/?s={search_term_string}\"},\"query-input\":{\"@type\":\"PropertyValueSpecification\",\"valueRequired\":true,\"valueName\":\"search_term_string\"}}],\"inLanguage\":\"en-GB\"},{\"@type\":\"Organization\",\"@id\":\"https:\\\/\\\/www.ballettodanceshop.com\\\/#organization\",\"name\":\"Balletto Dance Shop\",\"alternateName\":\"Balletto\",\"url\":\"https:\\\/\\\/www.ballettodanceshop.com\\\/\",\"logo\":{\"@type\":\"ImageObject\",\"inLanguage\":\"en-GB\",\"@id\":\"https:\\\/\\\/www.ballettodanceshop.com\\\/#\\\/schema\\\/logo\\\/image\\\/\",\"url\":\"https:\\\/\\\/www.ballettodanceshop.com\\\/wp-content\\\/uploads\\\/2025\\\/06\\\/LOGO-1.png\",\"contentUrl\":\"https:\\\/\\\/www.ballettodanceshop.com\\\/wp-content\\\/uploads\\\/2025\\\/06\\\/LOGO-1.png\",\"width\":508,\"height\":209,\"caption\":\"Balletto Dance Shop\"},\"image\":{\"@id\":\"https:\\\/\\\/www.ballettodanceshop.com\\\/#\\\/schema\\\/logo\\\/image\\\/\"},\"sameAs\":[\"https:\\\/\\\/www.facebook.com\\\/Ballettodanceshop\\\/\",\"https:\\\/\\\/x.com\\\/ballettodance\",\"https:\\\/\\\/www.tiktok.com\\\/@ballettodanceshop\",\"https:\\\/\\\/fr.linkedin.com\\\/company\\\/ballettodaneshop\",\"https:\\\/\\\/fr.pinterest.com\\\/ballettodanceshop\\\/\",\"https:\\\/\\\/www.threads.com\\\/@ballettodanceshop\",\"https:\\\/\\\/www.instagram.com\\\/ballettodanceshop\\\/\",\"https:\\\/\\\/www.youtube.com\\\/@ballettodanceshop\"]}]}<\/script>\n<!-- \/ Yoast SEO plugin. -->","yoast_head_json":{"title":"Justaucorps \u00e0 Bretelles Fines Wear Moi Ninon - Balletto Dance Shop","description":"Tout en l\u00e9g\u00e8ret\u00e9, Le Nouveau Justaucorps imprim\u00e9 Wear Moi Ninon s\u00e9duit par une ligne \u00e9pur\u00e9e qui met en valeur les \u00e9paules et le d\u00e9collet\u00e9. Edition Limit\u00e9e.","robots":{"index":"index","follow":"follow","max-snippet":"max-snippet:-1","max-image-preview":"max-image-preview:large","max-video-preview":"max-video-preview:-1"},"canonical":"https:\/\/www.ballettodanceshop.com\/en\/justaucorps-a-bretelles-fines-wear-moi-ninon\/","og_locale":"en_GB","og_type":"article","og_title":"Justaucorps \u00e0 Bretelles Fines Wear Moi Ninon - Balletto Dance Shop","og_description":"Tout en l\u00e9g\u00e8ret\u00e9, Le Nouveau Justaucorps imprim\u00e9 Wear Moi Ninon s\u00e9duit par une ligne \u00e9pur\u00e9e qui met en valeur les \u00e9paules et le d\u00e9collet\u00e9. Edition Limit\u00e9e.","og_url":"https:\/\/www.ballettodanceshop.com\/en\/justaucorps-a-bretelles-fines-wear-moi-ninon\/","og_site_name":"Balletto Dance Shop","article_publisher":"https:\/\/www.facebook.com\/Ballettodanceshop\/","article_modified_time":"2026-04-29T10:24:02+00:00","og_image":[{"width":700,"height":1048,"url":"https:\/\/www.ballettodanceshop.com\/wp-content\/uploads\/2026\/04\/Justaucorps_Wear_Moi_Ninon.webp","type":"image\/webp"}],"twitter_card":"summary_large_image","twitter_site":"@ballettodance","twitter_misc":{"Estimated reading time":"1 minute"},"schema":{"@context":"https:\/\/schema.org","@graph":[{"@type":"WebPage","@id":"https:\/\/www.ballettodanceshop.com\/justaucorps-a-bretelles-fines-wear-moi-ninon\/","url":"https:\/\/www.ballettodanceshop.com\/justaucorps-a-bretelles-fines-wear-moi-ninon\/","name":"Justaucorps \u00e0 Bretelles Fines Wear Moi Ninon - Balletto Dance Shop","isPartOf":{"@id":"https:\/\/www.ballettodanceshop.com\/#website"},"primaryImageOfPage":{"@id":"https:\/\/www.ballettodanceshop.com\/justaucorps-a-bretelles-fines-wear-moi-ninon\/#primaryimage"},"image":{"@id":"https:\/\/www.ballettodanceshop.com\/justaucorps-a-bretelles-fines-wear-moi-ninon\/#primaryimage"},"thumbnailUrl":"https:\/\/www.ballettodanceshop.com\/wp-content\/uploads\/2026\/04\/Justaucorps_Wear_Moi_Ninon.webp","datePublished":"2026-04-29T10:24:00+00:00","dateModified":"2026-04-29T10:24:02+00:00","description":"Tout en l\u00e9g\u00e8ret\u00e9, Le Nouveau Justaucorps imprim\u00e9 Wear Moi Ninon s\u00e9duit par une ligne \u00e9pur\u00e9e qui met en valeur les \u00e9paules et le d\u00e9collet\u00e9. Edition Limit\u00e9e.","breadcrumb":{"@id":"https:\/\/www.ballettodanceshop.com\/justaucorps-a-bretelles-fines-wear-moi-ninon\/#breadcrumb"},"inLanguage":"en-GB","potentialAction":[{"@type":"ReadAction","target":["https:\/\/www.ballettodanceshop.com\/justaucorps-a-bretelles-fines-wear-moi-ninon\/"]}]},{"@type":"ImageObject","inLanguage":"en-GB","@id":"https:\/\/www.ballettodanceshop.com\/justaucorps-a-bretelles-fines-wear-moi-ninon\/#primaryimage","url":"https:\/\/www.ballettodanceshop.com\/wp-content\/uploads\/2026\/04\/Justaucorps_Wear_Moi_Ninon.webp","contentUrl":"https:\/\/www.ballettodanceshop.com\/wp-content\/uploads\/2026\/04\/Justaucorps_Wear_Moi_Ninon.webp","width":700,"height":1048,"caption":"Justaucorps imprim\u00e9 \u00e0 bretelles fines Wear Moi Ninon"},{"@type":"BreadcrumbList","@id":"https:\/\/www.ballettodanceshop.com\/justaucorps-a-bretelles-fines-wear-moi-ninon\/#breadcrumb","itemListElement":[{"@type":"ListItem","position":1,"name":"Accueil","item":"https:\/\/www.ballettodanceshop.com\/"},{"@type":"ListItem","position":2,"name":"Produits","item":"https:\/\/www.ballettodanceshop.com\/boutique\/"},{"@type":"ListItem","position":3,"name":"Justaucorps \u00e0 Bretelles Fines Wear Moi Ninon"}]},{"@type":"WebSite","@id":"https:\/\/www.ballettodanceshop.com\/#website","url":"https:\/\/www.ballettodanceshop.com\/","name":"Balletto Dance Shop","description":"Keep Dancing!","publisher":{"@id":"https:\/\/www.ballettodanceshop.com\/#organization"},"alternateName":"Balletto","potentialAction":[{"@type":"SearchAction","target":{"@type":"EntryPoint","urlTemplate":"https:\/\/www.ballettodanceshop.com\/?s={search_term_string}"},"query-input":{"@type":"PropertyValueSpecification","valueRequired":true,"valueName":"search_term_string"}}],"inLanguage":"en-GB"},{"@type":"Organization","@id":"https:\/\/www.ballettodanceshop.com\/#organization","name":"Balletto Dance Shop","alternateName":"Balletto","url":"https:\/\/www.ballettodanceshop.com\/","logo":{"@type":"ImageObject","inLanguage":"en-GB","@id":"https:\/\/www.ballettodanceshop.com\/#\/schema\/logo\/image\/","url":"https:\/\/www.ballettodanceshop.com\/wp-content\/uploads\/2025\/06\/LOGO-1.png","contentUrl":"https:\/\/www.ballettodanceshop.com\/wp-content\/uploads\/2025\/06\/LOGO-1.png","width":508,"height":209,"caption":"Balletto Dance Shop"},"image":{"@id":"https:\/\/www.ballettodanceshop.com\/#\/schema\/logo\/image\/"},"sameAs":["https:\/\/www.facebook.com\/Ballettodanceshop\/","https:\/\/x.com\/ballettodance","https:\/\/www.tiktok.com\/@ballettodanceshop","https:\/\/fr.linkedin.com\/company\/ballettodaneshop","https:\/\/fr.pinterest.com\/ballettodanceshop\/","https:\/\/www.threads.com\/@ballettodanceshop","https:\/\/www.instagram.com\/ballettodanceshop\/","https:\/\/www.youtube.com\/@ballettodanceshop"]}]}},"_links":{"self":[{"href":"https:\/\/www.ballettodanceshop.com\/en\/wp-json\/wp\/v2\/product\/84632","targetHints":{"allow":["GET"]}}],"collection":[{"href":"https:\/\/www.ballettodanceshop.com\/en\/wp-json\/wp\/v2\/product"}],"about":[{"href":"https:\/\/www.ballettodanceshop.com\/en\/wp-json\/wp\/v2\/types\/product"}],"replies":[{"embeddable":true,"href":"https:\/\/www.ballettodanceshop.com\/en\/wp-json\/wp\/v2\/comments?post=84632"}],"wp:featuredmedia":[{"embeddable":true,"href":"https:\/\/www.ballettodanceshop.com\/en\/wp-json\/wp\/v2\/media\/84638"}],"wp:attachment":[{"href":"https:\/\/www.ballettodanceshop.com\/en\/wp-json\/wp\/v2\/media?parent=84632"}],"wp:term":[{"taxonomy":"product_brand","embeddable":true,"href":"https:\/\/www.ballettodanceshop.com\/en\/wp-json\/wp\/v2\/product_brand?post=84632"},{"taxonomy":"product_cat","embeddable":true,"href":"https:\/\/www.ballettodanceshop.com\/en\/wp-json\/wp\/v2\/product_cat?post=84632"},{"taxonomy":"product_tag","embeddable":true,"href":"https:\/\/www.ballettodanceshop.com\/en\/wp-json\/wp\/v2\/product_tag?post=84632"}],"curies":[{"name":"wp","href":"https:\/\/api.w.org\/{rel}","templated":true}]}}