{"id":84622,"date":"2026-04-29T11:45:52","date_gmt":"2026-04-29T09:45:52","guid":{"rendered":"https:\/\/www.ballettodanceshop.com\/?post_type=product&#038;p=84622"},"modified":"2026-04-29T11:45:54","modified_gmt":"2026-04-29T09:45:54","slug":"justaucorps-with-a-us-armhole-worn-by-me-aude","status":"publish","type":"product","link":"https:\/\/www.ballettodanceshop.com\/en\/justaucorps-a-emmanchure-americaine-wear-moi-aude\/","title":{"rendered":"Wear Moi Aude Leotard with American Armhole"},"content":{"rendered":"<p><strong>Wear Moi Aude Leotard with American Armhole<\/strong><\/p>\n<p>Collection Wear Moi Illusion<\/p>\n<p>Col montant<br \/>\nSheer beige tulle insert front and back<br \/>\nBackless dress<br \/>\nFront lining with pocket for removable Flexifit Support shells<br \/>\nMicrofibre \u2013 Stretch Tulle<\/p>\n<p>Designed in France<\/p>","protected":false},"excerpt":{"rendered":"<p>Printed short-sleeved leotard with a stand-up collar and American armholes from the new Wear Moi Illusion Collection.<\/p>\n<p>The Wear Moi Aude leotard is an exceptional piece for dancers who wish to combine elegance and performance.<\/p>\n<p>Its aesthetic plays on the contrasts between opacity and transparency to enhance your silhouette with every movement, while the transparent beige tulle creates a subtle second-skin effect.<\/p>\n<p>The high neckline flatters the carriage of the head and the teardrop opening at the back, fastened by a metallic clasp, ensures a secure fit.<\/p>\n<p>The deep-toned patterns create a sophisticated world.<\/p>\n<p><strong>Limited Edition.<\/strong><\/p>","protected":false},"featured_media":84627,"comment_status":"open","ping_status":"closed","template":"","meta":{"_acf_changed":false},"product_brand":[],"product_cat":[103,19,61,91,959,949,144,370,965,966,972,953,974,62,308,398],"product_tag":[790],"class_list":{"0":"post-84622","1":"product","2":"type-product","3":"status-publish","4":"has-post-thumbnail","6":"product_cat-athleisure","7":"product_cat-femmes","8":"product_cat-idees-cadeaux","9":"product_cat-jazz","10":"product_cat-justaucorps-danse-contemporaine","11":"product_cat-justaucorps-de-danse","12":"product_cat-justaucorps-tuniques","13":"product_cat-justaucorps","14":"product_cat-justaucorps-dentelle","15":"product_cat-justaucorps-dos-nu","16":"product_cat-justaucorps-sans-manches","17":"product_cat-justaucorps-wear-moi","18":"product_cat-marques","19":"product_cat-classique","20":"product_cat-tops-athleisure","21":"product_cat-wear-moi","22":"product_tag-livraison-1-a-2-semaines","24":"first","25":"instock","26":"taxable","27":"shipping-taxable","28":"purchasable","29":"product-type-variable"},"acf":[],"yoast_head":"<!-- This site is optimized with the Yoast SEO plugin v27.4 - https:\/\/yoast.com\/product\/yoast-seo-wordpress\/ -->\n<title>Justaucorps \u00e0 Emmanchure Am\u00e9ricaine Wear Moi Aude - Balletto Dance Shop<\/title>\n<meta name=\"description\" content=\"Justaucorps \u00e0 col montant en Edition Limit\u00e9e avec un dessin plac\u00e9 identique sur toutes les tailles, pour une illusion visuelle parfaitement ma\u00eetris\u00e9e.\" \/>\n<meta name=\"robots\" content=\"index, follow, max-snippet:-1, max-image-preview:large, max-video-preview:-1\" \/>\n<link rel=\"canonical\" href=\"https:\/\/www.ballettodanceshop.com\/en\/justaucorps-with-a-us-armhole-worn-by-me-aude\/\" \/>\n<meta property=\"og:locale\" content=\"en_GB\" \/>\n<meta property=\"og:type\" content=\"article\" \/>\n<meta property=\"og:title\" content=\"Justaucorps \u00e0 Emmanchure Am\u00e9ricaine Wear Moi Aude - Balletto Dance Shop\" \/>\n<meta property=\"og:description\" content=\"Justaucorps \u00e0 col montant en Edition Limit\u00e9e avec un dessin plac\u00e9 identique sur toutes les tailles, pour une illusion visuelle parfaitement ma\u00eetris\u00e9e.\" \/>\n<meta property=\"og:url\" content=\"https:\/\/www.ballettodanceshop.com\/en\/justaucorps-with-a-us-armhole-worn-by-me-aude\/\" \/>\n<meta property=\"og:site_name\" content=\"Balletto Dance Shop\" \/>\n<meta property=\"article:publisher\" content=\"https:\/\/www.facebook.com\/Ballettodanceshop\/\" \/>\n<meta property=\"article:modified_time\" content=\"2026-04-29T09:45:54+00:00\" \/>\n<meta property=\"og:image\" content=\"https:\/\/www.ballettodanceshop.com\/wp-content\/uploads\/2026\/04\/Justaucorps_Wear_Moi_Aude.webp\" \/>\n\t<meta property=\"og:image:width\" content=\"700\" \/>\n\t<meta property=\"og:image:height\" content=\"1048\" \/>\n\t<meta property=\"og:image:type\" content=\"image\/webp\" \/>\n<meta name=\"twitter:card\" content=\"summary_large_image\" \/>\n<meta name=\"twitter:site\" content=\"@ballettodance\" \/>\n<meta name=\"twitter:label1\" content=\"Estimated reading time\" \/>\n\t<meta name=\"twitter:data1\" content=\"1 minute\" \/>\n<script type=\"application\/ld+json\" class=\"yoast-schema-graph\">{\"@context\":\"https:\\\/\\\/schema.org\",\"@graph\":[{\"@type\":\"WebPage\",\"@id\":\"https:\\\/\\\/www.ballettodanceshop.com\\\/justaucorps-a-emmanchure-americaine-wear-moi-aude\\\/\",\"url\":\"https:\\\/\\\/www.ballettodanceshop.com\\\/justaucorps-a-emmanchure-americaine-wear-moi-aude\\\/\",\"name\":\"Justaucorps \u00e0 Emmanchure Am\u00e9ricaine Wear Moi Aude - Balletto Dance Shop\",\"isPartOf\":{\"@id\":\"https:\\\/\\\/www.ballettodanceshop.com\\\/#website\"},\"primaryImageOfPage\":{\"@id\":\"https:\\\/\\\/www.ballettodanceshop.com\\\/justaucorps-a-emmanchure-americaine-wear-moi-aude\\\/#primaryimage\"},\"image\":{\"@id\":\"https:\\\/\\\/www.ballettodanceshop.com\\\/justaucorps-a-emmanchure-americaine-wear-moi-aude\\\/#primaryimage\"},\"thumbnailUrl\":\"https:\\\/\\\/www.ballettodanceshop.com\\\/wp-content\\\/uploads\\\/2026\\\/04\\\/Justaucorps_Wear_Moi_Aude.webp\",\"datePublished\":\"2026-04-29T09:45:52+00:00\",\"dateModified\":\"2026-04-29T09:45:54+00:00\",\"description\":\"Justaucorps \u00e0 col montant en Edition Limit\u00e9e avec un dessin plac\u00e9 identique sur toutes les tailles, pour une illusion visuelle parfaitement ma\u00eetris\u00e9e.\",\"breadcrumb\":{\"@id\":\"https:\\\/\\\/www.ballettodanceshop.com\\\/justaucorps-a-emmanchure-americaine-wear-moi-aude\\\/#breadcrumb\"},\"inLanguage\":\"en-GB\",\"potentialAction\":[{\"@type\":\"ReadAction\",\"target\":[\"https:\\\/\\\/www.ballettodanceshop.com\\\/justaucorps-a-emmanchure-americaine-wear-moi-aude\\\/\"]}]},{\"@type\":\"ImageObject\",\"inLanguage\":\"en-GB\",\"@id\":\"https:\\\/\\\/www.ballettodanceshop.com\\\/justaucorps-a-emmanchure-americaine-wear-moi-aude\\\/#primaryimage\",\"url\":\"https:\\\/\\\/www.ballettodanceshop.com\\\/wp-content\\\/uploads\\\/2026\\\/04\\\/Justaucorps_Wear_Moi_Aude.webp\",\"contentUrl\":\"https:\\\/\\\/www.ballettodanceshop.com\\\/wp-content\\\/uploads\\\/2026\\\/04\\\/Justaucorps_Wear_Moi_Aude.webp\",\"width\":700,\"height\":1048,\"caption\":\"Justaucorps \u00e0 Emmanchure Am\u00e9ricaine Wear Moi Aude\"},{\"@type\":\"BreadcrumbList\",\"@id\":\"https:\\\/\\\/www.ballettodanceshop.com\\\/justaucorps-a-emmanchure-americaine-wear-moi-aude\\\/#breadcrumb\",\"itemListElement\":[{\"@type\":\"ListItem\",\"position\":1,\"name\":\"Accueil\",\"item\":\"https:\\\/\\\/www.ballettodanceshop.com\\\/\"},{\"@type\":\"ListItem\",\"position\":2,\"name\":\"Produits\",\"item\":\"https:\\\/\\\/www.ballettodanceshop.com\\\/boutique\\\/\"},{\"@type\":\"ListItem\",\"position\":3,\"name\":\"Justaucorps \u00e0 Emmanchure Am\u00e9ricaine Wear Moi Aude\"}]},{\"@type\":\"WebSite\",\"@id\":\"https:\\\/\\\/www.ballettodanceshop.com\\\/#website\",\"url\":\"https:\\\/\\\/www.ballettodanceshop.com\\\/\",\"name\":\"Balletto Dance Shop\",\"description\":\"Keep Dancing !\",\"publisher\":{\"@id\":\"https:\\\/\\\/www.ballettodanceshop.com\\\/#organization\"},\"alternateName\":\"Balletto\",\"potentialAction\":[{\"@type\":\"SearchAction\",\"target\":{\"@type\":\"EntryPoint\",\"urlTemplate\":\"https:\\\/\\\/www.ballettodanceshop.com\\\/?s={search_term_string}\"},\"query-input\":{\"@type\":\"PropertyValueSpecification\",\"valueRequired\":true,\"valueName\":\"search_term_string\"}}],\"inLanguage\":\"en-GB\"},{\"@type\":\"Organization\",\"@id\":\"https:\\\/\\\/www.ballettodanceshop.com\\\/#organization\",\"name\":\"Balletto Dance Shop\",\"alternateName\":\"Balletto\",\"url\":\"https:\\\/\\\/www.ballettodanceshop.com\\\/\",\"logo\":{\"@type\":\"ImageObject\",\"inLanguage\":\"en-GB\",\"@id\":\"https:\\\/\\\/www.ballettodanceshop.com\\\/#\\\/schema\\\/logo\\\/image\\\/\",\"url\":\"https:\\\/\\\/www.ballettodanceshop.com\\\/wp-content\\\/uploads\\\/2025\\\/06\\\/LOGO-1.png\",\"contentUrl\":\"https:\\\/\\\/www.ballettodanceshop.com\\\/wp-content\\\/uploads\\\/2025\\\/06\\\/LOGO-1.png\",\"width\":508,\"height\":209,\"caption\":\"Balletto Dance Shop\"},\"image\":{\"@id\":\"https:\\\/\\\/www.ballettodanceshop.com\\\/#\\\/schema\\\/logo\\\/image\\\/\"},\"sameAs\":[\"https:\\\/\\\/www.facebook.com\\\/Ballettodanceshop\\\/\",\"https:\\\/\\\/x.com\\\/ballettodance\",\"https:\\\/\\\/www.tiktok.com\\\/@ballettodanceshop\",\"https:\\\/\\\/fr.linkedin.com\\\/company\\\/ballettodaneshop\",\"https:\\\/\\\/fr.pinterest.com\\\/ballettodanceshop\\\/\",\"https:\\\/\\\/www.threads.com\\\/@ballettodanceshop\",\"https:\\\/\\\/www.instagram.com\\\/ballettodanceshop\\\/\",\"https:\\\/\\\/www.youtube.com\\\/@ballettodanceshop\"]}]}<\/script>\n<!-- \/ Yoast SEO plugin. -->","yoast_head_json":{"title":"Justaucorps \u00e0 Manches Am\u00e9ricaines Wear Moi Aude - Balletto Dance Shop","description":"Limited edition high-neck doublet with a placed design that is identical across all sizes, creating a perfectly mastered visual illusion.","robots":{"index":"index","follow":"follow","max-snippet":"max-snippet:-1","max-image-preview":"max-image-preview:large","max-video-preview":"max-video-preview:-1"},"canonical":"https:\/\/www.ballettodanceshop.com\/en\/justaucorps-with-a-us-armhole-worn-by-me-aude\/","og_locale":"en_GB","og_type":"article","og_title":"Justaucorps \u00e0 Emmanchure Am\u00e9ricaine Wear Moi Aude - Balletto Dance Shop","og_description":"Justaucorps \u00e0 col montant en Edition Limit\u00e9e avec un dessin plac\u00e9 identique sur toutes les tailles, pour une illusion visuelle parfaitement ma\u00eetris\u00e9e.","og_url":"https:\/\/www.ballettodanceshop.com\/en\/justaucorps-with-a-us-armhole-worn-by-me-aude\/","og_site_name":"Balletto Dance Shop","article_publisher":"https:\/\/www.facebook.com\/Ballettodanceshop\/","article_modified_time":"2026-04-29T09:45:54+00:00","og_image":[{"width":700,"height":1048,"url":"https:\/\/www.ballettodanceshop.com\/wp-content\/uploads\/2026\/04\/Justaucorps_Wear_Moi_Aude.webp","type":"image\/webp"}],"twitter_card":"summary_large_image","twitter_site":"@ballettodance","twitter_misc":{"Estimated reading time":"1 minute"},"schema":{"@context":"https:\/\/schema.org","@graph":[{"@type":"WebPage","@id":"https:\/\/www.ballettodanceshop.com\/justaucorps-a-emmanchure-americaine-wear-moi-aude\/","url":"https:\/\/www.ballettodanceshop.com\/justaucorps-a-emmanchure-americaine-wear-moi-aude\/","name":"Justaucorps \u00e0 Manches Am\u00e9ricaines Wear Moi Aude - Balletto Dance Shop","isPartOf":{"@id":"https:\/\/www.ballettodanceshop.com\/#website"},"primaryImageOfPage":{"@id":"https:\/\/www.ballettodanceshop.com\/justaucorps-a-emmanchure-americaine-wear-moi-aude\/#primaryimage"},"image":{"@id":"https:\/\/www.ballettodanceshop.com\/justaucorps-a-emmanchure-americaine-wear-moi-aude\/#primaryimage"},"thumbnailUrl":"https:\/\/www.ballettodanceshop.com\/wp-content\/uploads\/2026\/04\/Justaucorps_Wear_Moi_Aude.webp","datePublished":"2026-04-29T09:45:52+00:00","dateModified":"2026-04-29T09:45:54+00:00","description":"Limited edition high-neck doublet with a placed design that is identical across all sizes, creating a perfectly mastered visual illusion.","breadcrumb":{"@id":"https:\/\/www.ballettodanceshop.com\/justaucorps-a-emmanchure-americaine-wear-moi-aude\/#breadcrumb"},"inLanguage":"en-GB","potentialAction":[{"@type":"ReadAction","target":["https:\/\/www.ballettodanceshop.com\/justaucorps-a-emmanchure-americaine-wear-moi-aude\/"]}]},{"@type":"ImageObject","inLanguage":"en-GB","@id":"https:\/\/www.ballettodanceshop.com\/justaucorps-a-emmanchure-americaine-wear-moi-aude\/#primaryimage","url":"https:\/\/www.ballettodanceshop.com\/wp-content\/uploads\/2026\/04\/Justaucorps_Wear_Moi_Aude.webp","contentUrl":"https:\/\/www.ballettodanceshop.com\/wp-content\/uploads\/2026\/04\/Justaucorps_Wear_Moi_Aude.webp","width":700,"height":1048,"caption":"Justaucorps \u00e0 Emmanchure Am\u00e9ricaine Wear Moi Aude"},{"@type":"BreadcrumbList","@id":"https:\/\/www.ballettodanceshop.com\/justaucorps-a-emmanchure-americaine-wear-moi-aude\/#breadcrumb","itemListElement":[{"@type":"ListItem","position":1,"name":"Accueil","item":"https:\/\/www.ballettodanceshop.com\/"},{"@type":"ListItem","position":2,"name":"Produits","item":"https:\/\/www.ballettodanceshop.com\/boutique\/"},{"@type":"ListItem","position":3,"name":"Justaucorps \u00e0 Emmanchure Am\u00e9ricaine Wear Moi Aude"}]},{"@type":"WebSite","@id":"https:\/\/www.ballettodanceshop.com\/#website","url":"https:\/\/www.ballettodanceshop.com\/","name":"Balletto Dance Shop","description":"Keep Dancing!","publisher":{"@id":"https:\/\/www.ballettodanceshop.com\/#organization"},"alternateName":"Balletto","potentialAction":[{"@type":"SearchAction","target":{"@type":"EntryPoint","urlTemplate":"https:\/\/www.ballettodanceshop.com\/?s={search_term_string}"},"query-input":{"@type":"PropertyValueSpecification","valueRequired":true,"valueName":"search_term_string"}}],"inLanguage":"en-GB"},{"@type":"Organization","@id":"https:\/\/www.ballettodanceshop.com\/#organization","name":"Balletto Dance Shop","alternateName":"Balletto","url":"https:\/\/www.ballettodanceshop.com\/","logo":{"@type":"ImageObject","inLanguage":"en-GB","@id":"https:\/\/www.ballettodanceshop.com\/#\/schema\/logo\/image\/","url":"https:\/\/www.ballettodanceshop.com\/wp-content\/uploads\/2025\/06\/LOGO-1.png","contentUrl":"https:\/\/www.ballettodanceshop.com\/wp-content\/uploads\/2025\/06\/LOGO-1.png","width":508,"height":209,"caption":"Balletto Dance Shop"},"image":{"@id":"https:\/\/www.ballettodanceshop.com\/#\/schema\/logo\/image\/"},"sameAs":["https:\/\/www.facebook.com\/Ballettodanceshop\/","https:\/\/x.com\/ballettodance","https:\/\/www.tiktok.com\/@ballettodanceshop","https:\/\/fr.linkedin.com\/company\/ballettodaneshop","https:\/\/fr.pinterest.com\/ballettodanceshop\/","https:\/\/www.threads.com\/@ballettodanceshop","https:\/\/www.instagram.com\/ballettodanceshop\/","https:\/\/www.youtube.com\/@ballettodanceshop"]}]}},"_links":{"self":[{"href":"https:\/\/www.ballettodanceshop.com\/en\/wp-json\/wp\/v2\/product\/84622","targetHints":{"allow":["GET"]}}],"collection":[{"href":"https:\/\/www.ballettodanceshop.com\/en\/wp-json\/wp\/v2\/product"}],"about":[{"href":"https:\/\/www.ballettodanceshop.com\/en\/wp-json\/wp\/v2\/types\/product"}],"replies":[{"embeddable":true,"href":"https:\/\/www.ballettodanceshop.com\/en\/wp-json\/wp\/v2\/comments?post=84622"}],"wp:featuredmedia":[{"embeddable":true,"href":"https:\/\/www.ballettodanceshop.com\/en\/wp-json\/wp\/v2\/media\/84627"}],"wp:attachment":[{"href":"https:\/\/www.ballettodanceshop.com\/en\/wp-json\/wp\/v2\/media?parent=84622"}],"wp:term":[{"taxonomy":"product_brand","embeddable":true,"href":"https:\/\/www.ballettodanceshop.com\/en\/wp-json\/wp\/v2\/product_brand?post=84622"},{"taxonomy":"product_cat","embeddable":true,"href":"https:\/\/www.ballettodanceshop.com\/en\/wp-json\/wp\/v2\/product_cat?post=84622"},{"taxonomy":"product_tag","embeddable":true,"href":"https:\/\/www.ballettodanceshop.com\/en\/wp-json\/wp\/v2\/product_tag?post=84622"}],"curies":[{"name":"wp","href":"https:\/\/api.w.org\/{rel}","templated":true}]}}