{"id":84608,"date":"2026-04-29T10:12:30","date_gmt":"2026-04-29T08:12:30","guid":{"rendered":"https:\/\/www.ballettodanceshop.com\/?post_type=product&#038;p=84608"},"modified":"2026-04-29T10:12:32","modified_gmt":"2026-04-29T08:12:32","slug":"full-sewing-kit","status":"publish","type":"product","link":"https:\/\/www.ballettodanceshop.com\/en\/kit-de-couture-complet\/","title":{"rendered":"Complete Sewing Kit"},"content":{"rendered":"<p><strong>Complete Sewing Kit<\/strong><\/p>\n<p>TH205<\/p>\n<pre id=\"tw-target-text\" class=\"tw-data-text tw-text-large tw-ta\" dir=\"ltr\" tabindex=\"-1\" role=\"text\" data-placeholder=\"Traduction\" data-ved=\"2ahUKEwiV-q-mypKUAxVqVKQEHfT7JWYQ3ewLegQIDBAV\" aria-label=\"T.\/ Sewing accessory kit with multi-coloured thread. Dimensions: 12.3 x 11.8 x 3 cm.\"><span class=\"Y2IQFc\" lang=\"fr\">Dimensions: 12.3 x 11.8 x 3 cm\r\n<\/span>Made in Italy<\/pre>","protected":false},"excerpt":{"rendered":"<p>Complete Sewing Kit for pointe shoes, demi-pointe shoes or other dance outfits is the ultimate accessory for every dancer.<\/p>\n<p>It has everything to prepare your pointe shoes and demi-pointe shoes for your dance classes. This kit doesn't take up much space in your dance bag.<\/p>\n<p>Le kit de couture qui vous accompagnera partout gr\u00e2ce \u00e0 son \u00e9tui \u00e0 fermeture zipp\u00e9e comprend:<\/p>\n<p>1 spool of pink polyester thread, 91m<\/p>\n<p>10 mini-reels of cotton thread, 7m each, including: 2 white, 2 black, 1 red, 1 light blue, 1 lavender, 1 brown, 1 blue, 1 pink.<\/p>\n<p>1 sewing needle kit of 16 pieces.<\/p>\n<p>Fine, discreet scissors.<\/p>\n<p>2 needle threaders, 2 buttons, 1 thimble, 1 tape measure, 2 pearl pins, 1 clasp pin, 1 thread cutter.<\/p>","protected":false},"featured_media":84610,"comment_status":"open","ping_status":"closed","template":"","meta":{"_acf_changed":false},"product_brand":[],"product_cat":[66,104,67,1031,1027,1025,1022,65,59,248,19,25,61,68,319,125,62],"product_tag":[790],"class_list":{"0":"post-84608","1":"product","2":"type-product","3":"status-publish","4":"has-post-thumbnail","6":"product_cat-accessoires-classique-filles","7":"product_cat-accessoires-athleisure","8":"product_cat-accessoires","9":"product_cat-ballet-pointe","10":"product_cat-chausson-de-ballet","11":"product_cat-chaussons-de-danse-classique","12":"product_cat-chaussons-pointes-de-danse-classique","13":"product_cat-classique-filles","14":"product_cat-concours-et-galas","15":"product_cat-demi-pointes","16":"product_cat-femmes","17":"product_cat-filles","18":"product_cat-idees-cadeaux","19":"product_cat-idees-cadeaux-filles","20":"product_cat-pointes","21":"product_cat-tech-dance","22":"product_cat-classique","23":"product_tag-livraison-1-a-2-semaines","25":"first","26":"instock","27":"taxable","28":"shipping-taxable","29":"purchasable","30":"product-type-simple"},"acf":[],"yoast_head":"<!-- This site is optimized with the Yoast SEO plugin v27.4 - https:\/\/yoast.com\/product\/yoast-seo-wordpress\/ -->\n<title>Kit de Couture Complet - Balletto Dance Shop<\/title>\n<meta name=\"description\" content=\"Ce kit de couture pour danseurs est l&#039;accessoire ultime. Il a tout pour pr\u00e9parer vos pointes et vos demi-pointes pour vos cours de danse. Etui zipp\u00e9.\" \/>\n<meta name=\"robots\" content=\"index, follow, max-snippet:-1, max-image-preview:large, max-video-preview:-1\" \/>\n<link rel=\"canonical\" href=\"https:\/\/www.ballettodanceshop.com\/en\/full-sewing-kit\/\" \/>\n<meta property=\"og:locale\" content=\"en_GB\" \/>\n<meta property=\"og:type\" content=\"article\" \/>\n<meta property=\"og:title\" content=\"Kit de Couture Complet - Balletto Dance Shop\" \/>\n<meta property=\"og:description\" content=\"Ce kit de couture pour danseurs est l&#039;accessoire ultime. Il a tout pour pr\u00e9parer vos pointes et vos demi-pointes pour vos cours de danse. Etui zipp\u00e9.\" \/>\n<meta property=\"og:url\" content=\"https:\/\/www.ballettodanceshop.com\/en\/full-sewing-kit\/\" \/>\n<meta property=\"og:site_name\" content=\"Balletto Dance Shop\" \/>\n<meta property=\"article:publisher\" content=\"https:\/\/www.facebook.com\/Ballettodanceshop\/\" \/>\n<meta property=\"article:modified_time\" content=\"2026-04-29T08:12:32+00:00\" \/>\n<meta property=\"og:image\" content=\"https:\/\/www.ballettodanceshop.com\/wp-content\/uploads\/2026\/04\/Kit_Couture_Complet_Danse.webp\" \/>\n\t<meta property=\"og:image:width\" content=\"1536\" \/>\n\t<meta property=\"og:image:height\" content=\"1024\" \/>\n\t<meta property=\"og:image:type\" content=\"image\/webp\" \/>\n<meta name=\"twitter:card\" content=\"summary_large_image\" \/>\n<meta name=\"twitter:site\" content=\"@ballettodance\" \/>\n<meta name=\"twitter:label1\" content=\"Estimated reading time\" \/>\n\t<meta name=\"twitter:data1\" content=\"1 minute\" \/>\n<script type=\"application\/ld+json\" class=\"yoast-schema-graph\">{\"@context\":\"https:\\\/\\\/schema.org\",\"@graph\":[{\"@type\":\"WebPage\",\"@id\":\"https:\\\/\\\/www.ballettodanceshop.com\\\/kit-de-couture-complet\\\/\",\"url\":\"https:\\\/\\\/www.ballettodanceshop.com\\\/kit-de-couture-complet\\\/\",\"name\":\"Kit de Couture Complet - Balletto Dance Shop\",\"isPartOf\":{\"@id\":\"https:\\\/\\\/www.ballettodanceshop.com\\\/#website\"},\"primaryImageOfPage\":{\"@id\":\"https:\\\/\\\/www.ballettodanceshop.com\\\/kit-de-couture-complet\\\/#primaryimage\"},\"image\":{\"@id\":\"https:\\\/\\\/www.ballettodanceshop.com\\\/kit-de-couture-complet\\\/#primaryimage\"},\"thumbnailUrl\":\"https:\\\/\\\/www.ballettodanceshop.com\\\/wp-content\\\/uploads\\\/2026\\\/04\\\/Kit_Couture_Complet_Danse.webp\",\"datePublished\":\"2026-04-29T08:12:30+00:00\",\"dateModified\":\"2026-04-29T08:12:32+00:00\",\"description\":\"Ce kit de couture pour danseurs est l'accessoire ultime. Il a tout pour pr\u00e9parer vos pointes et vos demi-pointes pour vos cours de danse. Etui zipp\u00e9.\",\"breadcrumb\":{\"@id\":\"https:\\\/\\\/www.ballettodanceshop.com\\\/kit-de-couture-complet\\\/#breadcrumb\"},\"inLanguage\":\"en-GB\",\"potentialAction\":[{\"@type\":\"ReadAction\",\"target\":[\"https:\\\/\\\/www.ballettodanceshop.com\\\/kit-de-couture-complet\\\/\"]}]},{\"@type\":\"ImageObject\",\"inLanguage\":\"en-GB\",\"@id\":\"https:\\\/\\\/www.ballettodanceshop.com\\\/kit-de-couture-complet\\\/#primaryimage\",\"url\":\"https:\\\/\\\/www.ballettodanceshop.com\\\/wp-content\\\/uploads\\\/2026\\\/04\\\/Kit_Couture_Complet_Danse.webp\",\"contentUrl\":\"https:\\\/\\\/www.ballettodanceshop.com\\\/wp-content\\\/uploads\\\/2026\\\/04\\\/Kit_Couture_Complet_Danse.webp\",\"width\":1536,\"height\":1024,\"caption\":\"Kit de couture pour danseurs\"},{\"@type\":\"BreadcrumbList\",\"@id\":\"https:\\\/\\\/www.ballettodanceshop.com\\\/kit-de-couture-complet\\\/#breadcrumb\",\"itemListElement\":[{\"@type\":\"ListItem\",\"position\":1,\"name\":\"Accueil\",\"item\":\"https:\\\/\\\/www.ballettodanceshop.com\\\/\"},{\"@type\":\"ListItem\",\"position\":2,\"name\":\"Produits\",\"item\":\"https:\\\/\\\/www.ballettodanceshop.com\\\/boutique\\\/\"},{\"@type\":\"ListItem\",\"position\":3,\"name\":\"Kit de Couture Complet\"}]},{\"@type\":\"WebSite\",\"@id\":\"https:\\\/\\\/www.ballettodanceshop.com\\\/#website\",\"url\":\"https:\\\/\\\/www.ballettodanceshop.com\\\/\",\"name\":\"Balletto Dance Shop\",\"description\":\"Keep Dancing !\",\"publisher\":{\"@id\":\"https:\\\/\\\/www.ballettodanceshop.com\\\/#organization\"},\"alternateName\":\"Balletto\",\"potentialAction\":[{\"@type\":\"SearchAction\",\"target\":{\"@type\":\"EntryPoint\",\"urlTemplate\":\"https:\\\/\\\/www.ballettodanceshop.com\\\/?s={search_term_string}\"},\"query-input\":{\"@type\":\"PropertyValueSpecification\",\"valueRequired\":true,\"valueName\":\"search_term_string\"}}],\"inLanguage\":\"en-GB\"},{\"@type\":\"Organization\",\"@id\":\"https:\\\/\\\/www.ballettodanceshop.com\\\/#organization\",\"name\":\"Balletto Dance Shop\",\"alternateName\":\"Balletto\",\"url\":\"https:\\\/\\\/www.ballettodanceshop.com\\\/\",\"logo\":{\"@type\":\"ImageObject\",\"inLanguage\":\"en-GB\",\"@id\":\"https:\\\/\\\/www.ballettodanceshop.com\\\/#\\\/schema\\\/logo\\\/image\\\/\",\"url\":\"https:\\\/\\\/www.ballettodanceshop.com\\\/wp-content\\\/uploads\\\/2025\\\/06\\\/LOGO-1.png\",\"contentUrl\":\"https:\\\/\\\/www.ballettodanceshop.com\\\/wp-content\\\/uploads\\\/2025\\\/06\\\/LOGO-1.png\",\"width\":508,\"height\":209,\"caption\":\"Balletto Dance Shop\"},\"image\":{\"@id\":\"https:\\\/\\\/www.ballettodanceshop.com\\\/#\\\/schema\\\/logo\\\/image\\\/\"},\"sameAs\":[\"https:\\\/\\\/www.facebook.com\\\/Ballettodanceshop\\\/\",\"https:\\\/\\\/x.com\\\/ballettodance\",\"https:\\\/\\\/www.tiktok.com\\\/@ballettodanceshop\",\"https:\\\/\\\/fr.linkedin.com\\\/company\\\/ballettodaneshop\",\"https:\\\/\\\/fr.pinterest.com\\\/ballettodanceshop\\\/\",\"https:\\\/\\\/www.threads.com\\\/@ballettodanceshop\",\"https:\\\/\\\/www.instagram.com\\\/ballettodanceshop\\\/\",\"https:\\\/\\\/www.youtube.com\\\/@ballettodanceshop\"]}]}<\/script>\n<!-- \/ Yoast SEO plugin. -->","yoast_head_json":{"title":"Full Sewing Kit - Balletto Dance Shop","description":"This sewing kit for dancers is the ultimate accessory. It has everything you need to prepare your pointe shoes and demi-pointe shoes for your dance classes. Zipped case.","robots":{"index":"index","follow":"follow","max-snippet":"max-snippet:-1","max-image-preview":"max-image-preview:large","max-video-preview":"max-video-preview:-1"},"canonical":"https:\/\/www.ballettodanceshop.com\/en\/full-sewing-kit\/","og_locale":"en_GB","og_type":"article","og_title":"Kit de Couture Complet - Balletto Dance Shop","og_description":"Ce kit de couture pour danseurs est l'accessoire ultime. Il a tout pour pr\u00e9parer vos pointes et vos demi-pointes pour vos cours de danse. Etui zipp\u00e9.","og_url":"https:\/\/www.ballettodanceshop.com\/en\/full-sewing-kit\/","og_site_name":"Balletto Dance Shop","article_publisher":"https:\/\/www.facebook.com\/Ballettodanceshop\/","article_modified_time":"2026-04-29T08:12:32+00:00","og_image":[{"width":1536,"height":1024,"url":"https:\/\/www.ballettodanceshop.com\/wp-content\/uploads\/2026\/04\/Kit_Couture_Complet_Danse.webp","type":"image\/webp"}],"twitter_card":"summary_large_image","twitter_site":"@ballettodance","twitter_misc":{"Estimated reading time":"1 minute"},"schema":{"@context":"https:\/\/schema.org","@graph":[{"@type":"WebPage","@id":"https:\/\/www.ballettodanceshop.com\/kit-de-couture-complet\/","url":"https:\/\/www.ballettodanceshop.com\/kit-de-couture-complet\/","name":"Full Sewing Kit - Balletto Dance Shop","isPartOf":{"@id":"https:\/\/www.ballettodanceshop.com\/#website"},"primaryImageOfPage":{"@id":"https:\/\/www.ballettodanceshop.com\/kit-de-couture-complet\/#primaryimage"},"image":{"@id":"https:\/\/www.ballettodanceshop.com\/kit-de-couture-complet\/#primaryimage"},"thumbnailUrl":"https:\/\/www.ballettodanceshop.com\/wp-content\/uploads\/2026\/04\/Kit_Couture_Complet_Danse.webp","datePublished":"2026-04-29T08:12:30+00:00","dateModified":"2026-04-29T08:12:32+00:00","description":"This sewing kit for dancers is the ultimate accessory. It has everything you need to prepare your pointe shoes and demi-pointe shoes for your dance classes. Zipped case.","breadcrumb":{"@id":"https:\/\/www.ballettodanceshop.com\/kit-de-couture-complet\/#breadcrumb"},"inLanguage":"en-GB","potentialAction":[{"@type":"ReadAction","target":["https:\/\/www.ballettodanceshop.com\/kit-de-couture-complet\/"]}]},{"@type":"ImageObject","inLanguage":"en-GB","@id":"https:\/\/www.ballettodanceshop.com\/kit-de-couture-complet\/#primaryimage","url":"https:\/\/www.ballettodanceshop.com\/wp-content\/uploads\/2026\/04\/Kit_Couture_Complet_Danse.webp","contentUrl":"https:\/\/www.ballettodanceshop.com\/wp-content\/uploads\/2026\/04\/Kit_Couture_Complet_Danse.webp","width":1536,"height":1024,"caption":"Kit de couture pour danseurs"},{"@type":"BreadcrumbList","@id":"https:\/\/www.ballettodanceshop.com\/kit-de-couture-complet\/#breadcrumb","itemListElement":[{"@type":"ListItem","position":1,"name":"Accueil","item":"https:\/\/www.ballettodanceshop.com\/"},{"@type":"ListItem","position":2,"name":"Produits","item":"https:\/\/www.ballettodanceshop.com\/boutique\/"},{"@type":"ListItem","position":3,"name":"Kit de Couture Complet"}]},{"@type":"WebSite","@id":"https:\/\/www.ballettodanceshop.com\/#website","url":"https:\/\/www.ballettodanceshop.com\/","name":"Balletto Dance Shop","description":"Keep Dancing!","publisher":{"@id":"https:\/\/www.ballettodanceshop.com\/#organization"},"alternateName":"Balletto","potentialAction":[{"@type":"SearchAction","target":{"@type":"EntryPoint","urlTemplate":"https:\/\/www.ballettodanceshop.com\/?s={search_term_string}"},"query-input":{"@type":"PropertyValueSpecification","valueRequired":true,"valueName":"search_term_string"}}],"inLanguage":"en-GB"},{"@type":"Organization","@id":"https:\/\/www.ballettodanceshop.com\/#organization","name":"Balletto Dance Shop","alternateName":"Balletto","url":"https:\/\/www.ballettodanceshop.com\/","logo":{"@type":"ImageObject","inLanguage":"en-GB","@id":"https:\/\/www.ballettodanceshop.com\/#\/schema\/logo\/image\/","url":"https:\/\/www.ballettodanceshop.com\/wp-content\/uploads\/2025\/06\/LOGO-1.png","contentUrl":"https:\/\/www.ballettodanceshop.com\/wp-content\/uploads\/2025\/06\/LOGO-1.png","width":508,"height":209,"caption":"Balletto Dance Shop"},"image":{"@id":"https:\/\/www.ballettodanceshop.com\/#\/schema\/logo\/image\/"},"sameAs":["https:\/\/www.facebook.com\/Ballettodanceshop\/","https:\/\/x.com\/ballettodance","https:\/\/www.tiktok.com\/@ballettodanceshop","https:\/\/fr.linkedin.com\/company\/ballettodaneshop","https:\/\/fr.pinterest.com\/ballettodanceshop\/","https:\/\/www.threads.com\/@ballettodanceshop","https:\/\/www.instagram.com\/ballettodanceshop\/","https:\/\/www.youtube.com\/@ballettodanceshop"]}]}},"_links":{"self":[{"href":"https:\/\/www.ballettodanceshop.com\/en\/wp-json\/wp\/v2\/product\/84608","targetHints":{"allow":["GET"]}}],"collection":[{"href":"https:\/\/www.ballettodanceshop.com\/en\/wp-json\/wp\/v2\/product"}],"about":[{"href":"https:\/\/www.ballettodanceshop.com\/en\/wp-json\/wp\/v2\/types\/product"}],"replies":[{"embeddable":true,"href":"https:\/\/www.ballettodanceshop.com\/en\/wp-json\/wp\/v2\/comments?post=84608"}],"wp:featuredmedia":[{"embeddable":true,"href":"https:\/\/www.ballettodanceshop.com\/en\/wp-json\/wp\/v2\/media\/84610"}],"wp:attachment":[{"href":"https:\/\/www.ballettodanceshop.com\/en\/wp-json\/wp\/v2\/media?parent=84608"}],"wp:term":[{"taxonomy":"product_brand","embeddable":true,"href":"https:\/\/www.ballettodanceshop.com\/en\/wp-json\/wp\/v2\/product_brand?post=84608"},{"taxonomy":"product_cat","embeddable":true,"href":"https:\/\/www.ballettodanceshop.com\/en\/wp-json\/wp\/v2\/product_cat?post=84608"},{"taxonomy":"product_tag","embeddable":true,"href":"https:\/\/www.ballettodanceshop.com\/en\/wp-json\/wp\/v2\/product_tag?post=84608"}],"curies":[{"name":"wp","href":"https:\/\/api.w.org\/{rel}","templated":true}]}}