{"id":84259,"date":"2026-04-16T22:15:25","date_gmt":"2026-04-16T20:15:25","guid":{"rendered":"https:\/\/www.ballettodanceshop.com\/?post_type=product&#038;p=84259"},"modified":"2026-04-18T07:33:44","modified_gmt":"2026-04-18T05:33:44","slug":"so-danca-theatrical-footlight-character-shoes","status":"publish","type":"product","link":"https:\/\/www.ballettodanceshop.com\/en\/chaussures-de-caractere-so-danca-theatrical-footlight\/","title":{"rendered":"So Dan\u00e7a Theatrical Footlight Character Shoes"},"content":{"rendered":"<p><strong>So Dan\u00e7a Theatrical Footlight Character Shoes<\/strong><\/p>\n<p>So Dance CH53<\/p>\n<p>Full-grain leather stem of quality<\/p>\n<p>Padded insole with arch cookie support\u2018<\/p>\n<p>Moisture-wicking brushed microfibre double layer<\/p>\n<p>Anti-slip heel support with Achilles notch for pressure relief and increased comfort<\/p>\n<p><strong>Talon de 7.62 cm avec dessus en cuir<\/strong><\/p>\n<p>Grooved leather sole<\/p>","protected":false},"excerpt":{"rendered":"<p>Character, Cabaret and Theatre Dance Shoes designed by the famous international dance brand So Dan\u00e7a<\/p>\n<p>Their incredible comfort makes them perfect partners for many dance styles.<\/p>\n<p>Leather allows your feet to breathe and prevents moisture.<\/p>\n<p>Chic and feminine, these So Dan\u00e7a dance shoes are ideal for Ballroom, Salsa, Tango, Flamenco, Social and Character Dances, Cabaret, and Theatre.<\/p>\n<p>Heel Height: 3 inches<\/p>","protected":false},"featured_media":84282,"comment_status":"open","ping_status":"closed","template":"","meta":{"_acf_changed":false},"product_brand":[],"product_cat":[271,142,246,113,19,1033],"product_tag":[790],"class_list":{"0":"post-84259","1":"product","2":"type-product","3":"status-publish","4":"has-post-thumbnail","6":"product_cat-chaussures","7":"product_cat-chaussures-danses-latines","8":"product_cat-caractere","9":"product_cat-danses-latines","10":"product_cat-femmes","11":"product_cat-so-danca","12":"product_tag-livraison-1-a-2-semaines","14":"first","15":"instock","16":"taxable","17":"shipping-taxable","18":"purchasable","19":"product-type-variable"},"acf":[],"yoast_head":"<!-- This site is optimized with the Yoast SEO plugin v27.4 - https:\/\/yoast.com\/product\/yoast-seo-wordpress\/ -->\n<title>Chaussures de Caract\u00e8re So Dan\u00e7a Theatrical Footlight - Balletto Dance Shop<\/title>\n<meta name=\"description\" content=\"Chaussures de Danse de Caract\u00e8re et de Cabaret tr\u00e8s f\u00e9minines con\u00e7ues par So Dan\u00e7a. Hauteur de Talon 7.5cm assez stables et de grands confort.\" \/>\n<meta name=\"robots\" content=\"index, follow, max-snippet:-1, max-image-preview:large, max-video-preview:-1\" \/>\n<link rel=\"canonical\" href=\"https:\/\/www.ballettodanceshop.com\/en\/so-danca-theatrical-footlight-character-shoes\/\" \/>\n<meta property=\"og:locale\" content=\"en_GB\" \/>\n<meta property=\"og:type\" content=\"article\" \/>\n<meta property=\"og:title\" content=\"Chaussures de Caract\u00e8re So Dan\u00e7a Theatrical Footlight - Balletto Dance Shop\" \/>\n<meta property=\"og:description\" content=\"Chaussures de Danse de Caract\u00e8re et de Cabaret tr\u00e8s f\u00e9minines con\u00e7ues par So Dan\u00e7a. Hauteur de Talon 7.5cm assez stables et de grands confort.\" \/>\n<meta property=\"og:url\" content=\"https:\/\/www.ballettodanceshop.com\/en\/so-danca-theatrical-footlight-character-shoes\/\" \/>\n<meta property=\"og:site_name\" content=\"Balletto Dance Shop\" \/>\n<meta property=\"article:publisher\" content=\"https:\/\/www.facebook.com\/Ballettodanceshop\/\" \/>\n<meta property=\"article:modified_time\" content=\"2026-04-18T05:33:44+00:00\" \/>\n<meta property=\"og:image\" content=\"https:\/\/www.ballettodanceshop.com\/wp-content\/uploads\/2026\/04\/Chaussures_Caractere_Capezio_656_Blk.webp\" \/>\n\t<meta property=\"og:image:width\" content=\"1080\" \/>\n\t<meta property=\"og:image:height\" content=\"1440\" \/>\n\t<meta property=\"og:image:type\" content=\"image\/webp\" \/>\n<meta name=\"twitter:card\" content=\"summary_large_image\" \/>\n<meta name=\"twitter:site\" content=\"@ballettodance\" \/>\n<meta name=\"twitter:label1\" content=\"Estimated reading time\" \/>\n\t<meta name=\"twitter:data1\" content=\"1 minute\" \/>\n<script type=\"application\/ld+json\" class=\"yoast-schema-graph\">{\"@context\":\"https:\\\/\\\/schema.org\",\"@graph\":[{\"@type\":\"WebPage\",\"@id\":\"https:\\\/\\\/www.ballettodanceshop.com\\\/chaussures-de-caractere-so-danca-theatrical-footlight\\\/\",\"url\":\"https:\\\/\\\/www.ballettodanceshop.com\\\/chaussures-de-caractere-so-danca-theatrical-footlight\\\/\",\"name\":\"Chaussures de Caract\u00e8re So Dan\u00e7a Theatrical Footlight - Balletto Dance Shop\",\"isPartOf\":{\"@id\":\"https:\\\/\\\/www.ballettodanceshop.com\\\/#website\"},\"primaryImageOfPage\":{\"@id\":\"https:\\\/\\\/www.ballettodanceshop.com\\\/chaussures-de-caractere-so-danca-theatrical-footlight\\\/#primaryimage\"},\"image\":{\"@id\":\"https:\\\/\\\/www.ballettodanceshop.com\\\/chaussures-de-caractere-so-danca-theatrical-footlight\\\/#primaryimage\"},\"thumbnailUrl\":\"https:\\\/\\\/www.ballettodanceshop.com\\\/wp-content\\\/uploads\\\/2026\\\/04\\\/Chaussures_Caractere_Capezio_656_Blk.webp\",\"datePublished\":\"2026-04-16T20:15:25+00:00\",\"dateModified\":\"2026-04-18T05:33:44+00:00\",\"description\":\"Chaussures de Danse de Caract\u00e8re et de Cabaret tr\u00e8s f\u00e9minines con\u00e7ues par So Dan\u00e7a. Hauteur de Talon 7.5cm assez stables et de grands confort.\",\"breadcrumb\":{\"@id\":\"https:\\\/\\\/www.ballettodanceshop.com\\\/chaussures-de-caractere-so-danca-theatrical-footlight\\\/#breadcrumb\"},\"inLanguage\":\"en-GB\",\"potentialAction\":[{\"@type\":\"ReadAction\",\"target\":[\"https:\\\/\\\/www.ballettodanceshop.com\\\/chaussures-de-caractere-so-danca-theatrical-footlight\\\/\"]}]},{\"@type\":\"ImageObject\",\"inLanguage\":\"en-GB\",\"@id\":\"https:\\\/\\\/www.ballettodanceshop.com\\\/chaussures-de-caractere-so-danca-theatrical-footlight\\\/#primaryimage\",\"url\":\"https:\\\/\\\/www.ballettodanceshop.com\\\/wp-content\\\/uploads\\\/2026\\\/04\\\/Chaussures_Caractere_Capezio_656_Blk.webp\",\"contentUrl\":\"https:\\\/\\\/www.ballettodanceshop.com\\\/wp-content\\\/uploads\\\/2026\\\/04\\\/Chaussures_Caractere_Capezio_656_Blk.webp\",\"width\":1080,\"height\":1440,\"caption\":\"Chaussures de Danse de Caract\u00e8re So Dan\u00e7a Theatrical Footlight\"},{\"@type\":\"BreadcrumbList\",\"@id\":\"https:\\\/\\\/www.ballettodanceshop.com\\\/chaussures-de-caractere-so-danca-theatrical-footlight\\\/#breadcrumb\",\"itemListElement\":[{\"@type\":\"ListItem\",\"position\":1,\"name\":\"Accueil\",\"item\":\"https:\\\/\\\/www.ballettodanceshop.com\\\/\"},{\"@type\":\"ListItem\",\"position\":2,\"name\":\"Produits\",\"item\":\"https:\\\/\\\/www.ballettodanceshop.com\\\/boutique\\\/\"},{\"@type\":\"ListItem\",\"position\":3,\"name\":\"Chaussures de Caract\u00e8re So Dan\u00e7a Theatrical Footlight\"}]},{\"@type\":\"WebSite\",\"@id\":\"https:\\\/\\\/www.ballettodanceshop.com\\\/#website\",\"url\":\"https:\\\/\\\/www.ballettodanceshop.com\\\/\",\"name\":\"Balletto Dance Shop\",\"description\":\"Keep Dancing !\",\"publisher\":{\"@id\":\"https:\\\/\\\/www.ballettodanceshop.com\\\/#organization\"},\"alternateName\":\"Balletto\",\"potentialAction\":[{\"@type\":\"SearchAction\",\"target\":{\"@type\":\"EntryPoint\",\"urlTemplate\":\"https:\\\/\\\/www.ballettodanceshop.com\\\/?s={search_term_string}\"},\"query-input\":{\"@type\":\"PropertyValueSpecification\",\"valueRequired\":true,\"valueName\":\"search_term_string\"}}],\"inLanguage\":\"en-GB\"},{\"@type\":\"Organization\",\"@id\":\"https:\\\/\\\/www.ballettodanceshop.com\\\/#organization\",\"name\":\"Balletto Dance Shop\",\"alternateName\":\"Balletto\",\"url\":\"https:\\\/\\\/www.ballettodanceshop.com\\\/\",\"logo\":{\"@type\":\"ImageObject\",\"inLanguage\":\"en-GB\",\"@id\":\"https:\\\/\\\/www.ballettodanceshop.com\\\/#\\\/schema\\\/logo\\\/image\\\/\",\"url\":\"https:\\\/\\\/www.ballettodanceshop.com\\\/wp-content\\\/uploads\\\/2025\\\/06\\\/LOGO-1.png\",\"contentUrl\":\"https:\\\/\\\/www.ballettodanceshop.com\\\/wp-content\\\/uploads\\\/2025\\\/06\\\/LOGO-1.png\",\"width\":508,\"height\":209,\"caption\":\"Balletto Dance Shop\"},\"image\":{\"@id\":\"https:\\\/\\\/www.ballettodanceshop.com\\\/#\\\/schema\\\/logo\\\/image\\\/\"},\"sameAs\":[\"https:\\\/\\\/www.facebook.com\\\/Ballettodanceshop\\\/\",\"https:\\\/\\\/x.com\\\/ballettodance\",\"https:\\\/\\\/www.tiktok.com\\\/@ballettodanceshop\",\"https:\\\/\\\/fr.linkedin.com\\\/company\\\/ballettodaneshop\",\"https:\\\/\\\/fr.pinterest.com\\\/ballettodanceshop\\\/\",\"https:\\\/\\\/www.threads.com\\\/@ballettodanceshop\",\"https:\\\/\\\/www.instagram.com\\\/ballettodanceshop\\\/\",\"https:\\\/\\\/www.youtube.com\\\/@ballettodanceshop\"]}]}<\/script>\n<!-- \/ Yoast SEO plugin. -->","yoast_head_json":{"title":"So Dan\u00e7a Character Shoes Theatrical Footlight - Balletto Dance Shop","description":"Very feminine Character and Cabaret Dancing Shoes designed by So Dan\u00e7a. Heel height 7.5cm, quite stable and very comfortable.","robots":{"index":"index","follow":"follow","max-snippet":"max-snippet:-1","max-image-preview":"max-image-preview:large","max-video-preview":"max-video-preview:-1"},"canonical":"https:\/\/www.ballettodanceshop.com\/en\/so-danca-theatrical-footlight-character-shoes\/","og_locale":"en_GB","og_type":"article","og_title":"Chaussures de Caract\u00e8re So Dan\u00e7a Theatrical Footlight - Balletto Dance Shop","og_description":"Chaussures de Danse de Caract\u00e8re et de Cabaret tr\u00e8s f\u00e9minines con\u00e7ues par So Dan\u00e7a. Hauteur de Talon 7.5cm assez stables et de grands confort.","og_url":"https:\/\/www.ballettodanceshop.com\/en\/so-danca-theatrical-footlight-character-shoes\/","og_site_name":"Balletto Dance Shop","article_publisher":"https:\/\/www.facebook.com\/Ballettodanceshop\/","article_modified_time":"2026-04-18T05:33:44+00:00","og_image":[{"width":1080,"height":1440,"url":"https:\/\/www.ballettodanceshop.com\/wp-content\/uploads\/2026\/04\/Chaussures_Caractere_Capezio_656_Blk.webp","type":"image\/webp"}],"twitter_card":"summary_large_image","twitter_site":"@ballettodance","twitter_misc":{"Estimated reading time":"1 minute"},"schema":{"@context":"https:\/\/schema.org","@graph":[{"@type":"WebPage","@id":"https:\/\/www.ballettodanceshop.com\/chaussures-de-caractere-so-danca-theatrical-footlight\/","url":"https:\/\/www.ballettodanceshop.com\/chaussures-de-caractere-so-danca-theatrical-footlight\/","name":"So Dan\u00e7a Character Shoes Theatrical Footlight - Balletto Dance Shop","isPartOf":{"@id":"https:\/\/www.ballettodanceshop.com\/#website"},"primaryImageOfPage":{"@id":"https:\/\/www.ballettodanceshop.com\/chaussures-de-caractere-so-danca-theatrical-footlight\/#primaryimage"},"image":{"@id":"https:\/\/www.ballettodanceshop.com\/chaussures-de-caractere-so-danca-theatrical-footlight\/#primaryimage"},"thumbnailUrl":"https:\/\/www.ballettodanceshop.com\/wp-content\/uploads\/2026\/04\/Chaussures_Caractere_Capezio_656_Blk.webp","datePublished":"2026-04-16T20:15:25+00:00","dateModified":"2026-04-18T05:33:44+00:00","description":"Very feminine Character and Cabaret Dancing Shoes designed by So Dan\u00e7a. Heel height 7.5cm, quite stable and very comfortable.","breadcrumb":{"@id":"https:\/\/www.ballettodanceshop.com\/chaussures-de-caractere-so-danca-theatrical-footlight\/#breadcrumb"},"inLanguage":"en-GB","potentialAction":[{"@type":"ReadAction","target":["https:\/\/www.ballettodanceshop.com\/chaussures-de-caractere-so-danca-theatrical-footlight\/"]}]},{"@type":"ImageObject","inLanguage":"en-GB","@id":"https:\/\/www.ballettodanceshop.com\/chaussures-de-caractere-so-danca-theatrical-footlight\/#primaryimage","url":"https:\/\/www.ballettodanceshop.com\/wp-content\/uploads\/2026\/04\/Chaussures_Caractere_Capezio_656_Blk.webp","contentUrl":"https:\/\/www.ballettodanceshop.com\/wp-content\/uploads\/2026\/04\/Chaussures_Caractere_Capezio_656_Blk.webp","width":1080,"height":1440,"caption":"Chaussures de Danse de Caract\u00e8re So Dan\u00e7a Theatrical Footlight"},{"@type":"BreadcrumbList","@id":"https:\/\/www.ballettodanceshop.com\/chaussures-de-caractere-so-danca-theatrical-footlight\/#breadcrumb","itemListElement":[{"@type":"ListItem","position":1,"name":"Accueil","item":"https:\/\/www.ballettodanceshop.com\/"},{"@type":"ListItem","position":2,"name":"Produits","item":"https:\/\/www.ballettodanceshop.com\/boutique\/"},{"@type":"ListItem","position":3,"name":"Chaussures de Caract\u00e8re So Dan\u00e7a Theatrical Footlight"}]},{"@type":"WebSite","@id":"https:\/\/www.ballettodanceshop.com\/#website","url":"https:\/\/www.ballettodanceshop.com\/","name":"Balletto Dance Shop","description":"Keep Dancing!","publisher":{"@id":"https:\/\/www.ballettodanceshop.com\/#organization"},"alternateName":"Balletto","potentialAction":[{"@type":"SearchAction","target":{"@type":"EntryPoint","urlTemplate":"https:\/\/www.ballettodanceshop.com\/?s={search_term_string}"},"query-input":{"@type":"PropertyValueSpecification","valueRequired":true,"valueName":"search_term_string"}}],"inLanguage":"en-GB"},{"@type":"Organization","@id":"https:\/\/www.ballettodanceshop.com\/#organization","name":"Balletto Dance Shop","alternateName":"Balletto","url":"https:\/\/www.ballettodanceshop.com\/","logo":{"@type":"ImageObject","inLanguage":"en-GB","@id":"https:\/\/www.ballettodanceshop.com\/#\/schema\/logo\/image\/","url":"https:\/\/www.ballettodanceshop.com\/wp-content\/uploads\/2025\/06\/LOGO-1.png","contentUrl":"https:\/\/www.ballettodanceshop.com\/wp-content\/uploads\/2025\/06\/LOGO-1.png","width":508,"height":209,"caption":"Balletto Dance Shop"},"image":{"@id":"https:\/\/www.ballettodanceshop.com\/#\/schema\/logo\/image\/"},"sameAs":["https:\/\/www.facebook.com\/Ballettodanceshop\/","https:\/\/x.com\/ballettodance","https:\/\/www.tiktok.com\/@ballettodanceshop","https:\/\/fr.linkedin.com\/company\/ballettodaneshop","https:\/\/fr.pinterest.com\/ballettodanceshop\/","https:\/\/www.threads.com\/@ballettodanceshop","https:\/\/www.instagram.com\/ballettodanceshop\/","https:\/\/www.youtube.com\/@ballettodanceshop"]}]}},"_links":{"self":[{"href":"https:\/\/www.ballettodanceshop.com\/en\/wp-json\/wp\/v2\/product\/84259","targetHints":{"allow":["GET"]}}],"collection":[{"href":"https:\/\/www.ballettodanceshop.com\/en\/wp-json\/wp\/v2\/product"}],"about":[{"href":"https:\/\/www.ballettodanceshop.com\/en\/wp-json\/wp\/v2\/types\/product"}],"replies":[{"embeddable":true,"href":"https:\/\/www.ballettodanceshop.com\/en\/wp-json\/wp\/v2\/comments?post=84259"}],"wp:featuredmedia":[{"embeddable":true,"href":"https:\/\/www.ballettodanceshop.com\/en\/wp-json\/wp\/v2\/media\/84282"}],"wp:attachment":[{"href":"https:\/\/www.ballettodanceshop.com\/en\/wp-json\/wp\/v2\/media?parent=84259"}],"wp:term":[{"taxonomy":"product_brand","embeddable":true,"href":"https:\/\/www.ballettodanceshop.com\/en\/wp-json\/wp\/v2\/product_brand?post=84259"},{"taxonomy":"product_cat","embeddable":true,"href":"https:\/\/www.ballettodanceshop.com\/en\/wp-json\/wp\/v2\/product_cat?post=84259"},{"taxonomy":"product_tag","embeddable":true,"href":"https:\/\/www.ballettodanceshop.com\/en\/wp-json\/wp\/v2\/product_tag?post=84259"}],"curies":[{"name":"wp","href":"https:\/\/api.w.org\/{rel}","templated":true}]}}