{"id":84177,"date":"2026-04-14T18:41:41","date_gmt":"2026-04-14T16:41:41","guid":{"rendered":"https:\/\/www.ballettodanceshop.com\/?post_type=product&#038;p=84177"},"modified":"2026-04-16T15:02:29","modified_gmt":"2026-04-16T13:02:29","slug":"justaucorps-tutu-so-danca-loretta","status":"publish","type":"product","link":"https:\/\/www.ballettodanceshop.com\/en\/justaucorps-tutu-so-danca-loretta\/","title":{"rendered":"Justaucorps Tutu So Dan\u00e7a Loretta"},"content":{"rendered":"<p><strong>Justaucorps Tutu So Dan\u00e7a Loretta<\/strong><\/p>\n<p><span dir=\"auto\">Microfibre<\/span><\/p>\n<p><span dir=\"auto\">Mesh insert on the chest<\/span><\/p>\n<p><span dir=\"auto\">Adjustable shoulder straps<\/span><\/p>\n<p><span dir=\"auto\">Fully lined in front<\/span><\/p>","protected":false},"excerpt":{"rendered":"<p>A stage leotard that is both understated and chic, and is one of the brand's iconic pieces.<\/p>\n<p>The deep V-neck design with princess seams is supported by a mesh insert to ensure maximum mobility, while remaining fashionable.<\/p>\n<p>Ce Justaucorps de danse classique est parfait comme corps de Tutu. Ses bretelles fines sont r\u00e9glables et amovibles, ce qui vous permet un essayage parfait.<\/p>\n<p>&nbsp;<\/p>","protected":false},"featured_media":84190,"comment_status":"open","ping_status":"closed","template":"","meta":{"_acf_changed":false},"product_brand":[],"product_cat":[59,985,19,950,949,144,952,1033,62],"product_tag":[792],"class_list":{"0":"post-84177","1":"product","2":"type-product","3":"status-publish","4":"has-post-thumbnail","6":"product_cat-concours-et-galas","7":"product_cat-costumes-de-scene","8":"product_cat-femmes","9":"product_cat-justaucorps-blanc","10":"product_cat-justaucorps-de-danse","11":"product_cat-justaucorps-tuniques","12":"product_cat-justaucorps-noir","13":"product_cat-so-danca","14":"product_cat-classique","15":"product_tag-livraison-sous-2-a-3-semaines","17":"first","18":"instock","19":"taxable","20":"shipping-taxable","21":"purchasable","22":"product-type-variable"},"acf":[],"yoast_head":"<!-- This site is optimized with the Yoast SEO plugin v27.4 - https:\/\/yoast.com\/product\/yoast-seo-wordpress\/ -->\n<title>Justaucorps Tutu So Dan\u00e7a Loretta - Balletto Dance Shop<\/title>\n<meta name=\"description\" content=\"Justaucorps de sc\u00e8ne \u00e0 prix doux. Assez moderne pour vous laisser mettre votre propre tutu. D\u00e9collet\u00e9 plongeant couleur chair. Bretelles fines r\u00e9glables.\" \/>\n<meta name=\"robots\" content=\"index, follow, max-snippet:-1, max-image-preview:large, max-video-preview:-1\" \/>\n<link rel=\"canonical\" href=\"https:\/\/www.ballettodanceshop.com\/en\/justaucorps-tutu-so-danca-loretta\/\" \/>\n<meta property=\"og:locale\" content=\"en_GB\" \/>\n<meta property=\"og:type\" content=\"article\" \/>\n<meta property=\"og:title\" content=\"Justaucorps Tutu So Dan\u00e7a Loretta - Balletto Dance Shop\" \/>\n<meta property=\"og:description\" content=\"Justaucorps de sc\u00e8ne \u00e0 prix doux. Assez moderne pour vous laisser mettre votre propre tutu. D\u00e9collet\u00e9 plongeant couleur chair. Bretelles fines r\u00e9glables.\" \/>\n<meta property=\"og:url\" content=\"https:\/\/www.ballettodanceshop.com\/en\/justaucorps-tutu-so-danca-loretta\/\" \/>\n<meta property=\"og:site_name\" content=\"Balletto Dance Shop\" \/>\n<meta property=\"article:publisher\" content=\"https:\/\/www.facebook.com\/Ballettodanceshop\/\" \/>\n<meta property=\"article:modified_time\" content=\"2026-04-16T13:02:29+00:00\" \/>\n<meta property=\"og:image\" content=\"https:\/\/www.ballettodanceshop.com\/wp-content\/uploads\/2026\/04\/Justaucorps_Sodanca_SL22.webp\" \/>\n\t<meta property=\"og:image:width\" content=\"1600\" \/>\n\t<meta property=\"og:image:height\" content=\"1600\" \/>\n\t<meta property=\"og:image:type\" content=\"image\/webp\" \/>\n<meta name=\"twitter:card\" content=\"summary_large_image\" \/>\n<meta name=\"twitter:site\" content=\"@ballettodance\" \/>\n<meta name=\"twitter:label1\" content=\"Estimated reading time\" \/>\n\t<meta name=\"twitter:data1\" content=\"1 minute\" \/>\n<script type=\"application\/ld+json\" class=\"yoast-schema-graph\">{\"@context\":\"https:\\\/\\\/schema.org\",\"@graph\":[{\"@type\":\"WebPage\",\"@id\":\"https:\\\/\\\/www.ballettodanceshop.com\\\/justaucorps-tutu-so-danca-loretta\\\/\",\"url\":\"https:\\\/\\\/www.ballettodanceshop.com\\\/justaucorps-tutu-so-danca-loretta\\\/\",\"name\":\"Justaucorps Tutu So Dan\u00e7a Loretta - Balletto Dance Shop\",\"isPartOf\":{\"@id\":\"https:\\\/\\\/www.ballettodanceshop.com\\\/#website\"},\"primaryImageOfPage\":{\"@id\":\"https:\\\/\\\/www.ballettodanceshop.com\\\/justaucorps-tutu-so-danca-loretta\\\/#primaryimage\"},\"image\":{\"@id\":\"https:\\\/\\\/www.ballettodanceshop.com\\\/justaucorps-tutu-so-danca-loretta\\\/#primaryimage\"},\"thumbnailUrl\":\"https:\\\/\\\/www.ballettodanceshop.com\\\/wp-content\\\/uploads\\\/2026\\\/04\\\/Justaucorps_Sodanca_SL22.webp\",\"datePublished\":\"2026-04-14T16:41:41+00:00\",\"dateModified\":\"2026-04-16T13:02:29+00:00\",\"description\":\"Justaucorps de sc\u00e8ne \u00e0 prix doux. Assez moderne pour vous laisser mettre votre propre tutu. D\u00e9collet\u00e9 plongeant couleur chair. Bretelles fines r\u00e9glables.\",\"breadcrumb\":{\"@id\":\"https:\\\/\\\/www.ballettodanceshop.com\\\/justaucorps-tutu-so-danca-loretta\\\/#breadcrumb\"},\"inLanguage\":\"en-GB\",\"potentialAction\":[{\"@type\":\"ReadAction\",\"target\":[\"https:\\\/\\\/www.ballettodanceshop.com\\\/justaucorps-tutu-so-danca-loretta\\\/\"]}]},{\"@type\":\"ImageObject\",\"inLanguage\":\"en-GB\",\"@id\":\"https:\\\/\\\/www.ballettodanceshop.com\\\/justaucorps-tutu-so-danca-loretta\\\/#primaryimage\",\"url\":\"https:\\\/\\\/www.ballettodanceshop.com\\\/wp-content\\\/uploads\\\/2026\\\/04\\\/Justaucorps_Sodanca_SL22.webp\",\"contentUrl\":\"https:\\\/\\\/www.ballettodanceshop.com\\\/wp-content\\\/uploads\\\/2026\\\/04\\\/Justaucorps_Sodanca_SL22.webp\",\"width\":1600,\"height\":1600,\"caption\":\"Justaucorps de sc\u00e8ne So Dan\u00e7a Loretta Noir\"},{\"@type\":\"BreadcrumbList\",\"@id\":\"https:\\\/\\\/www.ballettodanceshop.com\\\/justaucorps-tutu-so-danca-loretta\\\/#breadcrumb\",\"itemListElement\":[{\"@type\":\"ListItem\",\"position\":1,\"name\":\"Accueil\",\"item\":\"https:\\\/\\\/www.ballettodanceshop.com\\\/\"},{\"@type\":\"ListItem\",\"position\":2,\"name\":\"Produits\",\"item\":\"https:\\\/\\\/www.ballettodanceshop.com\\\/boutique\\\/\"},{\"@type\":\"ListItem\",\"position\":3,\"name\":\"Justaucorps Tutu So Dan\u00e7a Loretta\"}]},{\"@type\":\"WebSite\",\"@id\":\"https:\\\/\\\/www.ballettodanceshop.com\\\/#website\",\"url\":\"https:\\\/\\\/www.ballettodanceshop.com\\\/\",\"name\":\"Balletto Dance Shop\",\"description\":\"Keep Dancing !\",\"publisher\":{\"@id\":\"https:\\\/\\\/www.ballettodanceshop.com\\\/#organization\"},\"alternateName\":\"Balletto\",\"potentialAction\":[{\"@type\":\"SearchAction\",\"target\":{\"@type\":\"EntryPoint\",\"urlTemplate\":\"https:\\\/\\\/www.ballettodanceshop.com\\\/?s={search_term_string}\"},\"query-input\":{\"@type\":\"PropertyValueSpecification\",\"valueRequired\":true,\"valueName\":\"search_term_string\"}}],\"inLanguage\":\"en-GB\"},{\"@type\":\"Organization\",\"@id\":\"https:\\\/\\\/www.ballettodanceshop.com\\\/#organization\",\"name\":\"Balletto Dance Shop\",\"alternateName\":\"Balletto\",\"url\":\"https:\\\/\\\/www.ballettodanceshop.com\\\/\",\"logo\":{\"@type\":\"ImageObject\",\"inLanguage\":\"en-GB\",\"@id\":\"https:\\\/\\\/www.ballettodanceshop.com\\\/#\\\/schema\\\/logo\\\/image\\\/\",\"url\":\"https:\\\/\\\/www.ballettodanceshop.com\\\/wp-content\\\/uploads\\\/2025\\\/06\\\/LOGO-1.png\",\"contentUrl\":\"https:\\\/\\\/www.ballettodanceshop.com\\\/wp-content\\\/uploads\\\/2025\\\/06\\\/LOGO-1.png\",\"width\":508,\"height\":209,\"caption\":\"Balletto Dance Shop\"},\"image\":{\"@id\":\"https:\\\/\\\/www.ballettodanceshop.com\\\/#\\\/schema\\\/logo\\\/image\\\/\"},\"sameAs\":[\"https:\\\/\\\/www.facebook.com\\\/Ballettodanceshop\\\/\",\"https:\\\/\\\/x.com\\\/ballettodance\",\"https:\\\/\\\/www.tiktok.com\\\/@ballettodanceshop\",\"https:\\\/\\\/fr.linkedin.com\\\/company\\\/ballettodaneshop\",\"https:\\\/\\\/fr.pinterest.com\\\/ballettodanceshop\\\/\",\"https:\\\/\\\/www.threads.com\\\/@ballettodanceshop\",\"https:\\\/\\\/www.instagram.com\\\/ballettodanceshop\\\/\",\"https:\\\/\\\/www.youtube.com\\\/@ballettodanceshop\"]}]}<\/script>\n<!-- \/ Yoast SEO plugin. -->","yoast_head_json":{"title":"Justaucorps Tutu So Dan\u00e7a Loretta - Ballet Dance Shop","description":"Justaucorps de sc\u00e8ne \u00e0 prix doux. Assez moderne pour vous laisser mettre votre propre tutu. D\u00e9collet\u00e9 plongeant couleur chair. Bretelles fines r\u00e9glables.","robots":{"index":"index","follow":"follow","max-snippet":"max-snippet:-1","max-image-preview":"max-image-preview:large","max-video-preview":"max-video-preview:-1"},"canonical":"https:\/\/www.ballettodanceshop.com\/en\/justaucorps-tutu-so-danca-loretta\/","og_locale":"en_GB","og_type":"article","og_title":"Justaucorps Tutu So Dan\u00e7a Loretta - Balletto Dance Shop","og_description":"Justaucorps de sc\u00e8ne \u00e0 prix doux. Assez moderne pour vous laisser mettre votre propre tutu. D\u00e9collet\u00e9 plongeant couleur chair. Bretelles fines r\u00e9glables.","og_url":"https:\/\/www.ballettodanceshop.com\/en\/justaucorps-tutu-so-danca-loretta\/","og_site_name":"Balletto Dance Shop","article_publisher":"https:\/\/www.facebook.com\/Ballettodanceshop\/","article_modified_time":"2026-04-16T13:02:29+00:00","og_image":[{"width":1600,"height":1600,"url":"https:\/\/www.ballettodanceshop.com\/wp-content\/uploads\/2026\/04\/Justaucorps_Sodanca_SL22.webp","type":"image\/webp"}],"twitter_card":"summary_large_image","twitter_site":"@ballettodance","twitter_misc":{"Estimated reading time":"1 minute"},"schema":{"@context":"https:\/\/schema.org","@graph":[{"@type":"WebPage","@id":"https:\/\/www.ballettodanceshop.com\/justaucorps-tutu-so-danca-loretta\/","url":"https:\/\/www.ballettodanceshop.com\/justaucorps-tutu-so-danca-loretta\/","name":"Justaucorps Tutu So Dan\u00e7a Loretta - Ballet Dance Shop","isPartOf":{"@id":"https:\/\/www.ballettodanceshop.com\/#website"},"primaryImageOfPage":{"@id":"https:\/\/www.ballettodanceshop.com\/justaucorps-tutu-so-danca-loretta\/#primaryimage"},"image":{"@id":"https:\/\/www.ballettodanceshop.com\/justaucorps-tutu-so-danca-loretta\/#primaryimage"},"thumbnailUrl":"https:\/\/www.ballettodanceshop.com\/wp-content\/uploads\/2026\/04\/Justaucorps_Sodanca_SL22.webp","datePublished":"2026-04-14T16:41:41+00:00","dateModified":"2026-04-16T13:02:29+00:00","description":"Justaucorps de sc\u00e8ne \u00e0 prix doux. Assez moderne pour vous laisser mettre votre propre tutu. D\u00e9collet\u00e9 plongeant couleur chair. Bretelles fines r\u00e9glables.","breadcrumb":{"@id":"https:\/\/www.ballettodanceshop.com\/justaucorps-tutu-so-danca-loretta\/#breadcrumb"},"inLanguage":"en-GB","potentialAction":[{"@type":"ReadAction","target":["https:\/\/www.ballettodanceshop.com\/justaucorps-tutu-so-danca-loretta\/"]}]},{"@type":"ImageObject","inLanguage":"en-GB","@id":"https:\/\/www.ballettodanceshop.com\/justaucorps-tutu-so-danca-loretta\/#primaryimage","url":"https:\/\/www.ballettodanceshop.com\/wp-content\/uploads\/2026\/04\/Justaucorps_Sodanca_SL22.webp","contentUrl":"https:\/\/www.ballettodanceshop.com\/wp-content\/uploads\/2026\/04\/Justaucorps_Sodanca_SL22.webp","width":1600,"height":1600,"caption":"Justaucorps de sc\u00e8ne So Dan\u00e7a Loretta Noir"},{"@type":"BreadcrumbList","@id":"https:\/\/www.ballettodanceshop.com\/justaucorps-tutu-so-danca-loretta\/#breadcrumb","itemListElement":[{"@type":"ListItem","position":1,"name":"Accueil","item":"https:\/\/www.ballettodanceshop.com\/"},{"@type":"ListItem","position":2,"name":"Produits","item":"https:\/\/www.ballettodanceshop.com\/boutique\/"},{"@type":"ListItem","position":3,"name":"Justaucorps Tutu So Dan\u00e7a Loretta"}]},{"@type":"WebSite","@id":"https:\/\/www.ballettodanceshop.com\/#website","url":"https:\/\/www.ballettodanceshop.com\/","name":"Balletto Dance Shop","description":"Keep Dancing!","publisher":{"@id":"https:\/\/www.ballettodanceshop.com\/#organization"},"alternateName":"Balletto","potentialAction":[{"@type":"SearchAction","target":{"@type":"EntryPoint","urlTemplate":"https:\/\/www.ballettodanceshop.com\/?s={search_term_string}"},"query-input":{"@type":"PropertyValueSpecification","valueRequired":true,"valueName":"search_term_string"}}],"inLanguage":"en-GB"},{"@type":"Organization","@id":"https:\/\/www.ballettodanceshop.com\/#organization","name":"Balletto Dance Shop","alternateName":"Balletto","url":"https:\/\/www.ballettodanceshop.com\/","logo":{"@type":"ImageObject","inLanguage":"en-GB","@id":"https:\/\/www.ballettodanceshop.com\/#\/schema\/logo\/image\/","url":"https:\/\/www.ballettodanceshop.com\/wp-content\/uploads\/2025\/06\/LOGO-1.png","contentUrl":"https:\/\/www.ballettodanceshop.com\/wp-content\/uploads\/2025\/06\/LOGO-1.png","width":508,"height":209,"caption":"Balletto Dance Shop"},"image":{"@id":"https:\/\/www.ballettodanceshop.com\/#\/schema\/logo\/image\/"},"sameAs":["https:\/\/www.facebook.com\/Ballettodanceshop\/","https:\/\/x.com\/ballettodance","https:\/\/www.tiktok.com\/@ballettodanceshop","https:\/\/fr.linkedin.com\/company\/ballettodaneshop","https:\/\/fr.pinterest.com\/ballettodanceshop\/","https:\/\/www.threads.com\/@ballettodanceshop","https:\/\/www.instagram.com\/ballettodanceshop\/","https:\/\/www.youtube.com\/@ballettodanceshop"]}]}},"_links":{"self":[{"href":"https:\/\/www.ballettodanceshop.com\/en\/wp-json\/wp\/v2\/product\/84177","targetHints":{"allow":["GET"]}}],"collection":[{"href":"https:\/\/www.ballettodanceshop.com\/en\/wp-json\/wp\/v2\/product"}],"about":[{"href":"https:\/\/www.ballettodanceshop.com\/en\/wp-json\/wp\/v2\/types\/product"}],"replies":[{"embeddable":true,"href":"https:\/\/www.ballettodanceshop.com\/en\/wp-json\/wp\/v2\/comments?post=84177"}],"wp:featuredmedia":[{"embeddable":true,"href":"https:\/\/www.ballettodanceshop.com\/en\/wp-json\/wp\/v2\/media\/84190"}],"wp:attachment":[{"href":"https:\/\/www.ballettodanceshop.com\/en\/wp-json\/wp\/v2\/media?parent=84177"}],"wp:term":[{"taxonomy":"product_brand","embeddable":true,"href":"https:\/\/www.ballettodanceshop.com\/en\/wp-json\/wp\/v2\/product_brand?post=84177"},{"taxonomy":"product_cat","embeddable":true,"href":"https:\/\/www.ballettodanceshop.com\/en\/wp-json\/wp\/v2\/product_cat?post=84177"},{"taxonomy":"product_tag","embeddable":true,"href":"https:\/\/www.ballettodanceshop.com\/en\/wp-json\/wp\/v2\/product_tag?post=84177"}],"curies":[{"name":"wp","href":"https:\/\/api.w.org\/{rel}","templated":true}]}}