{"id":83957,"date":"2026-04-10T08:25:02","date_gmt":"2026-04-10T06:25:02","guid":{"rendered":"https:\/\/www.ballettodanceshop.com\/?post_type=product&#038;p=83957"},"modified":"2026-04-10T08:27:07","modified_gmt":"2026-04-10T06:27:07","slug":"ballet-tutu-wear-me-feather","status":"publish","type":"product","link":"https:\/\/www.ballettodanceshop.com\/en\/tutu-de-danse-classique-wear-moi-plume\/","title":{"rendered":"Ballet Tutu Wear Moi Plume"},"content":{"rendered":"<p><strong>Ballet Tutu Wear Moi Plume<\/strong><\/p>\n<p><strong>Collection Wear Moi Fashion Uniforms<\/strong><\/p>\n<p>Thin straps<br \/>\nFrowning<br \/>\nLow back<br \/>\nTutu with 4 superimposed frills<br \/>\nDoubled in front<br \/>\nMicrofibre \u2013 Stretch tulle \u2013 Tulle<\/p>\n<p>Designed in France<\/p>","protected":false},"excerpt":{"rendered":"<p>It's the ideal, understated tutu to accompany young dancers from their very first dance studio classes.<\/p>\n<p>Designed by Wear Moi Collection Fashion Uniforms, this microfibre leotard offers comfort and softness, with wide straps ensuring good support suitable for the young ballet dancer.<\/p>\n<p>The tutu, with its light, layered frills creating a petticoat effect, covered with matching stretch tulle, adds volume and delicacy.<\/p>\n<p>The gathering at the neckline and the knot at the back of the waist add a charming touch.<\/p>\n<p>Fully lined in front.<\/p>","protected":false},"featured_media":83994,"comment_status":"open","ping_status":"closed","template":"","meta":{"_acf_changed":false},"product_brand":[],"product_cat":[65,59,985,25,68,974,982,73,398],"product_tag":[790],"class_list":{"0":"post-83957","1":"product","2":"type-product","3":"status-publish","4":"has-post-thumbnail","6":"product_cat-classique-filles","7":"product_cat-concours-et-galas","8":"product_cat-costumes-de-scene","9":"product_cat-filles","10":"product_cat-idees-cadeaux-filles","11":"product_cat-marques","12":"product_cat-tunique-danse-fille","13":"product_cat-tutus-jupons-classique-filles","14":"product_cat-wear-moi","15":"product_tag-livraison-1-a-2-semaines","17":"first","18":"instock","19":"taxable","20":"shipping-taxable","21":"purchasable","22":"product-type-variable"},"acf":[],"yoast_head":"<!-- This site is optimized with the Yoast SEO plugin v27.4 - https:\/\/yoast.com\/product\/yoast-seo-wordpress\/ -->\n<title>Tutu de Danse Classique Wear Moi Plume - Balletto Dance Shop<\/title>\n<meta name=\"description\" content=\"Tutu de Ballet Wear Moi pour fillettes aux volants superpos\u00e9s qui cr\u00e9ent un joli volume a\u00e9rien, id\u00e9al pour accompagner les premiers pas de danse.\" \/>\n<meta name=\"robots\" content=\"index, follow, max-snippet:-1, max-image-preview:large, max-video-preview:-1\" \/>\n<link rel=\"canonical\" href=\"https:\/\/www.ballettodanceshop.com\/en\/ballet-tutu-wear-me-feather\/\" \/>\n<meta property=\"og:locale\" content=\"en_GB\" \/>\n<meta property=\"og:type\" content=\"article\" \/>\n<meta property=\"og:title\" content=\"Tutu de Danse Classique Wear Moi Plume - Balletto Dance Shop\" \/>\n<meta property=\"og:description\" content=\"Tutu de Ballet Wear Moi pour fillettes aux volants superpos\u00e9s qui cr\u00e9ent un joli volume a\u00e9rien, id\u00e9al pour accompagner les premiers pas de danse.\" \/>\n<meta property=\"og:url\" content=\"https:\/\/www.ballettodanceshop.com\/en\/ballet-tutu-wear-me-feather\/\" \/>\n<meta property=\"og:site_name\" content=\"Balletto Dance Shop\" \/>\n<meta property=\"article:publisher\" content=\"https:\/\/www.facebook.com\/Ballettodanceshop\/\" \/>\n<meta property=\"article:modified_time\" content=\"2026-04-10T06:27:07+00:00\" \/>\n<meta property=\"og:image\" content=\"https:\/\/www.ballettodanceshop.com\/wp-content\/uploads\/2026\/04\/Tutu_WearMoi_Plume_Rose.jpeg\" \/>\n\t<meta property=\"og:image:width\" content=\"640\" \/>\n\t<meta property=\"og:image:height\" content=\"958\" \/>\n\t<meta property=\"og:image:type\" content=\"image\/jpeg\" \/>\n<meta name=\"twitter:card\" content=\"summary_large_image\" \/>\n<meta name=\"twitter:site\" content=\"@ballettodance\" \/>\n<meta name=\"twitter:label1\" content=\"Estimated reading time\" \/>\n\t<meta name=\"twitter:data1\" content=\"1 minute\" \/>\n<script type=\"application\/ld+json\" class=\"yoast-schema-graph\">{\"@context\":\"https:\\\/\\\/schema.org\",\"@graph\":[{\"@type\":\"WebPage\",\"@id\":\"https:\\\/\\\/www.ballettodanceshop.com\\\/tutu-de-danse-classique-wear-moi-plume\\\/\",\"url\":\"https:\\\/\\\/www.ballettodanceshop.com\\\/tutu-de-danse-classique-wear-moi-plume\\\/\",\"name\":\"Tutu de Danse Classique Wear Moi Plume - Balletto Dance Shop\",\"isPartOf\":{\"@id\":\"https:\\\/\\\/www.ballettodanceshop.com\\\/#website\"},\"primaryImageOfPage\":{\"@id\":\"https:\\\/\\\/www.ballettodanceshop.com\\\/tutu-de-danse-classique-wear-moi-plume\\\/#primaryimage\"},\"image\":{\"@id\":\"https:\\\/\\\/www.ballettodanceshop.com\\\/tutu-de-danse-classique-wear-moi-plume\\\/#primaryimage\"},\"thumbnailUrl\":\"https:\\\/\\\/www.ballettodanceshop.com\\\/wp-content\\\/uploads\\\/2026\\\/04\\\/Tutu_WearMoi_Plume_Rose.jpeg\",\"datePublished\":\"2026-04-10T06:25:02+00:00\",\"dateModified\":\"2026-04-10T06:27:07+00:00\",\"description\":\"Tutu de Ballet Wear Moi pour fillettes aux volants superpos\u00e9s qui cr\u00e9ent un joli volume a\u00e9rien, id\u00e9al pour accompagner les premiers pas de danse.\",\"breadcrumb\":{\"@id\":\"https:\\\/\\\/www.ballettodanceshop.com\\\/tutu-de-danse-classique-wear-moi-plume\\\/#breadcrumb\"},\"inLanguage\":\"en-GB\",\"potentialAction\":[{\"@type\":\"ReadAction\",\"target\":[\"https:\\\/\\\/www.ballettodanceshop.com\\\/tutu-de-danse-classique-wear-moi-plume\\\/\"]}]},{\"@type\":\"ImageObject\",\"inLanguage\":\"en-GB\",\"@id\":\"https:\\\/\\\/www.ballettodanceshop.com\\\/tutu-de-danse-classique-wear-moi-plume\\\/#primaryimage\",\"url\":\"https:\\\/\\\/www.ballettodanceshop.com\\\/wp-content\\\/uploads\\\/2026\\\/04\\\/Tutu_WearMoi_Plume_Rose.jpeg\",\"contentUrl\":\"https:\\\/\\\/www.ballettodanceshop.com\\\/wp-content\\\/uploads\\\/2026\\\/04\\\/Tutu_WearMoi_Plume_Rose.jpeg\",\"width\":640,\"height\":958,\"caption\":\"Tutu Danse fillette Rose Ballet\"},{\"@type\":\"BreadcrumbList\",\"@id\":\"https:\\\/\\\/www.ballettodanceshop.com\\\/tutu-de-danse-classique-wear-moi-plume\\\/#breadcrumb\",\"itemListElement\":[{\"@type\":\"ListItem\",\"position\":1,\"name\":\"Accueil\",\"item\":\"https:\\\/\\\/www.ballettodanceshop.com\\\/\"},{\"@type\":\"ListItem\",\"position\":2,\"name\":\"Produits\",\"item\":\"https:\\\/\\\/www.ballettodanceshop.com\\\/boutique\\\/\"},{\"@type\":\"ListItem\",\"position\":3,\"name\":\"Tutu de Danse Classique Wear Moi Plume\"}]},{\"@type\":\"WebSite\",\"@id\":\"https:\\\/\\\/www.ballettodanceshop.com\\\/#website\",\"url\":\"https:\\\/\\\/www.ballettodanceshop.com\\\/\",\"name\":\"Balletto Dance Shop\",\"description\":\"Keep Dancing !\",\"publisher\":{\"@id\":\"https:\\\/\\\/www.ballettodanceshop.com\\\/#organization\"},\"alternateName\":\"Balletto\",\"potentialAction\":[{\"@type\":\"SearchAction\",\"target\":{\"@type\":\"EntryPoint\",\"urlTemplate\":\"https:\\\/\\\/www.ballettodanceshop.com\\\/?s={search_term_string}\"},\"query-input\":{\"@type\":\"PropertyValueSpecification\",\"valueRequired\":true,\"valueName\":\"search_term_string\"}}],\"inLanguage\":\"en-GB\"},{\"@type\":\"Organization\",\"@id\":\"https:\\\/\\\/www.ballettodanceshop.com\\\/#organization\",\"name\":\"Balletto Dance Shop\",\"alternateName\":\"Balletto\",\"url\":\"https:\\\/\\\/www.ballettodanceshop.com\\\/\",\"logo\":{\"@type\":\"ImageObject\",\"inLanguage\":\"en-GB\",\"@id\":\"https:\\\/\\\/www.ballettodanceshop.com\\\/#\\\/schema\\\/logo\\\/image\\\/\",\"url\":\"https:\\\/\\\/www.ballettodanceshop.com\\\/wp-content\\\/uploads\\\/2025\\\/06\\\/LOGO-1.png\",\"contentUrl\":\"https:\\\/\\\/www.ballettodanceshop.com\\\/wp-content\\\/uploads\\\/2025\\\/06\\\/LOGO-1.png\",\"width\":508,\"height\":209,\"caption\":\"Balletto Dance Shop\"},\"image\":{\"@id\":\"https:\\\/\\\/www.ballettodanceshop.com\\\/#\\\/schema\\\/logo\\\/image\\\/\"},\"sameAs\":[\"https:\\\/\\\/www.facebook.com\\\/Ballettodanceshop\\\/\",\"https:\\\/\\\/x.com\\\/ballettodance\",\"https:\\\/\\\/www.tiktok.com\\\/@ballettodanceshop\",\"https:\\\/\\\/fr.linkedin.com\\\/company\\\/ballettodaneshop\",\"https:\\\/\\\/fr.pinterest.com\\\/ballettodanceshop\\\/\",\"https:\\\/\\\/www.threads.com\\\/@ballettodanceshop\",\"https:\\\/\\\/www.instagram.com\\\/ballettodanceshop\\\/\",\"https:\\\/\\\/www.youtube.com\\\/@ballettodanceshop\"]}]}<\/script>\n<!-- \/ Yoast SEO plugin. -->","yoast_head_json":{"title":"Classical Ballet Tutu Wear Moi Plume - Ballet Dance Shop","description":"Ballet tutu from Wear Moi for little girls with layered frills that create a lovely, airy volume, ideal for accompanying first dance steps.","robots":{"index":"index","follow":"follow","max-snippet":"max-snippet:-1","max-image-preview":"max-image-preview:large","max-video-preview":"max-video-preview:-1"},"canonical":"https:\/\/www.ballettodanceshop.com\/en\/ballet-tutu-wear-me-feather\/","og_locale":"en_GB","og_type":"article","og_title":"Tutu de Danse Classique Wear Moi Plume - Balletto Dance Shop","og_description":"Tutu de Ballet Wear Moi pour fillettes aux volants superpos\u00e9s qui cr\u00e9ent un joli volume a\u00e9rien, id\u00e9al pour accompagner les premiers pas de danse.","og_url":"https:\/\/www.ballettodanceshop.com\/en\/ballet-tutu-wear-me-feather\/","og_site_name":"Balletto Dance Shop","article_publisher":"https:\/\/www.facebook.com\/Ballettodanceshop\/","article_modified_time":"2026-04-10T06:27:07+00:00","og_image":[{"width":640,"height":958,"url":"https:\/\/www.ballettodanceshop.com\/wp-content\/uploads\/2026\/04\/Tutu_WearMoi_Plume_Rose.jpeg","type":"image\/jpeg"}],"twitter_card":"summary_large_image","twitter_site":"@ballettodance","twitter_misc":{"Estimated reading time":"1 minute"},"schema":{"@context":"https:\/\/schema.org","@graph":[{"@type":"WebPage","@id":"https:\/\/www.ballettodanceshop.com\/tutu-de-danse-classique-wear-moi-plume\/","url":"https:\/\/www.ballettodanceshop.com\/tutu-de-danse-classique-wear-moi-plume\/","name":"Classical Ballet Tutu Wear Moi Plume - Ballet Dance Shop","isPartOf":{"@id":"https:\/\/www.ballettodanceshop.com\/#website"},"primaryImageOfPage":{"@id":"https:\/\/www.ballettodanceshop.com\/tutu-de-danse-classique-wear-moi-plume\/#primaryimage"},"image":{"@id":"https:\/\/www.ballettodanceshop.com\/tutu-de-danse-classique-wear-moi-plume\/#primaryimage"},"thumbnailUrl":"https:\/\/www.ballettodanceshop.com\/wp-content\/uploads\/2026\/04\/Tutu_WearMoi_Plume_Rose.jpeg","datePublished":"2026-04-10T06:25:02+00:00","dateModified":"2026-04-10T06:27:07+00:00","description":"Ballet tutu from Wear Moi for little girls with layered frills that create a lovely, airy volume, ideal for accompanying first dance steps.","breadcrumb":{"@id":"https:\/\/www.ballettodanceshop.com\/tutu-de-danse-classique-wear-moi-plume\/#breadcrumb"},"inLanguage":"en-GB","potentialAction":[{"@type":"ReadAction","target":["https:\/\/www.ballettodanceshop.com\/tutu-de-danse-classique-wear-moi-plume\/"]}]},{"@type":"ImageObject","inLanguage":"en-GB","@id":"https:\/\/www.ballettodanceshop.com\/tutu-de-danse-classique-wear-moi-plume\/#primaryimage","url":"https:\/\/www.ballettodanceshop.com\/wp-content\/uploads\/2026\/04\/Tutu_WearMoi_Plume_Rose.jpeg","contentUrl":"https:\/\/www.ballettodanceshop.com\/wp-content\/uploads\/2026\/04\/Tutu_WearMoi_Plume_Rose.jpeg","width":640,"height":958,"caption":"Tutu Danse fillette Rose Ballet"},{"@type":"BreadcrumbList","@id":"https:\/\/www.ballettodanceshop.com\/tutu-de-danse-classique-wear-moi-plume\/#breadcrumb","itemListElement":[{"@type":"ListItem","position":1,"name":"Accueil","item":"https:\/\/www.ballettodanceshop.com\/"},{"@type":"ListItem","position":2,"name":"Produits","item":"https:\/\/www.ballettodanceshop.com\/boutique\/"},{"@type":"ListItem","position":3,"name":"Tutu de Danse Classique Wear Moi Plume"}]},{"@type":"WebSite","@id":"https:\/\/www.ballettodanceshop.com\/#website","url":"https:\/\/www.ballettodanceshop.com\/","name":"Balletto Dance Shop","description":"Keep Dancing!","publisher":{"@id":"https:\/\/www.ballettodanceshop.com\/#organization"},"alternateName":"Balletto","potentialAction":[{"@type":"SearchAction","target":{"@type":"EntryPoint","urlTemplate":"https:\/\/www.ballettodanceshop.com\/?s={search_term_string}"},"query-input":{"@type":"PropertyValueSpecification","valueRequired":true,"valueName":"search_term_string"}}],"inLanguage":"en-GB"},{"@type":"Organization","@id":"https:\/\/www.ballettodanceshop.com\/#organization","name":"Balletto Dance Shop","alternateName":"Balletto","url":"https:\/\/www.ballettodanceshop.com\/","logo":{"@type":"ImageObject","inLanguage":"en-GB","@id":"https:\/\/www.ballettodanceshop.com\/#\/schema\/logo\/image\/","url":"https:\/\/www.ballettodanceshop.com\/wp-content\/uploads\/2025\/06\/LOGO-1.png","contentUrl":"https:\/\/www.ballettodanceshop.com\/wp-content\/uploads\/2025\/06\/LOGO-1.png","width":508,"height":209,"caption":"Balletto Dance Shop"},"image":{"@id":"https:\/\/www.ballettodanceshop.com\/#\/schema\/logo\/image\/"},"sameAs":["https:\/\/www.facebook.com\/Ballettodanceshop\/","https:\/\/x.com\/ballettodance","https:\/\/www.tiktok.com\/@ballettodanceshop","https:\/\/fr.linkedin.com\/company\/ballettodaneshop","https:\/\/fr.pinterest.com\/ballettodanceshop\/","https:\/\/www.threads.com\/@ballettodanceshop","https:\/\/www.instagram.com\/ballettodanceshop\/","https:\/\/www.youtube.com\/@ballettodanceshop"]}]}},"_links":{"self":[{"href":"https:\/\/www.ballettodanceshop.com\/en\/wp-json\/wp\/v2\/product\/83957","targetHints":{"allow":["GET"]}}],"collection":[{"href":"https:\/\/www.ballettodanceshop.com\/en\/wp-json\/wp\/v2\/product"}],"about":[{"href":"https:\/\/www.ballettodanceshop.com\/en\/wp-json\/wp\/v2\/types\/product"}],"replies":[{"embeddable":true,"href":"https:\/\/www.ballettodanceshop.com\/en\/wp-json\/wp\/v2\/comments?post=83957"}],"wp:featuredmedia":[{"embeddable":true,"href":"https:\/\/www.ballettodanceshop.com\/en\/wp-json\/wp\/v2\/media\/83994"}],"wp:attachment":[{"href":"https:\/\/www.ballettodanceshop.com\/en\/wp-json\/wp\/v2\/media?parent=83957"}],"wp:term":[{"taxonomy":"product_brand","embeddable":true,"href":"https:\/\/www.ballettodanceshop.com\/en\/wp-json\/wp\/v2\/product_brand?post=83957"},{"taxonomy":"product_cat","embeddable":true,"href":"https:\/\/www.ballettodanceshop.com\/en\/wp-json\/wp\/v2\/product_cat?post=83957"},{"taxonomy":"product_tag","embeddable":true,"href":"https:\/\/www.ballettodanceshop.com\/en\/wp-json\/wp\/v2\/product_tag?post=83957"}],"curies":[{"name":"wp","href":"https:\/\/api.w.org\/{rel}","templated":true}]}}