{"id":83636,"date":"2026-04-01T17:21:57","date_gmt":"2026-04-01T15:21:57","guid":{"rendered":"https:\/\/www.ballettodanceshop.com\/?post_type=product&#038;p=83636"},"modified":"2026-04-01T17:26:39","modified_gmt":"2026-04-01T15:26:39","slug":"portdance-babies-ballet-shoes","status":"publish","type":"product","link":"https:\/\/www.ballettodanceshop.com\/en\/ballerines-portdance-babies\/","title":{"rendered":"PortDance Babies Ballet Shoes"},"content":{"rendered":"<p><strong>PortDance Babies Ballet Shoes<\/strong><\/p>\n<p>PD02<\/p>\n<p>High-quality shimmering fabric with a full leather lining.<\/p>\n<p>Made in Portugal<\/p>","protected":false},"excerpt":{"rendered":"<p>Discover this season's new must-have: the Ballerines By PortDance Mary Janes.<\/p>\n<p>Subtle lines with square contours that highlight mythical dance codes: Goodyear welted construction for extreme flexibility, grosgrain trim, fine strap.<\/p>\n<p>Crafted from high-quality shimmering fabric and featuring a full leather lining, they envelop the foot in natural comfort and a premium feel.<\/p>\n<p><span dir=\"auto\">They offer exceptional flexibility, allowing for light and fluid movements \u2013 ideal for those who spend hours dancing or who simply appreciate comfortable and sophisticated shoes.<\/span><\/p>\n<p><span dir=\"auto\">Ses semelles hybride en n\u00e9olite les rendent parfaites pour une utilisation int\u00e9rieure et ext\u00e9rieure, vous accompagnant du studio aux \u00e9v\u00e9nements, f\u00eates ou au quotidien. <\/span><\/p>\n<p><span dir=\"auto\">L\u00e9g\u00e8res, facile \u00e0 transporter et extr\u00eamement polyvalentes, c&rsquo;est la paire que vous voudrez avoir toujours avec vous.<\/span><\/p>\n<p>Les Ballerines Babies combines the world of dance and fashion with a touch of sparkle<\/p>","protected":false},"featured_media":83685,"comment_status":"open","ping_status":"closed","template":"","meta":{"_acf_changed":false},"product_brand":[],"product_cat":[142,113,19,61],"product_tag":[790],"class_list":{"0":"post-83636","1":"product","2":"type-product","3":"status-publish","4":"has-post-thumbnail","6":"product_cat-chaussures-danses-latines","7":"product_cat-danses-latines","8":"product_cat-femmes","9":"product_cat-idees-cadeaux","10":"product_tag-livraison-1-a-2-semaines","12":"first","13":"instock","14":"taxable","15":"shipping-taxable","16":"purchasable","17":"product-type-variable"},"acf":[],"yoast_head":"<!-- This site is optimized with the Yoast SEO plugin v27.4 - https:\/\/yoast.com\/product\/yoast-seo-wordpress\/ -->\n<title>Ballerines PortDance Babies - Balletto Dance Shop<\/title>\n<meta name=\"description\" content=\"Les Ballerines de Ville Portdance Babies allient l&#039;univers de la danse et celui de la mode avec une touche d&#039;\u00e9clat et de confort incroyables.\" \/>\n<meta name=\"robots\" content=\"index, follow, max-snippet:-1, max-image-preview:large, max-video-preview:-1\" \/>\n<link rel=\"canonical\" href=\"https:\/\/www.ballettodanceshop.com\/en\/portdance-babies-ballet-shoes\/\" \/>\n<meta property=\"og:locale\" content=\"en_GB\" \/>\n<meta property=\"og:type\" content=\"article\" \/>\n<meta property=\"og:title\" content=\"Ballerines PortDance Babies - Balletto Dance Shop\" \/>\n<meta property=\"og:description\" content=\"Les Ballerines de Ville Portdance Babies allient l&#039;univers de la danse et celui de la mode avec une touche d&#039;\u00e9clat et de confort incroyables.\" \/>\n<meta property=\"og:url\" content=\"https:\/\/www.ballettodanceshop.com\/en\/portdance-babies-ballet-shoes\/\" \/>\n<meta property=\"og:site_name\" content=\"Balletto Dance Shop\" \/>\n<meta property=\"article:publisher\" content=\"https:\/\/www.facebook.com\/Ballettodanceshop\/\" \/>\n<meta property=\"article:modified_time\" content=\"2026-04-01T15:26:39+00:00\" \/>\n<meta property=\"og:image\" content=\"https:\/\/www.ballettodanceshop.com\/wp-content\/uploads\/2026\/04\/Ballerina_noir_Portdance2.webp\" \/>\n\t<meta property=\"og:image:width\" content=\"1000\" \/>\n\t<meta property=\"og:image:height\" content=\"800\" \/>\n\t<meta property=\"og:image:type\" content=\"image\/webp\" \/>\n<meta name=\"twitter:card\" content=\"summary_large_image\" \/>\n<meta name=\"twitter:site\" content=\"@ballettodance\" \/>\n<meta name=\"twitter:label1\" content=\"Estimated reading time\" \/>\n\t<meta name=\"twitter:data1\" content=\"1 minute\" \/>\n<script type=\"application\/ld+json\" class=\"yoast-schema-graph\">{\"@context\":\"https:\\\/\\\/schema.org\",\"@graph\":[{\"@type\":\"WebPage\",\"@id\":\"https:\\\/\\\/www.ballettodanceshop.com\\\/ballerines-portdance-babies\\\/\",\"url\":\"https:\\\/\\\/www.ballettodanceshop.com\\\/ballerines-portdance-babies\\\/\",\"name\":\"Ballerines PortDance Babies - Balletto Dance Shop\",\"isPartOf\":{\"@id\":\"https:\\\/\\\/www.ballettodanceshop.com\\\/#website\"},\"primaryImageOfPage\":{\"@id\":\"https:\\\/\\\/www.ballettodanceshop.com\\\/ballerines-portdance-babies\\\/#primaryimage\"},\"image\":{\"@id\":\"https:\\\/\\\/www.ballettodanceshop.com\\\/ballerines-portdance-babies\\\/#primaryimage\"},\"thumbnailUrl\":\"https:\\\/\\\/www.ballettodanceshop.com\\\/wp-content\\\/uploads\\\/2026\\\/04\\\/Ballerina_noir_Portdance2.webp\",\"datePublished\":\"2026-04-01T15:21:57+00:00\",\"dateModified\":\"2026-04-01T15:26:39+00:00\",\"description\":\"Les Ballerines de Ville Portdance Babies allient l'univers de la danse et celui de la mode avec une touche d'\u00e9clat et de confort incroyables.\",\"breadcrumb\":{\"@id\":\"https:\\\/\\\/www.ballettodanceshop.com\\\/ballerines-portdance-babies\\\/#breadcrumb\"},\"inLanguage\":\"en-GB\",\"potentialAction\":[{\"@type\":\"ReadAction\",\"target\":[\"https:\\\/\\\/www.ballettodanceshop.com\\\/ballerines-portdance-babies\\\/\"]}]},{\"@type\":\"ImageObject\",\"inLanguage\":\"en-GB\",\"@id\":\"https:\\\/\\\/www.ballettodanceshop.com\\\/ballerines-portdance-babies\\\/#primaryimage\",\"url\":\"https:\\\/\\\/www.ballettodanceshop.com\\\/wp-content\\\/uploads\\\/2026\\\/04\\\/Ballerina_noir_Portdance2.webp\",\"contentUrl\":\"https:\\\/\\\/www.ballettodanceshop.com\\\/wp-content\\\/uploads\\\/2026\\\/04\\\/Ballerina_noir_Portdance2.webp\",\"width\":1000,\"height\":800},{\"@type\":\"BreadcrumbList\",\"@id\":\"https:\\\/\\\/www.ballettodanceshop.com\\\/ballerines-portdance-babies\\\/#breadcrumb\",\"itemListElement\":[{\"@type\":\"ListItem\",\"position\":1,\"name\":\"Accueil\",\"item\":\"https:\\\/\\\/www.ballettodanceshop.com\\\/\"},{\"@type\":\"ListItem\",\"position\":2,\"name\":\"Produits\",\"item\":\"https:\\\/\\\/www.ballettodanceshop.com\\\/boutique\\\/\"},{\"@type\":\"ListItem\",\"position\":3,\"name\":\"Ballerines PortDance Babies\"}]},{\"@type\":\"WebSite\",\"@id\":\"https:\\\/\\\/www.ballettodanceshop.com\\\/#website\",\"url\":\"https:\\\/\\\/www.ballettodanceshop.com\\\/\",\"name\":\"Balletto Dance Shop\",\"description\":\"Keep Dancing !\",\"publisher\":{\"@id\":\"https:\\\/\\\/www.ballettodanceshop.com\\\/#organization\"},\"alternateName\":\"Balletto\",\"potentialAction\":[{\"@type\":\"SearchAction\",\"target\":{\"@type\":\"EntryPoint\",\"urlTemplate\":\"https:\\\/\\\/www.ballettodanceshop.com\\\/?s={search_term_string}\"},\"query-input\":{\"@type\":\"PropertyValueSpecification\",\"valueRequired\":true,\"valueName\":\"search_term_string\"}}],\"inLanguage\":\"en-GB\"},{\"@type\":\"Organization\",\"@id\":\"https:\\\/\\\/www.ballettodanceshop.com\\\/#organization\",\"name\":\"Balletto Dance Shop\",\"alternateName\":\"Balletto\",\"url\":\"https:\\\/\\\/www.ballettodanceshop.com\\\/\",\"logo\":{\"@type\":\"ImageObject\",\"inLanguage\":\"en-GB\",\"@id\":\"https:\\\/\\\/www.ballettodanceshop.com\\\/#\\\/schema\\\/logo\\\/image\\\/\",\"url\":\"https:\\\/\\\/www.ballettodanceshop.com\\\/wp-content\\\/uploads\\\/2025\\\/06\\\/LOGO-1.png\",\"contentUrl\":\"https:\\\/\\\/www.ballettodanceshop.com\\\/wp-content\\\/uploads\\\/2025\\\/06\\\/LOGO-1.png\",\"width\":508,\"height\":209,\"caption\":\"Balletto Dance Shop\"},\"image\":{\"@id\":\"https:\\\/\\\/www.ballettodanceshop.com\\\/#\\\/schema\\\/logo\\\/image\\\/\"},\"sameAs\":[\"https:\\\/\\\/www.facebook.com\\\/Ballettodanceshop\\\/\",\"https:\\\/\\\/x.com\\\/ballettodance\",\"https:\\\/\\\/www.tiktok.com\\\/@ballettodanceshop\",\"https:\\\/\\\/fr.linkedin.com\\\/company\\\/ballettodaneshop\",\"https:\\\/\\\/fr.pinterest.com\\\/ballettodanceshop\\\/\",\"https:\\\/\\\/www.threads.com\\\/@ballettodanceshop\",\"https:\\\/\\\/www.instagram.com\\\/ballettodanceshop\\\/\",\"https:\\\/\\\/www.youtube.com\\\/@ballettodanceshop\"]}]}<\/script>\n<!-- \/ Yoast SEO plugin. -->","yoast_head_json":{"title":"Ballerinas PortDance Babies - Balletto Dance Shop","description":"The Portdance Babies City Ballerinas combine the world of dance and fashion with an incredible touch of sparkle and comfort.","robots":{"index":"index","follow":"follow","max-snippet":"max-snippet:-1","max-image-preview":"max-image-preview:large","max-video-preview":"max-video-preview:-1"},"canonical":"https:\/\/www.ballettodanceshop.com\/en\/portdance-babies-ballet-shoes\/","og_locale":"en_GB","og_type":"article","og_title":"Ballerines PortDance Babies - Balletto Dance Shop","og_description":"Les Ballerines de Ville Portdance Babies allient l'univers de la danse et celui de la mode avec une touche d'\u00e9clat et de confort incroyables.","og_url":"https:\/\/www.ballettodanceshop.com\/en\/portdance-babies-ballet-shoes\/","og_site_name":"Balletto Dance Shop","article_publisher":"https:\/\/www.facebook.com\/Ballettodanceshop\/","article_modified_time":"2026-04-01T15:26:39+00:00","og_image":[{"width":1000,"height":800,"url":"https:\/\/www.ballettodanceshop.com\/wp-content\/uploads\/2026\/04\/Ballerina_noir_Portdance2.webp","type":"image\/webp"}],"twitter_card":"summary_large_image","twitter_site":"@ballettodance","twitter_misc":{"Estimated reading time":"1 minute"},"schema":{"@context":"https:\/\/schema.org","@graph":[{"@type":"WebPage","@id":"https:\/\/www.ballettodanceshop.com\/ballerines-portdance-babies\/","url":"https:\/\/www.ballettodanceshop.com\/ballerines-portdance-babies\/","name":"Ballerinas PortDance Babies - Balletto Dance Shop","isPartOf":{"@id":"https:\/\/www.ballettodanceshop.com\/#website"},"primaryImageOfPage":{"@id":"https:\/\/www.ballettodanceshop.com\/ballerines-portdance-babies\/#primaryimage"},"image":{"@id":"https:\/\/www.ballettodanceshop.com\/ballerines-portdance-babies\/#primaryimage"},"thumbnailUrl":"https:\/\/www.ballettodanceshop.com\/wp-content\/uploads\/2026\/04\/Ballerina_noir_Portdance2.webp","datePublished":"2026-04-01T15:21:57+00:00","dateModified":"2026-04-01T15:26:39+00:00","description":"The Portdance Babies City Ballerinas combine the world of dance and fashion with an incredible touch of sparkle and comfort.","breadcrumb":{"@id":"https:\/\/www.ballettodanceshop.com\/ballerines-portdance-babies\/#breadcrumb"},"inLanguage":"en-GB","potentialAction":[{"@type":"ReadAction","target":["https:\/\/www.ballettodanceshop.com\/ballerines-portdance-babies\/"]}]},{"@type":"ImageObject","inLanguage":"en-GB","@id":"https:\/\/www.ballettodanceshop.com\/ballerines-portdance-babies\/#primaryimage","url":"https:\/\/www.ballettodanceshop.com\/wp-content\/uploads\/2026\/04\/Ballerina_noir_Portdance2.webp","contentUrl":"https:\/\/www.ballettodanceshop.com\/wp-content\/uploads\/2026\/04\/Ballerina_noir_Portdance2.webp","width":1000,"height":800},{"@type":"BreadcrumbList","@id":"https:\/\/www.ballettodanceshop.com\/ballerines-portdance-babies\/#breadcrumb","itemListElement":[{"@type":"ListItem","position":1,"name":"Accueil","item":"https:\/\/www.ballettodanceshop.com\/"},{"@type":"ListItem","position":2,"name":"Produits","item":"https:\/\/www.ballettodanceshop.com\/boutique\/"},{"@type":"ListItem","position":3,"name":"Ballerines PortDance Babies"}]},{"@type":"WebSite","@id":"https:\/\/www.ballettodanceshop.com\/#website","url":"https:\/\/www.ballettodanceshop.com\/","name":"Balletto Dance Shop","description":"Keep Dancing!","publisher":{"@id":"https:\/\/www.ballettodanceshop.com\/#organization"},"alternateName":"Balletto","potentialAction":[{"@type":"SearchAction","target":{"@type":"EntryPoint","urlTemplate":"https:\/\/www.ballettodanceshop.com\/?s={search_term_string}"},"query-input":{"@type":"PropertyValueSpecification","valueRequired":true,"valueName":"search_term_string"}}],"inLanguage":"en-GB"},{"@type":"Organization","@id":"https:\/\/www.ballettodanceshop.com\/#organization","name":"Balletto Dance Shop","alternateName":"Balletto","url":"https:\/\/www.ballettodanceshop.com\/","logo":{"@type":"ImageObject","inLanguage":"en-GB","@id":"https:\/\/www.ballettodanceshop.com\/#\/schema\/logo\/image\/","url":"https:\/\/www.ballettodanceshop.com\/wp-content\/uploads\/2025\/06\/LOGO-1.png","contentUrl":"https:\/\/www.ballettodanceshop.com\/wp-content\/uploads\/2025\/06\/LOGO-1.png","width":508,"height":209,"caption":"Balletto Dance Shop"},"image":{"@id":"https:\/\/www.ballettodanceshop.com\/#\/schema\/logo\/image\/"},"sameAs":["https:\/\/www.facebook.com\/Ballettodanceshop\/","https:\/\/x.com\/ballettodance","https:\/\/www.tiktok.com\/@ballettodanceshop","https:\/\/fr.linkedin.com\/company\/ballettodaneshop","https:\/\/fr.pinterest.com\/ballettodanceshop\/","https:\/\/www.threads.com\/@ballettodanceshop","https:\/\/www.instagram.com\/ballettodanceshop\/","https:\/\/www.youtube.com\/@ballettodanceshop"]}]}},"_links":{"self":[{"href":"https:\/\/www.ballettodanceshop.com\/en\/wp-json\/wp\/v2\/product\/83636","targetHints":{"allow":["GET"]}}],"collection":[{"href":"https:\/\/www.ballettodanceshop.com\/en\/wp-json\/wp\/v2\/product"}],"about":[{"href":"https:\/\/www.ballettodanceshop.com\/en\/wp-json\/wp\/v2\/types\/product"}],"replies":[{"embeddable":true,"href":"https:\/\/www.ballettodanceshop.com\/en\/wp-json\/wp\/v2\/comments?post=83636"}],"wp:featuredmedia":[{"embeddable":true,"href":"https:\/\/www.ballettodanceshop.com\/en\/wp-json\/wp\/v2\/media\/83685"}],"wp:attachment":[{"href":"https:\/\/www.ballettodanceshop.com\/en\/wp-json\/wp\/v2\/media?parent=83636"}],"wp:term":[{"taxonomy":"product_brand","embeddable":true,"href":"https:\/\/www.ballettodanceshop.com\/en\/wp-json\/wp\/v2\/product_brand?post=83636"},{"taxonomy":"product_cat","embeddable":true,"href":"https:\/\/www.ballettodanceshop.com\/en\/wp-json\/wp\/v2\/product_cat?post=83636"},{"taxonomy":"product_tag","embeddable":true,"href":"https:\/\/www.ballettodanceshop.com\/en\/wp-json\/wp\/v2\/product_tag?post=83636"}],"curies":[{"name":"wp","href":"https:\/\/api.w.org\/{rel}","templated":true}]}}