{"id":81199,"date":"2026-02-02T06:55:41","date_gmt":"2026-02-02T05:55:41","guid":{"rendered":"https:\/\/www.ballettodanceshop.com\/?post_type=product&#038;p=81199"},"modified":"2026-04-06T16:32:08","modified_gmt":"2026-04-06T14:32:08","slug":"smoothies-gel-caps","status":"publish","type":"product","link":"https:\/\/www.ballettodanceshop.com\/en\/cache-tetons-en-gel-smoothies\/","title":{"rendered":"Smoothies\u2122 Gel Nipple Cover"},"content":{"rendered":"<p><strong>Smoothies\u2122 Gel Nipple Cover<\/strong><\/p>\n<p>Bunheads BH1700<\/p>\n<p>100 % silicone<\/p>\n<p>Round with a diameter of 3.1\u2033 \u00bb (8 cm)<\/p>\n<p>Reusable and proven to stay in place for hours<\/p>\n<p>Create a seamless profile<\/p>\n<p>\u00c0 porter sous les justaucorps de danse, costumes de danse ou de sc\u00e8ne et v\u00eatements de tous les jours<\/p>\n<p>Compact storage case<\/p>\n<p>One pair per pack<\/p>\n<p>Can be used 20 times<\/p>\n<p>Washable with Marseille soap and lukewarm water<\/p>\n<p>For hygiene reasons, no returns will be accepted. Tested and approved by an external quality laboratory.<\/p>","protected":false},"excerpt":{"rendered":"<p>Create a seamless profile with Smoothies\u2122 nipple covers discreetly and comfortably.<\/p>\n<p>Fabriqu\u00e9s \u00e0 100 % en gel de tr\u00e8s haute qualit\u00e9, nos nouveaux et am\u00e9lior\u00e9s Smoothies\u2122 r\u00e9utilisables offrent une meilleure couverture, une adh\u00e9rence plus forte et une apparence plus homog\u00e8ne, offrant un look plus lisse sous les justaucorps, costumes et v\u00eatements quotidiens.<\/p>\n<p>Ces Cache-t\u00e9tons se fondent parfaitement sous vos v\u00eatements. Autocollants, r\u00e9utilisables et imperceptibles telle une seconde peau, ils restent en place toute la journ\u00e9e. Pour une symbiose parfaite.<\/p>\n<p>Un accessoire indispensable pour un effet invisible sous vos pi\u00e8ces ultra transparentes ou \u00e9chancr\u00e9es.<\/p>\n<p>Comprend un \u00e9tui compact pour le rangement et les voyages. Une paire de cache-t\u00e9tons par emballage, pour que vous ayez tout ce dont vous avez besoin pour vous sentir confiante et \u00e0 l&rsquo;aise dans n&rsquo;importe quelle tenue de danse, tenue de sport ou tenue de ville.<\/p>","protected":false},"featured_media":81200,"comment_status":"open","ping_status":"closed","template":"","meta":{"_acf_changed":false},"product_brand":[],"product_cat":[104,67,103,549,1013,59,985,19,362,62],"product_tag":[786],"class_list":{"0":"post-81199","1":"product","2":"type-product","3":"status-publish","4":"has-post-thumbnail","6":"product_cat-accessoires-athleisure","7":"product_cat-accessoires","8":"product_cat-athleisure","9":"product_cat-brassieres","10":"product_cat-bunheads","11":"product_cat-concours-et-galas","12":"product_cat-costumes-de-scene","13":"product_cat-femmes","14":"product_cat-sous-vetements-athleisure","15":"product_cat-classique","16":"product_tag-livraison-24-a-48h","18":"first","19":"instock","20":"taxable","21":"shipping-taxable","22":"purchasable","23":"product-type-simple"},"acf":[],"yoast_head":"<!-- This site is optimized with the Yoast SEO plugin v27.4 - https:\/\/yoast.com\/product\/yoast-seo-wordpress\/ -->\n<title>Cache-T\u00e9tons en Gel Smoothies\u2122 - Balletto Dance Shop<\/title>\n<meta name=\"description\" content=\"Accessoire indispensable pour la danseuse. Effet invisible sous vos tenues fines ou \u00e9chancr\u00e9es. R\u00e9utilisables et imperceptibles telle une seconde peau.\" \/>\n<meta name=\"robots\" content=\"index, follow, max-snippet:-1, max-image-preview:large, max-video-preview:-1\" \/>\n<link rel=\"canonical\" href=\"https:\/\/www.ballettodanceshop.com\/en\/smoothies-gel-caps\/\" \/>\n<meta property=\"og:locale\" content=\"en_GB\" \/>\n<meta property=\"og:type\" content=\"article\" \/>\n<meta property=\"og:title\" content=\"Cache-T\u00e9tons en Gel Smoothies\u2122 - Balletto Dance Shop\" \/>\n<meta property=\"og:description\" content=\"Accessoire indispensable pour la danseuse. Effet invisible sous vos tenues fines ou \u00e9chancr\u00e9es. R\u00e9utilisables et imperceptibles telle une seconde peau.\" \/>\n<meta property=\"og:url\" content=\"https:\/\/www.ballettodanceshop.com\/en\/smoothies-gel-caps\/\" \/>\n<meta property=\"og:site_name\" content=\"Balletto Dance Shop\" \/>\n<meta property=\"article:publisher\" content=\"https:\/\/www.facebook.com\/Ballettodanceshop\/\" \/>\n<meta property=\"article:modified_time\" content=\"2026-04-06T14:32:08+00:00\" \/>\n<meta property=\"og:image\" content=\"https:\/\/www.ballettodanceshop.com\/wp-content\/uploads\/2026\/02\/Capezio_bunheads_smoothies.webp\" \/>\n\t<meta property=\"og:image:width\" content=\"1080\" \/>\n\t<meta property=\"og:image:height\" content=\"1440\" \/>\n\t<meta property=\"og:image:type\" content=\"image\/webp\" \/>\n<meta name=\"twitter:card\" content=\"summary_large_image\" \/>\n<meta name=\"twitter:site\" content=\"@ballettodance\" \/>\n<meta name=\"twitter:label1\" content=\"Estimated reading time\" \/>\n\t<meta name=\"twitter:data1\" content=\"1 minute\" \/>\n<script type=\"application\/ld+json\" class=\"yoast-schema-graph\">{\"@context\":\"https:\\\/\\\/schema.org\",\"@graph\":[{\"@type\":\"WebPage\",\"@id\":\"https:\\\/\\\/www.ballettodanceshop.com\\\/cache-tetons-en-gel-smoothies\\\/\",\"url\":\"https:\\\/\\\/www.ballettodanceshop.com\\\/cache-tetons-en-gel-smoothies\\\/\",\"name\":\"Cache-T\u00e9tons en Gel Smoothies\u2122 - Balletto Dance Shop\",\"isPartOf\":{\"@id\":\"https:\\\/\\\/www.ballettodanceshop.com\\\/#website\"},\"primaryImageOfPage\":{\"@id\":\"https:\\\/\\\/www.ballettodanceshop.com\\\/cache-tetons-en-gel-smoothies\\\/#primaryimage\"},\"image\":{\"@id\":\"https:\\\/\\\/www.ballettodanceshop.com\\\/cache-tetons-en-gel-smoothies\\\/#primaryimage\"},\"thumbnailUrl\":\"https:\\\/\\\/www.ballettodanceshop.com\\\/wp-content\\\/uploads\\\/2026\\\/02\\\/Capezio_bunheads_smoothies.webp\",\"datePublished\":\"2026-02-02T05:55:41+00:00\",\"dateModified\":\"2026-04-06T14:32:08+00:00\",\"description\":\"Accessoire indispensable pour la danseuse. Effet invisible sous vos tenues fines ou \u00e9chancr\u00e9es. R\u00e9utilisables et imperceptibles telle une seconde peau.\",\"breadcrumb\":{\"@id\":\"https:\\\/\\\/www.ballettodanceshop.com\\\/cache-tetons-en-gel-smoothies\\\/#breadcrumb\"},\"inLanguage\":\"en-GB\",\"potentialAction\":[{\"@type\":\"ReadAction\",\"target\":[\"https:\\\/\\\/www.ballettodanceshop.com\\\/cache-tetons-en-gel-smoothies\\\/\"]}]},{\"@type\":\"ImageObject\",\"inLanguage\":\"en-GB\",\"@id\":\"https:\\\/\\\/www.ballettodanceshop.com\\\/cache-tetons-en-gel-smoothies\\\/#primaryimage\",\"url\":\"https:\\\/\\\/www.ballettodanceshop.com\\\/wp-content\\\/uploads\\\/2026\\\/02\\\/Capezio_bunheads_smoothies.webp\",\"contentUrl\":\"https:\\\/\\\/www.ballettodanceshop.com\\\/wp-content\\\/uploads\\\/2026\\\/02\\\/Capezio_bunheads_smoothies.webp\",\"width\":1080,\"height\":1440,\"caption\":\"Cache t\u00e9tons danseuse en gel tr\u00e8s souple Bunheads\"},{\"@type\":\"BreadcrumbList\",\"@id\":\"https:\\\/\\\/www.ballettodanceshop.com\\\/cache-tetons-en-gel-smoothies\\\/#breadcrumb\",\"itemListElement\":[{\"@type\":\"ListItem\",\"position\":1,\"name\":\"Accueil\",\"item\":\"https:\\\/\\\/www.ballettodanceshop.com\\\/\"},{\"@type\":\"ListItem\",\"position\":2,\"name\":\"Produits\",\"item\":\"https:\\\/\\\/www.ballettodanceshop.com\\\/boutique\\\/\"},{\"@type\":\"ListItem\",\"position\":3,\"name\":\"Cache-T\u00e9tons en Gel Smoothies\u2122\"}]},{\"@type\":\"WebSite\",\"@id\":\"https:\\\/\\\/www.ballettodanceshop.com\\\/#website\",\"url\":\"https:\\\/\\\/www.ballettodanceshop.com\\\/\",\"name\":\"Balletto Dance Shop\",\"description\":\"Keep Dancing !\",\"publisher\":{\"@id\":\"https:\\\/\\\/www.ballettodanceshop.com\\\/#organization\"},\"alternateName\":\"Balletto\",\"potentialAction\":[{\"@type\":\"SearchAction\",\"target\":{\"@type\":\"EntryPoint\",\"urlTemplate\":\"https:\\\/\\\/www.ballettodanceshop.com\\\/?s={search_term_string}\"},\"query-input\":{\"@type\":\"PropertyValueSpecification\",\"valueRequired\":true,\"valueName\":\"search_term_string\"}}],\"inLanguage\":\"en-GB\"},{\"@type\":\"Organization\",\"@id\":\"https:\\\/\\\/www.ballettodanceshop.com\\\/#organization\",\"name\":\"Balletto Dance Shop\",\"alternateName\":\"Balletto\",\"url\":\"https:\\\/\\\/www.ballettodanceshop.com\\\/\",\"logo\":{\"@type\":\"ImageObject\",\"inLanguage\":\"en-GB\",\"@id\":\"https:\\\/\\\/www.ballettodanceshop.com\\\/#\\\/schema\\\/logo\\\/image\\\/\",\"url\":\"https:\\\/\\\/www.ballettodanceshop.com\\\/wp-content\\\/uploads\\\/2025\\\/06\\\/LOGO-1.png\",\"contentUrl\":\"https:\\\/\\\/www.ballettodanceshop.com\\\/wp-content\\\/uploads\\\/2025\\\/06\\\/LOGO-1.png\",\"width\":508,\"height\":209,\"caption\":\"Balletto Dance Shop\"},\"image\":{\"@id\":\"https:\\\/\\\/www.ballettodanceshop.com\\\/#\\\/schema\\\/logo\\\/image\\\/\"},\"sameAs\":[\"https:\\\/\\\/www.facebook.com\\\/Ballettodanceshop\\\/\",\"https:\\\/\\\/x.com\\\/ballettodance\",\"https:\\\/\\\/www.tiktok.com\\\/@ballettodanceshop\",\"https:\\\/\\\/fr.linkedin.com\\\/company\\\/ballettodaneshop\",\"https:\\\/\\\/fr.pinterest.com\\\/ballettodanceshop\\\/\",\"https:\\\/\\\/www.threads.com\\\/@ballettodanceshop\",\"https:\\\/\\\/www.instagram.com\\\/ballettodanceshop\\\/\",\"https:\\\/\\\/www.youtube.com\\\/@ballettodanceshop\"]}]}<\/script>\n<!-- \/ Yoast SEO plugin. -->","yoast_head_json":{"title":"Smoothies\u2122 Gel Nipple Cover - Balletto Dance Shop","description":"Accessoire indispensable pour la danseuse. Effet invisible sous vos tenues fines ou \u00e9chancr\u00e9es. R\u00e9utilisables et imperceptibles telle une seconde peau.","robots":{"index":"index","follow":"follow","max-snippet":"max-snippet:-1","max-image-preview":"max-image-preview:large","max-video-preview":"max-video-preview:-1"},"canonical":"https:\/\/www.ballettodanceshop.com\/en\/smoothies-gel-caps\/","og_locale":"en_GB","og_type":"article","og_title":"Cache-T\u00e9tons en Gel Smoothies\u2122 - Balletto Dance Shop","og_description":"Accessoire indispensable pour la danseuse. Effet invisible sous vos tenues fines ou \u00e9chancr\u00e9es. R\u00e9utilisables et imperceptibles telle une seconde peau.","og_url":"https:\/\/www.ballettodanceshop.com\/en\/smoothies-gel-caps\/","og_site_name":"Balletto Dance Shop","article_publisher":"https:\/\/www.facebook.com\/Ballettodanceshop\/","article_modified_time":"2026-04-06T14:32:08+00:00","og_image":[{"width":1080,"height":1440,"url":"https:\/\/www.ballettodanceshop.com\/wp-content\/uploads\/2026\/02\/Capezio_bunheads_smoothies.webp","type":"image\/webp"}],"twitter_card":"summary_large_image","twitter_site":"@ballettodance","twitter_misc":{"Estimated reading time":"1 minute"},"schema":{"@context":"https:\/\/schema.org","@graph":[{"@type":"WebPage","@id":"https:\/\/www.ballettodanceshop.com\/cache-tetons-en-gel-smoothies\/","url":"https:\/\/www.ballettodanceshop.com\/cache-tetons-en-gel-smoothies\/","name":"Smoothies\u2122 Gel Nipple Cover - Balletto Dance Shop","isPartOf":{"@id":"https:\/\/www.ballettodanceshop.com\/#website"},"primaryImageOfPage":{"@id":"https:\/\/www.ballettodanceshop.com\/cache-tetons-en-gel-smoothies\/#primaryimage"},"image":{"@id":"https:\/\/www.ballettodanceshop.com\/cache-tetons-en-gel-smoothies\/#primaryimage"},"thumbnailUrl":"https:\/\/www.ballettodanceshop.com\/wp-content\/uploads\/2026\/02\/Capezio_bunheads_smoothies.webp","datePublished":"2026-02-02T05:55:41+00:00","dateModified":"2026-04-06T14:32:08+00:00","description":"Accessoire indispensable pour la danseuse. Effet invisible sous vos tenues fines ou \u00e9chancr\u00e9es. R\u00e9utilisables et imperceptibles telle une seconde peau.","breadcrumb":{"@id":"https:\/\/www.ballettodanceshop.com\/cache-tetons-en-gel-smoothies\/#breadcrumb"},"inLanguage":"en-GB","potentialAction":[{"@type":"ReadAction","target":["https:\/\/www.ballettodanceshop.com\/cache-tetons-en-gel-smoothies\/"]}]},{"@type":"ImageObject","inLanguage":"en-GB","@id":"https:\/\/www.ballettodanceshop.com\/cache-tetons-en-gel-smoothies\/#primaryimage","url":"https:\/\/www.ballettodanceshop.com\/wp-content\/uploads\/2026\/02\/Capezio_bunheads_smoothies.webp","contentUrl":"https:\/\/www.ballettodanceshop.com\/wp-content\/uploads\/2026\/02\/Capezio_bunheads_smoothies.webp","width":1080,"height":1440,"caption":"Cache t\u00e9tons danseuse en gel tr\u00e8s souple Bunheads"},{"@type":"BreadcrumbList","@id":"https:\/\/www.ballettodanceshop.com\/cache-tetons-en-gel-smoothies\/#breadcrumb","itemListElement":[{"@type":"ListItem","position":1,"name":"Accueil","item":"https:\/\/www.ballettodanceshop.com\/"},{"@type":"ListItem","position":2,"name":"Produits","item":"https:\/\/www.ballettodanceshop.com\/boutique\/"},{"@type":"ListItem","position":3,"name":"Cache-T\u00e9tons en Gel Smoothies\u2122"}]},{"@type":"WebSite","@id":"https:\/\/www.ballettodanceshop.com\/#website","url":"https:\/\/www.ballettodanceshop.com\/","name":"Balletto Dance Shop","description":"Keep Dancing!","publisher":{"@id":"https:\/\/www.ballettodanceshop.com\/#organization"},"alternateName":"Balletto","potentialAction":[{"@type":"SearchAction","target":{"@type":"EntryPoint","urlTemplate":"https:\/\/www.ballettodanceshop.com\/?s={search_term_string}"},"query-input":{"@type":"PropertyValueSpecification","valueRequired":true,"valueName":"search_term_string"}}],"inLanguage":"en-GB"},{"@type":"Organization","@id":"https:\/\/www.ballettodanceshop.com\/#organization","name":"Balletto Dance Shop","alternateName":"Balletto","url":"https:\/\/www.ballettodanceshop.com\/","logo":{"@type":"ImageObject","inLanguage":"en-GB","@id":"https:\/\/www.ballettodanceshop.com\/#\/schema\/logo\/image\/","url":"https:\/\/www.ballettodanceshop.com\/wp-content\/uploads\/2025\/06\/LOGO-1.png","contentUrl":"https:\/\/www.ballettodanceshop.com\/wp-content\/uploads\/2025\/06\/LOGO-1.png","width":508,"height":209,"caption":"Balletto Dance Shop"},"image":{"@id":"https:\/\/www.ballettodanceshop.com\/#\/schema\/logo\/image\/"},"sameAs":["https:\/\/www.facebook.com\/Ballettodanceshop\/","https:\/\/x.com\/ballettodance","https:\/\/www.tiktok.com\/@ballettodanceshop","https:\/\/fr.linkedin.com\/company\/ballettodaneshop","https:\/\/fr.pinterest.com\/ballettodanceshop\/","https:\/\/www.threads.com\/@ballettodanceshop","https:\/\/www.instagram.com\/ballettodanceshop\/","https:\/\/www.youtube.com\/@ballettodanceshop"]}]}},"_links":{"self":[{"href":"https:\/\/www.ballettodanceshop.com\/en\/wp-json\/wp\/v2\/product\/81199","targetHints":{"allow":["GET"]}}],"collection":[{"href":"https:\/\/www.ballettodanceshop.com\/en\/wp-json\/wp\/v2\/product"}],"about":[{"href":"https:\/\/www.ballettodanceshop.com\/en\/wp-json\/wp\/v2\/types\/product"}],"replies":[{"embeddable":true,"href":"https:\/\/www.ballettodanceshop.com\/en\/wp-json\/wp\/v2\/comments?post=81199"}],"wp:featuredmedia":[{"embeddable":true,"href":"https:\/\/www.ballettodanceshop.com\/en\/wp-json\/wp\/v2\/media\/81200"}],"wp:attachment":[{"href":"https:\/\/www.ballettodanceshop.com\/en\/wp-json\/wp\/v2\/media?parent=81199"}],"wp:term":[{"taxonomy":"product_brand","embeddable":true,"href":"https:\/\/www.ballettodanceshop.com\/en\/wp-json\/wp\/v2\/product_brand?post=81199"},{"taxonomy":"product_cat","embeddable":true,"href":"https:\/\/www.ballettodanceshop.com\/en\/wp-json\/wp\/v2\/product_cat?post=81199"},{"taxonomy":"product_tag","embeddable":true,"href":"https:\/\/www.ballettodanceshop.com\/en\/wp-json\/wp\/v2\/product_tag?post=81199"}],"curies":[{"name":"wp","href":"https:\/\/api.w.org\/{rel}","templated":true}]}}