{"id":80358,"date":"2026-01-17T13:05:23","date_gmt":"2026-01-17T12:05:23","guid":{"rendered":"https:\/\/www.ballettodanceshop.com\/?post_type=product&#038;p=80358"},"modified":"2026-01-17T13:13:34","modified_gmt":"2026-01-17T12:13:34","slug":"grishko-flat-hair-clips","status":"publish","type":"product","link":"https:\/\/www.ballettodanceshop.com\/en\/pinces-a-cheveux-plates-grishko\/","title":{"rendered":"Grishko Flat Hair Clips"},"content":{"rendered":"<p><strong>Grishko Flat Hair Clips<\/strong><\/p>\n<p>HA2006G<\/p>\n<p>Box of 24 flat pliers.<\/p>\n<p>Product features :<\/p>\n<p>- 100 % high-quality metal construction: Designed to last and withstand everyday use.<\/p>\n<p>&#8211; Taille unique : Un design polyvalent qui convient \u00e0 tous les types de cheveux.<\/p>\n<p>- Double-layer coating for optimum hold: your hair stays in place all day long.<\/p>\n<p>&#8211; Disponibles en quatre teintes \u00e9l\u00e9gantes : Trouvez la nuance parfaite pour votre couleur de cheveux. &#8211; Lot g\u00e9n\u00e9reux de 24 \u00e9pingles \u00e0 cheveux : une quantit\u00e9 suffisante pour tous vos besoins de coiffure, y compris pour perfectionner votre chignon de danseuse.<\/p>","protected":false},"excerpt":{"rendered":"<p>Discover the secret of a perfect hairstyle with Grishko hairpins!<\/p>\n<p>Specially designed for dancers, these pins are perfect for creating dancer's buns and other elegant hairstyles.<\/p>\n<p>Made from high-quality, durable metal, they have a double-layer coating for exceptional hold, ensuring that every strand stays in place, whether you're practising or on stage. Available in four stylish shades, they blend seamlessly into your hair and will quickly become an essential part of your styling kit.<\/p>\n<p>Avec 24 \u00e9pingles par paquet, vous aurez toujours de quoi cr\u00e9er le look parfait et inspirer vos amies.<\/p>","protected":false},"featured_media":80359,"comment_status":"open","ping_status":"closed","template":"","meta":{"_acf_changed":false},"product_brand":[],"product_cat":[104,66,67,103,111,154,338,65,59,985,19,25,143,974,62],"product_tag":[786],"class_list":{"0":"post-80358","1":"product","2":"type-product","3":"status-publish","4":"has-post-thumbnail","6":"product_cat-accessoires-athleisure","7":"product_cat-accessoires-classique-filles","8":"product_cat-accessoires","9":"product_cat-athleisure","10":"product_cat-athleisure-yoga-gym-pilates-filles","11":"product_cat-beaute-bien-etre","12":"product_cat-beaute-bien-etre-filles","13":"product_cat-classique-filles","14":"product_cat-concours-et-galas","15":"product_cat-costumes-de-scene","16":"product_cat-femmes","17":"product_cat-filles","18":"product_cat-grishko","19":"product_cat-marques","20":"product_cat-classique","21":"product_tag-livraison-24-a-48h","23":"first","24":"instock","25":"taxable","26":"shipping-taxable","27":"purchasable","28":"product-type-variable"},"acf":[],"yoast_head":"<!-- This site is optimized with the Yoast SEO plugin v27.4 - https:\/\/yoast.com\/product\/yoast-seo-wordpress\/ -->\n<title>Pinces \u00e0 Cheveux Plates Grishko - Balletto Dance Shop<\/title>\n<meta name=\"description\" content=\"Sp\u00e9cialement con\u00e7ues pour les danseuses, ces \u00e9pingles plates de haute qualit\u00e9 sont parfaites pour r\u00e9aliser des chignons et autres coiffures \u00e9l\u00e9gantes.\" \/>\n<meta name=\"robots\" content=\"index, follow, max-snippet:-1, max-image-preview:large, max-video-preview:-1\" \/>\n<link rel=\"canonical\" href=\"https:\/\/www.ballettodanceshop.com\/en\/grishko-flat-hair-clips\/\" \/>\n<meta property=\"og:locale\" content=\"en_GB\" \/>\n<meta property=\"og:type\" content=\"article\" \/>\n<meta property=\"og:title\" content=\"Pinces \u00e0 Cheveux Plates Grishko - Balletto Dance Shop\" \/>\n<meta property=\"og:description\" content=\"Sp\u00e9cialement con\u00e7ues pour les danseuses, ces \u00e9pingles plates de haute qualit\u00e9 sont parfaites pour r\u00e9aliser des chignons et autres coiffures \u00e9l\u00e9gantes.\" \/>\n<meta property=\"og:url\" content=\"https:\/\/www.ballettodanceshop.com\/en\/grishko-flat-hair-clips\/\" \/>\n<meta property=\"og:site_name\" content=\"Balletto Dance Shop\" \/>\n<meta property=\"article:publisher\" content=\"https:\/\/www.facebook.com\/Ballettodanceshop\/\" \/>\n<meta property=\"article:modified_time\" content=\"2026-01-17T12:13:34+00:00\" \/>\n<meta property=\"og:image\" content=\"https:\/\/www.ballettodanceshop.com\/wp-content\/uploads\/2026\/01\/Pinces_Cheveux_Plates_Noirs.jpg\" \/>\n\t<meta property=\"og:image:width\" content=\"1000\" \/>\n\t<meta property=\"og:image:height\" content=\"1400\" \/>\n\t<meta property=\"og:image:type\" content=\"image\/jpeg\" \/>\n<meta name=\"twitter:card\" content=\"summary_large_image\" \/>\n<meta name=\"twitter:site\" content=\"@ballettodance\" \/>\n<meta name=\"twitter:label1\" content=\"Estimated reading time\" \/>\n\t<meta name=\"twitter:data1\" content=\"1 minute\" \/>\n<script type=\"application\/ld+json\" class=\"yoast-schema-graph\">{\"@context\":\"https:\\\/\\\/schema.org\",\"@graph\":[{\"@type\":\"WebPage\",\"@id\":\"https:\\\/\\\/www.ballettodanceshop.com\\\/pinces-a-cheveux-plates-grishko\\\/\",\"url\":\"https:\\\/\\\/www.ballettodanceshop.com\\\/pinces-a-cheveux-plates-grishko\\\/\",\"name\":\"Pinces \u00e0 Cheveux Plates Grishko - Balletto Dance Shop\",\"isPartOf\":{\"@id\":\"https:\\\/\\\/www.ballettodanceshop.com\\\/#website\"},\"primaryImageOfPage\":{\"@id\":\"https:\\\/\\\/www.ballettodanceshop.com\\\/pinces-a-cheveux-plates-grishko\\\/#primaryimage\"},\"image\":{\"@id\":\"https:\\\/\\\/www.ballettodanceshop.com\\\/pinces-a-cheveux-plates-grishko\\\/#primaryimage\"},\"thumbnailUrl\":\"https:\\\/\\\/www.ballettodanceshop.com\\\/wp-content\\\/uploads\\\/2026\\\/01\\\/Pinces_Cheveux_Plates_Noirs.jpg\",\"datePublished\":\"2026-01-17T12:05:23+00:00\",\"dateModified\":\"2026-01-17T12:13:34+00:00\",\"description\":\"Sp\u00e9cialement con\u00e7ues pour les danseuses, ces \u00e9pingles plates de haute qualit\u00e9 sont parfaites pour r\u00e9aliser des chignons et autres coiffures \u00e9l\u00e9gantes.\",\"breadcrumb\":{\"@id\":\"https:\\\/\\\/www.ballettodanceshop.com\\\/pinces-a-cheveux-plates-grishko\\\/#breadcrumb\"},\"inLanguage\":\"en-GB\",\"potentialAction\":[{\"@type\":\"ReadAction\",\"target\":[\"https:\\\/\\\/www.ballettodanceshop.com\\\/pinces-a-cheveux-plates-grishko\\\/\"]}]},{\"@type\":\"ImageObject\",\"inLanguage\":\"en-GB\",\"@id\":\"https:\\\/\\\/www.ballettodanceshop.com\\\/pinces-a-cheveux-plates-grishko\\\/#primaryimage\",\"url\":\"https:\\\/\\\/www.ballettodanceshop.com\\\/wp-content\\\/uploads\\\/2026\\\/01\\\/Pinces_Cheveux_Plates_Noirs.jpg\",\"contentUrl\":\"https:\\\/\\\/www.ballettodanceshop.com\\\/wp-content\\\/uploads\\\/2026\\\/01\\\/Pinces_Cheveux_Plates_Noirs.jpg\",\"width\":1000,\"height\":1400,\"caption\":\"\"},{\"@type\":\"BreadcrumbList\",\"@id\":\"https:\\\/\\\/www.ballettodanceshop.com\\\/pinces-a-cheveux-plates-grishko\\\/#breadcrumb\",\"itemListElement\":[{\"@type\":\"ListItem\",\"position\":1,\"name\":\"Accueil\",\"item\":\"https:\\\/\\\/www.ballettodanceshop.com\\\/\"},{\"@type\":\"ListItem\",\"position\":2,\"name\":\"Produits\",\"item\":\"https:\\\/\\\/www.ballettodanceshop.com\\\/boutique\\\/\"},{\"@type\":\"ListItem\",\"position\":3,\"name\":\"Pinces \u00e0 Cheveux Plates Grishko\"}]},{\"@type\":\"WebSite\",\"@id\":\"https:\\\/\\\/www.ballettodanceshop.com\\\/#website\",\"url\":\"https:\\\/\\\/www.ballettodanceshop.com\\\/\",\"name\":\"Balletto Dance Shop\",\"description\":\"Keep Dancing !\",\"publisher\":{\"@id\":\"https:\\\/\\\/www.ballettodanceshop.com\\\/#organization\"},\"alternateName\":\"Balletto\",\"potentialAction\":[{\"@type\":\"SearchAction\",\"target\":{\"@type\":\"EntryPoint\",\"urlTemplate\":\"https:\\\/\\\/www.ballettodanceshop.com\\\/?s={search_term_string}\"},\"query-input\":{\"@type\":\"PropertyValueSpecification\",\"valueRequired\":true,\"valueName\":\"search_term_string\"}}],\"inLanguage\":\"en-GB\"},{\"@type\":\"Organization\",\"@id\":\"https:\\\/\\\/www.ballettodanceshop.com\\\/#organization\",\"name\":\"Balletto Dance Shop\",\"alternateName\":\"Balletto\",\"url\":\"https:\\\/\\\/www.ballettodanceshop.com\\\/\",\"logo\":{\"@type\":\"ImageObject\",\"inLanguage\":\"en-GB\",\"@id\":\"https:\\\/\\\/www.ballettodanceshop.com\\\/#\\\/schema\\\/logo\\\/image\\\/\",\"url\":\"https:\\\/\\\/www.ballettodanceshop.com\\\/wp-content\\\/uploads\\\/2025\\\/06\\\/LOGO-1.png\",\"contentUrl\":\"https:\\\/\\\/www.ballettodanceshop.com\\\/wp-content\\\/uploads\\\/2025\\\/06\\\/LOGO-1.png\",\"width\":508,\"height\":209,\"caption\":\"Balletto Dance Shop\"},\"image\":{\"@id\":\"https:\\\/\\\/www.ballettodanceshop.com\\\/#\\\/schema\\\/logo\\\/image\\\/\"},\"sameAs\":[\"https:\\\/\\\/www.facebook.com\\\/Ballettodanceshop\\\/\",\"https:\\\/\\\/x.com\\\/ballettodance\",\"https:\\\/\\\/www.tiktok.com\\\/@ballettodanceshop\",\"https:\\\/\\\/fr.linkedin.com\\\/company\\\/ballettodaneshop\",\"https:\\\/\\\/fr.pinterest.com\\\/ballettodanceshop\\\/\",\"https:\\\/\\\/www.threads.com\\\/@ballettodanceshop\",\"https:\\\/\\\/www.instagram.com\\\/ballettodanceshop\\\/\",\"https:\\\/\\\/www.youtube.com\\\/@ballettodanceshop\"]}]}<\/script>\n<!-- \/ Yoast SEO plugin. -->","yoast_head_json":{"title":"Grishko Flat Hair Clips - Balletto Dance Shop","description":"Specially designed for dancers, these high-quality flat pins are perfect for creating chignons and other elegant hairstyles.","robots":{"index":"index","follow":"follow","max-snippet":"max-snippet:-1","max-image-preview":"max-image-preview:large","max-video-preview":"max-video-preview:-1"},"canonical":"https:\/\/www.ballettodanceshop.com\/en\/grishko-flat-hair-clips\/","og_locale":"en_GB","og_type":"article","og_title":"Pinces \u00e0 Cheveux Plates Grishko - Balletto Dance Shop","og_description":"Sp\u00e9cialement con\u00e7ues pour les danseuses, ces \u00e9pingles plates de haute qualit\u00e9 sont parfaites pour r\u00e9aliser des chignons et autres coiffures \u00e9l\u00e9gantes.","og_url":"https:\/\/www.ballettodanceshop.com\/en\/grishko-flat-hair-clips\/","og_site_name":"Balletto Dance Shop","article_publisher":"https:\/\/www.facebook.com\/Ballettodanceshop\/","article_modified_time":"2026-01-17T12:13:34+00:00","og_image":[{"width":1000,"height":1400,"url":"https:\/\/www.ballettodanceshop.com\/wp-content\/uploads\/2026\/01\/Pinces_Cheveux_Plates_Noirs.jpg","type":"image\/jpeg"}],"twitter_card":"summary_large_image","twitter_site":"@ballettodance","twitter_misc":{"Estimated reading time":"1 minute"},"schema":{"@context":"https:\/\/schema.org","@graph":[{"@type":"WebPage","@id":"https:\/\/www.ballettodanceshop.com\/pinces-a-cheveux-plates-grishko\/","url":"https:\/\/www.ballettodanceshop.com\/pinces-a-cheveux-plates-grishko\/","name":"Grishko Flat Hair Clips - Balletto Dance Shop","isPartOf":{"@id":"https:\/\/www.ballettodanceshop.com\/#website"},"primaryImageOfPage":{"@id":"https:\/\/www.ballettodanceshop.com\/pinces-a-cheveux-plates-grishko\/#primaryimage"},"image":{"@id":"https:\/\/www.ballettodanceshop.com\/pinces-a-cheveux-plates-grishko\/#primaryimage"},"thumbnailUrl":"https:\/\/www.ballettodanceshop.com\/wp-content\/uploads\/2026\/01\/Pinces_Cheveux_Plates_Noirs.jpg","datePublished":"2026-01-17T12:05:23+00:00","dateModified":"2026-01-17T12:13:34+00:00","description":"Specially designed for dancers, these high-quality flat pins are perfect for creating chignons and other elegant hairstyles.","breadcrumb":{"@id":"https:\/\/www.ballettodanceshop.com\/pinces-a-cheveux-plates-grishko\/#breadcrumb"},"inLanguage":"en-GB","potentialAction":[{"@type":"ReadAction","target":["https:\/\/www.ballettodanceshop.com\/pinces-a-cheveux-plates-grishko\/"]}]},{"@type":"ImageObject","inLanguage":"en-GB","@id":"https:\/\/www.ballettodanceshop.com\/pinces-a-cheveux-plates-grishko\/#primaryimage","url":"https:\/\/www.ballettodanceshop.com\/wp-content\/uploads\/2026\/01\/Pinces_Cheveux_Plates_Noirs.jpg","contentUrl":"https:\/\/www.ballettodanceshop.com\/wp-content\/uploads\/2026\/01\/Pinces_Cheveux_Plates_Noirs.jpg","width":1000,"height":1400,"caption":""},{"@type":"BreadcrumbList","@id":"https:\/\/www.ballettodanceshop.com\/pinces-a-cheveux-plates-grishko\/#breadcrumb","itemListElement":[{"@type":"ListItem","position":1,"name":"Accueil","item":"https:\/\/www.ballettodanceshop.com\/"},{"@type":"ListItem","position":2,"name":"Produits","item":"https:\/\/www.ballettodanceshop.com\/boutique\/"},{"@type":"ListItem","position":3,"name":"Pinces \u00e0 Cheveux Plates Grishko"}]},{"@type":"WebSite","@id":"https:\/\/www.ballettodanceshop.com\/#website","url":"https:\/\/www.ballettodanceshop.com\/","name":"Balletto Dance Shop","description":"Keep Dancing!","publisher":{"@id":"https:\/\/www.ballettodanceshop.com\/#organization"},"alternateName":"Balletto","potentialAction":[{"@type":"SearchAction","target":{"@type":"EntryPoint","urlTemplate":"https:\/\/www.ballettodanceshop.com\/?s={search_term_string}"},"query-input":{"@type":"PropertyValueSpecification","valueRequired":true,"valueName":"search_term_string"}}],"inLanguage":"en-GB"},{"@type":"Organization","@id":"https:\/\/www.ballettodanceshop.com\/#organization","name":"Balletto Dance Shop","alternateName":"Balletto","url":"https:\/\/www.ballettodanceshop.com\/","logo":{"@type":"ImageObject","inLanguage":"en-GB","@id":"https:\/\/www.ballettodanceshop.com\/#\/schema\/logo\/image\/","url":"https:\/\/www.ballettodanceshop.com\/wp-content\/uploads\/2025\/06\/LOGO-1.png","contentUrl":"https:\/\/www.ballettodanceshop.com\/wp-content\/uploads\/2025\/06\/LOGO-1.png","width":508,"height":209,"caption":"Balletto Dance Shop"},"image":{"@id":"https:\/\/www.ballettodanceshop.com\/#\/schema\/logo\/image\/"},"sameAs":["https:\/\/www.facebook.com\/Ballettodanceshop\/","https:\/\/x.com\/ballettodance","https:\/\/www.tiktok.com\/@ballettodanceshop","https:\/\/fr.linkedin.com\/company\/ballettodaneshop","https:\/\/fr.pinterest.com\/ballettodanceshop\/","https:\/\/www.threads.com\/@ballettodanceshop","https:\/\/www.instagram.com\/ballettodanceshop\/","https:\/\/www.youtube.com\/@ballettodanceshop"]}]}},"_links":{"self":[{"href":"https:\/\/www.ballettodanceshop.com\/en\/wp-json\/wp\/v2\/product\/80358","targetHints":{"allow":["GET"]}}],"collection":[{"href":"https:\/\/www.ballettodanceshop.com\/en\/wp-json\/wp\/v2\/product"}],"about":[{"href":"https:\/\/www.ballettodanceshop.com\/en\/wp-json\/wp\/v2\/types\/product"}],"replies":[{"embeddable":true,"href":"https:\/\/www.ballettodanceshop.com\/en\/wp-json\/wp\/v2\/comments?post=80358"}],"wp:featuredmedia":[{"embeddable":true,"href":"https:\/\/www.ballettodanceshop.com\/en\/wp-json\/wp\/v2\/media\/80359"}],"wp:attachment":[{"href":"https:\/\/www.ballettodanceshop.com\/en\/wp-json\/wp\/v2\/media?parent=80358"}],"wp:term":[{"taxonomy":"product_brand","embeddable":true,"href":"https:\/\/www.ballettodanceshop.com\/en\/wp-json\/wp\/v2\/product_brand?post=80358"},{"taxonomy":"product_cat","embeddable":true,"href":"https:\/\/www.ballettodanceshop.com\/en\/wp-json\/wp\/v2\/product_cat?post=80358"},{"taxonomy":"product_tag","embeddable":true,"href":"https:\/\/www.ballettodanceshop.com\/en\/wp-json\/wp\/v2\/product_tag?post=80358"}],"curies":[{"name":"wp","href":"https:\/\/api.w.org\/{rel}","templated":true}]}}