{"id":79889,"date":"2026-01-26T18:01:48","date_gmt":"2026-01-26T17:01:48","guid":{"rendered":"https:\/\/www.ballettodanceshop.com\/?post_type=product&#038;p=79889"},"modified":"2026-01-26T18:01:49","modified_gmt":"2026-01-26T17:01:49","slug":"dance-sneakers-portdance-groovies-paris","status":"publish","type":"product","link":"https:\/\/www.ballettodanceshop.com\/en\/sneakers-de-danse-portdance-groovies-paris\/","title":{"rendered":"PortDance Groovies Paris Dance Sneakers"},"content":{"rendered":"<p><strong>PortDance Groovies Paris Dance Sneakers<\/strong><\/p>\n<p><span dir=\"auto\">PD GR PARIS Nubuck Beige\/Mesh<\/span><\/p>\n<p><span dir=\"auto\">Heel thickness at back 4cm<\/span><\/p>\n<p><span dir=\"auto\">Made in Portugal<\/span><\/p>","protected":false},"excerpt":{"rendered":"<p class=\"\" data-start=\"181\" data-end=\"1178\"><span dir=\"auto\">Designed for dancers and active lifestyles, our beige leather and mesh trainers combine style, comfort and innovation, offering a unique experience for people who are always on the move.<\/span><\/p>\n<p class=\"\" data-start=\"181\" data-end=\"1178\"><span dir=\"auto\">With their light, fluid PU soles, rotating stitches and removable anatomical insole, Groovies Paris are as distinctive on the dance floor as they are in the city.<\/span><\/p>\n<p class=\"\" data-start=\"181\" data-end=\"1178\"><span dir=\"auto\">Worn during dance classes or in everyday life, these baskets offer suppleness and softness to accompany each step with ease, without compromising on comfort.<\/span><\/p>\n<p class=\"\" data-start=\"181\" data-end=\"1178\"><span dir=\"auto\">Groovies are suitable for all generations, with the mission of bringing lightness and fluidity to the lives of those who wear them.<\/span><\/p>\n<p class=\"\" data-start=\"181\" data-end=\"1178\"><span dir=\"auto\">Plus qu\u2019une simple marque de paniers, Groovies est le choix id\u00e9al pour ceux qui recherchent style et libert\u00e9, sans renoncer au confort. Sur sc\u00e8ne, en cours ou dans la rue, avec Groovies Paris, vous ne vous arr\u00eaterez jamais !<\/span><\/p>\n<p data-start=\"181\" data-end=\"1178\"><span dir=\"auto\">Elles conviennent \u00e0 tous les styles de danse, que ce soit la danse standard, le hiphop, la salsa, la bachata, la kizomba ou la danse en ligne.<\/span><\/p>","protected":false},"featured_media":80956,"comment_status":"open","ping_status":"closed","template":"","meta":{"_acf_changed":false},"product_brand":[],"product_cat":[103,107,141,142,113,140,19,23,974,983],"product_tag":[790],"class_list":{"0":"post-79889","1":"product","2":"type-product","3":"status-publish","4":"has-post-thumbnail","6":"product_cat-athleisure","7":"product_cat-athleisure-yoga-gym-pilates","8":"product_cat-chaussures-danses-latines-hommes","9":"product_cat-chaussures-danses-latines","10":"product_cat-danses-latines","11":"product_cat-danses-latines-hommes","12":"product_cat-femmes","13":"product_cat-hommes","14":"product_cat-marques","15":"product_cat-portdance","16":"product_tag-livraison-1-a-2-semaines","18":"first","19":"instock","20":"taxable","21":"shipping-taxable","22":"purchasable","23":"product-type-variable"},"acf":[],"yoast_head":"<!-- This site is optimized with the Yoast SEO plugin v27.4 - https:\/\/yoast.com\/product\/yoast-seo-wordpress\/ -->\n<title>Sneakers de Danse PortDance Groovies Paris - Balletto Dance Shop<\/title>\n<meta name=\"description\" content=\"Con\u00e7ues pour les danseurs et les adeptes d&#039;un mode de vie actif, nos baskets Groovies en cuir beige et mesh allient style, respirabilit\u00e9 et innovation.\" \/>\n<meta name=\"robots\" content=\"index, follow, max-snippet:-1, max-image-preview:large, max-video-preview:-1\" \/>\n<link rel=\"canonical\" href=\"https:\/\/www.ballettodanceshop.com\/en\/dance-sneakers-portdance-groovies-paris\/\" \/>\n<meta property=\"og:locale\" content=\"en_GB\" \/>\n<meta property=\"og:type\" content=\"article\" \/>\n<meta property=\"og:title\" content=\"Sneakers de Danse PortDance Groovies Paris - Balletto Dance Shop\" \/>\n<meta property=\"og:description\" content=\"Con\u00e7ues pour les danseurs et les adeptes d&#039;un mode de vie actif, nos baskets Groovies en cuir beige et mesh allient style, respirabilit\u00e9 et innovation.\" \/>\n<meta property=\"og:url\" content=\"https:\/\/www.ballettodanceshop.com\/en\/dance-sneakers-portdance-groovies-paris\/\" \/>\n<meta property=\"og:site_name\" content=\"Balletto Dance Shop\" \/>\n<meta property=\"article:publisher\" content=\"https:\/\/www.facebook.com\/Ballettodanceshop\/\" \/>\n<meta property=\"article:modified_time\" content=\"2026-01-26T17:01:49+00:00\" \/>\n<meta property=\"og:image\" content=\"https:\/\/www.ballettodanceshop.com\/wp-content\/uploads\/2026\/01\/Baskets_Danse_Portdance_Groovies_Paris.webp\" \/>\n\t<meta property=\"og:image:width\" content=\"1000\" \/>\n\t<meta property=\"og:image:height\" content=\"800\" \/>\n\t<meta property=\"og:image:type\" content=\"image\/webp\" \/>\n<meta name=\"twitter:card\" content=\"summary_large_image\" \/>\n<meta name=\"twitter:site\" content=\"@ballettodance\" \/>\n<meta name=\"twitter:label1\" content=\"Estimated reading time\" \/>\n\t<meta name=\"twitter:data1\" content=\"1 minute\" \/>\n<script type=\"application\/ld+json\" class=\"yoast-schema-graph\">{\"@context\":\"https:\\\/\\\/schema.org\",\"@graph\":[{\"@type\":\"WebPage\",\"@id\":\"https:\\\/\\\/www.ballettodanceshop.com\\\/sneakers-de-danse-portdance-groovies-paris\\\/\",\"url\":\"https:\\\/\\\/www.ballettodanceshop.com\\\/sneakers-de-danse-portdance-groovies-paris\\\/\",\"name\":\"Sneakers de Danse PortDance Groovies Paris - Balletto Dance Shop\",\"isPartOf\":{\"@id\":\"https:\\\/\\\/www.ballettodanceshop.com\\\/#website\"},\"primaryImageOfPage\":{\"@id\":\"https:\\\/\\\/www.ballettodanceshop.com\\\/sneakers-de-danse-portdance-groovies-paris\\\/#primaryimage\"},\"image\":{\"@id\":\"https:\\\/\\\/www.ballettodanceshop.com\\\/sneakers-de-danse-portdance-groovies-paris\\\/#primaryimage\"},\"thumbnailUrl\":\"https:\\\/\\\/www.ballettodanceshop.com\\\/wp-content\\\/uploads\\\/2026\\\/01\\\/Baskets_Danse_Portdance_Groovies_Paris.webp\",\"datePublished\":\"2026-01-26T17:01:48+00:00\",\"dateModified\":\"2026-01-26T17:01:49+00:00\",\"description\":\"Con\u00e7ues pour les danseurs et les adeptes d'un mode de vie actif, nos baskets Groovies en cuir beige et mesh allient style, respirabilit\u00e9 et innovation.\",\"breadcrumb\":{\"@id\":\"https:\\\/\\\/www.ballettodanceshop.com\\\/sneakers-de-danse-portdance-groovies-paris\\\/#breadcrumb\"},\"inLanguage\":\"en-GB\",\"potentialAction\":[{\"@type\":\"ReadAction\",\"target\":[\"https:\\\/\\\/www.ballettodanceshop.com\\\/sneakers-de-danse-portdance-groovies-paris\\\/\"]}]},{\"@type\":\"ImageObject\",\"inLanguage\":\"en-GB\",\"@id\":\"https:\\\/\\\/www.ballettodanceshop.com\\\/sneakers-de-danse-portdance-groovies-paris\\\/#primaryimage\",\"url\":\"https:\\\/\\\/www.ballettodanceshop.com\\\/wp-content\\\/uploads\\\/2026\\\/01\\\/Baskets_Danse_Portdance_Groovies_Paris.webp\",\"contentUrl\":\"https:\\\/\\\/www.ballettodanceshop.com\\\/wp-content\\\/uploads\\\/2026\\\/01\\\/Baskets_Danse_Portdance_Groovies_Paris.webp\",\"width\":1000,\"height\":800,\"caption\":\"Baskets de danse Portdance Groovies beige\"},{\"@type\":\"BreadcrumbList\",\"@id\":\"https:\\\/\\\/www.ballettodanceshop.com\\\/sneakers-de-danse-portdance-groovies-paris\\\/#breadcrumb\",\"itemListElement\":[{\"@type\":\"ListItem\",\"position\":1,\"name\":\"Accueil\",\"item\":\"https:\\\/\\\/www.ballettodanceshop.com\\\/\"},{\"@type\":\"ListItem\",\"position\":2,\"name\":\"Produits\",\"item\":\"https:\\\/\\\/www.ballettodanceshop.com\\\/boutique\\\/\"},{\"@type\":\"ListItem\",\"position\":3,\"name\":\"Sneakers de Danse PortDance Groovies Paris\"}]},{\"@type\":\"WebSite\",\"@id\":\"https:\\\/\\\/www.ballettodanceshop.com\\\/#website\",\"url\":\"https:\\\/\\\/www.ballettodanceshop.com\\\/\",\"name\":\"Balletto Dance Shop\",\"description\":\"Keep Dancing !\",\"publisher\":{\"@id\":\"https:\\\/\\\/www.ballettodanceshop.com\\\/#organization\"},\"alternateName\":\"Balletto\",\"potentialAction\":[{\"@type\":\"SearchAction\",\"target\":{\"@type\":\"EntryPoint\",\"urlTemplate\":\"https:\\\/\\\/www.ballettodanceshop.com\\\/?s={search_term_string}\"},\"query-input\":{\"@type\":\"PropertyValueSpecification\",\"valueRequired\":true,\"valueName\":\"search_term_string\"}}],\"inLanguage\":\"en-GB\"},{\"@type\":\"Organization\",\"@id\":\"https:\\\/\\\/www.ballettodanceshop.com\\\/#organization\",\"name\":\"Balletto Dance Shop\",\"alternateName\":\"Balletto\",\"url\":\"https:\\\/\\\/www.ballettodanceshop.com\\\/\",\"logo\":{\"@type\":\"ImageObject\",\"inLanguage\":\"en-GB\",\"@id\":\"https:\\\/\\\/www.ballettodanceshop.com\\\/#\\\/schema\\\/logo\\\/image\\\/\",\"url\":\"https:\\\/\\\/www.ballettodanceshop.com\\\/wp-content\\\/uploads\\\/2025\\\/06\\\/LOGO-1.png\",\"contentUrl\":\"https:\\\/\\\/www.ballettodanceshop.com\\\/wp-content\\\/uploads\\\/2025\\\/06\\\/LOGO-1.png\",\"width\":508,\"height\":209,\"caption\":\"Balletto Dance Shop\"},\"image\":{\"@id\":\"https:\\\/\\\/www.ballettodanceshop.com\\\/#\\\/schema\\\/logo\\\/image\\\/\"},\"sameAs\":[\"https:\\\/\\\/www.facebook.com\\\/Ballettodanceshop\\\/\",\"https:\\\/\\\/x.com\\\/ballettodance\",\"https:\\\/\\\/www.tiktok.com\\\/@ballettodanceshop\",\"https:\\\/\\\/fr.linkedin.com\\\/company\\\/ballettodaneshop\",\"https:\\\/\\\/fr.pinterest.com\\\/ballettodanceshop\\\/\",\"https:\\\/\\\/www.threads.com\\\/@ballettodanceshop\",\"https:\\\/\\\/www.instagram.com\\\/ballettodanceshop\\\/\",\"https:\\\/\\\/www.youtube.com\\\/@ballettodanceshop\"]}]}<\/script>\n<!-- \/ Yoast SEO plugin. -->","yoast_head_json":{"title":"PortDance Groovies Paris Dance Sneakers - Balletto Dance Shop","description":"Designed for dancers and active lifestyles, our Groovies trainers in beige leather and mesh combine style, breathability and innovation.","robots":{"index":"index","follow":"follow","max-snippet":"max-snippet:-1","max-image-preview":"max-image-preview:large","max-video-preview":"max-video-preview:-1"},"canonical":"https:\/\/www.ballettodanceshop.com\/en\/dance-sneakers-portdance-groovies-paris\/","og_locale":"en_GB","og_type":"article","og_title":"Sneakers de Danse PortDance Groovies Paris - Balletto Dance Shop","og_description":"Con\u00e7ues pour les danseurs et les adeptes d'un mode de vie actif, nos baskets Groovies en cuir beige et mesh allient style, respirabilit\u00e9 et innovation.","og_url":"https:\/\/www.ballettodanceshop.com\/en\/dance-sneakers-portdance-groovies-paris\/","og_site_name":"Balletto Dance Shop","article_publisher":"https:\/\/www.facebook.com\/Ballettodanceshop\/","article_modified_time":"2026-01-26T17:01:49+00:00","og_image":[{"width":1000,"height":800,"url":"https:\/\/www.ballettodanceshop.com\/wp-content\/uploads\/2026\/01\/Baskets_Danse_Portdance_Groovies_Paris.webp","type":"image\/webp"}],"twitter_card":"summary_large_image","twitter_site":"@ballettodance","twitter_misc":{"Estimated reading time":"1 minute"},"schema":{"@context":"https:\/\/schema.org","@graph":[{"@type":"WebPage","@id":"https:\/\/www.ballettodanceshop.com\/sneakers-de-danse-portdance-groovies-paris\/","url":"https:\/\/www.ballettodanceshop.com\/sneakers-de-danse-portdance-groovies-paris\/","name":"PortDance Groovies Paris Dance Sneakers - Balletto Dance Shop","isPartOf":{"@id":"https:\/\/www.ballettodanceshop.com\/#website"},"primaryImageOfPage":{"@id":"https:\/\/www.ballettodanceshop.com\/sneakers-de-danse-portdance-groovies-paris\/#primaryimage"},"image":{"@id":"https:\/\/www.ballettodanceshop.com\/sneakers-de-danse-portdance-groovies-paris\/#primaryimage"},"thumbnailUrl":"https:\/\/www.ballettodanceshop.com\/wp-content\/uploads\/2026\/01\/Baskets_Danse_Portdance_Groovies_Paris.webp","datePublished":"2026-01-26T17:01:48+00:00","dateModified":"2026-01-26T17:01:49+00:00","description":"Designed for dancers and active lifestyles, our Groovies trainers in beige leather and mesh combine style, breathability and innovation.","breadcrumb":{"@id":"https:\/\/www.ballettodanceshop.com\/sneakers-de-danse-portdance-groovies-paris\/#breadcrumb"},"inLanguage":"en-GB","potentialAction":[{"@type":"ReadAction","target":["https:\/\/www.ballettodanceshop.com\/sneakers-de-danse-portdance-groovies-paris\/"]}]},{"@type":"ImageObject","inLanguage":"en-GB","@id":"https:\/\/www.ballettodanceshop.com\/sneakers-de-danse-portdance-groovies-paris\/#primaryimage","url":"https:\/\/www.ballettodanceshop.com\/wp-content\/uploads\/2026\/01\/Baskets_Danse_Portdance_Groovies_Paris.webp","contentUrl":"https:\/\/www.ballettodanceshop.com\/wp-content\/uploads\/2026\/01\/Baskets_Danse_Portdance_Groovies_Paris.webp","width":1000,"height":800,"caption":"Baskets de danse Portdance Groovies beige"},{"@type":"BreadcrumbList","@id":"https:\/\/www.ballettodanceshop.com\/sneakers-de-danse-portdance-groovies-paris\/#breadcrumb","itemListElement":[{"@type":"ListItem","position":1,"name":"Accueil","item":"https:\/\/www.ballettodanceshop.com\/"},{"@type":"ListItem","position":2,"name":"Produits","item":"https:\/\/www.ballettodanceshop.com\/boutique\/"},{"@type":"ListItem","position":3,"name":"Sneakers de Danse PortDance Groovies Paris"}]},{"@type":"WebSite","@id":"https:\/\/www.ballettodanceshop.com\/#website","url":"https:\/\/www.ballettodanceshop.com\/","name":"Balletto Dance Shop","description":"Keep Dancing!","publisher":{"@id":"https:\/\/www.ballettodanceshop.com\/#organization"},"alternateName":"Balletto","potentialAction":[{"@type":"SearchAction","target":{"@type":"EntryPoint","urlTemplate":"https:\/\/www.ballettodanceshop.com\/?s={search_term_string}"},"query-input":{"@type":"PropertyValueSpecification","valueRequired":true,"valueName":"search_term_string"}}],"inLanguage":"en-GB"},{"@type":"Organization","@id":"https:\/\/www.ballettodanceshop.com\/#organization","name":"Balletto Dance Shop","alternateName":"Balletto","url":"https:\/\/www.ballettodanceshop.com\/","logo":{"@type":"ImageObject","inLanguage":"en-GB","@id":"https:\/\/www.ballettodanceshop.com\/#\/schema\/logo\/image\/","url":"https:\/\/www.ballettodanceshop.com\/wp-content\/uploads\/2025\/06\/LOGO-1.png","contentUrl":"https:\/\/www.ballettodanceshop.com\/wp-content\/uploads\/2025\/06\/LOGO-1.png","width":508,"height":209,"caption":"Balletto Dance Shop"},"image":{"@id":"https:\/\/www.ballettodanceshop.com\/#\/schema\/logo\/image\/"},"sameAs":["https:\/\/www.facebook.com\/Ballettodanceshop\/","https:\/\/x.com\/ballettodance","https:\/\/www.tiktok.com\/@ballettodanceshop","https:\/\/fr.linkedin.com\/company\/ballettodaneshop","https:\/\/fr.pinterest.com\/ballettodanceshop\/","https:\/\/www.threads.com\/@ballettodanceshop","https:\/\/www.instagram.com\/ballettodanceshop\/","https:\/\/www.youtube.com\/@ballettodanceshop"]}]}},"_links":{"self":[{"href":"https:\/\/www.ballettodanceshop.com\/en\/wp-json\/wp\/v2\/product\/79889","targetHints":{"allow":["GET"]}}],"collection":[{"href":"https:\/\/www.ballettodanceshop.com\/en\/wp-json\/wp\/v2\/product"}],"about":[{"href":"https:\/\/www.ballettodanceshop.com\/en\/wp-json\/wp\/v2\/types\/product"}],"replies":[{"embeddable":true,"href":"https:\/\/www.ballettodanceshop.com\/en\/wp-json\/wp\/v2\/comments?post=79889"}],"wp:featuredmedia":[{"embeddable":true,"href":"https:\/\/www.ballettodanceshop.com\/en\/wp-json\/wp\/v2\/media\/80956"}],"wp:attachment":[{"href":"https:\/\/www.ballettodanceshop.com\/en\/wp-json\/wp\/v2\/media?parent=79889"}],"wp:term":[{"taxonomy":"product_brand","embeddable":true,"href":"https:\/\/www.ballettodanceshop.com\/en\/wp-json\/wp\/v2\/product_brand?post=79889"},{"taxonomy":"product_cat","embeddable":true,"href":"https:\/\/www.ballettodanceshop.com\/en\/wp-json\/wp\/v2\/product_cat?post=79889"},{"taxonomy":"product_tag","embeddable":true,"href":"https:\/\/www.ballettodanceshop.com\/en\/wp-json\/wp\/v2\/product_tag?post=79889"}],"curies":[{"name":"wp","href":"https:\/\/api.w.org\/{rel}","templated":true}]}}