{"id":79778,"date":"2026-01-06T07:56:37","date_gmt":"2026-01-06T06:56:37","guid":{"rendered":"https:\/\/www.ballettodanceshop.com\/?post_type=product&#038;p=79778"},"modified":"2026-01-06T08:03:22","modified_gmt":"2026-01-06T07:03:22","slug":"leotard-with-sleeves-3-4-lulli-dancewear-zaria","status":"publish","type":"product","link":"https:\/\/www.ballettodanceshop.com\/en\/justaucorps-a-manches-3-4-lulli-dancewear-zaria\/","title":{"rendered":"Lulli DanceWear Zaria 3\/4 Sleeve Leotard"},"content":{"rendered":"<p><strong>Lulli DanceWear Zaria 3\/4 Sleeve Leotard<\/strong><\/p>\n<p><b class=\"ms-1 product-sku\"><span dir=\"auto\">LUB961HZ<\/span><\/b><\/p>\n<p>Premium microfibre<\/p>\n<p><span dir=\"auto\">Hand wash in cold water.<\/span><\/p>\n<p><span dir=\"auto\">Do not bleach.<\/span><\/p>\n<p><span dir=\"auto\">Do not soak.<\/span><\/p>\n<p><span dir=\"auto\">Do not dry clean.<\/span><\/p>\n<p><span dir=\"auto\">Do not tumble dry.<\/span><\/p>\n<p><span dir=\"auto\">clean from top to bottom.<\/span><\/p>\n<p><span dir=\"auto\">Wash dark colours separately.<\/span><\/p>\n<p><span dir=\"auto\">Remodel while it's still wet.<\/span><\/p>\n<p><span dir=\"auto\">Do not iron.<\/span><\/p>","protected":false},"excerpt":{"rendered":"<p>Elegant 3\/4-sleeved leotard by Lulli DanceWear.<\/p>\n<p>Justaucorps imprim\u00e9 avec de magnifiques d\u00e9tails en tulle extensible sur le buste, les \u00e9paules et les manches qui donne une touche de classe et de sophistication tandis que le dos en V plongeant ajoute ce petit plus qui rend ce justaucorps id\u00e9al pour toute occasion.<\/p>\n<p>Boat neckline in front and V-neck in back.<\/p>\n<p>Sleeves and back yoke in transparent tulle to highlight the headline.<\/p>\n<p>&nbsp;<\/p>","protected":false},"featured_media":79783,"comment_status":"open","ping_status":"closed","template":"","meta":{"_acf_changed":false},"product_brand":[],"product_cat":[19,963,964,959,949,144,966,951,561,62],"product_tag":[793],"class_list":{"0":"post-79778","1":"product","2":"type-product","3":"status-publish","4":"has-post-thumbnail","6":"product_cat-femmes","7":"product_cat-justaucorps-competition","8":"product_cat-justaucorps-couleur-chair","9":"product_cat-justaucorps-danse-contemporaine","10":"product_cat-justaucorps-de-danse","11":"product_cat-justaucorps-tuniques","12":"product_cat-justaucorps-dos-nu","13":"product_cat-justaucorps-manches-longues","14":"product_cat-lulli-dancewear","15":"product_cat-classique","16":"product_tag-livraison-3-a-4-semaines","18":"first","19":"instock","20":"taxable","21":"shipping-taxable","22":"purchasable","23":"product-type-variable"},"acf":[],"yoast_head":"<!-- This site is optimized with the Yoast SEO plugin v27.4 - https:\/\/yoast.com\/product\/yoast-seo-wordpress\/ -->\n<title>Justaucorps \u00e0 Manches 3\/4 Lulli DanceWear Zaria - Balletto Dance Shop<\/title>\n<meta name=\"description\" content=\"Justaucorps de danse classique \u00e0 manches 3\/4 en tulle de couleur pastel. Imprim\u00e9 d\u00e9licatement avec des motifs floraux. Splendide Ouverture dos.\" \/>\n<meta name=\"robots\" content=\"index, follow, max-snippet:-1, max-image-preview:large, max-video-preview:-1\" \/>\n<link rel=\"canonical\" href=\"https:\/\/www.ballettodanceshop.com\/en\/leotard-with-sleeves-3-4-lulli-dancewear-zaria\/\" \/>\n<meta property=\"og:locale\" content=\"en_GB\" \/>\n<meta property=\"og:type\" content=\"article\" \/>\n<meta property=\"og:title\" content=\"Justaucorps \u00e0 Manches 3\/4 Lulli DanceWear Zaria - Balletto Dance Shop\" \/>\n<meta property=\"og:description\" content=\"Justaucorps de danse classique \u00e0 manches 3\/4 en tulle de couleur pastel. Imprim\u00e9 d\u00e9licatement avec des motifs floraux. Splendide Ouverture dos.\" \/>\n<meta property=\"og:url\" content=\"https:\/\/www.ballettodanceshop.com\/en\/leotard-with-sleeves-3-4-lulli-dancewear-zaria\/\" \/>\n<meta property=\"og:site_name\" content=\"Balletto Dance Shop\" \/>\n<meta property=\"article:publisher\" content=\"https:\/\/www.facebook.com\/Ballettodanceshop\/\" \/>\n<meta property=\"article:modified_time\" content=\"2026-01-06T07:03:22+00:00\" \/>\n<meta property=\"og:image\" content=\"https:\/\/www.ballettodanceshop.com\/wp-content\/uploads\/2026\/01\/Justaucorps_Lulli_Nud_LUB961HZ.jpg\" \/>\n\t<meta property=\"og:image:width\" content=\"1024\" \/>\n\t<meta property=\"og:image:height\" content=\"1280\" \/>\n\t<meta property=\"og:image:type\" content=\"image\/jpeg\" \/>\n<meta name=\"twitter:card\" content=\"summary_large_image\" \/>\n<meta name=\"twitter:site\" content=\"@ballettodance\" \/>\n<meta name=\"twitter:label1\" content=\"Estimated reading time\" \/>\n\t<meta name=\"twitter:data1\" content=\"1 minute\" \/>\n<script type=\"application\/ld+json\" class=\"yoast-schema-graph\">{\"@context\":\"https:\\\/\\\/schema.org\",\"@graph\":[{\"@type\":\"WebPage\",\"@id\":\"https:\\\/\\\/www.ballettodanceshop.com\\\/justaucorps-a-manches-3-4-lulli-dancewear-zaria\\\/\",\"url\":\"https:\\\/\\\/www.ballettodanceshop.com\\\/justaucorps-a-manches-3-4-lulli-dancewear-zaria\\\/\",\"name\":\"Justaucorps \u00e0 Manches 3\\\/4 Lulli DanceWear Zaria - Balletto Dance Shop\",\"isPartOf\":{\"@id\":\"https:\\\/\\\/www.ballettodanceshop.com\\\/#website\"},\"primaryImageOfPage\":{\"@id\":\"https:\\\/\\\/www.ballettodanceshop.com\\\/justaucorps-a-manches-3-4-lulli-dancewear-zaria\\\/#primaryimage\"},\"image\":{\"@id\":\"https:\\\/\\\/www.ballettodanceshop.com\\\/justaucorps-a-manches-3-4-lulli-dancewear-zaria\\\/#primaryimage\"},\"thumbnailUrl\":\"https:\\\/\\\/www.ballettodanceshop.com\\\/wp-content\\\/uploads\\\/2026\\\/01\\\/Justaucorps_Lulli_Nud_LUB961HZ.jpg\",\"datePublished\":\"2026-01-06T06:56:37+00:00\",\"dateModified\":\"2026-01-06T07:03:22+00:00\",\"description\":\"Justaucorps de danse classique \u00e0 manches 3\\\/4 en tulle de couleur pastel. Imprim\u00e9 d\u00e9licatement avec des motifs floraux. Splendide Ouverture dos.\",\"breadcrumb\":{\"@id\":\"https:\\\/\\\/www.ballettodanceshop.com\\\/justaucorps-a-manches-3-4-lulli-dancewear-zaria\\\/#breadcrumb\"},\"inLanguage\":\"en-GB\",\"potentialAction\":[{\"@type\":\"ReadAction\",\"target\":[\"https:\\\/\\\/www.ballettodanceshop.com\\\/justaucorps-a-manches-3-4-lulli-dancewear-zaria\\\/\"]}]},{\"@type\":\"ImageObject\",\"inLanguage\":\"en-GB\",\"@id\":\"https:\\\/\\\/www.ballettodanceshop.com\\\/justaucorps-a-manches-3-4-lulli-dancewear-zaria\\\/#primaryimage\",\"url\":\"https:\\\/\\\/www.ballettodanceshop.com\\\/wp-content\\\/uploads\\\/2026\\\/01\\\/Justaucorps_Lulli_Nud_LUB961HZ.jpg\",\"contentUrl\":\"https:\\\/\\\/www.ballettodanceshop.com\\\/wp-content\\\/uploads\\\/2026\\\/01\\\/Justaucorps_Lulli_Nud_LUB961HZ.jpg\",\"width\":1024,\"height\":1280,\"caption\":\"Justaucorps \u00e0 manches 3\\\/4 imprim\u00e9 Lulli Dancewear\"},{\"@type\":\"BreadcrumbList\",\"@id\":\"https:\\\/\\\/www.ballettodanceshop.com\\\/justaucorps-a-manches-3-4-lulli-dancewear-zaria\\\/#breadcrumb\",\"itemListElement\":[{\"@type\":\"ListItem\",\"position\":1,\"name\":\"Accueil\",\"item\":\"https:\\\/\\\/www.ballettodanceshop.com\\\/\"},{\"@type\":\"ListItem\",\"position\":2,\"name\":\"Produits\",\"item\":\"https:\\\/\\\/www.ballettodanceshop.com\\\/boutique\\\/\"},{\"@type\":\"ListItem\",\"position\":3,\"name\":\"Justaucorps \u00e0 Manches 3\\\/4 Lulli DanceWear Zaria\"}]},{\"@type\":\"WebSite\",\"@id\":\"https:\\\/\\\/www.ballettodanceshop.com\\\/#website\",\"url\":\"https:\\\/\\\/www.ballettodanceshop.com\\\/\",\"name\":\"Balletto Dance Shop\",\"description\":\"Keep Dancing !\",\"publisher\":{\"@id\":\"https:\\\/\\\/www.ballettodanceshop.com\\\/#organization\"},\"alternateName\":\"Balletto\",\"potentialAction\":[{\"@type\":\"SearchAction\",\"target\":{\"@type\":\"EntryPoint\",\"urlTemplate\":\"https:\\\/\\\/www.ballettodanceshop.com\\\/?s={search_term_string}\"},\"query-input\":{\"@type\":\"PropertyValueSpecification\",\"valueRequired\":true,\"valueName\":\"search_term_string\"}}],\"inLanguage\":\"en-GB\"},{\"@type\":\"Organization\",\"@id\":\"https:\\\/\\\/www.ballettodanceshop.com\\\/#organization\",\"name\":\"Balletto Dance Shop\",\"alternateName\":\"Balletto\",\"url\":\"https:\\\/\\\/www.ballettodanceshop.com\\\/\",\"logo\":{\"@type\":\"ImageObject\",\"inLanguage\":\"en-GB\",\"@id\":\"https:\\\/\\\/www.ballettodanceshop.com\\\/#\\\/schema\\\/logo\\\/image\\\/\",\"url\":\"https:\\\/\\\/www.ballettodanceshop.com\\\/wp-content\\\/uploads\\\/2025\\\/06\\\/LOGO-1.png\",\"contentUrl\":\"https:\\\/\\\/www.ballettodanceshop.com\\\/wp-content\\\/uploads\\\/2025\\\/06\\\/LOGO-1.png\",\"width\":508,\"height\":209,\"caption\":\"Balletto Dance Shop\"},\"image\":{\"@id\":\"https:\\\/\\\/www.ballettodanceshop.com\\\/#\\\/schema\\\/logo\\\/image\\\/\"},\"sameAs\":[\"https:\\\/\\\/www.facebook.com\\\/Ballettodanceshop\\\/\",\"https:\\\/\\\/x.com\\\/ballettodance\",\"https:\\\/\\\/www.tiktok.com\\\/@ballettodanceshop\",\"https:\\\/\\\/fr.linkedin.com\\\/company\\\/ballettodaneshop\",\"https:\\\/\\\/fr.pinterest.com\\\/ballettodanceshop\\\/\",\"https:\\\/\\\/www.threads.com\\\/@ballettodanceshop\",\"https:\\\/\\\/www.instagram.com\\\/ballettodanceshop\\\/\",\"https:\\\/\\\/www.youtube.com\\\/@ballettodanceshop\"]}]}<\/script>\n<!-- \/ Yoast SEO plugin. -->","yoast_head_json":{"title":"Lulli DanceWear Zaria 3\/4 Sleeve Leotard - Balletto Dance Shop","description":"3\/4-sleeved ballet leotard in pastel-coloured tulle. Delicately printed with floral motifs. Splendid back opening.","robots":{"index":"index","follow":"follow","max-snippet":"max-snippet:-1","max-image-preview":"max-image-preview:large","max-video-preview":"max-video-preview:-1"},"canonical":"https:\/\/www.ballettodanceshop.com\/en\/leotard-with-sleeves-3-4-lulli-dancewear-zaria\/","og_locale":"en_GB","og_type":"article","og_title":"Justaucorps \u00e0 Manches 3\/4 Lulli DanceWear Zaria - Balletto Dance Shop","og_description":"Justaucorps de danse classique \u00e0 manches 3\/4 en tulle de couleur pastel. Imprim\u00e9 d\u00e9licatement avec des motifs floraux. Splendide Ouverture dos.","og_url":"https:\/\/www.ballettodanceshop.com\/en\/leotard-with-sleeves-3-4-lulli-dancewear-zaria\/","og_site_name":"Balletto Dance Shop","article_publisher":"https:\/\/www.facebook.com\/Ballettodanceshop\/","article_modified_time":"2026-01-06T07:03:22+00:00","og_image":[{"width":1024,"height":1280,"url":"https:\/\/www.ballettodanceshop.com\/wp-content\/uploads\/2026\/01\/Justaucorps_Lulli_Nud_LUB961HZ.jpg","type":"image\/jpeg"}],"twitter_card":"summary_large_image","twitter_site":"@ballettodance","twitter_misc":{"Estimated reading time":"1 minute"},"schema":{"@context":"https:\/\/schema.org","@graph":[{"@type":"WebPage","@id":"https:\/\/www.ballettodanceshop.com\/justaucorps-a-manches-3-4-lulli-dancewear-zaria\/","url":"https:\/\/www.ballettodanceshop.com\/justaucorps-a-manches-3-4-lulli-dancewear-zaria\/","name":"Lulli DanceWear Zaria 3\/4 Sleeve Leotard - Balletto Dance Shop","isPartOf":{"@id":"https:\/\/www.ballettodanceshop.com\/#website"},"primaryImageOfPage":{"@id":"https:\/\/www.ballettodanceshop.com\/justaucorps-a-manches-3-4-lulli-dancewear-zaria\/#primaryimage"},"image":{"@id":"https:\/\/www.ballettodanceshop.com\/justaucorps-a-manches-3-4-lulli-dancewear-zaria\/#primaryimage"},"thumbnailUrl":"https:\/\/www.ballettodanceshop.com\/wp-content\/uploads\/2026\/01\/Justaucorps_Lulli_Nud_LUB961HZ.jpg","datePublished":"2026-01-06T06:56:37+00:00","dateModified":"2026-01-06T07:03:22+00:00","description":"3\/4-sleeved ballet leotard in pastel-coloured tulle. Delicately printed with floral motifs. Splendid back opening.","breadcrumb":{"@id":"https:\/\/www.ballettodanceshop.com\/justaucorps-a-manches-3-4-lulli-dancewear-zaria\/#breadcrumb"},"inLanguage":"en-GB","potentialAction":[{"@type":"ReadAction","target":["https:\/\/www.ballettodanceshop.com\/justaucorps-a-manches-3-4-lulli-dancewear-zaria\/"]}]},{"@type":"ImageObject","inLanguage":"en-GB","@id":"https:\/\/www.ballettodanceshop.com\/justaucorps-a-manches-3-4-lulli-dancewear-zaria\/#primaryimage","url":"https:\/\/www.ballettodanceshop.com\/wp-content\/uploads\/2026\/01\/Justaucorps_Lulli_Nud_LUB961HZ.jpg","contentUrl":"https:\/\/www.ballettodanceshop.com\/wp-content\/uploads\/2026\/01\/Justaucorps_Lulli_Nud_LUB961HZ.jpg","width":1024,"height":1280,"caption":"Justaucorps \u00e0 manches 3\/4 imprim\u00e9 Lulli Dancewear"},{"@type":"BreadcrumbList","@id":"https:\/\/www.ballettodanceshop.com\/justaucorps-a-manches-3-4-lulli-dancewear-zaria\/#breadcrumb","itemListElement":[{"@type":"ListItem","position":1,"name":"Accueil","item":"https:\/\/www.ballettodanceshop.com\/"},{"@type":"ListItem","position":2,"name":"Produits","item":"https:\/\/www.ballettodanceshop.com\/boutique\/"},{"@type":"ListItem","position":3,"name":"Justaucorps \u00e0 Manches 3\/4 Lulli DanceWear Zaria"}]},{"@type":"WebSite","@id":"https:\/\/www.ballettodanceshop.com\/#website","url":"https:\/\/www.ballettodanceshop.com\/","name":"Balletto Dance Shop","description":"Keep Dancing!","publisher":{"@id":"https:\/\/www.ballettodanceshop.com\/#organization"},"alternateName":"Balletto","potentialAction":[{"@type":"SearchAction","target":{"@type":"EntryPoint","urlTemplate":"https:\/\/www.ballettodanceshop.com\/?s={search_term_string}"},"query-input":{"@type":"PropertyValueSpecification","valueRequired":true,"valueName":"search_term_string"}}],"inLanguage":"en-GB"},{"@type":"Organization","@id":"https:\/\/www.ballettodanceshop.com\/#organization","name":"Balletto Dance Shop","alternateName":"Balletto","url":"https:\/\/www.ballettodanceshop.com\/","logo":{"@type":"ImageObject","inLanguage":"en-GB","@id":"https:\/\/www.ballettodanceshop.com\/#\/schema\/logo\/image\/","url":"https:\/\/www.ballettodanceshop.com\/wp-content\/uploads\/2025\/06\/LOGO-1.png","contentUrl":"https:\/\/www.ballettodanceshop.com\/wp-content\/uploads\/2025\/06\/LOGO-1.png","width":508,"height":209,"caption":"Balletto Dance Shop"},"image":{"@id":"https:\/\/www.ballettodanceshop.com\/#\/schema\/logo\/image\/"},"sameAs":["https:\/\/www.facebook.com\/Ballettodanceshop\/","https:\/\/x.com\/ballettodance","https:\/\/www.tiktok.com\/@ballettodanceshop","https:\/\/fr.linkedin.com\/company\/ballettodaneshop","https:\/\/fr.pinterest.com\/ballettodanceshop\/","https:\/\/www.threads.com\/@ballettodanceshop","https:\/\/www.instagram.com\/ballettodanceshop\/","https:\/\/www.youtube.com\/@ballettodanceshop"]}]}},"_links":{"self":[{"href":"https:\/\/www.ballettodanceshop.com\/en\/wp-json\/wp\/v2\/product\/79778","targetHints":{"allow":["GET"]}}],"collection":[{"href":"https:\/\/www.ballettodanceshop.com\/en\/wp-json\/wp\/v2\/product"}],"about":[{"href":"https:\/\/www.ballettodanceshop.com\/en\/wp-json\/wp\/v2\/types\/product"}],"replies":[{"embeddable":true,"href":"https:\/\/www.ballettodanceshop.com\/en\/wp-json\/wp\/v2\/comments?post=79778"}],"wp:featuredmedia":[{"embeddable":true,"href":"https:\/\/www.ballettodanceshop.com\/en\/wp-json\/wp\/v2\/media\/79783"}],"wp:attachment":[{"href":"https:\/\/www.ballettodanceshop.com\/en\/wp-json\/wp\/v2\/media?parent=79778"}],"wp:term":[{"taxonomy":"product_brand","embeddable":true,"href":"https:\/\/www.ballettodanceshop.com\/en\/wp-json\/wp\/v2\/product_brand?post=79778"},{"taxonomy":"product_cat","embeddable":true,"href":"https:\/\/www.ballettodanceshop.com\/en\/wp-json\/wp\/v2\/product_cat?post=79778"},{"taxonomy":"product_tag","embeddable":true,"href":"https:\/\/www.ballettodanceshop.com\/en\/wp-json\/wp\/v2\/product_tag?post=79778"}],"curies":[{"name":"wp","href":"https:\/\/api.w.org\/{rel}","templated":true}]}}