{"id":78889,"date":"2025-12-09T16:29:50","date_gmt":"2025-12-09T15:29:50","guid":{"rendered":"https:\/\/www.ballettodanceshop.com\/?post_type=product&#038;p=78889"},"modified":"2026-04-21T16:10:54","modified_gmt":"2026-04-21T14:10:54","slug":"portdance-serena-silver-latin-dance-shoes","status":"publish","type":"product","link":"https:\/\/www.ballettodanceshop.com\/en\/chaussures-de-danses-latines-argentees-portdance-serena\/","title":{"rendered":"PortDance Serena Silver Dance Shoes"},"content":{"rendered":"<p><strong>PortDance Serena Silver Dance Shoes<\/strong><\/p>\n<p>PD PRO002<\/p>\n<p>Genuine leather<\/p>\n<p>Heel 70cm<\/p>\n<p>Made in Portugal<\/p>","protected":false},"excerpt":{"rendered":"<p><span dir=\"auto\">Very feminine dance shoes in crackled silver leather <\/span><span dir=\"auto\">designed to enhance your performance thanks to their style, comfort and stability.<\/span><\/p>\n<p><span dir=\"auto\">The superb silver crackle leather pattern adds a touch of glamour and sophistication.<\/span><\/p>\n<p><span dir=\"auto\">Superior craftsmanship ensures durability and reliability during intense dance sessions.<\/span><\/p>\n<p><span dir=\"auto\">The secure buckle fastening offers a customised, secure fit.<\/span><\/p>\n<p><span dir=\"auto\">The cushioned insole provides exceptional comfort and support for extended wear.<\/span><\/p>\n<p><span dir=\"auto\">The suede sole provides optimum grip and glide for precise movement.<\/span><\/p>\n<p><span dir=\"auto\">Ideal for ballroom and Latin dance competitions, these shoes combine elegance and performance.<\/span><\/p>\n<p><span dir=\"auto\">Que vous dansiez le cha-cha ou la samba, les chaussures de danse PortDance Serena en cuir pour femmes vous feront briller sur la piste. Enfilez les et laissez votre passion pour la danse s&rsquo;exprimer pleinement !<\/span><\/p>","protected":false},"featured_media":78896,"comment_status":"open","ping_status":"closed","template":"","meta":{"_acf_changed":false},"product_brand":[],"product_cat":[142,113,19,983,272,273],"product_tag":[786],"class_list":{"0":"post-78889","1":"product","2":"type-product","3":"status-publish","4":"has-post-thumbnail","6":"product_cat-chaussures-danses-latines","7":"product_cat-danses-latines","8":"product_cat-femmes","9":"product_cat-portdance","10":"product_cat-promotions","11":"product_cat-promotions-femmes","12":"product_tag-livraison-24-a-48h","14":"first","15":"instock","16":"sale","17":"taxable","18":"shipping-taxable","19":"purchasable","20":"product-type-variable"},"acf":[],"yoast_head":"<!-- This site is optimized with the Yoast SEO plugin v27.4 - https:\/\/yoast.com\/product\/yoast-seo-wordpress\/ -->\n<title>Chaussures de Danses Latines Argent\u00e9es PortDance Serena - Balletto Dance Shop<\/title>\n<meta name=\"description\" content=\"De magnifiques chaussures de danse en cuir con\u00e7ues pour ajouter de l&#039;\u00e9l\u00e9gance \u00e0 vos mouvements. Elles sont dot\u00e9es d&#039;une barre T et d&#039;une boucle en strass.\" \/>\n<meta name=\"robots\" content=\"index, follow, max-snippet:-1, max-image-preview:large, max-video-preview:-1\" \/>\n<link rel=\"canonical\" href=\"https:\/\/www.ballettodanceshop.com\/en\/portdance-serena-silver-latin-dance-shoes\/\" \/>\n<meta property=\"og:locale\" content=\"en_GB\" \/>\n<meta property=\"og:type\" content=\"article\" \/>\n<meta property=\"og:title\" content=\"Chaussures de Danses Latines Argent\u00e9es PortDance Serena - Balletto Dance Shop\" \/>\n<meta property=\"og:description\" content=\"De magnifiques chaussures de danse en cuir con\u00e7ues pour ajouter de l&#039;\u00e9l\u00e9gance \u00e0 vos mouvements. Elles sont dot\u00e9es d&#039;une barre T et d&#039;une boucle en strass.\" \/>\n<meta property=\"og:url\" content=\"https:\/\/www.ballettodanceshop.com\/en\/portdance-serena-silver-latin-dance-shoes\/\" \/>\n<meta property=\"og:site_name\" content=\"Balletto Dance Shop\" \/>\n<meta property=\"article:publisher\" content=\"https:\/\/www.facebook.com\/Ballettodanceshop\/\" \/>\n<meta property=\"article:modified_time\" content=\"2026-04-21T14:10:54+00:00\" \/>\n<meta property=\"og:image\" content=\"https:\/\/www.ballettodanceshop.com\/wp-content\/uploads\/2025\/12\/Chaussures_Latines_PortDance_Serena_Pro_002.webp\" \/>\n\t<meta property=\"og:image:width\" content=\"1000\" \/>\n\t<meta property=\"og:image:height\" content=\"800\" \/>\n\t<meta property=\"og:image:type\" content=\"image\/webp\" \/>\n<meta name=\"twitter:card\" content=\"summary_large_image\" \/>\n<meta name=\"twitter:site\" content=\"@ballettodance\" \/>\n<meta name=\"twitter:label1\" content=\"Estimated reading time\" \/>\n\t<meta name=\"twitter:data1\" content=\"1 minute\" \/>\n<script type=\"application\/ld+json\" class=\"yoast-schema-graph\">{\"@context\":\"https:\\\/\\\/schema.org\",\"@graph\":[{\"@type\":\"WebPage\",\"@id\":\"https:\\\/\\\/www.ballettodanceshop.com\\\/chaussures-de-danses-latines-argentees-portdance-serena\\\/\",\"url\":\"https:\\\/\\\/www.ballettodanceshop.com\\\/chaussures-de-danses-latines-argentees-portdance-serena\\\/\",\"name\":\"Chaussures de Danses Latines Argent\u00e9es PortDance Serena - Balletto Dance Shop\",\"isPartOf\":{\"@id\":\"https:\\\/\\\/www.ballettodanceshop.com\\\/#website\"},\"primaryImageOfPage\":{\"@id\":\"https:\\\/\\\/www.ballettodanceshop.com\\\/chaussures-de-danses-latines-argentees-portdance-serena\\\/#primaryimage\"},\"image\":{\"@id\":\"https:\\\/\\\/www.ballettodanceshop.com\\\/chaussures-de-danses-latines-argentees-portdance-serena\\\/#primaryimage\"},\"thumbnailUrl\":\"https:\\\/\\\/www.ballettodanceshop.com\\\/wp-content\\\/uploads\\\/2025\\\/12\\\/Chaussures_Latines_PortDance_Serena_Pro_002.webp\",\"datePublished\":\"2025-12-09T15:29:50+00:00\",\"dateModified\":\"2026-04-21T14:10:54+00:00\",\"description\":\"De magnifiques chaussures de danse en cuir con\u00e7ues pour ajouter de l'\u00e9l\u00e9gance \u00e0 vos mouvements. Elles sont dot\u00e9es d'une barre T et d'une boucle en strass.\",\"breadcrumb\":{\"@id\":\"https:\\\/\\\/www.ballettodanceshop.com\\\/chaussures-de-danses-latines-argentees-portdance-serena\\\/#breadcrumb\"},\"inLanguage\":\"en-GB\",\"potentialAction\":[{\"@type\":\"ReadAction\",\"target\":[\"https:\\\/\\\/www.ballettodanceshop.com\\\/chaussures-de-danses-latines-argentees-portdance-serena\\\/\"]}]},{\"@type\":\"ImageObject\",\"inLanguage\":\"en-GB\",\"@id\":\"https:\\\/\\\/www.ballettodanceshop.com\\\/chaussures-de-danses-latines-argentees-portdance-serena\\\/#primaryimage\",\"url\":\"https:\\\/\\\/www.ballettodanceshop.com\\\/wp-content\\\/uploads\\\/2025\\\/12\\\/Chaussures_Latines_PortDance_Serena_Pro_002.webp\",\"contentUrl\":\"https:\\\/\\\/www.ballettodanceshop.com\\\/wp-content\\\/uploads\\\/2025\\\/12\\\/Chaussures_Latines_PortDance_Serena_Pro_002.webp\",\"width\":1000,\"height\":800,\"caption\":\"Chaussures de danses latines argent\u00e9es\"},{\"@type\":\"BreadcrumbList\",\"@id\":\"https:\\\/\\\/www.ballettodanceshop.com\\\/chaussures-de-danses-latines-argentees-portdance-serena\\\/#breadcrumb\",\"itemListElement\":[{\"@type\":\"ListItem\",\"position\":1,\"name\":\"Accueil\",\"item\":\"https:\\\/\\\/www.ballettodanceshop.com\\\/\"},{\"@type\":\"ListItem\",\"position\":2,\"name\":\"Produits\",\"item\":\"https:\\\/\\\/www.ballettodanceshop.com\\\/boutique\\\/\"},{\"@type\":\"ListItem\",\"position\":3,\"name\":\"Chaussures de Danses Latines Argent\u00e9es PortDance Serena\"}]},{\"@type\":\"WebSite\",\"@id\":\"https:\\\/\\\/www.ballettodanceshop.com\\\/#website\",\"url\":\"https:\\\/\\\/www.ballettodanceshop.com\\\/\",\"name\":\"Balletto Dance Shop\",\"description\":\"Keep Dancing !\",\"publisher\":{\"@id\":\"https:\\\/\\\/www.ballettodanceshop.com\\\/#organization\"},\"alternateName\":\"Balletto\",\"potentialAction\":[{\"@type\":\"SearchAction\",\"target\":{\"@type\":\"EntryPoint\",\"urlTemplate\":\"https:\\\/\\\/www.ballettodanceshop.com\\\/?s={search_term_string}\"},\"query-input\":{\"@type\":\"PropertyValueSpecification\",\"valueRequired\":true,\"valueName\":\"search_term_string\"}}],\"inLanguage\":\"en-GB\"},{\"@type\":\"Organization\",\"@id\":\"https:\\\/\\\/www.ballettodanceshop.com\\\/#organization\",\"name\":\"Balletto Dance Shop\",\"alternateName\":\"Balletto\",\"url\":\"https:\\\/\\\/www.ballettodanceshop.com\\\/\",\"logo\":{\"@type\":\"ImageObject\",\"inLanguage\":\"en-GB\",\"@id\":\"https:\\\/\\\/www.ballettodanceshop.com\\\/#\\\/schema\\\/logo\\\/image\\\/\",\"url\":\"https:\\\/\\\/www.ballettodanceshop.com\\\/wp-content\\\/uploads\\\/2025\\\/06\\\/LOGO-1.png\",\"contentUrl\":\"https:\\\/\\\/www.ballettodanceshop.com\\\/wp-content\\\/uploads\\\/2025\\\/06\\\/LOGO-1.png\",\"width\":508,\"height\":209,\"caption\":\"Balletto Dance Shop\"},\"image\":{\"@id\":\"https:\\\/\\\/www.ballettodanceshop.com\\\/#\\\/schema\\\/logo\\\/image\\\/\"},\"sameAs\":[\"https:\\\/\\\/www.facebook.com\\\/Ballettodanceshop\\\/\",\"https:\\\/\\\/x.com\\\/ballettodance\",\"https:\\\/\\\/www.tiktok.com\\\/@ballettodanceshop\",\"https:\\\/\\\/fr.linkedin.com\\\/company\\\/ballettodaneshop\",\"https:\\\/\\\/fr.pinterest.com\\\/ballettodanceshop\\\/\",\"https:\\\/\\\/www.threads.com\\\/@ballettodanceshop\",\"https:\\\/\\\/www.instagram.com\\\/ballettodanceshop\\\/\",\"https:\\\/\\\/www.youtube.com\\\/@ballettodanceshop\"]}]}<\/script>\n<!-- \/ Yoast SEO plugin. -->","yoast_head_json":{"title":"PortDance Serena Silver Ballroom Shoes - Balletto Dance Shop","description":"Magnificent leather dance shoes designed to add elegance to your movements. They feature a T-bar and rhinestone buckle.","robots":{"index":"index","follow":"follow","max-snippet":"max-snippet:-1","max-image-preview":"max-image-preview:large","max-video-preview":"max-video-preview:-1"},"canonical":"https:\/\/www.ballettodanceshop.com\/en\/portdance-serena-silver-latin-dance-shoes\/","og_locale":"en_GB","og_type":"article","og_title":"Chaussures de Danses Latines Argent\u00e9es PortDance Serena - Balletto Dance Shop","og_description":"De magnifiques chaussures de danse en cuir con\u00e7ues pour ajouter de l'\u00e9l\u00e9gance \u00e0 vos mouvements. Elles sont dot\u00e9es d'une barre T et d'une boucle en strass.","og_url":"https:\/\/www.ballettodanceshop.com\/en\/portdance-serena-silver-latin-dance-shoes\/","og_site_name":"Balletto Dance Shop","article_publisher":"https:\/\/www.facebook.com\/Ballettodanceshop\/","article_modified_time":"2026-04-21T14:10:54+00:00","og_image":[{"width":1000,"height":800,"url":"https:\/\/www.ballettodanceshop.com\/wp-content\/uploads\/2025\/12\/Chaussures_Latines_PortDance_Serena_Pro_002.webp","type":"image\/webp"}],"twitter_card":"summary_large_image","twitter_site":"@ballettodance","twitter_misc":{"Estimated reading time":"1 minute"},"schema":{"@context":"https:\/\/schema.org","@graph":[{"@type":"WebPage","@id":"https:\/\/www.ballettodanceshop.com\/chaussures-de-danses-latines-argentees-portdance-serena\/","url":"https:\/\/www.ballettodanceshop.com\/chaussures-de-danses-latines-argentees-portdance-serena\/","name":"PortDance Serena Silver Ballroom Shoes - Balletto Dance Shop","isPartOf":{"@id":"https:\/\/www.ballettodanceshop.com\/#website"},"primaryImageOfPage":{"@id":"https:\/\/www.ballettodanceshop.com\/chaussures-de-danses-latines-argentees-portdance-serena\/#primaryimage"},"image":{"@id":"https:\/\/www.ballettodanceshop.com\/chaussures-de-danses-latines-argentees-portdance-serena\/#primaryimage"},"thumbnailUrl":"https:\/\/www.ballettodanceshop.com\/wp-content\/uploads\/2025\/12\/Chaussures_Latines_PortDance_Serena_Pro_002.webp","datePublished":"2025-12-09T15:29:50+00:00","dateModified":"2026-04-21T14:10:54+00:00","description":"Magnificent leather dance shoes designed to add elegance to your movements. They feature a T-bar and rhinestone buckle.","breadcrumb":{"@id":"https:\/\/www.ballettodanceshop.com\/chaussures-de-danses-latines-argentees-portdance-serena\/#breadcrumb"},"inLanguage":"en-GB","potentialAction":[{"@type":"ReadAction","target":["https:\/\/www.ballettodanceshop.com\/chaussures-de-danses-latines-argentees-portdance-serena\/"]}]},{"@type":"ImageObject","inLanguage":"en-GB","@id":"https:\/\/www.ballettodanceshop.com\/chaussures-de-danses-latines-argentees-portdance-serena\/#primaryimage","url":"https:\/\/www.ballettodanceshop.com\/wp-content\/uploads\/2025\/12\/Chaussures_Latines_PortDance_Serena_Pro_002.webp","contentUrl":"https:\/\/www.ballettodanceshop.com\/wp-content\/uploads\/2025\/12\/Chaussures_Latines_PortDance_Serena_Pro_002.webp","width":1000,"height":800,"caption":"Chaussures de danses latines argent\u00e9es"},{"@type":"BreadcrumbList","@id":"https:\/\/www.ballettodanceshop.com\/chaussures-de-danses-latines-argentees-portdance-serena\/#breadcrumb","itemListElement":[{"@type":"ListItem","position":1,"name":"Accueil","item":"https:\/\/www.ballettodanceshop.com\/"},{"@type":"ListItem","position":2,"name":"Produits","item":"https:\/\/www.ballettodanceshop.com\/boutique\/"},{"@type":"ListItem","position":3,"name":"Chaussures de Danses Latines Argent\u00e9es PortDance Serena"}]},{"@type":"WebSite","@id":"https:\/\/www.ballettodanceshop.com\/#website","url":"https:\/\/www.ballettodanceshop.com\/","name":"Balletto Dance Shop","description":"Keep Dancing!","publisher":{"@id":"https:\/\/www.ballettodanceshop.com\/#organization"},"alternateName":"Balletto","potentialAction":[{"@type":"SearchAction","target":{"@type":"EntryPoint","urlTemplate":"https:\/\/www.ballettodanceshop.com\/?s={search_term_string}"},"query-input":{"@type":"PropertyValueSpecification","valueRequired":true,"valueName":"search_term_string"}}],"inLanguage":"en-GB"},{"@type":"Organization","@id":"https:\/\/www.ballettodanceshop.com\/#organization","name":"Balletto Dance Shop","alternateName":"Balletto","url":"https:\/\/www.ballettodanceshop.com\/","logo":{"@type":"ImageObject","inLanguage":"en-GB","@id":"https:\/\/www.ballettodanceshop.com\/#\/schema\/logo\/image\/","url":"https:\/\/www.ballettodanceshop.com\/wp-content\/uploads\/2025\/06\/LOGO-1.png","contentUrl":"https:\/\/www.ballettodanceshop.com\/wp-content\/uploads\/2025\/06\/LOGO-1.png","width":508,"height":209,"caption":"Balletto Dance Shop"},"image":{"@id":"https:\/\/www.ballettodanceshop.com\/#\/schema\/logo\/image\/"},"sameAs":["https:\/\/www.facebook.com\/Ballettodanceshop\/","https:\/\/x.com\/ballettodance","https:\/\/www.tiktok.com\/@ballettodanceshop","https:\/\/fr.linkedin.com\/company\/ballettodaneshop","https:\/\/fr.pinterest.com\/ballettodanceshop\/","https:\/\/www.threads.com\/@ballettodanceshop","https:\/\/www.instagram.com\/ballettodanceshop\/","https:\/\/www.youtube.com\/@ballettodanceshop"]}]}},"_links":{"self":[{"href":"https:\/\/www.ballettodanceshop.com\/en\/wp-json\/wp\/v2\/product\/78889","targetHints":{"allow":["GET"]}}],"collection":[{"href":"https:\/\/www.ballettodanceshop.com\/en\/wp-json\/wp\/v2\/product"}],"about":[{"href":"https:\/\/www.ballettodanceshop.com\/en\/wp-json\/wp\/v2\/types\/product"}],"replies":[{"embeddable":true,"href":"https:\/\/www.ballettodanceshop.com\/en\/wp-json\/wp\/v2\/comments?post=78889"}],"wp:featuredmedia":[{"embeddable":true,"href":"https:\/\/www.ballettodanceshop.com\/en\/wp-json\/wp\/v2\/media\/78896"}],"wp:attachment":[{"href":"https:\/\/www.ballettodanceshop.com\/en\/wp-json\/wp\/v2\/media?parent=78889"}],"wp:term":[{"taxonomy":"product_brand","embeddable":true,"href":"https:\/\/www.ballettodanceshop.com\/en\/wp-json\/wp\/v2\/product_brand?post=78889"},{"taxonomy":"product_cat","embeddable":true,"href":"https:\/\/www.ballettodanceshop.com\/en\/wp-json\/wp\/v2\/product_cat?post=78889"},{"taxonomy":"product_tag","embeddable":true,"href":"https:\/\/www.ballettodanceshop.com\/en\/wp-json\/wp\/v2\/product_tag?post=78889"}],"curies":[{"name":"wp","href":"https:\/\/api.w.org\/{rel}","templated":true}]}}