{"id":77212,"date":"2025-11-06T09:13:56","date_gmt":"2025-11-06T08:13:56","guid":{"rendered":"https:\/\/www.ballettodanceshop.com\/?post_type=product&#038;p=77212"},"modified":"2025-11-12T18:36:19","modified_gmt":"2025-11-12T17:36:19","slug":"mixed-dance-trainers-portdance-groovies-chicago","status":"publish","type":"product","link":"https:\/\/www.ballettodanceshop.com\/en\/baskets-de-danse-mixtes-portdance-groovies-chicago\/","title":{"rendered":"Mixed Dance Sneakers PortDance Groovies Chicago"},"content":{"rendered":"<p><strong>Mixed Dance Sneakers PortDance Groovies Chicago<\/strong><\/p>\n<p>PD GR Chicago Black\/Bordeaux<\/p>\n<p>100% Leather<\/p>\n<p>Handmade in Portugal<\/p>","protected":false},"excerpt":{"rendered":"<p class=\"\" data-start=\"181\" data-end=\"1178\"><span dir=\"auto\">Designed for dancers and active lifestyles, our black leather trainers combine style, comfort and innovation, offering a unique experience for those who are always on the move. <\/span><\/p>\n<p class=\"\" data-start=\"181\" data-end=\"1178\"><span dir=\"auto\">With light, flowing PU soles, pivoting studs and a removable anatomical insole, Groovies Chicago are made to shine on the dancefloor as well as in town.<\/span><\/p>\n<p class=\"\" data-start=\"181\" data-end=\"1178\"><span dir=\"auto\">Whether worn for dance lessons or everyday wear, these trainers are soft and supple, so you can take every step with ease, without ever sacrificing comfort. <\/span><\/p>\n<p class=\"\" data-start=\"181\" data-end=\"1178\"><span dir=\"auto\">Groovies adapt to each generation, with the mission of bringing lightness and fluidity to the lives of those who wear them.<\/span><\/p>\n<p class=\"\" data-start=\"181\" data-end=\"1178\"><span dir=\"auto\">Bien plus qu&rsquo;une simple baskets de danse, Groovies est le choix de celles et ceux qui veulent vivre avec style et libert\u00e9, sans sacrifier le confort. Sur sc\u00e8ne, en cours ou dans la rue, avec les Groovies Chicago aux pieds, vous ne vous arr\u00eatez jamais de danser.<\/span><\/p>","protected":false},"featured_media":77226,"comment_status":"open","ping_status":"closed","template":"","meta":{"_acf_changed":false},"product_brand":[],"product_cat":[141,142,113,140,19,26,23,89,91,105,983,258,255,257],"product_tag":[790],"class_list":{"0":"post-77212","1":"product","2":"type-product","3":"status-publish","4":"has-post-thumbnail","6":"product_cat-chaussures-danses-latines-hommes","7":"product_cat-chaussures-danses-latines","8":"product_cat-danses-latines","9":"product_cat-danses-latines-hommes","10":"product_cat-femmes","11":"product_cat-garcons","12":"product_cat-hommes","13":"product_cat-jazz-hommes","14":"product_cat-jazz","15":"product_cat-jazz-garcons","16":"product_cat-portdance","17":"product_cat-sneakers-jazz-hommes","18":"product_cat-sneakers","19":"product_cat-sneakers-jazz-garcons","20":"product_tag-livraison-1-a-2-semaines","22":"first","23":"instock","24":"taxable","25":"shipping-taxable","26":"purchasable","27":"product-type-variable"},"acf":[],"yoast_head":"<!-- This site is optimized with the Yoast SEO plugin v27.4 - https:\/\/yoast.com\/product\/yoast-seo-wordpress\/ -->\n<title>Baskets de Danse Mixtes PortDance Groovies Chicago - Balletto Dance Shop<\/title>\n<meta name=\"description\" content=\"Con\u00e7ues pour les danseurs et les adeptes d&#039;un mode de vie actif, nos baskets en cuir allient style, confort et innovation, offrant une exp\u00e9rience unique.\" \/>\n<meta name=\"robots\" content=\"index, follow, max-snippet:-1, max-image-preview:large, max-video-preview:-1\" \/>\n<link rel=\"canonical\" href=\"https:\/\/www.ballettodanceshop.com\/en\/mixed-dance-trainers-portdance-groovies-chicago\/\" \/>\n<meta property=\"og:locale\" content=\"en_GB\" \/>\n<meta property=\"og:type\" content=\"article\" \/>\n<meta property=\"og:title\" content=\"Baskets de Danse Mixtes PortDance Groovies Chicago - Balletto Dance Shop\" \/>\n<meta property=\"og:description\" content=\"Con\u00e7ues pour les danseurs et les adeptes d&#039;un mode de vie actif, nos baskets en cuir allient style, confort et innovation, offrant une exp\u00e9rience unique.\" \/>\n<meta property=\"og:url\" content=\"https:\/\/www.ballettodanceshop.com\/en\/mixed-dance-trainers-portdance-groovies-chicago\/\" \/>\n<meta property=\"og:site_name\" content=\"Balletto Dance Shop\" \/>\n<meta property=\"article:publisher\" content=\"https:\/\/www.facebook.com\/Ballettodanceshop\/\" \/>\n<meta property=\"article:modified_time\" content=\"2025-11-12T17:36:19+00:00\" \/>\n<meta property=\"og:image\" content=\"https:\/\/www.ballettodanceshop.com\/wp-content\/uploads\/2025\/11\/Baskets_Portdance_Groovies_Chicago.webp\" \/>\n\t<meta property=\"og:image:width\" content=\"1000\" \/>\n\t<meta property=\"og:image:height\" content=\"800\" \/>\n\t<meta property=\"og:image:type\" content=\"image\/webp\" \/>\n<meta name=\"twitter:card\" content=\"summary_large_image\" \/>\n<meta name=\"twitter:site\" content=\"@ballettodance\" \/>\n<meta name=\"twitter:label1\" content=\"Estimated reading time\" \/>\n\t<meta name=\"twitter:data1\" content=\"1 minute\" \/>\n<script type=\"application\/ld+json\" class=\"yoast-schema-graph\">{\"@context\":\"https:\\\/\\\/schema.org\",\"@graph\":[{\"@type\":\"WebPage\",\"@id\":\"https:\\\/\\\/www.ballettodanceshop.com\\\/baskets-de-danse-mixtes-portdance-groovies-chicago\\\/\",\"url\":\"https:\\\/\\\/www.ballettodanceshop.com\\\/baskets-de-danse-mixtes-portdance-groovies-chicago\\\/\",\"name\":\"Baskets de Danse Mixtes PortDance Groovies Chicago - Balletto Dance Shop\",\"isPartOf\":{\"@id\":\"https:\\\/\\\/www.ballettodanceshop.com\\\/#website\"},\"primaryImageOfPage\":{\"@id\":\"https:\\\/\\\/www.ballettodanceshop.com\\\/baskets-de-danse-mixtes-portdance-groovies-chicago\\\/#primaryimage\"},\"image\":{\"@id\":\"https:\\\/\\\/www.ballettodanceshop.com\\\/baskets-de-danse-mixtes-portdance-groovies-chicago\\\/#primaryimage\"},\"thumbnailUrl\":\"https:\\\/\\\/www.ballettodanceshop.com\\\/wp-content\\\/uploads\\\/2025\\\/11\\\/Baskets_Portdance_Groovies_Chicago.webp\",\"datePublished\":\"2025-11-06T08:13:56+00:00\",\"dateModified\":\"2025-11-12T17:36:19+00:00\",\"description\":\"Con\u00e7ues pour les danseurs et les adeptes d'un mode de vie actif, nos baskets en cuir allient style, confort et innovation, offrant une exp\u00e9rience unique.\",\"breadcrumb\":{\"@id\":\"https:\\\/\\\/www.ballettodanceshop.com\\\/baskets-de-danse-mixtes-portdance-groovies-chicago\\\/#breadcrumb\"},\"inLanguage\":\"en-GB\",\"potentialAction\":[{\"@type\":\"ReadAction\",\"target\":[\"https:\\\/\\\/www.ballettodanceshop.com\\\/baskets-de-danse-mixtes-portdance-groovies-chicago\\\/\"]}]},{\"@type\":\"ImageObject\",\"inLanguage\":\"en-GB\",\"@id\":\"https:\\\/\\\/www.ballettodanceshop.com\\\/baskets-de-danse-mixtes-portdance-groovies-chicago\\\/#primaryimage\",\"url\":\"https:\\\/\\\/www.ballettodanceshop.com\\\/wp-content\\\/uploads\\\/2025\\\/11\\\/Baskets_Portdance_Groovies_Chicago.webp\",\"contentUrl\":\"https:\\\/\\\/www.ballettodanceshop.com\\\/wp-content\\\/uploads\\\/2025\\\/11\\\/Baskets_Portdance_Groovies_Chicago.webp\",\"width\":1000,\"height\":800,\"caption\":\"Baskets de Danse PortDance Groovies Chicago\"},{\"@type\":\"BreadcrumbList\",\"@id\":\"https:\\\/\\\/www.ballettodanceshop.com\\\/baskets-de-danse-mixtes-portdance-groovies-chicago\\\/#breadcrumb\",\"itemListElement\":[{\"@type\":\"ListItem\",\"position\":1,\"name\":\"Accueil\",\"item\":\"https:\\\/\\\/www.ballettodanceshop.com\\\/\"},{\"@type\":\"ListItem\",\"position\":2,\"name\":\"Produits\",\"item\":\"https:\\\/\\\/www.ballettodanceshop.com\\\/boutique\\\/\"},{\"@type\":\"ListItem\",\"position\":3,\"name\":\"Baskets de Danse Mixtes PortDance Groovies Chicago\"}]},{\"@type\":\"WebSite\",\"@id\":\"https:\\\/\\\/www.ballettodanceshop.com\\\/#website\",\"url\":\"https:\\\/\\\/www.ballettodanceshop.com\\\/\",\"name\":\"Balletto Dance Shop\",\"description\":\"Keep Dancing !\",\"publisher\":{\"@id\":\"https:\\\/\\\/www.ballettodanceshop.com\\\/#organization\"},\"alternateName\":\"Balletto\",\"potentialAction\":[{\"@type\":\"SearchAction\",\"target\":{\"@type\":\"EntryPoint\",\"urlTemplate\":\"https:\\\/\\\/www.ballettodanceshop.com\\\/?s={search_term_string}\"},\"query-input\":{\"@type\":\"PropertyValueSpecification\",\"valueRequired\":true,\"valueName\":\"search_term_string\"}}],\"inLanguage\":\"en-GB\"},{\"@type\":\"Organization\",\"@id\":\"https:\\\/\\\/www.ballettodanceshop.com\\\/#organization\",\"name\":\"Balletto Dance Shop\",\"alternateName\":\"Balletto\",\"url\":\"https:\\\/\\\/www.ballettodanceshop.com\\\/\",\"logo\":{\"@type\":\"ImageObject\",\"inLanguage\":\"en-GB\",\"@id\":\"https:\\\/\\\/www.ballettodanceshop.com\\\/#\\\/schema\\\/logo\\\/image\\\/\",\"url\":\"https:\\\/\\\/www.ballettodanceshop.com\\\/wp-content\\\/uploads\\\/2025\\\/06\\\/LOGO-1.png\",\"contentUrl\":\"https:\\\/\\\/www.ballettodanceshop.com\\\/wp-content\\\/uploads\\\/2025\\\/06\\\/LOGO-1.png\",\"width\":508,\"height\":209,\"caption\":\"Balletto Dance Shop\"},\"image\":{\"@id\":\"https:\\\/\\\/www.ballettodanceshop.com\\\/#\\\/schema\\\/logo\\\/image\\\/\"},\"sameAs\":[\"https:\\\/\\\/www.facebook.com\\\/Ballettodanceshop\\\/\",\"https:\\\/\\\/x.com\\\/ballettodance\",\"https:\\\/\\\/www.tiktok.com\\\/@ballettodanceshop\",\"https:\\\/\\\/fr.linkedin.com\\\/company\\\/ballettodaneshop\",\"https:\\\/\\\/fr.pinterest.com\\\/ballettodanceshop\\\/\",\"https:\\\/\\\/www.threads.com\\\/@ballettodanceshop\",\"https:\\\/\\\/www.instagram.com\\\/ballettodanceshop\\\/\",\"https:\\\/\\\/www.youtube.com\\\/@ballettodanceshop\"]}]}<\/script>\n<!-- \/ Yoast SEO plugin. -->","yoast_head_json":{"title":"Mixed Dance Sneakers PortDance Groovies Chicago - Balletto Dance Shop","description":"Designed for dancers and active lifestyles, our leather trainers combine style, comfort and innovation to deliver a unique experience.","robots":{"index":"index","follow":"follow","max-snippet":"max-snippet:-1","max-image-preview":"max-image-preview:large","max-video-preview":"max-video-preview:-1"},"canonical":"https:\/\/www.ballettodanceshop.com\/en\/mixed-dance-trainers-portdance-groovies-chicago\/","og_locale":"en_GB","og_type":"article","og_title":"Baskets de Danse Mixtes PortDance Groovies Chicago - Balletto Dance Shop","og_description":"Con\u00e7ues pour les danseurs et les adeptes d'un mode de vie actif, nos baskets en cuir allient style, confort et innovation, offrant une exp\u00e9rience unique.","og_url":"https:\/\/www.ballettodanceshop.com\/en\/mixed-dance-trainers-portdance-groovies-chicago\/","og_site_name":"Balletto Dance Shop","article_publisher":"https:\/\/www.facebook.com\/Ballettodanceshop\/","article_modified_time":"2025-11-12T17:36:19+00:00","og_image":[{"width":1000,"height":800,"url":"https:\/\/www.ballettodanceshop.com\/wp-content\/uploads\/2025\/11\/Baskets_Portdance_Groovies_Chicago.webp","type":"image\/webp"}],"twitter_card":"summary_large_image","twitter_site":"@ballettodance","twitter_misc":{"Estimated reading time":"1 minute"},"schema":{"@context":"https:\/\/schema.org","@graph":[{"@type":"WebPage","@id":"https:\/\/www.ballettodanceshop.com\/baskets-de-danse-mixtes-portdance-groovies-chicago\/","url":"https:\/\/www.ballettodanceshop.com\/baskets-de-danse-mixtes-portdance-groovies-chicago\/","name":"Mixed Dance Sneakers PortDance Groovies Chicago - Balletto Dance Shop","isPartOf":{"@id":"https:\/\/www.ballettodanceshop.com\/#website"},"primaryImageOfPage":{"@id":"https:\/\/www.ballettodanceshop.com\/baskets-de-danse-mixtes-portdance-groovies-chicago\/#primaryimage"},"image":{"@id":"https:\/\/www.ballettodanceshop.com\/baskets-de-danse-mixtes-portdance-groovies-chicago\/#primaryimage"},"thumbnailUrl":"https:\/\/www.ballettodanceshop.com\/wp-content\/uploads\/2025\/11\/Baskets_Portdance_Groovies_Chicago.webp","datePublished":"2025-11-06T08:13:56+00:00","dateModified":"2025-11-12T17:36:19+00:00","description":"Designed for dancers and active lifestyles, our leather trainers combine style, comfort and innovation to deliver a unique experience.","breadcrumb":{"@id":"https:\/\/www.ballettodanceshop.com\/baskets-de-danse-mixtes-portdance-groovies-chicago\/#breadcrumb"},"inLanguage":"en-GB","potentialAction":[{"@type":"ReadAction","target":["https:\/\/www.ballettodanceshop.com\/baskets-de-danse-mixtes-portdance-groovies-chicago\/"]}]},{"@type":"ImageObject","inLanguage":"en-GB","@id":"https:\/\/www.ballettodanceshop.com\/baskets-de-danse-mixtes-portdance-groovies-chicago\/#primaryimage","url":"https:\/\/www.ballettodanceshop.com\/wp-content\/uploads\/2025\/11\/Baskets_Portdance_Groovies_Chicago.webp","contentUrl":"https:\/\/www.ballettodanceshop.com\/wp-content\/uploads\/2025\/11\/Baskets_Portdance_Groovies_Chicago.webp","width":1000,"height":800,"caption":"Baskets de Danse PortDance Groovies Chicago"},{"@type":"BreadcrumbList","@id":"https:\/\/www.ballettodanceshop.com\/baskets-de-danse-mixtes-portdance-groovies-chicago\/#breadcrumb","itemListElement":[{"@type":"ListItem","position":1,"name":"Accueil","item":"https:\/\/www.ballettodanceshop.com\/"},{"@type":"ListItem","position":2,"name":"Produits","item":"https:\/\/www.ballettodanceshop.com\/boutique\/"},{"@type":"ListItem","position":3,"name":"Baskets de Danse Mixtes PortDance Groovies Chicago"}]},{"@type":"WebSite","@id":"https:\/\/www.ballettodanceshop.com\/#website","url":"https:\/\/www.ballettodanceshop.com\/","name":"Balletto Dance Shop","description":"Keep Dancing!","publisher":{"@id":"https:\/\/www.ballettodanceshop.com\/#organization"},"alternateName":"Balletto","potentialAction":[{"@type":"SearchAction","target":{"@type":"EntryPoint","urlTemplate":"https:\/\/www.ballettodanceshop.com\/?s={search_term_string}"},"query-input":{"@type":"PropertyValueSpecification","valueRequired":true,"valueName":"search_term_string"}}],"inLanguage":"en-GB"},{"@type":"Organization","@id":"https:\/\/www.ballettodanceshop.com\/#organization","name":"Balletto Dance Shop","alternateName":"Balletto","url":"https:\/\/www.ballettodanceshop.com\/","logo":{"@type":"ImageObject","inLanguage":"en-GB","@id":"https:\/\/www.ballettodanceshop.com\/#\/schema\/logo\/image\/","url":"https:\/\/www.ballettodanceshop.com\/wp-content\/uploads\/2025\/06\/LOGO-1.png","contentUrl":"https:\/\/www.ballettodanceshop.com\/wp-content\/uploads\/2025\/06\/LOGO-1.png","width":508,"height":209,"caption":"Balletto Dance Shop"},"image":{"@id":"https:\/\/www.ballettodanceshop.com\/#\/schema\/logo\/image\/"},"sameAs":["https:\/\/www.facebook.com\/Ballettodanceshop\/","https:\/\/x.com\/ballettodance","https:\/\/www.tiktok.com\/@ballettodanceshop","https:\/\/fr.linkedin.com\/company\/ballettodaneshop","https:\/\/fr.pinterest.com\/ballettodanceshop\/","https:\/\/www.threads.com\/@ballettodanceshop","https:\/\/www.instagram.com\/ballettodanceshop\/","https:\/\/www.youtube.com\/@ballettodanceshop"]}]}},"_links":{"self":[{"href":"https:\/\/www.ballettodanceshop.com\/en\/wp-json\/wp\/v2\/product\/77212","targetHints":{"allow":["GET"]}}],"collection":[{"href":"https:\/\/www.ballettodanceshop.com\/en\/wp-json\/wp\/v2\/product"}],"about":[{"href":"https:\/\/www.ballettodanceshop.com\/en\/wp-json\/wp\/v2\/types\/product"}],"replies":[{"embeddable":true,"href":"https:\/\/www.ballettodanceshop.com\/en\/wp-json\/wp\/v2\/comments?post=77212"}],"wp:featuredmedia":[{"embeddable":true,"href":"https:\/\/www.ballettodanceshop.com\/en\/wp-json\/wp\/v2\/media\/77226"}],"wp:attachment":[{"href":"https:\/\/www.ballettodanceshop.com\/en\/wp-json\/wp\/v2\/media?parent=77212"}],"wp:term":[{"taxonomy":"product_brand","embeddable":true,"href":"https:\/\/www.ballettodanceshop.com\/en\/wp-json\/wp\/v2\/product_brand?post=77212"},{"taxonomy":"product_cat","embeddable":true,"href":"https:\/\/www.ballettodanceshop.com\/en\/wp-json\/wp\/v2\/product_cat?post=77212"},{"taxonomy":"product_tag","embeddable":true,"href":"https:\/\/www.ballettodanceshop.com\/en\/wp-json\/wp\/v2\/product_tag?post=77212"}],"curies":[{"name":"wp","href":"https:\/\/api.w.org\/{rel}","templated":true}]}}