{"id":76904,"date":"2025-10-29T16:50:21","date_gmt":"2025-10-29T15:50:21","guid":{"rendered":"https:\/\/www.ballettodanceshop.com\/?post_type=product&#038;p=76904"},"modified":"2025-10-29T16:50:22","modified_gmt":"2025-10-29T15:50:22","slug":"grishko-cat-key-ring","status":"publish","type":"product","link":"https:\/\/www.ballettodanceshop.com\/en\/porte-cles-chat-grishko\/","title":{"rendered":"Grishko Cat Keyring"},"content":{"rendered":"<p><strong>Grishko Cat Keyring<\/strong><\/p>\n<p>PTGRI15G<\/p>\n<p>15 cm<\/p>","protected":false},"excerpt":{"rendered":"<p>Meet Grisha, the adorable plush cat from the Grishko collection!<\/p>\n<p>This soft and cuddly 15 cm feline is made from high-quality plush fabric for an irresistible cuddle.<\/p>\n<p>With her adorable embroidered details, cheerful ears and mischievous expression, Grisha is the perfect companion for all your adventures.<\/p>\n<p>Pratique, Grisha est fourni avec un porte-cl\u00e9s solide, vous permettant de l&rsquo;accrocher \u00e0 votre sac de danse, votre sac \u00e0 dos de tous les jours ou vos cl\u00e9s pour une touche de d\u00e9licate o\u00f9 que vous soyez.<\/p>\n<p>Grisha is part of an adorable gang of friends, including the pink cat, the purple cat and the mint cat, making her a must-have for plush collectors and cat lovers alike!<\/p>","protected":false},"featured_media":76909,"comment_status":"open","ping_status":"closed","template":"","meta":{"_acf_changed":false},"product_brand":[],"product_cat":[143,61,68,434],"product_tag":[786],"class_list":{"0":"post-76904","1":"product","2":"type-product","3":"status-publish","4":"has-post-thumbnail","6":"product_cat-grishko","7":"product_cat-idees-cadeaux","8":"product_cat-idees-cadeaux-filles","9":"product_cat-sacs-de-danse","10":"product_tag-livraison-24-a-48h","12":"first","13":"instock","14":"taxable","15":"shipping-taxable","16":"purchasable","17":"product-type-variable"},"acf":[],"yoast_head":"<!-- This site is optimized with the Yoast SEO plugin v27.4 - https:\/\/yoast.com\/product\/yoast-seo-wordpress\/ -->\n<title>Porte Cl\u00e9s Chat Grishko - Balletto Dance Shop<\/title>\n<meta name=\"description\" content=\"Originale et rare porte cl\u00e9s peluche chat de la marque Grishko. Excellente id\u00e9e cadeau pour toutes les petites et les grandes ballerines ou passionn\u00e9es.\" \/>\n<meta name=\"robots\" content=\"index, follow, max-snippet:-1, max-image-preview:large, max-video-preview:-1\" \/>\n<link rel=\"canonical\" href=\"https:\/\/www.ballettodanceshop.com\/en\/grishko-cat-key-ring\/\" \/>\n<meta property=\"og:locale\" content=\"en_GB\" \/>\n<meta property=\"og:type\" content=\"article\" \/>\n<meta property=\"og:title\" content=\"Porte Cl\u00e9s Chat Grishko - Balletto Dance Shop\" \/>\n<meta property=\"og:description\" content=\"Originale et rare porte cl\u00e9s peluche chat de la marque Grishko. Excellente id\u00e9e cadeau pour toutes les petites et les grandes ballerines ou passionn\u00e9es.\" \/>\n<meta property=\"og:url\" content=\"https:\/\/www.ballettodanceshop.com\/en\/grishko-cat-key-ring\/\" \/>\n<meta property=\"og:site_name\" content=\"Balletto Dance Shop\" \/>\n<meta property=\"article:publisher\" content=\"https:\/\/www.facebook.com\/Ballettodanceshop\/\" \/>\n<meta property=\"article:modified_time\" content=\"2025-10-29T15:50:22+00:00\" \/>\n<meta property=\"og:image\" content=\"https:\/\/www.ballettodanceshop.com\/wp-content\/uploads\/2025\/10\/Porte_cle_Chat_Grishko_Plush_Toy_Doll.jpg\" \/>\n\t<meta property=\"og:image:width\" content=\"1000\" \/>\n\t<meta property=\"og:image:height\" content=\"1400\" \/>\n\t<meta property=\"og:image:type\" content=\"image\/jpeg\" \/>\n<meta name=\"twitter:card\" content=\"summary_large_image\" \/>\n<meta name=\"twitter:site\" content=\"@ballettodance\" \/>\n<meta name=\"twitter:label1\" content=\"Estimated reading time\" \/>\n\t<meta name=\"twitter:data1\" content=\"1 minute\" \/>\n<script type=\"application\/ld+json\" class=\"yoast-schema-graph\">{\"@context\":\"https:\\\/\\\/schema.org\",\"@graph\":[{\"@type\":\"WebPage\",\"@id\":\"https:\\\/\\\/www.ballettodanceshop.com\\\/porte-cles-chat-grishko\\\/\",\"url\":\"https:\\\/\\\/www.ballettodanceshop.com\\\/porte-cles-chat-grishko\\\/\",\"name\":\"Porte Cl\u00e9s Chat Grishko - Balletto Dance Shop\",\"isPartOf\":{\"@id\":\"https:\\\/\\\/www.ballettodanceshop.com\\\/#website\"},\"primaryImageOfPage\":{\"@id\":\"https:\\\/\\\/www.ballettodanceshop.com\\\/porte-cles-chat-grishko\\\/#primaryimage\"},\"image\":{\"@id\":\"https:\\\/\\\/www.ballettodanceshop.com\\\/porte-cles-chat-grishko\\\/#primaryimage\"},\"thumbnailUrl\":\"https:\\\/\\\/www.ballettodanceshop.com\\\/wp-content\\\/uploads\\\/2025\\\/10\\\/Porte_cle_Chat_Grishko_Plush_Toy_Doll.jpg\",\"datePublished\":\"2025-10-29T15:50:21+00:00\",\"dateModified\":\"2025-10-29T15:50:22+00:00\",\"description\":\"Originale et rare porte cl\u00e9s peluche chat de la marque Grishko. Excellente id\u00e9e cadeau pour toutes les petites et les grandes ballerines ou passionn\u00e9es.\",\"breadcrumb\":{\"@id\":\"https:\\\/\\\/www.ballettodanceshop.com\\\/porte-cles-chat-grishko\\\/#breadcrumb\"},\"inLanguage\":\"en-GB\",\"potentialAction\":[{\"@type\":\"ReadAction\",\"target\":[\"https:\\\/\\\/www.ballettodanceshop.com\\\/porte-cles-chat-grishko\\\/\"]}]},{\"@type\":\"ImageObject\",\"inLanguage\":\"en-GB\",\"@id\":\"https:\\\/\\\/www.ballettodanceshop.com\\\/porte-cles-chat-grishko\\\/#primaryimage\",\"url\":\"https:\\\/\\\/www.ballettodanceshop.com\\\/wp-content\\\/uploads\\\/2025\\\/10\\\/Porte_cle_Chat_Grishko_Plush_Toy_Doll.jpg\",\"contentUrl\":\"https:\\\/\\\/www.ballettodanceshop.com\\\/wp-content\\\/uploads\\\/2025\\\/10\\\/Porte_cle_Chat_Grishko_Plush_Toy_Doll.jpg\",\"width\":1000,\"height\":1400,\"caption\":\"Porte cl\u00e9s peluche Plush Toy Doll Grishko\"},{\"@type\":\"BreadcrumbList\",\"@id\":\"https:\\\/\\\/www.ballettodanceshop.com\\\/porte-cles-chat-grishko\\\/#breadcrumb\",\"itemListElement\":[{\"@type\":\"ListItem\",\"position\":1,\"name\":\"Accueil\",\"item\":\"https:\\\/\\\/www.ballettodanceshop.com\\\/\"},{\"@type\":\"ListItem\",\"position\":2,\"name\":\"Produits\",\"item\":\"https:\\\/\\\/www.ballettodanceshop.com\\\/boutique\\\/\"},{\"@type\":\"ListItem\",\"position\":3,\"name\":\"Porte Cl\u00e9s Chat Grishko\"}]},{\"@type\":\"WebSite\",\"@id\":\"https:\\\/\\\/www.ballettodanceshop.com\\\/#website\",\"url\":\"https:\\\/\\\/www.ballettodanceshop.com\\\/\",\"name\":\"Balletto Dance Shop\",\"description\":\"Keep Dancing !\",\"publisher\":{\"@id\":\"https:\\\/\\\/www.ballettodanceshop.com\\\/#organization\"},\"alternateName\":\"Balletto\",\"potentialAction\":[{\"@type\":\"SearchAction\",\"target\":{\"@type\":\"EntryPoint\",\"urlTemplate\":\"https:\\\/\\\/www.ballettodanceshop.com\\\/?s={search_term_string}\"},\"query-input\":{\"@type\":\"PropertyValueSpecification\",\"valueRequired\":true,\"valueName\":\"search_term_string\"}}],\"inLanguage\":\"en-GB\"},{\"@type\":\"Organization\",\"@id\":\"https:\\\/\\\/www.ballettodanceshop.com\\\/#organization\",\"name\":\"Balletto Dance Shop\",\"alternateName\":\"Balletto\",\"url\":\"https:\\\/\\\/www.ballettodanceshop.com\\\/\",\"logo\":{\"@type\":\"ImageObject\",\"inLanguage\":\"en-GB\",\"@id\":\"https:\\\/\\\/www.ballettodanceshop.com\\\/#\\\/schema\\\/logo\\\/image\\\/\",\"url\":\"https:\\\/\\\/www.ballettodanceshop.com\\\/wp-content\\\/uploads\\\/2025\\\/06\\\/LOGO-1.png\",\"contentUrl\":\"https:\\\/\\\/www.ballettodanceshop.com\\\/wp-content\\\/uploads\\\/2025\\\/06\\\/LOGO-1.png\",\"width\":508,\"height\":209,\"caption\":\"Balletto Dance Shop\"},\"image\":{\"@id\":\"https:\\\/\\\/www.ballettodanceshop.com\\\/#\\\/schema\\\/logo\\\/image\\\/\"},\"sameAs\":[\"https:\\\/\\\/www.facebook.com\\\/Ballettodanceshop\\\/\",\"https:\\\/\\\/x.com\\\/ballettodance\",\"https:\\\/\\\/www.tiktok.com\\\/@ballettodanceshop\",\"https:\\\/\\\/fr.linkedin.com\\\/company\\\/ballettodaneshop\",\"https:\\\/\\\/fr.pinterest.com\\\/ballettodanceshop\\\/\",\"https:\\\/\\\/www.threads.com\\\/@ballettodanceshop\",\"https:\\\/\\\/www.instagram.com\\\/ballettodanceshop\\\/\",\"https:\\\/\\\/www.youtube.com\\\/@ballettodanceshop\"]}]}<\/script>\n<!-- \/ Yoast SEO plugin. -->","yoast_head_json":{"title":"Cat Keyring Grishko - Balletto Dance Shop","description":"Original and rare plush cat keyring from Grishko. An excellent gift idea for young and old ballerinas and enthusiasts alike.","robots":{"index":"index","follow":"follow","max-snippet":"max-snippet:-1","max-image-preview":"max-image-preview:large","max-video-preview":"max-video-preview:-1"},"canonical":"https:\/\/www.ballettodanceshop.com\/en\/grishko-cat-key-ring\/","og_locale":"en_GB","og_type":"article","og_title":"Porte Cl\u00e9s Chat Grishko - Balletto Dance Shop","og_description":"Originale et rare porte cl\u00e9s peluche chat de la marque Grishko. Excellente id\u00e9e cadeau pour toutes les petites et les grandes ballerines ou passionn\u00e9es.","og_url":"https:\/\/www.ballettodanceshop.com\/en\/grishko-cat-key-ring\/","og_site_name":"Balletto Dance Shop","article_publisher":"https:\/\/www.facebook.com\/Ballettodanceshop\/","article_modified_time":"2025-10-29T15:50:22+00:00","og_image":[{"width":1000,"height":1400,"url":"https:\/\/www.ballettodanceshop.com\/wp-content\/uploads\/2025\/10\/Porte_cle_Chat_Grishko_Plush_Toy_Doll.jpg","type":"image\/jpeg"}],"twitter_card":"summary_large_image","twitter_site":"@ballettodance","twitter_misc":{"Estimated reading time":"1 minute"},"schema":{"@context":"https:\/\/schema.org","@graph":[{"@type":"WebPage","@id":"https:\/\/www.ballettodanceshop.com\/porte-cles-chat-grishko\/","url":"https:\/\/www.ballettodanceshop.com\/porte-cles-chat-grishko\/","name":"Cat Keyring Grishko - Balletto Dance Shop","isPartOf":{"@id":"https:\/\/www.ballettodanceshop.com\/#website"},"primaryImageOfPage":{"@id":"https:\/\/www.ballettodanceshop.com\/porte-cles-chat-grishko\/#primaryimage"},"image":{"@id":"https:\/\/www.ballettodanceshop.com\/porte-cles-chat-grishko\/#primaryimage"},"thumbnailUrl":"https:\/\/www.ballettodanceshop.com\/wp-content\/uploads\/2025\/10\/Porte_cle_Chat_Grishko_Plush_Toy_Doll.jpg","datePublished":"2025-10-29T15:50:21+00:00","dateModified":"2025-10-29T15:50:22+00:00","description":"Original and rare plush cat keyring from Grishko. An excellent gift idea for young and old ballerinas and enthusiasts alike.","breadcrumb":{"@id":"https:\/\/www.ballettodanceshop.com\/porte-cles-chat-grishko\/#breadcrumb"},"inLanguage":"en-GB","potentialAction":[{"@type":"ReadAction","target":["https:\/\/www.ballettodanceshop.com\/porte-cles-chat-grishko\/"]}]},{"@type":"ImageObject","inLanguage":"en-GB","@id":"https:\/\/www.ballettodanceshop.com\/porte-cles-chat-grishko\/#primaryimage","url":"https:\/\/www.ballettodanceshop.com\/wp-content\/uploads\/2025\/10\/Porte_cle_Chat_Grishko_Plush_Toy_Doll.jpg","contentUrl":"https:\/\/www.ballettodanceshop.com\/wp-content\/uploads\/2025\/10\/Porte_cle_Chat_Grishko_Plush_Toy_Doll.jpg","width":1000,"height":1400,"caption":"Porte cl\u00e9s peluche Plush Toy Doll Grishko"},{"@type":"BreadcrumbList","@id":"https:\/\/www.ballettodanceshop.com\/porte-cles-chat-grishko\/#breadcrumb","itemListElement":[{"@type":"ListItem","position":1,"name":"Accueil","item":"https:\/\/www.ballettodanceshop.com\/"},{"@type":"ListItem","position":2,"name":"Produits","item":"https:\/\/www.ballettodanceshop.com\/boutique\/"},{"@type":"ListItem","position":3,"name":"Porte Cl\u00e9s Chat Grishko"}]},{"@type":"WebSite","@id":"https:\/\/www.ballettodanceshop.com\/#website","url":"https:\/\/www.ballettodanceshop.com\/","name":"Balletto Dance Shop","description":"Keep Dancing!","publisher":{"@id":"https:\/\/www.ballettodanceshop.com\/#organization"},"alternateName":"Balletto","potentialAction":[{"@type":"SearchAction","target":{"@type":"EntryPoint","urlTemplate":"https:\/\/www.ballettodanceshop.com\/?s={search_term_string}"},"query-input":{"@type":"PropertyValueSpecification","valueRequired":true,"valueName":"search_term_string"}}],"inLanguage":"en-GB"},{"@type":"Organization","@id":"https:\/\/www.ballettodanceshop.com\/#organization","name":"Balletto Dance Shop","alternateName":"Balletto","url":"https:\/\/www.ballettodanceshop.com\/","logo":{"@type":"ImageObject","inLanguage":"en-GB","@id":"https:\/\/www.ballettodanceshop.com\/#\/schema\/logo\/image\/","url":"https:\/\/www.ballettodanceshop.com\/wp-content\/uploads\/2025\/06\/LOGO-1.png","contentUrl":"https:\/\/www.ballettodanceshop.com\/wp-content\/uploads\/2025\/06\/LOGO-1.png","width":508,"height":209,"caption":"Balletto Dance Shop"},"image":{"@id":"https:\/\/www.ballettodanceshop.com\/#\/schema\/logo\/image\/"},"sameAs":["https:\/\/www.facebook.com\/Ballettodanceshop\/","https:\/\/x.com\/ballettodance","https:\/\/www.tiktok.com\/@ballettodanceshop","https:\/\/fr.linkedin.com\/company\/ballettodaneshop","https:\/\/fr.pinterest.com\/ballettodanceshop\/","https:\/\/www.threads.com\/@ballettodanceshop","https:\/\/www.instagram.com\/ballettodanceshop\/","https:\/\/www.youtube.com\/@ballettodanceshop"]}]}},"_links":{"self":[{"href":"https:\/\/www.ballettodanceshop.com\/en\/wp-json\/wp\/v2\/product\/76904","targetHints":{"allow":["GET"]}}],"collection":[{"href":"https:\/\/www.ballettodanceshop.com\/en\/wp-json\/wp\/v2\/product"}],"about":[{"href":"https:\/\/www.ballettodanceshop.com\/en\/wp-json\/wp\/v2\/types\/product"}],"replies":[{"embeddable":true,"href":"https:\/\/www.ballettodanceshop.com\/en\/wp-json\/wp\/v2\/comments?post=76904"}],"wp:featuredmedia":[{"embeddable":true,"href":"https:\/\/www.ballettodanceshop.com\/en\/wp-json\/wp\/v2\/media\/76909"}],"wp:attachment":[{"href":"https:\/\/www.ballettodanceshop.com\/en\/wp-json\/wp\/v2\/media?parent=76904"}],"wp:term":[{"taxonomy":"product_brand","embeddable":true,"href":"https:\/\/www.ballettodanceshop.com\/en\/wp-json\/wp\/v2\/product_brand?post=76904"},{"taxonomy":"product_cat","embeddable":true,"href":"https:\/\/www.ballettodanceshop.com\/en\/wp-json\/wp\/v2\/product_cat?post=76904"},{"taxonomy":"product_tag","embeddable":true,"href":"https:\/\/www.ballettodanceshop.com\/en\/wp-json\/wp\/v2\/product_tag?post=76904"}],"curies":[{"name":"wp","href":"https:\/\/api.w.org\/{rel}","templated":true}]}}