{"id":75582,"date":"2025-09-26T08:22:18","date_gmt":"2025-09-26T06:22:18","guid":{"rendered":"https:\/\/www.ballettodanceshop.com\/?post_type=product&#038;p=75582"},"modified":"2026-03-20T07:11:47","modified_gmt":"2026-03-20T06:11:47","slug":"harmony-tattoo-dance-suit","status":"publish","type":"product","link":"https:\/\/www.ballettodanceshop.com\/en\/combinaison-danse-harmony-tattoo\/","title":{"rendered":"Harmony Tattoo Dance Suit"},"content":{"rendered":"<p><strong>Harmony Tattoo Dance Suit<\/strong><\/p>\n<p>Meryl Lycra Premium<\/p>\n<p>Printed tulle<\/p>\n<p>Made in Italy<\/p>","protected":false},"excerpt":{"rendered":"<p>Long-sleeved second-skin jumpsuit in tulle printed with a tattoo design along the arms, shoulders and back.<\/p>\n<p>The entire front is in premium Meryl Lycra, lined at the bust.<\/p>\n<p>This combination is ideal for Cabaret dance, Heels Dance, or for your pilates or fitness sessions.<\/p>\n<p>Can be worn during a show.<\/p>\n<p>Made in Puglia, Italy.<\/p>\n<p>&nbsp;<\/p>\n<p>&nbsp;<\/p>","protected":false},"featured_media":75588,"comment_status":"open","ping_status":"closed","template":"","meta":{"_acf_changed":false},"product_brand":[],"product_cat":[103,59,985,113,19,60,91,365,144,370,62,97,146],"product_tag":[792],"class_list":{"0":"post-75582","1":"product","2":"type-product","3":"status-publish","4":"has-post-thumbnail","6":"product_cat-athleisure","7":"product_cat-concours-et-galas","8":"product_cat-costumes-de-scene","9":"product_cat-danses-latines","10":"product_cat-femmes","11":"product_cat-harmony","12":"product_cat-jazz","13":"product_cat-justaucorps-contemporain","14":"product_cat-justaucorps-tuniques","15":"product_cat-justaucorps","16":"product_cat-classique","17":"product_cat-contemporain","18":"product_cat-tops-danses-latines","19":"product_tag-livraison-sous-2-a-3-semaines","21":"first","22":"instock","23":"taxable","24":"shipping-taxable","25":"purchasable","26":"product-type-variable"},"acf":[],"yoast_head":"<!-- This site is optimized with the Yoast SEO plugin v27.4 - https:\/\/yoast.com\/product\/yoast-seo-wordpress\/ -->\n<title>Combinaison Danse Harmony Tattoo - Balletto Dance Shop<\/title>\n<meta name=\"description\" content=\"Combinaison de haute qualit\u00e9 pour la danse, le yoga, le fitness ou le pilates imprim\u00e9e de style tattoo. Id\u00e9ale pour le cabaret ou les heels dance.\" \/>\n<meta name=\"robots\" content=\"index, follow, max-snippet:-1, max-image-preview:large, max-video-preview:-1\" \/>\n<link rel=\"canonical\" href=\"https:\/\/www.ballettodanceshop.com\/en\/harmony-tattoo-dance-suit\/\" \/>\n<meta property=\"og:locale\" content=\"en_GB\" \/>\n<meta property=\"og:type\" content=\"article\" \/>\n<meta property=\"og:title\" content=\"Combinaison Danse Harmony Tattoo - Balletto Dance Shop\" \/>\n<meta property=\"og:description\" content=\"Combinaison de haute qualit\u00e9 pour la danse, le yoga, le fitness ou le pilates imprim\u00e9e de style tattoo. Id\u00e9ale pour le cabaret ou les heels dance.\" \/>\n<meta property=\"og:url\" content=\"https:\/\/www.ballettodanceshop.com\/en\/harmony-tattoo-dance-suit\/\" \/>\n<meta property=\"og:site_name\" content=\"Balletto Dance Shop\" \/>\n<meta property=\"article:publisher\" content=\"https:\/\/www.facebook.com\/Ballettodanceshop\/\" \/>\n<meta property=\"article:modified_time\" content=\"2026-03-20T06:11:47+00:00\" \/>\n<meta property=\"og:image\" content=\"https:\/\/www.ballettodanceshop.com\/wp-content\/uploads\/2025\/09\/Combinaison_Cabaret_Harmony_Tatoo.jpg\" \/>\n\t<meta property=\"og:image:width\" content=\"972\" \/>\n\t<meta property=\"og:image:height\" content=\"1350\" \/>\n\t<meta property=\"og:image:type\" content=\"image\/jpeg\" \/>\n<meta name=\"twitter:card\" content=\"summary_large_image\" \/>\n<meta name=\"twitter:site\" content=\"@ballettodance\" \/>\n<meta name=\"twitter:label1\" content=\"Estimated reading time\" \/>\n\t<meta name=\"twitter:data1\" content=\"1 minute\" \/>\n<script type=\"application\/ld+json\" class=\"yoast-schema-graph\">{\"@context\":\"https:\\\/\\\/schema.org\",\"@graph\":[{\"@type\":\"WebPage\",\"@id\":\"https:\\\/\\\/www.ballettodanceshop.com\\\/combinaison-danse-harmony-tattoo\\\/\",\"url\":\"https:\\\/\\\/www.ballettodanceshop.com\\\/combinaison-danse-harmony-tattoo\\\/\",\"name\":\"Combinaison Danse Harmony Tattoo - Balletto Dance Shop\",\"isPartOf\":{\"@id\":\"https:\\\/\\\/www.ballettodanceshop.com\\\/#website\"},\"primaryImageOfPage\":{\"@id\":\"https:\\\/\\\/www.ballettodanceshop.com\\\/combinaison-danse-harmony-tattoo\\\/#primaryimage\"},\"image\":{\"@id\":\"https:\\\/\\\/www.ballettodanceshop.com\\\/combinaison-danse-harmony-tattoo\\\/#primaryimage\"},\"thumbnailUrl\":\"https:\\\/\\\/www.ballettodanceshop.com\\\/wp-content\\\/uploads\\\/2025\\\/09\\\/Combinaison_Cabaret_Harmony_Tatoo.jpg\",\"datePublished\":\"2025-09-26T06:22:18+00:00\",\"dateModified\":\"2026-03-20T06:11:47+00:00\",\"description\":\"Combinaison de haute qualit\u00e9 pour la danse, le yoga, le fitness ou le pilates imprim\u00e9e de style tattoo. Id\u00e9ale pour le cabaret ou les heels dance.\",\"breadcrumb\":{\"@id\":\"https:\\\/\\\/www.ballettodanceshop.com\\\/combinaison-danse-harmony-tattoo\\\/#breadcrumb\"},\"inLanguage\":\"en-GB\",\"potentialAction\":[{\"@type\":\"ReadAction\",\"target\":[\"https:\\\/\\\/www.ballettodanceshop.com\\\/combinaison-danse-harmony-tattoo\\\/\"]}]},{\"@type\":\"ImageObject\",\"inLanguage\":\"en-GB\",\"@id\":\"https:\\\/\\\/www.ballettodanceshop.com\\\/combinaison-danse-harmony-tattoo\\\/#primaryimage\",\"url\":\"https:\\\/\\\/www.ballettodanceshop.com\\\/wp-content\\\/uploads\\\/2025\\\/09\\\/Combinaison_Cabaret_Harmony_Tatoo.jpg\",\"contentUrl\":\"https:\\\/\\\/www.ballettodanceshop.com\\\/wp-content\\\/uploads\\\/2025\\\/09\\\/Combinaison_Cabaret_Harmony_Tatoo.jpg\",\"width\":972,\"height\":1350,\"caption\":\"Combinaison noir pour le Cabaret et les Heels\"},{\"@type\":\"BreadcrumbList\",\"@id\":\"https:\\\/\\\/www.ballettodanceshop.com\\\/combinaison-danse-harmony-tattoo\\\/#breadcrumb\",\"itemListElement\":[{\"@type\":\"ListItem\",\"position\":1,\"name\":\"Accueil\",\"item\":\"https:\\\/\\\/www.ballettodanceshop.com\\\/\"},{\"@type\":\"ListItem\",\"position\":2,\"name\":\"Produits\",\"item\":\"https:\\\/\\\/www.ballettodanceshop.com\\\/boutique\\\/\"},{\"@type\":\"ListItem\",\"position\":3,\"name\":\"Combinaison Danse Harmony Tattoo\"}]},{\"@type\":\"WebSite\",\"@id\":\"https:\\\/\\\/www.ballettodanceshop.com\\\/#website\",\"url\":\"https:\\\/\\\/www.ballettodanceshop.com\\\/\",\"name\":\"Balletto Dance Shop\",\"description\":\"Keep Dancing !\",\"publisher\":{\"@id\":\"https:\\\/\\\/www.ballettodanceshop.com\\\/#organization\"},\"alternateName\":\"Balletto\",\"potentialAction\":[{\"@type\":\"SearchAction\",\"target\":{\"@type\":\"EntryPoint\",\"urlTemplate\":\"https:\\\/\\\/www.ballettodanceshop.com\\\/?s={search_term_string}\"},\"query-input\":{\"@type\":\"PropertyValueSpecification\",\"valueRequired\":true,\"valueName\":\"search_term_string\"}}],\"inLanguage\":\"en-GB\"},{\"@type\":\"Organization\",\"@id\":\"https:\\\/\\\/www.ballettodanceshop.com\\\/#organization\",\"name\":\"Balletto Dance Shop\",\"alternateName\":\"Balletto\",\"url\":\"https:\\\/\\\/www.ballettodanceshop.com\\\/\",\"logo\":{\"@type\":\"ImageObject\",\"inLanguage\":\"en-GB\",\"@id\":\"https:\\\/\\\/www.ballettodanceshop.com\\\/#\\\/schema\\\/logo\\\/image\\\/\",\"url\":\"https:\\\/\\\/www.ballettodanceshop.com\\\/wp-content\\\/uploads\\\/2025\\\/06\\\/LOGO-1.png\",\"contentUrl\":\"https:\\\/\\\/www.ballettodanceshop.com\\\/wp-content\\\/uploads\\\/2025\\\/06\\\/LOGO-1.png\",\"width\":508,\"height\":209,\"caption\":\"Balletto Dance Shop\"},\"image\":{\"@id\":\"https:\\\/\\\/www.ballettodanceshop.com\\\/#\\\/schema\\\/logo\\\/image\\\/\"},\"sameAs\":[\"https:\\\/\\\/www.facebook.com\\\/Ballettodanceshop\\\/\",\"https:\\\/\\\/x.com\\\/ballettodance\",\"https:\\\/\\\/www.tiktok.com\\\/@ballettodanceshop\",\"https:\\\/\\\/fr.linkedin.com\\\/company\\\/ballettodaneshop\",\"https:\\\/\\\/fr.pinterest.com\\\/ballettodanceshop\\\/\",\"https:\\\/\\\/www.threads.com\\\/@ballettodanceshop\",\"https:\\\/\\\/www.instagram.com\\\/ballettodanceshop\\\/\",\"https:\\\/\\\/www.youtube.com\\\/@ballettodanceshop\"]}]}<\/script>\n<!-- \/ Yoast SEO plugin. -->","yoast_head_json":{"title":"Harmony Tattoo Dance Jumpsuit - Balletto Dance Shop","description":"High-quality tattoo print jumpsuit for dance, yoga, fitness or pilates. Ideal for cabaret or heels dancing.","robots":{"index":"index","follow":"follow","max-snippet":"max-snippet:-1","max-image-preview":"max-image-preview:large","max-video-preview":"max-video-preview:-1"},"canonical":"https:\/\/www.ballettodanceshop.com\/en\/harmony-tattoo-dance-suit\/","og_locale":"en_GB","og_type":"article","og_title":"Combinaison Danse Harmony Tattoo - Balletto Dance Shop","og_description":"Combinaison de haute qualit\u00e9 pour la danse, le yoga, le fitness ou le pilates imprim\u00e9e de style tattoo. Id\u00e9ale pour le cabaret ou les heels dance.","og_url":"https:\/\/www.ballettodanceshop.com\/en\/harmony-tattoo-dance-suit\/","og_site_name":"Balletto Dance Shop","article_publisher":"https:\/\/www.facebook.com\/Ballettodanceshop\/","article_modified_time":"2026-03-20T06:11:47+00:00","og_image":[{"width":972,"height":1350,"url":"https:\/\/www.ballettodanceshop.com\/wp-content\/uploads\/2025\/09\/Combinaison_Cabaret_Harmony_Tatoo.jpg","type":"image\/jpeg"}],"twitter_card":"summary_large_image","twitter_site":"@ballettodance","twitter_misc":{"Estimated reading time":"1 minute"},"schema":{"@context":"https:\/\/schema.org","@graph":[{"@type":"WebPage","@id":"https:\/\/www.ballettodanceshop.com\/combinaison-danse-harmony-tattoo\/","url":"https:\/\/www.ballettodanceshop.com\/combinaison-danse-harmony-tattoo\/","name":"Harmony Tattoo Dance Jumpsuit - Balletto Dance Shop","isPartOf":{"@id":"https:\/\/www.ballettodanceshop.com\/#website"},"primaryImageOfPage":{"@id":"https:\/\/www.ballettodanceshop.com\/combinaison-danse-harmony-tattoo\/#primaryimage"},"image":{"@id":"https:\/\/www.ballettodanceshop.com\/combinaison-danse-harmony-tattoo\/#primaryimage"},"thumbnailUrl":"https:\/\/www.ballettodanceshop.com\/wp-content\/uploads\/2025\/09\/Combinaison_Cabaret_Harmony_Tatoo.jpg","datePublished":"2025-09-26T06:22:18+00:00","dateModified":"2026-03-20T06:11:47+00:00","description":"High-quality tattoo print jumpsuit for dance, yoga, fitness or pilates. Ideal for cabaret or heels dancing.","breadcrumb":{"@id":"https:\/\/www.ballettodanceshop.com\/combinaison-danse-harmony-tattoo\/#breadcrumb"},"inLanguage":"en-GB","potentialAction":[{"@type":"ReadAction","target":["https:\/\/www.ballettodanceshop.com\/combinaison-danse-harmony-tattoo\/"]}]},{"@type":"ImageObject","inLanguage":"en-GB","@id":"https:\/\/www.ballettodanceshop.com\/combinaison-danse-harmony-tattoo\/#primaryimage","url":"https:\/\/www.ballettodanceshop.com\/wp-content\/uploads\/2025\/09\/Combinaison_Cabaret_Harmony_Tatoo.jpg","contentUrl":"https:\/\/www.ballettodanceshop.com\/wp-content\/uploads\/2025\/09\/Combinaison_Cabaret_Harmony_Tatoo.jpg","width":972,"height":1350,"caption":"Combinaison noir pour le Cabaret et les Heels"},{"@type":"BreadcrumbList","@id":"https:\/\/www.ballettodanceshop.com\/combinaison-danse-harmony-tattoo\/#breadcrumb","itemListElement":[{"@type":"ListItem","position":1,"name":"Accueil","item":"https:\/\/www.ballettodanceshop.com\/"},{"@type":"ListItem","position":2,"name":"Produits","item":"https:\/\/www.ballettodanceshop.com\/boutique\/"},{"@type":"ListItem","position":3,"name":"Combinaison Danse Harmony Tattoo"}]},{"@type":"WebSite","@id":"https:\/\/www.ballettodanceshop.com\/#website","url":"https:\/\/www.ballettodanceshop.com\/","name":"Balletto Dance Shop","description":"Keep Dancing!","publisher":{"@id":"https:\/\/www.ballettodanceshop.com\/#organization"},"alternateName":"Balletto","potentialAction":[{"@type":"SearchAction","target":{"@type":"EntryPoint","urlTemplate":"https:\/\/www.ballettodanceshop.com\/?s={search_term_string}"},"query-input":{"@type":"PropertyValueSpecification","valueRequired":true,"valueName":"search_term_string"}}],"inLanguage":"en-GB"},{"@type":"Organization","@id":"https:\/\/www.ballettodanceshop.com\/#organization","name":"Balletto Dance Shop","alternateName":"Balletto","url":"https:\/\/www.ballettodanceshop.com\/","logo":{"@type":"ImageObject","inLanguage":"en-GB","@id":"https:\/\/www.ballettodanceshop.com\/#\/schema\/logo\/image\/","url":"https:\/\/www.ballettodanceshop.com\/wp-content\/uploads\/2025\/06\/LOGO-1.png","contentUrl":"https:\/\/www.ballettodanceshop.com\/wp-content\/uploads\/2025\/06\/LOGO-1.png","width":508,"height":209,"caption":"Balletto Dance Shop"},"image":{"@id":"https:\/\/www.ballettodanceshop.com\/#\/schema\/logo\/image\/"},"sameAs":["https:\/\/www.facebook.com\/Ballettodanceshop\/","https:\/\/x.com\/ballettodance","https:\/\/www.tiktok.com\/@ballettodanceshop","https:\/\/fr.linkedin.com\/company\/ballettodaneshop","https:\/\/fr.pinterest.com\/ballettodanceshop\/","https:\/\/www.threads.com\/@ballettodanceshop","https:\/\/www.instagram.com\/ballettodanceshop\/","https:\/\/www.youtube.com\/@ballettodanceshop"]}]}},"_links":{"self":[{"href":"https:\/\/www.ballettodanceshop.com\/en\/wp-json\/wp\/v2\/product\/75582","targetHints":{"allow":["GET"]}}],"collection":[{"href":"https:\/\/www.ballettodanceshop.com\/en\/wp-json\/wp\/v2\/product"}],"about":[{"href":"https:\/\/www.ballettodanceshop.com\/en\/wp-json\/wp\/v2\/types\/product"}],"replies":[{"embeddable":true,"href":"https:\/\/www.ballettodanceshop.com\/en\/wp-json\/wp\/v2\/comments?post=75582"}],"wp:featuredmedia":[{"embeddable":true,"href":"https:\/\/www.ballettodanceshop.com\/en\/wp-json\/wp\/v2\/media\/75588"}],"wp:attachment":[{"href":"https:\/\/www.ballettodanceshop.com\/en\/wp-json\/wp\/v2\/media?parent=75582"}],"wp:term":[{"taxonomy":"product_brand","embeddable":true,"href":"https:\/\/www.ballettodanceshop.com\/en\/wp-json\/wp\/v2\/product_brand?post=75582"},{"taxonomy":"product_cat","embeddable":true,"href":"https:\/\/www.ballettodanceshop.com\/en\/wp-json\/wp\/v2\/product_cat?post=75582"},{"taxonomy":"product_tag","embeddable":true,"href":"https:\/\/www.ballettodanceshop.com\/en\/wp-json\/wp\/v2\/product_tag?post=75582"}],"curies":[{"name":"wp","href":"https:\/\/api.w.org\/{rel}","templated":true}]}}