{"id":74832,"date":"2025-09-15T20:57:13","date_gmt":"2025-09-15T18:57:13","guid":{"rendered":"https:\/\/www.ballettodanceshop.com\/?post_type=product&#038;p=74832"},"modified":"2025-11-06T15:00:09","modified_gmt":"2025-11-06T14:00:09","slug":"leopard-portdance-cabaret-shoes","status":"publish","type":"product","link":"https:\/\/www.ballettodanceshop.com\/en\/chaussures-de-cabaret-portdance-leopard\/","title":{"rendered":"PortDance Leopard Cabaret Shoes"},"content":{"rendered":"<p><strong>PortDance Leopard Cabaret Shoes<\/strong><\/p>\n<p>PD804 Leopard<\/p>\n<p>7 cm heels<\/p>\n<p>Leather with suede sole.<\/p>\n<p>Designed and manufactured in Portugal.<\/p>","protected":false},"excerpt":{"rendered":"<p>Top-class shoes for cabaret, tango, Heels Dance and all Latin dances.<\/p>\n<p>They follow the curves of the foot in a delicate and flattering way.<\/p>\n<p>Made from leopard leather, these Latin dance shoes are ideal with denim jeans, leather trousers or shorts or any dance outfit.<\/p>\n<p>They are very suitable for different foot widths as they can be laced accordingly.<\/p>\n<p>Heel height: 7 cm<\/p>\n<p>Made with love by hand in Portugal.<\/p>","protected":false},"featured_media":74841,"comment_status":"open","ping_status":"closed","template":"","meta":{"_acf_changed":false},"product_brand":[],"product_cat":[142,19,61,983],"product_tag":[790],"class_list":{"0":"post-74832","1":"product","2":"type-product","3":"status-publish","4":"has-post-thumbnail","6":"product_cat-chaussures-danses-latines","7":"product_cat-femmes","8":"product_cat-idees-cadeaux","9":"product_cat-portdance","10":"product_tag-livraison-1-a-2-semaines","12":"first","13":"instock","14":"taxable","15":"shipping-taxable","16":"purchasable","17":"product-type-variable"},"acf":[],"yoast_head":"<!-- This site is optimized with the Yoast SEO plugin v27.4 - https:\/\/yoast.com\/product\/yoast-seo-wordpress\/ -->\n<title>Chaussures de Cabaret PortDance Leopard - Balletto Dance Shop<\/title>\n<meta name=\"description\" content=\"Chaussures de Cabaret et de Heels de haute qualit\u00e9 Portdance en cuir L\u00e9opard. Hauteur de talons 7cm. Fabriqu\u00e9es \u00e0 la main au Portugal.\" \/>\n<meta name=\"robots\" content=\"index, follow, max-snippet:-1, max-image-preview:large, max-video-preview:-1\" \/>\n<link rel=\"canonical\" href=\"https:\/\/www.ballettodanceshop.com\/en\/leopard-portdance-cabaret-shoes\/\" \/>\n<meta property=\"og:locale\" content=\"en_GB\" \/>\n<meta property=\"og:type\" content=\"article\" \/>\n<meta property=\"og:title\" content=\"Chaussures de Cabaret PortDance Leopard - Balletto Dance Shop\" \/>\n<meta property=\"og:description\" content=\"Chaussures de Cabaret et de Heels de haute qualit\u00e9 Portdance en cuir L\u00e9opard. Hauteur de talons 7cm. Fabriqu\u00e9es \u00e0 la main au Portugal.\" \/>\n<meta property=\"og:url\" content=\"https:\/\/www.ballettodanceshop.com\/en\/leopard-portdance-cabaret-shoes\/\" \/>\n<meta property=\"og:site_name\" content=\"Balletto Dance Shop\" \/>\n<meta property=\"article:publisher\" content=\"https:\/\/www.facebook.com\/Ballettodanceshop\/\" \/>\n<meta property=\"article:modified_time\" content=\"2025-11-06T14:00:09+00:00\" \/>\n<meta property=\"og:image\" content=\"https:\/\/www.ballettodanceshop.com\/wp-content\/uploads\/2025\/09\/Portdance_PD804_Leopard.webp\" \/>\n\t<meta property=\"og:image:width\" content=\"1000\" \/>\n\t<meta property=\"og:image:height\" content=\"800\" \/>\n\t<meta property=\"og:image:type\" content=\"image\/webp\" \/>\n<meta name=\"twitter:card\" content=\"summary_large_image\" \/>\n<meta name=\"twitter:site\" content=\"@ballettodance\" \/>\n<meta name=\"twitter:label1\" content=\"Estimated reading time\" \/>\n\t<meta name=\"twitter:data1\" content=\"1 minute\" \/>\n<script type=\"application\/ld+json\" class=\"yoast-schema-graph\">{\"@context\":\"https:\\\/\\\/schema.org\",\"@graph\":[{\"@type\":\"WebPage\",\"@id\":\"https:\\\/\\\/www.ballettodanceshop.com\\\/chaussures-de-cabaret-portdance-leopard\\\/\",\"url\":\"https:\\\/\\\/www.ballettodanceshop.com\\\/chaussures-de-cabaret-portdance-leopard\\\/\",\"name\":\"Chaussures de Cabaret PortDance Leopard - Balletto Dance Shop\",\"isPartOf\":{\"@id\":\"https:\\\/\\\/www.ballettodanceshop.com\\\/#website\"},\"primaryImageOfPage\":{\"@id\":\"https:\\\/\\\/www.ballettodanceshop.com\\\/chaussures-de-cabaret-portdance-leopard\\\/#primaryimage\"},\"image\":{\"@id\":\"https:\\\/\\\/www.ballettodanceshop.com\\\/chaussures-de-cabaret-portdance-leopard\\\/#primaryimage\"},\"thumbnailUrl\":\"https:\\\/\\\/www.ballettodanceshop.com\\\/wp-content\\\/uploads\\\/2025\\\/09\\\/Portdance_PD804_Leopard.webp\",\"datePublished\":\"2025-09-15T18:57:13+00:00\",\"dateModified\":\"2025-11-06T14:00:09+00:00\",\"description\":\"Chaussures de Cabaret et de Heels de haute qualit\u00e9 Portdance en cuir L\u00e9opard. Hauteur de talons 7cm. Fabriqu\u00e9es \u00e0 la main au Portugal.\",\"breadcrumb\":{\"@id\":\"https:\\\/\\\/www.ballettodanceshop.com\\\/chaussures-de-cabaret-portdance-leopard\\\/#breadcrumb\"},\"inLanguage\":\"en-GB\",\"potentialAction\":[{\"@type\":\"ReadAction\",\"target\":[\"https:\\\/\\\/www.ballettodanceshop.com\\\/chaussures-de-cabaret-portdance-leopard\\\/\"]}]},{\"@type\":\"ImageObject\",\"inLanguage\":\"en-GB\",\"@id\":\"https:\\\/\\\/www.ballettodanceshop.com\\\/chaussures-de-cabaret-portdance-leopard\\\/#primaryimage\",\"url\":\"https:\\\/\\\/www.ballettodanceshop.com\\\/wp-content\\\/uploads\\\/2025\\\/09\\\/Portdance_PD804_Leopard.webp\",\"contentUrl\":\"https:\\\/\\\/www.ballettodanceshop.com\\\/wp-content\\\/uploads\\\/2025\\\/09\\\/Portdance_PD804_Leopard.webp\",\"width\":1000,\"height\":800,\"caption\":\"Chaussures de cabaret et de heels Portdance PD804\"},{\"@type\":\"BreadcrumbList\",\"@id\":\"https:\\\/\\\/www.ballettodanceshop.com\\\/chaussures-de-cabaret-portdance-leopard\\\/#breadcrumb\",\"itemListElement\":[{\"@type\":\"ListItem\",\"position\":1,\"name\":\"Accueil\",\"item\":\"https:\\\/\\\/www.ballettodanceshop.com\\\/\"},{\"@type\":\"ListItem\",\"position\":2,\"name\":\"Produits\",\"item\":\"https:\\\/\\\/www.ballettodanceshop.com\\\/boutique\\\/\"},{\"@type\":\"ListItem\",\"position\":3,\"name\":\"Chaussures de Cabaret PortDance Leopard\"}]},{\"@type\":\"WebSite\",\"@id\":\"https:\\\/\\\/www.ballettodanceshop.com\\\/#website\",\"url\":\"https:\\\/\\\/www.ballettodanceshop.com\\\/\",\"name\":\"Balletto Dance Shop\",\"description\":\"Keep Dancing !\",\"publisher\":{\"@id\":\"https:\\\/\\\/www.ballettodanceshop.com\\\/#organization\"},\"alternateName\":\"Balletto\",\"potentialAction\":[{\"@type\":\"SearchAction\",\"target\":{\"@type\":\"EntryPoint\",\"urlTemplate\":\"https:\\\/\\\/www.ballettodanceshop.com\\\/?s={search_term_string}\"},\"query-input\":{\"@type\":\"PropertyValueSpecification\",\"valueRequired\":true,\"valueName\":\"search_term_string\"}}],\"inLanguage\":\"en-GB\"},{\"@type\":\"Organization\",\"@id\":\"https:\\\/\\\/www.ballettodanceshop.com\\\/#organization\",\"name\":\"Balletto Dance Shop\",\"alternateName\":\"Balletto\",\"url\":\"https:\\\/\\\/www.ballettodanceshop.com\\\/\",\"logo\":{\"@type\":\"ImageObject\",\"inLanguage\":\"en-GB\",\"@id\":\"https:\\\/\\\/www.ballettodanceshop.com\\\/#\\\/schema\\\/logo\\\/image\\\/\",\"url\":\"https:\\\/\\\/www.ballettodanceshop.com\\\/wp-content\\\/uploads\\\/2025\\\/06\\\/LOGO-1.png\",\"contentUrl\":\"https:\\\/\\\/www.ballettodanceshop.com\\\/wp-content\\\/uploads\\\/2025\\\/06\\\/LOGO-1.png\",\"width\":508,\"height\":209,\"caption\":\"Balletto Dance Shop\"},\"image\":{\"@id\":\"https:\\\/\\\/www.ballettodanceshop.com\\\/#\\\/schema\\\/logo\\\/image\\\/\"},\"sameAs\":[\"https:\\\/\\\/www.facebook.com\\\/Ballettodanceshop\\\/\",\"https:\\\/\\\/x.com\\\/ballettodance\",\"https:\\\/\\\/www.tiktok.com\\\/@ballettodanceshop\",\"https:\\\/\\\/fr.linkedin.com\\\/company\\\/ballettodaneshop\",\"https:\\\/\\\/fr.pinterest.com\\\/ballettodanceshop\\\/\",\"https:\\\/\\\/www.threads.com\\\/@ballettodanceshop\",\"https:\\\/\\\/www.instagram.com\\\/ballettodanceshop\\\/\",\"https:\\\/\\\/www.youtube.com\\\/@ballettodanceshop\"]}]}<\/script>\n<!-- \/ Yoast SEO plugin. -->","yoast_head_json":{"title":"PortDance Leopard Cabaret Shoes - Balletto Dance Shop","description":"High quality Portdance Cabaret and Heels shoes in Leopard leather. Heel height 7cm. Handmade in Portugal.","robots":{"index":"index","follow":"follow","max-snippet":"max-snippet:-1","max-image-preview":"max-image-preview:large","max-video-preview":"max-video-preview:-1"},"canonical":"https:\/\/www.ballettodanceshop.com\/en\/leopard-portdance-cabaret-shoes\/","og_locale":"en_GB","og_type":"article","og_title":"Chaussures de Cabaret PortDance Leopard - Balletto Dance Shop","og_description":"Chaussures de Cabaret et de Heels de haute qualit\u00e9 Portdance en cuir L\u00e9opard. Hauteur de talons 7cm. Fabriqu\u00e9es \u00e0 la main au Portugal.","og_url":"https:\/\/www.ballettodanceshop.com\/en\/leopard-portdance-cabaret-shoes\/","og_site_name":"Balletto Dance Shop","article_publisher":"https:\/\/www.facebook.com\/Ballettodanceshop\/","article_modified_time":"2025-11-06T14:00:09+00:00","og_image":[{"width":1000,"height":800,"url":"https:\/\/www.ballettodanceshop.com\/wp-content\/uploads\/2025\/09\/Portdance_PD804_Leopard.webp","type":"image\/webp"}],"twitter_card":"summary_large_image","twitter_site":"@ballettodance","twitter_misc":{"Estimated reading time":"1 minute"},"schema":{"@context":"https:\/\/schema.org","@graph":[{"@type":"WebPage","@id":"https:\/\/www.ballettodanceshop.com\/chaussures-de-cabaret-portdance-leopard\/","url":"https:\/\/www.ballettodanceshop.com\/chaussures-de-cabaret-portdance-leopard\/","name":"PortDance Leopard Cabaret Shoes - Balletto Dance Shop","isPartOf":{"@id":"https:\/\/www.ballettodanceshop.com\/#website"},"primaryImageOfPage":{"@id":"https:\/\/www.ballettodanceshop.com\/chaussures-de-cabaret-portdance-leopard\/#primaryimage"},"image":{"@id":"https:\/\/www.ballettodanceshop.com\/chaussures-de-cabaret-portdance-leopard\/#primaryimage"},"thumbnailUrl":"https:\/\/www.ballettodanceshop.com\/wp-content\/uploads\/2025\/09\/Portdance_PD804_Leopard.webp","datePublished":"2025-09-15T18:57:13+00:00","dateModified":"2025-11-06T14:00:09+00:00","description":"High quality Portdance Cabaret and Heels shoes in Leopard leather. Heel height 7cm. Handmade in Portugal.","breadcrumb":{"@id":"https:\/\/www.ballettodanceshop.com\/chaussures-de-cabaret-portdance-leopard\/#breadcrumb"},"inLanguage":"en-GB","potentialAction":[{"@type":"ReadAction","target":["https:\/\/www.ballettodanceshop.com\/chaussures-de-cabaret-portdance-leopard\/"]}]},{"@type":"ImageObject","inLanguage":"en-GB","@id":"https:\/\/www.ballettodanceshop.com\/chaussures-de-cabaret-portdance-leopard\/#primaryimage","url":"https:\/\/www.ballettodanceshop.com\/wp-content\/uploads\/2025\/09\/Portdance_PD804_Leopard.webp","contentUrl":"https:\/\/www.ballettodanceshop.com\/wp-content\/uploads\/2025\/09\/Portdance_PD804_Leopard.webp","width":1000,"height":800,"caption":"Chaussures de cabaret et de heels Portdance PD804"},{"@type":"BreadcrumbList","@id":"https:\/\/www.ballettodanceshop.com\/chaussures-de-cabaret-portdance-leopard\/#breadcrumb","itemListElement":[{"@type":"ListItem","position":1,"name":"Accueil","item":"https:\/\/www.ballettodanceshop.com\/"},{"@type":"ListItem","position":2,"name":"Produits","item":"https:\/\/www.ballettodanceshop.com\/boutique\/"},{"@type":"ListItem","position":3,"name":"Chaussures de Cabaret PortDance Leopard"}]},{"@type":"WebSite","@id":"https:\/\/www.ballettodanceshop.com\/#website","url":"https:\/\/www.ballettodanceshop.com\/","name":"Balletto Dance Shop","description":"Keep Dancing!","publisher":{"@id":"https:\/\/www.ballettodanceshop.com\/#organization"},"alternateName":"Balletto","potentialAction":[{"@type":"SearchAction","target":{"@type":"EntryPoint","urlTemplate":"https:\/\/www.ballettodanceshop.com\/?s={search_term_string}"},"query-input":{"@type":"PropertyValueSpecification","valueRequired":true,"valueName":"search_term_string"}}],"inLanguage":"en-GB"},{"@type":"Organization","@id":"https:\/\/www.ballettodanceshop.com\/#organization","name":"Balletto Dance Shop","alternateName":"Balletto","url":"https:\/\/www.ballettodanceshop.com\/","logo":{"@type":"ImageObject","inLanguage":"en-GB","@id":"https:\/\/www.ballettodanceshop.com\/#\/schema\/logo\/image\/","url":"https:\/\/www.ballettodanceshop.com\/wp-content\/uploads\/2025\/06\/LOGO-1.png","contentUrl":"https:\/\/www.ballettodanceshop.com\/wp-content\/uploads\/2025\/06\/LOGO-1.png","width":508,"height":209,"caption":"Balletto Dance Shop"},"image":{"@id":"https:\/\/www.ballettodanceshop.com\/#\/schema\/logo\/image\/"},"sameAs":["https:\/\/www.facebook.com\/Ballettodanceshop\/","https:\/\/x.com\/ballettodance","https:\/\/www.tiktok.com\/@ballettodanceshop","https:\/\/fr.linkedin.com\/company\/ballettodaneshop","https:\/\/fr.pinterest.com\/ballettodanceshop\/","https:\/\/www.threads.com\/@ballettodanceshop","https:\/\/www.instagram.com\/ballettodanceshop\/","https:\/\/www.youtube.com\/@ballettodanceshop"]}]}},"_links":{"self":[{"href":"https:\/\/www.ballettodanceshop.com\/en\/wp-json\/wp\/v2\/product\/74832","targetHints":{"allow":["GET"]}}],"collection":[{"href":"https:\/\/www.ballettodanceshop.com\/en\/wp-json\/wp\/v2\/product"}],"about":[{"href":"https:\/\/www.ballettodanceshop.com\/en\/wp-json\/wp\/v2\/types\/product"}],"replies":[{"embeddable":true,"href":"https:\/\/www.ballettodanceshop.com\/en\/wp-json\/wp\/v2\/comments?post=74832"}],"wp:featuredmedia":[{"embeddable":true,"href":"https:\/\/www.ballettodanceshop.com\/en\/wp-json\/wp\/v2\/media\/74841"}],"wp:attachment":[{"href":"https:\/\/www.ballettodanceshop.com\/en\/wp-json\/wp\/v2\/media?parent=74832"}],"wp:term":[{"taxonomy":"product_brand","embeddable":true,"href":"https:\/\/www.ballettodanceshop.com\/en\/wp-json\/wp\/v2\/product_brand?post=74832"},{"taxonomy":"product_cat","embeddable":true,"href":"https:\/\/www.ballettodanceshop.com\/en\/wp-json\/wp\/v2\/product_cat?post=74832"},{"taxonomy":"product_tag","embeddable":true,"href":"https:\/\/www.ballettodanceshop.com\/en\/wp-json\/wp\/v2\/product_tag?post=74832"}],"curies":[{"name":"wp","href":"https:\/\/api.w.org\/{rel}","templated":true}]}}