{"id":68021,"date":"2025-06-08T19:26:56","date_gmt":"2025-06-08T17:26:56","guid":{"rendered":"https:\/\/www.ballettodanceshop.com\/tutu-noir-lac-des-cygnes-harmony-odile\/"},"modified":"2026-03-27T11:03:32","modified_gmt":"2026-03-27T10:03:32","slug":"black-tutu-swan-lake-harmony-odile","status":"publish","type":"product","link":"https:\/\/www.ballettodanceshop.com\/en\/tutu-noir-lac-des-cygnes-harmony-odile\/","title":{"rendered":"Black Tutu Swan Lake Harmony Odile"},"content":{"rendered":"<p><strong>Black Tutu Swan Lake Harmony Odile<\/strong><\/p>\n<p>P174<\/p>\n<p>Velvet bodice<\/p>\n<p>6 layers of black and white tulle<\/p>\n<p>Tutu Diameter 40 Cm<\/p>\n<p>Made in Italy<\/p>","protected":false},"excerpt":{"rendered":"<p><span class=\"\">Prestigious full-stage Tutu designed entirely by hand in the workshops of Harmony Danza in Italy.<\/span><\/p>\n<p>Black velvet bodice hand-stitched with silver sequined edging and plunging V-neckline in flesh-coloured fishnet at the front, with straps that can be adjusted to suit you.<\/p>\n<p>Silver sequined flower inserts on top tulle.<\/p>\n<p>Ce tutu plateau est compos\u00e9 de 6 \u00e9paisseurs de tulle italien &#8211; tulle souple noir sur le dessus et plus \u00e9pais blanc au dessous pour une meilleure tenue en plateau.<\/p>\n<p><span class=\"\">This Tutu can be used for the role of Odile in the ballet \"Swan Lake\".<\/span><\/p>\n<p>The sleeves are not supplied with the Tutu.<\/p>","protected":false},"featured_media":25473,"comment_status":"open","ping_status":"closed","template":"","meta":{"_acf_changed":false},"product_brand":[],"product_cat":[59,985,19,60,61,62,63],"product_tag":[793],"class_list":{"0":"post-68021","1":"product","2":"type-product","3":"status-publish","4":"has-post-thumbnail","6":"product_cat-concours-et-galas","7":"product_cat-costumes-de-scene","8":"product_cat-femmes","9":"product_cat-harmony","10":"product_cat-idees-cadeaux","11":"product_cat-classique","12":"product_cat-tutus-jupons","13":"product_tag-livraison-3-a-4-semaines","15":"first","16":"instock","17":"taxable","18":"shipping-taxable","19":"purchasable","20":"product-type-variable"},"acf":[],"yoast_head":"<!-- This site is optimized with the Yoast SEO plugin v27.4 - https:\/\/yoast.com\/product\/yoast-seo-wordpress\/ -->\n<title>Tutu Noir Lac des Cygnes Harmony Odile - Balletto Dance Shop<\/title>\n<meta name=\"description\" content=\"Tutu int\u00e9gral de danse classique Harmony. Bustier en velours noir et d\u00e9collet\u00e9 plongeant en V en r\u00e9sille chair \u00e0 l&#039;avant. 6 \u00e9paisseurs de tulle italien.\" \/>\n<meta name=\"robots\" content=\"index, follow, max-snippet:-1, max-image-preview:large, max-video-preview:-1\" \/>\n<link rel=\"canonical\" href=\"https:\/\/www.ballettodanceshop.com\/en\/black-tutu-swan-lake-harmony-odile\/\" \/>\n<meta property=\"og:locale\" content=\"en_GB\" \/>\n<meta property=\"og:type\" content=\"article\" \/>\n<meta property=\"og:title\" content=\"Tutu Noir Lac des Cygnes Harmony Odile - Balletto Dance Shop\" \/>\n<meta property=\"og:description\" content=\"Tutu int\u00e9gral de danse classique Harmony. Bustier en velours noir et d\u00e9collet\u00e9 plongeant en V en r\u00e9sille chair \u00e0 l&#039;avant. 6 \u00e9paisseurs de tulle italien.\" \/>\n<meta property=\"og:url\" content=\"https:\/\/www.ballettodanceshop.com\/en\/black-tutu-swan-lake-harmony-odile\/\" \/>\n<meta property=\"og:site_name\" content=\"Balletto Dance Shop\" \/>\n<meta property=\"article:publisher\" content=\"https:\/\/www.facebook.com\/Ballettodanceshop\/\" \/>\n<meta property=\"article:modified_time\" content=\"2026-03-27T10:03:32+00:00\" \/>\n<meta property=\"og:image\" content=\"https:\/\/www.ballettodanceshop.com\/wp-content\/uploads\/2025\/07\/Tutu_Cygne_Noir_Harmony_Odile_1.webp\" \/>\n\t<meta property=\"og:image:width\" content=\"1404\" \/>\n\t<meta property=\"og:image:height\" content=\"1850\" \/>\n\t<meta property=\"og:image:type\" content=\"image\/webp\" \/>\n<meta name=\"twitter:card\" content=\"summary_large_image\" \/>\n<meta name=\"twitter:site\" content=\"@ballettodance\" \/>\n<meta name=\"twitter:label1\" content=\"Estimated reading time\" \/>\n\t<meta name=\"twitter:data1\" content=\"1 minute\" \/>\n<script type=\"application\/ld+json\" class=\"yoast-schema-graph\">{\"@context\":\"https:\\\/\\\/schema.org\",\"@graph\":[{\"@type\":\"WebPage\",\"@id\":\"https:\\\/\\\/www.ballettodanceshop.com\\\/tutu-noir-lac-des-cygnes-harmony-odile\\\/\",\"url\":\"https:\\\/\\\/www.ballettodanceshop.com\\\/tutu-noir-lac-des-cygnes-harmony-odile\\\/\",\"name\":\"Tutu Noir Lac des Cygnes Harmony Odile - Balletto Dance Shop\",\"isPartOf\":{\"@id\":\"https:\\\/\\\/www.ballettodanceshop.com\\\/#website\"},\"primaryImageOfPage\":{\"@id\":\"https:\\\/\\\/www.ballettodanceshop.com\\\/tutu-noir-lac-des-cygnes-harmony-odile\\\/#primaryimage\"},\"image\":{\"@id\":\"https:\\\/\\\/www.ballettodanceshop.com\\\/tutu-noir-lac-des-cygnes-harmony-odile\\\/#primaryimage\"},\"thumbnailUrl\":\"https:\\\/\\\/www.ballettodanceshop.com\\\/wp-content\\\/uploads\\\/2025\\\/07\\\/Tutu_Cygne_Noir_Harmony_Odile_1.webp\",\"datePublished\":\"2025-06-08T17:26:56+00:00\",\"dateModified\":\"2026-03-27T10:03:32+00:00\",\"description\":\"Tutu int\u00e9gral de danse classique Harmony. Bustier en velours noir et d\u00e9collet\u00e9 plongeant en V en r\u00e9sille chair \u00e0 l'avant. 6 \u00e9paisseurs de tulle italien.\",\"breadcrumb\":{\"@id\":\"https:\\\/\\\/www.ballettodanceshop.com\\\/tutu-noir-lac-des-cygnes-harmony-odile\\\/#breadcrumb\"},\"inLanguage\":\"en-GB\",\"potentialAction\":[{\"@type\":\"ReadAction\",\"target\":[\"https:\\\/\\\/www.ballettodanceshop.com\\\/tutu-noir-lac-des-cygnes-harmony-odile\\\/\"]}]},{\"@type\":\"ImageObject\",\"inLanguage\":\"en-GB\",\"@id\":\"https:\\\/\\\/www.ballettodanceshop.com\\\/tutu-noir-lac-des-cygnes-harmony-odile\\\/#primaryimage\",\"url\":\"https:\\\/\\\/www.ballettodanceshop.com\\\/wp-content\\\/uploads\\\/2025\\\/07\\\/Tutu_Cygne_Noir_Harmony_Odile_1.webp\",\"contentUrl\":\"https:\\\/\\\/www.ballettodanceshop.com\\\/wp-content\\\/uploads\\\/2025\\\/07\\\/Tutu_Cygne_Noir_Harmony_Odile_1.webp\",\"width\":1404,\"height\":1850,\"caption\":\"Tutu Cygne Noir Harmony Danza\"},{\"@type\":\"BreadcrumbList\",\"@id\":\"https:\\\/\\\/www.ballettodanceshop.com\\\/tutu-noir-lac-des-cygnes-harmony-odile\\\/#breadcrumb\",\"itemListElement\":[{\"@type\":\"ListItem\",\"position\":1,\"name\":\"Accueil\",\"item\":\"https:\\\/\\\/www.ballettodanceshop.com\\\/\"},{\"@type\":\"ListItem\",\"position\":2,\"name\":\"Produits\",\"item\":\"https:\\\/\\\/www.ballettodanceshop.com\\\/boutique\\\/\"},{\"@type\":\"ListItem\",\"position\":3,\"name\":\"Tutu Noir Lac des Cygnes Harmony Odile\"}]},{\"@type\":\"WebSite\",\"@id\":\"https:\\\/\\\/www.ballettodanceshop.com\\\/#website\",\"url\":\"https:\\\/\\\/www.ballettodanceshop.com\\\/\",\"name\":\"Balletto Dance Shop\",\"description\":\"Keep Dancing !\",\"publisher\":{\"@id\":\"https:\\\/\\\/www.ballettodanceshop.com\\\/#organization\"},\"alternateName\":\"Balletto\",\"potentialAction\":[{\"@type\":\"SearchAction\",\"target\":{\"@type\":\"EntryPoint\",\"urlTemplate\":\"https:\\\/\\\/www.ballettodanceshop.com\\\/?s={search_term_string}\"},\"query-input\":{\"@type\":\"PropertyValueSpecification\",\"valueRequired\":true,\"valueName\":\"search_term_string\"}}],\"inLanguage\":\"en-GB\"},{\"@type\":\"Organization\",\"@id\":\"https:\\\/\\\/www.ballettodanceshop.com\\\/#organization\",\"name\":\"Balletto Dance Shop\",\"alternateName\":\"Balletto\",\"url\":\"https:\\\/\\\/www.ballettodanceshop.com\\\/\",\"logo\":{\"@type\":\"ImageObject\",\"inLanguage\":\"en-GB\",\"@id\":\"https:\\\/\\\/www.ballettodanceshop.com\\\/#\\\/schema\\\/logo\\\/image\\\/\",\"url\":\"https:\\\/\\\/www.ballettodanceshop.com\\\/wp-content\\\/uploads\\\/2025\\\/06\\\/LOGO-1.png\",\"contentUrl\":\"https:\\\/\\\/www.ballettodanceshop.com\\\/wp-content\\\/uploads\\\/2025\\\/06\\\/LOGO-1.png\",\"width\":508,\"height\":209,\"caption\":\"Balletto Dance Shop\"},\"image\":{\"@id\":\"https:\\\/\\\/www.ballettodanceshop.com\\\/#\\\/schema\\\/logo\\\/image\\\/\"},\"sameAs\":[\"https:\\\/\\\/www.facebook.com\\\/Ballettodanceshop\\\/\",\"https:\\\/\\\/x.com\\\/ballettodance\",\"https:\\\/\\\/www.tiktok.com\\\/@ballettodanceshop\",\"https:\\\/\\\/fr.linkedin.com\\\/company\\\/ballettodaneshop\",\"https:\\\/\\\/fr.pinterest.com\\\/ballettodanceshop\\\/\",\"https:\\\/\\\/www.threads.com\\\/@ballettodanceshop\",\"https:\\\/\\\/www.instagram.com\\\/ballettodanceshop\\\/\",\"https:\\\/\\\/www.youtube.com\\\/@ballettodanceshop\"]}]}<\/script>\n<!-- \/ Yoast SEO plugin. -->","yoast_head_json":{"title":"Swan Lake Black Tutu Harmony Odile - Balletto Dance Shop","description":"Harmony full ballet tutu. Bustier in black velvet and plunging V-neckline in flesh-coloured fishnet at the front. 6 layers of Italian tulle.","robots":{"index":"index","follow":"follow","max-snippet":"max-snippet:-1","max-image-preview":"max-image-preview:large","max-video-preview":"max-video-preview:-1"},"canonical":"https:\/\/www.ballettodanceshop.com\/en\/black-tutu-swan-lake-harmony-odile\/","og_locale":"en_GB","og_type":"article","og_title":"Tutu Noir Lac des Cygnes Harmony Odile - Balletto Dance Shop","og_description":"Tutu int\u00e9gral de danse classique Harmony. Bustier en velours noir et d\u00e9collet\u00e9 plongeant en V en r\u00e9sille chair \u00e0 l'avant. 6 \u00e9paisseurs de tulle italien.","og_url":"https:\/\/www.ballettodanceshop.com\/en\/black-tutu-swan-lake-harmony-odile\/","og_site_name":"Balletto Dance Shop","article_publisher":"https:\/\/www.facebook.com\/Ballettodanceshop\/","article_modified_time":"2026-03-27T10:03:32+00:00","og_image":[{"width":1404,"height":1850,"url":"https:\/\/www.ballettodanceshop.com\/wp-content\/uploads\/2025\/07\/Tutu_Cygne_Noir_Harmony_Odile_1.webp","type":"image\/webp"}],"twitter_card":"summary_large_image","twitter_site":"@ballettodance","twitter_misc":{"Estimated reading time":"1 minute"},"schema":{"@context":"https:\/\/schema.org","@graph":[{"@type":"WebPage","@id":"https:\/\/www.ballettodanceshop.com\/tutu-noir-lac-des-cygnes-harmony-odile\/","url":"https:\/\/www.ballettodanceshop.com\/tutu-noir-lac-des-cygnes-harmony-odile\/","name":"Swan Lake Black Tutu Harmony Odile - Balletto Dance Shop","isPartOf":{"@id":"https:\/\/www.ballettodanceshop.com\/#website"},"primaryImageOfPage":{"@id":"https:\/\/www.ballettodanceshop.com\/tutu-noir-lac-des-cygnes-harmony-odile\/#primaryimage"},"image":{"@id":"https:\/\/www.ballettodanceshop.com\/tutu-noir-lac-des-cygnes-harmony-odile\/#primaryimage"},"thumbnailUrl":"https:\/\/www.ballettodanceshop.com\/wp-content\/uploads\/2025\/07\/Tutu_Cygne_Noir_Harmony_Odile_1.webp","datePublished":"2025-06-08T17:26:56+00:00","dateModified":"2026-03-27T10:03:32+00:00","description":"Harmony full ballet tutu. Bustier in black velvet and plunging V-neckline in flesh-coloured fishnet at the front. 6 layers of Italian tulle.","breadcrumb":{"@id":"https:\/\/www.ballettodanceshop.com\/tutu-noir-lac-des-cygnes-harmony-odile\/#breadcrumb"},"inLanguage":"en-GB","potentialAction":[{"@type":"ReadAction","target":["https:\/\/www.ballettodanceshop.com\/tutu-noir-lac-des-cygnes-harmony-odile\/"]}]},{"@type":"ImageObject","inLanguage":"en-GB","@id":"https:\/\/www.ballettodanceshop.com\/tutu-noir-lac-des-cygnes-harmony-odile\/#primaryimage","url":"https:\/\/www.ballettodanceshop.com\/wp-content\/uploads\/2025\/07\/Tutu_Cygne_Noir_Harmony_Odile_1.webp","contentUrl":"https:\/\/www.ballettodanceshop.com\/wp-content\/uploads\/2025\/07\/Tutu_Cygne_Noir_Harmony_Odile_1.webp","width":1404,"height":1850,"caption":"Tutu Cygne Noir Harmony Danza"},{"@type":"BreadcrumbList","@id":"https:\/\/www.ballettodanceshop.com\/tutu-noir-lac-des-cygnes-harmony-odile\/#breadcrumb","itemListElement":[{"@type":"ListItem","position":1,"name":"Accueil","item":"https:\/\/www.ballettodanceshop.com\/"},{"@type":"ListItem","position":2,"name":"Produits","item":"https:\/\/www.ballettodanceshop.com\/boutique\/"},{"@type":"ListItem","position":3,"name":"Tutu Noir Lac des Cygnes Harmony Odile"}]},{"@type":"WebSite","@id":"https:\/\/www.ballettodanceshop.com\/#website","url":"https:\/\/www.ballettodanceshop.com\/","name":"Balletto Dance Shop","description":"Keep Dancing!","publisher":{"@id":"https:\/\/www.ballettodanceshop.com\/#organization"},"alternateName":"Balletto","potentialAction":[{"@type":"SearchAction","target":{"@type":"EntryPoint","urlTemplate":"https:\/\/www.ballettodanceshop.com\/?s={search_term_string}"},"query-input":{"@type":"PropertyValueSpecification","valueRequired":true,"valueName":"search_term_string"}}],"inLanguage":"en-GB"},{"@type":"Organization","@id":"https:\/\/www.ballettodanceshop.com\/#organization","name":"Balletto Dance Shop","alternateName":"Balletto","url":"https:\/\/www.ballettodanceshop.com\/","logo":{"@type":"ImageObject","inLanguage":"en-GB","@id":"https:\/\/www.ballettodanceshop.com\/#\/schema\/logo\/image\/","url":"https:\/\/www.ballettodanceshop.com\/wp-content\/uploads\/2025\/06\/LOGO-1.png","contentUrl":"https:\/\/www.ballettodanceshop.com\/wp-content\/uploads\/2025\/06\/LOGO-1.png","width":508,"height":209,"caption":"Balletto Dance Shop"},"image":{"@id":"https:\/\/www.ballettodanceshop.com\/#\/schema\/logo\/image\/"},"sameAs":["https:\/\/www.facebook.com\/Ballettodanceshop\/","https:\/\/x.com\/ballettodance","https:\/\/www.tiktok.com\/@ballettodanceshop","https:\/\/fr.linkedin.com\/company\/ballettodaneshop","https:\/\/fr.pinterest.com\/ballettodanceshop\/","https:\/\/www.threads.com\/@ballettodanceshop","https:\/\/www.instagram.com\/ballettodanceshop\/","https:\/\/www.youtube.com\/@ballettodanceshop"]}]}},"_links":{"self":[{"href":"https:\/\/www.ballettodanceshop.com\/en\/wp-json\/wp\/v2\/product\/68021","targetHints":{"allow":["GET"]}}],"collection":[{"href":"https:\/\/www.ballettodanceshop.com\/en\/wp-json\/wp\/v2\/product"}],"about":[{"href":"https:\/\/www.ballettodanceshop.com\/en\/wp-json\/wp\/v2\/types\/product"}],"replies":[{"embeddable":true,"href":"https:\/\/www.ballettodanceshop.com\/en\/wp-json\/wp\/v2\/comments?post=68021"}],"wp:featuredmedia":[{"embeddable":true,"href":"https:\/\/www.ballettodanceshop.com\/en\/wp-json\/wp\/v2\/media\/25473"}],"wp:attachment":[{"href":"https:\/\/www.ballettodanceshop.com\/en\/wp-json\/wp\/v2\/media?parent=68021"}],"wp:term":[{"taxonomy":"product_brand","embeddable":true,"href":"https:\/\/www.ballettodanceshop.com\/en\/wp-json\/wp\/v2\/product_brand?post=68021"},{"taxonomy":"product_cat","embeddable":true,"href":"https:\/\/www.ballettodanceshop.com\/en\/wp-json\/wp\/v2\/product_cat?post=68021"},{"taxonomy":"product_tag","embeddable":true,"href":"https:\/\/www.ballettodanceshop.com\/en\/wp-json\/wp\/v2\/product_tag?post=68021"}],"curies":[{"name":"wp","href":"https:\/\/api.w.org\/{rel}","templated":true}]}}