{"id":67979,"date":"2025-06-06T10:44:07","date_gmt":"2025-06-06T08:44:07","guid":{"rendered":"https:\/\/www.ballettodanceshop.com\/genouilleres-invisibles-tech-dance\/"},"modified":"2026-04-26T08:49:50","modified_gmt":"2026-04-26T06:49:50","slug":"tech-dance-invisible-knee-pads","status":"publish","type":"product","link":"https:\/\/www.ballettodanceshop.com\/en\/genouilleres-invisibles-tech-dance\/","title":{"rendered":"Tech Dance Invisible Knee Pads"},"content":{"rendered":"<p><strong>Tech Dance Invisible Knee Pads<\/strong><\/p>\n<p>Cotton-nylon and silicone gel knee pads<\/p>\n<p>S\/M: Height 29 cm, Diameter 28 to 40 cm<\/p>\n<p>M\/L: Height 29 cm, Diameter 38-45 cm<\/p>\n<p>Sold in pairs<\/p>\n<p>Hand wash<\/p>\n<p>Designed in Italy<\/p>","protected":false},"excerpt":{"rendered":"<p>Les genouill\u00e8res en gel TechDance conviennent aux danseurs et aux sportifs de tous niveaux.<\/p>\n<p>Designed specifically for dancers, these knee pads are ideal for various dance styles including ballet, modern jazz, contemporary dance, hip-hop, and for Pilates and fitness, as well as for stage performance.<\/p>\n<p>They offer perfect support for the legs, and provide maximum protection and support for the knees.<\/p>\n<p>Micro-ventilated stretch fabric, antibacterial and padded with a protective silicone gel inside.<\/p>\n<p><strong>Sold in pairs.<\/strong><\/p>","protected":false},"featured_media":83607,"comment_status":"open","ping_status":"closed","template":"","meta":{"_acf_changed":false},"product_brand":[],"product_cat":[110,92,106,102,98,94,66,108,90,104,100,96,67,111,107,103,99,93,65,59,112,95,113,114,115,120,116,121,117,122,118,119,19,25,26,23,124,123,61,68,89,109,91,105,125,62,101,97],"product_tag":[786],"class_list":{"0":"post-67979","1":"product","2":"type-product","3":"status-publish","4":"has-post-thumbnail","6":"product_cat-accessoires-jazz-filles","7":"product_cat-accessoires-jazz","8":"product_cat-accessoires-jazz-garcons","9":"product_cat-accessoires-classique-hommes","10":"product_cat-accessoires-contemporain","11":"product_cat-accessoires-classique-garcons","12":"product_cat-accessoires-classique-filles","13":"product_cat-accessoires-athleisure-yoga-gym-pilates","14":"product_cat-accessoires-jazz-hommes","15":"product_cat-accessoires-athleisure","16":"product_cat-accessoires-caractere-hommes","17":"product_cat-accessoires-contemporain-hommes","18":"product_cat-accessoires","19":"product_cat-athleisure-yoga-gym-pilates-filles","20":"product_cat-athleisure-yoga-gym-pilates","21":"product_cat-athleisure","22":"product_cat-caractere-hommes","23":"product_cat-classique-garcons","24":"product_cat-classique-filles","25":"product_cat-concours-et-galas","26":"product_cat-contemporain-filles","27":"product_cat-contemporain-hommes","28":"product_cat-danses-latines","29":"product_cat-echauffement","30":"product_cat-echauffements-jazz","31":"product_cat-echauffements","32":"product_cat-echauffements-classique-garcons","33":"product_cat-echauffements-jazz-filles","34":"product_cat-echauffements-classique-filles","35":"product_cat-echauffements-jazz-hommes","36":"product_cat-echauffements-classique-hommes","37":"product_cat-echauffements-jazz-garcons","38":"product_cat-femmes","39":"product_cat-filles","40":"product_cat-garcons","41":"product_cat-hommes","42":"product_cat-idees-cadeaux-garcons","43":"product_cat-idees-cadeaux-hommes","44":"product_cat-idees-cadeaux","45":"product_cat-idees-cadeaux-filles","46":"product_cat-jazz-hommes","47":"product_cat-jazz-filles","48":"product_cat-jazz","49":"product_cat-jazz-garcons","50":"product_cat-tech-dance","51":"product_cat-classique","52":"product_cat-classique-hommes","53":"product_cat-contemporain","54":"product_tag-livraison-24-a-48h","56":"first","57":"instock","58":"taxable","59":"shipping-taxable","60":"purchasable","61":"product-type-variable"},"acf":[],"yoast_head":"<!-- This site is optimized with the Yoast SEO plugin v27.4 - https:\/\/yoast.com\/product\/yoast-seo-wordpress\/ -->\n<title>Genouill\u00e8res Invisibles Tech Dance - Balletto Dance Shop<\/title>\n<meta name=\"description\" content=\"Prot\u00e8ges genoux couleur chair clair. Con\u00e7ues sp\u00e9cifiquement pour les danseurs, les et sportifs. Id\u00e9ales pour diff\u00e9rents types de danse et de sport.\" \/>\n<meta name=\"robots\" content=\"index, follow, max-snippet:-1, max-image-preview:large, max-video-preview:-1\" \/>\n<link rel=\"canonical\" href=\"https:\/\/www.ballettodanceshop.com\/en\/tech-dance-invisible-knee-pads\/\" \/>\n<meta property=\"og:locale\" content=\"en_GB\" \/>\n<meta property=\"og:type\" content=\"article\" \/>\n<meta property=\"og:title\" content=\"Genouill\u00e8res Invisibles Tech Dance - Balletto Dance Shop\" \/>\n<meta property=\"og:description\" content=\"Prot\u00e8ges genoux couleur chair clair. Con\u00e7ues sp\u00e9cifiquement pour les danseurs, les et sportifs. Id\u00e9ales pour diff\u00e9rents types de danse et de sport.\" \/>\n<meta property=\"og:url\" content=\"https:\/\/www.ballettodanceshop.com\/en\/tech-dance-invisible-knee-pads\/\" \/>\n<meta property=\"og:site_name\" content=\"Balletto Dance Shop\" \/>\n<meta property=\"article:publisher\" content=\"https:\/\/www.facebook.com\/Ballettodanceshop\/\" \/>\n<meta property=\"article:modified_time\" content=\"2026-04-26T06:49:50+00:00\" \/>\n<meta property=\"og:image\" content=\"https:\/\/www.ballettodanceshop.com\/wp-content\/uploads\/2025\/06\/Genouilleres-en-gel-tech-dance.jpg\" \/>\n\t<meta property=\"og:image:width\" content=\"1200\" \/>\n\t<meta property=\"og:image:height\" content=\"1800\" \/>\n\t<meta property=\"og:image:type\" content=\"image\/jpeg\" \/>\n<meta name=\"twitter:card\" content=\"summary_large_image\" \/>\n<meta name=\"twitter:site\" content=\"@ballettodance\" \/>\n<meta name=\"twitter:label1\" content=\"Estimated reading time\" \/>\n\t<meta name=\"twitter:data1\" content=\"1 minute\" \/>\n<script type=\"application\/ld+json\" class=\"yoast-schema-graph\">{\"@context\":\"https:\\\/\\\/schema.org\",\"@graph\":[{\"@type\":\"WebPage\",\"@id\":\"https:\\\/\\\/www.ballettodanceshop.com\\\/genouilleres-invisibles-tech-dance\\\/\",\"url\":\"https:\\\/\\\/www.ballettodanceshop.com\\\/genouilleres-invisibles-tech-dance\\\/\",\"name\":\"Genouill\u00e8res Invisibles Tech Dance - Balletto Dance Shop\",\"isPartOf\":{\"@id\":\"https:\\\/\\\/www.ballettodanceshop.com\\\/#website\"},\"primaryImageOfPage\":{\"@id\":\"https:\\\/\\\/www.ballettodanceshop.com\\\/genouilleres-invisibles-tech-dance\\\/#primaryimage\"},\"image\":{\"@id\":\"https:\\\/\\\/www.ballettodanceshop.com\\\/genouilleres-invisibles-tech-dance\\\/#primaryimage\"},\"thumbnailUrl\":\"https:\\\/\\\/www.ballettodanceshop.com\\\/wp-content\\\/uploads\\\/2025\\\/06\\\/Genouilleres-en-gel-tech-dance.jpg\",\"datePublished\":\"2025-06-06T08:44:07+00:00\",\"dateModified\":\"2026-04-26T06:49:50+00:00\",\"description\":\"Prot\u00e8ges genoux couleur chair clair. Con\u00e7ues sp\u00e9cifiquement pour les danseurs, les et sportifs. Id\u00e9ales pour diff\u00e9rents types de danse et de sport.\",\"breadcrumb\":{\"@id\":\"https:\\\/\\\/www.ballettodanceshop.com\\\/genouilleres-invisibles-tech-dance\\\/#breadcrumb\"},\"inLanguage\":\"en-GB\",\"potentialAction\":[{\"@type\":\"ReadAction\",\"target\":[\"https:\\\/\\\/www.ballettodanceshop.com\\\/genouilleres-invisibles-tech-dance\\\/\"]}]},{\"@type\":\"ImageObject\",\"inLanguage\":\"en-GB\",\"@id\":\"https:\\\/\\\/www.ballettodanceshop.com\\\/genouilleres-invisibles-tech-dance\\\/#primaryimage\",\"url\":\"https:\\\/\\\/www.ballettodanceshop.com\\\/wp-content\\\/uploads\\\/2025\\\/06\\\/Genouilleres-en-gel-tech-dance.jpg\",\"contentUrl\":\"https:\\\/\\\/www.ballettodanceshop.com\\\/wp-content\\\/uploads\\\/2025\\\/06\\\/Genouilleres-en-gel-tech-dance.jpg\",\"width\":1200,\"height\":1800},{\"@type\":\"BreadcrumbList\",\"@id\":\"https:\\\/\\\/www.ballettodanceshop.com\\\/genouilleres-invisibles-tech-dance\\\/#breadcrumb\",\"itemListElement\":[{\"@type\":\"ListItem\",\"position\":1,\"name\":\"Accueil\",\"item\":\"https:\\\/\\\/www.ballettodanceshop.com\\\/\"},{\"@type\":\"ListItem\",\"position\":2,\"name\":\"Produits\",\"item\":\"https:\\\/\\\/www.ballettodanceshop.com\\\/boutique\\\/\"},{\"@type\":\"ListItem\",\"position\":3,\"name\":\"Genouill\u00e8res Invisibles Tech Dance\"}]},{\"@type\":\"WebSite\",\"@id\":\"https:\\\/\\\/www.ballettodanceshop.com\\\/#website\",\"url\":\"https:\\\/\\\/www.ballettodanceshop.com\\\/\",\"name\":\"Balletto Dance Shop\",\"description\":\"Keep Dancing !\",\"publisher\":{\"@id\":\"https:\\\/\\\/www.ballettodanceshop.com\\\/#organization\"},\"alternateName\":\"Balletto\",\"potentialAction\":[{\"@type\":\"SearchAction\",\"target\":{\"@type\":\"EntryPoint\",\"urlTemplate\":\"https:\\\/\\\/www.ballettodanceshop.com\\\/?s={search_term_string}\"},\"query-input\":{\"@type\":\"PropertyValueSpecification\",\"valueRequired\":true,\"valueName\":\"search_term_string\"}}],\"inLanguage\":\"en-GB\"},{\"@type\":\"Organization\",\"@id\":\"https:\\\/\\\/www.ballettodanceshop.com\\\/#organization\",\"name\":\"Balletto Dance Shop\",\"alternateName\":\"Balletto\",\"url\":\"https:\\\/\\\/www.ballettodanceshop.com\\\/\",\"logo\":{\"@type\":\"ImageObject\",\"inLanguage\":\"en-GB\",\"@id\":\"https:\\\/\\\/www.ballettodanceshop.com\\\/#\\\/schema\\\/logo\\\/image\\\/\",\"url\":\"https:\\\/\\\/www.ballettodanceshop.com\\\/wp-content\\\/uploads\\\/2025\\\/06\\\/LOGO-1.png\",\"contentUrl\":\"https:\\\/\\\/www.ballettodanceshop.com\\\/wp-content\\\/uploads\\\/2025\\\/06\\\/LOGO-1.png\",\"width\":508,\"height\":209,\"caption\":\"Balletto Dance Shop\"},\"image\":{\"@id\":\"https:\\\/\\\/www.ballettodanceshop.com\\\/#\\\/schema\\\/logo\\\/image\\\/\"},\"sameAs\":[\"https:\\\/\\\/www.facebook.com\\\/Ballettodanceshop\\\/\",\"https:\\\/\\\/x.com\\\/ballettodance\",\"https:\\\/\\\/www.tiktok.com\\\/@ballettodanceshop\",\"https:\\\/\\\/fr.linkedin.com\\\/company\\\/ballettodaneshop\",\"https:\\\/\\\/fr.pinterest.com\\\/ballettodanceshop\\\/\",\"https:\\\/\\\/www.threads.com\\\/@ballettodanceshop\",\"https:\\\/\\\/www.instagram.com\\\/ballettodanceshop\\\/\",\"https:\\\/\\\/www.youtube.com\\\/@ballettodanceshop\"]}]}<\/script>\n<!-- \/ Yoast SEO plugin. -->","yoast_head_json":{"title":"Tech Dance Invisible Knee Pads - Balletto Dance Shop","description":"Light flesh-coloured knee protectors. Designed specifically for dancers and sportspeople. Ideal for different types of dance and sport.","robots":{"index":"index","follow":"follow","max-snippet":"max-snippet:-1","max-image-preview":"max-image-preview:large","max-video-preview":"max-video-preview:-1"},"canonical":"https:\/\/www.ballettodanceshop.com\/en\/tech-dance-invisible-knee-pads\/","og_locale":"en_GB","og_type":"article","og_title":"Genouill\u00e8res Invisibles Tech Dance - Balletto Dance Shop","og_description":"Prot\u00e8ges genoux couleur chair clair. Con\u00e7ues sp\u00e9cifiquement pour les danseurs, les et sportifs. Id\u00e9ales pour diff\u00e9rents types de danse et de sport.","og_url":"https:\/\/www.ballettodanceshop.com\/en\/tech-dance-invisible-knee-pads\/","og_site_name":"Balletto Dance Shop","article_publisher":"https:\/\/www.facebook.com\/Ballettodanceshop\/","article_modified_time":"2026-04-26T06:49:50+00:00","og_image":[{"width":1200,"height":1800,"url":"https:\/\/www.ballettodanceshop.com\/wp-content\/uploads\/2025\/06\/Genouilleres-en-gel-tech-dance.jpg","type":"image\/jpeg"}],"twitter_card":"summary_large_image","twitter_site":"@ballettodance","twitter_misc":{"Estimated reading time":"1 minute"},"schema":{"@context":"https:\/\/schema.org","@graph":[{"@type":"WebPage","@id":"https:\/\/www.ballettodanceshop.com\/genouilleres-invisibles-tech-dance\/","url":"https:\/\/www.ballettodanceshop.com\/genouilleres-invisibles-tech-dance\/","name":"Tech Dance Invisible Knee Pads - Balletto Dance Shop","isPartOf":{"@id":"https:\/\/www.ballettodanceshop.com\/#website"},"primaryImageOfPage":{"@id":"https:\/\/www.ballettodanceshop.com\/genouilleres-invisibles-tech-dance\/#primaryimage"},"image":{"@id":"https:\/\/www.ballettodanceshop.com\/genouilleres-invisibles-tech-dance\/#primaryimage"},"thumbnailUrl":"https:\/\/www.ballettodanceshop.com\/wp-content\/uploads\/2025\/06\/Genouilleres-en-gel-tech-dance.jpg","datePublished":"2025-06-06T08:44:07+00:00","dateModified":"2026-04-26T06:49:50+00:00","description":"Light flesh-coloured knee protectors. Designed specifically for dancers and sportspeople. Ideal for different types of dance and sport.","breadcrumb":{"@id":"https:\/\/www.ballettodanceshop.com\/genouilleres-invisibles-tech-dance\/#breadcrumb"},"inLanguage":"en-GB","potentialAction":[{"@type":"ReadAction","target":["https:\/\/www.ballettodanceshop.com\/genouilleres-invisibles-tech-dance\/"]}]},{"@type":"ImageObject","inLanguage":"en-GB","@id":"https:\/\/www.ballettodanceshop.com\/genouilleres-invisibles-tech-dance\/#primaryimage","url":"https:\/\/www.ballettodanceshop.com\/wp-content\/uploads\/2025\/06\/Genouilleres-en-gel-tech-dance.jpg","contentUrl":"https:\/\/www.ballettodanceshop.com\/wp-content\/uploads\/2025\/06\/Genouilleres-en-gel-tech-dance.jpg","width":1200,"height":1800},{"@type":"BreadcrumbList","@id":"https:\/\/www.ballettodanceshop.com\/genouilleres-invisibles-tech-dance\/#breadcrumb","itemListElement":[{"@type":"ListItem","position":1,"name":"Accueil","item":"https:\/\/www.ballettodanceshop.com\/"},{"@type":"ListItem","position":2,"name":"Produits","item":"https:\/\/www.ballettodanceshop.com\/boutique\/"},{"@type":"ListItem","position":3,"name":"Genouill\u00e8res Invisibles Tech Dance"}]},{"@type":"WebSite","@id":"https:\/\/www.ballettodanceshop.com\/#website","url":"https:\/\/www.ballettodanceshop.com\/","name":"Balletto Dance Shop","description":"Keep Dancing!","publisher":{"@id":"https:\/\/www.ballettodanceshop.com\/#organization"},"alternateName":"Balletto","potentialAction":[{"@type":"SearchAction","target":{"@type":"EntryPoint","urlTemplate":"https:\/\/www.ballettodanceshop.com\/?s={search_term_string}"},"query-input":{"@type":"PropertyValueSpecification","valueRequired":true,"valueName":"search_term_string"}}],"inLanguage":"en-GB"},{"@type":"Organization","@id":"https:\/\/www.ballettodanceshop.com\/#organization","name":"Balletto Dance Shop","alternateName":"Balletto","url":"https:\/\/www.ballettodanceshop.com\/","logo":{"@type":"ImageObject","inLanguage":"en-GB","@id":"https:\/\/www.ballettodanceshop.com\/#\/schema\/logo\/image\/","url":"https:\/\/www.ballettodanceshop.com\/wp-content\/uploads\/2025\/06\/LOGO-1.png","contentUrl":"https:\/\/www.ballettodanceshop.com\/wp-content\/uploads\/2025\/06\/LOGO-1.png","width":508,"height":209,"caption":"Balletto Dance Shop"},"image":{"@id":"https:\/\/www.ballettodanceshop.com\/#\/schema\/logo\/image\/"},"sameAs":["https:\/\/www.facebook.com\/Ballettodanceshop\/","https:\/\/x.com\/ballettodance","https:\/\/www.tiktok.com\/@ballettodanceshop","https:\/\/fr.linkedin.com\/company\/ballettodaneshop","https:\/\/fr.pinterest.com\/ballettodanceshop\/","https:\/\/www.threads.com\/@ballettodanceshop","https:\/\/www.instagram.com\/ballettodanceshop\/","https:\/\/www.youtube.com\/@ballettodanceshop"]}]}},"_links":{"self":[{"href":"https:\/\/www.ballettodanceshop.com\/en\/wp-json\/wp\/v2\/product\/67979","targetHints":{"allow":["GET"]}}],"collection":[{"href":"https:\/\/www.ballettodanceshop.com\/en\/wp-json\/wp\/v2\/product"}],"about":[{"href":"https:\/\/www.ballettodanceshop.com\/en\/wp-json\/wp\/v2\/types\/product"}],"replies":[{"embeddable":true,"href":"https:\/\/www.ballettodanceshop.com\/en\/wp-json\/wp\/v2\/comments?post=67979"}],"wp:featuredmedia":[{"embeddable":true,"href":"https:\/\/www.ballettodanceshop.com\/en\/wp-json\/wp\/v2\/media\/83607"}],"wp:attachment":[{"href":"https:\/\/www.ballettodanceshop.com\/en\/wp-json\/wp\/v2\/media?parent=67979"}],"wp:term":[{"taxonomy":"product_brand","embeddable":true,"href":"https:\/\/www.ballettodanceshop.com\/en\/wp-json\/wp\/v2\/product_brand?post=67979"},{"taxonomy":"product_cat","embeddable":true,"href":"https:\/\/www.ballettodanceshop.com\/en\/wp-json\/wp\/v2\/product_cat?post=67979"},{"taxonomy":"product_tag","embeddable":true,"href":"https:\/\/www.ballettodanceshop.com\/en\/wp-json\/wp\/v2\/product_tag?post=67979"}],"curies":[{"name":"wp","href":"https:\/\/api.w.org\/{rel}","templated":true}]}}