{"id":67929,"date":"2025-05-18T15:05:28","date_gmt":"2025-05-18T13:05:28","guid":{"rendered":"https:\/\/www.ballettodanceshop.com\/legging-zidans-ziphirus-wine\/"},"modified":"2025-08-24T18:07:57","modified_gmt":"2025-08-24T16:07:57","slug":"zidans-ziphirus-wine-leggings","status":"publish","type":"product","link":"https:\/\/www.ballettodanceshop.com\/en\/legging-zidans-ziphirus-wine\/","title":{"rendered":"Legging Zidans Ziphirus Wine"},"content":{"rendered":"<p><strong>Legging Zidans Ziphirus Wine<\/strong><\/p>\n<p><strong>Equipment.\u00a0<\/strong>Ultra-fine, breathable Italian Biflex, invisible on the body, quick-drying, won't deform.<\/p>\n<p>Not just for your dance classes, think about wearing these Tights or\u00a0<strong>dance leggings<\/strong>\u00a0for your\u00a0<strong>Yoga<\/strong>\u00a0and\u00a0<strong>Pilates<\/strong>. Il sera \u00e9galement parfait et tr\u00e8s \u00e0 la mode en villes sous une jupe courte ou un joli short.<\/p>","protected":false},"excerpt":{"rendered":"<p>Athleisure Leggings Wine colour - a contemporary alternative to traditional ballet tights.<\/p>\n<p>Points de suture minimum \u2013 confort maximum.\u00a0Le gousset Biflex Italien opaque permet une plus grande amplitude de mouvement.<\/p>\n<p>The seamless leggings maintain maximum elasticity at the ankle. The design and technology take into account the intensity of activity and use.<\/p>\n<p>Ultra-light, breathable and invisible on the legs.<\/p>\n<p>Complete with branded elasticated waistband. Indigo bottoms.<\/p>\n<p><strong>Perfect for Dance, Yoga, Pilates or any other sport.<\/strong><\/p>","protected":false},"featured_media":25336,"comment_status":"open","ping_status":"open","template":"","meta":{"_acf_changed":false},"product_brand":[],"product_cat":[103,195,196,197,114,19,91,300,62,97,676],"product_tag":[804],"class_list":{"0":"post-67929","1":"product","2":"type-product","3":"status-publish","4":"has-post-thumbnail","6":"product_cat-athleisure","7":"product_cat-collants-contemporain","8":"product_cat-collants","9":"product_cat-collants-jazz","10":"product_cat-echauffement","11":"product_cat-femmes","12":"product_cat-jazz","13":"product_cat-pantalons-athleisure","14":"product_cat-classique","15":"product_cat-contemporain","16":"product_cat-zidans","17":"product_tag-livraison-4-a-5-semaines","19":"first","20":"instock","21":"taxable","22":"shipping-taxable","23":"purchasable","24":"product-type-variable"},"acf":[],"yoast_head":"<!-- This site is optimized with the Yoast SEO plugin v27.4 - https:\/\/yoast.com\/product\/yoast-seo-wordpress\/ -->\n<title>Legging Zidans Ziphirus Wine - Balletto Dance Shop<\/title>\n<meta name=\"description\" content=\"Un collant legging incontournable pour les danse, le yoga et le pilates. Con\u00e7u avec beaucoup de soin par Zidans-Collection Ziphirus Translucide.\" \/>\n<meta name=\"robots\" content=\"index, follow, max-snippet:-1, max-image-preview:large, max-video-preview:-1\" \/>\n<link rel=\"canonical\" href=\"https:\/\/www.ballettodanceshop.com\/en\/zidans-ziphirus-wine-leggings\/\" \/>\n<meta property=\"og:locale\" content=\"en_GB\" \/>\n<meta property=\"og:type\" content=\"article\" \/>\n<meta property=\"og:title\" content=\"Legging Zidans Ziphirus Wine - Balletto Dance Shop\" \/>\n<meta property=\"og:description\" content=\"Un collant legging incontournable pour les danse, le yoga et le pilates. Con\u00e7u avec beaucoup de soin par Zidans-Collection Ziphirus Translucide.\" \/>\n<meta property=\"og:url\" content=\"https:\/\/www.ballettodanceshop.com\/en\/zidans-ziphirus-wine-leggings\/\" \/>\n<meta property=\"og:site_name\" content=\"Balletto Dance Shop\" \/>\n<meta property=\"article:publisher\" content=\"https:\/\/www.facebook.com\/Ballettodanceshop\/\" \/>\n<meta property=\"article:modified_time\" content=\"2025-08-24T16:07:57+00:00\" \/>\n<meta property=\"og:image\" content=\"https:\/\/www.ballettodanceshop.com\/wp-content\/uploads\/2025\/07\/Zidans_legging_Wine.jpg\" \/>\n\t<meta property=\"og:image:width\" content=\"1326\" \/>\n\t<meta property=\"og:image:height\" content=\"1838\" \/>\n\t<meta property=\"og:image:type\" content=\"image\/jpeg\" \/>\n<meta name=\"twitter:card\" content=\"summary_large_image\" \/>\n<meta name=\"twitter:site\" content=\"@ballettodance\" \/>\n<script type=\"application\/ld+json\" class=\"yoast-schema-graph\">{\"@context\":\"https:\\\/\\\/schema.org\",\"@graph\":[{\"@type\":\"WebPage\",\"@id\":\"https:\\\/\\\/www.ballettodanceshop.com\\\/legging-zidans-ziphirus-wine\\\/\",\"url\":\"https:\\\/\\\/www.ballettodanceshop.com\\\/legging-zidans-ziphirus-wine\\\/\",\"name\":\"Legging Zidans Ziphirus Wine - Balletto Dance Shop\",\"isPartOf\":{\"@id\":\"https:\\\/\\\/www.ballettodanceshop.com\\\/#website\"},\"primaryImageOfPage\":{\"@id\":\"https:\\\/\\\/www.ballettodanceshop.com\\\/legging-zidans-ziphirus-wine\\\/#primaryimage\"},\"image\":{\"@id\":\"https:\\\/\\\/www.ballettodanceshop.com\\\/legging-zidans-ziphirus-wine\\\/#primaryimage\"},\"thumbnailUrl\":\"https:\\\/\\\/www.ballettodanceshop.com\\\/wp-content\\\/uploads\\\/2025\\\/07\\\/Zidans_legging_Wine.jpg\",\"datePublished\":\"2025-05-18T13:05:28+00:00\",\"dateModified\":\"2025-08-24T16:07:57+00:00\",\"description\":\"Un collant legging incontournable pour les danse, le yoga et le pilates. Con\u00e7u avec beaucoup de soin par Zidans-Collection Ziphirus Translucide.\",\"breadcrumb\":{\"@id\":\"https:\\\/\\\/www.ballettodanceshop.com\\\/legging-zidans-ziphirus-wine\\\/#breadcrumb\"},\"inLanguage\":\"en-GB\",\"potentialAction\":[{\"@type\":\"ReadAction\",\"target\":[\"https:\\\/\\\/www.ballettodanceshop.com\\\/legging-zidans-ziphirus-wine\\\/\"]}]},{\"@type\":\"ImageObject\",\"inLanguage\":\"en-GB\",\"@id\":\"https:\\\/\\\/www.ballettodanceshop.com\\\/legging-zidans-ziphirus-wine\\\/#primaryimage\",\"url\":\"https:\\\/\\\/www.ballettodanceshop.com\\\/wp-content\\\/uploads\\\/2025\\\/07\\\/Zidans_legging_Wine.jpg\",\"contentUrl\":\"https:\\\/\\\/www.ballettodanceshop.com\\\/wp-content\\\/uploads\\\/2025\\\/07\\\/Zidans_legging_Wine.jpg\",\"width\":1326,\"height\":1838,\"caption\":\"Legging Zidans Ziphirus Translucide Wine\"},{\"@type\":\"BreadcrumbList\",\"@id\":\"https:\\\/\\\/www.ballettodanceshop.com\\\/legging-zidans-ziphirus-wine\\\/#breadcrumb\",\"itemListElement\":[{\"@type\":\"ListItem\",\"position\":1,\"name\":\"Accueil\",\"item\":\"https:\\\/\\\/www.ballettodanceshop.com\\\/\"},{\"@type\":\"ListItem\",\"position\":2,\"name\":\"Produits\",\"item\":\"https:\\\/\\\/www.ballettodanceshop.com\\\/boutique\\\/\"},{\"@type\":\"ListItem\",\"position\":3,\"name\":\"Legging Zidans Ziphirus Wine\"}]},{\"@type\":\"WebSite\",\"@id\":\"https:\\\/\\\/www.ballettodanceshop.com\\\/#website\",\"url\":\"https:\\\/\\\/www.ballettodanceshop.com\\\/\",\"name\":\"Balletto Dance Shop\",\"description\":\"Keep Dancing !\",\"publisher\":{\"@id\":\"https:\\\/\\\/www.ballettodanceshop.com\\\/#organization\"},\"alternateName\":\"Balletto\",\"potentialAction\":[{\"@type\":\"SearchAction\",\"target\":{\"@type\":\"EntryPoint\",\"urlTemplate\":\"https:\\\/\\\/www.ballettodanceshop.com\\\/?s={search_term_string}\"},\"query-input\":{\"@type\":\"PropertyValueSpecification\",\"valueRequired\":true,\"valueName\":\"search_term_string\"}}],\"inLanguage\":\"en-GB\"},{\"@type\":\"Organization\",\"@id\":\"https:\\\/\\\/www.ballettodanceshop.com\\\/#organization\",\"name\":\"Balletto Dance Shop\",\"alternateName\":\"Balletto\",\"url\":\"https:\\\/\\\/www.ballettodanceshop.com\\\/\",\"logo\":{\"@type\":\"ImageObject\",\"inLanguage\":\"en-GB\",\"@id\":\"https:\\\/\\\/www.ballettodanceshop.com\\\/#\\\/schema\\\/logo\\\/image\\\/\",\"url\":\"https:\\\/\\\/www.ballettodanceshop.com\\\/wp-content\\\/uploads\\\/2025\\\/06\\\/LOGO-1.png\",\"contentUrl\":\"https:\\\/\\\/www.ballettodanceshop.com\\\/wp-content\\\/uploads\\\/2025\\\/06\\\/LOGO-1.png\",\"width\":508,\"height\":209,\"caption\":\"Balletto Dance Shop\"},\"image\":{\"@id\":\"https:\\\/\\\/www.ballettodanceshop.com\\\/#\\\/schema\\\/logo\\\/image\\\/\"},\"sameAs\":[\"https:\\\/\\\/www.facebook.com\\\/Ballettodanceshop\\\/\",\"https:\\\/\\\/x.com\\\/ballettodance\",\"https:\\\/\\\/www.tiktok.com\\\/@ballettodanceshop\",\"https:\\\/\\\/fr.linkedin.com\\\/company\\\/ballettodaneshop\",\"https:\\\/\\\/fr.pinterest.com\\\/ballettodanceshop\\\/\",\"https:\\\/\\\/www.threads.com\\\/@ballettodanceshop\",\"https:\\\/\\\/www.instagram.com\\\/ballettodanceshop\\\/\",\"https:\\\/\\\/www.youtube.com\\\/@ballettodanceshop\"]}]}<\/script>\n<!-- \/ Yoast SEO plugin. -->","yoast_head_json":{"title":"Legging Zidans Ziphirus Wine - Balletto Dance Shop","description":"Un collant legging incontournable pour les danse, le yoga et le pilates. Con\u00e7u avec beaucoup de soin par Zidans-Collection Ziphirus Translucide.","robots":{"index":"index","follow":"follow","max-snippet":"max-snippet:-1","max-image-preview":"max-image-preview:large","max-video-preview":"max-video-preview:-1"},"canonical":"https:\/\/www.ballettodanceshop.com\/en\/zidans-ziphirus-wine-leggings\/","og_locale":"en_GB","og_type":"article","og_title":"Legging Zidans Ziphirus Wine - Balletto Dance Shop","og_description":"Un collant legging incontournable pour les danse, le yoga et le pilates. Con\u00e7u avec beaucoup de soin par Zidans-Collection Ziphirus Translucide.","og_url":"https:\/\/www.ballettodanceshop.com\/en\/zidans-ziphirus-wine-leggings\/","og_site_name":"Balletto Dance Shop","article_publisher":"https:\/\/www.facebook.com\/Ballettodanceshop\/","article_modified_time":"2025-08-24T16:07:57+00:00","og_image":[{"width":1326,"height":1838,"url":"https:\/\/www.ballettodanceshop.com\/wp-content\/uploads\/2025\/07\/Zidans_legging_Wine.jpg","type":"image\/jpeg"}],"twitter_card":"summary_large_image","twitter_site":"@ballettodance","schema":{"@context":"https:\/\/schema.org","@graph":[{"@type":"WebPage","@id":"https:\/\/www.ballettodanceshop.com\/legging-zidans-ziphirus-wine\/","url":"https:\/\/www.ballettodanceshop.com\/legging-zidans-ziphirus-wine\/","name":"Legging Zidans Ziphirus Wine - Balletto Dance Shop","isPartOf":{"@id":"https:\/\/www.ballettodanceshop.com\/#website"},"primaryImageOfPage":{"@id":"https:\/\/www.ballettodanceshop.com\/legging-zidans-ziphirus-wine\/#primaryimage"},"image":{"@id":"https:\/\/www.ballettodanceshop.com\/legging-zidans-ziphirus-wine\/#primaryimage"},"thumbnailUrl":"https:\/\/www.ballettodanceshop.com\/wp-content\/uploads\/2025\/07\/Zidans_legging_Wine.jpg","datePublished":"2025-05-18T13:05:28+00:00","dateModified":"2025-08-24T16:07:57+00:00","description":"Un collant legging incontournable pour les danse, le yoga et le pilates. Con\u00e7u avec beaucoup de soin par Zidans-Collection Ziphirus Translucide.","breadcrumb":{"@id":"https:\/\/www.ballettodanceshop.com\/legging-zidans-ziphirus-wine\/#breadcrumb"},"inLanguage":"en-GB","potentialAction":[{"@type":"ReadAction","target":["https:\/\/www.ballettodanceshop.com\/legging-zidans-ziphirus-wine\/"]}]},{"@type":"ImageObject","inLanguage":"en-GB","@id":"https:\/\/www.ballettodanceshop.com\/legging-zidans-ziphirus-wine\/#primaryimage","url":"https:\/\/www.ballettodanceshop.com\/wp-content\/uploads\/2025\/07\/Zidans_legging_Wine.jpg","contentUrl":"https:\/\/www.ballettodanceshop.com\/wp-content\/uploads\/2025\/07\/Zidans_legging_Wine.jpg","width":1326,"height":1838,"caption":"Legging Zidans Ziphirus Translucide Wine"},{"@type":"BreadcrumbList","@id":"https:\/\/www.ballettodanceshop.com\/legging-zidans-ziphirus-wine\/#breadcrumb","itemListElement":[{"@type":"ListItem","position":1,"name":"Accueil","item":"https:\/\/www.ballettodanceshop.com\/"},{"@type":"ListItem","position":2,"name":"Produits","item":"https:\/\/www.ballettodanceshop.com\/boutique\/"},{"@type":"ListItem","position":3,"name":"Legging Zidans Ziphirus Wine"}]},{"@type":"WebSite","@id":"https:\/\/www.ballettodanceshop.com\/#website","url":"https:\/\/www.ballettodanceshop.com\/","name":"Balletto Dance Shop","description":"Keep Dancing!","publisher":{"@id":"https:\/\/www.ballettodanceshop.com\/#organization"},"alternateName":"Balletto","potentialAction":[{"@type":"SearchAction","target":{"@type":"EntryPoint","urlTemplate":"https:\/\/www.ballettodanceshop.com\/?s={search_term_string}"},"query-input":{"@type":"PropertyValueSpecification","valueRequired":true,"valueName":"search_term_string"}}],"inLanguage":"en-GB"},{"@type":"Organization","@id":"https:\/\/www.ballettodanceshop.com\/#organization","name":"Balletto Dance Shop","alternateName":"Balletto","url":"https:\/\/www.ballettodanceshop.com\/","logo":{"@type":"ImageObject","inLanguage":"en-GB","@id":"https:\/\/www.ballettodanceshop.com\/#\/schema\/logo\/image\/","url":"https:\/\/www.ballettodanceshop.com\/wp-content\/uploads\/2025\/06\/LOGO-1.png","contentUrl":"https:\/\/www.ballettodanceshop.com\/wp-content\/uploads\/2025\/06\/LOGO-1.png","width":508,"height":209,"caption":"Balletto Dance Shop"},"image":{"@id":"https:\/\/www.ballettodanceshop.com\/#\/schema\/logo\/image\/"},"sameAs":["https:\/\/www.facebook.com\/Ballettodanceshop\/","https:\/\/x.com\/ballettodance","https:\/\/www.tiktok.com\/@ballettodanceshop","https:\/\/fr.linkedin.com\/company\/ballettodaneshop","https:\/\/fr.pinterest.com\/ballettodanceshop\/","https:\/\/www.threads.com\/@ballettodanceshop","https:\/\/www.instagram.com\/ballettodanceshop\/","https:\/\/www.youtube.com\/@ballettodanceshop"]}]}},"_links":{"self":[{"href":"https:\/\/www.ballettodanceshop.com\/en\/wp-json\/wp\/v2\/product\/67929","targetHints":{"allow":["GET"]}}],"collection":[{"href":"https:\/\/www.ballettodanceshop.com\/en\/wp-json\/wp\/v2\/product"}],"about":[{"href":"https:\/\/www.ballettodanceshop.com\/en\/wp-json\/wp\/v2\/types\/product"}],"replies":[{"embeddable":true,"href":"https:\/\/www.ballettodanceshop.com\/en\/wp-json\/wp\/v2\/comments?post=67929"}],"wp:featuredmedia":[{"embeddable":true,"href":"https:\/\/www.ballettodanceshop.com\/en\/wp-json\/wp\/v2\/media\/25336"}],"wp:attachment":[{"href":"https:\/\/www.ballettodanceshop.com\/en\/wp-json\/wp\/v2\/media?parent=67929"}],"wp:term":[{"taxonomy":"product_brand","embeddable":true,"href":"https:\/\/www.ballettodanceshop.com\/en\/wp-json\/wp\/v2\/product_brand?post=67929"},{"taxonomy":"product_cat","embeddable":true,"href":"https:\/\/www.ballettodanceshop.com\/en\/wp-json\/wp\/v2\/product_cat?post=67929"},{"taxonomy":"product_tag","embeddable":true,"href":"https:\/\/www.ballettodanceshop.com\/en\/wp-json\/wp\/v2\/product_tag?post=67929"}],"curies":[{"name":"wp","href":"https:\/\/api.w.org\/{rel}","templated":true}]}}