{"id":67648,"date":"2025-04-29T15:38:05","date_gmt":"2025-04-29T13:38:05","guid":{"rendered":"https:\/\/www.ballettodanceshop.com\/sneakers-danse-rumpf-zuma-ivoire\/"},"modified":"2026-02-23T15:23:11","modified_gmt":"2026-02-23T14:23:11","slug":"rumpf-zuma-ivory-dance-sneakers","status":"publish","type":"product","link":"https:\/\/www.ballettodanceshop.com\/en\/sneakers-danse-rumpf-zuma-ivoire\/","title":{"rendered":"Sneakers Dance Rumpf Zuma Ivory"},"content":{"rendered":"<p><strong>Sneakers Dance Rumpf Zuma Ivory<\/strong><\/p>\n<ul>\n<li>Breathable, high-tech mesh upper fabric<\/li>\n<li>Waterproofed<\/li>\n<li>Split PU sole with pivot point<\/li>\n<li>Extremely light - flexible<\/li>\n<li>Comfortable cushioned insole<\/li>\n<\/ul>","protected":false},"excerpt":{"rendered":"<p>A new limited-edition Ivory colour for Rumpf's famous Zuma dance sneakers.<\/p>\n<div>\n<p>Designed with a breathable, waterproof High-Tech Mesh upper.<\/p>\n<div>\n<p>Dual sole with pivot point for perfect dynamics, shock-absorbing and removable insole. Can be replaced with your own orthopaedic insole.<\/p>\n<div class=\"value\">Very elegant and of exceptional quality, don't hesitate to wear these\u00a0<strong>Dance trainers<\/strong>\u00a0for Tango, but also for your Folk, Modern Jazz, Boogie\/Swing, Latin Dance, Gymnastics, Fitness and Training classes.<\/div>\n<div><\/div>\n<div class=\"value\">Ces Baskets de danse taillent un peu petit, nous vous conseillons de pr\u00e9voir une pointure au-dessus de ce que vous avez l\u2019habitude de prendre.<\/div>\n<div><\/div>\n<div><\/div>\n<div><\/div>\n<div><strong>(Available exclusively at www.ballettodanceshop.com)<\/strong><\/div>\n<\/div>\n<\/div>","protected":false},"featured_media":24973,"comment_status":"open","ping_status":"closed","template":"","meta":{"_acf_changed":false},"product_brand":[],"product_cat":[103,142,113,19,91,149,255,256],"product_tag":[789],"class_list":{"0":"post-67648","1":"product","2":"type-product","3":"status-publish","4":"has-post-thumbnail","6":"product_cat-athleisure","7":"product_cat-chaussures-danses-latines","8":"product_cat-danses-latines","9":"product_cat-femmes","10":"product_cat-jazz","11":"product_cat-rumpf","12":"product_cat-sneakers","13":"product_cat-sneakers-athleisure","14":"product_tag-livraison-sous-1-semaine","16":"first","17":"instock","18":"taxable","19":"shipping-taxable","20":"purchasable","21":"product-type-variable"},"acf":[],"yoast_head":"<!-- This site is optimized with the Yoast SEO plugin v27.4 - https:\/\/yoast.com\/product\/yoast-seo-wordpress\/ -->\n<title>Sneakers Danse Rumpf Zuma Ivoire - Balletto Dance Shop<\/title>\n<meta name=\"description\" content=\"Baskets de danse l\u00e9g\u00e8re, flexible et confortable avec une semelle \u00e0 double point de pivot pour une mobilit\u00e9 optimale pendant vos s\u00e9ances de danses latines.\" \/>\n<meta name=\"robots\" content=\"index, follow, max-snippet:-1, max-image-preview:large, max-video-preview:-1\" \/>\n<link rel=\"canonical\" href=\"https:\/\/www.ballettodanceshop.com\/en\/rumpf-zuma-ivory-dance-sneakers\/\" \/>\n<meta property=\"og:locale\" content=\"en_GB\" \/>\n<meta property=\"og:type\" content=\"article\" \/>\n<meta property=\"og:title\" content=\"Sneakers Danse Rumpf Zuma Ivoire - Balletto Dance Shop\" \/>\n<meta property=\"og:description\" content=\"Baskets de danse l\u00e9g\u00e8re, flexible et confortable avec une semelle \u00e0 double point de pivot pour une mobilit\u00e9 optimale pendant vos s\u00e9ances de danses latines.\" \/>\n<meta property=\"og:url\" content=\"https:\/\/www.ballettodanceshop.com\/en\/rumpf-zuma-ivory-dance-sneakers\/\" \/>\n<meta property=\"og:site_name\" content=\"Balletto Dance Shop\" \/>\n<meta property=\"article:publisher\" content=\"https:\/\/www.facebook.com\/Ballettodanceshop\/\" \/>\n<meta property=\"article:modified_time\" content=\"2026-02-23T14:23:11+00:00\" \/>\n<meta property=\"og:image\" content=\"https:\/\/www.ballettodanceshop.com\/wp-content\/uploads\/2025\/07\/Sneakers_Rumpf_Zuma_Beige.jpg\" \/>\n\t<meta property=\"og:image:width\" content=\"500\" \/>\n\t<meta property=\"og:image:height\" content=\"500\" \/>\n\t<meta property=\"og:image:type\" content=\"image\/jpeg\" \/>\n<meta name=\"twitter:card\" content=\"summary_large_image\" \/>\n<meta name=\"twitter:site\" content=\"@ballettodance\" \/>\n<meta name=\"twitter:label1\" content=\"Estimated reading time\" \/>\n\t<meta name=\"twitter:data1\" content=\"1 minute\" \/>\n<script type=\"application\/ld+json\" class=\"yoast-schema-graph\">{\"@context\":\"https:\\\/\\\/schema.org\",\"@graph\":[{\"@type\":\"WebPage\",\"@id\":\"https:\\\/\\\/www.ballettodanceshop.com\\\/sneakers-danse-rumpf-zuma-ivoire\\\/\",\"url\":\"https:\\\/\\\/www.ballettodanceshop.com\\\/sneakers-danse-rumpf-zuma-ivoire\\\/\",\"name\":\"Sneakers Danse Rumpf Zuma Ivoire - Balletto Dance Shop\",\"isPartOf\":{\"@id\":\"https:\\\/\\\/www.ballettodanceshop.com\\\/#website\"},\"primaryImageOfPage\":{\"@id\":\"https:\\\/\\\/www.ballettodanceshop.com\\\/sneakers-danse-rumpf-zuma-ivoire\\\/#primaryimage\"},\"image\":{\"@id\":\"https:\\\/\\\/www.ballettodanceshop.com\\\/sneakers-danse-rumpf-zuma-ivoire\\\/#primaryimage\"},\"thumbnailUrl\":\"https:\\\/\\\/www.ballettodanceshop.com\\\/wp-content\\\/uploads\\\/2025\\\/07\\\/Sneakers_Rumpf_Zuma_Beige.jpg\",\"datePublished\":\"2025-04-29T13:38:05+00:00\",\"dateModified\":\"2026-02-23T14:23:11+00:00\",\"description\":\"Baskets de danse l\u00e9g\u00e8re, flexible et confortable avec une semelle \u00e0 double point de pivot pour une mobilit\u00e9 optimale pendant vos s\u00e9ances de danses latines.\",\"breadcrumb\":{\"@id\":\"https:\\\/\\\/www.ballettodanceshop.com\\\/sneakers-danse-rumpf-zuma-ivoire\\\/#breadcrumb\"},\"inLanguage\":\"en-GB\",\"potentialAction\":[{\"@type\":\"ReadAction\",\"target\":[\"https:\\\/\\\/www.ballettodanceshop.com\\\/sneakers-danse-rumpf-zuma-ivoire\\\/\"]}]},{\"@type\":\"ImageObject\",\"inLanguage\":\"en-GB\",\"@id\":\"https:\\\/\\\/www.ballettodanceshop.com\\\/sneakers-danse-rumpf-zuma-ivoire\\\/#primaryimage\",\"url\":\"https:\\\/\\\/www.ballettodanceshop.com\\\/wp-content\\\/uploads\\\/2025\\\/07\\\/Sneakers_Rumpf_Zuma_Beige.jpg\",\"contentUrl\":\"https:\\\/\\\/www.ballettodanceshop.com\\\/wp-content\\\/uploads\\\/2025\\\/07\\\/Sneakers_Rumpf_Zuma_Beige.jpg\",\"width\":500,\"height\":500,\"caption\":\"Basket Rumpf Zuma Ivoire\"},{\"@type\":\"BreadcrumbList\",\"@id\":\"https:\\\/\\\/www.ballettodanceshop.com\\\/sneakers-danse-rumpf-zuma-ivoire\\\/#breadcrumb\",\"itemListElement\":[{\"@type\":\"ListItem\",\"position\":1,\"name\":\"Accueil\",\"item\":\"https:\\\/\\\/www.ballettodanceshop.com\\\/\"},{\"@type\":\"ListItem\",\"position\":2,\"name\":\"Produits\",\"item\":\"https:\\\/\\\/www.ballettodanceshop.com\\\/boutique\\\/\"},{\"@type\":\"ListItem\",\"position\":3,\"name\":\"Sneakers Danse Rumpf Zuma Ivoire\"}]},{\"@type\":\"WebSite\",\"@id\":\"https:\\\/\\\/www.ballettodanceshop.com\\\/#website\",\"url\":\"https:\\\/\\\/www.ballettodanceshop.com\\\/\",\"name\":\"Balletto Dance Shop\",\"description\":\"Keep Dancing !\",\"publisher\":{\"@id\":\"https:\\\/\\\/www.ballettodanceshop.com\\\/#organization\"},\"alternateName\":\"Balletto\",\"potentialAction\":[{\"@type\":\"SearchAction\",\"target\":{\"@type\":\"EntryPoint\",\"urlTemplate\":\"https:\\\/\\\/www.ballettodanceshop.com\\\/?s={search_term_string}\"},\"query-input\":{\"@type\":\"PropertyValueSpecification\",\"valueRequired\":true,\"valueName\":\"search_term_string\"}}],\"inLanguage\":\"en-GB\"},{\"@type\":\"Organization\",\"@id\":\"https:\\\/\\\/www.ballettodanceshop.com\\\/#organization\",\"name\":\"Balletto Dance Shop\",\"alternateName\":\"Balletto\",\"url\":\"https:\\\/\\\/www.ballettodanceshop.com\\\/\",\"logo\":{\"@type\":\"ImageObject\",\"inLanguage\":\"en-GB\",\"@id\":\"https:\\\/\\\/www.ballettodanceshop.com\\\/#\\\/schema\\\/logo\\\/image\\\/\",\"url\":\"https:\\\/\\\/www.ballettodanceshop.com\\\/wp-content\\\/uploads\\\/2025\\\/06\\\/LOGO-1.png\",\"contentUrl\":\"https:\\\/\\\/www.ballettodanceshop.com\\\/wp-content\\\/uploads\\\/2025\\\/06\\\/LOGO-1.png\",\"width\":508,\"height\":209,\"caption\":\"Balletto Dance Shop\"},\"image\":{\"@id\":\"https:\\\/\\\/www.ballettodanceshop.com\\\/#\\\/schema\\\/logo\\\/image\\\/\"},\"sameAs\":[\"https:\\\/\\\/www.facebook.com\\\/Ballettodanceshop\\\/\",\"https:\\\/\\\/x.com\\\/ballettodance\",\"https:\\\/\\\/www.tiktok.com\\\/@ballettodanceshop\",\"https:\\\/\\\/fr.linkedin.com\\\/company\\\/ballettodaneshop\",\"https:\\\/\\\/fr.pinterest.com\\\/ballettodanceshop\\\/\",\"https:\\\/\\\/www.threads.com\\\/@ballettodanceshop\",\"https:\\\/\\\/www.instagram.com\\\/ballettodanceshop\\\/\",\"https:\\\/\\\/www.youtube.com\\\/@ballettodanceshop\"]}]}<\/script>\n<!-- \/ Yoast SEO plugin. -->","yoast_head_json":{"title":"Rumpf Zuma Ivory Dance Sneakers - Balletto Dance Shop","description":"Lightweight, flexible and comfortable dance trainers with a dual-pivot sole for optimum mobility during your Latin dance sessions.","robots":{"index":"index","follow":"follow","max-snippet":"max-snippet:-1","max-image-preview":"max-image-preview:large","max-video-preview":"max-video-preview:-1"},"canonical":"https:\/\/www.ballettodanceshop.com\/en\/rumpf-zuma-ivory-dance-sneakers\/","og_locale":"en_GB","og_type":"article","og_title":"Sneakers Danse Rumpf Zuma Ivoire - Balletto Dance Shop","og_description":"Baskets de danse l\u00e9g\u00e8re, flexible et confortable avec une semelle \u00e0 double point de pivot pour une mobilit\u00e9 optimale pendant vos s\u00e9ances de danses latines.","og_url":"https:\/\/www.ballettodanceshop.com\/en\/rumpf-zuma-ivory-dance-sneakers\/","og_site_name":"Balletto Dance Shop","article_publisher":"https:\/\/www.facebook.com\/Ballettodanceshop\/","article_modified_time":"2026-02-23T14:23:11+00:00","og_image":[{"width":500,"height":500,"url":"https:\/\/www.ballettodanceshop.com\/wp-content\/uploads\/2025\/07\/Sneakers_Rumpf_Zuma_Beige.jpg","type":"image\/jpeg"}],"twitter_card":"summary_large_image","twitter_site":"@ballettodance","twitter_misc":{"Estimated reading time":"1 minute"},"schema":{"@context":"https:\/\/schema.org","@graph":[{"@type":"WebPage","@id":"https:\/\/www.ballettodanceshop.com\/sneakers-danse-rumpf-zuma-ivoire\/","url":"https:\/\/www.ballettodanceshop.com\/sneakers-danse-rumpf-zuma-ivoire\/","name":"Rumpf Zuma Ivory Dance Sneakers - Balletto Dance Shop","isPartOf":{"@id":"https:\/\/www.ballettodanceshop.com\/#website"},"primaryImageOfPage":{"@id":"https:\/\/www.ballettodanceshop.com\/sneakers-danse-rumpf-zuma-ivoire\/#primaryimage"},"image":{"@id":"https:\/\/www.ballettodanceshop.com\/sneakers-danse-rumpf-zuma-ivoire\/#primaryimage"},"thumbnailUrl":"https:\/\/www.ballettodanceshop.com\/wp-content\/uploads\/2025\/07\/Sneakers_Rumpf_Zuma_Beige.jpg","datePublished":"2025-04-29T13:38:05+00:00","dateModified":"2026-02-23T14:23:11+00:00","description":"Lightweight, flexible and comfortable dance trainers with a dual-pivot sole for optimum mobility during your Latin dance sessions.","breadcrumb":{"@id":"https:\/\/www.ballettodanceshop.com\/sneakers-danse-rumpf-zuma-ivoire\/#breadcrumb"},"inLanguage":"en-GB","potentialAction":[{"@type":"ReadAction","target":["https:\/\/www.ballettodanceshop.com\/sneakers-danse-rumpf-zuma-ivoire\/"]}]},{"@type":"ImageObject","inLanguage":"en-GB","@id":"https:\/\/www.ballettodanceshop.com\/sneakers-danse-rumpf-zuma-ivoire\/#primaryimage","url":"https:\/\/www.ballettodanceshop.com\/wp-content\/uploads\/2025\/07\/Sneakers_Rumpf_Zuma_Beige.jpg","contentUrl":"https:\/\/www.ballettodanceshop.com\/wp-content\/uploads\/2025\/07\/Sneakers_Rumpf_Zuma_Beige.jpg","width":500,"height":500,"caption":"Basket Rumpf Zuma Ivoire"},{"@type":"BreadcrumbList","@id":"https:\/\/www.ballettodanceshop.com\/sneakers-danse-rumpf-zuma-ivoire\/#breadcrumb","itemListElement":[{"@type":"ListItem","position":1,"name":"Accueil","item":"https:\/\/www.ballettodanceshop.com\/"},{"@type":"ListItem","position":2,"name":"Produits","item":"https:\/\/www.ballettodanceshop.com\/boutique\/"},{"@type":"ListItem","position":3,"name":"Sneakers Danse Rumpf Zuma Ivoire"}]},{"@type":"WebSite","@id":"https:\/\/www.ballettodanceshop.com\/#website","url":"https:\/\/www.ballettodanceshop.com\/","name":"Balletto Dance Shop","description":"Keep Dancing!","publisher":{"@id":"https:\/\/www.ballettodanceshop.com\/#organization"},"alternateName":"Balletto","potentialAction":[{"@type":"SearchAction","target":{"@type":"EntryPoint","urlTemplate":"https:\/\/www.ballettodanceshop.com\/?s={search_term_string}"},"query-input":{"@type":"PropertyValueSpecification","valueRequired":true,"valueName":"search_term_string"}}],"inLanguage":"en-GB"},{"@type":"Organization","@id":"https:\/\/www.ballettodanceshop.com\/#organization","name":"Balletto Dance Shop","alternateName":"Balletto","url":"https:\/\/www.ballettodanceshop.com\/","logo":{"@type":"ImageObject","inLanguage":"en-GB","@id":"https:\/\/www.ballettodanceshop.com\/#\/schema\/logo\/image\/","url":"https:\/\/www.ballettodanceshop.com\/wp-content\/uploads\/2025\/06\/LOGO-1.png","contentUrl":"https:\/\/www.ballettodanceshop.com\/wp-content\/uploads\/2025\/06\/LOGO-1.png","width":508,"height":209,"caption":"Balletto Dance Shop"},"image":{"@id":"https:\/\/www.ballettodanceshop.com\/#\/schema\/logo\/image\/"},"sameAs":["https:\/\/www.facebook.com\/Ballettodanceshop\/","https:\/\/x.com\/ballettodance","https:\/\/www.tiktok.com\/@ballettodanceshop","https:\/\/fr.linkedin.com\/company\/ballettodaneshop","https:\/\/fr.pinterest.com\/ballettodanceshop\/","https:\/\/www.threads.com\/@ballettodanceshop","https:\/\/www.instagram.com\/ballettodanceshop\/","https:\/\/www.youtube.com\/@ballettodanceshop"]}]}},"_links":{"self":[{"href":"https:\/\/www.ballettodanceshop.com\/en\/wp-json\/wp\/v2\/product\/67648","targetHints":{"allow":["GET"]}}],"collection":[{"href":"https:\/\/www.ballettodanceshop.com\/en\/wp-json\/wp\/v2\/product"}],"about":[{"href":"https:\/\/www.ballettodanceshop.com\/en\/wp-json\/wp\/v2\/types\/product"}],"replies":[{"embeddable":true,"href":"https:\/\/www.ballettodanceshop.com\/en\/wp-json\/wp\/v2\/comments?post=67648"}],"wp:featuredmedia":[{"embeddable":true,"href":"https:\/\/www.ballettodanceshop.com\/en\/wp-json\/wp\/v2\/media\/24973"}],"wp:attachment":[{"href":"https:\/\/www.ballettodanceshop.com\/en\/wp-json\/wp\/v2\/media?parent=67648"}],"wp:term":[{"taxonomy":"product_brand","embeddable":true,"href":"https:\/\/www.ballettodanceshop.com\/en\/wp-json\/wp\/v2\/product_brand?post=67648"},{"taxonomy":"product_cat","embeddable":true,"href":"https:\/\/www.ballettodanceshop.com\/en\/wp-json\/wp\/v2\/product_cat?post=67648"},{"taxonomy":"product_tag","embeddable":true,"href":"https:\/\/www.ballettodanceshop.com\/en\/wp-json\/wp\/v2\/product_tag?post=67648"}],"curies":[{"name":"wp","href":"https:\/\/api.w.org\/{rel}","templated":true}]}}