{"id":67277,"date":"2025-03-12T07:14:43","date_gmt":"2025-03-12T06:14:43","guid":{"rendered":"https:\/\/www.ballettodanceshop.com\/jupon-tulle-long-artiligne-colombe\/"},"modified":"2025-08-24T18:06:49","modified_gmt":"2025-08-24T16:06:49","slug":"long-artilinear-tulle-petticoat-dove","status":"publish","type":"product","link":"https:\/\/www.ballettodanceshop.com\/en\/jupon-tulle-long-artiligne-colombe\/","title":{"rendered":"Long Artiline Tulle Dove Petticoat"},"content":{"rendered":"<p><strong>Long Artiline Tulle Dove Petticoat<\/strong><\/p>\n<p>Italian Tulle<\/p>\n<p>Satin lining<\/p>\n<p>Dry cleaning<\/p>\n<p>Designed in Toulouse-France<\/p>","protected":false},"excerpt":{"rendered":"<p>Wear with a pair of ballet flats, heels or trainers for dancing or going out on the town, day or night!<\/p>\n<p>Luxurious long petticoat inspired by the iconic Ballet tutu. This fluid, airy petticoat is the chic urban version of the ballet petticoat.<\/p>\n<p>Made from fine, fluid Italian tulle with an opaque lining, it lets you guess your movements for a light, modern silhouette.<\/p>\n<p>The waist is elasticated and trimmed with a tonal satin ribbon for a delicate finish.<\/p>\n<p>Ideal for your city outings, but also for Latin Dances, Flamenco, Character Dances and Classical Dance Shows and Galas.<\/p>\n<p>This mid-calf petticoat is fully lined with tone-on-tone satin.<\/p>","protected":false},"featured_media":24518,"comment_status":"open","ping_status":"open","template":"","meta":{"_acf_changed":false},"product_brand":[],"product_cat":[767,59,113,19,61,340,289,462,62,97],"product_tag":[793],"class_list":{"0":"post-67277","1":"product","2":"type-product","3":"status-publish","4":"has-post-thumbnail","6":"product_cat-artiligne","7":"product_cat-concours-et-galas","8":"product_cat-danses-latines","9":"product_cat-femmes","10":"product_cat-idees-cadeaux","11":"product_cat-inspiration","12":"product_cat-jupes","13":"product_cat-jupes-jupettes","14":"product_cat-classique","15":"product_cat-contemporain","16":"product_tag-livraison-3-a-4-semaines","18":"first","19":"instock","20":"taxable","21":"shipping-taxable","22":"purchasable","23":"product-type-variable"},"acf":[],"yoast_head":"<!-- This site is optimized with the Yoast SEO plugin v27.4 - https:\/\/yoast.com\/product\/yoast-seo-wordpress\/ -->\n<title>Jupon Tulle Long Artiligne Colombe - Balletto Dance Shop<\/title>\n<meta name=\"description\" content=\"Jupe de danse ou de ville en tulle d&#039;une grande \u00e9l\u00e9gance avec une taille \u00e9lastiqu\u00e9e et orn\u00e9e d\u2019un ruban en satin ton\/ton pour une finition d\u00e9licate.\" \/>\n<meta name=\"robots\" content=\"index, follow, max-snippet:-1, max-image-preview:large, max-video-preview:-1\" \/>\n<link rel=\"canonical\" href=\"https:\/\/www.ballettodanceshop.com\/en\/long-artilinear-tulle-petticoat-dove\/\" \/>\n<meta property=\"og:locale\" content=\"en_GB\" \/>\n<meta property=\"og:type\" content=\"article\" \/>\n<meta property=\"og:title\" content=\"Jupon Tulle Long Artiligne Colombe - Balletto Dance Shop\" \/>\n<meta property=\"og:description\" content=\"Jupe de danse ou de ville en tulle d&#039;une grande \u00e9l\u00e9gance avec une taille \u00e9lastiqu\u00e9e et orn\u00e9e d\u2019un ruban en satin ton\/ton pour une finition d\u00e9licate.\" \/>\n<meta property=\"og:url\" content=\"https:\/\/www.ballettodanceshop.com\/en\/long-artilinear-tulle-petticoat-dove\/\" \/>\n<meta property=\"og:site_name\" content=\"Balletto Dance Shop\" \/>\n<meta property=\"article:publisher\" content=\"https:\/\/www.facebook.com\/Ballettodanceshop\/\" \/>\n<meta property=\"article:modified_time\" content=\"2025-08-24T16:06:49+00:00\" \/>\n<meta property=\"og:image\" content=\"https:\/\/www.ballettodanceshop.com\/wp-content\/uploads\/2025\/07\/Jupon_Artiligne_Colombe_Noir_Front-scaled.jpg\" \/>\n\t<meta property=\"og:image:width\" content=\"1366\" \/>\n\t<meta property=\"og:image:height\" content=\"2048\" \/>\n\t<meta property=\"og:image:type\" content=\"image\/jpeg\" \/>\n<meta name=\"twitter:card\" content=\"summary_large_image\" \/>\n<meta name=\"twitter:site\" content=\"@ballettodance\" \/>\n<script type=\"application\/ld+json\" class=\"yoast-schema-graph\">{\"@context\":\"https:\\\/\\\/schema.org\",\"@graph\":[{\"@type\":\"WebPage\",\"@id\":\"https:\\\/\\\/www.ballettodanceshop.com\\\/jupon-tulle-long-artiligne-colombe\\\/\",\"url\":\"https:\\\/\\\/www.ballettodanceshop.com\\\/jupon-tulle-long-artiligne-colombe\\\/\",\"name\":\"Jupon Tulle Long Artiligne Colombe - Balletto Dance Shop\",\"isPartOf\":{\"@id\":\"https:\\\/\\\/www.ballettodanceshop.com\\\/#website\"},\"primaryImageOfPage\":{\"@id\":\"https:\\\/\\\/www.ballettodanceshop.com\\\/jupon-tulle-long-artiligne-colombe\\\/#primaryimage\"},\"image\":{\"@id\":\"https:\\\/\\\/www.ballettodanceshop.com\\\/jupon-tulle-long-artiligne-colombe\\\/#primaryimage\"},\"thumbnailUrl\":\"https:\\\/\\\/www.ballettodanceshop.com\\\/wp-content\\\/uploads\\\/2025\\\/07\\\/Jupon_Artiligne_Colombe_Noir_Front-scaled.jpg\",\"datePublished\":\"2025-03-12T06:14:43+00:00\",\"dateModified\":\"2025-08-24T16:06:49+00:00\",\"description\":\"Jupe de danse ou de ville en tulle d'une grande \u00e9l\u00e9gance avec une taille \u00e9lastiqu\u00e9e et orn\u00e9e d\u2019un ruban en satin ton\\\/ton pour une finition d\u00e9licate.\",\"breadcrumb\":{\"@id\":\"https:\\\/\\\/www.ballettodanceshop.com\\\/jupon-tulle-long-artiligne-colombe\\\/#breadcrumb\"},\"inLanguage\":\"en-GB\",\"potentialAction\":[{\"@type\":\"ReadAction\",\"target\":[\"https:\\\/\\\/www.ballettodanceshop.com\\\/jupon-tulle-long-artiligne-colombe\\\/\"]}]},{\"@type\":\"ImageObject\",\"inLanguage\":\"en-GB\",\"@id\":\"https:\\\/\\\/www.ballettodanceshop.com\\\/jupon-tulle-long-artiligne-colombe\\\/#primaryimage\",\"url\":\"https:\\\/\\\/www.ballettodanceshop.com\\\/wp-content\\\/uploads\\\/2025\\\/07\\\/Jupon_Artiligne_Colombe_Noir_Front-scaled.jpg\",\"contentUrl\":\"https:\\\/\\\/www.ballettodanceshop.com\\\/wp-content\\\/uploads\\\/2025\\\/07\\\/Jupon_Artiligne_Colombe_Noir_Front-scaled.jpg\",\"width\":1366,\"height\":2048,\"caption\":\"Jupon Artiligne Colombe\"},{\"@type\":\"BreadcrumbList\",\"@id\":\"https:\\\/\\\/www.ballettodanceshop.com\\\/jupon-tulle-long-artiligne-colombe\\\/#breadcrumb\",\"itemListElement\":[{\"@type\":\"ListItem\",\"position\":1,\"name\":\"Accueil\",\"item\":\"https:\\\/\\\/www.ballettodanceshop.com\\\/\"},{\"@type\":\"ListItem\",\"position\":2,\"name\":\"Produits\",\"item\":\"https:\\\/\\\/www.ballettodanceshop.com\\\/boutique\\\/\"},{\"@type\":\"ListItem\",\"position\":3,\"name\":\"Jupon Tulle Long Artiligne Colombe\"}]},{\"@type\":\"WebSite\",\"@id\":\"https:\\\/\\\/www.ballettodanceshop.com\\\/#website\",\"url\":\"https:\\\/\\\/www.ballettodanceshop.com\\\/\",\"name\":\"Balletto Dance Shop\",\"description\":\"Keep Dancing !\",\"publisher\":{\"@id\":\"https:\\\/\\\/www.ballettodanceshop.com\\\/#organization\"},\"alternateName\":\"Balletto\",\"potentialAction\":[{\"@type\":\"SearchAction\",\"target\":{\"@type\":\"EntryPoint\",\"urlTemplate\":\"https:\\\/\\\/www.ballettodanceshop.com\\\/?s={search_term_string}\"},\"query-input\":{\"@type\":\"PropertyValueSpecification\",\"valueRequired\":true,\"valueName\":\"search_term_string\"}}],\"inLanguage\":\"en-GB\"},{\"@type\":\"Organization\",\"@id\":\"https:\\\/\\\/www.ballettodanceshop.com\\\/#organization\",\"name\":\"Balletto Dance Shop\",\"alternateName\":\"Balletto\",\"url\":\"https:\\\/\\\/www.ballettodanceshop.com\\\/\",\"logo\":{\"@type\":\"ImageObject\",\"inLanguage\":\"en-GB\",\"@id\":\"https:\\\/\\\/www.ballettodanceshop.com\\\/#\\\/schema\\\/logo\\\/image\\\/\",\"url\":\"https:\\\/\\\/www.ballettodanceshop.com\\\/wp-content\\\/uploads\\\/2025\\\/06\\\/LOGO-1.png\",\"contentUrl\":\"https:\\\/\\\/www.ballettodanceshop.com\\\/wp-content\\\/uploads\\\/2025\\\/06\\\/LOGO-1.png\",\"width\":508,\"height\":209,\"caption\":\"Balletto Dance Shop\"},\"image\":{\"@id\":\"https:\\\/\\\/www.ballettodanceshop.com\\\/#\\\/schema\\\/logo\\\/image\\\/\"},\"sameAs\":[\"https:\\\/\\\/www.facebook.com\\\/Ballettodanceshop\\\/\",\"https:\\\/\\\/x.com\\\/ballettodance\",\"https:\\\/\\\/www.tiktok.com\\\/@ballettodanceshop\",\"https:\\\/\\\/fr.linkedin.com\\\/company\\\/ballettodaneshop\",\"https:\\\/\\\/fr.pinterest.com\\\/ballettodanceshop\\\/\",\"https:\\\/\\\/www.threads.com\\\/@ballettodanceshop\",\"https:\\\/\\\/www.instagram.com\\\/ballettodanceshop\\\/\",\"https:\\\/\\\/www.youtube.com\\\/@ballettodanceshop\"]}]}<\/script>\n<!-- \/ Yoast SEO plugin. -->","yoast_head_json":{"title":"Dove Long Tulle Artiligne Petticoat - Balletto Dance Shop","description":"Elegant dance or city skirt in tulle with elasticated waistband and tonal satin ribbon for a delicate finish.","robots":{"index":"index","follow":"follow","max-snippet":"max-snippet:-1","max-image-preview":"max-image-preview:large","max-video-preview":"max-video-preview:-1"},"canonical":"https:\/\/www.ballettodanceshop.com\/en\/long-artilinear-tulle-petticoat-dove\/","og_locale":"en_GB","og_type":"article","og_title":"Jupon Tulle Long Artiligne Colombe - Balletto Dance Shop","og_description":"Jupe de danse ou de ville en tulle d'une grande \u00e9l\u00e9gance avec une taille \u00e9lastiqu\u00e9e et orn\u00e9e d\u2019un ruban en satin ton\/ton pour une finition d\u00e9licate.","og_url":"https:\/\/www.ballettodanceshop.com\/en\/long-artilinear-tulle-petticoat-dove\/","og_site_name":"Balletto Dance Shop","article_publisher":"https:\/\/www.facebook.com\/Ballettodanceshop\/","article_modified_time":"2025-08-24T16:06:49+00:00","og_image":[{"width":1366,"height":2048,"url":"https:\/\/www.ballettodanceshop.com\/wp-content\/uploads\/2025\/07\/Jupon_Artiligne_Colombe_Noir_Front-scaled.jpg","type":"image\/jpeg"}],"twitter_card":"summary_large_image","twitter_site":"@ballettodance","schema":{"@context":"https:\/\/schema.org","@graph":[{"@type":"WebPage","@id":"https:\/\/www.ballettodanceshop.com\/jupon-tulle-long-artiligne-colombe\/","url":"https:\/\/www.ballettodanceshop.com\/jupon-tulle-long-artiligne-colombe\/","name":"Dove Long Tulle Artiligne Petticoat - Balletto Dance Shop","isPartOf":{"@id":"https:\/\/www.ballettodanceshop.com\/#website"},"primaryImageOfPage":{"@id":"https:\/\/www.ballettodanceshop.com\/jupon-tulle-long-artiligne-colombe\/#primaryimage"},"image":{"@id":"https:\/\/www.ballettodanceshop.com\/jupon-tulle-long-artiligne-colombe\/#primaryimage"},"thumbnailUrl":"https:\/\/www.ballettodanceshop.com\/wp-content\/uploads\/2025\/07\/Jupon_Artiligne_Colombe_Noir_Front-scaled.jpg","datePublished":"2025-03-12T06:14:43+00:00","dateModified":"2025-08-24T16:06:49+00:00","description":"Elegant dance or city skirt in tulle with elasticated waistband and tonal satin ribbon for a delicate finish.","breadcrumb":{"@id":"https:\/\/www.ballettodanceshop.com\/jupon-tulle-long-artiligne-colombe\/#breadcrumb"},"inLanguage":"en-GB","potentialAction":[{"@type":"ReadAction","target":["https:\/\/www.ballettodanceshop.com\/jupon-tulle-long-artiligne-colombe\/"]}]},{"@type":"ImageObject","inLanguage":"en-GB","@id":"https:\/\/www.ballettodanceshop.com\/jupon-tulle-long-artiligne-colombe\/#primaryimage","url":"https:\/\/www.ballettodanceshop.com\/wp-content\/uploads\/2025\/07\/Jupon_Artiligne_Colombe_Noir_Front-scaled.jpg","contentUrl":"https:\/\/www.ballettodanceshop.com\/wp-content\/uploads\/2025\/07\/Jupon_Artiligne_Colombe_Noir_Front-scaled.jpg","width":1366,"height":2048,"caption":"Jupon Artiligne Colombe"},{"@type":"BreadcrumbList","@id":"https:\/\/www.ballettodanceshop.com\/jupon-tulle-long-artiligne-colombe\/#breadcrumb","itemListElement":[{"@type":"ListItem","position":1,"name":"Accueil","item":"https:\/\/www.ballettodanceshop.com\/"},{"@type":"ListItem","position":2,"name":"Produits","item":"https:\/\/www.ballettodanceshop.com\/boutique\/"},{"@type":"ListItem","position":3,"name":"Jupon Tulle Long Artiligne Colombe"}]},{"@type":"WebSite","@id":"https:\/\/www.ballettodanceshop.com\/#website","url":"https:\/\/www.ballettodanceshop.com\/","name":"Balletto Dance Shop","description":"Keep Dancing!","publisher":{"@id":"https:\/\/www.ballettodanceshop.com\/#organization"},"alternateName":"Balletto","potentialAction":[{"@type":"SearchAction","target":{"@type":"EntryPoint","urlTemplate":"https:\/\/www.ballettodanceshop.com\/?s={search_term_string}"},"query-input":{"@type":"PropertyValueSpecification","valueRequired":true,"valueName":"search_term_string"}}],"inLanguage":"en-GB"},{"@type":"Organization","@id":"https:\/\/www.ballettodanceshop.com\/#organization","name":"Balletto Dance Shop","alternateName":"Balletto","url":"https:\/\/www.ballettodanceshop.com\/","logo":{"@type":"ImageObject","inLanguage":"en-GB","@id":"https:\/\/www.ballettodanceshop.com\/#\/schema\/logo\/image\/","url":"https:\/\/www.ballettodanceshop.com\/wp-content\/uploads\/2025\/06\/LOGO-1.png","contentUrl":"https:\/\/www.ballettodanceshop.com\/wp-content\/uploads\/2025\/06\/LOGO-1.png","width":508,"height":209,"caption":"Balletto Dance Shop"},"image":{"@id":"https:\/\/www.ballettodanceshop.com\/#\/schema\/logo\/image\/"},"sameAs":["https:\/\/www.facebook.com\/Ballettodanceshop\/","https:\/\/x.com\/ballettodance","https:\/\/www.tiktok.com\/@ballettodanceshop","https:\/\/fr.linkedin.com\/company\/ballettodaneshop","https:\/\/fr.pinterest.com\/ballettodanceshop\/","https:\/\/www.threads.com\/@ballettodanceshop","https:\/\/www.instagram.com\/ballettodanceshop\/","https:\/\/www.youtube.com\/@ballettodanceshop"]}]}},"_links":{"self":[{"href":"https:\/\/www.ballettodanceshop.com\/en\/wp-json\/wp\/v2\/product\/67277","targetHints":{"allow":["GET"]}}],"collection":[{"href":"https:\/\/www.ballettodanceshop.com\/en\/wp-json\/wp\/v2\/product"}],"about":[{"href":"https:\/\/www.ballettodanceshop.com\/en\/wp-json\/wp\/v2\/types\/product"}],"replies":[{"embeddable":true,"href":"https:\/\/www.ballettodanceshop.com\/en\/wp-json\/wp\/v2\/comments?post=67277"}],"wp:featuredmedia":[{"embeddable":true,"href":"https:\/\/www.ballettodanceshop.com\/en\/wp-json\/wp\/v2\/media\/24518"}],"wp:attachment":[{"href":"https:\/\/www.ballettodanceshop.com\/en\/wp-json\/wp\/v2\/media?parent=67277"}],"wp:term":[{"taxonomy":"product_brand","embeddable":true,"href":"https:\/\/www.ballettodanceshop.com\/en\/wp-json\/wp\/v2\/product_brand?post=67277"},{"taxonomy":"product_cat","embeddable":true,"href":"https:\/\/www.ballettodanceshop.com\/en\/wp-json\/wp\/v2\/product_cat?post=67277"},{"taxonomy":"product_tag","embeddable":true,"href":"https:\/\/www.ballettodanceshop.com\/en\/wp-json\/wp\/v2\/product_tag?post=67277"}],"curies":[{"name":"wp","href":"https:\/\/api.w.org\/{rel}","templated":true}]}}