{"id":66972,"date":"2025-03-06T17:15:15","date_gmt":"2025-03-06T16:15:15","guid":{"rendered":"https:\/\/www.ballettodanceshop.com\/justaucorps-grishko-dione-klimt\/"},"modified":"2025-10-08T10:53:12","modified_gmt":"2025-10-08T08:53:12","slug":"grishko-dione-klimt-leotard","status":"publish","type":"product","link":"https:\/\/www.ballettodanceshop.com\/en\/justaucorps-grishko-dione-klimt\/","title":{"rendered":"Grishko Dione Klimt leotard"},"content":{"rendered":"<p><strong>Grishko Dione Klimt leotard<\/strong><\/p>\n<p>Gustave Klimt The Cat<\/p>\n<p>DA5021LP<\/p>\n<p>Meryl Lycra<\/p>\n<p>Hand wash strongly recommended<\/p>","protected":false},"excerpt":{"rendered":"<p>This leotard with adjustable straps is a work of art, featuring the latest Gustav Klimt's Cat print from the Grishko Black Label - Crimson Shadows Collection.<\/p>\n<p>Le chat noir captivant est assis au milieu d&rsquo;un jardin de fleurs, ajoutant une \u00e9l\u00e9gance artistique et ludique \u00e0 votre tenue de danse, comme si vous pouviez presque entendre son ronronnement doux et satisfait.<\/p>\n<p>The back is beautifully detailed with teardrop cut-outs, creating a unique and elegant silhouette that is sure to turn heads.<\/p>\n<p>A perfect choice for those looking for a feline-inspired blend of beauty, art and charm.<\/p>\n<p><strong>Limited Edition.<\/strong><\/p>\n<p>&nbsp;<\/p>","protected":false},"featured_media":24173,"comment_status":"open","ping_status":"closed","template":"","meta":{"_acf_changed":false},"product_brand":[],"product_cat":[19,143,61,91,365,144,370,62,97],"product_tag":[789],"class_list":{"0":"post-66972","1":"product","2":"type-product","3":"status-publish","4":"has-post-thumbnail","6":"product_cat-femmes","7":"product_cat-grishko","8":"product_cat-idees-cadeaux","9":"product_cat-jazz","10":"product_cat-justaucorps-contemporain","11":"product_cat-justaucorps-tuniques","12":"product_cat-justaucorps","13":"product_cat-classique","14":"product_cat-contemporain","15":"product_tag-livraison-sous-1-semaine","17":"first","18":"instock","19":"taxable","20":"shipping-taxable","21":"product-type-variable"},"acf":[],"yoast_head":"<!-- This site is optimized with the Yoast SEO plugin v27.4 - https:\/\/yoast.com\/product\/yoast-seo-wordpress\/ -->\n<title>Justaucorps Grishko Dione Klimt - Balletto Dance Shop<\/title>\n<meta name=\"description\" content=\"Ce Justaucorps de danse \u00e0 bretelles r\u00e9glables est une \u0153uvre d&#039;art, mettant en vedette le dernier imprim\u00e9 Grishko Black Label - Le chat de Gustav Klimt.\" \/>\n<meta name=\"robots\" content=\"index, follow, max-snippet:-1, max-image-preview:large, max-video-preview:-1\" \/>\n<link rel=\"canonical\" href=\"https:\/\/www.ballettodanceshop.com\/en\/grishko-dione-klimt-leotard\/\" \/>\n<meta property=\"og:locale\" content=\"en_GB\" \/>\n<meta property=\"og:type\" content=\"article\" \/>\n<meta property=\"og:title\" content=\"Justaucorps Grishko Dione Klimt - Balletto Dance Shop\" \/>\n<meta property=\"og:description\" content=\"Ce Justaucorps de danse \u00e0 bretelles r\u00e9glables est une \u0153uvre d&#039;art, mettant en vedette le dernier imprim\u00e9 Grishko Black Label - Le chat de Gustav Klimt.\" \/>\n<meta property=\"og:url\" content=\"https:\/\/www.ballettodanceshop.com\/en\/grishko-dione-klimt-leotard\/\" \/>\n<meta property=\"og:site_name\" content=\"Balletto Dance Shop\" \/>\n<meta property=\"article:publisher\" content=\"https:\/\/www.facebook.com\/Ballettodanceshop\/\" \/>\n<meta property=\"article:modified_time\" content=\"2025-10-08T08:53:12+00:00\" \/>\n<meta property=\"og:image\" content=\"https:\/\/www.ballettodanceshop.com\/wp-content\/uploads\/2025\/07\/Justaucorps_Grishko_Dione.jpg\" \/>\n\t<meta property=\"og:image:width\" content=\"1000\" \/>\n\t<meta property=\"og:image:height\" content=\"1400\" \/>\n\t<meta property=\"og:image:type\" content=\"image\/jpeg\" \/>\n<meta name=\"twitter:card\" content=\"summary_large_image\" \/>\n<meta name=\"twitter:site\" content=\"@ballettodance\" \/>\n<meta name=\"twitter:label1\" content=\"Estimated reading time\" \/>\n\t<meta name=\"twitter:data1\" content=\"1 minute\" \/>\n<script type=\"application\/ld+json\" class=\"yoast-schema-graph\">{\"@context\":\"https:\\\/\\\/schema.org\",\"@graph\":[{\"@type\":\"WebPage\",\"@id\":\"https:\\\/\\\/www.ballettodanceshop.com\\\/justaucorps-grishko-dione-klimt\\\/\",\"url\":\"https:\\\/\\\/www.ballettodanceshop.com\\\/justaucorps-grishko-dione-klimt\\\/\",\"name\":\"Justaucorps Grishko Dione Klimt - Balletto Dance Shop\",\"isPartOf\":{\"@id\":\"https:\\\/\\\/www.ballettodanceshop.com\\\/#website\"},\"primaryImageOfPage\":{\"@id\":\"https:\\\/\\\/www.ballettodanceshop.com\\\/justaucorps-grishko-dione-klimt\\\/#primaryimage\"},\"image\":{\"@id\":\"https:\\\/\\\/www.ballettodanceshop.com\\\/justaucorps-grishko-dione-klimt\\\/#primaryimage\"},\"thumbnailUrl\":\"https:\\\/\\\/www.ballettodanceshop.com\\\/wp-content\\\/uploads\\\/2025\\\/07\\\/Justaucorps_Grishko_Dione.jpg\",\"datePublished\":\"2025-03-06T16:15:15+00:00\",\"dateModified\":\"2025-10-08T08:53:12+00:00\",\"description\":\"Ce Justaucorps de danse \u00e0 bretelles r\u00e9glables est une \u0153uvre d'art, mettant en vedette le dernier imprim\u00e9 Grishko Black Label - Le chat de Gustav Klimt.\",\"breadcrumb\":{\"@id\":\"https:\\\/\\\/www.ballettodanceshop.com\\\/justaucorps-grishko-dione-klimt\\\/#breadcrumb\"},\"inLanguage\":\"en-GB\",\"potentialAction\":[{\"@type\":\"ReadAction\",\"target\":[\"https:\\\/\\\/www.ballettodanceshop.com\\\/justaucorps-grishko-dione-klimt\\\/\"]}]},{\"@type\":\"ImageObject\",\"inLanguage\":\"en-GB\",\"@id\":\"https:\\\/\\\/www.ballettodanceshop.com\\\/justaucorps-grishko-dione-klimt\\\/#primaryimage\",\"url\":\"https:\\\/\\\/www.ballettodanceshop.com\\\/wp-content\\\/uploads\\\/2025\\\/07\\\/Justaucorps_Grishko_Dione.jpg\",\"contentUrl\":\"https:\\\/\\\/www.ballettodanceshop.com\\\/wp-content\\\/uploads\\\/2025\\\/07\\\/Justaucorps_Grishko_Dione.jpg\",\"width\":1000,\"height\":1400,\"caption\":\"Justaucorps Grishko Dione\"},{\"@type\":\"BreadcrumbList\",\"@id\":\"https:\\\/\\\/www.ballettodanceshop.com\\\/justaucorps-grishko-dione-klimt\\\/#breadcrumb\",\"itemListElement\":[{\"@type\":\"ListItem\",\"position\":1,\"name\":\"Accueil\",\"item\":\"https:\\\/\\\/www.ballettodanceshop.com\\\/\"},{\"@type\":\"ListItem\",\"position\":2,\"name\":\"Produits\",\"item\":\"https:\\\/\\\/www.ballettodanceshop.com\\\/boutique\\\/\"},{\"@type\":\"ListItem\",\"position\":3,\"name\":\"Justaucorps Grishko Dione Klimt\"}]},{\"@type\":\"WebSite\",\"@id\":\"https:\\\/\\\/www.ballettodanceshop.com\\\/#website\",\"url\":\"https:\\\/\\\/www.ballettodanceshop.com\\\/\",\"name\":\"Balletto Dance Shop\",\"description\":\"Keep Dancing !\",\"publisher\":{\"@id\":\"https:\\\/\\\/www.ballettodanceshop.com\\\/#organization\"},\"alternateName\":\"Balletto\",\"potentialAction\":[{\"@type\":\"SearchAction\",\"target\":{\"@type\":\"EntryPoint\",\"urlTemplate\":\"https:\\\/\\\/www.ballettodanceshop.com\\\/?s={search_term_string}\"},\"query-input\":{\"@type\":\"PropertyValueSpecification\",\"valueRequired\":true,\"valueName\":\"search_term_string\"}}],\"inLanguage\":\"en-GB\"},{\"@type\":\"Organization\",\"@id\":\"https:\\\/\\\/www.ballettodanceshop.com\\\/#organization\",\"name\":\"Balletto Dance Shop\",\"alternateName\":\"Balletto\",\"url\":\"https:\\\/\\\/www.ballettodanceshop.com\\\/\",\"logo\":{\"@type\":\"ImageObject\",\"inLanguage\":\"en-GB\",\"@id\":\"https:\\\/\\\/www.ballettodanceshop.com\\\/#\\\/schema\\\/logo\\\/image\\\/\",\"url\":\"https:\\\/\\\/www.ballettodanceshop.com\\\/wp-content\\\/uploads\\\/2025\\\/06\\\/LOGO-1.png\",\"contentUrl\":\"https:\\\/\\\/www.ballettodanceshop.com\\\/wp-content\\\/uploads\\\/2025\\\/06\\\/LOGO-1.png\",\"width\":508,\"height\":209,\"caption\":\"Balletto Dance Shop\"},\"image\":{\"@id\":\"https:\\\/\\\/www.ballettodanceshop.com\\\/#\\\/schema\\\/logo\\\/image\\\/\"},\"sameAs\":[\"https:\\\/\\\/www.facebook.com\\\/Ballettodanceshop\\\/\",\"https:\\\/\\\/x.com\\\/ballettodance\",\"https:\\\/\\\/www.tiktok.com\\\/@ballettodanceshop\",\"https:\\\/\\\/fr.linkedin.com\\\/company\\\/ballettodaneshop\",\"https:\\\/\\\/fr.pinterest.com\\\/ballettodanceshop\\\/\",\"https:\\\/\\\/www.threads.com\\\/@ballettodanceshop\",\"https:\\\/\\\/www.instagram.com\\\/ballettodanceshop\\\/\",\"https:\\\/\\\/www.youtube.com\\\/@ballettodanceshop\"]}]}<\/script>\n<!-- \/ Yoast SEO plugin. -->","yoast_head_json":{"title":"Justaucorps Grishko Dione Klimt - Balletto Dance Shop","description":"This dance leotard with adjustable straps is a work of art, featuring the latest Grishko Black Label print - Gustav Klimt's Cat.","robots":{"index":"index","follow":"follow","max-snippet":"max-snippet:-1","max-image-preview":"max-image-preview:large","max-video-preview":"max-video-preview:-1"},"canonical":"https:\/\/www.ballettodanceshop.com\/en\/grishko-dione-klimt-leotard\/","og_locale":"en_GB","og_type":"article","og_title":"Justaucorps Grishko Dione Klimt - Balletto Dance Shop","og_description":"Ce Justaucorps de danse \u00e0 bretelles r\u00e9glables est une \u0153uvre d'art, mettant en vedette le dernier imprim\u00e9 Grishko Black Label - Le chat de Gustav Klimt.","og_url":"https:\/\/www.ballettodanceshop.com\/en\/grishko-dione-klimt-leotard\/","og_site_name":"Balletto Dance Shop","article_publisher":"https:\/\/www.facebook.com\/Ballettodanceshop\/","article_modified_time":"2025-10-08T08:53:12+00:00","og_image":[{"width":1000,"height":1400,"url":"https:\/\/www.ballettodanceshop.com\/wp-content\/uploads\/2025\/07\/Justaucorps_Grishko_Dione.jpg","type":"image\/jpeg"}],"twitter_card":"summary_large_image","twitter_site":"@ballettodance","twitter_misc":{"Estimated reading time":"1 minute"},"schema":{"@context":"https:\/\/schema.org","@graph":[{"@type":"WebPage","@id":"https:\/\/www.ballettodanceshop.com\/justaucorps-grishko-dione-klimt\/","url":"https:\/\/www.ballettodanceshop.com\/justaucorps-grishko-dione-klimt\/","name":"Justaucorps Grishko Dione Klimt - Balletto Dance Shop","isPartOf":{"@id":"https:\/\/www.ballettodanceshop.com\/#website"},"primaryImageOfPage":{"@id":"https:\/\/www.ballettodanceshop.com\/justaucorps-grishko-dione-klimt\/#primaryimage"},"image":{"@id":"https:\/\/www.ballettodanceshop.com\/justaucorps-grishko-dione-klimt\/#primaryimage"},"thumbnailUrl":"https:\/\/www.ballettodanceshop.com\/wp-content\/uploads\/2025\/07\/Justaucorps_Grishko_Dione.jpg","datePublished":"2025-03-06T16:15:15+00:00","dateModified":"2025-10-08T08:53:12+00:00","description":"This dance leotard with adjustable straps is a work of art, featuring the latest Grishko Black Label print - Gustav Klimt's Cat.","breadcrumb":{"@id":"https:\/\/www.ballettodanceshop.com\/justaucorps-grishko-dione-klimt\/#breadcrumb"},"inLanguage":"en-GB","potentialAction":[{"@type":"ReadAction","target":["https:\/\/www.ballettodanceshop.com\/justaucorps-grishko-dione-klimt\/"]}]},{"@type":"ImageObject","inLanguage":"en-GB","@id":"https:\/\/www.ballettodanceshop.com\/justaucorps-grishko-dione-klimt\/#primaryimage","url":"https:\/\/www.ballettodanceshop.com\/wp-content\/uploads\/2025\/07\/Justaucorps_Grishko_Dione.jpg","contentUrl":"https:\/\/www.ballettodanceshop.com\/wp-content\/uploads\/2025\/07\/Justaucorps_Grishko_Dione.jpg","width":1000,"height":1400,"caption":"Justaucorps Grishko Dione"},{"@type":"BreadcrumbList","@id":"https:\/\/www.ballettodanceshop.com\/justaucorps-grishko-dione-klimt\/#breadcrumb","itemListElement":[{"@type":"ListItem","position":1,"name":"Accueil","item":"https:\/\/www.ballettodanceshop.com\/"},{"@type":"ListItem","position":2,"name":"Produits","item":"https:\/\/www.ballettodanceshop.com\/boutique\/"},{"@type":"ListItem","position":3,"name":"Justaucorps Grishko Dione Klimt"}]},{"@type":"WebSite","@id":"https:\/\/www.ballettodanceshop.com\/#website","url":"https:\/\/www.ballettodanceshop.com\/","name":"Balletto Dance Shop","description":"Keep Dancing!","publisher":{"@id":"https:\/\/www.ballettodanceshop.com\/#organization"},"alternateName":"Balletto","potentialAction":[{"@type":"SearchAction","target":{"@type":"EntryPoint","urlTemplate":"https:\/\/www.ballettodanceshop.com\/?s={search_term_string}"},"query-input":{"@type":"PropertyValueSpecification","valueRequired":true,"valueName":"search_term_string"}}],"inLanguage":"en-GB"},{"@type":"Organization","@id":"https:\/\/www.ballettodanceshop.com\/#organization","name":"Balletto Dance Shop","alternateName":"Balletto","url":"https:\/\/www.ballettodanceshop.com\/","logo":{"@type":"ImageObject","inLanguage":"en-GB","@id":"https:\/\/www.ballettodanceshop.com\/#\/schema\/logo\/image\/","url":"https:\/\/www.ballettodanceshop.com\/wp-content\/uploads\/2025\/06\/LOGO-1.png","contentUrl":"https:\/\/www.ballettodanceshop.com\/wp-content\/uploads\/2025\/06\/LOGO-1.png","width":508,"height":209,"caption":"Balletto Dance Shop"},"image":{"@id":"https:\/\/www.ballettodanceshop.com\/#\/schema\/logo\/image\/"},"sameAs":["https:\/\/www.facebook.com\/Ballettodanceshop\/","https:\/\/x.com\/ballettodance","https:\/\/www.tiktok.com\/@ballettodanceshop","https:\/\/fr.linkedin.com\/company\/ballettodaneshop","https:\/\/fr.pinterest.com\/ballettodanceshop\/","https:\/\/www.threads.com\/@ballettodanceshop","https:\/\/www.instagram.com\/ballettodanceshop\/","https:\/\/www.youtube.com\/@ballettodanceshop"]}]}},"_links":{"self":[{"href":"https:\/\/www.ballettodanceshop.com\/en\/wp-json\/wp\/v2\/product\/66972","targetHints":{"allow":["GET"]}}],"collection":[{"href":"https:\/\/www.ballettodanceshop.com\/en\/wp-json\/wp\/v2\/product"}],"about":[{"href":"https:\/\/www.ballettodanceshop.com\/en\/wp-json\/wp\/v2\/types\/product"}],"replies":[{"embeddable":true,"href":"https:\/\/www.ballettodanceshop.com\/en\/wp-json\/wp\/v2\/comments?post=66972"}],"wp:featuredmedia":[{"embeddable":true,"href":"https:\/\/www.ballettodanceshop.com\/en\/wp-json\/wp\/v2\/media\/24173"}],"wp:attachment":[{"href":"https:\/\/www.ballettodanceshop.com\/en\/wp-json\/wp\/v2\/media?parent=66972"}],"wp:term":[{"taxonomy":"product_brand","embeddable":true,"href":"https:\/\/www.ballettodanceshop.com\/en\/wp-json\/wp\/v2\/product_brand?post=66972"},{"taxonomy":"product_cat","embeddable":true,"href":"https:\/\/www.ballettodanceshop.com\/en\/wp-json\/wp\/v2\/product_cat?post=66972"},{"taxonomy":"product_tag","embeddable":true,"href":"https:\/\/www.ballettodanceshop.com\/en\/wp-json\/wp\/v2\/product_tag?post=66972"}],"curies":[{"name":"wp","href":"https:\/\/api.w.org\/{rel}","templated":true}]}}