{"id":65951,"date":"2025-01-11T07:45:32","date_gmt":"2025-01-11T06:45:32","guid":{"rendered":"https:\/\/www.ballettodanceshop.com\/justaucorps-ballet-rosa-blandine\/"},"modified":"2026-01-20T08:55:10","modified_gmt":"2026-01-20T07:55:10","slug":"ballet-leotard-rosa-blandine","status":"publish","type":"product","link":"https:\/\/www.ballettodanceshop.com\/en\/justaucorps-ballet-rosa-blandine\/","title":{"rendered":"Ballet leotard Rosa Blandine"},"content":{"rendered":"<p><strong>Ballet leotard Rosa Blandine<\/strong><\/p>\n<p>Lace Collection<\/p>\n<p>Premium microfibre<\/p>\n<p>Made in Portugal<\/p>","protected":false},"excerpt":{"rendered":"<p>Sleeveless leotard from the Ballet Rosa Dentelle Collection.<\/p>\n<p>Round neckline with a tulle bust delicately embroidered with Italian lace.<\/p>\n<p>Splendid teardrop-shaped back.<\/p>\n<p>This leotard can be worn in the studio or in the city with the right outfit.<\/p>\n<p><strong>Ce Justaucorps taille petit. Nous vous conseillons de prendre une taille au dessus de votre taille habituelle.<\/strong><\/p>","protected":false},"featured_media":80629,"comment_status":"open","ping_status":"closed","template":"","meta":{"_acf_changed":false},"product_brand":[],"product_cat":[299,65,112,303,19,25,91,109,371,372,950,968,373,959,365,949,144,370,966,952,954,972,62,97],"product_tag":[793],"class_list":{"0":"post-65951","1":"product","2":"type-product","3":"status-publish","4":"has-post-thumbnail","6":"product_cat-ballet-rosa","7":"product_cat-classique-filles","8":"product_cat-contemporain-filles","9":"product_cat-edition-limitee-ballet-rosa","10":"product_cat-femmes","11":"product_cat-filles","12":"product_cat-jazz","13":"product_cat-jazz-filles","14":"product_cat-justaucorps-contemporain-filles","15":"product_cat-justaucorps-jazz-filles","16":"product_cat-justaucorps-blanc","17":"product_cat-justaucorps-bleu-marine","18":"product_cat-justaucorps-tuniques-classique-filles","19":"product_cat-justaucorps-danse-contemporaine","20":"product_cat-justaucorps-contemporain","21":"product_cat-justaucorps-de-danse","22":"product_cat-justaucorps-tuniques","23":"product_cat-justaucorps","24":"product_cat-justaucorps-dos-nu","25":"product_cat-justaucorps-noir","26":"product_cat-justaucorps-rose","27":"product_cat-justaucorps-sans-manches","28":"product_cat-classique","29":"product_cat-contemporain","30":"product_tag-livraison-3-a-4-semaines","32":"first","33":"instock","34":"taxable","35":"shipping-taxable","36":"purchasable","37":"product-type-variable"},"acf":[],"yoast_head":"<!-- This site is optimized with the Yoast SEO plugin v27.4 - https:\/\/yoast.com\/product\/yoast-seo-wordpress\/ -->\n<title>Justaucorps Ballet Rosa Blandine - Balletto Dance Shop<\/title>\n<meta name=\"description\" content=\"Justaucorps de danse sans manche cr\u00e9e par Ballet Rosa avec un buste d\u00e9gag\u00e9 en tulle brod\u00e9 de dentelle. Le dos en forme de larme. Microfibre Italien.\" \/>\n<meta name=\"robots\" content=\"index, follow, max-snippet:-1, max-image-preview:large, max-video-preview:-1\" \/>\n<link rel=\"canonical\" href=\"https:\/\/www.ballettodanceshop.com\/en\/ballet-leotard-rosa-blandine\/\" \/>\n<meta property=\"og:locale\" content=\"en_GB\" \/>\n<meta property=\"og:type\" content=\"article\" \/>\n<meta property=\"og:title\" content=\"Justaucorps Ballet Rosa Blandine - Balletto Dance Shop\" \/>\n<meta property=\"og:description\" content=\"Justaucorps de danse sans manche cr\u00e9e par Ballet Rosa avec un buste d\u00e9gag\u00e9 en tulle brod\u00e9 de dentelle. Le dos en forme de larme. Microfibre Italien.\" \/>\n<meta property=\"og:url\" content=\"https:\/\/www.ballettodanceshop.com\/en\/ballet-leotard-rosa-blandine\/\" \/>\n<meta property=\"og:site_name\" content=\"Balletto Dance Shop\" \/>\n<meta property=\"article:publisher\" content=\"https:\/\/www.facebook.com\/Ballettodanceshop\/\" \/>\n<meta property=\"article:modified_time\" content=\"2026-01-20T07:55:10+00:00\" \/>\n<meta property=\"og:image\" content=\"https:\/\/www.ballettodanceshop.com\/wp-content\/uploads\/2025\/01\/Justaucorps_Ballet_Rosa_Blandine.jpeg\" \/>\n\t<meta property=\"og:image:width\" content=\"800\" \/>\n\t<meta property=\"og:image:height\" content=\"533\" \/>\n\t<meta property=\"og:image:type\" content=\"image\/jpeg\" \/>\n<meta name=\"twitter:card\" content=\"summary_large_image\" \/>\n<meta name=\"twitter:site\" content=\"@ballettodance\" \/>\n<meta name=\"twitter:label1\" content=\"Estimated reading time\" \/>\n\t<meta name=\"twitter:data1\" content=\"1 minute\" \/>\n<script type=\"application\/ld+json\" class=\"yoast-schema-graph\">{\"@context\":\"https:\\\/\\\/schema.org\",\"@graph\":[{\"@type\":\"WebPage\",\"@id\":\"https:\\\/\\\/www.ballettodanceshop.com\\\/justaucorps-ballet-rosa-blandine\\\/\",\"url\":\"https:\\\/\\\/www.ballettodanceshop.com\\\/justaucorps-ballet-rosa-blandine\\\/\",\"name\":\"Justaucorps Ballet Rosa Blandine - Balletto Dance Shop\",\"isPartOf\":{\"@id\":\"https:\\\/\\\/www.ballettodanceshop.com\\\/#website\"},\"primaryImageOfPage\":{\"@id\":\"https:\\\/\\\/www.ballettodanceshop.com\\\/justaucorps-ballet-rosa-blandine\\\/#primaryimage\"},\"image\":{\"@id\":\"https:\\\/\\\/www.ballettodanceshop.com\\\/justaucorps-ballet-rosa-blandine\\\/#primaryimage\"},\"thumbnailUrl\":\"https:\\\/\\\/www.ballettodanceshop.com\\\/wp-content\\\/uploads\\\/2025\\\/01\\\/Justaucorps_Ballet_Rosa_Blandine.jpeg\",\"datePublished\":\"2025-01-11T06:45:32+00:00\",\"dateModified\":\"2026-01-20T07:55:10+00:00\",\"description\":\"Justaucorps de danse sans manche cr\u00e9e par Ballet Rosa avec un buste d\u00e9gag\u00e9 en tulle brod\u00e9 de dentelle. Le dos en forme de larme. Microfibre Italien.\",\"breadcrumb\":{\"@id\":\"https:\\\/\\\/www.ballettodanceshop.com\\\/justaucorps-ballet-rosa-blandine\\\/#breadcrumb\"},\"inLanguage\":\"en-GB\",\"potentialAction\":[{\"@type\":\"ReadAction\",\"target\":[\"https:\\\/\\\/www.ballettodanceshop.com\\\/justaucorps-ballet-rosa-blandine\\\/\"]}]},{\"@type\":\"ImageObject\",\"inLanguage\":\"en-GB\",\"@id\":\"https:\\\/\\\/www.ballettodanceshop.com\\\/justaucorps-ballet-rosa-blandine\\\/#primaryimage\",\"url\":\"https:\\\/\\\/www.ballettodanceshop.com\\\/wp-content\\\/uploads\\\/2025\\\/01\\\/Justaucorps_Ballet_Rosa_Blandine.jpeg\",\"contentUrl\":\"https:\\\/\\\/www.ballettodanceshop.com\\\/wp-content\\\/uploads\\\/2025\\\/01\\\/Justaucorps_Ballet_Rosa_Blandine.jpeg\",\"width\":800,\"height\":533,\"caption\":\"Justaucorps dos nu Ballet Rosa Blandine\"},{\"@type\":\"BreadcrumbList\",\"@id\":\"https:\\\/\\\/www.ballettodanceshop.com\\\/justaucorps-ballet-rosa-blandine\\\/#breadcrumb\",\"itemListElement\":[{\"@type\":\"ListItem\",\"position\":1,\"name\":\"Accueil\",\"item\":\"https:\\\/\\\/www.ballettodanceshop.com\\\/\"},{\"@type\":\"ListItem\",\"position\":2,\"name\":\"Produits\",\"item\":\"https:\\\/\\\/www.ballettodanceshop.com\\\/boutique\\\/\"},{\"@type\":\"ListItem\",\"position\":3,\"name\":\"Justaucorps Ballet Rosa Blandine\"}]},{\"@type\":\"WebSite\",\"@id\":\"https:\\\/\\\/www.ballettodanceshop.com\\\/#website\",\"url\":\"https:\\\/\\\/www.ballettodanceshop.com\\\/\",\"name\":\"Balletto Dance Shop\",\"description\":\"Keep Dancing !\",\"publisher\":{\"@id\":\"https:\\\/\\\/www.ballettodanceshop.com\\\/#organization\"},\"alternateName\":\"Balletto\",\"potentialAction\":[{\"@type\":\"SearchAction\",\"target\":{\"@type\":\"EntryPoint\",\"urlTemplate\":\"https:\\\/\\\/www.ballettodanceshop.com\\\/?s={search_term_string}\"},\"query-input\":{\"@type\":\"PropertyValueSpecification\",\"valueRequired\":true,\"valueName\":\"search_term_string\"}}],\"inLanguage\":\"en-GB\"},{\"@type\":\"Organization\",\"@id\":\"https:\\\/\\\/www.ballettodanceshop.com\\\/#organization\",\"name\":\"Balletto Dance Shop\",\"alternateName\":\"Balletto\",\"url\":\"https:\\\/\\\/www.ballettodanceshop.com\\\/\",\"logo\":{\"@type\":\"ImageObject\",\"inLanguage\":\"en-GB\",\"@id\":\"https:\\\/\\\/www.ballettodanceshop.com\\\/#\\\/schema\\\/logo\\\/image\\\/\",\"url\":\"https:\\\/\\\/www.ballettodanceshop.com\\\/wp-content\\\/uploads\\\/2025\\\/06\\\/LOGO-1.png\",\"contentUrl\":\"https:\\\/\\\/www.ballettodanceshop.com\\\/wp-content\\\/uploads\\\/2025\\\/06\\\/LOGO-1.png\",\"width\":508,\"height\":209,\"caption\":\"Balletto Dance Shop\"},\"image\":{\"@id\":\"https:\\\/\\\/www.ballettodanceshop.com\\\/#\\\/schema\\\/logo\\\/image\\\/\"},\"sameAs\":[\"https:\\\/\\\/www.facebook.com\\\/Ballettodanceshop\\\/\",\"https:\\\/\\\/x.com\\\/ballettodance\",\"https:\\\/\\\/www.tiktok.com\\\/@ballettodanceshop\",\"https:\\\/\\\/fr.linkedin.com\\\/company\\\/ballettodaneshop\",\"https:\\\/\\\/fr.pinterest.com\\\/ballettodanceshop\\\/\",\"https:\\\/\\\/www.threads.com\\\/@ballettodanceshop\",\"https:\\\/\\\/www.instagram.com\\\/ballettodanceshop\\\/\",\"https:\\\/\\\/www.youtube.com\\\/@ballettodanceshop\"]}]}<\/script>\n<!-- \/ Yoast SEO plugin. -->","yoast_head_json":{"title":"Ballet Rosa Blandine Leotard - Balletto Dance Shop","description":"Sleeveless dance leotard designed by Ballet Rosa with an open bust in tulle embroidered with lace. Teardrop back. Italian microfibre.","robots":{"index":"index","follow":"follow","max-snippet":"max-snippet:-1","max-image-preview":"max-image-preview:large","max-video-preview":"max-video-preview:-1"},"canonical":"https:\/\/www.ballettodanceshop.com\/en\/ballet-leotard-rosa-blandine\/","og_locale":"en_GB","og_type":"article","og_title":"Justaucorps Ballet Rosa Blandine - Balletto Dance Shop","og_description":"Justaucorps de danse sans manche cr\u00e9e par Ballet Rosa avec un buste d\u00e9gag\u00e9 en tulle brod\u00e9 de dentelle. Le dos en forme de larme. Microfibre Italien.","og_url":"https:\/\/www.ballettodanceshop.com\/en\/ballet-leotard-rosa-blandine\/","og_site_name":"Balletto Dance Shop","article_publisher":"https:\/\/www.facebook.com\/Ballettodanceshop\/","article_modified_time":"2026-01-20T07:55:10+00:00","og_image":[{"width":800,"height":533,"url":"https:\/\/www.ballettodanceshop.com\/wp-content\/uploads\/2025\/01\/Justaucorps_Ballet_Rosa_Blandine.jpeg","type":"image\/jpeg"}],"twitter_card":"summary_large_image","twitter_site":"@ballettodance","twitter_misc":{"Estimated reading time":"1 minute"},"schema":{"@context":"https:\/\/schema.org","@graph":[{"@type":"WebPage","@id":"https:\/\/www.ballettodanceshop.com\/justaucorps-ballet-rosa-blandine\/","url":"https:\/\/www.ballettodanceshop.com\/justaucorps-ballet-rosa-blandine\/","name":"Ballet Rosa Blandine Leotard - Balletto Dance Shop","isPartOf":{"@id":"https:\/\/www.ballettodanceshop.com\/#website"},"primaryImageOfPage":{"@id":"https:\/\/www.ballettodanceshop.com\/justaucorps-ballet-rosa-blandine\/#primaryimage"},"image":{"@id":"https:\/\/www.ballettodanceshop.com\/justaucorps-ballet-rosa-blandine\/#primaryimage"},"thumbnailUrl":"https:\/\/www.ballettodanceshop.com\/wp-content\/uploads\/2025\/01\/Justaucorps_Ballet_Rosa_Blandine.jpeg","datePublished":"2025-01-11T06:45:32+00:00","dateModified":"2026-01-20T07:55:10+00:00","description":"Sleeveless dance leotard designed by Ballet Rosa with an open bust in tulle embroidered with lace. Teardrop back. Italian microfibre.","breadcrumb":{"@id":"https:\/\/www.ballettodanceshop.com\/justaucorps-ballet-rosa-blandine\/#breadcrumb"},"inLanguage":"en-GB","potentialAction":[{"@type":"ReadAction","target":["https:\/\/www.ballettodanceshop.com\/justaucorps-ballet-rosa-blandine\/"]}]},{"@type":"ImageObject","inLanguage":"en-GB","@id":"https:\/\/www.ballettodanceshop.com\/justaucorps-ballet-rosa-blandine\/#primaryimage","url":"https:\/\/www.ballettodanceshop.com\/wp-content\/uploads\/2025\/01\/Justaucorps_Ballet_Rosa_Blandine.jpeg","contentUrl":"https:\/\/www.ballettodanceshop.com\/wp-content\/uploads\/2025\/01\/Justaucorps_Ballet_Rosa_Blandine.jpeg","width":800,"height":533,"caption":"Justaucorps dos nu Ballet Rosa Blandine"},{"@type":"BreadcrumbList","@id":"https:\/\/www.ballettodanceshop.com\/justaucorps-ballet-rosa-blandine\/#breadcrumb","itemListElement":[{"@type":"ListItem","position":1,"name":"Accueil","item":"https:\/\/www.ballettodanceshop.com\/"},{"@type":"ListItem","position":2,"name":"Produits","item":"https:\/\/www.ballettodanceshop.com\/boutique\/"},{"@type":"ListItem","position":3,"name":"Justaucorps Ballet Rosa Blandine"}]},{"@type":"WebSite","@id":"https:\/\/www.ballettodanceshop.com\/#website","url":"https:\/\/www.ballettodanceshop.com\/","name":"Balletto Dance Shop","description":"Keep Dancing!","publisher":{"@id":"https:\/\/www.ballettodanceshop.com\/#organization"},"alternateName":"Balletto","potentialAction":[{"@type":"SearchAction","target":{"@type":"EntryPoint","urlTemplate":"https:\/\/www.ballettodanceshop.com\/?s={search_term_string}"},"query-input":{"@type":"PropertyValueSpecification","valueRequired":true,"valueName":"search_term_string"}}],"inLanguage":"en-GB"},{"@type":"Organization","@id":"https:\/\/www.ballettodanceshop.com\/#organization","name":"Balletto Dance Shop","alternateName":"Balletto","url":"https:\/\/www.ballettodanceshop.com\/","logo":{"@type":"ImageObject","inLanguage":"en-GB","@id":"https:\/\/www.ballettodanceshop.com\/#\/schema\/logo\/image\/","url":"https:\/\/www.ballettodanceshop.com\/wp-content\/uploads\/2025\/06\/LOGO-1.png","contentUrl":"https:\/\/www.ballettodanceshop.com\/wp-content\/uploads\/2025\/06\/LOGO-1.png","width":508,"height":209,"caption":"Balletto Dance Shop"},"image":{"@id":"https:\/\/www.ballettodanceshop.com\/#\/schema\/logo\/image\/"},"sameAs":["https:\/\/www.facebook.com\/Ballettodanceshop\/","https:\/\/x.com\/ballettodance","https:\/\/www.tiktok.com\/@ballettodanceshop","https:\/\/fr.linkedin.com\/company\/ballettodaneshop","https:\/\/fr.pinterest.com\/ballettodanceshop\/","https:\/\/www.threads.com\/@ballettodanceshop","https:\/\/www.instagram.com\/ballettodanceshop\/","https:\/\/www.youtube.com\/@ballettodanceshop"]}]}},"_links":{"self":[{"href":"https:\/\/www.ballettodanceshop.com\/en\/wp-json\/wp\/v2\/product\/65951","targetHints":{"allow":["GET"]}}],"collection":[{"href":"https:\/\/www.ballettodanceshop.com\/en\/wp-json\/wp\/v2\/product"}],"about":[{"href":"https:\/\/www.ballettodanceshop.com\/en\/wp-json\/wp\/v2\/types\/product"}],"replies":[{"embeddable":true,"href":"https:\/\/www.ballettodanceshop.com\/en\/wp-json\/wp\/v2\/comments?post=65951"}],"wp:featuredmedia":[{"embeddable":true,"href":"https:\/\/www.ballettodanceshop.com\/en\/wp-json\/wp\/v2\/media\/80629"}],"wp:attachment":[{"href":"https:\/\/www.ballettodanceshop.com\/en\/wp-json\/wp\/v2\/media?parent=65951"}],"wp:term":[{"taxonomy":"product_brand","embeddable":true,"href":"https:\/\/www.ballettodanceshop.com\/en\/wp-json\/wp\/v2\/product_brand?post=65951"},{"taxonomy":"product_cat","embeddable":true,"href":"https:\/\/www.ballettodanceshop.com\/en\/wp-json\/wp\/v2\/product_cat?post=65951"},{"taxonomy":"product_tag","embeddable":true,"href":"https:\/\/www.ballettodanceshop.com\/en\/wp-json\/wp\/v2\/product_tag?post=65951"}],"curies":[{"name":"wp","href":"https:\/\/api.w.org\/{rel}","templated":true}]}}