{"id":65366,"date":"2024-11-22T12:29:28","date_gmt":"2024-11-22T11:29:28","guid":{"rendered":"https:\/\/www.ballettodanceshop.com\/coffret-madame-bachca-paris\/"},"modified":"2025-08-24T18:05:08","modified_gmt":"2025-08-24T16:05:08","slug":"madame-bachca-paris-box-set","status":"publish","type":"product","link":"https:\/\/www.ballettodanceshop.com\/en\/coffret-madame-bachca-paris\/","title":{"rendered":"Madame Bachca Paris set"},"content":{"rendered":"<p><strong>Madame Bachca Paris set<\/strong><\/p>\n<p>Brosse Bachca Paris - detangling and shine<\/p>\n<p>Large detangling and shine brush (22 cm long), made from beechwood with boar bristles and nylon bristles<br \/>\nOpaline ivory cellulose acetate tweezers (5.5 cm long)<br \/>\nRound gold metal hair clip (4.5 cm diameter)<\/p>\n<p>The hair brush can be used on dry or slightly damp hair. In the morning, it helps to style and detangle the hair, while in the evening, it helps to eliminate the impurities accumulated throughout the day.<br \/>\nThe gold barrette is ideal worn as a half-tail, and the opaline clip can be used to create a quick chignon.<\/p>\n<p>Designed in France<\/p>","protected":false},"excerpt":{"rendered":"<p>This new Madame de Bachca Paris set includes the detangling and shine brush, as well as two essential accessories for elegant everyday styling.<\/p>\n<p>The detangling and shine brush: This is the n\u00b01 brush at Bachca Paris, a real daily hair care product.<\/p>\n<p>Opaline Ivory clip: A must-have for an upswept hairstyle, a half-tail or a sophisticated chignon. It provides perfect hold without compromising the health of your hair.<\/p>\n<p>La barrette ronde dor\u00e9e: Parfaite pour retenir quelques m\u00e8ches ou une demi-queue, cette barrette ronde habille les coiffures les plus simples. Tr\u00e8s facile \u00e0 fermer et \u00e0 positionner, elle tient toute la journ\u00e9e gr\u00e2ce \u00e0 ses deux peignes int\u00e9rieurs.<\/p>\n<p>All in a pretty slipcase ready to give for Christmas, a birthday or any other occasion.<\/p>","protected":false},"featured_media":22398,"comment_status":"open","ping_status":"open","template":"","meta":{"_acf_changed":false},"product_brand":[],"product_cat":[154,338,19,25,61,68,340],"product_tag":[789],"class_list":{"0":"post-65366","1":"product","2":"type-product","3":"status-publish","4":"has-post-thumbnail","6":"product_cat-beaute-bien-etre","7":"product_cat-beaute-bien-etre-filles","8":"product_cat-femmes","9":"product_cat-filles","10":"product_cat-idees-cadeaux","11":"product_cat-idees-cadeaux-filles","12":"product_cat-inspiration","13":"product_tag-livraison-sous-1-semaine","15":"first","16":"instock","17":"taxable","18":"shipping-taxable","19":"purchasable","20":"product-type-simple"},"acf":[],"yoast_head":"<!-- This site is optimized with the Yoast SEO plugin v27.4 - https:\/\/yoast.com\/product\/yoast-seo-wordpress\/ -->\n<title>Coffret Madame Bachca Paris - Balletto Dance Shop<\/title>\n<meta name=\"description\" content=\"C&#039;est la brosse n\u00b01 chez Bachca. V\u00e9ritable soin quotidien pour les cheveux. Le cadeau parfait pour prendre soin de ses cheveux et les sublimer au quotidien.\" \/>\n<meta name=\"robots\" content=\"index, follow, max-snippet:-1, max-image-preview:large, max-video-preview:-1\" \/>\n<link rel=\"canonical\" href=\"https:\/\/www.ballettodanceshop.com\/en\/madame-bachca-paris-box-set\/\" \/>\n<meta property=\"og:locale\" content=\"en_GB\" \/>\n<meta property=\"og:type\" content=\"article\" \/>\n<meta property=\"og:title\" content=\"Coffret Madame Bachca Paris - Balletto Dance Shop\" \/>\n<meta property=\"og:description\" content=\"C&#039;est la brosse n\u00b01 chez Bachca. V\u00e9ritable soin quotidien pour les cheveux. Le cadeau parfait pour prendre soin de ses cheveux et les sublimer au quotidien.\" \/>\n<meta property=\"og:url\" content=\"https:\/\/www.ballettodanceshop.com\/en\/madame-bachca-paris-box-set\/\" \/>\n<meta property=\"og:site_name\" content=\"Balletto Dance Shop\" \/>\n<meta property=\"article:publisher\" content=\"https:\/\/www.facebook.com\/Ballettodanceshop\/\" \/>\n<meta property=\"article:modified_time\" content=\"2025-08-24T16:05:08+00:00\" \/>\n<meta property=\"og:image\" content=\"https:\/\/www.ballettodanceshop.com\/wp-content\/uploads\/2025\/07\/bachca-madame-coffret-brosse-a-cheveux-brillance.webp\" \/>\n\t<meta property=\"og:image:width\" content=\"1080\" \/>\n\t<meta property=\"og:image:height\" content=\"1080\" \/>\n\t<meta property=\"og:image:type\" content=\"image\/webp\" \/>\n<meta name=\"twitter:card\" content=\"summary_large_image\" \/>\n<meta name=\"twitter:site\" content=\"@ballettodance\" \/>\n<meta name=\"twitter:label1\" content=\"Estimated reading time\" \/>\n\t<meta name=\"twitter:data1\" content=\"1 minute\" \/>\n<script type=\"application\/ld+json\" class=\"yoast-schema-graph\">{\"@context\":\"https:\\\/\\\/schema.org\",\"@graph\":[{\"@type\":\"WebPage\",\"@id\":\"https:\\\/\\\/www.ballettodanceshop.com\\\/en\\\/madame-bachca-paris-box-set\\\/\",\"url\":\"https:\\\/\\\/www.ballettodanceshop.com\\\/en\\\/madame-bachca-paris-box-set\\\/\",\"name\":\"Coffret Madame Bachca Paris - Balletto Dance Shop\",\"isPartOf\":{\"@id\":\"https:\\\/\\\/www.ballettodanceshop.com\\\/#website\"},\"primaryImageOfPage\":{\"@id\":\"https:\\\/\\\/www.ballettodanceshop.com\\\/en\\\/madame-bachca-paris-box-set\\\/#primaryimage\"},\"image\":{\"@id\":\"https:\\\/\\\/www.ballettodanceshop.com\\\/en\\\/madame-bachca-paris-box-set\\\/#primaryimage\"},\"thumbnailUrl\":\"https:\\\/\\\/www.ballettodanceshop.com\\\/wp-content\\\/uploads\\\/2025\\\/07\\\/bachca-madame-coffret-brosse-a-cheveux-brillance.webp\",\"datePublished\":\"2024-11-22T11:29:28+00:00\",\"dateModified\":\"2025-08-24T16:05:08+00:00\",\"description\":\"C'est la brosse n\u00b01 chez Bachca. V\u00e9ritable soin quotidien pour les cheveux. Le cadeau parfait pour prendre soin de ses cheveux et les sublimer au quotidien.\",\"breadcrumb\":{\"@id\":\"https:\\\/\\\/www.ballettodanceshop.com\\\/en\\\/madame-bachca-paris-box-set\\\/#breadcrumb\"},\"inLanguage\":\"en-GB\",\"potentialAction\":[{\"@type\":\"ReadAction\",\"target\":[\"https:\\\/\\\/www.ballettodanceshop.com\\\/en\\\/madame-bachca-paris-box-set\\\/\"]}]},{\"@type\":\"ImageObject\",\"inLanguage\":\"en-GB\",\"@id\":\"https:\\\/\\\/www.ballettodanceshop.com\\\/en\\\/madame-bachca-paris-box-set\\\/#primaryimage\",\"url\":\"https:\\\/\\\/www.ballettodanceshop.com\\\/wp-content\\\/uploads\\\/2025\\\/07\\\/bachca-madame-coffret-brosse-a-cheveux-brillance.webp\",\"contentUrl\":\"https:\\\/\\\/www.ballettodanceshop.com\\\/wp-content\\\/uploads\\\/2025\\\/07\\\/bachca-madame-coffret-brosse-a-cheveux-brillance.webp\",\"width\":1080,\"height\":1080,\"caption\":\"Coffret Madame - brosse d\u00e9m\u00ealage et brillance.\"},{\"@type\":\"BreadcrumbList\",\"@id\":\"https:\\\/\\\/www.ballettodanceshop.com\\\/en\\\/madame-bachca-paris-box-set\\\/#breadcrumb\",\"itemListElement\":[{\"@type\":\"ListItem\",\"position\":1,\"name\":\"Accueil\",\"item\":\"https:\\\/\\\/www.ballettodanceshop.com\\\/\"},{\"@type\":\"ListItem\",\"position\":2,\"name\":\"Produits\",\"item\":\"https:\\\/\\\/www.ballettodanceshop.com\\\/boutique\\\/\"},{\"@type\":\"ListItem\",\"position\":3,\"name\":\"Coffret Madame Bachca Paris\"}]},{\"@type\":\"WebSite\",\"@id\":\"https:\\\/\\\/www.ballettodanceshop.com\\\/#website\",\"url\":\"https:\\\/\\\/www.ballettodanceshop.com\\\/\",\"name\":\"Balletto Dance Shop\",\"description\":\"Keep Dancing !\",\"publisher\":{\"@id\":\"https:\\\/\\\/www.ballettodanceshop.com\\\/#organization\"},\"alternateName\":\"Balletto\",\"potentialAction\":[{\"@type\":\"SearchAction\",\"target\":{\"@type\":\"EntryPoint\",\"urlTemplate\":\"https:\\\/\\\/www.ballettodanceshop.com\\\/?s={search_term_string}\"},\"query-input\":{\"@type\":\"PropertyValueSpecification\",\"valueRequired\":true,\"valueName\":\"search_term_string\"}}],\"inLanguage\":\"en-GB\"},{\"@type\":\"Organization\",\"@id\":\"https:\\\/\\\/www.ballettodanceshop.com\\\/#organization\",\"name\":\"Balletto Dance Shop\",\"alternateName\":\"Balletto\",\"url\":\"https:\\\/\\\/www.ballettodanceshop.com\\\/\",\"logo\":{\"@type\":\"ImageObject\",\"inLanguage\":\"en-GB\",\"@id\":\"https:\\\/\\\/www.ballettodanceshop.com\\\/#\\\/schema\\\/logo\\\/image\\\/\",\"url\":\"https:\\\/\\\/www.ballettodanceshop.com\\\/wp-content\\\/uploads\\\/2025\\\/06\\\/LOGO-1.png\",\"contentUrl\":\"https:\\\/\\\/www.ballettodanceshop.com\\\/wp-content\\\/uploads\\\/2025\\\/06\\\/LOGO-1.png\",\"width\":508,\"height\":209,\"caption\":\"Balletto Dance Shop\"},\"image\":{\"@id\":\"https:\\\/\\\/www.ballettodanceshop.com\\\/#\\\/schema\\\/logo\\\/image\\\/\"},\"sameAs\":[\"https:\\\/\\\/www.facebook.com\\\/Ballettodanceshop\\\/\",\"https:\\\/\\\/x.com\\\/ballettodance\",\"https:\\\/\\\/www.tiktok.com\\\/@ballettodanceshop\",\"https:\\\/\\\/fr.linkedin.com\\\/company\\\/ballettodaneshop\",\"https:\\\/\\\/fr.pinterest.com\\\/ballettodanceshop\\\/\",\"https:\\\/\\\/www.threads.com\\\/@ballettodanceshop\",\"https:\\\/\\\/www.instagram.com\\\/ballettodanceshop\\\/\",\"https:\\\/\\\/www.youtube.com\\\/@ballettodanceshop\"]}]}<\/script>\n<!-- \/ Yoast SEO plugin. -->","yoast_head_json":{"title":"Box Madame Bachca Paris - Balletto Dance Shop","description":"This is Bachca's n\u00b01 brush. Genuine daily hair care. The perfect gift for taking care of your hair and making it beautiful every day.","robots":{"index":"index","follow":"follow","max-snippet":"max-snippet:-1","max-image-preview":"max-image-preview:large","max-video-preview":"max-video-preview:-1"},"canonical":"https:\/\/www.ballettodanceshop.com\/en\/madame-bachca-paris-box-set\/","og_locale":"en_GB","og_type":"article","og_title":"Coffret Madame Bachca Paris - Balletto Dance Shop","og_description":"C'est la brosse n\u00b01 chez Bachca. V\u00e9ritable soin quotidien pour les cheveux. Le cadeau parfait pour prendre soin de ses cheveux et les sublimer au quotidien.","og_url":"https:\/\/www.ballettodanceshop.com\/en\/madame-bachca-paris-box-set\/","og_site_name":"Balletto Dance Shop","article_publisher":"https:\/\/www.facebook.com\/Ballettodanceshop\/","article_modified_time":"2025-08-24T16:05:08+00:00","og_image":[{"width":1080,"height":1080,"url":"https:\/\/www.ballettodanceshop.com\/wp-content\/uploads\/2025\/07\/bachca-madame-coffret-brosse-a-cheveux-brillance.webp","type":"image\/webp"}],"twitter_card":"summary_large_image","twitter_site":"@ballettodance","twitter_misc":{"Estimated reading time":"1 minute"},"schema":{"@context":"https:\/\/schema.org","@graph":[{"@type":"WebPage","@id":"https:\/\/www.ballettodanceshop.com\/en\/madame-bachca-paris-box-set\/","url":"https:\/\/www.ballettodanceshop.com\/en\/madame-bachca-paris-box-set\/","name":"Box Madame Bachca Paris - Balletto Dance Shop","isPartOf":{"@id":"https:\/\/www.ballettodanceshop.com\/#website"},"primaryImageOfPage":{"@id":"https:\/\/www.ballettodanceshop.com\/en\/madame-bachca-paris-box-set\/#primaryimage"},"image":{"@id":"https:\/\/www.ballettodanceshop.com\/en\/madame-bachca-paris-box-set\/#primaryimage"},"thumbnailUrl":"https:\/\/www.ballettodanceshop.com\/wp-content\/uploads\/2025\/07\/bachca-madame-coffret-brosse-a-cheveux-brillance.webp","datePublished":"2024-11-22T11:29:28+00:00","dateModified":"2025-08-24T16:05:08+00:00","description":"This is Bachca's n\u00b01 brush. Genuine daily hair care. The perfect gift for taking care of your hair and making it beautiful every day.","breadcrumb":{"@id":"https:\/\/www.ballettodanceshop.com\/en\/madame-bachca-paris-box-set\/#breadcrumb"},"inLanguage":"en-GB","potentialAction":[{"@type":"ReadAction","target":["https:\/\/www.ballettodanceshop.com\/en\/madame-bachca-paris-box-set\/"]}]},{"@type":"ImageObject","inLanguage":"en-GB","@id":"https:\/\/www.ballettodanceshop.com\/en\/madame-bachca-paris-box-set\/#primaryimage","url":"https:\/\/www.ballettodanceshop.com\/wp-content\/uploads\/2025\/07\/bachca-madame-coffret-brosse-a-cheveux-brillance.webp","contentUrl":"https:\/\/www.ballettodanceshop.com\/wp-content\/uploads\/2025\/07\/bachca-madame-coffret-brosse-a-cheveux-brillance.webp","width":1080,"height":1080,"caption":"Coffret Madame - brosse d\u00e9m\u00ealage et brillance."},{"@type":"BreadcrumbList","@id":"https:\/\/www.ballettodanceshop.com\/en\/madame-bachca-paris-box-set\/#breadcrumb","itemListElement":[{"@type":"ListItem","position":1,"name":"Accueil","item":"https:\/\/www.ballettodanceshop.com\/"},{"@type":"ListItem","position":2,"name":"Produits","item":"https:\/\/www.ballettodanceshop.com\/boutique\/"},{"@type":"ListItem","position":3,"name":"Coffret Madame Bachca Paris"}]},{"@type":"WebSite","@id":"https:\/\/www.ballettodanceshop.com\/#website","url":"https:\/\/www.ballettodanceshop.com\/","name":"Balletto Dance Shop","description":"Keep Dancing!","publisher":{"@id":"https:\/\/www.ballettodanceshop.com\/#organization"},"alternateName":"Balletto","potentialAction":[{"@type":"SearchAction","target":{"@type":"EntryPoint","urlTemplate":"https:\/\/www.ballettodanceshop.com\/?s={search_term_string}"},"query-input":{"@type":"PropertyValueSpecification","valueRequired":true,"valueName":"search_term_string"}}],"inLanguage":"en-GB"},{"@type":"Organization","@id":"https:\/\/www.ballettodanceshop.com\/#organization","name":"Balletto Dance Shop","alternateName":"Balletto","url":"https:\/\/www.ballettodanceshop.com\/","logo":{"@type":"ImageObject","inLanguage":"en-GB","@id":"https:\/\/www.ballettodanceshop.com\/#\/schema\/logo\/image\/","url":"https:\/\/www.ballettodanceshop.com\/wp-content\/uploads\/2025\/06\/LOGO-1.png","contentUrl":"https:\/\/www.ballettodanceshop.com\/wp-content\/uploads\/2025\/06\/LOGO-1.png","width":508,"height":209,"caption":"Balletto Dance Shop"},"image":{"@id":"https:\/\/www.ballettodanceshop.com\/#\/schema\/logo\/image\/"},"sameAs":["https:\/\/www.facebook.com\/Ballettodanceshop\/","https:\/\/x.com\/ballettodance","https:\/\/www.tiktok.com\/@ballettodanceshop","https:\/\/fr.linkedin.com\/company\/ballettodaneshop","https:\/\/fr.pinterest.com\/ballettodanceshop\/","https:\/\/www.threads.com\/@ballettodanceshop","https:\/\/www.instagram.com\/ballettodanceshop\/","https:\/\/www.youtube.com\/@ballettodanceshop"]}]}},"_links":{"self":[{"href":"https:\/\/www.ballettodanceshop.com\/en\/wp-json\/wp\/v2\/product\/65366","targetHints":{"allow":["GET"]}}],"collection":[{"href":"https:\/\/www.ballettodanceshop.com\/en\/wp-json\/wp\/v2\/product"}],"about":[{"href":"https:\/\/www.ballettodanceshop.com\/en\/wp-json\/wp\/v2\/types\/product"}],"replies":[{"embeddable":true,"href":"https:\/\/www.ballettodanceshop.com\/en\/wp-json\/wp\/v2\/comments?post=65366"}],"wp:featuredmedia":[{"embeddable":true,"href":"https:\/\/www.ballettodanceshop.com\/en\/wp-json\/wp\/v2\/media\/22398"}],"wp:attachment":[{"href":"https:\/\/www.ballettodanceshop.com\/en\/wp-json\/wp\/v2\/media?parent=65366"}],"wp:term":[{"taxonomy":"product_brand","embeddable":true,"href":"https:\/\/www.ballettodanceshop.com\/en\/wp-json\/wp\/v2\/product_brand?post=65366"},{"taxonomy":"product_cat","embeddable":true,"href":"https:\/\/www.ballettodanceshop.com\/en\/wp-json\/wp\/v2\/product_cat?post=65366"},{"taxonomy":"product_tag","embeddable":true,"href":"https:\/\/www.ballettodanceshop.com\/en\/wp-json\/wp\/v2\/product_tag?post=65366"}],"curies":[{"name":"wp","href":"https:\/\/api.w.org\/{rel}","templated":true}]}}