{"id":65321,"date":"2024-11-21T06:45:45","date_gmt":"2024-11-21T05:45:45","guid":{"rendered":"https:\/\/www.ballettodanceshop.com\/pointes-wear-moi-arial-hard\/"},"modified":"2025-11-01T15:59:41","modified_gmt":"2025-11-01T14:59:41","slug":"pointe-wear-moi-arial-hard","status":"publish","type":"product","link":"https:\/\/www.ballettodanceshop.com\/en\/pointes-wear-moi-arial-hard\/","title":{"rendered":"Points Wear Moi Arial Hard"},"content":{"rendered":"<p><strong>Points Wear Moi Arial Hard<\/strong><\/p>\n<p>-\u00a0<strong>Foot shapes\u00a0<\/strong>Greek squares or Roman squares<br \/>\n-\u00a0<strong>British sizing system<\/strong>\u00a0from 3 to 8<br \/>\n-\u00a0<strong>Box<\/strong>\u00a0low profile<br \/>\n-\u00a0<strong>Widths<\/strong>\u00a0from Narrow (X) to X Extra Large (XXXX)<br \/>\n-\u00a0<strong>Border<\/strong>\u00a0cotton cord sliding in a cotton border<\/p>\n<p>Designed in France<\/p>","protected":false},"excerpt":{"rendered":"<p>With its universal fit, the Wear Moi Arial tip is pre-armoured and features clean lines, a low crown and a U-shaped neckline.<\/p>\n<p>The new sole design improves grip, for a better hold on the ground.<\/p>\n<p>The Pointe Wear Moi Arial Hard sole supports a flexible arch with stretched ligaments.<\/p>\n<p>Pour offrir le meilleur soutien \u00e0 ce type de vo\u00fbte, une semelle rigide est plus appropri\u00e9e, apportant un support important.<\/p>\n<p>What's more, the shank must follow the shape of the arch of the foot. Three quarters of the shank is cut out to ensure maximum contact with the foot, for optimum support on point.<\/p>\n<p>This insole is specially designed to ensure maximum support for the arch of the foot, offering the best possible support.<\/p>\n<p>This new Pointe Wear Moi Arial boasts unrivalled comfort, thanks to its ultra-soft inner lining that wicks away moisture and gives a peach-skin effect.<\/p>\n<p>Inside, a reinforced platform and toe pad provide extra cushioning, while high wings support the metatarsals.<\/p>","protected":false},"featured_media":22206,"comment_status":"open","ping_status":"closed","template":"","meta":{"_acf_changed":false},"product_brand":[],"product_cat":[65,19,25,318,319,62,398],"product_tag":[790],"class_list":{"0":"post-65321","1":"product","2":"type-product","3":"status-publish","4":"has-post-thumbnail","6":"product_cat-classique-filles","7":"product_cat-femmes","8":"product_cat-filles","9":"product_cat-pointes-classique-filles","10":"product_cat-pointes","11":"product_cat-classique","12":"product_cat-wear-moi","13":"product_tag-livraison-1-a-2-semaines","15":"first","16":"instock","17":"taxable","18":"shipping-taxable","19":"purchasable","20":"product-type-variable"},"acf":[],"yoast_head":"<!-- This site is optimized with the Yoast SEO plugin v27.4 - https:\/\/yoast.com\/product\/yoast-seo-wordpress\/ -->\n<title>Pointes Wear Moi Arial Hard - Balletto Dance Shop<\/title>\n<meta name=\"description\" content=\"Pour offrir le meilleur soutien \u00e0 une vo\u00fbte plantaire flexible, une semelle de Pointes rigide est plus appropri\u00e9e, apportant un support important aux pieds.\" \/>\n<meta name=\"robots\" content=\"index, follow, max-snippet:-1, max-image-preview:large, max-video-preview:-1\" \/>\n<link rel=\"canonical\" href=\"https:\/\/www.ballettodanceshop.com\/en\/pointe-wear-moi-arial-hard\/\" \/>\n<meta property=\"og:locale\" content=\"en_GB\" \/>\n<meta property=\"og:type\" content=\"article\" \/>\n<meta property=\"og:title\" content=\"Pointes Wear Moi Arial Hard - Balletto Dance Shop\" \/>\n<meta property=\"og:description\" content=\"Pour offrir le meilleur soutien \u00e0 une vo\u00fbte plantaire flexible, une semelle de Pointes rigide est plus appropri\u00e9e, apportant un support important aux pieds.\" \/>\n<meta property=\"og:url\" content=\"https:\/\/www.ballettodanceshop.com\/en\/pointe-wear-moi-arial-hard\/\" \/>\n<meta property=\"og:site_name\" content=\"Balletto Dance Shop\" \/>\n<meta property=\"article:publisher\" content=\"https:\/\/www.facebook.com\/Ballettodanceshop\/\" \/>\n<meta property=\"article:modified_time\" content=\"2025-11-01T14:59:41+00:00\" \/>\n<meta property=\"og:image\" content=\"https:\/\/www.ballettodanceshop.com\/wp-content\/uploads\/2025\/07\/Pointes_Wear_Moi_Arial.jpg\" \/>\n\t<meta property=\"og:image:width\" content=\"619\" \/>\n\t<meta property=\"og:image:height\" content=\"923\" \/>\n\t<meta property=\"og:image:type\" content=\"image\/jpeg\" \/>\n<meta name=\"twitter:card\" content=\"summary_large_image\" \/>\n<meta name=\"twitter:site\" content=\"@ballettodance\" \/>\n<meta name=\"twitter:label1\" content=\"Estimated reading time\" \/>\n\t<meta name=\"twitter:data1\" content=\"1 minute\" \/>\n<script type=\"application\/ld+json\" class=\"yoast-schema-graph\">{\"@context\":\"https:\\\/\\\/schema.org\",\"@graph\":[{\"@type\":\"WebPage\",\"@id\":\"https:\\\/\\\/www.ballettodanceshop.com\\\/pointes-wear-moi-arial-hard\\\/\",\"url\":\"https:\\\/\\\/www.ballettodanceshop.com\\\/pointes-wear-moi-arial-hard\\\/\",\"name\":\"Pointes Wear Moi Arial Hard - Balletto Dance Shop\",\"isPartOf\":{\"@id\":\"https:\\\/\\\/www.ballettodanceshop.com\\\/#website\"},\"primaryImageOfPage\":{\"@id\":\"https:\\\/\\\/www.ballettodanceshop.com\\\/pointes-wear-moi-arial-hard\\\/#primaryimage\"},\"image\":{\"@id\":\"https:\\\/\\\/www.ballettodanceshop.com\\\/pointes-wear-moi-arial-hard\\\/#primaryimage\"},\"thumbnailUrl\":\"https:\\\/\\\/www.ballettodanceshop.com\\\/wp-content\\\/uploads\\\/2025\\\/07\\\/Pointes_Wear_Moi_Arial.jpg\",\"datePublished\":\"2024-11-21T05:45:45+00:00\",\"dateModified\":\"2025-11-01T14:59:41+00:00\",\"description\":\"Pour offrir le meilleur soutien \u00e0 une vo\u00fbte plantaire flexible, une semelle de Pointes rigide est plus appropri\u00e9e, apportant un support important aux pieds.\",\"breadcrumb\":{\"@id\":\"https:\\\/\\\/www.ballettodanceshop.com\\\/pointes-wear-moi-arial-hard\\\/#breadcrumb\"},\"inLanguage\":\"en-GB\",\"potentialAction\":[{\"@type\":\"ReadAction\",\"target\":[\"https:\\\/\\\/www.ballettodanceshop.com\\\/pointes-wear-moi-arial-hard\\\/\"]}]},{\"@type\":\"ImageObject\",\"inLanguage\":\"en-GB\",\"@id\":\"https:\\\/\\\/www.ballettodanceshop.com\\\/pointes-wear-moi-arial-hard\\\/#primaryimage\",\"url\":\"https:\\\/\\\/www.ballettodanceshop.com\\\/wp-content\\\/uploads\\\/2025\\\/07\\\/Pointes_Wear_Moi_Arial.jpg\",\"contentUrl\":\"https:\\\/\\\/www.ballettodanceshop.com\\\/wp-content\\\/uploads\\\/2025\\\/07\\\/Pointes_Wear_Moi_Arial.jpg\",\"width\":619,\"height\":923,\"caption\":\"Wear Moi Arial Extra Soft\"},{\"@type\":\"BreadcrumbList\",\"@id\":\"https:\\\/\\\/www.ballettodanceshop.com\\\/pointes-wear-moi-arial-hard\\\/#breadcrumb\",\"itemListElement\":[{\"@type\":\"ListItem\",\"position\":1,\"name\":\"Accueil\",\"item\":\"https:\\\/\\\/www.ballettodanceshop.com\\\/\"},{\"@type\":\"ListItem\",\"position\":2,\"name\":\"Produits\",\"item\":\"https:\\\/\\\/www.ballettodanceshop.com\\\/boutique\\\/\"},{\"@type\":\"ListItem\",\"position\":3,\"name\":\"Pointes Wear Moi Arial Hard\"}]},{\"@type\":\"WebSite\",\"@id\":\"https:\\\/\\\/www.ballettodanceshop.com\\\/#website\",\"url\":\"https:\\\/\\\/www.ballettodanceshop.com\\\/\",\"name\":\"Balletto Dance Shop\",\"description\":\"Keep Dancing !\",\"publisher\":{\"@id\":\"https:\\\/\\\/www.ballettodanceshop.com\\\/#organization\"},\"alternateName\":\"Balletto\",\"potentialAction\":[{\"@type\":\"SearchAction\",\"target\":{\"@type\":\"EntryPoint\",\"urlTemplate\":\"https:\\\/\\\/www.ballettodanceshop.com\\\/?s={search_term_string}\"},\"query-input\":{\"@type\":\"PropertyValueSpecification\",\"valueRequired\":true,\"valueName\":\"search_term_string\"}}],\"inLanguage\":\"en-GB\"},{\"@type\":\"Organization\",\"@id\":\"https:\\\/\\\/www.ballettodanceshop.com\\\/#organization\",\"name\":\"Balletto Dance Shop\",\"alternateName\":\"Balletto\",\"url\":\"https:\\\/\\\/www.ballettodanceshop.com\\\/\",\"logo\":{\"@type\":\"ImageObject\",\"inLanguage\":\"en-GB\",\"@id\":\"https:\\\/\\\/www.ballettodanceshop.com\\\/#\\\/schema\\\/logo\\\/image\\\/\",\"url\":\"https:\\\/\\\/www.ballettodanceshop.com\\\/wp-content\\\/uploads\\\/2025\\\/06\\\/LOGO-1.png\",\"contentUrl\":\"https:\\\/\\\/www.ballettodanceshop.com\\\/wp-content\\\/uploads\\\/2025\\\/06\\\/LOGO-1.png\",\"width\":508,\"height\":209,\"caption\":\"Balletto Dance Shop\"},\"image\":{\"@id\":\"https:\\\/\\\/www.ballettodanceshop.com\\\/#\\\/schema\\\/logo\\\/image\\\/\"},\"sameAs\":[\"https:\\\/\\\/www.facebook.com\\\/Ballettodanceshop\\\/\",\"https:\\\/\\\/x.com\\\/ballettodance\",\"https:\\\/\\\/www.tiktok.com\\\/@ballettodanceshop\",\"https:\\\/\\\/fr.linkedin.com\\\/company\\\/ballettodaneshop\",\"https:\\\/\\\/fr.pinterest.com\\\/ballettodanceshop\\\/\",\"https:\\\/\\\/www.threads.com\\\/@ballettodanceshop\",\"https:\\\/\\\/www.instagram.com\\\/ballettodanceshop\\\/\",\"https:\\\/\\\/www.youtube.com\\\/@ballettodanceshop\"]}]}<\/script>\n<!-- \/ Yoast SEO plugin. -->","yoast_head_json":{"title":"Pointes Wear Moi Arial Hard - Balletto Dance Shop","description":"Pour offrir le meilleur soutien \u00e0 une vo\u00fbte plantaire flexible, une semelle de Pointes rigide est plus appropri\u00e9e, apportant un support important aux pieds.","robots":{"index":"index","follow":"follow","max-snippet":"max-snippet:-1","max-image-preview":"max-image-preview:large","max-video-preview":"max-video-preview:-1"},"canonical":"https:\/\/www.ballettodanceshop.com\/en\/pointe-wear-moi-arial-hard\/","og_locale":"en_GB","og_type":"article","og_title":"Pointes Wear Moi Arial Hard - Balletto Dance Shop","og_description":"Pour offrir le meilleur soutien \u00e0 une vo\u00fbte plantaire flexible, une semelle de Pointes rigide est plus appropri\u00e9e, apportant un support important aux pieds.","og_url":"https:\/\/www.ballettodanceshop.com\/en\/pointe-wear-moi-arial-hard\/","og_site_name":"Balletto Dance Shop","article_publisher":"https:\/\/www.facebook.com\/Ballettodanceshop\/","article_modified_time":"2025-11-01T14:59:41+00:00","og_image":[{"width":619,"height":923,"url":"https:\/\/www.ballettodanceshop.com\/wp-content\/uploads\/2025\/07\/Pointes_Wear_Moi_Arial.jpg","type":"image\/jpeg"}],"twitter_card":"summary_large_image","twitter_site":"@ballettodance","twitter_misc":{"Estimated reading time":"1 minute"},"schema":{"@context":"https:\/\/schema.org","@graph":[{"@type":"WebPage","@id":"https:\/\/www.ballettodanceshop.com\/pointes-wear-moi-arial-hard\/","url":"https:\/\/www.ballettodanceshop.com\/pointes-wear-moi-arial-hard\/","name":"Pointes Wear Moi Arial Hard - Balletto Dance Shop","isPartOf":{"@id":"https:\/\/www.ballettodanceshop.com\/#website"},"primaryImageOfPage":{"@id":"https:\/\/www.ballettodanceshop.com\/pointes-wear-moi-arial-hard\/#primaryimage"},"image":{"@id":"https:\/\/www.ballettodanceshop.com\/pointes-wear-moi-arial-hard\/#primaryimage"},"thumbnailUrl":"https:\/\/www.ballettodanceshop.com\/wp-content\/uploads\/2025\/07\/Pointes_Wear_Moi_Arial.jpg","datePublished":"2024-11-21T05:45:45+00:00","dateModified":"2025-11-01T14:59:41+00:00","description":"Pour offrir le meilleur soutien \u00e0 une vo\u00fbte plantaire flexible, une semelle de Pointes rigide est plus appropri\u00e9e, apportant un support important aux pieds.","breadcrumb":{"@id":"https:\/\/www.ballettodanceshop.com\/pointes-wear-moi-arial-hard\/#breadcrumb"},"inLanguage":"en-GB","potentialAction":[{"@type":"ReadAction","target":["https:\/\/www.ballettodanceshop.com\/pointes-wear-moi-arial-hard\/"]}]},{"@type":"ImageObject","inLanguage":"en-GB","@id":"https:\/\/www.ballettodanceshop.com\/pointes-wear-moi-arial-hard\/#primaryimage","url":"https:\/\/www.ballettodanceshop.com\/wp-content\/uploads\/2025\/07\/Pointes_Wear_Moi_Arial.jpg","contentUrl":"https:\/\/www.ballettodanceshop.com\/wp-content\/uploads\/2025\/07\/Pointes_Wear_Moi_Arial.jpg","width":619,"height":923,"caption":"Wear Moi Arial Extra Soft"},{"@type":"BreadcrumbList","@id":"https:\/\/www.ballettodanceshop.com\/pointes-wear-moi-arial-hard\/#breadcrumb","itemListElement":[{"@type":"ListItem","position":1,"name":"Accueil","item":"https:\/\/www.ballettodanceshop.com\/"},{"@type":"ListItem","position":2,"name":"Produits","item":"https:\/\/www.ballettodanceshop.com\/boutique\/"},{"@type":"ListItem","position":3,"name":"Pointes Wear Moi Arial Hard"}]},{"@type":"WebSite","@id":"https:\/\/www.ballettodanceshop.com\/#website","url":"https:\/\/www.ballettodanceshop.com\/","name":"Balletto Dance Shop","description":"Keep Dancing!","publisher":{"@id":"https:\/\/www.ballettodanceshop.com\/#organization"},"alternateName":"Balletto","potentialAction":[{"@type":"SearchAction","target":{"@type":"EntryPoint","urlTemplate":"https:\/\/www.ballettodanceshop.com\/?s={search_term_string}"},"query-input":{"@type":"PropertyValueSpecification","valueRequired":true,"valueName":"search_term_string"}}],"inLanguage":"en-GB"},{"@type":"Organization","@id":"https:\/\/www.ballettodanceshop.com\/#organization","name":"Balletto Dance Shop","alternateName":"Balletto","url":"https:\/\/www.ballettodanceshop.com\/","logo":{"@type":"ImageObject","inLanguage":"en-GB","@id":"https:\/\/www.ballettodanceshop.com\/#\/schema\/logo\/image\/","url":"https:\/\/www.ballettodanceshop.com\/wp-content\/uploads\/2025\/06\/LOGO-1.png","contentUrl":"https:\/\/www.ballettodanceshop.com\/wp-content\/uploads\/2025\/06\/LOGO-1.png","width":508,"height":209,"caption":"Balletto Dance Shop"},"image":{"@id":"https:\/\/www.ballettodanceshop.com\/#\/schema\/logo\/image\/"},"sameAs":["https:\/\/www.facebook.com\/Ballettodanceshop\/","https:\/\/x.com\/ballettodance","https:\/\/www.tiktok.com\/@ballettodanceshop","https:\/\/fr.linkedin.com\/company\/ballettodaneshop","https:\/\/fr.pinterest.com\/ballettodanceshop\/","https:\/\/www.threads.com\/@ballettodanceshop","https:\/\/www.instagram.com\/ballettodanceshop\/","https:\/\/www.youtube.com\/@ballettodanceshop"]}]}},"_links":{"self":[{"href":"https:\/\/www.ballettodanceshop.com\/en\/wp-json\/wp\/v2\/product\/65321","targetHints":{"allow":["GET"]}}],"collection":[{"href":"https:\/\/www.ballettodanceshop.com\/en\/wp-json\/wp\/v2\/product"}],"about":[{"href":"https:\/\/www.ballettodanceshop.com\/en\/wp-json\/wp\/v2\/types\/product"}],"replies":[{"embeddable":true,"href":"https:\/\/www.ballettodanceshop.com\/en\/wp-json\/wp\/v2\/comments?post=65321"}],"wp:featuredmedia":[{"embeddable":true,"href":"https:\/\/www.ballettodanceshop.com\/en\/wp-json\/wp\/v2\/media\/22206"}],"wp:attachment":[{"href":"https:\/\/www.ballettodanceshop.com\/en\/wp-json\/wp\/v2\/media?parent=65321"}],"wp:term":[{"taxonomy":"product_brand","embeddable":true,"href":"https:\/\/www.ballettodanceshop.com\/en\/wp-json\/wp\/v2\/product_brand?post=65321"},{"taxonomy":"product_cat","embeddable":true,"href":"https:\/\/www.ballettodanceshop.com\/en\/wp-json\/wp\/v2\/product_cat?post=65321"},{"taxonomy":"product_tag","embeddable":true,"href":"https:\/\/www.ballettodanceshop.com\/en\/wp-json\/wp\/v2\/product_tag?post=65321"}],"curies":[{"name":"wp","href":"https:\/\/api.w.org\/{rel}","templated":true}]}}