{"id":65135,"date":"2024-10-16T16:37:38","date_gmt":"2024-10-16T14:37:38","guid":{"rendered":"https:\/\/www.ballettodanceshop.com\/jupe-reversible-imprimee-zidans-sky\/"},"modified":"2025-09-23T18:52:46","modified_gmt":"2025-09-23T16:52:46","slug":"zidans-sky-printed-reversible-skirt","status":"publish","type":"product","link":"https:\/\/www.ballettodanceshop.com\/en\/jupe-reversible-imprimee-zidans-sky\/","title":{"rendered":"Reversible Printed Skirt Zidans Sky"},"content":{"rendered":"<p><strong>Reversible Printed Skirt Zidans Sky<\/strong><\/p>\n<p>Skirt fabric: muslin (100% polyester)<\/p>\n<p>Waistband: biflex (80% polyamide \/ 20% elastane)<\/p>\n<p>Pour l&rsquo;entretien des v\u00eatements, nous recommandons un lavage en machine ou \u00e0 la main \u00e0 30 degr\u00e9s, un d\u00e9froissage vertical ou un repassage \u00e0 basse temp\u00e9rature.<\/p>","protected":false},"excerpt":{"rendered":"<p>New Dance Rehearsal Skirt\u00a0<strong>Zidans-Out Of Control Collection<\/strong>.<\/p>\n<p>One skirt - two colours. Reversible circle skirt with elasticated waistband.<\/p>\n<p>A printed chiffon skirt paired with a sky-blue accent fabric.<\/p>\n<p>The 'Day fall' design print evokes the image of colourful leaves falling into a river, symbolising the changing of the seasons, autumn.<\/p>\n<p>Matte opaque muslin. Italian biflex waistband. Easy to wash and quick drying.<\/p>\n<p>The design and production technology takes into account the intensity of physical activity during dance and sport.<\/p>\n<p>This one-size-fits-all skirt can be worn around town.<\/p>","protected":false},"featured_media":22108,"comment_status":"open","ping_status":"open","template":"","meta":{"_acf_changed":false},"product_brand":[],"product_cat":[246,113,19,289,462,62,942,463,676],"product_tag":[793],"class_list":{"0":"post-65135","1":"product","2":"type-product","3":"status-publish","4":"has-post-thumbnail","6":"product_cat-caractere","7":"product_cat-danses-latines","8":"product_cat-femmes","9":"product_cat-jupes","10":"product_cat-jupes-jupettes","11":"product_cat-classique","12":"product_cat-tenues-chaussures-de-danse-de-caractere-femme","13":"product_cat-tenues","14":"product_cat-zidans","15":"product_tag-livraison-3-a-4-semaines","17":"first","18":"instock","19":"taxable","20":"shipping-taxable","21":"purchasable","22":"product-type-simple"},"acf":[],"yoast_head":"<!-- This site is optimized with the Yoast SEO plugin v27.4 - https:\/\/yoast.com\/product\/yoast-seo-wordpress\/ -->\n<title>Jupe R\u00e9versible Imprim\u00e9e Zidans Sky - Balletto Dance Shop<\/title>\n<meta name=\"description\" content=\"Jupe de Danse Classique Zidans en Mousseline opaque mate. Ceinture en Biflex italien. Facile \u00e0 laver et s\u00e8che rapidement. Peut \u00eatre port\u00e9e en ville.\" \/>\n<meta name=\"robots\" content=\"index, follow, max-snippet:-1, max-image-preview:large, max-video-preview:-1\" \/>\n<link rel=\"canonical\" href=\"https:\/\/www.ballettodanceshop.com\/en\/zidans-sky-printed-reversible-skirt\/\" \/>\n<meta property=\"og:locale\" content=\"en_GB\" \/>\n<meta property=\"og:type\" content=\"article\" \/>\n<meta property=\"og:title\" content=\"Jupe R\u00e9versible Imprim\u00e9e Zidans Sky - Balletto Dance Shop\" \/>\n<meta property=\"og:description\" content=\"Jupe de Danse Classique Zidans en Mousseline opaque mate. Ceinture en Biflex italien. Facile \u00e0 laver et s\u00e8che rapidement. Peut \u00eatre port\u00e9e en ville.\" \/>\n<meta property=\"og:url\" content=\"https:\/\/www.ballettodanceshop.com\/en\/zidans-sky-printed-reversible-skirt\/\" \/>\n<meta property=\"og:site_name\" content=\"Balletto Dance Shop\" \/>\n<meta property=\"article:publisher\" content=\"https:\/\/www.facebook.com\/Ballettodanceshop\/\" \/>\n<meta property=\"article:modified_time\" content=\"2025-09-23T16:52:46+00:00\" \/>\n<meta property=\"og:image\" content=\"https:\/\/www.ballettodanceshop.com\/wp-content\/uploads\/2025\/07\/Jupe_repetition_reversible_zidans_SkyFall4.jpg\" \/>\n\t<meta property=\"og:image:width\" content=\"1267\" \/>\n\t<meta property=\"og:image:height\" content=\"1993\" \/>\n\t<meta property=\"og:image:type\" content=\"image\/jpeg\" \/>\n<meta name=\"twitter:card\" content=\"summary_large_image\" \/>\n<meta name=\"twitter:site\" content=\"@ballettodance\" \/>\n<script type=\"application\/ld+json\" class=\"yoast-schema-graph\">{\"@context\":\"https:\\\/\\\/schema.org\",\"@graph\":[{\"@type\":\"WebPage\",\"@id\":\"https:\\\/\\\/www.ballettodanceshop.com\\\/jupe-reversible-imprimee-zidans-sky\\\/\",\"url\":\"https:\\\/\\\/www.ballettodanceshop.com\\\/jupe-reversible-imprimee-zidans-sky\\\/\",\"name\":\"Jupe R\u00e9versible Imprim\u00e9e Zidans Sky - Balletto Dance Shop\",\"isPartOf\":{\"@id\":\"https:\\\/\\\/www.ballettodanceshop.com\\\/#website\"},\"primaryImageOfPage\":{\"@id\":\"https:\\\/\\\/www.ballettodanceshop.com\\\/jupe-reversible-imprimee-zidans-sky\\\/#primaryimage\"},\"image\":{\"@id\":\"https:\\\/\\\/www.ballettodanceshop.com\\\/jupe-reversible-imprimee-zidans-sky\\\/#primaryimage\"},\"thumbnailUrl\":\"https:\\\/\\\/www.ballettodanceshop.com\\\/wp-content\\\/uploads\\\/2025\\\/07\\\/Jupe_repetition_reversible_zidans_SkyFall4.jpg\",\"datePublished\":\"2024-10-16T14:37:38+00:00\",\"dateModified\":\"2025-09-23T16:52:46+00:00\",\"description\":\"Jupe de Danse Classique Zidans en Mousseline opaque mate. Ceinture en Biflex italien. Facile \u00e0 laver et s\u00e8che rapidement. Peut \u00eatre port\u00e9e en ville.\",\"breadcrumb\":{\"@id\":\"https:\\\/\\\/www.ballettodanceshop.com\\\/jupe-reversible-imprimee-zidans-sky\\\/#breadcrumb\"},\"inLanguage\":\"en-GB\",\"potentialAction\":[{\"@type\":\"ReadAction\",\"target\":[\"https:\\\/\\\/www.ballettodanceshop.com\\\/jupe-reversible-imprimee-zidans-sky\\\/\"]}]},{\"@type\":\"ImageObject\",\"inLanguage\":\"en-GB\",\"@id\":\"https:\\\/\\\/www.ballettodanceshop.com\\\/jupe-reversible-imprimee-zidans-sky\\\/#primaryimage\",\"url\":\"https:\\\/\\\/www.ballettodanceshop.com\\\/wp-content\\\/uploads\\\/2025\\\/07\\\/Jupe_repetition_reversible_zidans_SkyFall4.jpg\",\"contentUrl\":\"https:\\\/\\\/www.ballettodanceshop.com\\\/wp-content\\\/uploads\\\/2025\\\/07\\\/Jupe_repetition_reversible_zidans_SkyFall4.jpg\",\"width\":1267,\"height\":1993,\"caption\":\"Jupe de Danse R\u00e9versible Zidans\"},{\"@type\":\"BreadcrumbList\",\"@id\":\"https:\\\/\\\/www.ballettodanceshop.com\\\/jupe-reversible-imprimee-zidans-sky\\\/#breadcrumb\",\"itemListElement\":[{\"@type\":\"ListItem\",\"position\":1,\"name\":\"Accueil\",\"item\":\"https:\\\/\\\/www.ballettodanceshop.com\\\/\"},{\"@type\":\"ListItem\",\"position\":2,\"name\":\"Produits\",\"item\":\"https:\\\/\\\/www.ballettodanceshop.com\\\/boutique\\\/\"},{\"@type\":\"ListItem\",\"position\":3,\"name\":\"Jupe R\u00e9versible Imprim\u00e9e Zidans Sky\"}]},{\"@type\":\"WebSite\",\"@id\":\"https:\\\/\\\/www.ballettodanceshop.com\\\/#website\",\"url\":\"https:\\\/\\\/www.ballettodanceshop.com\\\/\",\"name\":\"Balletto Dance Shop\",\"description\":\"Keep Dancing !\",\"publisher\":{\"@id\":\"https:\\\/\\\/www.ballettodanceshop.com\\\/#organization\"},\"alternateName\":\"Balletto\",\"potentialAction\":[{\"@type\":\"SearchAction\",\"target\":{\"@type\":\"EntryPoint\",\"urlTemplate\":\"https:\\\/\\\/www.ballettodanceshop.com\\\/?s={search_term_string}\"},\"query-input\":{\"@type\":\"PropertyValueSpecification\",\"valueRequired\":true,\"valueName\":\"search_term_string\"}}],\"inLanguage\":\"en-GB\"},{\"@type\":\"Organization\",\"@id\":\"https:\\\/\\\/www.ballettodanceshop.com\\\/#organization\",\"name\":\"Balletto Dance Shop\",\"alternateName\":\"Balletto\",\"url\":\"https:\\\/\\\/www.ballettodanceshop.com\\\/\",\"logo\":{\"@type\":\"ImageObject\",\"inLanguage\":\"en-GB\",\"@id\":\"https:\\\/\\\/www.ballettodanceshop.com\\\/#\\\/schema\\\/logo\\\/image\\\/\",\"url\":\"https:\\\/\\\/www.ballettodanceshop.com\\\/wp-content\\\/uploads\\\/2025\\\/06\\\/LOGO-1.png\",\"contentUrl\":\"https:\\\/\\\/www.ballettodanceshop.com\\\/wp-content\\\/uploads\\\/2025\\\/06\\\/LOGO-1.png\",\"width\":508,\"height\":209,\"caption\":\"Balletto Dance Shop\"},\"image\":{\"@id\":\"https:\\\/\\\/www.ballettodanceshop.com\\\/#\\\/schema\\\/logo\\\/image\\\/\"},\"sameAs\":[\"https:\\\/\\\/www.facebook.com\\\/Ballettodanceshop\\\/\",\"https:\\\/\\\/x.com\\\/ballettodance\",\"https:\\\/\\\/www.tiktok.com\\\/@ballettodanceshop\",\"https:\\\/\\\/fr.linkedin.com\\\/company\\\/ballettodaneshop\",\"https:\\\/\\\/fr.pinterest.com\\\/ballettodanceshop\\\/\",\"https:\\\/\\\/www.threads.com\\\/@ballettodanceshop\",\"https:\\\/\\\/www.instagram.com\\\/ballettodanceshop\\\/\",\"https:\\\/\\\/www.youtube.com\\\/@ballettodanceshop\"]}]}<\/script>\n<!-- \/ Yoast SEO plugin. -->","yoast_head_json":{"title":"Reversible Printed Skirt Zidans Sky - Balletto Dance Shop","description":"Zidans Classical Dance Skirt in matte opaque chiffon. Italian Biflex waistband. Easy to wash and quick drying. Can be worn in town.","robots":{"index":"index","follow":"follow","max-snippet":"max-snippet:-1","max-image-preview":"max-image-preview:large","max-video-preview":"max-video-preview:-1"},"canonical":"https:\/\/www.ballettodanceshop.com\/en\/zidans-sky-printed-reversible-skirt\/","og_locale":"en_GB","og_type":"article","og_title":"Jupe R\u00e9versible Imprim\u00e9e Zidans Sky - Balletto Dance Shop","og_description":"Jupe de Danse Classique Zidans en Mousseline opaque mate. Ceinture en Biflex italien. Facile \u00e0 laver et s\u00e8che rapidement. Peut \u00eatre port\u00e9e en ville.","og_url":"https:\/\/www.ballettodanceshop.com\/en\/zidans-sky-printed-reversible-skirt\/","og_site_name":"Balletto Dance Shop","article_publisher":"https:\/\/www.facebook.com\/Ballettodanceshop\/","article_modified_time":"2025-09-23T16:52:46+00:00","og_image":[{"width":1267,"height":1993,"url":"https:\/\/www.ballettodanceshop.com\/wp-content\/uploads\/2025\/07\/Jupe_repetition_reversible_zidans_SkyFall4.jpg","type":"image\/jpeg"}],"twitter_card":"summary_large_image","twitter_site":"@ballettodance","schema":{"@context":"https:\/\/schema.org","@graph":[{"@type":"WebPage","@id":"https:\/\/www.ballettodanceshop.com\/jupe-reversible-imprimee-zidans-sky\/","url":"https:\/\/www.ballettodanceshop.com\/jupe-reversible-imprimee-zidans-sky\/","name":"Reversible Printed Skirt Zidans Sky - Balletto Dance Shop","isPartOf":{"@id":"https:\/\/www.ballettodanceshop.com\/#website"},"primaryImageOfPage":{"@id":"https:\/\/www.ballettodanceshop.com\/jupe-reversible-imprimee-zidans-sky\/#primaryimage"},"image":{"@id":"https:\/\/www.ballettodanceshop.com\/jupe-reversible-imprimee-zidans-sky\/#primaryimage"},"thumbnailUrl":"https:\/\/www.ballettodanceshop.com\/wp-content\/uploads\/2025\/07\/Jupe_repetition_reversible_zidans_SkyFall4.jpg","datePublished":"2024-10-16T14:37:38+00:00","dateModified":"2025-09-23T16:52:46+00:00","description":"Zidans Classical Dance Skirt in matte opaque chiffon. Italian Biflex waistband. Easy to wash and quick drying. Can be worn in town.","breadcrumb":{"@id":"https:\/\/www.ballettodanceshop.com\/jupe-reversible-imprimee-zidans-sky\/#breadcrumb"},"inLanguage":"en-GB","potentialAction":[{"@type":"ReadAction","target":["https:\/\/www.ballettodanceshop.com\/jupe-reversible-imprimee-zidans-sky\/"]}]},{"@type":"ImageObject","inLanguage":"en-GB","@id":"https:\/\/www.ballettodanceshop.com\/jupe-reversible-imprimee-zidans-sky\/#primaryimage","url":"https:\/\/www.ballettodanceshop.com\/wp-content\/uploads\/2025\/07\/Jupe_repetition_reversible_zidans_SkyFall4.jpg","contentUrl":"https:\/\/www.ballettodanceshop.com\/wp-content\/uploads\/2025\/07\/Jupe_repetition_reversible_zidans_SkyFall4.jpg","width":1267,"height":1993,"caption":"Jupe de Danse R\u00e9versible Zidans"},{"@type":"BreadcrumbList","@id":"https:\/\/www.ballettodanceshop.com\/jupe-reversible-imprimee-zidans-sky\/#breadcrumb","itemListElement":[{"@type":"ListItem","position":1,"name":"Accueil","item":"https:\/\/www.ballettodanceshop.com\/"},{"@type":"ListItem","position":2,"name":"Produits","item":"https:\/\/www.ballettodanceshop.com\/boutique\/"},{"@type":"ListItem","position":3,"name":"Jupe R\u00e9versible Imprim\u00e9e Zidans Sky"}]},{"@type":"WebSite","@id":"https:\/\/www.ballettodanceshop.com\/#website","url":"https:\/\/www.ballettodanceshop.com\/","name":"Balletto Dance Shop","description":"Keep Dancing!","publisher":{"@id":"https:\/\/www.ballettodanceshop.com\/#organization"},"alternateName":"Balletto","potentialAction":[{"@type":"SearchAction","target":{"@type":"EntryPoint","urlTemplate":"https:\/\/www.ballettodanceshop.com\/?s={search_term_string}"},"query-input":{"@type":"PropertyValueSpecification","valueRequired":true,"valueName":"search_term_string"}}],"inLanguage":"en-GB"},{"@type":"Organization","@id":"https:\/\/www.ballettodanceshop.com\/#organization","name":"Balletto Dance Shop","alternateName":"Balletto","url":"https:\/\/www.ballettodanceshop.com\/","logo":{"@type":"ImageObject","inLanguage":"en-GB","@id":"https:\/\/www.ballettodanceshop.com\/#\/schema\/logo\/image\/","url":"https:\/\/www.ballettodanceshop.com\/wp-content\/uploads\/2025\/06\/LOGO-1.png","contentUrl":"https:\/\/www.ballettodanceshop.com\/wp-content\/uploads\/2025\/06\/LOGO-1.png","width":508,"height":209,"caption":"Balletto Dance Shop"},"image":{"@id":"https:\/\/www.ballettodanceshop.com\/#\/schema\/logo\/image\/"},"sameAs":["https:\/\/www.facebook.com\/Ballettodanceshop\/","https:\/\/x.com\/ballettodance","https:\/\/www.tiktok.com\/@ballettodanceshop","https:\/\/fr.linkedin.com\/company\/ballettodaneshop","https:\/\/fr.pinterest.com\/ballettodanceshop\/","https:\/\/www.threads.com\/@ballettodanceshop","https:\/\/www.instagram.com\/ballettodanceshop\/","https:\/\/www.youtube.com\/@ballettodanceshop"]}]}},"_links":{"self":[{"href":"https:\/\/www.ballettodanceshop.com\/en\/wp-json\/wp\/v2\/product\/65135","targetHints":{"allow":["GET"]}}],"collection":[{"href":"https:\/\/www.ballettodanceshop.com\/en\/wp-json\/wp\/v2\/product"}],"about":[{"href":"https:\/\/www.ballettodanceshop.com\/en\/wp-json\/wp\/v2\/types\/product"}],"replies":[{"embeddable":true,"href":"https:\/\/www.ballettodanceshop.com\/en\/wp-json\/wp\/v2\/comments?post=65135"}],"wp:featuredmedia":[{"embeddable":true,"href":"https:\/\/www.ballettodanceshop.com\/en\/wp-json\/wp\/v2\/media\/22108"}],"wp:attachment":[{"href":"https:\/\/www.ballettodanceshop.com\/en\/wp-json\/wp\/v2\/media?parent=65135"}],"wp:term":[{"taxonomy":"product_brand","embeddable":true,"href":"https:\/\/www.ballettodanceshop.com\/en\/wp-json\/wp\/v2\/product_brand?post=65135"},{"taxonomy":"product_cat","embeddable":true,"href":"https:\/\/www.ballettodanceshop.com\/en\/wp-json\/wp\/v2\/product_cat?post=65135"},{"taxonomy":"product_tag","embeddable":true,"href":"https:\/\/www.ballettodanceshop.com\/en\/wp-json\/wp\/v2\/product_tag?post=65135"}],"curies":[{"name":"wp","href":"https:\/\/api.w.org\/{rel}","templated":true}]}}