{"id":65115,"date":"2024-10-04T10:35:00","date_gmt":"2024-10-04T08:35:00","guid":{"rendered":"https:\/\/www.ballettodanceshop.com\/short-echauffement-tricot-wear-moi-calisson\/"},"modified":"2025-08-24T18:04:39","modified_gmt":"2025-08-24T16:04:39","slug":"warm-up-shorts-knit-wear-moi-calisson","status":"publish","type":"product","link":"https:\/\/www.ballettodanceshop.com\/en\/short-echauffement-tricot-wear-moi-calisson\/","title":{"rendered":"Wear Moi Calisson Knit Warm-Up Short"},"content":{"rendered":"<p><strong>Wear Moi Calisson Knit Warm-Up Short<\/strong><\/p>\n<p>Knitted Acrylic Elastane - Metallic Lurex<\/p>\n<p>Designed in France<\/p>","protected":false},"excerpt":{"rendered":"<p>Knitted warm-up shorts for young dancers from the Wear Moi Bonbon Collection.<\/p>\n<p>Designed for optimum comfort and ideal freedom of movement for children. Its loose fit makes it easy to wear, while delicate details like the bow at the back and silver lurex add a touch of elegance and charm.<\/p>\n<p>Polyvalent et styl\u00e9, il se porte aussi bien par-dessus votre justaucorps que combin\u00e9 avec un top selon vos pr\u00e9f\u00e9rences.<\/p>","protected":false},"featured_media":22071,"comment_status":"open","ping_status":"open","template":"","meta":{"_acf_changed":false},"product_brand":[],"product_cat":[65,114,117,25,376,398],"product_tag":[790],"class_list":{"0":"post-65115","1":"product","2":"type-product","3":"status-publish","4":"has-post-thumbnail","6":"product_cat-classique-filles","7":"product_cat-echauffement","8":"product_cat-echauffements-classique-filles","9":"product_cat-filles","10":"product_cat-pantalons-et-shorts-classique-filles","11":"product_cat-wear-moi","12":"product_tag-livraison-1-a-2-semaines","14":"first","15":"instock","16":"taxable","17":"shipping-taxable","18":"purchasable","19":"product-type-variable"},"acf":[],"yoast_head":"<!-- This site is optimized with the Yoast SEO plugin v27.4 - https:\/\/yoast.com\/product\/yoast-seo-wordpress\/ -->\n<title>Short Echauffement Tricot Wear Moi Calisson - Balletto Dance Shop<\/title>\n<meta name=\"description\" content=\"Superposez le Short en Maille Wear Moi Calisson sur votre justaucorps et vos collants de danse pour plus de chaleur pendant votre \u00e9chauffement en studio.\" \/>\n<meta name=\"robots\" content=\"index, follow, max-snippet:-1, max-image-preview:large, max-video-preview:-1\" \/>\n<link rel=\"canonical\" href=\"https:\/\/www.ballettodanceshop.com\/en\/warm-up-shorts-knit-wear-moi-calisson\/\" \/>\n<meta property=\"og:locale\" content=\"en_GB\" \/>\n<meta property=\"og:type\" content=\"article\" \/>\n<meta property=\"og:title\" content=\"Short Echauffement Tricot Wear Moi Calisson - Balletto Dance Shop\" \/>\n<meta property=\"og:description\" content=\"Superposez le Short en Maille Wear Moi Calisson sur votre justaucorps et vos collants de danse pour plus de chaleur pendant votre \u00e9chauffement en studio.\" \/>\n<meta property=\"og:url\" content=\"https:\/\/www.ballettodanceshop.com\/en\/warm-up-shorts-knit-wear-moi-calisson\/\" \/>\n<meta property=\"og:site_name\" content=\"Balletto Dance Shop\" \/>\n<meta property=\"article:publisher\" content=\"https:\/\/www.facebook.com\/Ballettodanceshop\/\" \/>\n<meta property=\"article:modified_time\" content=\"2025-08-24T16:04:39+00:00\" \/>\n<meta property=\"og:image\" content=\"https:\/\/www.ballettodanceshop.com\/wp-content\/uploads\/2025\/07\/Short_Wear_Moi_Calisson_Bpk.jpg\" \/>\n\t<meta property=\"og:image:width\" content=\"619\" \/>\n\t<meta property=\"og:image:height\" content=\"923\" \/>\n\t<meta property=\"og:image:type\" content=\"image\/jpeg\" \/>\n<meta name=\"twitter:card\" content=\"summary_large_image\" \/>\n<meta name=\"twitter:site\" content=\"@ballettodance\" \/>\n<script type=\"application\/ld+json\" class=\"yoast-schema-graph\">{\"@context\":\"https:\\\/\\\/schema.org\",\"@graph\":[{\"@type\":\"WebPage\",\"@id\":\"https:\\\/\\\/www.ballettodanceshop.com\\\/short-echauffement-tricot-wear-moi-calisson\\\/\",\"url\":\"https:\\\/\\\/www.ballettodanceshop.com\\\/short-echauffement-tricot-wear-moi-calisson\\\/\",\"name\":\"Short Echauffement Tricot Wear Moi Calisson - Balletto Dance Shop\",\"isPartOf\":{\"@id\":\"https:\\\/\\\/www.ballettodanceshop.com\\\/#website\"},\"primaryImageOfPage\":{\"@id\":\"https:\\\/\\\/www.ballettodanceshop.com\\\/short-echauffement-tricot-wear-moi-calisson\\\/#primaryimage\"},\"image\":{\"@id\":\"https:\\\/\\\/www.ballettodanceshop.com\\\/short-echauffement-tricot-wear-moi-calisson\\\/#primaryimage\"},\"thumbnailUrl\":\"https:\\\/\\\/www.ballettodanceshop.com\\\/wp-content\\\/uploads\\\/2025\\\/07\\\/Short_Wear_Moi_Calisson_Bpk.jpg\",\"datePublished\":\"2024-10-04T08:35:00+00:00\",\"dateModified\":\"2025-08-24T16:04:39+00:00\",\"description\":\"Superposez le Short en Maille Wear Moi Calisson sur votre justaucorps et vos collants de danse pour plus de chaleur pendant votre \u00e9chauffement en studio.\",\"breadcrumb\":{\"@id\":\"https:\\\/\\\/www.ballettodanceshop.com\\\/short-echauffement-tricot-wear-moi-calisson\\\/#breadcrumb\"},\"inLanguage\":\"en-GB\",\"potentialAction\":[{\"@type\":\"ReadAction\",\"target\":[\"https:\\\/\\\/www.ballettodanceshop.com\\\/short-echauffement-tricot-wear-moi-calisson\\\/\"]}]},{\"@type\":\"ImageObject\",\"inLanguage\":\"en-GB\",\"@id\":\"https:\\\/\\\/www.ballettodanceshop.com\\\/short-echauffement-tricot-wear-moi-calisson\\\/#primaryimage\",\"url\":\"https:\\\/\\\/www.ballettodanceshop.com\\\/wp-content\\\/uploads\\\/2025\\\/07\\\/Short_Wear_Moi_Calisson_Bpk.jpg\",\"contentUrl\":\"https:\\\/\\\/www.ballettodanceshop.com\\\/wp-content\\\/uploads\\\/2025\\\/07\\\/Short_Wear_Moi_Calisson_Bpk.jpg\",\"width\":619,\"height\":923,\"caption\":\"Short maille Wear Moi Calisson\"},{\"@type\":\"BreadcrumbList\",\"@id\":\"https:\\\/\\\/www.ballettodanceshop.com\\\/short-echauffement-tricot-wear-moi-calisson\\\/#breadcrumb\",\"itemListElement\":[{\"@type\":\"ListItem\",\"position\":1,\"name\":\"Accueil\",\"item\":\"https:\\\/\\\/www.ballettodanceshop.com\\\/\"},{\"@type\":\"ListItem\",\"position\":2,\"name\":\"Produits\",\"item\":\"https:\\\/\\\/www.ballettodanceshop.com\\\/boutique\\\/\"},{\"@type\":\"ListItem\",\"position\":3,\"name\":\"Short Echauffement Tricot Wear Moi Calisson\"}]},{\"@type\":\"WebSite\",\"@id\":\"https:\\\/\\\/www.ballettodanceshop.com\\\/#website\",\"url\":\"https:\\\/\\\/www.ballettodanceshop.com\\\/\",\"name\":\"Balletto Dance Shop\",\"description\":\"Keep Dancing !\",\"publisher\":{\"@id\":\"https:\\\/\\\/www.ballettodanceshop.com\\\/#organization\"},\"alternateName\":\"Balletto\",\"potentialAction\":[{\"@type\":\"SearchAction\",\"target\":{\"@type\":\"EntryPoint\",\"urlTemplate\":\"https:\\\/\\\/www.ballettodanceshop.com\\\/?s={search_term_string}\"},\"query-input\":{\"@type\":\"PropertyValueSpecification\",\"valueRequired\":true,\"valueName\":\"search_term_string\"}}],\"inLanguage\":\"en-GB\"},{\"@type\":\"Organization\",\"@id\":\"https:\\\/\\\/www.ballettodanceshop.com\\\/#organization\",\"name\":\"Balletto Dance Shop\",\"alternateName\":\"Balletto\",\"url\":\"https:\\\/\\\/www.ballettodanceshop.com\\\/\",\"logo\":{\"@type\":\"ImageObject\",\"inLanguage\":\"en-GB\",\"@id\":\"https:\\\/\\\/www.ballettodanceshop.com\\\/#\\\/schema\\\/logo\\\/image\\\/\",\"url\":\"https:\\\/\\\/www.ballettodanceshop.com\\\/wp-content\\\/uploads\\\/2025\\\/06\\\/LOGO-1.png\",\"contentUrl\":\"https:\\\/\\\/www.ballettodanceshop.com\\\/wp-content\\\/uploads\\\/2025\\\/06\\\/LOGO-1.png\",\"width\":508,\"height\":209,\"caption\":\"Balletto Dance Shop\"},\"image\":{\"@id\":\"https:\\\/\\\/www.ballettodanceshop.com\\\/#\\\/schema\\\/logo\\\/image\\\/\"},\"sameAs\":[\"https:\\\/\\\/www.facebook.com\\\/Ballettodanceshop\\\/\",\"https:\\\/\\\/x.com\\\/ballettodance\",\"https:\\\/\\\/www.tiktok.com\\\/@ballettodanceshop\",\"https:\\\/\\\/fr.linkedin.com\\\/company\\\/ballettodaneshop\",\"https:\\\/\\\/fr.pinterest.com\\\/ballettodanceshop\\\/\",\"https:\\\/\\\/www.threads.com\\\/@ballettodanceshop\",\"https:\\\/\\\/www.instagram.com\\\/ballettodanceshop\\\/\",\"https:\\\/\\\/www.youtube.com\\\/@ballettodanceshop\"]}]}<\/script>\n<!-- \/ Yoast SEO plugin. -->","yoast_head_json":{"title":"Wear Moi Calisson Knit Warm-Up Shorts - Balletto Dance Shop","description":"Superposez le Short en Maille Wear Moi Calisson sur votre justaucorps et vos collants de danse pour plus de chaleur pendant votre \u00e9chauffement en studio.","robots":{"index":"index","follow":"follow","max-snippet":"max-snippet:-1","max-image-preview":"max-image-preview:large","max-video-preview":"max-video-preview:-1"},"canonical":"https:\/\/www.ballettodanceshop.com\/en\/warm-up-shorts-knit-wear-moi-calisson\/","og_locale":"en_GB","og_type":"article","og_title":"Short Echauffement Tricot Wear Moi Calisson - Balletto Dance Shop","og_description":"Superposez le Short en Maille Wear Moi Calisson sur votre justaucorps et vos collants de danse pour plus de chaleur pendant votre \u00e9chauffement en studio.","og_url":"https:\/\/www.ballettodanceshop.com\/en\/warm-up-shorts-knit-wear-moi-calisson\/","og_site_name":"Balletto Dance Shop","article_publisher":"https:\/\/www.facebook.com\/Ballettodanceshop\/","article_modified_time":"2025-08-24T16:04:39+00:00","og_image":[{"width":619,"height":923,"url":"https:\/\/www.ballettodanceshop.com\/wp-content\/uploads\/2025\/07\/Short_Wear_Moi_Calisson_Bpk.jpg","type":"image\/jpeg"}],"twitter_card":"summary_large_image","twitter_site":"@ballettodance","schema":{"@context":"https:\/\/schema.org","@graph":[{"@type":"WebPage","@id":"https:\/\/www.ballettodanceshop.com\/short-echauffement-tricot-wear-moi-calisson\/","url":"https:\/\/www.ballettodanceshop.com\/short-echauffement-tricot-wear-moi-calisson\/","name":"Wear Moi Calisson Knit Warm-Up Shorts - Balletto Dance Shop","isPartOf":{"@id":"https:\/\/www.ballettodanceshop.com\/#website"},"primaryImageOfPage":{"@id":"https:\/\/www.ballettodanceshop.com\/short-echauffement-tricot-wear-moi-calisson\/#primaryimage"},"image":{"@id":"https:\/\/www.ballettodanceshop.com\/short-echauffement-tricot-wear-moi-calisson\/#primaryimage"},"thumbnailUrl":"https:\/\/www.ballettodanceshop.com\/wp-content\/uploads\/2025\/07\/Short_Wear_Moi_Calisson_Bpk.jpg","datePublished":"2024-10-04T08:35:00+00:00","dateModified":"2025-08-24T16:04:39+00:00","description":"Superposez le Short en Maille Wear Moi Calisson sur votre justaucorps et vos collants de danse pour plus de chaleur pendant votre \u00e9chauffement en studio.","breadcrumb":{"@id":"https:\/\/www.ballettodanceshop.com\/short-echauffement-tricot-wear-moi-calisson\/#breadcrumb"},"inLanguage":"en-GB","potentialAction":[{"@type":"ReadAction","target":["https:\/\/www.ballettodanceshop.com\/short-echauffement-tricot-wear-moi-calisson\/"]}]},{"@type":"ImageObject","inLanguage":"en-GB","@id":"https:\/\/www.ballettodanceshop.com\/short-echauffement-tricot-wear-moi-calisson\/#primaryimage","url":"https:\/\/www.ballettodanceshop.com\/wp-content\/uploads\/2025\/07\/Short_Wear_Moi_Calisson_Bpk.jpg","contentUrl":"https:\/\/www.ballettodanceshop.com\/wp-content\/uploads\/2025\/07\/Short_Wear_Moi_Calisson_Bpk.jpg","width":619,"height":923,"caption":"Short maille Wear Moi Calisson"},{"@type":"BreadcrumbList","@id":"https:\/\/www.ballettodanceshop.com\/short-echauffement-tricot-wear-moi-calisson\/#breadcrumb","itemListElement":[{"@type":"ListItem","position":1,"name":"Accueil","item":"https:\/\/www.ballettodanceshop.com\/"},{"@type":"ListItem","position":2,"name":"Produits","item":"https:\/\/www.ballettodanceshop.com\/boutique\/"},{"@type":"ListItem","position":3,"name":"Short Echauffement Tricot Wear Moi Calisson"}]},{"@type":"WebSite","@id":"https:\/\/www.ballettodanceshop.com\/#website","url":"https:\/\/www.ballettodanceshop.com\/","name":"Balletto Dance Shop","description":"Keep Dancing!","publisher":{"@id":"https:\/\/www.ballettodanceshop.com\/#organization"},"alternateName":"Balletto","potentialAction":[{"@type":"SearchAction","target":{"@type":"EntryPoint","urlTemplate":"https:\/\/www.ballettodanceshop.com\/?s={search_term_string}"},"query-input":{"@type":"PropertyValueSpecification","valueRequired":true,"valueName":"search_term_string"}}],"inLanguage":"en-GB"},{"@type":"Organization","@id":"https:\/\/www.ballettodanceshop.com\/#organization","name":"Balletto Dance Shop","alternateName":"Balletto","url":"https:\/\/www.ballettodanceshop.com\/","logo":{"@type":"ImageObject","inLanguage":"en-GB","@id":"https:\/\/www.ballettodanceshop.com\/#\/schema\/logo\/image\/","url":"https:\/\/www.ballettodanceshop.com\/wp-content\/uploads\/2025\/06\/LOGO-1.png","contentUrl":"https:\/\/www.ballettodanceshop.com\/wp-content\/uploads\/2025\/06\/LOGO-1.png","width":508,"height":209,"caption":"Balletto Dance Shop"},"image":{"@id":"https:\/\/www.ballettodanceshop.com\/#\/schema\/logo\/image\/"},"sameAs":["https:\/\/www.facebook.com\/Ballettodanceshop\/","https:\/\/x.com\/ballettodance","https:\/\/www.tiktok.com\/@ballettodanceshop","https:\/\/fr.linkedin.com\/company\/ballettodaneshop","https:\/\/fr.pinterest.com\/ballettodanceshop\/","https:\/\/www.threads.com\/@ballettodanceshop","https:\/\/www.instagram.com\/ballettodanceshop\/","https:\/\/www.youtube.com\/@ballettodanceshop"]}]}},"_links":{"self":[{"href":"https:\/\/www.ballettodanceshop.com\/en\/wp-json\/wp\/v2\/product\/65115","targetHints":{"allow":["GET"]}}],"collection":[{"href":"https:\/\/www.ballettodanceshop.com\/en\/wp-json\/wp\/v2\/product"}],"about":[{"href":"https:\/\/www.ballettodanceshop.com\/en\/wp-json\/wp\/v2\/types\/product"}],"replies":[{"embeddable":true,"href":"https:\/\/www.ballettodanceshop.com\/en\/wp-json\/wp\/v2\/comments?post=65115"}],"wp:featuredmedia":[{"embeddable":true,"href":"https:\/\/www.ballettodanceshop.com\/en\/wp-json\/wp\/v2\/media\/22071"}],"wp:attachment":[{"href":"https:\/\/www.ballettodanceshop.com\/en\/wp-json\/wp\/v2\/media?parent=65115"}],"wp:term":[{"taxonomy":"product_brand","embeddable":true,"href":"https:\/\/www.ballettodanceshop.com\/en\/wp-json\/wp\/v2\/product_brand?post=65115"},{"taxonomy":"product_cat","embeddable":true,"href":"https:\/\/www.ballettodanceshop.com\/en\/wp-json\/wp\/v2\/product_cat?post=65115"},{"taxonomy":"product_tag","embeddable":true,"href":"https:\/\/www.ballettodanceshop.com\/en\/wp-json\/wp\/v2\/product_tag?post=65115"}],"curies":[{"name":"wp","href":"https:\/\/api.w.org\/{rel}","templated":true}]}}