{"id":65083,"date":"2024-09-27T07:14:06","date_gmt":"2024-09-27T05:14:06","guid":{"rendered":"https:\/\/www.ballettodanceshop.com\/jupe-tricotee-wear-moi-filao\/"},"modified":"2026-01-13T16:46:38","modified_gmt":"2026-01-13T15:46:38","slug":"wear-moi-filao-knitted-skirt","status":"publish","type":"product","link":"https:\/\/www.ballettodanceshop.com\/en\/jupe-tricotee-wear-moi-filao\/","title":{"rendered":"Wear Moi Filao knitted skirt"},"content":{"rendered":"<p><strong>Wear Moi Filao knitted skirt<\/strong><\/p>\n<p>Knitted acrylic wool<\/p>\n<p>Hand wash<\/p>\n<p>Designed in France<\/p>","protected":false},"excerpt":{"rendered":"<p>The asymmetric warm-up skirt that captures the inimitable energy of the Wear Moi Collection.<\/p>\n<p>Dot\u00e9e d&rsquo;une bande \u00e9lastique \u00e0 la taille, elle pr\u00e9sente une coupe courte \u00e0 l&rsquo;avant pour mettre en valeur vos jambes, tandis que l&rsquo;arri\u00e8re est plus long.<\/p>\n<p>Facile \u00e0 enfiler, confortable et tr\u00e8s tendance, cette jupe r\u00e9pond \u00e0 tous les crit\u00e8res pour vous accompagner lors de vos \u00e9chauffements, ou pour vous couvrir apr\u00e8s vos entra\u00eenements \u00e0 la danse.<\/p>","protected":false},"featured_media":22017,"comment_status":"open","ping_status":"closed","template":"","meta":{"_acf_changed":false},"product_brand":[],"product_cat":[103,114,120,19,61,462,62,398],"product_tag":[790],"class_list":{"0":"post-65083","1":"product","2":"type-product","3":"status-publish","4":"has-post-thumbnail","6":"product_cat-athleisure","7":"product_cat-echauffement","8":"product_cat-echauffements","9":"product_cat-femmes","10":"product_cat-idees-cadeaux","11":"product_cat-jupes-jupettes","12":"product_cat-classique","13":"product_cat-wear-moi","14":"product_tag-livraison-1-a-2-semaines","16":"first","17":"instock","18":"taxable","19":"shipping-taxable","20":"purchasable","21":"product-type-variable"},"acf":[],"yoast_head":"<!-- This site is optimized with the Yoast SEO plugin v27.4 - https:\/\/yoast.com\/product\/yoast-seo-wordpress\/ -->\n<title>Jupe Tricot\u00e9e Wear Moi Filao - Balletto Dance Shop<\/title>\n<meta name=\"description\" content=\"Jupe d&#039;\u00e9chauffement danse en tricot sign\u00e9e WEAR MOI. La coupe asym\u00e9trique allie \u00e9l\u00e9gance et fonctionnalit\u00e9, offrant \u00e0 la fois style et libert\u00e9 de mouvement\" \/>\n<meta name=\"robots\" content=\"index, follow, max-snippet:-1, max-image-preview:large, max-video-preview:-1\" \/>\n<link rel=\"canonical\" href=\"https:\/\/www.ballettodanceshop.com\/en\/wear-moi-filao-knitted-skirt\/\" \/>\n<meta property=\"og:locale\" content=\"en_GB\" \/>\n<meta property=\"og:type\" content=\"article\" \/>\n<meta property=\"og:title\" content=\"Jupe Tricot\u00e9e Wear Moi Filao - Balletto Dance Shop\" \/>\n<meta property=\"og:description\" content=\"Jupe d&#039;\u00e9chauffement danse en tricot sign\u00e9e WEAR MOI. La coupe asym\u00e9trique allie \u00e9l\u00e9gance et fonctionnalit\u00e9, offrant \u00e0 la fois style et libert\u00e9 de mouvement\" \/>\n<meta property=\"og:url\" content=\"https:\/\/www.ballettodanceshop.com\/en\/wear-moi-filao-knitted-skirt\/\" \/>\n<meta property=\"og:site_name\" content=\"Balletto Dance Shop\" \/>\n<meta property=\"article:publisher\" content=\"https:\/\/www.facebook.com\/Ballettodanceshop\/\" \/>\n<meta property=\"article:modified_time\" content=\"2026-01-13T15:46:38+00:00\" \/>\n<meta property=\"og:image\" content=\"https:\/\/www.ballettodanceshop.com\/wp-content\/uploads\/2025\/07\/Jupette_Wear_Moi_Filao_Beige.jpg\" \/>\n\t<meta property=\"og:image:width\" content=\"1336\" \/>\n\t<meta property=\"og:image:height\" content=\"2000\" \/>\n\t<meta property=\"og:image:type\" content=\"image\/jpeg\" \/>\n<meta name=\"twitter:card\" content=\"summary_large_image\" \/>\n<meta name=\"twitter:site\" content=\"@ballettodance\" \/>\n<meta name=\"twitter:label1\" content=\"Estimated reading time\" \/>\n\t<meta name=\"twitter:data1\" content=\"1 minute\" \/>\n<script type=\"application\/ld+json\" class=\"yoast-schema-graph\">{\"@context\":\"https:\\\/\\\/schema.org\",\"@graph\":[{\"@type\":\"WebPage\",\"@id\":\"https:\\\/\\\/www.ballettodanceshop.com\\\/jupe-tricotee-wear-moi-filao\\\/\",\"url\":\"https:\\\/\\\/www.ballettodanceshop.com\\\/jupe-tricotee-wear-moi-filao\\\/\",\"name\":\"Jupe Tricot\u00e9e Wear Moi Filao - Balletto Dance Shop\",\"isPartOf\":{\"@id\":\"https:\\\/\\\/www.ballettodanceshop.com\\\/#website\"},\"primaryImageOfPage\":{\"@id\":\"https:\\\/\\\/www.ballettodanceshop.com\\\/jupe-tricotee-wear-moi-filao\\\/#primaryimage\"},\"image\":{\"@id\":\"https:\\\/\\\/www.ballettodanceshop.com\\\/jupe-tricotee-wear-moi-filao\\\/#primaryimage\"},\"thumbnailUrl\":\"https:\\\/\\\/www.ballettodanceshop.com\\\/wp-content\\\/uploads\\\/2025\\\/07\\\/Jupette_Wear_Moi_Filao_Beige.jpg\",\"datePublished\":\"2024-09-27T05:14:06+00:00\",\"dateModified\":\"2026-01-13T15:46:38+00:00\",\"description\":\"Jupe d'\u00e9chauffement danse en tricot sign\u00e9e WEAR MOI. La coupe asym\u00e9trique allie \u00e9l\u00e9gance et fonctionnalit\u00e9, offrant \u00e0 la fois style et libert\u00e9 de mouvement\",\"breadcrumb\":{\"@id\":\"https:\\\/\\\/www.ballettodanceshop.com\\\/jupe-tricotee-wear-moi-filao\\\/#breadcrumb\"},\"inLanguage\":\"en-GB\",\"potentialAction\":[{\"@type\":\"ReadAction\",\"target\":[\"https:\\\/\\\/www.ballettodanceshop.com\\\/jupe-tricotee-wear-moi-filao\\\/\"]}]},{\"@type\":\"ImageObject\",\"inLanguage\":\"en-GB\",\"@id\":\"https:\\\/\\\/www.ballettodanceshop.com\\\/jupe-tricotee-wear-moi-filao\\\/#primaryimage\",\"url\":\"https:\\\/\\\/www.ballettodanceshop.com\\\/wp-content\\\/uploads\\\/2025\\\/07\\\/Jupette_Wear_Moi_Filao_Beige.jpg\",\"contentUrl\":\"https:\\\/\\\/www.ballettodanceshop.com\\\/wp-content\\\/uploads\\\/2025\\\/07\\\/Jupette_Wear_Moi_Filao_Beige.jpg\",\"width\":1336,\"height\":2000,\"caption\":\"Wear Moi Filao Beige\"},{\"@type\":\"BreadcrumbList\",\"@id\":\"https:\\\/\\\/www.ballettodanceshop.com\\\/jupe-tricotee-wear-moi-filao\\\/#breadcrumb\",\"itemListElement\":[{\"@type\":\"ListItem\",\"position\":1,\"name\":\"Accueil\",\"item\":\"https:\\\/\\\/www.ballettodanceshop.com\\\/\"},{\"@type\":\"ListItem\",\"position\":2,\"name\":\"Produits\",\"item\":\"https:\\\/\\\/www.ballettodanceshop.com\\\/boutique\\\/\"},{\"@type\":\"ListItem\",\"position\":3,\"name\":\"Jupe Tricot\u00e9e Wear Moi Filao\"}]},{\"@type\":\"WebSite\",\"@id\":\"https:\\\/\\\/www.ballettodanceshop.com\\\/#website\",\"url\":\"https:\\\/\\\/www.ballettodanceshop.com\\\/\",\"name\":\"Balletto Dance Shop\",\"description\":\"Keep Dancing !\",\"publisher\":{\"@id\":\"https:\\\/\\\/www.ballettodanceshop.com\\\/#organization\"},\"alternateName\":\"Balletto\",\"potentialAction\":[{\"@type\":\"SearchAction\",\"target\":{\"@type\":\"EntryPoint\",\"urlTemplate\":\"https:\\\/\\\/www.ballettodanceshop.com\\\/?s={search_term_string}\"},\"query-input\":{\"@type\":\"PropertyValueSpecification\",\"valueRequired\":true,\"valueName\":\"search_term_string\"}}],\"inLanguage\":\"en-GB\"},{\"@type\":\"Organization\",\"@id\":\"https:\\\/\\\/www.ballettodanceshop.com\\\/#organization\",\"name\":\"Balletto Dance Shop\",\"alternateName\":\"Balletto\",\"url\":\"https:\\\/\\\/www.ballettodanceshop.com\\\/\",\"logo\":{\"@type\":\"ImageObject\",\"inLanguage\":\"en-GB\",\"@id\":\"https:\\\/\\\/www.ballettodanceshop.com\\\/#\\\/schema\\\/logo\\\/image\\\/\",\"url\":\"https:\\\/\\\/www.ballettodanceshop.com\\\/wp-content\\\/uploads\\\/2025\\\/06\\\/LOGO-1.png\",\"contentUrl\":\"https:\\\/\\\/www.ballettodanceshop.com\\\/wp-content\\\/uploads\\\/2025\\\/06\\\/LOGO-1.png\",\"width\":508,\"height\":209,\"caption\":\"Balletto Dance Shop\"},\"image\":{\"@id\":\"https:\\\/\\\/www.ballettodanceshop.com\\\/#\\\/schema\\\/logo\\\/image\\\/\"},\"sameAs\":[\"https:\\\/\\\/www.facebook.com\\\/Ballettodanceshop\\\/\",\"https:\\\/\\\/x.com\\\/ballettodance\",\"https:\\\/\\\/www.tiktok.com\\\/@ballettodanceshop\",\"https:\\\/\\\/fr.linkedin.com\\\/company\\\/ballettodaneshop\",\"https:\\\/\\\/fr.pinterest.com\\\/ballettodanceshop\\\/\",\"https:\\\/\\\/www.threads.com\\\/@ballettodanceshop\",\"https:\\\/\\\/www.instagram.com\\\/ballettodanceshop\\\/\",\"https:\\\/\\\/www.youtube.com\\\/@ballettodanceshop\"]}]}<\/script>\n<!-- \/ Yoast SEO plugin. -->","yoast_head_json":{"title":"Wear Moi Filao Knitted Skirt - Balletto Dance Shop","description":"Knitted dance warm-up skirt by WEAR MOI. The asymmetric cut combines elegance and functionality, offering both style and freedom of movement.","robots":{"index":"index","follow":"follow","max-snippet":"max-snippet:-1","max-image-preview":"max-image-preview:large","max-video-preview":"max-video-preview:-1"},"canonical":"https:\/\/www.ballettodanceshop.com\/en\/wear-moi-filao-knitted-skirt\/","og_locale":"en_GB","og_type":"article","og_title":"Jupe Tricot\u00e9e Wear Moi Filao - Balletto Dance Shop","og_description":"Jupe d'\u00e9chauffement danse en tricot sign\u00e9e WEAR MOI. La coupe asym\u00e9trique allie \u00e9l\u00e9gance et fonctionnalit\u00e9, offrant \u00e0 la fois style et libert\u00e9 de mouvement","og_url":"https:\/\/www.ballettodanceshop.com\/en\/wear-moi-filao-knitted-skirt\/","og_site_name":"Balletto Dance Shop","article_publisher":"https:\/\/www.facebook.com\/Ballettodanceshop\/","article_modified_time":"2026-01-13T15:46:38+00:00","og_image":[{"width":1336,"height":2000,"url":"https:\/\/www.ballettodanceshop.com\/wp-content\/uploads\/2025\/07\/Jupette_Wear_Moi_Filao_Beige.jpg","type":"image\/jpeg"}],"twitter_card":"summary_large_image","twitter_site":"@ballettodance","twitter_misc":{"Estimated reading time":"1 minute"},"schema":{"@context":"https:\/\/schema.org","@graph":[{"@type":"WebPage","@id":"https:\/\/www.ballettodanceshop.com\/jupe-tricotee-wear-moi-filao\/","url":"https:\/\/www.ballettodanceshop.com\/jupe-tricotee-wear-moi-filao\/","name":"Wear Moi Filao Knitted Skirt - Balletto Dance Shop","isPartOf":{"@id":"https:\/\/www.ballettodanceshop.com\/#website"},"primaryImageOfPage":{"@id":"https:\/\/www.ballettodanceshop.com\/jupe-tricotee-wear-moi-filao\/#primaryimage"},"image":{"@id":"https:\/\/www.ballettodanceshop.com\/jupe-tricotee-wear-moi-filao\/#primaryimage"},"thumbnailUrl":"https:\/\/www.ballettodanceshop.com\/wp-content\/uploads\/2025\/07\/Jupette_Wear_Moi_Filao_Beige.jpg","datePublished":"2024-09-27T05:14:06+00:00","dateModified":"2026-01-13T15:46:38+00:00","description":"Knitted dance warm-up skirt by WEAR MOI. The asymmetric cut combines elegance and functionality, offering both style and freedom of movement.","breadcrumb":{"@id":"https:\/\/www.ballettodanceshop.com\/jupe-tricotee-wear-moi-filao\/#breadcrumb"},"inLanguage":"en-GB","potentialAction":[{"@type":"ReadAction","target":["https:\/\/www.ballettodanceshop.com\/jupe-tricotee-wear-moi-filao\/"]}]},{"@type":"ImageObject","inLanguage":"en-GB","@id":"https:\/\/www.ballettodanceshop.com\/jupe-tricotee-wear-moi-filao\/#primaryimage","url":"https:\/\/www.ballettodanceshop.com\/wp-content\/uploads\/2025\/07\/Jupette_Wear_Moi_Filao_Beige.jpg","contentUrl":"https:\/\/www.ballettodanceshop.com\/wp-content\/uploads\/2025\/07\/Jupette_Wear_Moi_Filao_Beige.jpg","width":1336,"height":2000,"caption":"Wear Moi Filao Beige"},{"@type":"BreadcrumbList","@id":"https:\/\/www.ballettodanceshop.com\/jupe-tricotee-wear-moi-filao\/#breadcrumb","itemListElement":[{"@type":"ListItem","position":1,"name":"Accueil","item":"https:\/\/www.ballettodanceshop.com\/"},{"@type":"ListItem","position":2,"name":"Produits","item":"https:\/\/www.ballettodanceshop.com\/boutique\/"},{"@type":"ListItem","position":3,"name":"Jupe Tricot\u00e9e Wear Moi Filao"}]},{"@type":"WebSite","@id":"https:\/\/www.ballettodanceshop.com\/#website","url":"https:\/\/www.ballettodanceshop.com\/","name":"Balletto Dance Shop","description":"Keep Dancing!","publisher":{"@id":"https:\/\/www.ballettodanceshop.com\/#organization"},"alternateName":"Balletto","potentialAction":[{"@type":"SearchAction","target":{"@type":"EntryPoint","urlTemplate":"https:\/\/www.ballettodanceshop.com\/?s={search_term_string}"},"query-input":{"@type":"PropertyValueSpecification","valueRequired":true,"valueName":"search_term_string"}}],"inLanguage":"en-GB"},{"@type":"Organization","@id":"https:\/\/www.ballettodanceshop.com\/#organization","name":"Balletto Dance Shop","alternateName":"Balletto","url":"https:\/\/www.ballettodanceshop.com\/","logo":{"@type":"ImageObject","inLanguage":"en-GB","@id":"https:\/\/www.ballettodanceshop.com\/#\/schema\/logo\/image\/","url":"https:\/\/www.ballettodanceshop.com\/wp-content\/uploads\/2025\/06\/LOGO-1.png","contentUrl":"https:\/\/www.ballettodanceshop.com\/wp-content\/uploads\/2025\/06\/LOGO-1.png","width":508,"height":209,"caption":"Balletto Dance Shop"},"image":{"@id":"https:\/\/www.ballettodanceshop.com\/#\/schema\/logo\/image\/"},"sameAs":["https:\/\/www.facebook.com\/Ballettodanceshop\/","https:\/\/x.com\/ballettodance","https:\/\/www.tiktok.com\/@ballettodanceshop","https:\/\/fr.linkedin.com\/company\/ballettodaneshop","https:\/\/fr.pinterest.com\/ballettodanceshop\/","https:\/\/www.threads.com\/@ballettodanceshop","https:\/\/www.instagram.com\/ballettodanceshop\/","https:\/\/www.youtube.com\/@ballettodanceshop"]}]}},"_links":{"self":[{"href":"https:\/\/www.ballettodanceshop.com\/en\/wp-json\/wp\/v2\/product\/65083","targetHints":{"allow":["GET"]}}],"collection":[{"href":"https:\/\/www.ballettodanceshop.com\/en\/wp-json\/wp\/v2\/product"}],"about":[{"href":"https:\/\/www.ballettodanceshop.com\/en\/wp-json\/wp\/v2\/types\/product"}],"replies":[{"embeddable":true,"href":"https:\/\/www.ballettodanceshop.com\/en\/wp-json\/wp\/v2\/comments?post=65083"}],"wp:featuredmedia":[{"embeddable":true,"href":"https:\/\/www.ballettodanceshop.com\/en\/wp-json\/wp\/v2\/media\/22017"}],"wp:attachment":[{"href":"https:\/\/www.ballettodanceshop.com\/en\/wp-json\/wp\/v2\/media?parent=65083"}],"wp:term":[{"taxonomy":"product_brand","embeddable":true,"href":"https:\/\/www.ballettodanceshop.com\/en\/wp-json\/wp\/v2\/product_brand?post=65083"},{"taxonomy":"product_cat","embeddable":true,"href":"https:\/\/www.ballettodanceshop.com\/en\/wp-json\/wp\/v2\/product_cat?post=65083"},{"taxonomy":"product_tag","embeddable":true,"href":"https:\/\/www.ballettodanceshop.com\/en\/wp-json\/wp\/v2\/product_tag?post=65083"}],"curies":[{"name":"wp","href":"https:\/\/api.w.org\/{rel}","templated":true}]}}