{"id":65078,"date":"2024-09-26T12:47:18","date_gmt":"2024-09-26T10:47:18","guid":{"rendered":"https:\/\/www.ballettodanceshop.com\/chale-tricot-femme-wear-moi-erebus\/"},"modified":"2026-01-13T16:44:16","modified_gmt":"2026-01-13T15:44:16","slug":"chale-tricot-femme-wear-moi-erebus","status":"publish","type":"product","link":"https:\/\/www.ballettodanceshop.com\/en\/chale-tricot-femme-wear-moi-erebus\/","title":{"rendered":"Women's knitted shawl Wear Moi Erebus"},"content":{"rendered":"<p><strong>Women's knitted shawl Wear Moi Erebus<\/strong><\/p>\n<p>Knitted acrylic wool<\/p>\n<p>Designed in France<\/p>","protected":false},"excerpt":{"rendered":"<p>Laissez vous envelopper par la douceur et la fluidit\u00e9 du nouveau ch\u00e2le en tricot soyeux Erebus de la Collection Wear Moi Voyage.<\/p>\n<p>Que vous l&rsquo;enrouliez autour de la taille en par\u00e9 haut ou le laissiez glisser sur vos \u00e9paules, exprimez votre style avec une totale libert\u00e9.<\/p>\n<p>Ideal for ballet teachers, it is decorated with geometric checkerboard patterns.<\/p>\n<p>Ce ch\u00e2le ajoute une touche d&rsquo;originalit\u00e9 \u00e0 votre tenue. Con\u00e7u pour un style inimitable et un confort absolu, il est parfait pour vous accompagner en studio ou \u00e0 l&rsquo;ext\u00e9rieur.<\/p>\n<p>A porter \u00e9galement chez vous en cocooning.<\/p>","protected":false},"featured_media":21997,"comment_status":"open","ping_status":"closed","template":"","meta":{"_acf_changed":false},"product_brand":[],"product_cat":[104,67,103,114,120,19,61,340,974,272,273,62,398],"product_tag":[790],"class_list":{"0":"post-65078","1":"product","2":"type-product","3":"status-publish","4":"has-post-thumbnail","6":"product_cat-accessoires-athleisure","7":"product_cat-accessoires","8":"product_cat-athleisure","9":"product_cat-echauffement","10":"product_cat-echauffements","11":"product_cat-femmes","12":"product_cat-idees-cadeaux","13":"product_cat-inspiration","14":"product_cat-marques","15":"product_cat-promotions","16":"product_cat-promotions-femmes","17":"product_cat-classique","18":"product_cat-wear-moi","19":"product_tag-livraison-1-a-2-semaines","21":"first","22":"instock","23":"sale","24":"taxable","25":"shipping-taxable","26":"purchasable","27":"product-type-variable"},"acf":[],"yoast_head":"<!-- This site is optimized with the Yoast SEO plugin v27.4 - https:\/\/yoast.com\/product\/yoast-seo-wordpress\/ -->\n<title>Ch\u00e2le Tricot Femme Wear Moi Erebus - Balletto Dance Shop<\/title>\n<meta name=\"description\" content=\"Con\u00e7u par Wear Moi pour un style inimitable et un confort absolu, il est parfait pour vous accompagner en studio de danse ou \u00e0 l&#039;ext\u00e9rieur.\" \/>\n<meta name=\"robots\" content=\"index, follow, max-snippet:-1, max-image-preview:large, max-video-preview:-1\" \/>\n<link rel=\"canonical\" href=\"https:\/\/www.ballettodanceshop.com\/en\/chale-tricot-femme-wear-moi-erebus\/\" \/>\n<meta property=\"og:locale\" content=\"en_GB\" \/>\n<meta property=\"og:type\" content=\"article\" \/>\n<meta property=\"og:title\" content=\"Ch\u00e2le Tricot Femme Wear Moi Erebus - Balletto Dance Shop\" \/>\n<meta property=\"og:description\" content=\"Con\u00e7u par Wear Moi pour un style inimitable et un confort absolu, il est parfait pour vous accompagner en studio de danse ou \u00e0 l&#039;ext\u00e9rieur.\" \/>\n<meta property=\"og:url\" content=\"https:\/\/www.ballettodanceshop.com\/en\/chale-tricot-femme-wear-moi-erebus\/\" \/>\n<meta property=\"og:site_name\" content=\"Balletto Dance Shop\" \/>\n<meta property=\"article:publisher\" content=\"https:\/\/www.facebook.com\/Ballettodanceshop\/\" \/>\n<meta property=\"article:modified_time\" content=\"2026-01-13T15:44:16+00:00\" \/>\n<meta property=\"og:image\" content=\"https:\/\/www.ballettodanceshop.com\/wp-content\/uploads\/2025\/07\/Chale_femme_Wear_Moi_Erbus_beige.jpg\" \/>\n\t<meta property=\"og:image:width\" content=\"1336\" \/>\n\t<meta property=\"og:image:height\" content=\"2000\" \/>\n\t<meta property=\"og:image:type\" content=\"image\/jpeg\" \/>\n<meta name=\"twitter:card\" content=\"summary_large_image\" \/>\n<meta name=\"twitter:site\" content=\"@ballettodance\" \/>\n<meta name=\"twitter:label1\" content=\"Estimated reading time\" \/>\n\t<meta name=\"twitter:data1\" content=\"1 minute\" \/>\n<script type=\"application\/ld+json\" class=\"yoast-schema-graph\">{\"@context\":\"https:\\\/\\\/schema.org\",\"@graph\":[{\"@type\":\"WebPage\",\"@id\":\"https:\\\/\\\/www.ballettodanceshop.com\\\/chale-tricot-femme-wear-moi-erebus\\\/\",\"url\":\"https:\\\/\\\/www.ballettodanceshop.com\\\/chale-tricot-femme-wear-moi-erebus\\\/\",\"name\":\"Ch\u00e2le Tricot Femme Wear Moi Erebus - Balletto Dance Shop\",\"isPartOf\":{\"@id\":\"https:\\\/\\\/www.ballettodanceshop.com\\\/#website\"},\"primaryImageOfPage\":{\"@id\":\"https:\\\/\\\/www.ballettodanceshop.com\\\/chale-tricot-femme-wear-moi-erebus\\\/#primaryimage\"},\"image\":{\"@id\":\"https:\\\/\\\/www.ballettodanceshop.com\\\/chale-tricot-femme-wear-moi-erebus\\\/#primaryimage\"},\"thumbnailUrl\":\"https:\\\/\\\/www.ballettodanceshop.com\\\/wp-content\\\/uploads\\\/2025\\\/07\\\/Chale_femme_Wear_Moi_Erbus_beige.jpg\",\"datePublished\":\"2024-09-26T10:47:18+00:00\",\"dateModified\":\"2026-01-13T15:44:16+00:00\",\"description\":\"Con\u00e7u par Wear Moi pour un style inimitable et un confort absolu, il est parfait pour vous accompagner en studio de danse ou \u00e0 l'ext\u00e9rieur.\",\"breadcrumb\":{\"@id\":\"https:\\\/\\\/www.ballettodanceshop.com\\\/chale-tricot-femme-wear-moi-erebus\\\/#breadcrumb\"},\"inLanguage\":\"en-GB\",\"potentialAction\":[{\"@type\":\"ReadAction\",\"target\":[\"https:\\\/\\\/www.ballettodanceshop.com\\\/chale-tricot-femme-wear-moi-erebus\\\/\"]}]},{\"@type\":\"ImageObject\",\"inLanguage\":\"en-GB\",\"@id\":\"https:\\\/\\\/www.ballettodanceshop.com\\\/chale-tricot-femme-wear-moi-erebus\\\/#primaryimage\",\"url\":\"https:\\\/\\\/www.ballettodanceshop.com\\\/wp-content\\\/uploads\\\/2025\\\/07\\\/Chale_femme_Wear_Moi_Erbus_beige.jpg\",\"contentUrl\":\"https:\\\/\\\/www.ballettodanceshop.com\\\/wp-content\\\/uploads\\\/2025\\\/07\\\/Chale_femme_Wear_Moi_Erbus_beige.jpg\",\"width\":1336,\"height\":2000,\"caption\":\"Chale Wear Moi Erebus\"},{\"@type\":\"BreadcrumbList\",\"@id\":\"https:\\\/\\\/www.ballettodanceshop.com\\\/chale-tricot-femme-wear-moi-erebus\\\/#breadcrumb\",\"itemListElement\":[{\"@type\":\"ListItem\",\"position\":1,\"name\":\"Accueil\",\"item\":\"https:\\\/\\\/www.ballettodanceshop.com\\\/\"},{\"@type\":\"ListItem\",\"position\":2,\"name\":\"Produits\",\"item\":\"https:\\\/\\\/www.ballettodanceshop.com\\\/boutique\\\/\"},{\"@type\":\"ListItem\",\"position\":3,\"name\":\"Ch\u00e2le Tricot Femme Wear Moi Erebus\"}]},{\"@type\":\"WebSite\",\"@id\":\"https:\\\/\\\/www.ballettodanceshop.com\\\/#website\",\"url\":\"https:\\\/\\\/www.ballettodanceshop.com\\\/\",\"name\":\"Balletto Dance Shop\",\"description\":\"Keep Dancing !\",\"publisher\":{\"@id\":\"https:\\\/\\\/www.ballettodanceshop.com\\\/#organization\"},\"alternateName\":\"Balletto\",\"potentialAction\":[{\"@type\":\"SearchAction\",\"target\":{\"@type\":\"EntryPoint\",\"urlTemplate\":\"https:\\\/\\\/www.ballettodanceshop.com\\\/?s={search_term_string}\"},\"query-input\":{\"@type\":\"PropertyValueSpecification\",\"valueRequired\":true,\"valueName\":\"search_term_string\"}}],\"inLanguage\":\"en-GB\"},{\"@type\":\"Organization\",\"@id\":\"https:\\\/\\\/www.ballettodanceshop.com\\\/#organization\",\"name\":\"Balletto Dance Shop\",\"alternateName\":\"Balletto\",\"url\":\"https:\\\/\\\/www.ballettodanceshop.com\\\/\",\"logo\":{\"@type\":\"ImageObject\",\"inLanguage\":\"en-GB\",\"@id\":\"https:\\\/\\\/www.ballettodanceshop.com\\\/#\\\/schema\\\/logo\\\/image\\\/\",\"url\":\"https:\\\/\\\/www.ballettodanceshop.com\\\/wp-content\\\/uploads\\\/2025\\\/06\\\/LOGO-1.png\",\"contentUrl\":\"https:\\\/\\\/www.ballettodanceshop.com\\\/wp-content\\\/uploads\\\/2025\\\/06\\\/LOGO-1.png\",\"width\":508,\"height\":209,\"caption\":\"Balletto Dance Shop\"},\"image\":{\"@id\":\"https:\\\/\\\/www.ballettodanceshop.com\\\/#\\\/schema\\\/logo\\\/image\\\/\"},\"sameAs\":[\"https:\\\/\\\/www.facebook.com\\\/Ballettodanceshop\\\/\",\"https:\\\/\\\/x.com\\\/ballettodance\",\"https:\\\/\\\/www.tiktok.com\\\/@ballettodanceshop\",\"https:\\\/\\\/fr.linkedin.com\\\/company\\\/ballettodaneshop\",\"https:\\\/\\\/fr.pinterest.com\\\/ballettodanceshop\\\/\",\"https:\\\/\\\/www.threads.com\\\/@ballettodanceshop\",\"https:\\\/\\\/www.instagram.com\\\/ballettodanceshop\\\/\",\"https:\\\/\\\/www.youtube.com\\\/@ballettodanceshop\"]}]}<\/script>\n<!-- \/ Yoast SEO plugin. -->","yoast_head_json":{"title":"Ch\u00e2le Tricot Femme Wear Moi Erebus - Balletto Dance Shop","description":"Con\u00e7u par Wear Moi pour un style inimitable et un confort absolu, il est parfait pour vous accompagner en studio de danse ou \u00e0 l'ext\u00e9rieur.","robots":{"index":"index","follow":"follow","max-snippet":"max-snippet:-1","max-image-preview":"max-image-preview:large","max-video-preview":"max-video-preview:-1"},"canonical":"https:\/\/www.ballettodanceshop.com\/en\/chale-tricot-femme-wear-moi-erebus\/","og_locale":"en_GB","og_type":"article","og_title":"Ch\u00e2le Tricot Femme Wear Moi Erebus - Balletto Dance Shop","og_description":"Con\u00e7u par Wear Moi pour un style inimitable et un confort absolu, il est parfait pour vous accompagner en studio de danse ou \u00e0 l'ext\u00e9rieur.","og_url":"https:\/\/www.ballettodanceshop.com\/en\/chale-tricot-femme-wear-moi-erebus\/","og_site_name":"Balletto Dance Shop","article_publisher":"https:\/\/www.facebook.com\/Ballettodanceshop\/","article_modified_time":"2026-01-13T15:44:16+00:00","og_image":[{"width":1336,"height":2000,"url":"https:\/\/www.ballettodanceshop.com\/wp-content\/uploads\/2025\/07\/Chale_femme_Wear_Moi_Erbus_beige.jpg","type":"image\/jpeg"}],"twitter_card":"summary_large_image","twitter_site":"@ballettodance","twitter_misc":{"Estimated reading time":"1 minute"},"schema":{"@context":"https:\/\/schema.org","@graph":[{"@type":"WebPage","@id":"https:\/\/www.ballettodanceshop.com\/chale-tricot-femme-wear-moi-erebus\/","url":"https:\/\/www.ballettodanceshop.com\/chale-tricot-femme-wear-moi-erebus\/","name":"Ch\u00e2le Tricot Femme Wear Moi Erebus - Balletto Dance Shop","isPartOf":{"@id":"https:\/\/www.ballettodanceshop.com\/#website"},"primaryImageOfPage":{"@id":"https:\/\/www.ballettodanceshop.com\/chale-tricot-femme-wear-moi-erebus\/#primaryimage"},"image":{"@id":"https:\/\/www.ballettodanceshop.com\/chale-tricot-femme-wear-moi-erebus\/#primaryimage"},"thumbnailUrl":"https:\/\/www.ballettodanceshop.com\/wp-content\/uploads\/2025\/07\/Chale_femme_Wear_Moi_Erbus_beige.jpg","datePublished":"2024-09-26T10:47:18+00:00","dateModified":"2026-01-13T15:44:16+00:00","description":"Con\u00e7u par Wear Moi pour un style inimitable et un confort absolu, il est parfait pour vous accompagner en studio de danse ou \u00e0 l'ext\u00e9rieur.","breadcrumb":{"@id":"https:\/\/www.ballettodanceshop.com\/chale-tricot-femme-wear-moi-erebus\/#breadcrumb"},"inLanguage":"en-GB","potentialAction":[{"@type":"ReadAction","target":["https:\/\/www.ballettodanceshop.com\/chale-tricot-femme-wear-moi-erebus\/"]}]},{"@type":"ImageObject","inLanguage":"en-GB","@id":"https:\/\/www.ballettodanceshop.com\/chale-tricot-femme-wear-moi-erebus\/#primaryimage","url":"https:\/\/www.ballettodanceshop.com\/wp-content\/uploads\/2025\/07\/Chale_femme_Wear_Moi_Erbus_beige.jpg","contentUrl":"https:\/\/www.ballettodanceshop.com\/wp-content\/uploads\/2025\/07\/Chale_femme_Wear_Moi_Erbus_beige.jpg","width":1336,"height":2000,"caption":"Chale Wear Moi Erebus"},{"@type":"BreadcrumbList","@id":"https:\/\/www.ballettodanceshop.com\/chale-tricot-femme-wear-moi-erebus\/#breadcrumb","itemListElement":[{"@type":"ListItem","position":1,"name":"Accueil","item":"https:\/\/www.ballettodanceshop.com\/"},{"@type":"ListItem","position":2,"name":"Produits","item":"https:\/\/www.ballettodanceshop.com\/boutique\/"},{"@type":"ListItem","position":3,"name":"Ch\u00e2le Tricot Femme Wear Moi Erebus"}]},{"@type":"WebSite","@id":"https:\/\/www.ballettodanceshop.com\/#website","url":"https:\/\/www.ballettodanceshop.com\/","name":"Balletto Dance Shop","description":"Keep Dancing!","publisher":{"@id":"https:\/\/www.ballettodanceshop.com\/#organization"},"alternateName":"Balletto","potentialAction":[{"@type":"SearchAction","target":{"@type":"EntryPoint","urlTemplate":"https:\/\/www.ballettodanceshop.com\/?s={search_term_string}"},"query-input":{"@type":"PropertyValueSpecification","valueRequired":true,"valueName":"search_term_string"}}],"inLanguage":"en-GB"},{"@type":"Organization","@id":"https:\/\/www.ballettodanceshop.com\/#organization","name":"Balletto Dance Shop","alternateName":"Balletto","url":"https:\/\/www.ballettodanceshop.com\/","logo":{"@type":"ImageObject","inLanguage":"en-GB","@id":"https:\/\/www.ballettodanceshop.com\/#\/schema\/logo\/image\/","url":"https:\/\/www.ballettodanceshop.com\/wp-content\/uploads\/2025\/06\/LOGO-1.png","contentUrl":"https:\/\/www.ballettodanceshop.com\/wp-content\/uploads\/2025\/06\/LOGO-1.png","width":508,"height":209,"caption":"Balletto Dance Shop"},"image":{"@id":"https:\/\/www.ballettodanceshop.com\/#\/schema\/logo\/image\/"},"sameAs":["https:\/\/www.facebook.com\/Ballettodanceshop\/","https:\/\/x.com\/ballettodance","https:\/\/www.tiktok.com\/@ballettodanceshop","https:\/\/fr.linkedin.com\/company\/ballettodaneshop","https:\/\/fr.pinterest.com\/ballettodanceshop\/","https:\/\/www.threads.com\/@ballettodanceshop","https:\/\/www.instagram.com\/ballettodanceshop\/","https:\/\/www.youtube.com\/@ballettodanceshop"]}]}},"_links":{"self":[{"href":"https:\/\/www.ballettodanceshop.com\/en\/wp-json\/wp\/v2\/product\/65078","targetHints":{"allow":["GET"]}}],"collection":[{"href":"https:\/\/www.ballettodanceshop.com\/en\/wp-json\/wp\/v2\/product"}],"about":[{"href":"https:\/\/www.ballettodanceshop.com\/en\/wp-json\/wp\/v2\/types\/product"}],"replies":[{"embeddable":true,"href":"https:\/\/www.ballettodanceshop.com\/en\/wp-json\/wp\/v2\/comments?post=65078"}],"wp:featuredmedia":[{"embeddable":true,"href":"https:\/\/www.ballettodanceshop.com\/en\/wp-json\/wp\/v2\/media\/21997"}],"wp:attachment":[{"href":"https:\/\/www.ballettodanceshop.com\/en\/wp-json\/wp\/v2\/media?parent=65078"}],"wp:term":[{"taxonomy":"product_brand","embeddable":true,"href":"https:\/\/www.ballettodanceshop.com\/en\/wp-json\/wp\/v2\/product_brand?post=65078"},{"taxonomy":"product_cat","embeddable":true,"href":"https:\/\/www.ballettodanceshop.com\/en\/wp-json\/wp\/v2\/product_cat?post=65078"},{"taxonomy":"product_tag","embeddable":true,"href":"https:\/\/www.ballettodanceshop.com\/en\/wp-json\/wp\/v2\/product_tag?post=65078"}],"curies":[{"name":"wp","href":"https:\/\/api.w.org\/{rel}","templated":true}]}}