{"id":65034,"date":"2024-09-23T15:31:47","date_gmt":"2024-09-23T13:31:47","guid":{"rendered":"https:\/\/www.ballettodanceshop.com\/top-dechauffement-tricot-wear-moi-danube\/"},"modified":"2026-01-13T16:42:22","modified_gmt":"2026-01-13T15:42:22","slug":"top-dechauffement-knicot-wear-moi-danube","status":"publish","type":"product","link":"https:\/\/www.ballettodanceshop.com\/en\/top-dechauffement-tricot-wear-moi-danube\/","title":{"rendered":"Warm Up Top Knit Wear Moi Danube"},"content":{"rendered":"<p><strong>Warm Up Top Knit Wear Moi Danube<\/strong><\/p>\n<p>Knitted acrylic wool<\/p>\n<p>V-neckline front and back<br \/>\nGeometric checkerboard pattern<\/p>\n<p>Bottom drawstring<br \/>\nSculpting design<br \/>\nAvailable in 3 colours<br \/>\nKnitted acrylic wool<\/p>\n<p>Hand wash.<\/p>\n<p>Designed in France<\/p>","protected":false},"excerpt":{"rendered":"<p>Long-sleeved warm-up top with V-neckline from the Wear Moi Voyage Collection.<\/p>\n<p>Its flattering cut and ultra-soft fabric make it incredibly comfortable to wear.<\/p>\n<p>The drawstring at the bottom lets you customise the fit to suit your style. The sculpting design follows the shape of your body, enhancing your dancer's silhouette with finesse and elegance.<\/p>\n<p>Ideal for your warm-up routine or for moving from the studio to the outdoors, the Wear Moi Danube top is easy to layer with the leotard of your choice.<\/p>\n<p>Wear it in town too.<\/p>","protected":false},"featured_media":21932,"comment_status":"open","ping_status":"closed","template":"","meta":{"_acf_changed":false},"product_brand":[],"product_cat":[114,115,120,19,91,974,272,273,62,398],"product_tag":[786],"class_list":{"0":"post-65034","1":"product","2":"type-product","3":"status-publish","4":"has-post-thumbnail","6":"product_cat-echauffement","7":"product_cat-echauffements-jazz","8":"product_cat-echauffements","9":"product_cat-femmes","10":"product_cat-jazz","11":"product_cat-marques","12":"product_cat-promotions","13":"product_cat-promotions-femmes","14":"product_cat-classique","15":"product_cat-wear-moi","16":"product_tag-livraison-24-a-48h","18":"first","19":"instock","20":"sale","21":"taxable","22":"shipping-taxable","23":"purchasable","24":"product-type-variable"},"acf":[],"yoast_head":"<!-- This site is optimized with the Yoast SEO plugin v27.4 - https:\/\/yoast.com\/product\/yoast-seo-wordpress\/ -->\n<title>Top D&#039;\u00e9chauffement Tricot Wear Moi Danube - Balletto Dance Shop<\/title>\n<meta name=\"description\" content=\"Le design sculptant de du Top d&#039;\u00e9chauffement danse Wear Moi Danube met en valeur votre silhouette de danseuse. A porter \u00e9galement en ville.\" \/>\n<meta name=\"robots\" content=\"index, follow, max-snippet:-1, max-image-preview:large, max-video-preview:-1\" \/>\n<link rel=\"canonical\" href=\"https:\/\/www.ballettodanceshop.com\/en\/top-dechauffement-knicot-wear-moi-danube\/\" \/>\n<meta property=\"og:locale\" content=\"en_GB\" \/>\n<meta property=\"og:type\" content=\"article\" \/>\n<meta property=\"og:title\" content=\"Top D&#039;\u00e9chauffement Tricot Wear Moi Danube - Balletto Dance Shop\" \/>\n<meta property=\"og:description\" content=\"Le design sculptant de du Top d&#039;\u00e9chauffement danse Wear Moi Danube met en valeur votre silhouette de danseuse. A porter \u00e9galement en ville.\" \/>\n<meta property=\"og:url\" content=\"https:\/\/www.ballettodanceshop.com\/en\/top-dechauffement-knicot-wear-moi-danube\/\" \/>\n<meta property=\"og:site_name\" content=\"Balletto Dance Shop\" \/>\n<meta property=\"article:publisher\" content=\"https:\/\/www.facebook.com\/Ballettodanceshop\/\" \/>\n<meta property=\"article:modified_time\" content=\"2026-01-13T15:42:22+00:00\" \/>\n<meta property=\"og:image\" content=\"https:\/\/www.ballettodanceshop.com\/wp-content\/uploads\/2025\/07\/Haut_Echauffement_Wear_Moi_Danube_Beige.jpg\" \/>\n\t<meta property=\"og:image:width\" content=\"1336\" \/>\n\t<meta property=\"og:image:height\" content=\"2000\" \/>\n\t<meta property=\"og:image:type\" content=\"image\/jpeg\" \/>\n<meta name=\"twitter:card\" content=\"summary_large_image\" \/>\n<meta name=\"twitter:site\" content=\"@ballettodance\" \/>\n<meta name=\"twitter:label1\" content=\"Estimated reading time\" \/>\n\t<meta name=\"twitter:data1\" content=\"1 minute\" \/>\n<script type=\"application\/ld+json\" class=\"yoast-schema-graph\">{\"@context\":\"https:\\\/\\\/schema.org\",\"@graph\":[{\"@type\":\"WebPage\",\"@id\":\"https:\\\/\\\/www.ballettodanceshop.com\\\/top-dechauffement-tricot-wear-moi-danube\\\/\",\"url\":\"https:\\\/\\\/www.ballettodanceshop.com\\\/top-dechauffement-tricot-wear-moi-danube\\\/\",\"name\":\"Top D'\u00e9chauffement Tricot Wear Moi Danube - Balletto Dance Shop\",\"isPartOf\":{\"@id\":\"https:\\\/\\\/www.ballettodanceshop.com\\\/#website\"},\"primaryImageOfPage\":{\"@id\":\"https:\\\/\\\/www.ballettodanceshop.com\\\/top-dechauffement-tricot-wear-moi-danube\\\/#primaryimage\"},\"image\":{\"@id\":\"https:\\\/\\\/www.ballettodanceshop.com\\\/top-dechauffement-tricot-wear-moi-danube\\\/#primaryimage\"},\"thumbnailUrl\":\"https:\\\/\\\/www.ballettodanceshop.com\\\/wp-content\\\/uploads\\\/2025\\\/07\\\/Haut_Echauffement_Wear_Moi_Danube_Beige.jpg\",\"datePublished\":\"2024-09-23T13:31:47+00:00\",\"dateModified\":\"2026-01-13T15:42:22+00:00\",\"description\":\"Le design sculptant de du Top d'\u00e9chauffement danse Wear Moi Danube met en valeur votre silhouette de danseuse. A porter \u00e9galement en ville.\",\"breadcrumb\":{\"@id\":\"https:\\\/\\\/www.ballettodanceshop.com\\\/top-dechauffement-tricot-wear-moi-danube\\\/#breadcrumb\"},\"inLanguage\":\"en-GB\",\"potentialAction\":[{\"@type\":\"ReadAction\",\"target\":[\"https:\\\/\\\/www.ballettodanceshop.com\\\/top-dechauffement-tricot-wear-moi-danube\\\/\"]}]},{\"@type\":\"ImageObject\",\"inLanguage\":\"en-GB\",\"@id\":\"https:\\\/\\\/www.ballettodanceshop.com\\\/top-dechauffement-tricot-wear-moi-danube\\\/#primaryimage\",\"url\":\"https:\\\/\\\/www.ballettodanceshop.com\\\/wp-content\\\/uploads\\\/2025\\\/07\\\/Haut_Echauffement_Wear_Moi_Danube_Beige.jpg\",\"contentUrl\":\"https:\\\/\\\/www.ballettodanceshop.com\\\/wp-content\\\/uploads\\\/2025\\\/07\\\/Haut_Echauffement_Wear_Moi_Danube_Beige.jpg\",\"width\":1336,\"height\":2000,\"caption\":\"Wear Moi Danube\"},{\"@type\":\"BreadcrumbList\",\"@id\":\"https:\\\/\\\/www.ballettodanceshop.com\\\/top-dechauffement-tricot-wear-moi-danube\\\/#breadcrumb\",\"itemListElement\":[{\"@type\":\"ListItem\",\"position\":1,\"name\":\"Accueil\",\"item\":\"https:\\\/\\\/www.ballettodanceshop.com\\\/\"},{\"@type\":\"ListItem\",\"position\":2,\"name\":\"Produits\",\"item\":\"https:\\\/\\\/www.ballettodanceshop.com\\\/boutique\\\/\"},{\"@type\":\"ListItem\",\"position\":3,\"name\":\"Top D&rsquo;\u00e9chauffement Tricot Wear Moi Danube\"}]},{\"@type\":\"WebSite\",\"@id\":\"https:\\\/\\\/www.ballettodanceshop.com\\\/#website\",\"url\":\"https:\\\/\\\/www.ballettodanceshop.com\\\/\",\"name\":\"Balletto Dance Shop\",\"description\":\"Keep Dancing !\",\"publisher\":{\"@id\":\"https:\\\/\\\/www.ballettodanceshop.com\\\/#organization\"},\"alternateName\":\"Balletto\",\"potentialAction\":[{\"@type\":\"SearchAction\",\"target\":{\"@type\":\"EntryPoint\",\"urlTemplate\":\"https:\\\/\\\/www.ballettodanceshop.com\\\/?s={search_term_string}\"},\"query-input\":{\"@type\":\"PropertyValueSpecification\",\"valueRequired\":true,\"valueName\":\"search_term_string\"}}],\"inLanguage\":\"en-GB\"},{\"@type\":\"Organization\",\"@id\":\"https:\\\/\\\/www.ballettodanceshop.com\\\/#organization\",\"name\":\"Balletto Dance Shop\",\"alternateName\":\"Balletto\",\"url\":\"https:\\\/\\\/www.ballettodanceshop.com\\\/\",\"logo\":{\"@type\":\"ImageObject\",\"inLanguage\":\"en-GB\",\"@id\":\"https:\\\/\\\/www.ballettodanceshop.com\\\/#\\\/schema\\\/logo\\\/image\\\/\",\"url\":\"https:\\\/\\\/www.ballettodanceshop.com\\\/wp-content\\\/uploads\\\/2025\\\/06\\\/LOGO-1.png\",\"contentUrl\":\"https:\\\/\\\/www.ballettodanceshop.com\\\/wp-content\\\/uploads\\\/2025\\\/06\\\/LOGO-1.png\",\"width\":508,\"height\":209,\"caption\":\"Balletto Dance Shop\"},\"image\":{\"@id\":\"https:\\\/\\\/www.ballettodanceshop.com\\\/#\\\/schema\\\/logo\\\/image\\\/\"},\"sameAs\":[\"https:\\\/\\\/www.facebook.com\\\/Ballettodanceshop\\\/\",\"https:\\\/\\\/x.com\\\/ballettodance\",\"https:\\\/\\\/www.tiktok.com\\\/@ballettodanceshop\",\"https:\\\/\\\/fr.linkedin.com\\\/company\\\/ballettodaneshop\",\"https:\\\/\\\/fr.pinterest.com\\\/ballettodanceshop\\\/\",\"https:\\\/\\\/www.threads.com\\\/@ballettodanceshop\",\"https:\\\/\\\/www.instagram.com\\\/ballettodanceshop\\\/\",\"https:\\\/\\\/www.youtube.com\\\/@ballettodanceshop\"]}]}<\/script>\n<!-- \/ Yoast SEO plugin. -->","yoast_head_json":{"title":"Warm Up Top Knit Wear Moi Danube - Balletto Dance Shop","description":"The sculpting design of the Wear Moi Danube dance warm-up top enhances your dancer's figure. Also great for wearing around town.","robots":{"index":"index","follow":"follow","max-snippet":"max-snippet:-1","max-image-preview":"max-image-preview:large","max-video-preview":"max-video-preview:-1"},"canonical":"https:\/\/www.ballettodanceshop.com\/en\/top-dechauffement-knicot-wear-moi-danube\/","og_locale":"en_GB","og_type":"article","og_title":"Top D'\u00e9chauffement Tricot Wear Moi Danube - Balletto Dance Shop","og_description":"Le design sculptant de du Top d'\u00e9chauffement danse Wear Moi Danube met en valeur votre silhouette de danseuse. A porter \u00e9galement en ville.","og_url":"https:\/\/www.ballettodanceshop.com\/en\/top-dechauffement-knicot-wear-moi-danube\/","og_site_name":"Balletto Dance Shop","article_publisher":"https:\/\/www.facebook.com\/Ballettodanceshop\/","article_modified_time":"2026-01-13T15:42:22+00:00","og_image":[{"width":1336,"height":2000,"url":"https:\/\/www.ballettodanceshop.com\/wp-content\/uploads\/2025\/07\/Haut_Echauffement_Wear_Moi_Danube_Beige.jpg","type":"image\/jpeg"}],"twitter_card":"summary_large_image","twitter_site":"@ballettodance","twitter_misc":{"Estimated reading time":"1 minute"},"schema":{"@context":"https:\/\/schema.org","@graph":[{"@type":"WebPage","@id":"https:\/\/www.ballettodanceshop.com\/top-dechauffement-tricot-wear-moi-danube\/","url":"https:\/\/www.ballettodanceshop.com\/top-dechauffement-tricot-wear-moi-danube\/","name":"Warm Up Top Knit Wear Moi Danube - Balletto Dance Shop","isPartOf":{"@id":"https:\/\/www.ballettodanceshop.com\/#website"},"primaryImageOfPage":{"@id":"https:\/\/www.ballettodanceshop.com\/top-dechauffement-tricot-wear-moi-danube\/#primaryimage"},"image":{"@id":"https:\/\/www.ballettodanceshop.com\/top-dechauffement-tricot-wear-moi-danube\/#primaryimage"},"thumbnailUrl":"https:\/\/www.ballettodanceshop.com\/wp-content\/uploads\/2025\/07\/Haut_Echauffement_Wear_Moi_Danube_Beige.jpg","datePublished":"2024-09-23T13:31:47+00:00","dateModified":"2026-01-13T15:42:22+00:00","description":"The sculpting design of the Wear Moi Danube dance warm-up top enhances your dancer's figure. Also great for wearing around town.","breadcrumb":{"@id":"https:\/\/www.ballettodanceshop.com\/top-dechauffement-tricot-wear-moi-danube\/#breadcrumb"},"inLanguage":"en-GB","potentialAction":[{"@type":"ReadAction","target":["https:\/\/www.ballettodanceshop.com\/top-dechauffement-tricot-wear-moi-danube\/"]}]},{"@type":"ImageObject","inLanguage":"en-GB","@id":"https:\/\/www.ballettodanceshop.com\/top-dechauffement-tricot-wear-moi-danube\/#primaryimage","url":"https:\/\/www.ballettodanceshop.com\/wp-content\/uploads\/2025\/07\/Haut_Echauffement_Wear_Moi_Danube_Beige.jpg","contentUrl":"https:\/\/www.ballettodanceshop.com\/wp-content\/uploads\/2025\/07\/Haut_Echauffement_Wear_Moi_Danube_Beige.jpg","width":1336,"height":2000,"caption":"Wear Moi Danube"},{"@type":"BreadcrumbList","@id":"https:\/\/www.ballettodanceshop.com\/top-dechauffement-tricot-wear-moi-danube\/#breadcrumb","itemListElement":[{"@type":"ListItem","position":1,"name":"Accueil","item":"https:\/\/www.ballettodanceshop.com\/"},{"@type":"ListItem","position":2,"name":"Produits","item":"https:\/\/www.ballettodanceshop.com\/boutique\/"},{"@type":"ListItem","position":3,"name":"Top D&rsquo;\u00e9chauffement Tricot Wear Moi Danube"}]},{"@type":"WebSite","@id":"https:\/\/www.ballettodanceshop.com\/#website","url":"https:\/\/www.ballettodanceshop.com\/","name":"Balletto Dance Shop","description":"Keep Dancing!","publisher":{"@id":"https:\/\/www.ballettodanceshop.com\/#organization"},"alternateName":"Balletto","potentialAction":[{"@type":"SearchAction","target":{"@type":"EntryPoint","urlTemplate":"https:\/\/www.ballettodanceshop.com\/?s={search_term_string}"},"query-input":{"@type":"PropertyValueSpecification","valueRequired":true,"valueName":"search_term_string"}}],"inLanguage":"en-GB"},{"@type":"Organization","@id":"https:\/\/www.ballettodanceshop.com\/#organization","name":"Balletto Dance Shop","alternateName":"Balletto","url":"https:\/\/www.ballettodanceshop.com\/","logo":{"@type":"ImageObject","inLanguage":"en-GB","@id":"https:\/\/www.ballettodanceshop.com\/#\/schema\/logo\/image\/","url":"https:\/\/www.ballettodanceshop.com\/wp-content\/uploads\/2025\/06\/LOGO-1.png","contentUrl":"https:\/\/www.ballettodanceshop.com\/wp-content\/uploads\/2025\/06\/LOGO-1.png","width":508,"height":209,"caption":"Balletto Dance Shop"},"image":{"@id":"https:\/\/www.ballettodanceshop.com\/#\/schema\/logo\/image\/"},"sameAs":["https:\/\/www.facebook.com\/Ballettodanceshop\/","https:\/\/x.com\/ballettodance","https:\/\/www.tiktok.com\/@ballettodanceshop","https:\/\/fr.linkedin.com\/company\/ballettodaneshop","https:\/\/fr.pinterest.com\/ballettodanceshop\/","https:\/\/www.threads.com\/@ballettodanceshop","https:\/\/www.instagram.com\/ballettodanceshop\/","https:\/\/www.youtube.com\/@ballettodanceshop"]}]}},"_links":{"self":[{"href":"https:\/\/www.ballettodanceshop.com\/en\/wp-json\/wp\/v2\/product\/65034","targetHints":{"allow":["GET"]}}],"collection":[{"href":"https:\/\/www.ballettodanceshop.com\/en\/wp-json\/wp\/v2\/product"}],"about":[{"href":"https:\/\/www.ballettodanceshop.com\/en\/wp-json\/wp\/v2\/types\/product"}],"replies":[{"embeddable":true,"href":"https:\/\/www.ballettodanceshop.com\/en\/wp-json\/wp\/v2\/comments?post=65034"}],"wp:featuredmedia":[{"embeddable":true,"href":"https:\/\/www.ballettodanceshop.com\/en\/wp-json\/wp\/v2\/media\/21932"}],"wp:attachment":[{"href":"https:\/\/www.ballettodanceshop.com\/en\/wp-json\/wp\/v2\/media?parent=65034"}],"wp:term":[{"taxonomy":"product_brand","embeddable":true,"href":"https:\/\/www.ballettodanceshop.com\/en\/wp-json\/wp\/v2\/product_brand?post=65034"},{"taxonomy":"product_cat","embeddable":true,"href":"https:\/\/www.ballettodanceshop.com\/en\/wp-json\/wp\/v2\/product_cat?post=65034"},{"taxonomy":"product_tag","embeddable":true,"href":"https:\/\/www.ballettodanceshop.com\/en\/wp-json\/wp\/v2\/product_tag?post=65034"}],"curies":[{"name":"wp","href":"https:\/\/api.w.org\/{rel}","templated":true}]}}