{"id":64943,"date":"2024-09-10T18:18:42","date_gmt":"2024-09-10T16:18:42","guid":{"rendered":"https:\/\/www.ballettodanceshop.com\/sweat-echauffement-grishko-blaze\/"},"modified":"2026-04-03T15:01:26","modified_gmt":"2026-04-03T13:01:26","slug":"grishko-blaze-warm-up-sweatshirt","status":"publish","type":"product","link":"https:\/\/www.ballettodanceshop.com\/en\/sweat-echauffement-grishko-blaze\/","title":{"rendered":"Grishko Blaze Warm-Up Sweatshirt"},"content":{"rendered":"<p><strong>Grishko Blaze Warm-Up Sweatshirt<\/strong><\/p>\n<p>100% polyester<\/p>\n<p>Thermally insulating materials retain heat<\/p>\n<p>Bi-Stretch technology ensures complete freedom of movement<\/p>\n<p>Ultra-soft material for optimum comfort<\/p>\n<p>Ce Sweat d&rsquo;\u00e9chauffement mixte est \u00e0 utiliser pour toute activit\u00e9 sportive, il vous aidera \u00e0 avoir un drainage parfait.<\/p>\n<p><strong>Hand wash.<\/strong><\/p>","protected":false},"excerpt":{"rendered":"<p>BLAZE is a new addition to our warm-up collection designed by Grishko.<\/p>\n<p>This pull-on jacket has a 3\/4 zip and fitted cuffs and waist. It's the perfect garment to keep your muscles warm and ready to perform between dance classes or performances. The technical fabric with high heat retention will ensure that no heat escapes.<\/p>\n<p>La nouvelle collection Heat Retention Wear est con\u00e7ue avec la fusion de mat\u00e9riaux de haute technologie et d\u2019une connaissance approfondie des besoins des danseurs. Avec le nouveau tissu enduit, vous pouvez facilement minimiser le temps n\u00e9cessaire \u00e0 l&rsquo;\u00e9chauffement. Le microclimat est efficacement pr\u00e9serv\u00e9 entre la peau et le tissu ce qui garantit un \u00e9chauffement plus rapide tout en restant souple et \u00e0 l&rsquo;aise.<\/p>\n<p><strong>Limited Edition.<\/strong><\/p>","protected":false},"featured_media":21811,"comment_status":"open","ping_status":"closed","template":"","meta":{"_acf_changed":false},"product_brand":[],"product_cat":[107,103,114,122,115,118,120,19,143,392,23,61,89,91,62,101,308],"product_tag":[786],"class_list":{"0":"post-64943","1":"product","2":"type-product","3":"status-publish","4":"has-post-thumbnail","6":"product_cat-athleisure-yoga-gym-pilates","7":"product_cat-athleisure","8":"product_cat-echauffement","9":"product_cat-echauffements-jazz-hommes","10":"product_cat-echauffements-jazz","11":"product_cat-echauffements-classique-hommes","12":"product_cat-echauffements","13":"product_cat-femmes","14":"product_cat-grishko","15":"product_cat-haut","16":"product_cat-hommes","17":"product_cat-idees-cadeaux","18":"product_cat-jazz-hommes","19":"product_cat-jazz","20":"product_cat-classique","21":"product_cat-classique-hommes","22":"product_cat-tops-athleisure","23":"product_tag-livraison-24-a-48h","25":"first","26":"instock","27":"taxable","28":"shipping-taxable","29":"purchasable","30":"product-type-variable"},"acf":[],"yoast_head":"<!-- This site is optimized with the Yoast SEO plugin v27.4 - https:\/\/yoast.com\/product\/yoast-seo-wordpress\/ -->\n<title>Sweat Echauffement Grishko Blaze - Balletto Dance Shop<\/title>\n<meta name=\"description\" content=\"C&#039;est le Sweat parfait pour garder vos muscles au chaud et pr\u00eats \u00e0 performer entre les cours de danse ou les repr\u00e9sentations. Drainage garanti.\" \/>\n<meta name=\"robots\" content=\"index, follow, max-snippet:-1, max-image-preview:large, max-video-preview:-1\" \/>\n<link rel=\"canonical\" href=\"https:\/\/www.ballettodanceshop.com\/en\/grishko-blaze-warm-up-sweatshirt\/\" \/>\n<meta property=\"og:locale\" content=\"en_GB\" \/>\n<meta property=\"og:type\" content=\"article\" \/>\n<meta property=\"og:title\" content=\"Sweat Echauffement Grishko Blaze - Balletto Dance Shop\" \/>\n<meta property=\"og:description\" content=\"C&#039;est le Sweat parfait pour garder vos muscles au chaud et pr\u00eats \u00e0 performer entre les cours de danse ou les repr\u00e9sentations. Drainage garanti.\" \/>\n<meta property=\"og:url\" content=\"https:\/\/www.ballettodanceshop.com\/en\/grishko-blaze-warm-up-sweatshirt\/\" \/>\n<meta property=\"og:site_name\" content=\"Balletto Dance Shop\" \/>\n<meta property=\"article:publisher\" content=\"https:\/\/www.facebook.com\/Ballettodanceshop\/\" \/>\n<meta property=\"article:modified_time\" content=\"2026-04-03T13:01:26+00:00\" \/>\n<meta property=\"og:image\" content=\"https:\/\/www.ballettodanceshop.com\/wp-content\/uploads\/2025\/07\/Sweat_Grishko_Blaze_Prune_1.jpg\" \/>\n\t<meta property=\"og:image:width\" content=\"1000\" \/>\n\t<meta property=\"og:image:height\" content=\"1400\" \/>\n\t<meta property=\"og:image:type\" content=\"image\/jpeg\" \/>\n<meta name=\"twitter:card\" content=\"summary_large_image\" \/>\n<meta name=\"twitter:site\" content=\"@ballettodance\" \/>\n<meta name=\"twitter:label1\" content=\"Estimated reading time\" \/>\n\t<meta name=\"twitter:data1\" content=\"1 minute\" \/>\n<script type=\"application\/ld+json\" class=\"yoast-schema-graph\">{\"@context\":\"https:\\\/\\\/schema.org\",\"@graph\":[{\"@type\":\"WebPage\",\"@id\":\"https:\\\/\\\/www.ballettodanceshop.com\\\/sweat-echauffement-grishko-blaze\\\/\",\"url\":\"https:\\\/\\\/www.ballettodanceshop.com\\\/sweat-echauffement-grishko-blaze\\\/\",\"name\":\"Sweat Echauffement Grishko Blaze - Balletto Dance Shop\",\"isPartOf\":{\"@id\":\"https:\\\/\\\/www.ballettodanceshop.com\\\/#website\"},\"primaryImageOfPage\":{\"@id\":\"https:\\\/\\\/www.ballettodanceshop.com\\\/sweat-echauffement-grishko-blaze\\\/#primaryimage\"},\"image\":{\"@id\":\"https:\\\/\\\/www.ballettodanceshop.com\\\/sweat-echauffement-grishko-blaze\\\/#primaryimage\"},\"thumbnailUrl\":\"https:\\\/\\\/www.ballettodanceshop.com\\\/wp-content\\\/uploads\\\/2025\\\/07\\\/Sweat_Grishko_Blaze_Prune_1.jpg\",\"datePublished\":\"2024-09-10T16:18:42+00:00\",\"dateModified\":\"2026-04-03T13:01:26+00:00\",\"description\":\"C'est le Sweat parfait pour garder vos muscles au chaud et pr\u00eats \u00e0 performer entre les cours de danse ou les repr\u00e9sentations. Drainage garanti.\",\"breadcrumb\":{\"@id\":\"https:\\\/\\\/www.ballettodanceshop.com\\\/sweat-echauffement-grishko-blaze\\\/#breadcrumb\"},\"inLanguage\":\"en-GB\",\"potentialAction\":[{\"@type\":\"ReadAction\",\"target\":[\"https:\\\/\\\/www.ballettodanceshop.com\\\/sweat-echauffement-grishko-blaze\\\/\"]}]},{\"@type\":\"ImageObject\",\"inLanguage\":\"en-GB\",\"@id\":\"https:\\\/\\\/www.ballettodanceshop.com\\\/sweat-echauffement-grishko-blaze\\\/#primaryimage\",\"url\":\"https:\\\/\\\/www.ballettodanceshop.com\\\/wp-content\\\/uploads\\\/2025\\\/07\\\/Sweat_Grishko_Blaze_Prune_1.jpg\",\"contentUrl\":\"https:\\\/\\\/www.ballettodanceshop.com\\\/wp-content\\\/uploads\\\/2025\\\/07\\\/Sweat_Grishko_Blaze_Prune_1.jpg\",\"width\":1000,\"height\":1400,\"caption\":\"Sweat Grishko Blaze Prune\"},{\"@type\":\"BreadcrumbList\",\"@id\":\"https:\\\/\\\/www.ballettodanceshop.com\\\/sweat-echauffement-grishko-blaze\\\/#breadcrumb\",\"itemListElement\":[{\"@type\":\"ListItem\",\"position\":1,\"name\":\"Accueil\",\"item\":\"https:\\\/\\\/www.ballettodanceshop.com\\\/\"},{\"@type\":\"ListItem\",\"position\":2,\"name\":\"Produits\",\"item\":\"https:\\\/\\\/www.ballettodanceshop.com\\\/boutique\\\/\"},{\"@type\":\"ListItem\",\"position\":3,\"name\":\"Sweat Echauffement Grishko Blaze\"}]},{\"@type\":\"WebSite\",\"@id\":\"https:\\\/\\\/www.ballettodanceshop.com\\\/#website\",\"url\":\"https:\\\/\\\/www.ballettodanceshop.com\\\/\",\"name\":\"Balletto Dance Shop\",\"description\":\"Keep Dancing !\",\"publisher\":{\"@id\":\"https:\\\/\\\/www.ballettodanceshop.com\\\/#organization\"},\"alternateName\":\"Balletto\",\"potentialAction\":[{\"@type\":\"SearchAction\",\"target\":{\"@type\":\"EntryPoint\",\"urlTemplate\":\"https:\\\/\\\/www.ballettodanceshop.com\\\/?s={search_term_string}\"},\"query-input\":{\"@type\":\"PropertyValueSpecification\",\"valueRequired\":true,\"valueName\":\"search_term_string\"}}],\"inLanguage\":\"en-GB\"},{\"@type\":\"Organization\",\"@id\":\"https:\\\/\\\/www.ballettodanceshop.com\\\/#organization\",\"name\":\"Balletto Dance Shop\",\"alternateName\":\"Balletto\",\"url\":\"https:\\\/\\\/www.ballettodanceshop.com\\\/\",\"logo\":{\"@type\":\"ImageObject\",\"inLanguage\":\"en-GB\",\"@id\":\"https:\\\/\\\/www.ballettodanceshop.com\\\/#\\\/schema\\\/logo\\\/image\\\/\",\"url\":\"https:\\\/\\\/www.ballettodanceshop.com\\\/wp-content\\\/uploads\\\/2025\\\/06\\\/LOGO-1.png\",\"contentUrl\":\"https:\\\/\\\/www.ballettodanceshop.com\\\/wp-content\\\/uploads\\\/2025\\\/06\\\/LOGO-1.png\",\"width\":508,\"height\":209,\"caption\":\"Balletto Dance Shop\"},\"image\":{\"@id\":\"https:\\\/\\\/www.ballettodanceshop.com\\\/#\\\/schema\\\/logo\\\/image\\\/\"},\"sameAs\":[\"https:\\\/\\\/www.facebook.com\\\/Ballettodanceshop\\\/\",\"https:\\\/\\\/x.com\\\/ballettodance\",\"https:\\\/\\\/www.tiktok.com\\\/@ballettodanceshop\",\"https:\\\/\\\/fr.linkedin.com\\\/company\\\/ballettodaneshop\",\"https:\\\/\\\/fr.pinterest.com\\\/ballettodanceshop\\\/\",\"https:\\\/\\\/www.threads.com\\\/@ballettodanceshop\",\"https:\\\/\\\/www.instagram.com\\\/ballettodanceshop\\\/\",\"https:\\\/\\\/www.youtube.com\\\/@ballettodanceshop\"]}]}<\/script>\n<!-- \/ Yoast SEO plugin. -->","yoast_head_json":{"title":"Grishko Blaze Warm-Up Sweat - Balletto Dance Shop","description":"It's the perfect sweatshirt to keep your muscles warm and ready to perform between dance classes or performances. Drainage guaranteed.","robots":{"index":"index","follow":"follow","max-snippet":"max-snippet:-1","max-image-preview":"max-image-preview:large","max-video-preview":"max-video-preview:-1"},"canonical":"https:\/\/www.ballettodanceshop.com\/en\/grishko-blaze-warm-up-sweatshirt\/","og_locale":"en_GB","og_type":"article","og_title":"Sweat Echauffement Grishko Blaze - Balletto Dance Shop","og_description":"C'est le Sweat parfait pour garder vos muscles au chaud et pr\u00eats \u00e0 performer entre les cours de danse ou les repr\u00e9sentations. Drainage garanti.","og_url":"https:\/\/www.ballettodanceshop.com\/en\/grishko-blaze-warm-up-sweatshirt\/","og_site_name":"Balletto Dance Shop","article_publisher":"https:\/\/www.facebook.com\/Ballettodanceshop\/","article_modified_time":"2026-04-03T13:01:26+00:00","og_image":[{"width":1000,"height":1400,"url":"https:\/\/www.ballettodanceshop.com\/wp-content\/uploads\/2025\/07\/Sweat_Grishko_Blaze_Prune_1.jpg","type":"image\/jpeg"}],"twitter_card":"summary_large_image","twitter_site":"@ballettodance","twitter_misc":{"Estimated reading time":"1 minute"},"schema":{"@context":"https:\/\/schema.org","@graph":[{"@type":"WebPage","@id":"https:\/\/www.ballettodanceshop.com\/sweat-echauffement-grishko-blaze\/","url":"https:\/\/www.ballettodanceshop.com\/sweat-echauffement-grishko-blaze\/","name":"Grishko Blaze Warm-Up Sweat - Balletto Dance Shop","isPartOf":{"@id":"https:\/\/www.ballettodanceshop.com\/#website"},"primaryImageOfPage":{"@id":"https:\/\/www.ballettodanceshop.com\/sweat-echauffement-grishko-blaze\/#primaryimage"},"image":{"@id":"https:\/\/www.ballettodanceshop.com\/sweat-echauffement-grishko-blaze\/#primaryimage"},"thumbnailUrl":"https:\/\/www.ballettodanceshop.com\/wp-content\/uploads\/2025\/07\/Sweat_Grishko_Blaze_Prune_1.jpg","datePublished":"2024-09-10T16:18:42+00:00","dateModified":"2026-04-03T13:01:26+00:00","description":"It's the perfect sweatshirt to keep your muscles warm and ready to perform between dance classes or performances. Drainage guaranteed.","breadcrumb":{"@id":"https:\/\/www.ballettodanceshop.com\/sweat-echauffement-grishko-blaze\/#breadcrumb"},"inLanguage":"en-GB","potentialAction":[{"@type":"ReadAction","target":["https:\/\/www.ballettodanceshop.com\/sweat-echauffement-grishko-blaze\/"]}]},{"@type":"ImageObject","inLanguage":"en-GB","@id":"https:\/\/www.ballettodanceshop.com\/sweat-echauffement-grishko-blaze\/#primaryimage","url":"https:\/\/www.ballettodanceshop.com\/wp-content\/uploads\/2025\/07\/Sweat_Grishko_Blaze_Prune_1.jpg","contentUrl":"https:\/\/www.ballettodanceshop.com\/wp-content\/uploads\/2025\/07\/Sweat_Grishko_Blaze_Prune_1.jpg","width":1000,"height":1400,"caption":"Sweat Grishko Blaze Prune"},{"@type":"BreadcrumbList","@id":"https:\/\/www.ballettodanceshop.com\/sweat-echauffement-grishko-blaze\/#breadcrumb","itemListElement":[{"@type":"ListItem","position":1,"name":"Accueil","item":"https:\/\/www.ballettodanceshop.com\/"},{"@type":"ListItem","position":2,"name":"Produits","item":"https:\/\/www.ballettodanceshop.com\/boutique\/"},{"@type":"ListItem","position":3,"name":"Sweat Echauffement Grishko Blaze"}]},{"@type":"WebSite","@id":"https:\/\/www.ballettodanceshop.com\/#website","url":"https:\/\/www.ballettodanceshop.com\/","name":"Balletto Dance Shop","description":"Keep Dancing!","publisher":{"@id":"https:\/\/www.ballettodanceshop.com\/#organization"},"alternateName":"Balletto","potentialAction":[{"@type":"SearchAction","target":{"@type":"EntryPoint","urlTemplate":"https:\/\/www.ballettodanceshop.com\/?s={search_term_string}"},"query-input":{"@type":"PropertyValueSpecification","valueRequired":true,"valueName":"search_term_string"}}],"inLanguage":"en-GB"},{"@type":"Organization","@id":"https:\/\/www.ballettodanceshop.com\/#organization","name":"Balletto Dance Shop","alternateName":"Balletto","url":"https:\/\/www.ballettodanceshop.com\/","logo":{"@type":"ImageObject","inLanguage":"en-GB","@id":"https:\/\/www.ballettodanceshop.com\/#\/schema\/logo\/image\/","url":"https:\/\/www.ballettodanceshop.com\/wp-content\/uploads\/2025\/06\/LOGO-1.png","contentUrl":"https:\/\/www.ballettodanceshop.com\/wp-content\/uploads\/2025\/06\/LOGO-1.png","width":508,"height":209,"caption":"Balletto Dance Shop"},"image":{"@id":"https:\/\/www.ballettodanceshop.com\/#\/schema\/logo\/image\/"},"sameAs":["https:\/\/www.facebook.com\/Ballettodanceshop\/","https:\/\/x.com\/ballettodance","https:\/\/www.tiktok.com\/@ballettodanceshop","https:\/\/fr.linkedin.com\/company\/ballettodaneshop","https:\/\/fr.pinterest.com\/ballettodanceshop\/","https:\/\/www.threads.com\/@ballettodanceshop","https:\/\/www.instagram.com\/ballettodanceshop\/","https:\/\/www.youtube.com\/@ballettodanceshop"]}]}},"_links":{"self":[{"href":"https:\/\/www.ballettodanceshop.com\/en\/wp-json\/wp\/v2\/product\/64943","targetHints":{"allow":["GET"]}}],"collection":[{"href":"https:\/\/www.ballettodanceshop.com\/en\/wp-json\/wp\/v2\/product"}],"about":[{"href":"https:\/\/www.ballettodanceshop.com\/en\/wp-json\/wp\/v2\/types\/product"}],"replies":[{"embeddable":true,"href":"https:\/\/www.ballettodanceshop.com\/en\/wp-json\/wp\/v2\/comments?post=64943"}],"wp:featuredmedia":[{"embeddable":true,"href":"https:\/\/www.ballettodanceshop.com\/en\/wp-json\/wp\/v2\/media\/21811"}],"wp:attachment":[{"href":"https:\/\/www.ballettodanceshop.com\/en\/wp-json\/wp\/v2\/media?parent=64943"}],"wp:term":[{"taxonomy":"product_brand","embeddable":true,"href":"https:\/\/www.ballettodanceshop.com\/en\/wp-json\/wp\/v2\/product_brand?post=64943"},{"taxonomy":"product_cat","embeddable":true,"href":"https:\/\/www.ballettodanceshop.com\/en\/wp-json\/wp\/v2\/product_cat?post=64943"},{"taxonomy":"product_tag","embeddable":true,"href":"https:\/\/www.ballettodanceshop.com\/en\/wp-json\/wp\/v2\/product_tag?post=64943"}],"curies":[{"name":"wp","href":"https:\/\/api.w.org\/{rel}","templated":true}]}}