{"id":64937,"date":"2024-09-07T18:09:05","date_gmt":"2024-09-07T16:09:05","guid":{"rendered":"https:\/\/www.ballettodanceshop.com\/peigne-cheveux-bachca-opaline\/"},"modified":"2025-08-24T18:04:00","modified_gmt":"2025-08-24T16:04:00","slug":"bachca-opaline-hair-comb","status":"publish","type":"product","link":"https:\/\/www.ballettodanceshop.com\/en\/peigne-cheveux-bachca-opaline\/","title":{"rendered":"Bachca Opaline Hair Comb"},"content":{"rendered":"<p><strong>Bachca Opaline Hair Comb<\/strong><\/p>\n<p>Cellulose acetate<\/p>","protected":false},"excerpt":{"rendered":"<p>AN ESSENTIAL ACCESSORY!<\/p>\n<p>New hair comb designed by Bachca Paris.<\/p>\n<p>Id\u00e9al pour tous les types de cheveux, le peigne en finition Opaline d\u00e9m\u00eale en douceur gr\u00e2ce \u00e0 ses dents arrondies.<\/p>\n<p>The wide, rounded teeth ensure gentle styling without breaking your hair.<\/p>\n<p>Il est \u00e9galement parfaitement adapt\u00e9 \u00e0 l&rsquo;application d&rsquo;un soin sous la douche.<\/p>\n<p>This comb is the perfect combination of a transparent base and a glossy lacquer. The Opaline finish gives a magnificent finish to these Bachca Paris hair accessories.<\/p>","protected":false},"featured_media":21800,"comment_status":"open","ping_status":"open","template":"","meta":{"_acf_changed":false},"product_brand":[],"product_cat":[154,19,61],"product_tag":[789],"class_list":{"0":"post-64937","1":"product","2":"type-product","3":"status-publish","4":"has-post-thumbnail","6":"product_cat-beaute-bien-etre","7":"product_cat-femmes","8":"product_cat-idees-cadeaux","9":"product_tag-livraison-sous-1-semaine","11":"first","12":"instock","13":"taxable","14":"shipping-taxable","15":"purchasable","16":"product-type-simple"},"acf":[],"yoast_head":"<!-- This site is optimized with the Yoast SEO plugin v27.4 - https:\/\/yoast.com\/product\/yoast-seo-wordpress\/ -->\n<title>Peigne Cheveux Bachca Opaline - Balletto Dance Shop<\/title>\n<meta name=\"description\" content=\"Peigne Opaline Ivoire. Id\u00e9al pour tous les types de cheveux. Il d\u00e9m\u00ealera vos cheveux en douceur sous la douche gr\u00e2ce \u00e0 ses bouts arrondis.\" \/>\n<meta name=\"robots\" content=\"index, follow, max-snippet:-1, max-image-preview:large, max-video-preview:-1\" \/>\n<link rel=\"canonical\" href=\"https:\/\/www.ballettodanceshop.com\/en\/bachca-opaline-hair-comb\/\" \/>\n<meta property=\"og:locale\" content=\"en_GB\" \/>\n<meta property=\"og:type\" content=\"article\" \/>\n<meta property=\"og:title\" content=\"Peigne Cheveux Bachca Opaline - Balletto Dance Shop\" \/>\n<meta property=\"og:description\" content=\"Peigne Opaline Ivoire. Id\u00e9al pour tous les types de cheveux. Il d\u00e9m\u00ealera vos cheveux en douceur sous la douche gr\u00e2ce \u00e0 ses bouts arrondis.\" \/>\n<meta property=\"og:url\" content=\"https:\/\/www.ballettodanceshop.com\/en\/bachca-opaline-hair-comb\/\" \/>\n<meta property=\"og:site_name\" content=\"Balletto Dance Shop\" \/>\n<meta property=\"article:publisher\" content=\"https:\/\/www.facebook.com\/Ballettodanceshop\/\" \/>\n<meta property=\"article:modified_time\" content=\"2025-08-24T16:04:00+00:00\" \/>\n<meta property=\"og:image\" content=\"https:\/\/www.ballettodanceshop.com\/wp-content\/uploads\/2025\/07\/Bachca-Paris-Peigne-Ivoire.webp\" \/>\n\t<meta property=\"og:image:width\" content=\"1000\" \/>\n\t<meta property=\"og:image:height\" content=\"1000\" \/>\n\t<meta property=\"og:image:type\" content=\"image\/webp\" \/>\n<meta name=\"twitter:card\" content=\"summary_large_image\" \/>\n<meta name=\"twitter:site\" content=\"@ballettodance\" \/>\n<script type=\"application\/ld+json\" class=\"yoast-schema-graph\">{\"@context\":\"https:\\\/\\\/schema.org\",\"@graph\":[{\"@type\":\"WebPage\",\"@id\":\"https:\\\/\\\/www.ballettodanceshop.com\\\/peigne-cheveux-bachca-opaline\\\/\",\"url\":\"https:\\\/\\\/www.ballettodanceshop.com\\\/peigne-cheveux-bachca-opaline\\\/\",\"name\":\"Peigne Cheveux Bachca Opaline - Balletto Dance Shop\",\"isPartOf\":{\"@id\":\"https:\\\/\\\/www.ballettodanceshop.com\\\/#website\"},\"primaryImageOfPage\":{\"@id\":\"https:\\\/\\\/www.ballettodanceshop.com\\\/peigne-cheveux-bachca-opaline\\\/#primaryimage\"},\"image\":{\"@id\":\"https:\\\/\\\/www.ballettodanceshop.com\\\/peigne-cheveux-bachca-opaline\\\/#primaryimage\"},\"thumbnailUrl\":\"https:\\\/\\\/www.ballettodanceshop.com\\\/wp-content\\\/uploads\\\/2025\\\/07\\\/Bachca-Paris-Peigne-Ivoire.webp\",\"datePublished\":\"2024-09-07T16:09:05+00:00\",\"dateModified\":\"2025-08-24T16:04:00+00:00\",\"description\":\"Peigne Opaline Ivoire. Id\u00e9al pour tous les types de cheveux. Il d\u00e9m\u00ealera vos cheveux en douceur sous la douche gr\u00e2ce \u00e0 ses bouts arrondis.\",\"breadcrumb\":{\"@id\":\"https:\\\/\\\/www.ballettodanceshop.com\\\/peigne-cheveux-bachca-opaline\\\/#breadcrumb\"},\"inLanguage\":\"en-GB\",\"potentialAction\":[{\"@type\":\"ReadAction\",\"target\":[\"https:\\\/\\\/www.ballettodanceshop.com\\\/peigne-cheveux-bachca-opaline\\\/\"]}]},{\"@type\":\"ImageObject\",\"inLanguage\":\"en-GB\",\"@id\":\"https:\\\/\\\/www.ballettodanceshop.com\\\/peigne-cheveux-bachca-opaline\\\/#primaryimage\",\"url\":\"https:\\\/\\\/www.ballettodanceshop.com\\\/wp-content\\\/uploads\\\/2025\\\/07\\\/Bachca-Paris-Peigne-Ivoire.webp\",\"contentUrl\":\"https:\\\/\\\/www.ballettodanceshop.com\\\/wp-content\\\/uploads\\\/2025\\\/07\\\/Bachca-Paris-Peigne-Ivoire.webp\",\"width\":1000,\"height\":1000,\"caption\":\"Peigne Opaline Bachca Paris\"},{\"@type\":\"BreadcrumbList\",\"@id\":\"https:\\\/\\\/www.ballettodanceshop.com\\\/peigne-cheveux-bachca-opaline\\\/#breadcrumb\",\"itemListElement\":[{\"@type\":\"ListItem\",\"position\":1,\"name\":\"Accueil\",\"item\":\"https:\\\/\\\/www.ballettodanceshop.com\\\/\"},{\"@type\":\"ListItem\",\"position\":2,\"name\":\"Produits\",\"item\":\"https:\\\/\\\/www.ballettodanceshop.com\\\/boutique\\\/\"},{\"@type\":\"ListItem\",\"position\":3,\"name\":\"Peigne Cheveux Bachca Opaline\"}]},{\"@type\":\"WebSite\",\"@id\":\"https:\\\/\\\/www.ballettodanceshop.com\\\/#website\",\"url\":\"https:\\\/\\\/www.ballettodanceshop.com\\\/\",\"name\":\"Balletto Dance Shop\",\"description\":\"Keep Dancing !\",\"publisher\":{\"@id\":\"https:\\\/\\\/www.ballettodanceshop.com\\\/#organization\"},\"alternateName\":\"Balletto\",\"potentialAction\":[{\"@type\":\"SearchAction\",\"target\":{\"@type\":\"EntryPoint\",\"urlTemplate\":\"https:\\\/\\\/www.ballettodanceshop.com\\\/?s={search_term_string}\"},\"query-input\":{\"@type\":\"PropertyValueSpecification\",\"valueRequired\":true,\"valueName\":\"search_term_string\"}}],\"inLanguage\":\"en-GB\"},{\"@type\":\"Organization\",\"@id\":\"https:\\\/\\\/www.ballettodanceshop.com\\\/#organization\",\"name\":\"Balletto Dance Shop\",\"alternateName\":\"Balletto\",\"url\":\"https:\\\/\\\/www.ballettodanceshop.com\\\/\",\"logo\":{\"@type\":\"ImageObject\",\"inLanguage\":\"en-GB\",\"@id\":\"https:\\\/\\\/www.ballettodanceshop.com\\\/#\\\/schema\\\/logo\\\/image\\\/\",\"url\":\"https:\\\/\\\/www.ballettodanceshop.com\\\/wp-content\\\/uploads\\\/2025\\\/06\\\/LOGO-1.png\",\"contentUrl\":\"https:\\\/\\\/www.ballettodanceshop.com\\\/wp-content\\\/uploads\\\/2025\\\/06\\\/LOGO-1.png\",\"width\":508,\"height\":209,\"caption\":\"Balletto Dance Shop\"},\"image\":{\"@id\":\"https:\\\/\\\/www.ballettodanceshop.com\\\/#\\\/schema\\\/logo\\\/image\\\/\"},\"sameAs\":[\"https:\\\/\\\/www.facebook.com\\\/Ballettodanceshop\\\/\",\"https:\\\/\\\/x.com\\\/ballettodance\",\"https:\\\/\\\/www.tiktok.com\\\/@ballettodanceshop\",\"https:\\\/\\\/fr.linkedin.com\\\/company\\\/ballettodaneshop\",\"https:\\\/\\\/fr.pinterest.com\\\/ballettodanceshop\\\/\",\"https:\\\/\\\/www.threads.com\\\/@ballettodanceshop\",\"https:\\\/\\\/www.instagram.com\\\/ballettodanceshop\\\/\",\"https:\\\/\\\/www.youtube.com\\\/@ballettodanceshop\"]}]}<\/script>\n<!-- \/ Yoast SEO plugin. -->","yoast_head_json":{"title":"Bachca Opaline Hair Comb - Balletto Dance Shop","description":"Peigne Opaline Ivoire. Id\u00e9al pour tous les types de cheveux. Il d\u00e9m\u00ealera vos cheveux en douceur sous la douche gr\u00e2ce \u00e0 ses bouts arrondis.","robots":{"index":"index","follow":"follow","max-snippet":"max-snippet:-1","max-image-preview":"max-image-preview:large","max-video-preview":"max-video-preview:-1"},"canonical":"https:\/\/www.ballettodanceshop.com\/en\/bachca-opaline-hair-comb\/","og_locale":"en_GB","og_type":"article","og_title":"Peigne Cheveux Bachca Opaline - Balletto Dance Shop","og_description":"Peigne Opaline Ivoire. Id\u00e9al pour tous les types de cheveux. Il d\u00e9m\u00ealera vos cheveux en douceur sous la douche gr\u00e2ce \u00e0 ses bouts arrondis.","og_url":"https:\/\/www.ballettodanceshop.com\/en\/bachca-opaline-hair-comb\/","og_site_name":"Balletto Dance Shop","article_publisher":"https:\/\/www.facebook.com\/Ballettodanceshop\/","article_modified_time":"2025-08-24T16:04:00+00:00","og_image":[{"width":1000,"height":1000,"url":"https:\/\/www.ballettodanceshop.com\/wp-content\/uploads\/2025\/07\/Bachca-Paris-Peigne-Ivoire.webp","type":"image\/webp"}],"twitter_card":"summary_large_image","twitter_site":"@ballettodance","schema":{"@context":"https:\/\/schema.org","@graph":[{"@type":"WebPage","@id":"https:\/\/www.ballettodanceshop.com\/peigne-cheveux-bachca-opaline\/","url":"https:\/\/www.ballettodanceshop.com\/peigne-cheveux-bachca-opaline\/","name":"Bachca Opaline Hair Comb - Balletto Dance Shop","isPartOf":{"@id":"https:\/\/www.ballettodanceshop.com\/#website"},"primaryImageOfPage":{"@id":"https:\/\/www.ballettodanceshop.com\/peigne-cheveux-bachca-opaline\/#primaryimage"},"image":{"@id":"https:\/\/www.ballettodanceshop.com\/peigne-cheveux-bachca-opaline\/#primaryimage"},"thumbnailUrl":"https:\/\/www.ballettodanceshop.com\/wp-content\/uploads\/2025\/07\/Bachca-Paris-Peigne-Ivoire.webp","datePublished":"2024-09-07T16:09:05+00:00","dateModified":"2025-08-24T16:04:00+00:00","description":"Peigne Opaline Ivoire. Id\u00e9al pour tous les types de cheveux. Il d\u00e9m\u00ealera vos cheveux en douceur sous la douche gr\u00e2ce \u00e0 ses bouts arrondis.","breadcrumb":{"@id":"https:\/\/www.ballettodanceshop.com\/peigne-cheveux-bachca-opaline\/#breadcrumb"},"inLanguage":"en-GB","potentialAction":[{"@type":"ReadAction","target":["https:\/\/www.ballettodanceshop.com\/peigne-cheveux-bachca-opaline\/"]}]},{"@type":"ImageObject","inLanguage":"en-GB","@id":"https:\/\/www.ballettodanceshop.com\/peigne-cheveux-bachca-opaline\/#primaryimage","url":"https:\/\/www.ballettodanceshop.com\/wp-content\/uploads\/2025\/07\/Bachca-Paris-Peigne-Ivoire.webp","contentUrl":"https:\/\/www.ballettodanceshop.com\/wp-content\/uploads\/2025\/07\/Bachca-Paris-Peigne-Ivoire.webp","width":1000,"height":1000,"caption":"Peigne Opaline Bachca Paris"},{"@type":"BreadcrumbList","@id":"https:\/\/www.ballettodanceshop.com\/peigne-cheveux-bachca-opaline\/#breadcrumb","itemListElement":[{"@type":"ListItem","position":1,"name":"Accueil","item":"https:\/\/www.ballettodanceshop.com\/"},{"@type":"ListItem","position":2,"name":"Produits","item":"https:\/\/www.ballettodanceshop.com\/boutique\/"},{"@type":"ListItem","position":3,"name":"Peigne Cheveux Bachca Opaline"}]},{"@type":"WebSite","@id":"https:\/\/www.ballettodanceshop.com\/#website","url":"https:\/\/www.ballettodanceshop.com\/","name":"Balletto Dance Shop","description":"Keep Dancing!","publisher":{"@id":"https:\/\/www.ballettodanceshop.com\/#organization"},"alternateName":"Balletto","potentialAction":[{"@type":"SearchAction","target":{"@type":"EntryPoint","urlTemplate":"https:\/\/www.ballettodanceshop.com\/?s={search_term_string}"},"query-input":{"@type":"PropertyValueSpecification","valueRequired":true,"valueName":"search_term_string"}}],"inLanguage":"en-GB"},{"@type":"Organization","@id":"https:\/\/www.ballettodanceshop.com\/#organization","name":"Balletto Dance Shop","alternateName":"Balletto","url":"https:\/\/www.ballettodanceshop.com\/","logo":{"@type":"ImageObject","inLanguage":"en-GB","@id":"https:\/\/www.ballettodanceshop.com\/#\/schema\/logo\/image\/","url":"https:\/\/www.ballettodanceshop.com\/wp-content\/uploads\/2025\/06\/LOGO-1.png","contentUrl":"https:\/\/www.ballettodanceshop.com\/wp-content\/uploads\/2025\/06\/LOGO-1.png","width":508,"height":209,"caption":"Balletto Dance Shop"},"image":{"@id":"https:\/\/www.ballettodanceshop.com\/#\/schema\/logo\/image\/"},"sameAs":["https:\/\/www.facebook.com\/Ballettodanceshop\/","https:\/\/x.com\/ballettodance","https:\/\/www.tiktok.com\/@ballettodanceshop","https:\/\/fr.linkedin.com\/company\/ballettodaneshop","https:\/\/fr.pinterest.com\/ballettodanceshop\/","https:\/\/www.threads.com\/@ballettodanceshop","https:\/\/www.instagram.com\/ballettodanceshop\/","https:\/\/www.youtube.com\/@ballettodanceshop"]}]}},"_links":{"self":[{"href":"https:\/\/www.ballettodanceshop.com\/en\/wp-json\/wp\/v2\/product\/64937","targetHints":{"allow":["GET"]}}],"collection":[{"href":"https:\/\/www.ballettodanceshop.com\/en\/wp-json\/wp\/v2\/product"}],"about":[{"href":"https:\/\/www.ballettodanceshop.com\/en\/wp-json\/wp\/v2\/types\/product"}],"replies":[{"embeddable":true,"href":"https:\/\/www.ballettodanceshop.com\/en\/wp-json\/wp\/v2\/comments?post=64937"}],"wp:featuredmedia":[{"embeddable":true,"href":"https:\/\/www.ballettodanceshop.com\/en\/wp-json\/wp\/v2\/media\/21800"}],"wp:attachment":[{"href":"https:\/\/www.ballettodanceshop.com\/en\/wp-json\/wp\/v2\/media?parent=64937"}],"wp:term":[{"taxonomy":"product_brand","embeddable":true,"href":"https:\/\/www.ballettodanceshop.com\/en\/wp-json\/wp\/v2\/product_brand?post=64937"},{"taxonomy":"product_cat","embeddable":true,"href":"https:\/\/www.ballettodanceshop.com\/en\/wp-json\/wp\/v2\/product_cat?post=64937"},{"taxonomy":"product_tag","embeddable":true,"href":"https:\/\/www.ballettodanceshop.com\/en\/wp-json\/wp\/v2\/product_tag?post=64937"}],"curies":[{"name":"wp","href":"https:\/\/api.w.org\/{rel}","templated":true}]}}