{"id":64855,"date":"2024-08-01T19:15:18","date_gmt":"2024-08-01T17:15:18","guid":{"rendered":"https:\/\/www.ballettodanceshop.com\/justaucorps-ballet-rosa-alondra\/"},"modified":"2026-03-14T10:43:52","modified_gmt":"2026-03-14T09:43:52","slug":"ballet-leotard-rosa-alondra","status":"publish","type":"product","link":"https:\/\/www.ballettodanceshop.com\/en\/justaucorps-ballet-rosa-alondra\/","title":{"rendered":"Ballet leotard Rosa Alondra"},"content":{"rendered":"<p><strong>Ballet leotard Rosa Alondra<\/strong><\/p>\n<p>Meryl Lycra<\/p>\n<p>Made in Portugal<\/p>","protected":false},"excerpt":{"rendered":"<p><strong>Justaucorps Ballet Rosa-Autumn collection inspired by the great dancer Christine Shevchenko.<\/strong><\/p>\n<p>Seamless leotard with V-neckline and delicate jewelled back straps.<\/p>\n<p>Id\u00e9al pour tous les styles de danse mais aussi vous pouvez le porter en tant que maillot de bain ou tout simplement en Body pour la Ville avec un Shorty ou un Jeans Denim.<\/p>\n<p><strong>Limited and Exclusive Edition<\/strong><\/p>","protected":false},"featured_media":21688,"comment_status":"open","ping_status":"closed","template":"","meta":{"_acf_changed":false},"product_brand":[],"product_cat":[299,113,303,19,91,144,370,272,273,62,146],"product_tag":[789],"class_list":{"0":"post-64855","1":"product","2":"type-product","3":"status-publish","4":"has-post-thumbnail","6":"product_cat-ballet-rosa","7":"product_cat-danses-latines","8":"product_cat-edition-limitee-ballet-rosa","9":"product_cat-femmes","10":"product_cat-jazz","11":"product_cat-justaucorps-tuniques","12":"product_cat-justaucorps","13":"product_cat-promotions","14":"product_cat-promotions-femmes","15":"product_cat-classique","16":"product_cat-tops-danses-latines","17":"product_tag-livraison-sous-1-semaine","19":"first","20":"instock","21":"sale","22":"taxable","23":"shipping-taxable","24":"purchasable","25":"product-type-variable"},"acf":[],"yoast_head":"<!-- This site is optimized with the Yoast SEO plugin v27.4 - https:\/\/yoast.com\/product\/yoast-seo-wordpress\/ -->\n<title>Justaucorps Ballet Rosa Alondra - Balletto Dance Shop<\/title>\n<meta name=\"description\" content=\"Splendide Justaucorps Ballet Rosa sans coutures d\u00e9collet\u00e9 en V et d\u00e9licates bretelles au dos orn\u00e9es de bijoux. Inspir\u00e9 par la danseuse Christine Shevchenko.\" \/>\n<meta name=\"robots\" content=\"index, follow, max-snippet:-1, max-image-preview:large, max-video-preview:-1\" \/>\n<link rel=\"canonical\" href=\"https:\/\/www.ballettodanceshop.com\/en\/ballet-leotard-rosa-alondra\/\" \/>\n<meta property=\"og:locale\" content=\"en_GB\" \/>\n<meta property=\"og:type\" content=\"article\" \/>\n<meta property=\"og:title\" content=\"Justaucorps Ballet Rosa Alondra - Balletto Dance Shop\" \/>\n<meta property=\"og:description\" content=\"Splendide Justaucorps Ballet Rosa sans coutures d\u00e9collet\u00e9 en V et d\u00e9licates bretelles au dos orn\u00e9es de bijoux. Inspir\u00e9 par la danseuse Christine Shevchenko.\" \/>\n<meta property=\"og:url\" content=\"https:\/\/www.ballettodanceshop.com\/en\/ballet-leotard-rosa-alondra\/\" \/>\n<meta property=\"og:site_name\" content=\"Balletto Dance Shop\" \/>\n<meta property=\"article:publisher\" content=\"https:\/\/www.facebook.com\/Ballettodanceshop\/\" \/>\n<meta property=\"article:modified_time\" content=\"2026-03-14T09:43:52+00:00\" \/>\n<meta property=\"og:image\" content=\"https:\/\/www.ballettodanceshop.com\/wp-content\/uploads\/2025\/07\/Justaucorps_Ballet_Rosa_Alondra_Noir.jpeg\" \/>\n\t<meta property=\"og:image:width\" content=\"640\" \/>\n\t<meta property=\"og:image:height\" content=\"800\" \/>\n\t<meta property=\"og:image:type\" content=\"image\/jpeg\" \/>\n<meta name=\"twitter:card\" content=\"summary_large_image\" \/>\n<meta name=\"twitter:site\" content=\"@ballettodance\" \/>\n<meta name=\"twitter:label1\" content=\"Estimated reading time\" \/>\n\t<meta name=\"twitter:data1\" content=\"1 minute\" \/>\n<script type=\"application\/ld+json\" class=\"yoast-schema-graph\">{\"@context\":\"https:\\\/\\\/schema.org\",\"@graph\":[{\"@type\":\"WebPage\",\"@id\":\"https:\\\/\\\/www.ballettodanceshop.com\\\/justaucorps-ballet-rosa-alondra\\\/\",\"url\":\"https:\\\/\\\/www.ballettodanceshop.com\\\/justaucorps-ballet-rosa-alondra\\\/\",\"name\":\"Justaucorps Ballet Rosa Alondra - Balletto Dance Shop\",\"isPartOf\":{\"@id\":\"https:\\\/\\\/www.ballettodanceshop.com\\\/#website\"},\"primaryImageOfPage\":{\"@id\":\"https:\\\/\\\/www.ballettodanceshop.com\\\/justaucorps-ballet-rosa-alondra\\\/#primaryimage\"},\"image\":{\"@id\":\"https:\\\/\\\/www.ballettodanceshop.com\\\/justaucorps-ballet-rosa-alondra\\\/#primaryimage\"},\"thumbnailUrl\":\"https:\\\/\\\/www.ballettodanceshop.com\\\/wp-content\\\/uploads\\\/2025\\\/07\\\/Justaucorps_Ballet_Rosa_Alondra_Noir.jpeg\",\"datePublished\":\"2024-08-01T17:15:18+00:00\",\"dateModified\":\"2026-03-14T09:43:52+00:00\",\"description\":\"Splendide Justaucorps Ballet Rosa sans coutures d\u00e9collet\u00e9 en V et d\u00e9licates bretelles au dos orn\u00e9es de bijoux. Inspir\u00e9 par la danseuse Christine Shevchenko.\",\"breadcrumb\":{\"@id\":\"https:\\\/\\\/www.ballettodanceshop.com\\\/justaucorps-ballet-rosa-alondra\\\/#breadcrumb\"},\"inLanguage\":\"en-GB\",\"potentialAction\":[{\"@type\":\"ReadAction\",\"target\":[\"https:\\\/\\\/www.ballettodanceshop.com\\\/justaucorps-ballet-rosa-alondra\\\/\"]}]},{\"@type\":\"ImageObject\",\"inLanguage\":\"en-GB\",\"@id\":\"https:\\\/\\\/www.ballettodanceshop.com\\\/justaucorps-ballet-rosa-alondra\\\/#primaryimage\",\"url\":\"https:\\\/\\\/www.ballettodanceshop.com\\\/wp-content\\\/uploads\\\/2025\\\/07\\\/Justaucorps_Ballet_Rosa_Alondra_Noir.jpeg\",\"contentUrl\":\"https:\\\/\\\/www.ballettodanceshop.com\\\/wp-content\\\/uploads\\\/2025\\\/07\\\/Justaucorps_Ballet_Rosa_Alondra_Noir.jpeg\",\"width\":640,\"height\":800,\"caption\":\"Justaucorps Ballet Rosa Alondra\"},{\"@type\":\"BreadcrumbList\",\"@id\":\"https:\\\/\\\/www.ballettodanceshop.com\\\/justaucorps-ballet-rosa-alondra\\\/#breadcrumb\",\"itemListElement\":[{\"@type\":\"ListItem\",\"position\":1,\"name\":\"Accueil\",\"item\":\"https:\\\/\\\/www.ballettodanceshop.com\\\/\"},{\"@type\":\"ListItem\",\"position\":2,\"name\":\"Produits\",\"item\":\"https:\\\/\\\/www.ballettodanceshop.com\\\/boutique\\\/\"},{\"@type\":\"ListItem\",\"position\":3,\"name\":\"Justaucorps Ballet Rosa Alondra\"}]},{\"@type\":\"WebSite\",\"@id\":\"https:\\\/\\\/www.ballettodanceshop.com\\\/#website\",\"url\":\"https:\\\/\\\/www.ballettodanceshop.com\\\/\",\"name\":\"Balletto Dance Shop\",\"description\":\"Keep Dancing !\",\"publisher\":{\"@id\":\"https:\\\/\\\/www.ballettodanceshop.com\\\/#organization\"},\"alternateName\":\"Balletto\",\"potentialAction\":[{\"@type\":\"SearchAction\",\"target\":{\"@type\":\"EntryPoint\",\"urlTemplate\":\"https:\\\/\\\/www.ballettodanceshop.com\\\/?s={search_term_string}\"},\"query-input\":{\"@type\":\"PropertyValueSpecification\",\"valueRequired\":true,\"valueName\":\"search_term_string\"}}],\"inLanguage\":\"en-GB\"},{\"@type\":\"Organization\",\"@id\":\"https:\\\/\\\/www.ballettodanceshop.com\\\/#organization\",\"name\":\"Balletto Dance Shop\",\"alternateName\":\"Balletto\",\"url\":\"https:\\\/\\\/www.ballettodanceshop.com\\\/\",\"logo\":{\"@type\":\"ImageObject\",\"inLanguage\":\"en-GB\",\"@id\":\"https:\\\/\\\/www.ballettodanceshop.com\\\/#\\\/schema\\\/logo\\\/image\\\/\",\"url\":\"https:\\\/\\\/www.ballettodanceshop.com\\\/wp-content\\\/uploads\\\/2025\\\/06\\\/LOGO-1.png\",\"contentUrl\":\"https:\\\/\\\/www.ballettodanceshop.com\\\/wp-content\\\/uploads\\\/2025\\\/06\\\/LOGO-1.png\",\"width\":508,\"height\":209,\"caption\":\"Balletto Dance Shop\"},\"image\":{\"@id\":\"https:\\\/\\\/www.ballettodanceshop.com\\\/#\\\/schema\\\/logo\\\/image\\\/\"},\"sameAs\":[\"https:\\\/\\\/www.facebook.com\\\/Ballettodanceshop\\\/\",\"https:\\\/\\\/x.com\\\/ballettodance\",\"https:\\\/\\\/www.tiktok.com\\\/@ballettodanceshop\",\"https:\\\/\\\/fr.linkedin.com\\\/company\\\/ballettodaneshop\",\"https:\\\/\\\/fr.pinterest.com\\\/ballettodanceshop\\\/\",\"https:\\\/\\\/www.threads.com\\\/@ballettodanceshop\",\"https:\\\/\\\/www.instagram.com\\\/ballettodanceshop\\\/\",\"https:\\\/\\\/www.youtube.com\\\/@ballettodanceshop\"]}]}<\/script>\n<!-- \/ Yoast SEO plugin. -->","yoast_head_json":{"title":"Ballet Rosa Alondra Leotard - Balletto Dance Shop","description":"Splendid seamless Ballet Rosa leotard with V-neckline and delicate jewelled straps at the back. Inspired by dancer Christine Shevchenko.","robots":{"index":"index","follow":"follow","max-snippet":"max-snippet:-1","max-image-preview":"max-image-preview:large","max-video-preview":"max-video-preview:-1"},"canonical":"https:\/\/www.ballettodanceshop.com\/en\/ballet-leotard-rosa-alondra\/","og_locale":"en_GB","og_type":"article","og_title":"Justaucorps Ballet Rosa Alondra - Balletto Dance Shop","og_description":"Splendide Justaucorps Ballet Rosa sans coutures d\u00e9collet\u00e9 en V et d\u00e9licates bretelles au dos orn\u00e9es de bijoux. Inspir\u00e9 par la danseuse Christine Shevchenko.","og_url":"https:\/\/www.ballettodanceshop.com\/en\/ballet-leotard-rosa-alondra\/","og_site_name":"Balletto Dance Shop","article_publisher":"https:\/\/www.facebook.com\/Ballettodanceshop\/","article_modified_time":"2026-03-14T09:43:52+00:00","og_image":[{"width":640,"height":800,"url":"https:\/\/www.ballettodanceshop.com\/wp-content\/uploads\/2025\/07\/Justaucorps_Ballet_Rosa_Alondra_Noir.jpeg","type":"image\/jpeg"}],"twitter_card":"summary_large_image","twitter_site":"@ballettodance","twitter_misc":{"Estimated reading time":"1 minute"},"schema":{"@context":"https:\/\/schema.org","@graph":[{"@type":"WebPage","@id":"https:\/\/www.ballettodanceshop.com\/justaucorps-ballet-rosa-alondra\/","url":"https:\/\/www.ballettodanceshop.com\/justaucorps-ballet-rosa-alondra\/","name":"Ballet Rosa Alondra Leotard - Balletto Dance Shop","isPartOf":{"@id":"https:\/\/www.ballettodanceshop.com\/#website"},"primaryImageOfPage":{"@id":"https:\/\/www.ballettodanceshop.com\/justaucorps-ballet-rosa-alondra\/#primaryimage"},"image":{"@id":"https:\/\/www.ballettodanceshop.com\/justaucorps-ballet-rosa-alondra\/#primaryimage"},"thumbnailUrl":"https:\/\/www.ballettodanceshop.com\/wp-content\/uploads\/2025\/07\/Justaucorps_Ballet_Rosa_Alondra_Noir.jpeg","datePublished":"2024-08-01T17:15:18+00:00","dateModified":"2026-03-14T09:43:52+00:00","description":"Splendid seamless Ballet Rosa leotard with V-neckline and delicate jewelled straps at the back. Inspired by dancer Christine Shevchenko.","breadcrumb":{"@id":"https:\/\/www.ballettodanceshop.com\/justaucorps-ballet-rosa-alondra\/#breadcrumb"},"inLanguage":"en-GB","potentialAction":[{"@type":"ReadAction","target":["https:\/\/www.ballettodanceshop.com\/justaucorps-ballet-rosa-alondra\/"]}]},{"@type":"ImageObject","inLanguage":"en-GB","@id":"https:\/\/www.ballettodanceshop.com\/justaucorps-ballet-rosa-alondra\/#primaryimage","url":"https:\/\/www.ballettodanceshop.com\/wp-content\/uploads\/2025\/07\/Justaucorps_Ballet_Rosa_Alondra_Noir.jpeg","contentUrl":"https:\/\/www.ballettodanceshop.com\/wp-content\/uploads\/2025\/07\/Justaucorps_Ballet_Rosa_Alondra_Noir.jpeg","width":640,"height":800,"caption":"Justaucorps Ballet Rosa Alondra"},{"@type":"BreadcrumbList","@id":"https:\/\/www.ballettodanceshop.com\/justaucorps-ballet-rosa-alondra\/#breadcrumb","itemListElement":[{"@type":"ListItem","position":1,"name":"Accueil","item":"https:\/\/www.ballettodanceshop.com\/"},{"@type":"ListItem","position":2,"name":"Produits","item":"https:\/\/www.ballettodanceshop.com\/boutique\/"},{"@type":"ListItem","position":3,"name":"Justaucorps Ballet Rosa Alondra"}]},{"@type":"WebSite","@id":"https:\/\/www.ballettodanceshop.com\/#website","url":"https:\/\/www.ballettodanceshop.com\/","name":"Balletto Dance Shop","description":"Keep Dancing!","publisher":{"@id":"https:\/\/www.ballettodanceshop.com\/#organization"},"alternateName":"Balletto","potentialAction":[{"@type":"SearchAction","target":{"@type":"EntryPoint","urlTemplate":"https:\/\/www.ballettodanceshop.com\/?s={search_term_string}"},"query-input":{"@type":"PropertyValueSpecification","valueRequired":true,"valueName":"search_term_string"}}],"inLanguage":"en-GB"},{"@type":"Organization","@id":"https:\/\/www.ballettodanceshop.com\/#organization","name":"Balletto Dance Shop","alternateName":"Balletto","url":"https:\/\/www.ballettodanceshop.com\/","logo":{"@type":"ImageObject","inLanguage":"en-GB","@id":"https:\/\/www.ballettodanceshop.com\/#\/schema\/logo\/image\/","url":"https:\/\/www.ballettodanceshop.com\/wp-content\/uploads\/2025\/06\/LOGO-1.png","contentUrl":"https:\/\/www.ballettodanceshop.com\/wp-content\/uploads\/2025\/06\/LOGO-1.png","width":508,"height":209,"caption":"Balletto Dance Shop"},"image":{"@id":"https:\/\/www.ballettodanceshop.com\/#\/schema\/logo\/image\/"},"sameAs":["https:\/\/www.facebook.com\/Ballettodanceshop\/","https:\/\/x.com\/ballettodance","https:\/\/www.tiktok.com\/@ballettodanceshop","https:\/\/fr.linkedin.com\/company\/ballettodaneshop","https:\/\/fr.pinterest.com\/ballettodanceshop\/","https:\/\/www.threads.com\/@ballettodanceshop","https:\/\/www.instagram.com\/ballettodanceshop\/","https:\/\/www.youtube.com\/@ballettodanceshop"]}]}},"_links":{"self":[{"href":"https:\/\/www.ballettodanceshop.com\/en\/wp-json\/wp\/v2\/product\/64855","targetHints":{"allow":["GET"]}}],"collection":[{"href":"https:\/\/www.ballettodanceshop.com\/en\/wp-json\/wp\/v2\/product"}],"about":[{"href":"https:\/\/www.ballettodanceshop.com\/en\/wp-json\/wp\/v2\/types\/product"}],"replies":[{"embeddable":true,"href":"https:\/\/www.ballettodanceshop.com\/en\/wp-json\/wp\/v2\/comments?post=64855"}],"wp:featuredmedia":[{"embeddable":true,"href":"https:\/\/www.ballettodanceshop.com\/en\/wp-json\/wp\/v2\/media\/21688"}],"wp:attachment":[{"href":"https:\/\/www.ballettodanceshop.com\/en\/wp-json\/wp\/v2\/media?parent=64855"}],"wp:term":[{"taxonomy":"product_brand","embeddable":true,"href":"https:\/\/www.ballettodanceshop.com\/en\/wp-json\/wp\/v2\/product_brand?post=64855"},{"taxonomy":"product_cat","embeddable":true,"href":"https:\/\/www.ballettodanceshop.com\/en\/wp-json\/wp\/v2\/product_cat?post=64855"},{"taxonomy":"product_tag","embeddable":true,"href":"https:\/\/www.ballettodanceshop.com\/en\/wp-json\/wp\/v2\/product_tag?post=64855"}],"curies":[{"name":"wp","href":"https:\/\/api.w.org\/{rel}","templated":true}]}}