{"id":64846,"date":"2024-07-30T18:45:53","date_gmt":"2024-07-30T16:45:53","guid":{"rendered":"https:\/\/www.ballettodanceshop.com\/gaynor-minden-ballet-weights\/"},"modified":"2025-08-24T18:03:47","modified_gmt":"2025-08-24T16:03:47","slug":"gaynor-minden-ballet-weights","status":"publish","type":"product","link":"https:\/\/www.ballettodanceshop.com\/en\/gaynor-minden-ballet-weights\/","title":{"rendered":"Gaynor Minden Ballet Weights"},"content":{"rendered":"<p><strong>Gaynor Minden Ballet Weights<\/strong><\/p>\n<p>Sold in packs of two adjustable bands<br \/>\n(0.5 kg) each.<\/p>","protected":false},"excerpt":{"rendered":"<p>Add resistance to muscle strengthening during your ballet class!<\/p>\n<p>The adjustable weighted bands can be easily integrated into the bar and the central parts of the course.<\/p>\n<p>Wear it on your wrists to give your shoulders a boost, or on your ankles to tone up your hamstrings.<\/p>\n<p>Les petits poids en acier sont joliment envelopp\u00e9s dans du silicone extr\u00eamement doux pour plus de confort et de durabilit\u00e9.<\/p>\n<p>Not just for dance classes, many workouts are enhanced by these weights. Ideal for Pilates, yoga and other types of cross-training.<\/p>\n<p>Vous pouvez les portez lors de votre footing quotidien.<\/p>\n<p>Sold in packs of two adjustable bands<br \/>\n(0.5 kg) each.<\/p>","protected":false},"featured_media":21670,"comment_status":"open","ping_status":"open","template":"","meta":{"_acf_changed":false},"product_brand":[],"product_cat":[104,92,66,108,67,107,111,103,65,93,114,116,117,118,120,19,25,26,718,23,123,124,61,68,340,91,62,101],"product_tag":[789],"class_list":{"0":"post-64846","1":"product","2":"type-product","3":"status-publish","4":"has-post-thumbnail","6":"product_cat-accessoires-athleisure","7":"product_cat-accessoires-jazz","8":"product_cat-accessoires-classique-filles","9":"product_cat-accessoires-athleisure-yoga-gym-pilates","10":"product_cat-accessoires","11":"product_cat-athleisure-yoga-gym-pilates","12":"product_cat-athleisure-yoga-gym-pilates-filles","13":"product_cat-athleisure","14":"product_cat-classique-filles","15":"product_cat-classique-garcons","16":"product_cat-echauffement","17":"product_cat-echauffements-classique-garcons","18":"product_cat-echauffements-classique-filles","19":"product_cat-echauffements-classique-hommes","20":"product_cat-echauffements","21":"product_cat-femmes","22":"product_cat-filles","23":"product_cat-garcons","24":"product_cat-gaynor-minden","25":"product_cat-hommes","26":"product_cat-idees-cadeaux-hommes","27":"product_cat-idees-cadeaux-garcons","28":"product_cat-idees-cadeaux","29":"product_cat-idees-cadeaux-filles","30":"product_cat-inspiration","31":"product_cat-jazz","32":"product_cat-classique","33":"product_cat-classique-hommes","34":"product_tag-livraison-sous-1-semaine","36":"first","37":"instock","38":"taxable","39":"shipping-taxable","40":"purchasable","41":"product-type-simple"},"acf":[],"yoast_head":"<!-- This site is optimized with the Yoast SEO plugin v27.4 - https:\/\/yoast.com\/product\/yoast-seo-wordpress\/ -->\n<title>Gaynor Minden Ballet Weights - Balletto Dance Shop<\/title>\n<meta name=\"description\" content=\"Ajoutez de la r\u00e9sistance au renforcement musculaire au cours de ballet avec ce nouveau accessoire cr\u00e9e par Gaynor Minden. Lot de deux bandes r\u00e9glables.\" \/>\n<meta name=\"robots\" content=\"index, follow, max-snippet:-1, max-image-preview:large, max-video-preview:-1\" \/>\n<link rel=\"canonical\" href=\"https:\/\/www.ballettodanceshop.com\/en\/gaynor-minden-ballet-weights\/\" \/>\n<meta property=\"og:locale\" content=\"en_GB\" \/>\n<meta property=\"og:type\" content=\"article\" \/>\n<meta property=\"og:title\" content=\"Gaynor Minden Ballet Weights - Balletto Dance Shop\" \/>\n<meta property=\"og:description\" content=\"Ajoutez de la r\u00e9sistance au renforcement musculaire au cours de ballet avec ce nouveau accessoire cr\u00e9e par Gaynor Minden. Lot de deux bandes r\u00e9glables.\" \/>\n<meta property=\"og:url\" content=\"https:\/\/www.ballettodanceshop.com\/en\/gaynor-minden-ballet-weights\/\" \/>\n<meta property=\"og:site_name\" content=\"Balletto Dance Shop\" \/>\n<meta property=\"article:publisher\" content=\"https:\/\/www.facebook.com\/Ballettodanceshop\/\" \/>\n<meta property=\"article:modified_time\" content=\"2025-08-24T16:03:47+00:00\" \/>\n<meta property=\"og:image\" content=\"https:\/\/www.ballettodanceshop.com\/wp-content\/uploads\/2025\/07\/Gaynor_Minden_BALLET-WEIGHTS.jpeg\" \/>\n\t<meta property=\"og:image:width\" content=\"768\" \/>\n\t<meta property=\"og:image:height\" content=\"1024\" \/>\n\t<meta property=\"og:image:type\" content=\"image\/jpeg\" \/>\n<meta name=\"twitter:card\" content=\"summary_large_image\" \/>\n<meta name=\"twitter:site\" content=\"@ballettodance\" \/>\n<script type=\"application\/ld+json\" class=\"yoast-schema-graph\">{\"@context\":\"https:\\\/\\\/schema.org\",\"@graph\":[{\"@type\":\"WebPage\",\"@id\":\"https:\\\/\\\/www.ballettodanceshop.com\\\/gaynor-minden-ballet-weights\\\/\",\"url\":\"https:\\\/\\\/www.ballettodanceshop.com\\\/gaynor-minden-ballet-weights\\\/\",\"name\":\"Gaynor Minden Ballet Weights - Balletto Dance Shop\",\"isPartOf\":{\"@id\":\"https:\\\/\\\/www.ballettodanceshop.com\\\/#website\"},\"primaryImageOfPage\":{\"@id\":\"https:\\\/\\\/www.ballettodanceshop.com\\\/gaynor-minden-ballet-weights\\\/#primaryimage\"},\"image\":{\"@id\":\"https:\\\/\\\/www.ballettodanceshop.com\\\/gaynor-minden-ballet-weights\\\/#primaryimage\"},\"thumbnailUrl\":\"https:\\\/\\\/www.ballettodanceshop.com\\\/wp-content\\\/uploads\\\/2025\\\/07\\\/Gaynor_Minden_BALLET-WEIGHTS.jpeg\",\"datePublished\":\"2024-07-30T16:45:53+00:00\",\"dateModified\":\"2025-08-24T16:03:47+00:00\",\"description\":\"Ajoutez de la r\u00e9sistance au renforcement musculaire au cours de ballet avec ce nouveau accessoire cr\u00e9e par Gaynor Minden. Lot de deux bandes r\u00e9glables.\",\"breadcrumb\":{\"@id\":\"https:\\\/\\\/www.ballettodanceshop.com\\\/gaynor-minden-ballet-weights\\\/#breadcrumb\"},\"inLanguage\":\"en-GB\",\"potentialAction\":[{\"@type\":\"ReadAction\",\"target\":[\"https:\\\/\\\/www.ballettodanceshop.com\\\/gaynor-minden-ballet-weights\\\/\"]}]},{\"@type\":\"ImageObject\",\"inLanguage\":\"en-GB\",\"@id\":\"https:\\\/\\\/www.ballettodanceshop.com\\\/gaynor-minden-ballet-weights\\\/#primaryimage\",\"url\":\"https:\\\/\\\/www.ballettodanceshop.com\\\/wp-content\\\/uploads\\\/2025\\\/07\\\/Gaynor_Minden_BALLET-WEIGHTS.jpeg\",\"contentUrl\":\"https:\\\/\\\/www.ballettodanceshop.com\\\/wp-content\\\/uploads\\\/2025\\\/07\\\/Gaynor_Minden_BALLET-WEIGHTS.jpeg\",\"width\":768,\"height\":1024,\"caption\":\"Gaynor Minden Ballet Weight\"},{\"@type\":\"BreadcrumbList\",\"@id\":\"https:\\\/\\\/www.ballettodanceshop.com\\\/gaynor-minden-ballet-weights\\\/#breadcrumb\",\"itemListElement\":[{\"@type\":\"ListItem\",\"position\":1,\"name\":\"Accueil\",\"item\":\"https:\\\/\\\/www.ballettodanceshop.com\\\/\"},{\"@type\":\"ListItem\",\"position\":2,\"name\":\"Produits\",\"item\":\"https:\\\/\\\/www.ballettodanceshop.com\\\/boutique\\\/\"},{\"@type\":\"ListItem\",\"position\":3,\"name\":\"Gaynor Minden Ballet Weights\"}]},{\"@type\":\"WebSite\",\"@id\":\"https:\\\/\\\/www.ballettodanceshop.com\\\/#website\",\"url\":\"https:\\\/\\\/www.ballettodanceshop.com\\\/\",\"name\":\"Balletto Dance Shop\",\"description\":\"Keep Dancing !\",\"publisher\":{\"@id\":\"https:\\\/\\\/www.ballettodanceshop.com\\\/#organization\"},\"alternateName\":\"Balletto\",\"potentialAction\":[{\"@type\":\"SearchAction\",\"target\":{\"@type\":\"EntryPoint\",\"urlTemplate\":\"https:\\\/\\\/www.ballettodanceshop.com\\\/?s={search_term_string}\"},\"query-input\":{\"@type\":\"PropertyValueSpecification\",\"valueRequired\":true,\"valueName\":\"search_term_string\"}}],\"inLanguage\":\"en-GB\"},{\"@type\":\"Organization\",\"@id\":\"https:\\\/\\\/www.ballettodanceshop.com\\\/#organization\",\"name\":\"Balletto Dance Shop\",\"alternateName\":\"Balletto\",\"url\":\"https:\\\/\\\/www.ballettodanceshop.com\\\/\",\"logo\":{\"@type\":\"ImageObject\",\"inLanguage\":\"en-GB\",\"@id\":\"https:\\\/\\\/www.ballettodanceshop.com\\\/#\\\/schema\\\/logo\\\/image\\\/\",\"url\":\"https:\\\/\\\/www.ballettodanceshop.com\\\/wp-content\\\/uploads\\\/2025\\\/06\\\/LOGO-1.png\",\"contentUrl\":\"https:\\\/\\\/www.ballettodanceshop.com\\\/wp-content\\\/uploads\\\/2025\\\/06\\\/LOGO-1.png\",\"width\":508,\"height\":209,\"caption\":\"Balletto Dance Shop\"},\"image\":{\"@id\":\"https:\\\/\\\/www.ballettodanceshop.com\\\/#\\\/schema\\\/logo\\\/image\\\/\"},\"sameAs\":[\"https:\\\/\\\/www.facebook.com\\\/Ballettodanceshop\\\/\",\"https:\\\/\\\/x.com\\\/ballettodance\",\"https:\\\/\\\/www.tiktok.com\\\/@ballettodanceshop\",\"https:\\\/\\\/fr.linkedin.com\\\/company\\\/ballettodaneshop\",\"https:\\\/\\\/fr.pinterest.com\\\/ballettodanceshop\\\/\",\"https:\\\/\\\/www.threads.com\\\/@ballettodanceshop\",\"https:\\\/\\\/www.instagram.com\\\/ballettodanceshop\\\/\",\"https:\\\/\\\/www.youtube.com\\\/@ballettodanceshop\"]}]}<\/script>\n<!-- \/ Yoast SEO plugin. -->","yoast_head_json":{"title":"Gaynor Minden Ballet Weights - Balletto Dance Shop","description":"Add resistance to your ballet class with this new accessory designed by Gaynor Minden. Set of two adjustable bands.","robots":{"index":"index","follow":"follow","max-snippet":"max-snippet:-1","max-image-preview":"max-image-preview:large","max-video-preview":"max-video-preview:-1"},"canonical":"https:\/\/www.ballettodanceshop.com\/en\/gaynor-minden-ballet-weights\/","og_locale":"en_GB","og_type":"article","og_title":"Gaynor Minden Ballet Weights - Balletto Dance Shop","og_description":"Ajoutez de la r\u00e9sistance au renforcement musculaire au cours de ballet avec ce nouveau accessoire cr\u00e9e par Gaynor Minden. Lot de deux bandes r\u00e9glables.","og_url":"https:\/\/www.ballettodanceshop.com\/en\/gaynor-minden-ballet-weights\/","og_site_name":"Balletto Dance Shop","article_publisher":"https:\/\/www.facebook.com\/Ballettodanceshop\/","article_modified_time":"2025-08-24T16:03:47+00:00","og_image":[{"width":768,"height":1024,"url":"https:\/\/www.ballettodanceshop.com\/wp-content\/uploads\/2025\/07\/Gaynor_Minden_BALLET-WEIGHTS.jpeg","type":"image\/jpeg"}],"twitter_card":"summary_large_image","twitter_site":"@ballettodance","schema":{"@context":"https:\/\/schema.org","@graph":[{"@type":"WebPage","@id":"https:\/\/www.ballettodanceshop.com\/gaynor-minden-ballet-weights\/","url":"https:\/\/www.ballettodanceshop.com\/gaynor-minden-ballet-weights\/","name":"Gaynor Minden Ballet Weights - Balletto Dance Shop","isPartOf":{"@id":"https:\/\/www.ballettodanceshop.com\/#website"},"primaryImageOfPage":{"@id":"https:\/\/www.ballettodanceshop.com\/gaynor-minden-ballet-weights\/#primaryimage"},"image":{"@id":"https:\/\/www.ballettodanceshop.com\/gaynor-minden-ballet-weights\/#primaryimage"},"thumbnailUrl":"https:\/\/www.ballettodanceshop.com\/wp-content\/uploads\/2025\/07\/Gaynor_Minden_BALLET-WEIGHTS.jpeg","datePublished":"2024-07-30T16:45:53+00:00","dateModified":"2025-08-24T16:03:47+00:00","description":"Add resistance to your ballet class with this new accessory designed by Gaynor Minden. Set of two adjustable bands.","breadcrumb":{"@id":"https:\/\/www.ballettodanceshop.com\/gaynor-minden-ballet-weights\/#breadcrumb"},"inLanguage":"en-GB","potentialAction":[{"@type":"ReadAction","target":["https:\/\/www.ballettodanceshop.com\/gaynor-minden-ballet-weights\/"]}]},{"@type":"ImageObject","inLanguage":"en-GB","@id":"https:\/\/www.ballettodanceshop.com\/gaynor-minden-ballet-weights\/#primaryimage","url":"https:\/\/www.ballettodanceshop.com\/wp-content\/uploads\/2025\/07\/Gaynor_Minden_BALLET-WEIGHTS.jpeg","contentUrl":"https:\/\/www.ballettodanceshop.com\/wp-content\/uploads\/2025\/07\/Gaynor_Minden_BALLET-WEIGHTS.jpeg","width":768,"height":1024,"caption":"Gaynor Minden Ballet Weight"},{"@type":"BreadcrumbList","@id":"https:\/\/www.ballettodanceshop.com\/gaynor-minden-ballet-weights\/#breadcrumb","itemListElement":[{"@type":"ListItem","position":1,"name":"Accueil","item":"https:\/\/www.ballettodanceshop.com\/"},{"@type":"ListItem","position":2,"name":"Produits","item":"https:\/\/www.ballettodanceshop.com\/boutique\/"},{"@type":"ListItem","position":3,"name":"Gaynor Minden Ballet Weights"}]},{"@type":"WebSite","@id":"https:\/\/www.ballettodanceshop.com\/#website","url":"https:\/\/www.ballettodanceshop.com\/","name":"Balletto Dance Shop","description":"Keep Dancing!","publisher":{"@id":"https:\/\/www.ballettodanceshop.com\/#organization"},"alternateName":"Balletto","potentialAction":[{"@type":"SearchAction","target":{"@type":"EntryPoint","urlTemplate":"https:\/\/www.ballettodanceshop.com\/?s={search_term_string}"},"query-input":{"@type":"PropertyValueSpecification","valueRequired":true,"valueName":"search_term_string"}}],"inLanguage":"en-GB"},{"@type":"Organization","@id":"https:\/\/www.ballettodanceshop.com\/#organization","name":"Balletto Dance Shop","alternateName":"Balletto","url":"https:\/\/www.ballettodanceshop.com\/","logo":{"@type":"ImageObject","inLanguage":"en-GB","@id":"https:\/\/www.ballettodanceshop.com\/#\/schema\/logo\/image\/","url":"https:\/\/www.ballettodanceshop.com\/wp-content\/uploads\/2025\/06\/LOGO-1.png","contentUrl":"https:\/\/www.ballettodanceshop.com\/wp-content\/uploads\/2025\/06\/LOGO-1.png","width":508,"height":209,"caption":"Balletto Dance Shop"},"image":{"@id":"https:\/\/www.ballettodanceshop.com\/#\/schema\/logo\/image\/"},"sameAs":["https:\/\/www.facebook.com\/Ballettodanceshop\/","https:\/\/x.com\/ballettodance","https:\/\/www.tiktok.com\/@ballettodanceshop","https:\/\/fr.linkedin.com\/company\/ballettodaneshop","https:\/\/fr.pinterest.com\/ballettodanceshop\/","https:\/\/www.threads.com\/@ballettodanceshop","https:\/\/www.instagram.com\/ballettodanceshop\/","https:\/\/www.youtube.com\/@ballettodanceshop"]}]}},"_links":{"self":[{"href":"https:\/\/www.ballettodanceshop.com\/en\/wp-json\/wp\/v2\/product\/64846","targetHints":{"allow":["GET"]}}],"collection":[{"href":"https:\/\/www.ballettodanceshop.com\/en\/wp-json\/wp\/v2\/product"}],"about":[{"href":"https:\/\/www.ballettodanceshop.com\/en\/wp-json\/wp\/v2\/types\/product"}],"replies":[{"embeddable":true,"href":"https:\/\/www.ballettodanceshop.com\/en\/wp-json\/wp\/v2\/comments?post=64846"}],"wp:featuredmedia":[{"embeddable":true,"href":"https:\/\/www.ballettodanceshop.com\/en\/wp-json\/wp\/v2\/media\/21670"}],"wp:attachment":[{"href":"https:\/\/www.ballettodanceshop.com\/en\/wp-json\/wp\/v2\/media?parent=64846"}],"wp:term":[{"taxonomy":"product_brand","embeddable":true,"href":"https:\/\/www.ballettodanceshop.com\/en\/wp-json\/wp\/v2\/product_brand?post=64846"},{"taxonomy":"product_cat","embeddable":true,"href":"https:\/\/www.ballettodanceshop.com\/en\/wp-json\/wp\/v2\/product_cat?post=64846"},{"taxonomy":"product_tag","embeddable":true,"href":"https:\/\/www.ballettodanceshop.com\/en\/wp-json\/wp\/v2\/product_tag?post=64846"}],"curies":[{"name":"wp","href":"https:\/\/api.w.org\/{rel}","templated":true}]}}