{"id":64534,"date":"2024-07-03T09:03:36","date_gmt":"2024-07-03T07:03:36","guid":{"rendered":"https:\/\/www.ballettodanceshop.com\/justaucorps-wear-moi-neoma-noir\/"},"modified":"2025-09-29T16:44:10","modified_gmt":"2025-09-29T14:44:10","slug":"wear-moi-neoma-leotard-black","status":"publish","type":"product","link":"https:\/\/www.ballettodanceshop.com\/en\/justaucorps-wear-moi-neoma-noir\/","title":{"rendered":"Wear Moi Neoma leotard - Black"},"content":{"rendered":"<p><strong>Wear Moi Neoma leotard - Black<br \/>\n<\/strong><\/p>\n<p>Microfibre - Stretch tulle - Front lining<\/p>\n<p>Designed in France<\/p>","protected":false},"excerpt":{"rendered":"<p>Wide straps dance leotard in Italian tulle designed by Wear Moi - <strong>FlexiFit Support Collection.<\/strong><\/p>\n<p>This leotard skilfully combines Italian tulle with geometric interlacing.<\/p>\n<p>Des empi\u00e8cements en tulle sont judicieusement positionn\u00e9s, notamment sur les c\u00f4t\u00e9s et les bretelles, offrant \u00e0 la fois un maintien renforc\u00e9 et un design assez raffin\u00e9. Ils assurent une a\u00e9ration optimale, tout en offrant un look des plus fantastique au niveau du dos.<\/p>\n<p>This leotard for ballet, modern jazz or contemporary dance has a discreet inner chest pocket designed to hold removable soft shells, depending on your preference.<\/p>\n<p>With the Justaucorps Wear Moi Neoma, every detail has been thought out to combine aesthetics and functionality in your daily performance.<\/p>\n<p>&nbsp;<\/p>","protected":false},"featured_media":20657,"comment_status":"open","ping_status":"closed","template":"","meta":{"_acf_changed":false},"product_brand":[],"product_cat":[103,246,19,91,365,144,370,272,273,62,97,942,463,308,398],"product_tag":[786],"class_list":{"0":"post-64534","1":"product","2":"type-product","3":"status-publish","4":"has-post-thumbnail","6":"product_cat-athleisure","7":"product_cat-caractere","8":"product_cat-femmes","9":"product_cat-jazz","10":"product_cat-justaucorps-contemporain","11":"product_cat-justaucorps-tuniques","12":"product_cat-justaucorps","13":"product_cat-promotions","14":"product_cat-promotions-femmes","15":"product_cat-classique","16":"product_cat-contemporain","17":"product_cat-tenues-chaussures-de-danse-de-caractere-femme","18":"product_cat-tenues","19":"product_cat-tops-athleisure","20":"product_cat-wear-moi","21":"product_tag-livraison-24-a-48h","23":"first","24":"instock","25":"sale","26":"taxable","27":"shipping-taxable","28":"purchasable","29":"product-type-variable"},"acf":[],"yoast_head":"<!-- This site is optimized with the Yoast SEO plugin v27.4 - https:\/\/yoast.com\/product\/yoast-seo-wordpress\/ -->\n<title>Justaucorps Wear Moi Neoma - Noir - Balletto Dance Shop<\/title>\n<meta name=\"description\" content=\"Justaucorps de danse Wear Moi Noir aux jolies empi\u00e8cements en tulle positionn\u00e9s sur les c\u00f4t\u00e9s et les bretelles, pour un maintien renforc\u00e9 et un beau design.\" \/>\n<meta name=\"robots\" content=\"index, follow, max-snippet:-1, max-image-preview:large, max-video-preview:-1\" \/>\n<link rel=\"canonical\" href=\"https:\/\/www.ballettodanceshop.com\/en\/wear-moi-neoma-leotard-black\/\" \/>\n<meta property=\"og:locale\" content=\"en_GB\" \/>\n<meta property=\"og:type\" content=\"article\" \/>\n<meta property=\"og:title\" content=\"Justaucorps Wear Moi Neoma - Noir - Balletto Dance Shop\" \/>\n<meta property=\"og:description\" content=\"Justaucorps de danse Wear Moi Noir aux jolies empi\u00e8cements en tulle positionn\u00e9s sur les c\u00f4t\u00e9s et les bretelles, pour un maintien renforc\u00e9 et un beau design.\" \/>\n<meta property=\"og:url\" content=\"https:\/\/www.ballettodanceshop.com\/en\/wear-moi-neoma-leotard-black\/\" \/>\n<meta property=\"og:site_name\" content=\"Balletto Dance Shop\" \/>\n<meta property=\"article:publisher\" content=\"https:\/\/www.facebook.com\/Ballettodanceshop\/\" \/>\n<meta property=\"article:modified_time\" content=\"2025-09-29T14:44:10+00:00\" \/>\n<meta property=\"og:image\" content=\"https:\/\/www.ballettodanceshop.com\/wp-content\/uploads\/2025\/07\/justaucorps-wear-moi-Neoma_Noir_BK.jpeg\" \/>\n\t<meta property=\"og:image:width\" content=\"1336\" \/>\n\t<meta property=\"og:image:height\" content=\"2000\" \/>\n\t<meta property=\"og:image:type\" content=\"image\/jpeg\" \/>\n<meta name=\"twitter:card\" content=\"summary_large_image\" \/>\n<meta name=\"twitter:site\" content=\"@ballettodance\" \/>\n<meta name=\"twitter:label1\" content=\"Estimated reading time\" \/>\n\t<meta name=\"twitter:data1\" content=\"1 minute\" \/>\n<script type=\"application\/ld+json\" class=\"yoast-schema-graph\">{\"@context\":\"https:\\\/\\\/schema.org\",\"@graph\":[{\"@type\":\"WebPage\",\"@id\":\"https:\\\/\\\/www.ballettodanceshop.com\\\/justaucorps-wear-moi-neoma-noir\\\/\",\"url\":\"https:\\\/\\\/www.ballettodanceshop.com\\\/justaucorps-wear-moi-neoma-noir\\\/\",\"name\":\"Justaucorps Wear Moi Neoma - Noir - Balletto Dance Shop\",\"isPartOf\":{\"@id\":\"https:\\\/\\\/www.ballettodanceshop.com\\\/#website\"},\"primaryImageOfPage\":{\"@id\":\"https:\\\/\\\/www.ballettodanceshop.com\\\/justaucorps-wear-moi-neoma-noir\\\/#primaryimage\"},\"image\":{\"@id\":\"https:\\\/\\\/www.ballettodanceshop.com\\\/justaucorps-wear-moi-neoma-noir\\\/#primaryimage\"},\"thumbnailUrl\":\"https:\\\/\\\/www.ballettodanceshop.com\\\/wp-content\\\/uploads\\\/2025\\\/07\\\/justaucorps-wear-moi-Neoma_Noir_BK.jpeg\",\"datePublished\":\"2024-07-03T07:03:36+00:00\",\"dateModified\":\"2025-09-29T14:44:10+00:00\",\"description\":\"Justaucorps de danse Wear Moi Noir aux jolies empi\u00e8cements en tulle positionn\u00e9s sur les c\u00f4t\u00e9s et les bretelles, pour un maintien renforc\u00e9 et un beau design.\",\"breadcrumb\":{\"@id\":\"https:\\\/\\\/www.ballettodanceshop.com\\\/justaucorps-wear-moi-neoma-noir\\\/#breadcrumb\"},\"inLanguage\":\"en-GB\",\"potentialAction\":[{\"@type\":\"ReadAction\",\"target\":[\"https:\\\/\\\/www.ballettodanceshop.com\\\/justaucorps-wear-moi-neoma-noir\\\/\"]}]},{\"@type\":\"ImageObject\",\"inLanguage\":\"en-GB\",\"@id\":\"https:\\\/\\\/www.ballettodanceshop.com\\\/justaucorps-wear-moi-neoma-noir\\\/#primaryimage\",\"url\":\"https:\\\/\\\/www.ballettodanceshop.com\\\/wp-content\\\/uploads\\\/2025\\\/07\\\/justaucorps-wear-moi-Neoma_Noir_BK.jpeg\",\"contentUrl\":\"https:\\\/\\\/www.ballettodanceshop.com\\\/wp-content\\\/uploads\\\/2025\\\/07\\\/justaucorps-wear-moi-Neoma_Noir_BK.jpeg\",\"width\":1336,\"height\":2000,\"caption\":\"Wear Moi Neoma Noir\"},{\"@type\":\"BreadcrumbList\",\"@id\":\"https:\\\/\\\/www.ballettodanceshop.com\\\/justaucorps-wear-moi-neoma-noir\\\/#breadcrumb\",\"itemListElement\":[{\"@type\":\"ListItem\",\"position\":1,\"name\":\"Accueil\",\"item\":\"https:\\\/\\\/www.ballettodanceshop.com\\\/\"},{\"@type\":\"ListItem\",\"position\":2,\"name\":\"Produits\",\"item\":\"https:\\\/\\\/www.ballettodanceshop.com\\\/boutique\\\/\"},{\"@type\":\"ListItem\",\"position\":3,\"name\":\"Justaucorps Wear Moi Neoma &#8211; Noir\"}]},{\"@type\":\"WebSite\",\"@id\":\"https:\\\/\\\/www.ballettodanceshop.com\\\/#website\",\"url\":\"https:\\\/\\\/www.ballettodanceshop.com\\\/\",\"name\":\"Balletto Dance Shop\",\"description\":\"Keep Dancing !\",\"publisher\":{\"@id\":\"https:\\\/\\\/www.ballettodanceshop.com\\\/#organization\"},\"alternateName\":\"Balletto\",\"potentialAction\":[{\"@type\":\"SearchAction\",\"target\":{\"@type\":\"EntryPoint\",\"urlTemplate\":\"https:\\\/\\\/www.ballettodanceshop.com\\\/?s={search_term_string}\"},\"query-input\":{\"@type\":\"PropertyValueSpecification\",\"valueRequired\":true,\"valueName\":\"search_term_string\"}}],\"inLanguage\":\"en-GB\"},{\"@type\":\"Organization\",\"@id\":\"https:\\\/\\\/www.ballettodanceshop.com\\\/#organization\",\"name\":\"Balletto Dance Shop\",\"alternateName\":\"Balletto\",\"url\":\"https:\\\/\\\/www.ballettodanceshop.com\\\/\",\"logo\":{\"@type\":\"ImageObject\",\"inLanguage\":\"en-GB\",\"@id\":\"https:\\\/\\\/www.ballettodanceshop.com\\\/#\\\/schema\\\/logo\\\/image\\\/\",\"url\":\"https:\\\/\\\/www.ballettodanceshop.com\\\/wp-content\\\/uploads\\\/2025\\\/06\\\/LOGO-1.png\",\"contentUrl\":\"https:\\\/\\\/www.ballettodanceshop.com\\\/wp-content\\\/uploads\\\/2025\\\/06\\\/LOGO-1.png\",\"width\":508,\"height\":209,\"caption\":\"Balletto Dance Shop\"},\"image\":{\"@id\":\"https:\\\/\\\/www.ballettodanceshop.com\\\/#\\\/schema\\\/logo\\\/image\\\/\"},\"sameAs\":[\"https:\\\/\\\/www.facebook.com\\\/Ballettodanceshop\\\/\",\"https:\\\/\\\/x.com\\\/ballettodance\",\"https:\\\/\\\/www.tiktok.com\\\/@ballettodanceshop\",\"https:\\\/\\\/fr.linkedin.com\\\/company\\\/ballettodaneshop\",\"https:\\\/\\\/fr.pinterest.com\\\/ballettodanceshop\\\/\",\"https:\\\/\\\/www.threads.com\\\/@ballettodanceshop\",\"https:\\\/\\\/www.instagram.com\\\/ballettodanceshop\\\/\",\"https:\\\/\\\/www.youtube.com\\\/@ballettodanceshop\"]}]}<\/script>\n<!-- \/ Yoast SEO plugin. -->","yoast_head_json":{"title":"Wear Moi Neoma Leotard - Black - Balletto Dance Shop","description":"Wear Moi Black dance leotard with pretty tulle inserts on the sides and straps for extra support and a beautiful design.","robots":{"index":"index","follow":"follow","max-snippet":"max-snippet:-1","max-image-preview":"max-image-preview:large","max-video-preview":"max-video-preview:-1"},"canonical":"https:\/\/www.ballettodanceshop.com\/en\/wear-moi-neoma-leotard-black\/","og_locale":"en_GB","og_type":"article","og_title":"Justaucorps Wear Moi Neoma - Noir - Balletto Dance Shop","og_description":"Justaucorps de danse Wear Moi Noir aux jolies empi\u00e8cements en tulle positionn\u00e9s sur les c\u00f4t\u00e9s et les bretelles, pour un maintien renforc\u00e9 et un beau design.","og_url":"https:\/\/www.ballettodanceshop.com\/en\/wear-moi-neoma-leotard-black\/","og_site_name":"Balletto Dance Shop","article_publisher":"https:\/\/www.facebook.com\/Ballettodanceshop\/","article_modified_time":"2025-09-29T14:44:10+00:00","og_image":[{"width":1336,"height":2000,"url":"https:\/\/www.ballettodanceshop.com\/wp-content\/uploads\/2025\/07\/justaucorps-wear-moi-Neoma_Noir_BK.jpeg","type":"image\/jpeg"}],"twitter_card":"summary_large_image","twitter_site":"@ballettodance","twitter_misc":{"Estimated reading time":"1 minute"},"schema":{"@context":"https:\/\/schema.org","@graph":[{"@type":"WebPage","@id":"https:\/\/www.ballettodanceshop.com\/justaucorps-wear-moi-neoma-noir\/","url":"https:\/\/www.ballettodanceshop.com\/justaucorps-wear-moi-neoma-noir\/","name":"Wear Moi Neoma Leotard - Black - Balletto Dance Shop","isPartOf":{"@id":"https:\/\/www.ballettodanceshop.com\/#website"},"primaryImageOfPage":{"@id":"https:\/\/www.ballettodanceshop.com\/justaucorps-wear-moi-neoma-noir\/#primaryimage"},"image":{"@id":"https:\/\/www.ballettodanceshop.com\/justaucorps-wear-moi-neoma-noir\/#primaryimage"},"thumbnailUrl":"https:\/\/www.ballettodanceshop.com\/wp-content\/uploads\/2025\/07\/justaucorps-wear-moi-Neoma_Noir_BK.jpeg","datePublished":"2024-07-03T07:03:36+00:00","dateModified":"2025-09-29T14:44:10+00:00","description":"Wear Moi Black dance leotard with pretty tulle inserts on the sides and straps for extra support and a beautiful design.","breadcrumb":{"@id":"https:\/\/www.ballettodanceshop.com\/justaucorps-wear-moi-neoma-noir\/#breadcrumb"},"inLanguage":"en-GB","potentialAction":[{"@type":"ReadAction","target":["https:\/\/www.ballettodanceshop.com\/justaucorps-wear-moi-neoma-noir\/"]}]},{"@type":"ImageObject","inLanguage":"en-GB","@id":"https:\/\/www.ballettodanceshop.com\/justaucorps-wear-moi-neoma-noir\/#primaryimage","url":"https:\/\/www.ballettodanceshop.com\/wp-content\/uploads\/2025\/07\/justaucorps-wear-moi-Neoma_Noir_BK.jpeg","contentUrl":"https:\/\/www.ballettodanceshop.com\/wp-content\/uploads\/2025\/07\/justaucorps-wear-moi-Neoma_Noir_BK.jpeg","width":1336,"height":2000,"caption":"Wear Moi Neoma Noir"},{"@type":"BreadcrumbList","@id":"https:\/\/www.ballettodanceshop.com\/justaucorps-wear-moi-neoma-noir\/#breadcrumb","itemListElement":[{"@type":"ListItem","position":1,"name":"Accueil","item":"https:\/\/www.ballettodanceshop.com\/"},{"@type":"ListItem","position":2,"name":"Produits","item":"https:\/\/www.ballettodanceshop.com\/boutique\/"},{"@type":"ListItem","position":3,"name":"Justaucorps Wear Moi Neoma &#8211; Noir"}]},{"@type":"WebSite","@id":"https:\/\/www.ballettodanceshop.com\/#website","url":"https:\/\/www.ballettodanceshop.com\/","name":"Balletto Dance Shop","description":"Keep Dancing!","publisher":{"@id":"https:\/\/www.ballettodanceshop.com\/#organization"},"alternateName":"Balletto","potentialAction":[{"@type":"SearchAction","target":{"@type":"EntryPoint","urlTemplate":"https:\/\/www.ballettodanceshop.com\/?s={search_term_string}"},"query-input":{"@type":"PropertyValueSpecification","valueRequired":true,"valueName":"search_term_string"}}],"inLanguage":"en-GB"},{"@type":"Organization","@id":"https:\/\/www.ballettodanceshop.com\/#organization","name":"Balletto Dance Shop","alternateName":"Balletto","url":"https:\/\/www.ballettodanceshop.com\/","logo":{"@type":"ImageObject","inLanguage":"en-GB","@id":"https:\/\/www.ballettodanceshop.com\/#\/schema\/logo\/image\/","url":"https:\/\/www.ballettodanceshop.com\/wp-content\/uploads\/2025\/06\/LOGO-1.png","contentUrl":"https:\/\/www.ballettodanceshop.com\/wp-content\/uploads\/2025\/06\/LOGO-1.png","width":508,"height":209,"caption":"Balletto Dance Shop"},"image":{"@id":"https:\/\/www.ballettodanceshop.com\/#\/schema\/logo\/image\/"},"sameAs":["https:\/\/www.facebook.com\/Ballettodanceshop\/","https:\/\/x.com\/ballettodance","https:\/\/www.tiktok.com\/@ballettodanceshop","https:\/\/fr.linkedin.com\/company\/ballettodaneshop","https:\/\/fr.pinterest.com\/ballettodanceshop\/","https:\/\/www.threads.com\/@ballettodanceshop","https:\/\/www.instagram.com\/ballettodanceshop\/","https:\/\/www.youtube.com\/@ballettodanceshop"]}]}},"_links":{"self":[{"href":"https:\/\/www.ballettodanceshop.com\/en\/wp-json\/wp\/v2\/product\/64534","targetHints":{"allow":["GET"]}}],"collection":[{"href":"https:\/\/www.ballettodanceshop.com\/en\/wp-json\/wp\/v2\/product"}],"about":[{"href":"https:\/\/www.ballettodanceshop.com\/en\/wp-json\/wp\/v2\/types\/product"}],"replies":[{"embeddable":true,"href":"https:\/\/www.ballettodanceshop.com\/en\/wp-json\/wp\/v2\/comments?post=64534"}],"wp:featuredmedia":[{"embeddable":true,"href":"https:\/\/www.ballettodanceshop.com\/en\/wp-json\/wp\/v2\/media\/20657"}],"wp:attachment":[{"href":"https:\/\/www.ballettodanceshop.com\/en\/wp-json\/wp\/v2\/media?parent=64534"}],"wp:term":[{"taxonomy":"product_brand","embeddable":true,"href":"https:\/\/www.ballettodanceshop.com\/en\/wp-json\/wp\/v2\/product_brand?post=64534"},{"taxonomy":"product_cat","embeddable":true,"href":"https:\/\/www.ballettodanceshop.com\/en\/wp-json\/wp\/v2\/product_cat?post=64534"},{"taxonomy":"product_tag","embeddable":true,"href":"https:\/\/www.ballettodanceshop.com\/en\/wp-json\/wp\/v2\/product_tag?post=64534"}],"curies":[{"name":"wp","href":"https:\/\/api.w.org\/{rel}","templated":true}]}}