{"id":64442,"date":"2024-06-04T14:15:06","date_gmt":"2024-06-04T12:15:06","guid":{"rendered":"https:\/\/www.ballettodanceshop.com\/justaucorps-gaynor-minden-madame-x-coral\/"},"modified":"2026-03-11T15:54:15","modified_gmt":"2026-03-11T14:54:15","slug":"gaynor-minden-madame-x-coral-leotard","status":"publish","type":"product","link":"https:\/\/www.ballettodanceshop.com\/en\/justaucorps-gaynor-minden-madame-x-coral\/","title":{"rendered":"Gaynor Minden Madame X Coral leotard"},"content":{"rendered":"<p><strong>Gaynor Minden Madame X Coral leotard<\/strong><\/p>\n<p>78 % recycled polyamide, 22 % elastane<\/p>\n<p>Doubled in front.<\/p>","protected":false},"excerpt":{"rendered":"<p>Dance leotard with a very feminine design created by the American dance company Gaynor Minden.<\/p>\n<p><span data-spai-bg-prepared=\"1\">The Madame X leotard is inspired by the famous (and provocative) portrait of Madame Virginie Gautreau by John Singer Sargent.<\/span><br \/>\n<span data-spai-bg-prepared=\"1\">Like the original, it's always ahead of its time.<\/span><\/p>\n<p>The back, neckline and straps are dazzling thanks to the stretch tulle inserts.<\/p>\n<p>Ce Justaucorps Gaynor Minden assure un maintien optimal de la poitrine gr\u00e2ce \u00e0 son \u00e9lastique de maintien sous poitrine.<\/p>\n<p><strong>This colour is a Limited Edition.<\/strong><\/p>\n<p>&nbsp;<\/p>\n<p>&nbsp;<\/p>","protected":false},"featured_media":21115,"comment_status":"open","ping_status":"closed","template":"","meta":{"_acf_changed":false},"product_brand":[],"product_cat":[103,246,19,718,91,959,365,949,144,370,966,954,972,62,97,942,463,308],"product_tag":[786],"class_list":{"0":"post-64442","1":"product","2":"type-product","3":"status-publish","4":"has-post-thumbnail","6":"product_cat-athleisure","7":"product_cat-caractere","8":"product_cat-femmes","9":"product_cat-gaynor-minden","10":"product_cat-jazz","11":"product_cat-justaucorps-danse-contemporaine","12":"product_cat-justaucorps-contemporain","13":"product_cat-justaucorps-de-danse","14":"product_cat-justaucorps-tuniques","15":"product_cat-justaucorps","16":"product_cat-justaucorps-dos-nu","17":"product_cat-justaucorps-rose","18":"product_cat-justaucorps-sans-manches","19":"product_cat-classique","20":"product_cat-contemporain","21":"product_cat-tenues-chaussures-de-danse-de-caractere-femme","22":"product_cat-tenues","23":"product_cat-tops-athleisure","24":"product_tag-livraison-24-a-48h","26":"first","27":"instock","28":"taxable","29":"shipping-taxable","30":"purchasable","31":"product-type-variable"},"acf":[],"yoast_head":"<!-- This site is optimized with the Yoast SEO plugin v27.4 - https:\/\/yoast.com\/product\/yoast-seo-wordpress\/ -->\n<title>Justaucorps Gaynor Minden Madame X Coral - Balletto Dance Shop<\/title>\n<meta name=\"description\" content=\"Justaucorps de Danse con\u00e7u \u00e0 partir d&#039;un tissu durable recycl\u00e9. Son dos, son d\u00e9collet\u00e9 et ses bretelles sont \u00e9blouissants avec ses empi\u00e8cements en tulle.\" \/>\n<meta name=\"robots\" content=\"index, follow, max-snippet:-1, max-image-preview:large, max-video-preview:-1\" \/>\n<link rel=\"canonical\" href=\"https:\/\/www.ballettodanceshop.com\/en\/gaynor-minden-madame-x-coral-leotard\/\" \/>\n<meta property=\"og:locale\" content=\"en_GB\" \/>\n<meta property=\"og:type\" content=\"article\" \/>\n<meta property=\"og:title\" content=\"Justaucorps Gaynor Minden Madame X Coral - Balletto Dance Shop\" \/>\n<meta property=\"og:description\" content=\"Justaucorps de Danse con\u00e7u \u00e0 partir d&#039;un tissu durable recycl\u00e9. Son dos, son d\u00e9collet\u00e9 et ses bretelles sont \u00e9blouissants avec ses empi\u00e8cements en tulle.\" \/>\n<meta property=\"og:url\" content=\"https:\/\/www.ballettodanceshop.com\/en\/gaynor-minden-madame-x-coral-leotard\/\" \/>\n<meta property=\"og:site_name\" content=\"Balletto Dance Shop\" \/>\n<meta property=\"article:publisher\" content=\"https:\/\/www.facebook.com\/Ballettodanceshop\/\" \/>\n<meta property=\"article:modified_time\" content=\"2026-03-11T14:54:15+00:00\" \/>\n<meta property=\"og:image\" content=\"https:\/\/www.ballettodanceshop.com\/wp-content\/uploads\/2025\/07\/Justaucorps_Gaynor_Minden_Madame_X_Rose.webp\" \/>\n\t<meta property=\"og:image:width\" content=\"768\" \/>\n\t<meta property=\"og:image:height\" content=\"1024\" \/>\n\t<meta property=\"og:image:type\" content=\"image\/webp\" \/>\n<meta name=\"twitter:card\" content=\"summary_large_image\" \/>\n<meta name=\"twitter:site\" content=\"@ballettodance\" \/>\n<meta name=\"twitter:label1\" content=\"Estimated reading time\" \/>\n\t<meta name=\"twitter:data1\" content=\"1 minute\" \/>\n<script type=\"application\/ld+json\" class=\"yoast-schema-graph\">{\"@context\":\"https:\\\/\\\/schema.org\",\"@graph\":[{\"@type\":\"WebPage\",\"@id\":\"https:\\\/\\\/www.ballettodanceshop.com\\\/justaucorps-gaynor-minden-madame-x-coral\\\/\",\"url\":\"https:\\\/\\\/www.ballettodanceshop.com\\\/justaucorps-gaynor-minden-madame-x-coral\\\/\",\"name\":\"Justaucorps Gaynor Minden Madame X Coral - Balletto Dance Shop\",\"isPartOf\":{\"@id\":\"https:\\\/\\\/www.ballettodanceshop.com\\\/#website\"},\"primaryImageOfPage\":{\"@id\":\"https:\\\/\\\/www.ballettodanceshop.com\\\/justaucorps-gaynor-minden-madame-x-coral\\\/#primaryimage\"},\"image\":{\"@id\":\"https:\\\/\\\/www.ballettodanceshop.com\\\/justaucorps-gaynor-minden-madame-x-coral\\\/#primaryimage\"},\"thumbnailUrl\":\"https:\\\/\\\/www.ballettodanceshop.com\\\/wp-content\\\/uploads\\\/2025\\\/07\\\/Justaucorps_Gaynor_Minden_Madame_X_Rose.webp\",\"datePublished\":\"2024-06-04T12:15:06+00:00\",\"dateModified\":\"2026-03-11T14:54:15+00:00\",\"description\":\"Justaucorps de Danse con\u00e7u \u00e0 partir d'un tissu durable recycl\u00e9. Son dos, son d\u00e9collet\u00e9 et ses bretelles sont \u00e9blouissants avec ses empi\u00e8cements en tulle.\",\"breadcrumb\":{\"@id\":\"https:\\\/\\\/www.ballettodanceshop.com\\\/justaucorps-gaynor-minden-madame-x-coral\\\/#breadcrumb\"},\"inLanguage\":\"en-GB\",\"potentialAction\":[{\"@type\":\"ReadAction\",\"target\":[\"https:\\\/\\\/www.ballettodanceshop.com\\\/justaucorps-gaynor-minden-madame-x-coral\\\/\"]}]},{\"@type\":\"ImageObject\",\"inLanguage\":\"en-GB\",\"@id\":\"https:\\\/\\\/www.ballettodanceshop.com\\\/justaucorps-gaynor-minden-madame-x-coral\\\/#primaryimage\",\"url\":\"https:\\\/\\\/www.ballettodanceshop.com\\\/wp-content\\\/uploads\\\/2025\\\/07\\\/Justaucorps_Gaynor_Minden_Madame_X_Rose.webp\",\"contentUrl\":\"https:\\\/\\\/www.ballettodanceshop.com\\\/wp-content\\\/uploads\\\/2025\\\/07\\\/Justaucorps_Gaynor_Minden_Madame_X_Rose.webp\",\"width\":768,\"height\":1024,\"caption\":\"Justaucorps Corail Gaynor Minden Madame X\"},{\"@type\":\"BreadcrumbList\",\"@id\":\"https:\\\/\\\/www.ballettodanceshop.com\\\/justaucorps-gaynor-minden-madame-x-coral\\\/#breadcrumb\",\"itemListElement\":[{\"@type\":\"ListItem\",\"position\":1,\"name\":\"Accueil\",\"item\":\"https:\\\/\\\/www.ballettodanceshop.com\\\/\"},{\"@type\":\"ListItem\",\"position\":2,\"name\":\"Produits\",\"item\":\"https:\\\/\\\/www.ballettodanceshop.com\\\/boutique\\\/\"},{\"@type\":\"ListItem\",\"position\":3,\"name\":\"Justaucorps Gaynor Minden Madame X Coral\"}]},{\"@type\":\"WebSite\",\"@id\":\"https:\\\/\\\/www.ballettodanceshop.com\\\/#website\",\"url\":\"https:\\\/\\\/www.ballettodanceshop.com\\\/\",\"name\":\"Balletto Dance Shop\",\"description\":\"Keep Dancing !\",\"publisher\":{\"@id\":\"https:\\\/\\\/www.ballettodanceshop.com\\\/#organization\"},\"alternateName\":\"Balletto\",\"potentialAction\":[{\"@type\":\"SearchAction\",\"target\":{\"@type\":\"EntryPoint\",\"urlTemplate\":\"https:\\\/\\\/www.ballettodanceshop.com\\\/?s={search_term_string}\"},\"query-input\":{\"@type\":\"PropertyValueSpecification\",\"valueRequired\":true,\"valueName\":\"search_term_string\"}}],\"inLanguage\":\"en-GB\"},{\"@type\":\"Organization\",\"@id\":\"https:\\\/\\\/www.ballettodanceshop.com\\\/#organization\",\"name\":\"Balletto Dance Shop\",\"alternateName\":\"Balletto\",\"url\":\"https:\\\/\\\/www.ballettodanceshop.com\\\/\",\"logo\":{\"@type\":\"ImageObject\",\"inLanguage\":\"en-GB\",\"@id\":\"https:\\\/\\\/www.ballettodanceshop.com\\\/#\\\/schema\\\/logo\\\/image\\\/\",\"url\":\"https:\\\/\\\/www.ballettodanceshop.com\\\/wp-content\\\/uploads\\\/2025\\\/06\\\/LOGO-1.png\",\"contentUrl\":\"https:\\\/\\\/www.ballettodanceshop.com\\\/wp-content\\\/uploads\\\/2025\\\/06\\\/LOGO-1.png\",\"width\":508,\"height\":209,\"caption\":\"Balletto Dance Shop\"},\"image\":{\"@id\":\"https:\\\/\\\/www.ballettodanceshop.com\\\/#\\\/schema\\\/logo\\\/image\\\/\"},\"sameAs\":[\"https:\\\/\\\/www.facebook.com\\\/Ballettodanceshop\\\/\",\"https:\\\/\\\/x.com\\\/ballettodance\",\"https:\\\/\\\/www.tiktok.com\\\/@ballettodanceshop\",\"https:\\\/\\\/fr.linkedin.com\\\/company\\\/ballettodaneshop\",\"https:\\\/\\\/fr.pinterest.com\\\/ballettodanceshop\\\/\",\"https:\\\/\\\/www.threads.com\\\/@ballettodanceshop\",\"https:\\\/\\\/www.instagram.com\\\/ballettodanceshop\\\/\",\"https:\\\/\\\/www.youtube.com\\\/@ballettodanceshop\"]}]}<\/script>\n<!-- \/ Yoast SEO plugin. -->","yoast_head_json":{"title":"Gaynor Minden Madame X Coral Leotard - Balletto Dance Shop","description":"Dance leotard made from sustainable recycled fabric. Its back, neckline and straps are dazzling with tulle inserts.","robots":{"index":"index","follow":"follow","max-snippet":"max-snippet:-1","max-image-preview":"max-image-preview:large","max-video-preview":"max-video-preview:-1"},"canonical":"https:\/\/www.ballettodanceshop.com\/en\/gaynor-minden-madame-x-coral-leotard\/","og_locale":"en_GB","og_type":"article","og_title":"Justaucorps Gaynor Minden Madame X Coral - Balletto Dance Shop","og_description":"Justaucorps de Danse con\u00e7u \u00e0 partir d'un tissu durable recycl\u00e9. Son dos, son d\u00e9collet\u00e9 et ses bretelles sont \u00e9blouissants avec ses empi\u00e8cements en tulle.","og_url":"https:\/\/www.ballettodanceshop.com\/en\/gaynor-minden-madame-x-coral-leotard\/","og_site_name":"Balletto Dance Shop","article_publisher":"https:\/\/www.facebook.com\/Ballettodanceshop\/","article_modified_time":"2026-03-11T14:54:15+00:00","og_image":[{"width":768,"height":1024,"url":"https:\/\/www.ballettodanceshop.com\/wp-content\/uploads\/2025\/07\/Justaucorps_Gaynor_Minden_Madame_X_Rose.webp","type":"image\/webp"}],"twitter_card":"summary_large_image","twitter_site":"@ballettodance","twitter_misc":{"Estimated reading time":"1 minute"},"schema":{"@context":"https:\/\/schema.org","@graph":[{"@type":"WebPage","@id":"https:\/\/www.ballettodanceshop.com\/justaucorps-gaynor-minden-madame-x-coral\/","url":"https:\/\/www.ballettodanceshop.com\/justaucorps-gaynor-minden-madame-x-coral\/","name":"Gaynor Minden Madame X Coral Leotard - Balletto Dance Shop","isPartOf":{"@id":"https:\/\/www.ballettodanceshop.com\/#website"},"primaryImageOfPage":{"@id":"https:\/\/www.ballettodanceshop.com\/justaucorps-gaynor-minden-madame-x-coral\/#primaryimage"},"image":{"@id":"https:\/\/www.ballettodanceshop.com\/justaucorps-gaynor-minden-madame-x-coral\/#primaryimage"},"thumbnailUrl":"https:\/\/www.ballettodanceshop.com\/wp-content\/uploads\/2025\/07\/Justaucorps_Gaynor_Minden_Madame_X_Rose.webp","datePublished":"2024-06-04T12:15:06+00:00","dateModified":"2026-03-11T14:54:15+00:00","description":"Dance leotard made from sustainable recycled fabric. Its back, neckline and straps are dazzling with tulle inserts.","breadcrumb":{"@id":"https:\/\/www.ballettodanceshop.com\/justaucorps-gaynor-minden-madame-x-coral\/#breadcrumb"},"inLanguage":"en-GB","potentialAction":[{"@type":"ReadAction","target":["https:\/\/www.ballettodanceshop.com\/justaucorps-gaynor-minden-madame-x-coral\/"]}]},{"@type":"ImageObject","inLanguage":"en-GB","@id":"https:\/\/www.ballettodanceshop.com\/justaucorps-gaynor-minden-madame-x-coral\/#primaryimage","url":"https:\/\/www.ballettodanceshop.com\/wp-content\/uploads\/2025\/07\/Justaucorps_Gaynor_Minden_Madame_X_Rose.webp","contentUrl":"https:\/\/www.ballettodanceshop.com\/wp-content\/uploads\/2025\/07\/Justaucorps_Gaynor_Minden_Madame_X_Rose.webp","width":768,"height":1024,"caption":"Justaucorps Corail Gaynor Minden Madame X"},{"@type":"BreadcrumbList","@id":"https:\/\/www.ballettodanceshop.com\/justaucorps-gaynor-minden-madame-x-coral\/#breadcrumb","itemListElement":[{"@type":"ListItem","position":1,"name":"Accueil","item":"https:\/\/www.ballettodanceshop.com\/"},{"@type":"ListItem","position":2,"name":"Produits","item":"https:\/\/www.ballettodanceshop.com\/boutique\/"},{"@type":"ListItem","position":3,"name":"Justaucorps Gaynor Minden Madame X Coral"}]},{"@type":"WebSite","@id":"https:\/\/www.ballettodanceshop.com\/#website","url":"https:\/\/www.ballettodanceshop.com\/","name":"Balletto Dance Shop","description":"Keep Dancing!","publisher":{"@id":"https:\/\/www.ballettodanceshop.com\/#organization"},"alternateName":"Balletto","potentialAction":[{"@type":"SearchAction","target":{"@type":"EntryPoint","urlTemplate":"https:\/\/www.ballettodanceshop.com\/?s={search_term_string}"},"query-input":{"@type":"PropertyValueSpecification","valueRequired":true,"valueName":"search_term_string"}}],"inLanguage":"en-GB"},{"@type":"Organization","@id":"https:\/\/www.ballettodanceshop.com\/#organization","name":"Balletto Dance Shop","alternateName":"Balletto","url":"https:\/\/www.ballettodanceshop.com\/","logo":{"@type":"ImageObject","inLanguage":"en-GB","@id":"https:\/\/www.ballettodanceshop.com\/#\/schema\/logo\/image\/","url":"https:\/\/www.ballettodanceshop.com\/wp-content\/uploads\/2025\/06\/LOGO-1.png","contentUrl":"https:\/\/www.ballettodanceshop.com\/wp-content\/uploads\/2025\/06\/LOGO-1.png","width":508,"height":209,"caption":"Balletto Dance Shop"},"image":{"@id":"https:\/\/www.ballettodanceshop.com\/#\/schema\/logo\/image\/"},"sameAs":["https:\/\/www.facebook.com\/Ballettodanceshop\/","https:\/\/x.com\/ballettodance","https:\/\/www.tiktok.com\/@ballettodanceshop","https:\/\/fr.linkedin.com\/company\/ballettodaneshop","https:\/\/fr.pinterest.com\/ballettodanceshop\/","https:\/\/www.threads.com\/@ballettodanceshop","https:\/\/www.instagram.com\/ballettodanceshop\/","https:\/\/www.youtube.com\/@ballettodanceshop"]}]}},"_links":{"self":[{"href":"https:\/\/www.ballettodanceshop.com\/en\/wp-json\/wp\/v2\/product\/64442","targetHints":{"allow":["GET"]}}],"collection":[{"href":"https:\/\/www.ballettodanceshop.com\/en\/wp-json\/wp\/v2\/product"}],"about":[{"href":"https:\/\/www.ballettodanceshop.com\/en\/wp-json\/wp\/v2\/types\/product"}],"replies":[{"embeddable":true,"href":"https:\/\/www.ballettodanceshop.com\/en\/wp-json\/wp\/v2\/comments?post=64442"}],"wp:featuredmedia":[{"embeddable":true,"href":"https:\/\/www.ballettodanceshop.com\/en\/wp-json\/wp\/v2\/media\/21115"}],"wp:attachment":[{"href":"https:\/\/www.ballettodanceshop.com\/en\/wp-json\/wp\/v2\/media?parent=64442"}],"wp:term":[{"taxonomy":"product_brand","embeddable":true,"href":"https:\/\/www.ballettodanceshop.com\/en\/wp-json\/wp\/v2\/product_brand?post=64442"},{"taxonomy":"product_cat","embeddable":true,"href":"https:\/\/www.ballettodanceshop.com\/en\/wp-json\/wp\/v2\/product_cat?post=64442"},{"taxonomy":"product_tag","embeddable":true,"href":"https:\/\/www.ballettodanceshop.com\/en\/wp-json\/wp\/v2\/product_tag?post=64442"}],"curies":[{"name":"wp","href":"https:\/\/api.w.org\/{rel}","templated":true}]}}