{"id":64421,"date":"2024-05-30T18:02:12","date_gmt":"2024-05-30T16:02:12","guid":{"rendered":"https:\/\/www.ballettodanceshop.com\/sneakers-montantes-blanches-rumpf-freak\/"},"modified":"2026-04-29T10:22:19","modified_gmt":"2026-04-29T08:22:19","slug":"rumpf-freak-white-high-top-sneakers","status":"publish","type":"product","link":"https:\/\/www.ballettodanceshop.com\/en\/sneakers-montantes-blanches-rumpf-freak\/","title":{"rendered":"White Sneakers Rumpf Freak"},"content":{"rendered":"<p><strong>White Sneakers Rumpf Freak<\/strong><\/p>\n<p>1536<\/p>\n<p>Upper material: leather\/leather-look microfibre\/soft synthetic leather<\/p>\n<p>Full-length PU sole<\/p>","protected":false},"excerpt":{"rendered":"<p>Discover the fusion of comfort and style with the Rumpf Freak dance sneaker.<\/p>\n<p>This bright white high-top dance sneaker offers not only eye-catching looks but also exceptional performance.<\/p>\n<p>The innovative dual-pivot torso sole promotes fluid movement while protecting the joints.<\/p>\n<p>Made from high-quality leather and leather-look microfibre, this sneaker offers optimum breathability and durability.<\/p>\n<p>Versatile, it's perfect for use in dance schools, on stage or in the city.<\/p>\n<p>Gr\u00e2ce \u00e0 la semelle int\u00e9rieure amovible, vous pouvez l&rsquo;ajuster \u00e0 votre guise.<\/p>","protected":false},"featured_media":21083,"comment_status":"open","ping_status":"closed","template":"","meta":{"_acf_changed":false},"product_brand":[],"product_cat":[111,103,107,141,142,113,140,19,25,26,23,109,91,105,89,149,254,255,256,257,253,258],"product_tag":[789],"class_list":{"0":"post-64421","1":"product","2":"type-product","3":"status-publish","4":"has-post-thumbnail","6":"product_cat-athleisure-yoga-gym-pilates-filles","7":"product_cat-athleisure","8":"product_cat-athleisure-yoga-gym-pilates","9":"product_cat-chaussures-danses-latines-hommes","10":"product_cat-chaussures-danses-latines","11":"product_cat-danses-latines","12":"product_cat-danses-latines-hommes","13":"product_cat-femmes","14":"product_cat-filles","15":"product_cat-garcons","16":"product_cat-hommes","17":"product_cat-jazz-filles","18":"product_cat-jazz","19":"product_cat-jazz-garcons","20":"product_cat-jazz-hommes","21":"product_cat-rumpf","22":"product_cat-sneakers-athleisure-yoga-gym-pilates","23":"product_cat-sneakers","24":"product_cat-sneakers-athleisure","25":"product_cat-sneakers-jazz-garcons","26":"product_cat-sneakers-jazz-filles","27":"product_cat-sneakers-jazz-hommes","28":"product_tag-livraison-sous-1-semaine","30":"first","31":"instock","32":"taxable","33":"shipping-taxable","34":"purchasable","35":"product-type-variable"},"acf":[],"yoast_head":"<!-- This site is optimized with the Yoast SEO plugin v27.4 - https:\/\/yoast.com\/product\/yoast-seo-wordpress\/ -->\n<title>Sneakers Montantes Blanches Rumpf Freak - Balletto Dance Shop<\/title>\n<meta name=\"description\" content=\"Cette sneaker de danse montante d&#039;un blanc \u00e9clatant offre non seulement un look accrocheur mais \u00e9galement des performances exceptionnelles.\" \/>\n<meta name=\"robots\" content=\"index, follow, max-snippet:-1, max-image-preview:large, max-video-preview:-1\" \/>\n<link rel=\"canonical\" href=\"https:\/\/www.ballettodanceshop.com\/en\/rumpf-freak-white-high-top-sneakers\/\" \/>\n<meta property=\"og:locale\" content=\"en_GB\" \/>\n<meta property=\"og:type\" content=\"article\" \/>\n<meta property=\"og:title\" content=\"Sneakers Montantes Blanches Rumpf Freak - Balletto Dance Shop\" \/>\n<meta property=\"og:description\" content=\"Cette sneaker de danse montante d&#039;un blanc \u00e9clatant offre non seulement un look accrocheur mais \u00e9galement des performances exceptionnelles.\" \/>\n<meta property=\"og:url\" content=\"https:\/\/www.ballettodanceshop.com\/en\/rumpf-freak-white-high-top-sneakers\/\" \/>\n<meta property=\"og:site_name\" content=\"Balletto Dance Shop\" \/>\n<meta property=\"article:publisher\" content=\"https:\/\/www.facebook.com\/Ballettodanceshop\/\" \/>\n<meta property=\"article:modified_time\" content=\"2026-04-29T08:22:19+00:00\" \/>\n<meta property=\"og:image\" content=\"https:\/\/www.ballettodanceshop.com\/wp-content\/uploads\/2025\/07\/Hi-Top-Sneakers-Rumpf-White-2.jpg\" \/>\n\t<meta property=\"og:image:width\" content=\"800\" \/>\n\t<meta property=\"og:image:height\" content=\"800\" \/>\n\t<meta property=\"og:image:type\" content=\"image\/jpeg\" \/>\n<meta name=\"twitter:card\" content=\"summary_large_image\" \/>\n<meta name=\"twitter:site\" content=\"@ballettodance\" \/>\n<meta name=\"twitter:label1\" content=\"Estimated reading time\" \/>\n\t<meta name=\"twitter:data1\" content=\"1 minute\" \/>\n<script type=\"application\/ld+json\" class=\"yoast-schema-graph\">{\"@context\":\"https:\\\/\\\/schema.org\",\"@graph\":[{\"@type\":\"WebPage\",\"@id\":\"https:\\\/\\\/www.ballettodanceshop.com\\\/sneakers-montantes-blanches-rumpf-freak\\\/\",\"url\":\"https:\\\/\\\/www.ballettodanceshop.com\\\/sneakers-montantes-blanches-rumpf-freak\\\/\",\"name\":\"Sneakers Montantes Blanches Rumpf Freak - Balletto Dance Shop\",\"isPartOf\":{\"@id\":\"https:\\\/\\\/www.ballettodanceshop.com\\\/#website\"},\"primaryImageOfPage\":{\"@id\":\"https:\\\/\\\/www.ballettodanceshop.com\\\/sneakers-montantes-blanches-rumpf-freak\\\/#primaryimage\"},\"image\":{\"@id\":\"https:\\\/\\\/www.ballettodanceshop.com\\\/sneakers-montantes-blanches-rumpf-freak\\\/#primaryimage\"},\"thumbnailUrl\":\"https:\\\/\\\/www.ballettodanceshop.com\\\/wp-content\\\/uploads\\\/2025\\\/07\\\/Hi-Top-Sneakers-Rumpf-White-2.jpg\",\"datePublished\":\"2024-05-30T16:02:12+00:00\",\"dateModified\":\"2026-04-29T08:22:19+00:00\",\"description\":\"Cette sneaker de danse montante d'un blanc \u00e9clatant offre non seulement un look accrocheur mais \u00e9galement des performances exceptionnelles.\",\"breadcrumb\":{\"@id\":\"https:\\\/\\\/www.ballettodanceshop.com\\\/sneakers-montantes-blanches-rumpf-freak\\\/#breadcrumb\"},\"inLanguage\":\"en-GB\",\"potentialAction\":[{\"@type\":\"ReadAction\",\"target\":[\"https:\\\/\\\/www.ballettodanceshop.com\\\/sneakers-montantes-blanches-rumpf-freak\\\/\"]}]},{\"@type\":\"ImageObject\",\"inLanguage\":\"en-GB\",\"@id\":\"https:\\\/\\\/www.ballettodanceshop.com\\\/sneakers-montantes-blanches-rumpf-freak\\\/#primaryimage\",\"url\":\"https:\\\/\\\/www.ballettodanceshop.com\\\/wp-content\\\/uploads\\\/2025\\\/07\\\/Hi-Top-Sneakers-Rumpf-White-2.jpg\",\"contentUrl\":\"https:\\\/\\\/www.ballettodanceshop.com\\\/wp-content\\\/uploads\\\/2025\\\/07\\\/Hi-Top-Sneakers-Rumpf-White-2.jpg\",\"width\":800,\"height\":800,\"caption\":\"Sneakers Blanches Rumpf Freak\"},{\"@type\":\"BreadcrumbList\",\"@id\":\"https:\\\/\\\/www.ballettodanceshop.com\\\/sneakers-montantes-blanches-rumpf-freak\\\/#breadcrumb\",\"itemListElement\":[{\"@type\":\"ListItem\",\"position\":1,\"name\":\"Accueil\",\"item\":\"https:\\\/\\\/www.ballettodanceshop.com\\\/\"},{\"@type\":\"ListItem\",\"position\":2,\"name\":\"Produits\",\"item\":\"https:\\\/\\\/www.ballettodanceshop.com\\\/boutique\\\/\"},{\"@type\":\"ListItem\",\"position\":3,\"name\":\"Sneakers Montantes Blanches Rumpf Freak\"}]},{\"@type\":\"WebSite\",\"@id\":\"https:\\\/\\\/www.ballettodanceshop.com\\\/#website\",\"url\":\"https:\\\/\\\/www.ballettodanceshop.com\\\/\",\"name\":\"Balletto Dance Shop\",\"description\":\"Keep Dancing !\",\"publisher\":{\"@id\":\"https:\\\/\\\/www.ballettodanceshop.com\\\/#organization\"},\"alternateName\":\"Balletto\",\"potentialAction\":[{\"@type\":\"SearchAction\",\"target\":{\"@type\":\"EntryPoint\",\"urlTemplate\":\"https:\\\/\\\/www.ballettodanceshop.com\\\/?s={search_term_string}\"},\"query-input\":{\"@type\":\"PropertyValueSpecification\",\"valueRequired\":true,\"valueName\":\"search_term_string\"}}],\"inLanguage\":\"en-GB\"},{\"@type\":\"Organization\",\"@id\":\"https:\\\/\\\/www.ballettodanceshop.com\\\/#organization\",\"name\":\"Balletto Dance Shop\",\"alternateName\":\"Balletto\",\"url\":\"https:\\\/\\\/www.ballettodanceshop.com\\\/\",\"logo\":{\"@type\":\"ImageObject\",\"inLanguage\":\"en-GB\",\"@id\":\"https:\\\/\\\/www.ballettodanceshop.com\\\/#\\\/schema\\\/logo\\\/image\\\/\",\"url\":\"https:\\\/\\\/www.ballettodanceshop.com\\\/wp-content\\\/uploads\\\/2025\\\/06\\\/LOGO-1.png\",\"contentUrl\":\"https:\\\/\\\/www.ballettodanceshop.com\\\/wp-content\\\/uploads\\\/2025\\\/06\\\/LOGO-1.png\",\"width\":508,\"height\":209,\"caption\":\"Balletto Dance Shop\"},\"image\":{\"@id\":\"https:\\\/\\\/www.ballettodanceshop.com\\\/#\\\/schema\\\/logo\\\/image\\\/\"},\"sameAs\":[\"https:\\\/\\\/www.facebook.com\\\/Ballettodanceshop\\\/\",\"https:\\\/\\\/x.com\\\/ballettodance\",\"https:\\\/\\\/www.tiktok.com\\\/@ballettodanceshop\",\"https:\\\/\\\/fr.linkedin.com\\\/company\\\/ballettodaneshop\",\"https:\\\/\\\/fr.pinterest.com\\\/ballettodanceshop\\\/\",\"https:\\\/\\\/www.threads.com\\\/@ballettodanceshop\",\"https:\\\/\\\/www.instagram.com\\\/ballettodanceshop\\\/\",\"https:\\\/\\\/www.youtube.com\\\/@ballettodanceshop\"]}]}<\/script>\n<!-- \/ Yoast SEO plugin. -->","yoast_head_json":{"title":"Rumpf Freak White Sneakers - Balletto Dance Shop","description":"This bright white high-top dance sneaker offers not only eye-catching looks but also exceptional performance.","robots":{"index":"index","follow":"follow","max-snippet":"max-snippet:-1","max-image-preview":"max-image-preview:large","max-video-preview":"max-video-preview:-1"},"canonical":"https:\/\/www.ballettodanceshop.com\/en\/rumpf-freak-white-high-top-sneakers\/","og_locale":"en_GB","og_type":"article","og_title":"Sneakers Montantes Blanches Rumpf Freak - Balletto Dance Shop","og_description":"Cette sneaker de danse montante d'un blanc \u00e9clatant offre non seulement un look accrocheur mais \u00e9galement des performances exceptionnelles.","og_url":"https:\/\/www.ballettodanceshop.com\/en\/rumpf-freak-white-high-top-sneakers\/","og_site_name":"Balletto Dance Shop","article_publisher":"https:\/\/www.facebook.com\/Ballettodanceshop\/","article_modified_time":"2026-04-29T08:22:19+00:00","og_image":[{"width":800,"height":800,"url":"https:\/\/www.ballettodanceshop.com\/wp-content\/uploads\/2025\/07\/Hi-Top-Sneakers-Rumpf-White-2.jpg","type":"image\/jpeg"}],"twitter_card":"summary_large_image","twitter_site":"@ballettodance","twitter_misc":{"Estimated reading time":"1 minute"},"schema":{"@context":"https:\/\/schema.org","@graph":[{"@type":"WebPage","@id":"https:\/\/www.ballettodanceshop.com\/sneakers-montantes-blanches-rumpf-freak\/","url":"https:\/\/www.ballettodanceshop.com\/sneakers-montantes-blanches-rumpf-freak\/","name":"Rumpf Freak White Sneakers - Balletto Dance Shop","isPartOf":{"@id":"https:\/\/www.ballettodanceshop.com\/#website"},"primaryImageOfPage":{"@id":"https:\/\/www.ballettodanceshop.com\/sneakers-montantes-blanches-rumpf-freak\/#primaryimage"},"image":{"@id":"https:\/\/www.ballettodanceshop.com\/sneakers-montantes-blanches-rumpf-freak\/#primaryimage"},"thumbnailUrl":"https:\/\/www.ballettodanceshop.com\/wp-content\/uploads\/2025\/07\/Hi-Top-Sneakers-Rumpf-White-2.jpg","datePublished":"2024-05-30T16:02:12+00:00","dateModified":"2026-04-29T08:22:19+00:00","description":"This bright white high-top dance sneaker offers not only eye-catching looks but also exceptional performance.","breadcrumb":{"@id":"https:\/\/www.ballettodanceshop.com\/sneakers-montantes-blanches-rumpf-freak\/#breadcrumb"},"inLanguage":"en-GB","potentialAction":[{"@type":"ReadAction","target":["https:\/\/www.ballettodanceshop.com\/sneakers-montantes-blanches-rumpf-freak\/"]}]},{"@type":"ImageObject","inLanguage":"en-GB","@id":"https:\/\/www.ballettodanceshop.com\/sneakers-montantes-blanches-rumpf-freak\/#primaryimage","url":"https:\/\/www.ballettodanceshop.com\/wp-content\/uploads\/2025\/07\/Hi-Top-Sneakers-Rumpf-White-2.jpg","contentUrl":"https:\/\/www.ballettodanceshop.com\/wp-content\/uploads\/2025\/07\/Hi-Top-Sneakers-Rumpf-White-2.jpg","width":800,"height":800,"caption":"Sneakers Blanches Rumpf Freak"},{"@type":"BreadcrumbList","@id":"https:\/\/www.ballettodanceshop.com\/sneakers-montantes-blanches-rumpf-freak\/#breadcrumb","itemListElement":[{"@type":"ListItem","position":1,"name":"Accueil","item":"https:\/\/www.ballettodanceshop.com\/"},{"@type":"ListItem","position":2,"name":"Produits","item":"https:\/\/www.ballettodanceshop.com\/boutique\/"},{"@type":"ListItem","position":3,"name":"Sneakers Montantes Blanches Rumpf Freak"}]},{"@type":"WebSite","@id":"https:\/\/www.ballettodanceshop.com\/#website","url":"https:\/\/www.ballettodanceshop.com\/","name":"Balletto Dance Shop","description":"Keep Dancing!","publisher":{"@id":"https:\/\/www.ballettodanceshop.com\/#organization"},"alternateName":"Balletto","potentialAction":[{"@type":"SearchAction","target":{"@type":"EntryPoint","urlTemplate":"https:\/\/www.ballettodanceshop.com\/?s={search_term_string}"},"query-input":{"@type":"PropertyValueSpecification","valueRequired":true,"valueName":"search_term_string"}}],"inLanguage":"en-GB"},{"@type":"Organization","@id":"https:\/\/www.ballettodanceshop.com\/#organization","name":"Balletto Dance Shop","alternateName":"Balletto","url":"https:\/\/www.ballettodanceshop.com\/","logo":{"@type":"ImageObject","inLanguage":"en-GB","@id":"https:\/\/www.ballettodanceshop.com\/#\/schema\/logo\/image\/","url":"https:\/\/www.ballettodanceshop.com\/wp-content\/uploads\/2025\/06\/LOGO-1.png","contentUrl":"https:\/\/www.ballettodanceshop.com\/wp-content\/uploads\/2025\/06\/LOGO-1.png","width":508,"height":209,"caption":"Balletto Dance Shop"},"image":{"@id":"https:\/\/www.ballettodanceshop.com\/#\/schema\/logo\/image\/"},"sameAs":["https:\/\/www.facebook.com\/Ballettodanceshop\/","https:\/\/x.com\/ballettodance","https:\/\/www.tiktok.com\/@ballettodanceshop","https:\/\/fr.linkedin.com\/company\/ballettodaneshop","https:\/\/fr.pinterest.com\/ballettodanceshop\/","https:\/\/www.threads.com\/@ballettodanceshop","https:\/\/www.instagram.com\/ballettodanceshop\/","https:\/\/www.youtube.com\/@ballettodanceshop"]}]}},"_links":{"self":[{"href":"https:\/\/www.ballettodanceshop.com\/en\/wp-json\/wp\/v2\/product\/64421","targetHints":{"allow":["GET"]}}],"collection":[{"href":"https:\/\/www.ballettodanceshop.com\/en\/wp-json\/wp\/v2\/product"}],"about":[{"href":"https:\/\/www.ballettodanceshop.com\/en\/wp-json\/wp\/v2\/types\/product"}],"replies":[{"embeddable":true,"href":"https:\/\/www.ballettodanceshop.com\/en\/wp-json\/wp\/v2\/comments?post=64421"}],"wp:featuredmedia":[{"embeddable":true,"href":"https:\/\/www.ballettodanceshop.com\/en\/wp-json\/wp\/v2\/media\/21083"}],"wp:attachment":[{"href":"https:\/\/www.ballettodanceshop.com\/en\/wp-json\/wp\/v2\/media?parent=64421"}],"wp:term":[{"taxonomy":"product_brand","embeddable":true,"href":"https:\/\/www.ballettodanceshop.com\/en\/wp-json\/wp\/v2\/product_brand?post=64421"},{"taxonomy":"product_cat","embeddable":true,"href":"https:\/\/www.ballettodanceshop.com\/en\/wp-json\/wp\/v2\/product_cat?post=64421"},{"taxonomy":"product_tag","embeddable":true,"href":"https:\/\/www.ballettodanceshop.com\/en\/wp-json\/wp\/v2\/product_tag?post=64421"}],"curies":[{"name":"wp","href":"https:\/\/api.w.org\/{rel}","templated":true}]}}