{"id":64414,"date":"2024-05-24T06:24:48","date_gmt":"2024-05-24T04:24:48","guid":{"rendered":"https:\/\/www.ballettodanceshop.com\/jupe-en-tulle-zidans-chopin-blanc\/"},"modified":"2025-09-23T18:52:54","modified_gmt":"2025-09-23T16:52:54","slug":"zidans-chopin-white-tulle-skirt","status":"publish","type":"product","link":"https:\/\/www.ballettodanceshop.com\/en\/jupe-en-tulle-zidans-chopin-blanc\/","title":{"rendered":"Zidans Chopin White Tulle Skirt"},"content":{"rendered":"<p><strong>Zidans Chopin White Tulle Skirt<\/strong><\/p>\n<p>Skirt length - 76 cm.<\/p>\n<p>Main material :\u00a0<span class=\"Apple-converted-space\"> chiffon, tulle\u00a0<\/span><\/p>\n<p>Waist: scratched elastic, Italian biflex<\/p>\n<p>Pour prendre soin des v\u00eatements, nous recommandons un lavage en machine ou \u00e0 la main \u00e0\u00a0<span class=\"Apple-converted-space\">\u00a0<\/span>30 degrees.<\/p>\n<p>For polyester tulle and biflex, it is preferable to use a vertical steam treatment instead of ironing.<\/p>\n<p>One size.<\/p>","protected":false},"excerpt":{"rendered":"<p><strong>Ballet is the New Life Style!<\/strong><\/p>\n<p>Une jupe en tulle monochrome, \u00e9galement connue sous le nom de tutu romantique.<\/p>\n<p>Made from fine, fluid tulle with an opaque lining, it lets you guess your movements for a light, modern silhouette.<\/p>\n<p>Six layers of tulle, with the bottom layer in dark sapphire and five white layers on top, create a misty effect.<\/p>\n<p>A soft elastic waistband with no ties. The iconic Zidans elastic is lined with a combination of white and dark sapphire Italian Biflex.<\/p>\n<p>For a ballet piece, ballet rehearsal or even in town, this Tutu Skirt is an exceptional piece.<\/p>\n<p>The skirt is 76 cm long.<\/p>\n<p>One size.<\/p>\n<p>Handmade with love.<\/p>\n<p><strong>Limited Edition.<\/strong><\/p>","protected":false},"featured_media":21071,"comment_status":"open","ping_status":"open","template":"","meta":{"_acf_changed":false},"product_brand":[],"product_cat":[246,113,19,61,289,462,62,942,463,63,676],"product_tag":[804],"class_list":{"0":"post-64414","1":"product","2":"type-product","3":"status-publish","4":"has-post-thumbnail","6":"product_cat-caractere","7":"product_cat-danses-latines","8":"product_cat-femmes","9":"product_cat-idees-cadeaux","10":"product_cat-jupes","11":"product_cat-jupes-jupettes","12":"product_cat-classique","13":"product_cat-tenues-chaussures-de-danse-de-caractere-femme","14":"product_cat-tenues","15":"product_cat-tutus-jupons","16":"product_cat-zidans","17":"product_tag-livraison-4-a-5-semaines","19":"first","20":"instock","21":"taxable","22":"shipping-taxable","23":"purchasable","24":"product-type-simple"},"acf":[],"yoast_head":"<!-- This site is optimized with the Yoast SEO plugin v27.4 - https:\/\/yoast.com\/product\/yoast-seo-wordpress\/ -->\n<title>Jupe en Tulle Zidans Chopin Blanc - Balletto Dance Shop<\/title>\n<meta name=\"description\" content=\"Jupon fluide et a\u00e9rien inspir\u00e9 de l&#039;embl\u00e9matique tutu de danse Degas. A porter pour les cours de danse classique ou \u00e0 assortir pour votre tenue de soir\u00e9e.\" \/>\n<meta name=\"robots\" content=\"index, follow, max-snippet:-1, max-image-preview:large, max-video-preview:-1\" \/>\n<link rel=\"canonical\" href=\"https:\/\/www.ballettodanceshop.com\/en\/zidans-chopin-white-tulle-skirt\/\" \/>\n<meta property=\"og:locale\" content=\"en_GB\" \/>\n<meta property=\"og:type\" content=\"article\" \/>\n<meta property=\"og:title\" content=\"Jupe en Tulle Zidans Chopin Blanc - Balletto Dance Shop\" \/>\n<meta property=\"og:description\" content=\"Jupon fluide et a\u00e9rien inspir\u00e9 de l&#039;embl\u00e9matique tutu de danse Degas. A porter pour les cours de danse classique ou \u00e0 assortir pour votre tenue de soir\u00e9e.\" \/>\n<meta property=\"og:url\" content=\"https:\/\/www.ballettodanceshop.com\/en\/zidans-chopin-white-tulle-skirt\/\" \/>\n<meta property=\"og:site_name\" content=\"Balletto Dance Shop\" \/>\n<meta property=\"article:publisher\" content=\"https:\/\/www.facebook.com\/Ballettodanceshop\/\" \/>\n<meta property=\"article:modified_time\" content=\"2025-09-23T16:52:54+00:00\" \/>\n<meta property=\"og:image\" content=\"https:\/\/www.ballettodanceshop.com\/wp-content\/uploads\/2025\/07\/Tutu_Zidans_Chopin_Blanc_1.jpg\" \/>\n\t<meta property=\"og:image:width\" content=\"1266\" \/>\n\t<meta property=\"og:image:height\" content=\"2000\" \/>\n\t<meta property=\"og:image:type\" content=\"image\/jpeg\" \/>\n<meta name=\"twitter:card\" content=\"summary_large_image\" \/>\n<meta name=\"twitter:site\" content=\"@ballettodance\" \/>\n<script type=\"application\/ld+json\" class=\"yoast-schema-graph\">{\"@context\":\"https:\\\/\\\/schema.org\",\"@graph\":[{\"@type\":\"WebPage\",\"@id\":\"https:\\\/\\\/www.ballettodanceshop.com\\\/jupe-en-tulle-zidans-chopin-blanc\\\/\",\"url\":\"https:\\\/\\\/www.ballettodanceshop.com\\\/jupe-en-tulle-zidans-chopin-blanc\\\/\",\"name\":\"Jupe en Tulle Zidans Chopin Blanc - Balletto Dance Shop\",\"isPartOf\":{\"@id\":\"https:\\\/\\\/www.ballettodanceshop.com\\\/#website\"},\"primaryImageOfPage\":{\"@id\":\"https:\\\/\\\/www.ballettodanceshop.com\\\/jupe-en-tulle-zidans-chopin-blanc\\\/#primaryimage\"},\"image\":{\"@id\":\"https:\\\/\\\/www.ballettodanceshop.com\\\/jupe-en-tulle-zidans-chopin-blanc\\\/#primaryimage\"},\"thumbnailUrl\":\"https:\\\/\\\/www.ballettodanceshop.com\\\/wp-content\\\/uploads\\\/2025\\\/07\\\/Tutu_Zidans_Chopin_Blanc_1.jpg\",\"datePublished\":\"2024-05-24T04:24:48+00:00\",\"dateModified\":\"2025-09-23T16:52:54+00:00\",\"description\":\"Jupon fluide et a\u00e9rien inspir\u00e9 de l'embl\u00e9matique tutu de danse Degas. A porter pour les cours de danse classique ou \u00e0 assortir pour votre tenue de soir\u00e9e.\",\"breadcrumb\":{\"@id\":\"https:\\\/\\\/www.ballettodanceshop.com\\\/jupe-en-tulle-zidans-chopin-blanc\\\/#breadcrumb\"},\"inLanguage\":\"en-GB\",\"potentialAction\":[{\"@type\":\"ReadAction\",\"target\":[\"https:\\\/\\\/www.ballettodanceshop.com\\\/jupe-en-tulle-zidans-chopin-blanc\\\/\"]}]},{\"@type\":\"ImageObject\",\"inLanguage\":\"en-GB\",\"@id\":\"https:\\\/\\\/www.ballettodanceshop.com\\\/jupe-en-tulle-zidans-chopin-blanc\\\/#primaryimage\",\"url\":\"https:\\\/\\\/www.ballettodanceshop.com\\\/wp-content\\\/uploads\\\/2025\\\/07\\\/Tutu_Zidans_Chopin_Blanc_1.jpg\",\"contentUrl\":\"https:\\\/\\\/www.ballettodanceshop.com\\\/wp-content\\\/uploads\\\/2025\\\/07\\\/Tutu_Zidans_Chopin_Blanc_1.jpg\",\"width\":1266,\"height\":2000,\"caption\":\"Tutu Zidans Chopin Blanc\"},{\"@type\":\"BreadcrumbList\",\"@id\":\"https:\\\/\\\/www.ballettodanceshop.com\\\/jupe-en-tulle-zidans-chopin-blanc\\\/#breadcrumb\",\"itemListElement\":[{\"@type\":\"ListItem\",\"position\":1,\"name\":\"Accueil\",\"item\":\"https:\\\/\\\/www.ballettodanceshop.com\\\/\"},{\"@type\":\"ListItem\",\"position\":2,\"name\":\"Produits\",\"item\":\"https:\\\/\\\/www.ballettodanceshop.com\\\/boutique\\\/\"},{\"@type\":\"ListItem\",\"position\":3,\"name\":\"Jupe en Tulle Zidans Chopin Blanc\"}]},{\"@type\":\"WebSite\",\"@id\":\"https:\\\/\\\/www.ballettodanceshop.com\\\/#website\",\"url\":\"https:\\\/\\\/www.ballettodanceshop.com\\\/\",\"name\":\"Balletto Dance Shop\",\"description\":\"Keep Dancing !\",\"publisher\":{\"@id\":\"https:\\\/\\\/www.ballettodanceshop.com\\\/#organization\"},\"alternateName\":\"Balletto\",\"potentialAction\":[{\"@type\":\"SearchAction\",\"target\":{\"@type\":\"EntryPoint\",\"urlTemplate\":\"https:\\\/\\\/www.ballettodanceshop.com\\\/?s={search_term_string}\"},\"query-input\":{\"@type\":\"PropertyValueSpecification\",\"valueRequired\":true,\"valueName\":\"search_term_string\"}}],\"inLanguage\":\"en-GB\"},{\"@type\":\"Organization\",\"@id\":\"https:\\\/\\\/www.ballettodanceshop.com\\\/#organization\",\"name\":\"Balletto Dance Shop\",\"alternateName\":\"Balletto\",\"url\":\"https:\\\/\\\/www.ballettodanceshop.com\\\/\",\"logo\":{\"@type\":\"ImageObject\",\"inLanguage\":\"en-GB\",\"@id\":\"https:\\\/\\\/www.ballettodanceshop.com\\\/#\\\/schema\\\/logo\\\/image\\\/\",\"url\":\"https:\\\/\\\/www.ballettodanceshop.com\\\/wp-content\\\/uploads\\\/2025\\\/06\\\/LOGO-1.png\",\"contentUrl\":\"https:\\\/\\\/www.ballettodanceshop.com\\\/wp-content\\\/uploads\\\/2025\\\/06\\\/LOGO-1.png\",\"width\":508,\"height\":209,\"caption\":\"Balletto Dance Shop\"},\"image\":{\"@id\":\"https:\\\/\\\/www.ballettodanceshop.com\\\/#\\\/schema\\\/logo\\\/image\\\/\"},\"sameAs\":[\"https:\\\/\\\/www.facebook.com\\\/Ballettodanceshop\\\/\",\"https:\\\/\\\/x.com\\\/ballettodance\",\"https:\\\/\\\/www.tiktok.com\\\/@ballettodanceshop\",\"https:\\\/\\\/fr.linkedin.com\\\/company\\\/ballettodaneshop\",\"https:\\\/\\\/fr.pinterest.com\\\/ballettodanceshop\\\/\",\"https:\\\/\\\/www.threads.com\\\/@ballettodanceshop\",\"https:\\\/\\\/www.instagram.com\\\/ballettodanceshop\\\/\",\"https:\\\/\\\/www.youtube.com\\\/@ballettodanceshop\"]}]}<\/script>\n<!-- \/ Yoast SEO plugin. -->","yoast_head_json":{"title":"Zidans Chopin White Tulle Skirt - Balletto Dance Shop","description":"Fluid, airy petticoat inspired by the iconic Degas dance tutu. Wear it to ballet class or match it for your evening outfit.","robots":{"index":"index","follow":"follow","max-snippet":"max-snippet:-1","max-image-preview":"max-image-preview:large","max-video-preview":"max-video-preview:-1"},"canonical":"https:\/\/www.ballettodanceshop.com\/en\/zidans-chopin-white-tulle-skirt\/","og_locale":"en_GB","og_type":"article","og_title":"Jupe en Tulle Zidans Chopin Blanc - Balletto Dance Shop","og_description":"Jupon fluide et a\u00e9rien inspir\u00e9 de l'embl\u00e9matique tutu de danse Degas. A porter pour les cours de danse classique ou \u00e0 assortir pour votre tenue de soir\u00e9e.","og_url":"https:\/\/www.ballettodanceshop.com\/en\/zidans-chopin-white-tulle-skirt\/","og_site_name":"Balletto Dance Shop","article_publisher":"https:\/\/www.facebook.com\/Ballettodanceshop\/","article_modified_time":"2025-09-23T16:52:54+00:00","og_image":[{"width":1266,"height":2000,"url":"https:\/\/www.ballettodanceshop.com\/wp-content\/uploads\/2025\/07\/Tutu_Zidans_Chopin_Blanc_1.jpg","type":"image\/jpeg"}],"twitter_card":"summary_large_image","twitter_site":"@ballettodance","schema":{"@context":"https:\/\/schema.org","@graph":[{"@type":"WebPage","@id":"https:\/\/www.ballettodanceshop.com\/jupe-en-tulle-zidans-chopin-blanc\/","url":"https:\/\/www.ballettodanceshop.com\/jupe-en-tulle-zidans-chopin-blanc\/","name":"Zidans Chopin White Tulle Skirt - Balletto Dance Shop","isPartOf":{"@id":"https:\/\/www.ballettodanceshop.com\/#website"},"primaryImageOfPage":{"@id":"https:\/\/www.ballettodanceshop.com\/jupe-en-tulle-zidans-chopin-blanc\/#primaryimage"},"image":{"@id":"https:\/\/www.ballettodanceshop.com\/jupe-en-tulle-zidans-chopin-blanc\/#primaryimage"},"thumbnailUrl":"https:\/\/www.ballettodanceshop.com\/wp-content\/uploads\/2025\/07\/Tutu_Zidans_Chopin_Blanc_1.jpg","datePublished":"2024-05-24T04:24:48+00:00","dateModified":"2025-09-23T16:52:54+00:00","description":"Fluid, airy petticoat inspired by the iconic Degas dance tutu. Wear it to ballet class or match it for your evening outfit.","breadcrumb":{"@id":"https:\/\/www.ballettodanceshop.com\/jupe-en-tulle-zidans-chopin-blanc\/#breadcrumb"},"inLanguage":"en-GB","potentialAction":[{"@type":"ReadAction","target":["https:\/\/www.ballettodanceshop.com\/jupe-en-tulle-zidans-chopin-blanc\/"]}]},{"@type":"ImageObject","inLanguage":"en-GB","@id":"https:\/\/www.ballettodanceshop.com\/jupe-en-tulle-zidans-chopin-blanc\/#primaryimage","url":"https:\/\/www.ballettodanceshop.com\/wp-content\/uploads\/2025\/07\/Tutu_Zidans_Chopin_Blanc_1.jpg","contentUrl":"https:\/\/www.ballettodanceshop.com\/wp-content\/uploads\/2025\/07\/Tutu_Zidans_Chopin_Blanc_1.jpg","width":1266,"height":2000,"caption":"Tutu Zidans Chopin Blanc"},{"@type":"BreadcrumbList","@id":"https:\/\/www.ballettodanceshop.com\/jupe-en-tulle-zidans-chopin-blanc\/#breadcrumb","itemListElement":[{"@type":"ListItem","position":1,"name":"Accueil","item":"https:\/\/www.ballettodanceshop.com\/"},{"@type":"ListItem","position":2,"name":"Produits","item":"https:\/\/www.ballettodanceshop.com\/boutique\/"},{"@type":"ListItem","position":3,"name":"Jupe en Tulle Zidans Chopin Blanc"}]},{"@type":"WebSite","@id":"https:\/\/www.ballettodanceshop.com\/#website","url":"https:\/\/www.ballettodanceshop.com\/","name":"Balletto Dance Shop","description":"Keep Dancing!","publisher":{"@id":"https:\/\/www.ballettodanceshop.com\/#organization"},"alternateName":"Balletto","potentialAction":[{"@type":"SearchAction","target":{"@type":"EntryPoint","urlTemplate":"https:\/\/www.ballettodanceshop.com\/?s={search_term_string}"},"query-input":{"@type":"PropertyValueSpecification","valueRequired":true,"valueName":"search_term_string"}}],"inLanguage":"en-GB"},{"@type":"Organization","@id":"https:\/\/www.ballettodanceshop.com\/#organization","name":"Balletto Dance Shop","alternateName":"Balletto","url":"https:\/\/www.ballettodanceshop.com\/","logo":{"@type":"ImageObject","inLanguage":"en-GB","@id":"https:\/\/www.ballettodanceshop.com\/#\/schema\/logo\/image\/","url":"https:\/\/www.ballettodanceshop.com\/wp-content\/uploads\/2025\/06\/LOGO-1.png","contentUrl":"https:\/\/www.ballettodanceshop.com\/wp-content\/uploads\/2025\/06\/LOGO-1.png","width":508,"height":209,"caption":"Balletto Dance Shop"},"image":{"@id":"https:\/\/www.ballettodanceshop.com\/#\/schema\/logo\/image\/"},"sameAs":["https:\/\/www.facebook.com\/Ballettodanceshop\/","https:\/\/x.com\/ballettodance","https:\/\/www.tiktok.com\/@ballettodanceshop","https:\/\/fr.linkedin.com\/company\/ballettodaneshop","https:\/\/fr.pinterest.com\/ballettodanceshop\/","https:\/\/www.threads.com\/@ballettodanceshop","https:\/\/www.instagram.com\/ballettodanceshop\/","https:\/\/www.youtube.com\/@ballettodanceshop"]}]}},"_links":{"self":[{"href":"https:\/\/www.ballettodanceshop.com\/en\/wp-json\/wp\/v2\/product\/64414","targetHints":{"allow":["GET"]}}],"collection":[{"href":"https:\/\/www.ballettodanceshop.com\/en\/wp-json\/wp\/v2\/product"}],"about":[{"href":"https:\/\/www.ballettodanceshop.com\/en\/wp-json\/wp\/v2\/types\/product"}],"replies":[{"embeddable":true,"href":"https:\/\/www.ballettodanceshop.com\/en\/wp-json\/wp\/v2\/comments?post=64414"}],"wp:featuredmedia":[{"embeddable":true,"href":"https:\/\/www.ballettodanceshop.com\/en\/wp-json\/wp\/v2\/media\/21071"}],"wp:attachment":[{"href":"https:\/\/www.ballettodanceshop.com\/en\/wp-json\/wp\/v2\/media?parent=64414"}],"wp:term":[{"taxonomy":"product_brand","embeddable":true,"href":"https:\/\/www.ballettodanceshop.com\/en\/wp-json\/wp\/v2\/product_brand?post=64414"},{"taxonomy":"product_cat","embeddable":true,"href":"https:\/\/www.ballettodanceshop.com\/en\/wp-json\/wp\/v2\/product_cat?post=64414"},{"taxonomy":"product_tag","embeddable":true,"href":"https:\/\/www.ballettodanceshop.com\/en\/wp-json\/wp\/v2\/product_tag?post=64414"}],"curies":[{"name":"wp","href":"https:\/\/api.w.org\/{rel}","templated":true}]}}