{"id":64407,"date":"2024-05-23T20:19:23","date_gmt":"2024-05-23T18:19:23","guid":{"rendered":"https:\/\/www.ballettodanceshop.com\/chaussures-heels-dance-satin-portdance\/"},"modified":"2025-08-24T18:02:55","modified_gmt":"2025-08-24T16:02:55","slug":"shoes-heels-dance-satin-portdance","status":"publish","type":"product","link":"https:\/\/www.ballettodanceshop.com\/en\/chaussures-heels-dance-satin-portdance\/","title":{"rendered":"Shoes Heels Dance Satin Portdance"},"content":{"rendered":"<p><strong>Shoes Heels Dance Satin Portdance<\/strong><\/p>\n<p>Black Satin<\/p>\n<p>8 cm heels<\/p>\n<p>Made in Portugal<\/p>\n<p>&nbsp;<\/p>","protected":false},"excerpt":{"rendered":"<p>Step into sophistication and style with the Cabaret and Heels Dance shoes in Black Satin.<\/p>\n<p>These elegant shoes are designed to enhance your dance experience with grace, comfort and versatility.<\/p>\n<p>The elegant black satin exudes timeless elegance and sophistication.<\/p>\n<p>High-quality craftsmanship guarantees durability and reliability during dance lessons.<\/p>\n<p>The secure buckle fastening offers a customisable and secure fit.<\/p>\n<p>The cushioned insole provides exceptional comfort and support for extended wear.<\/p>\n<p>The suede sole provides optimum traction and glide for precise footwork.<\/p>\n<p>Made by hand.<\/p>","protected":false},"featured_media":21060,"comment_status":"open","ping_status":"open","template":"","meta":{"_acf_changed":false},"product_brand":[],"product_cat":[142,113,19],"product_tag":[790],"class_list":{"0":"post-64407","1":"product","2":"type-product","3":"status-publish","4":"has-post-thumbnail","6":"product_cat-chaussures-danses-latines","7":"product_cat-danses-latines","8":"product_cat-femmes","9":"product_tag-livraison-1-a-2-semaines","11":"first","12":"instock","13":"taxable","14":"shipping-taxable","15":"purchasable","16":"product-type-variable"},"acf":[],"yoast_head":"<!-- This site is optimized with the Yoast SEO plugin v27.4 - https:\/\/yoast.com\/product\/yoast-seo-wordpress\/ -->\n<title>Chaussures Heels Dance Satin Portdance - Balletto Dance Shop<\/title>\n<meta name=\"description\" content=\"Chaussures de Cabaret ou de Heels Dance en Satin Premium. Hauteur du talon: 8cm. \u0152illet renforc\u00e9e, Semelles int\u00e9rieures antichocs.\" \/>\n<meta name=\"robots\" content=\"index, follow, max-snippet:-1, max-image-preview:large, max-video-preview:-1\" \/>\n<link rel=\"canonical\" href=\"https:\/\/www.ballettodanceshop.com\/en\/shoes-heels-dance-satin-portdance\/\" \/>\n<meta property=\"og:locale\" content=\"en_GB\" \/>\n<meta property=\"og:type\" content=\"article\" \/>\n<meta property=\"og:title\" content=\"Chaussures Heels Dance Satin Portdance - Balletto Dance Shop\" \/>\n<meta property=\"og:description\" content=\"Chaussures de Cabaret ou de Heels Dance en Satin Premium. Hauteur du talon: 8cm. \u0152illet renforc\u00e9e, Semelles int\u00e9rieures antichocs.\" \/>\n<meta property=\"og:url\" content=\"https:\/\/www.ballettodanceshop.com\/en\/shoes-heels-dance-satin-portdance\/\" \/>\n<meta property=\"og:site_name\" content=\"Balletto Dance Shop\" \/>\n<meta property=\"article:publisher\" content=\"https:\/\/www.facebook.com\/Ballettodanceshop\/\" \/>\n<meta property=\"article:modified_time\" content=\"2025-08-24T16:02:55+00:00\" \/>\n<meta property=\"og:image\" content=\"https:\/\/www.ballettodanceshop.com\/wp-content\/uploads\/2025\/07\/Chaussures_Heels_Satin_Noir_Pro.jpg\" \/>\n\t<meta property=\"og:image:width\" content=\"600\" \/>\n\t<meta property=\"og:image:height\" content=\"480\" \/>\n\t<meta property=\"og:image:type\" content=\"image\/jpeg\" \/>\n<meta name=\"twitter:card\" content=\"summary_large_image\" \/>\n<meta name=\"twitter:site\" content=\"@ballettodance\" \/>\n<script type=\"application\/ld+json\" class=\"yoast-schema-graph\">{\"@context\":\"https:\\\/\\\/schema.org\",\"@graph\":[{\"@type\":\"WebPage\",\"@id\":\"https:\\\/\\\/www.ballettodanceshop.com\\\/chaussures-heels-dance-satin-portdance\\\/\",\"url\":\"https:\\\/\\\/www.ballettodanceshop.com\\\/chaussures-heels-dance-satin-portdance\\\/\",\"name\":\"Chaussures Heels Dance Satin Portdance - Balletto Dance Shop\",\"isPartOf\":{\"@id\":\"https:\\\/\\\/www.ballettodanceshop.com\\\/#website\"},\"primaryImageOfPage\":{\"@id\":\"https:\\\/\\\/www.ballettodanceshop.com\\\/chaussures-heels-dance-satin-portdance\\\/#primaryimage\"},\"image\":{\"@id\":\"https:\\\/\\\/www.ballettodanceshop.com\\\/chaussures-heels-dance-satin-portdance\\\/#primaryimage\"},\"thumbnailUrl\":\"https:\\\/\\\/www.ballettodanceshop.com\\\/wp-content\\\/uploads\\\/2025\\\/07\\\/Chaussures_Heels_Satin_Noir_Pro.jpg\",\"datePublished\":\"2024-05-23T18:19:23+00:00\",\"dateModified\":\"2025-08-24T16:02:55+00:00\",\"description\":\"Chaussures de Cabaret ou de Heels Dance en Satin Premium. Hauteur du talon: 8cm. \u0152illet renforc\u00e9e, Semelles int\u00e9rieures antichocs.\",\"breadcrumb\":{\"@id\":\"https:\\\/\\\/www.ballettodanceshop.com\\\/chaussures-heels-dance-satin-portdance\\\/#breadcrumb\"},\"inLanguage\":\"en-GB\",\"potentialAction\":[{\"@type\":\"ReadAction\",\"target\":[\"https:\\\/\\\/www.ballettodanceshop.com\\\/chaussures-heels-dance-satin-portdance\\\/\"]}]},{\"@type\":\"ImageObject\",\"inLanguage\":\"en-GB\",\"@id\":\"https:\\\/\\\/www.ballettodanceshop.com\\\/chaussures-heels-dance-satin-portdance\\\/#primaryimage\",\"url\":\"https:\\\/\\\/www.ballettodanceshop.com\\\/wp-content\\\/uploads\\\/2025\\\/07\\\/Chaussures_Heels_Satin_Noir_Pro.jpg\",\"contentUrl\":\"https:\\\/\\\/www.ballettodanceshop.com\\\/wp-content\\\/uploads\\\/2025\\\/07\\\/Chaussures_Heels_Satin_Noir_Pro.jpg\",\"width\":600,\"height\":480,\"caption\":\"Chaussures Portdance 815\"},{\"@type\":\"BreadcrumbList\",\"@id\":\"https:\\\/\\\/www.ballettodanceshop.com\\\/chaussures-heels-dance-satin-portdance\\\/#breadcrumb\",\"itemListElement\":[{\"@type\":\"ListItem\",\"position\":1,\"name\":\"Accueil\",\"item\":\"https:\\\/\\\/www.ballettodanceshop.com\\\/\"},{\"@type\":\"ListItem\",\"position\":2,\"name\":\"Produits\",\"item\":\"https:\\\/\\\/www.ballettodanceshop.com\\\/boutique\\\/\"},{\"@type\":\"ListItem\",\"position\":3,\"name\":\"Chaussures Heels Dance Satin Portdance\"}]},{\"@type\":\"WebSite\",\"@id\":\"https:\\\/\\\/www.ballettodanceshop.com\\\/#website\",\"url\":\"https:\\\/\\\/www.ballettodanceshop.com\\\/\",\"name\":\"Balletto Dance Shop\",\"description\":\"Keep Dancing !\",\"publisher\":{\"@id\":\"https:\\\/\\\/www.ballettodanceshop.com\\\/#organization\"},\"alternateName\":\"Balletto\",\"potentialAction\":[{\"@type\":\"SearchAction\",\"target\":{\"@type\":\"EntryPoint\",\"urlTemplate\":\"https:\\\/\\\/www.ballettodanceshop.com\\\/?s={search_term_string}\"},\"query-input\":{\"@type\":\"PropertyValueSpecification\",\"valueRequired\":true,\"valueName\":\"search_term_string\"}}],\"inLanguage\":\"en-GB\"},{\"@type\":\"Organization\",\"@id\":\"https:\\\/\\\/www.ballettodanceshop.com\\\/#organization\",\"name\":\"Balletto Dance Shop\",\"alternateName\":\"Balletto\",\"url\":\"https:\\\/\\\/www.ballettodanceshop.com\\\/\",\"logo\":{\"@type\":\"ImageObject\",\"inLanguage\":\"en-GB\",\"@id\":\"https:\\\/\\\/www.ballettodanceshop.com\\\/#\\\/schema\\\/logo\\\/image\\\/\",\"url\":\"https:\\\/\\\/www.ballettodanceshop.com\\\/wp-content\\\/uploads\\\/2025\\\/06\\\/LOGO-1.png\",\"contentUrl\":\"https:\\\/\\\/www.ballettodanceshop.com\\\/wp-content\\\/uploads\\\/2025\\\/06\\\/LOGO-1.png\",\"width\":508,\"height\":209,\"caption\":\"Balletto Dance Shop\"},\"image\":{\"@id\":\"https:\\\/\\\/www.ballettodanceshop.com\\\/#\\\/schema\\\/logo\\\/image\\\/\"},\"sameAs\":[\"https:\\\/\\\/www.facebook.com\\\/Ballettodanceshop\\\/\",\"https:\\\/\\\/x.com\\\/ballettodance\",\"https:\\\/\\\/www.tiktok.com\\\/@ballettodanceshop\",\"https:\\\/\\\/fr.linkedin.com\\\/company\\\/ballettodaneshop\",\"https:\\\/\\\/fr.pinterest.com\\\/ballettodanceshop\\\/\",\"https:\\\/\\\/www.threads.com\\\/@ballettodanceshop\",\"https:\\\/\\\/www.instagram.com\\\/ballettodanceshop\\\/\",\"https:\\\/\\\/www.youtube.com\\\/@ballettodanceshop\"]}]}<\/script>\n<!-- \/ Yoast SEO plugin. -->","yoast_head_json":{"title":"Heels Dance Satin Portdance Shoes - Balletto Dance Shop","description":"Cabaret or Heels Dance shoes in Premium Satin. Heel height: 8cm. Reinforced eyelet, shock-absorbing insoles.","robots":{"index":"index","follow":"follow","max-snippet":"max-snippet:-1","max-image-preview":"max-image-preview:large","max-video-preview":"max-video-preview:-1"},"canonical":"https:\/\/www.ballettodanceshop.com\/en\/shoes-heels-dance-satin-portdance\/","og_locale":"en_GB","og_type":"article","og_title":"Chaussures Heels Dance Satin Portdance - Balletto Dance Shop","og_description":"Chaussures de Cabaret ou de Heels Dance en Satin Premium. Hauteur du talon: 8cm. \u0152illet renforc\u00e9e, Semelles int\u00e9rieures antichocs.","og_url":"https:\/\/www.ballettodanceshop.com\/en\/shoes-heels-dance-satin-portdance\/","og_site_name":"Balletto Dance Shop","article_publisher":"https:\/\/www.facebook.com\/Ballettodanceshop\/","article_modified_time":"2025-08-24T16:02:55+00:00","og_image":[{"width":600,"height":480,"url":"https:\/\/www.ballettodanceshop.com\/wp-content\/uploads\/2025\/07\/Chaussures_Heels_Satin_Noir_Pro.jpg","type":"image\/jpeg"}],"twitter_card":"summary_large_image","twitter_site":"@ballettodance","schema":{"@context":"https:\/\/schema.org","@graph":[{"@type":"WebPage","@id":"https:\/\/www.ballettodanceshop.com\/chaussures-heels-dance-satin-portdance\/","url":"https:\/\/www.ballettodanceshop.com\/chaussures-heels-dance-satin-portdance\/","name":"Heels Dance Satin Portdance Shoes - Balletto Dance Shop","isPartOf":{"@id":"https:\/\/www.ballettodanceshop.com\/#website"},"primaryImageOfPage":{"@id":"https:\/\/www.ballettodanceshop.com\/chaussures-heels-dance-satin-portdance\/#primaryimage"},"image":{"@id":"https:\/\/www.ballettodanceshop.com\/chaussures-heels-dance-satin-portdance\/#primaryimage"},"thumbnailUrl":"https:\/\/www.ballettodanceshop.com\/wp-content\/uploads\/2025\/07\/Chaussures_Heels_Satin_Noir_Pro.jpg","datePublished":"2024-05-23T18:19:23+00:00","dateModified":"2025-08-24T16:02:55+00:00","description":"Cabaret or Heels Dance shoes in Premium Satin. Heel height: 8cm. Reinforced eyelet, shock-absorbing insoles.","breadcrumb":{"@id":"https:\/\/www.ballettodanceshop.com\/chaussures-heels-dance-satin-portdance\/#breadcrumb"},"inLanguage":"en-GB","potentialAction":[{"@type":"ReadAction","target":["https:\/\/www.ballettodanceshop.com\/chaussures-heels-dance-satin-portdance\/"]}]},{"@type":"ImageObject","inLanguage":"en-GB","@id":"https:\/\/www.ballettodanceshop.com\/chaussures-heels-dance-satin-portdance\/#primaryimage","url":"https:\/\/www.ballettodanceshop.com\/wp-content\/uploads\/2025\/07\/Chaussures_Heels_Satin_Noir_Pro.jpg","contentUrl":"https:\/\/www.ballettodanceshop.com\/wp-content\/uploads\/2025\/07\/Chaussures_Heels_Satin_Noir_Pro.jpg","width":600,"height":480,"caption":"Chaussures Portdance 815"},{"@type":"BreadcrumbList","@id":"https:\/\/www.ballettodanceshop.com\/chaussures-heels-dance-satin-portdance\/#breadcrumb","itemListElement":[{"@type":"ListItem","position":1,"name":"Accueil","item":"https:\/\/www.ballettodanceshop.com\/"},{"@type":"ListItem","position":2,"name":"Produits","item":"https:\/\/www.ballettodanceshop.com\/boutique\/"},{"@type":"ListItem","position":3,"name":"Chaussures Heels Dance Satin Portdance"}]},{"@type":"WebSite","@id":"https:\/\/www.ballettodanceshop.com\/#website","url":"https:\/\/www.ballettodanceshop.com\/","name":"Balletto Dance Shop","description":"Keep Dancing!","publisher":{"@id":"https:\/\/www.ballettodanceshop.com\/#organization"},"alternateName":"Balletto","potentialAction":[{"@type":"SearchAction","target":{"@type":"EntryPoint","urlTemplate":"https:\/\/www.ballettodanceshop.com\/?s={search_term_string}"},"query-input":{"@type":"PropertyValueSpecification","valueRequired":true,"valueName":"search_term_string"}}],"inLanguage":"en-GB"},{"@type":"Organization","@id":"https:\/\/www.ballettodanceshop.com\/#organization","name":"Balletto Dance Shop","alternateName":"Balletto","url":"https:\/\/www.ballettodanceshop.com\/","logo":{"@type":"ImageObject","inLanguage":"en-GB","@id":"https:\/\/www.ballettodanceshop.com\/#\/schema\/logo\/image\/","url":"https:\/\/www.ballettodanceshop.com\/wp-content\/uploads\/2025\/06\/LOGO-1.png","contentUrl":"https:\/\/www.ballettodanceshop.com\/wp-content\/uploads\/2025\/06\/LOGO-1.png","width":508,"height":209,"caption":"Balletto Dance Shop"},"image":{"@id":"https:\/\/www.ballettodanceshop.com\/#\/schema\/logo\/image\/"},"sameAs":["https:\/\/www.facebook.com\/Ballettodanceshop\/","https:\/\/x.com\/ballettodance","https:\/\/www.tiktok.com\/@ballettodanceshop","https:\/\/fr.linkedin.com\/company\/ballettodaneshop","https:\/\/fr.pinterest.com\/ballettodanceshop\/","https:\/\/www.threads.com\/@ballettodanceshop","https:\/\/www.instagram.com\/ballettodanceshop\/","https:\/\/www.youtube.com\/@ballettodanceshop"]}]}},"_links":{"self":[{"href":"https:\/\/www.ballettodanceshop.com\/en\/wp-json\/wp\/v2\/product\/64407","targetHints":{"allow":["GET"]}}],"collection":[{"href":"https:\/\/www.ballettodanceshop.com\/en\/wp-json\/wp\/v2\/product"}],"about":[{"href":"https:\/\/www.ballettodanceshop.com\/en\/wp-json\/wp\/v2\/types\/product"}],"replies":[{"embeddable":true,"href":"https:\/\/www.ballettodanceshop.com\/en\/wp-json\/wp\/v2\/comments?post=64407"}],"wp:featuredmedia":[{"embeddable":true,"href":"https:\/\/www.ballettodanceshop.com\/en\/wp-json\/wp\/v2\/media\/21060"}],"wp:attachment":[{"href":"https:\/\/www.ballettodanceshop.com\/en\/wp-json\/wp\/v2\/media?parent=64407"}],"wp:term":[{"taxonomy":"product_brand","embeddable":true,"href":"https:\/\/www.ballettodanceshop.com\/en\/wp-json\/wp\/v2\/product_brand?post=64407"},{"taxonomy":"product_cat","embeddable":true,"href":"https:\/\/www.ballettodanceshop.com\/en\/wp-json\/wp\/v2\/product_cat?post=64407"},{"taxonomy":"product_tag","embeddable":true,"href":"https:\/\/www.ballettodanceshop.com\/en\/wp-json\/wp\/v2\/product_tag?post=64407"}],"curies":[{"name":"wp","href":"https:\/\/api.w.org\/{rel}","templated":true}]}}