{"id":63905,"date":"2024-05-02T13:28:46","date_gmt":"2024-05-02T11:28:46","guid":{"rendered":"https:\/\/www.ballettodanceshop.com\/tote-bag-wear-moi-rosette\/"},"modified":"2025-08-24T18:02:23","modified_gmt":"2025-08-24T16:02:23","slug":"tote-bag-wear-moi-rosette","status":"publish","type":"product","link":"https:\/\/www.ballettodanceshop.com\/en\/tote-bag-wear-moi-rosette\/","title":{"rendered":"Tote Bag Wear Moi Rosette"},"content":{"rendered":"<p><strong>Tote Bag Wear Moi Rosette<\/strong><\/p>\n<p>Rosette effect fabric<br \/>\nBag with double wide handles<br \/>\nStitched logo on front<br \/>\nMagnetic button closure Inside pocket<br \/>\nCotton - Polyester<\/p>\n<p>Designed in France<\/p>","protected":false},"excerpt":{"rendered":"<p>A magnificent tote bag designed by French dance brand Wear Moi.<\/p>\n<p>For dance, yoga and Pilates, but also for going out on the town or travelling by train or plane.<\/p>\n<p>A practical and elegant accessory for all your outings.<\/p>\n<p>With its wide double handles, it is ideal for a comfortable grip.<\/p>\n<p>With its discreet logo stitched on the front and practical magnetic button fastening, it combines style and practicality.<\/p>\n<p>Une poche situ\u00e9e \u00e0 l&rsquo;int\u00e9rieur vous permet d&rsquo;organiser vos essentiels.<\/p>\n<p>This beautiful bag from Wear Moi isn't just for dancing, it's also perfect for everyday use - it can even hold a computer!<\/p>","protected":false},"featured_media":20428,"comment_status":"open","ping_status":"open","template":"","meta":{"_acf_changed":false},"product_brand":[],"product_cat":[66,104,67,103,111,65,19,25,61,68,340,434,62,398],"product_tag":[789],"class_list":{"0":"post-63905","1":"product","2":"type-product","3":"status-publish","4":"has-post-thumbnail","6":"product_cat-accessoires-classique-filles","7":"product_cat-accessoires-athleisure","8":"product_cat-accessoires","9":"product_cat-athleisure","10":"product_cat-athleisure-yoga-gym-pilates-filles","11":"product_cat-classique-filles","12":"product_cat-femmes","13":"product_cat-filles","14":"product_cat-idees-cadeaux","15":"product_cat-idees-cadeaux-filles","16":"product_cat-inspiration","17":"product_cat-sacs-de-danse","18":"product_cat-classique","19":"product_cat-wear-moi","20":"product_tag-livraison-sous-1-semaine","22":"first","23":"instock","24":"taxable","25":"shipping-taxable","26":"purchasable","27":"product-type-simple"},"acf":[],"yoast_head":"<!-- This site is optimized with the Yoast SEO plugin v27.4 - https:\/\/yoast.com\/product\/yoast-seo-wordpress\/ -->\n<title>Tote Bag Wear Moi Rosette - Balletto Dance Shop<\/title>\n<meta name=\"description\" content=\"Sac Fourre-Tout pour la Danse, le Yoga, le Pilates ou pour la ville Wear Moi Rosette. Une poche situ\u00e9e \u00e0 l&#039;int\u00e9rieur vous permet d&#039;organiser vos essentiels.\" \/>\n<meta name=\"robots\" content=\"index, follow, max-snippet:-1, max-image-preview:large, max-video-preview:-1\" \/>\n<link rel=\"canonical\" href=\"https:\/\/www.ballettodanceshop.com\/en\/tote-bag-wear-moi-rosette\/\" \/>\n<meta property=\"og:locale\" content=\"en_GB\" \/>\n<meta property=\"og:type\" content=\"article\" \/>\n<meta property=\"og:title\" content=\"Tote Bag Wear Moi Rosette - Balletto Dance Shop\" \/>\n<meta property=\"og:description\" content=\"Sac Fourre-Tout pour la Danse, le Yoga, le Pilates ou pour la ville Wear Moi Rosette. Une poche situ\u00e9e \u00e0 l&#039;int\u00e9rieur vous permet d&#039;organiser vos essentiels.\" \/>\n<meta property=\"og:url\" content=\"https:\/\/www.ballettodanceshop.com\/en\/tote-bag-wear-moi-rosette\/\" \/>\n<meta property=\"og:site_name\" content=\"Balletto Dance Shop\" \/>\n<meta property=\"article:publisher\" content=\"https:\/\/www.facebook.com\/Ballettodanceshop\/\" \/>\n<meta property=\"article:modified_time\" content=\"2025-08-24T16:02:23+00:00\" \/>\n<meta property=\"og:image\" content=\"https:\/\/www.ballettodanceshop.com\/wp-content\/uploads\/2025\/07\/Tote_Bag_Wear_Moi_Rosette.jpg\" \/>\n\t<meta property=\"og:image:width\" content=\"1336\" \/>\n\t<meta property=\"og:image:height\" content=\"2000\" \/>\n\t<meta property=\"og:image:type\" content=\"image\/jpeg\" \/>\n<meta name=\"twitter:card\" content=\"summary_large_image\" \/>\n<meta name=\"twitter:site\" content=\"@ballettodance\" \/>\n<script type=\"application\/ld+json\" class=\"yoast-schema-graph\">{\"@context\":\"https:\\\/\\\/schema.org\",\"@graph\":[{\"@type\":\"WebPage\",\"@id\":\"https:\\\/\\\/www.ballettodanceshop.com\\\/tote-bag-wear-moi-rosette\\\/\",\"url\":\"https:\\\/\\\/www.ballettodanceshop.com\\\/tote-bag-wear-moi-rosette\\\/\",\"name\":\"Tote Bag Wear Moi Rosette - Balletto Dance Shop\",\"isPartOf\":{\"@id\":\"https:\\\/\\\/www.ballettodanceshop.com\\\/#website\"},\"primaryImageOfPage\":{\"@id\":\"https:\\\/\\\/www.ballettodanceshop.com\\\/tote-bag-wear-moi-rosette\\\/#primaryimage\"},\"image\":{\"@id\":\"https:\\\/\\\/www.ballettodanceshop.com\\\/tote-bag-wear-moi-rosette\\\/#primaryimage\"},\"thumbnailUrl\":\"https:\\\/\\\/www.ballettodanceshop.com\\\/wp-content\\\/uploads\\\/2025\\\/07\\\/Tote_Bag_Wear_Moi_Rosette.jpg\",\"datePublished\":\"2024-05-02T11:28:46+00:00\",\"dateModified\":\"2025-08-24T16:02:23+00:00\",\"description\":\"Sac Fourre-Tout pour la Danse, le Yoga, le Pilates ou pour la ville Wear Moi Rosette. Une poche situ\u00e9e \u00e0 l'int\u00e9rieur vous permet d'organiser vos essentiels.\",\"breadcrumb\":{\"@id\":\"https:\\\/\\\/www.ballettodanceshop.com\\\/tote-bag-wear-moi-rosette\\\/#breadcrumb\"},\"inLanguage\":\"en-GB\",\"potentialAction\":[{\"@type\":\"ReadAction\",\"target\":[\"https:\\\/\\\/www.ballettodanceshop.com\\\/tote-bag-wear-moi-rosette\\\/\"]}]},{\"@type\":\"ImageObject\",\"inLanguage\":\"en-GB\",\"@id\":\"https:\\\/\\\/www.ballettodanceshop.com\\\/tote-bag-wear-moi-rosette\\\/#primaryimage\",\"url\":\"https:\\\/\\\/www.ballettodanceshop.com\\\/wp-content\\\/uploads\\\/2025\\\/07\\\/Tote_Bag_Wear_Moi_Rosette.jpg\",\"contentUrl\":\"https:\\\/\\\/www.ballettodanceshop.com\\\/wp-content\\\/uploads\\\/2025\\\/07\\\/Tote_Bag_Wear_Moi_Rosette.jpg\",\"width\":1336,\"height\":2000,\"caption\":\"Wear Moi Rosette\"},{\"@type\":\"BreadcrumbList\",\"@id\":\"https:\\\/\\\/www.ballettodanceshop.com\\\/tote-bag-wear-moi-rosette\\\/#breadcrumb\",\"itemListElement\":[{\"@type\":\"ListItem\",\"position\":1,\"name\":\"Accueil\",\"item\":\"https:\\\/\\\/www.ballettodanceshop.com\\\/\"},{\"@type\":\"ListItem\",\"position\":2,\"name\":\"Produits\",\"item\":\"https:\\\/\\\/www.ballettodanceshop.com\\\/boutique\\\/\"},{\"@type\":\"ListItem\",\"position\":3,\"name\":\"Tote Bag Wear Moi Rosette\"}]},{\"@type\":\"WebSite\",\"@id\":\"https:\\\/\\\/www.ballettodanceshop.com\\\/#website\",\"url\":\"https:\\\/\\\/www.ballettodanceshop.com\\\/\",\"name\":\"Balletto Dance Shop\",\"description\":\"Keep Dancing !\",\"publisher\":{\"@id\":\"https:\\\/\\\/www.ballettodanceshop.com\\\/#organization\"},\"alternateName\":\"Balletto\",\"potentialAction\":[{\"@type\":\"SearchAction\",\"target\":{\"@type\":\"EntryPoint\",\"urlTemplate\":\"https:\\\/\\\/www.ballettodanceshop.com\\\/?s={search_term_string}\"},\"query-input\":{\"@type\":\"PropertyValueSpecification\",\"valueRequired\":true,\"valueName\":\"search_term_string\"}}],\"inLanguage\":\"en-GB\"},{\"@type\":\"Organization\",\"@id\":\"https:\\\/\\\/www.ballettodanceshop.com\\\/#organization\",\"name\":\"Balletto Dance Shop\",\"alternateName\":\"Balletto\",\"url\":\"https:\\\/\\\/www.ballettodanceshop.com\\\/\",\"logo\":{\"@type\":\"ImageObject\",\"inLanguage\":\"en-GB\",\"@id\":\"https:\\\/\\\/www.ballettodanceshop.com\\\/#\\\/schema\\\/logo\\\/image\\\/\",\"url\":\"https:\\\/\\\/www.ballettodanceshop.com\\\/wp-content\\\/uploads\\\/2025\\\/06\\\/LOGO-1.png\",\"contentUrl\":\"https:\\\/\\\/www.ballettodanceshop.com\\\/wp-content\\\/uploads\\\/2025\\\/06\\\/LOGO-1.png\",\"width\":508,\"height\":209,\"caption\":\"Balletto Dance Shop\"},\"image\":{\"@id\":\"https:\\\/\\\/www.ballettodanceshop.com\\\/#\\\/schema\\\/logo\\\/image\\\/\"},\"sameAs\":[\"https:\\\/\\\/www.facebook.com\\\/Ballettodanceshop\\\/\",\"https:\\\/\\\/x.com\\\/ballettodance\",\"https:\\\/\\\/www.tiktok.com\\\/@ballettodanceshop\",\"https:\\\/\\\/fr.linkedin.com\\\/company\\\/ballettodaneshop\",\"https:\\\/\\\/fr.pinterest.com\\\/ballettodanceshop\\\/\",\"https:\\\/\\\/www.threads.com\\\/@ballettodanceshop\",\"https:\\\/\\\/www.instagram.com\\\/ballettodanceshop\\\/\",\"https:\\\/\\\/www.youtube.com\\\/@ballettodanceshop\"]}]}<\/script>\n<!-- \/ Yoast SEO plugin. -->","yoast_head_json":{"title":"Tote Bag Wear Moi Rosette - Balletto Dance Shop","description":"Sac Fourre-Tout pour la Danse, le Yoga, le Pilates ou pour la ville Wear Moi Rosette. Une poche situ\u00e9e \u00e0 l'int\u00e9rieur vous permet d'organiser vos essentiels.","robots":{"index":"index","follow":"follow","max-snippet":"max-snippet:-1","max-image-preview":"max-image-preview:large","max-video-preview":"max-video-preview:-1"},"canonical":"https:\/\/www.ballettodanceshop.com\/en\/tote-bag-wear-moi-rosette\/","og_locale":"en_GB","og_type":"article","og_title":"Tote Bag Wear Moi Rosette - Balletto Dance Shop","og_description":"Sac Fourre-Tout pour la Danse, le Yoga, le Pilates ou pour la ville Wear Moi Rosette. Une poche situ\u00e9e \u00e0 l'int\u00e9rieur vous permet d'organiser vos essentiels.","og_url":"https:\/\/www.ballettodanceshop.com\/en\/tote-bag-wear-moi-rosette\/","og_site_name":"Balletto Dance Shop","article_publisher":"https:\/\/www.facebook.com\/Ballettodanceshop\/","article_modified_time":"2025-08-24T16:02:23+00:00","og_image":[{"width":1336,"height":2000,"url":"https:\/\/www.ballettodanceshop.com\/wp-content\/uploads\/2025\/07\/Tote_Bag_Wear_Moi_Rosette.jpg","type":"image\/jpeg"}],"twitter_card":"summary_large_image","twitter_site":"@ballettodance","schema":{"@context":"https:\/\/schema.org","@graph":[{"@type":"WebPage","@id":"https:\/\/www.ballettodanceshop.com\/tote-bag-wear-moi-rosette\/","url":"https:\/\/www.ballettodanceshop.com\/tote-bag-wear-moi-rosette\/","name":"Tote Bag Wear Moi Rosette - Balletto Dance Shop","isPartOf":{"@id":"https:\/\/www.ballettodanceshop.com\/#website"},"primaryImageOfPage":{"@id":"https:\/\/www.ballettodanceshop.com\/tote-bag-wear-moi-rosette\/#primaryimage"},"image":{"@id":"https:\/\/www.ballettodanceshop.com\/tote-bag-wear-moi-rosette\/#primaryimage"},"thumbnailUrl":"https:\/\/www.ballettodanceshop.com\/wp-content\/uploads\/2025\/07\/Tote_Bag_Wear_Moi_Rosette.jpg","datePublished":"2024-05-02T11:28:46+00:00","dateModified":"2025-08-24T16:02:23+00:00","description":"Sac Fourre-Tout pour la Danse, le Yoga, le Pilates ou pour la ville Wear Moi Rosette. Une poche situ\u00e9e \u00e0 l'int\u00e9rieur vous permet d'organiser vos essentiels.","breadcrumb":{"@id":"https:\/\/www.ballettodanceshop.com\/tote-bag-wear-moi-rosette\/#breadcrumb"},"inLanguage":"en-GB","potentialAction":[{"@type":"ReadAction","target":["https:\/\/www.ballettodanceshop.com\/tote-bag-wear-moi-rosette\/"]}]},{"@type":"ImageObject","inLanguage":"en-GB","@id":"https:\/\/www.ballettodanceshop.com\/tote-bag-wear-moi-rosette\/#primaryimage","url":"https:\/\/www.ballettodanceshop.com\/wp-content\/uploads\/2025\/07\/Tote_Bag_Wear_Moi_Rosette.jpg","contentUrl":"https:\/\/www.ballettodanceshop.com\/wp-content\/uploads\/2025\/07\/Tote_Bag_Wear_Moi_Rosette.jpg","width":1336,"height":2000,"caption":"Wear Moi Rosette"},{"@type":"BreadcrumbList","@id":"https:\/\/www.ballettodanceshop.com\/tote-bag-wear-moi-rosette\/#breadcrumb","itemListElement":[{"@type":"ListItem","position":1,"name":"Accueil","item":"https:\/\/www.ballettodanceshop.com\/"},{"@type":"ListItem","position":2,"name":"Produits","item":"https:\/\/www.ballettodanceshop.com\/boutique\/"},{"@type":"ListItem","position":3,"name":"Tote Bag Wear Moi Rosette"}]},{"@type":"WebSite","@id":"https:\/\/www.ballettodanceshop.com\/#website","url":"https:\/\/www.ballettodanceshop.com\/","name":"Balletto Dance Shop","description":"Keep Dancing!","publisher":{"@id":"https:\/\/www.ballettodanceshop.com\/#organization"},"alternateName":"Balletto","potentialAction":[{"@type":"SearchAction","target":{"@type":"EntryPoint","urlTemplate":"https:\/\/www.ballettodanceshop.com\/?s={search_term_string}"},"query-input":{"@type":"PropertyValueSpecification","valueRequired":true,"valueName":"search_term_string"}}],"inLanguage":"en-GB"},{"@type":"Organization","@id":"https:\/\/www.ballettodanceshop.com\/#organization","name":"Balletto Dance Shop","alternateName":"Balletto","url":"https:\/\/www.ballettodanceshop.com\/","logo":{"@type":"ImageObject","inLanguage":"en-GB","@id":"https:\/\/www.ballettodanceshop.com\/#\/schema\/logo\/image\/","url":"https:\/\/www.ballettodanceshop.com\/wp-content\/uploads\/2025\/06\/LOGO-1.png","contentUrl":"https:\/\/www.ballettodanceshop.com\/wp-content\/uploads\/2025\/06\/LOGO-1.png","width":508,"height":209,"caption":"Balletto Dance Shop"},"image":{"@id":"https:\/\/www.ballettodanceshop.com\/#\/schema\/logo\/image\/"},"sameAs":["https:\/\/www.facebook.com\/Ballettodanceshop\/","https:\/\/x.com\/ballettodance","https:\/\/www.tiktok.com\/@ballettodanceshop","https:\/\/fr.linkedin.com\/company\/ballettodaneshop","https:\/\/fr.pinterest.com\/ballettodanceshop\/","https:\/\/www.threads.com\/@ballettodanceshop","https:\/\/www.instagram.com\/ballettodanceshop\/","https:\/\/www.youtube.com\/@ballettodanceshop"]}]}},"_links":{"self":[{"href":"https:\/\/www.ballettodanceshop.com\/en\/wp-json\/wp\/v2\/product\/63905","targetHints":{"allow":["GET"]}}],"collection":[{"href":"https:\/\/www.ballettodanceshop.com\/en\/wp-json\/wp\/v2\/product"}],"about":[{"href":"https:\/\/www.ballettodanceshop.com\/en\/wp-json\/wp\/v2\/types\/product"}],"replies":[{"embeddable":true,"href":"https:\/\/www.ballettodanceshop.com\/en\/wp-json\/wp\/v2\/comments?post=63905"}],"wp:featuredmedia":[{"embeddable":true,"href":"https:\/\/www.ballettodanceshop.com\/en\/wp-json\/wp\/v2\/media\/20428"}],"wp:attachment":[{"href":"https:\/\/www.ballettodanceshop.com\/en\/wp-json\/wp\/v2\/media?parent=63905"}],"wp:term":[{"taxonomy":"product_brand","embeddable":true,"href":"https:\/\/www.ballettodanceshop.com\/en\/wp-json\/wp\/v2\/product_brand?post=63905"},{"taxonomy":"product_cat","embeddable":true,"href":"https:\/\/www.ballettodanceshop.com\/en\/wp-json\/wp\/v2\/product_cat?post=63905"},{"taxonomy":"product_tag","embeddable":true,"href":"https:\/\/www.ballettodanceshop.com\/en\/wp-json\/wp\/v2\/product_tag?post=63905"}],"curies":[{"name":"wp","href":"https:\/\/api.w.org\/{rel}","templated":true}]}}