{"id":63233,"date":"2024-04-10T04:07:56","date_gmt":"2024-04-10T02:07:56","guid":{"rendered":"https:\/\/www.ballettodanceshop.com\/sweat-athleisure-artiligne-sophia\/"},"modified":"2026-02-27T11:15:36","modified_gmt":"2026-02-27T10:15:36","slug":"artiligne-sophia-athleisure-sweatshirt","status":"publish","type":"product","link":"https:\/\/www.ballettodanceshop.com\/en\/sweat-athleisure-artiligne-sophia\/","title":{"rendered":"Athleisure Artiligne Sophia sweatshirt"},"content":{"rendered":"<p><strong>Athleisure Artiligne Sophia sweatshirt<\/strong><\/p>\n<p>100% Cotton Molton<\/p>\n<p>Designed in France<\/p>","protected":false},"excerpt":{"rendered":"<p>Un Sweat Athleisure qui vous accompagne partout.<\/p>\n<p>Quite original in its design and ultra-comfortable, fluid and soft fabric.<\/p>\n<p>Ultra-feminine and elegant, this loose-fitting sweatshirt is made from soft fleece with a brushed interior.<\/p>\n<p>The sleeves and wrap-around back are in sheer tulle for a voluptuous look.<\/p>\n<p>Ideal for your dance warm-up or for travelling to competitions.<\/p>\n<p>This is a wonderful sweatshirt to wear to yoga or Pilates classes or out and about with your Melvine trousers.<\/p>\n<p><strong>Limited Edition.<\/strong><\/p>","protected":false},"featured_media":19655,"comment_status":"open","ping_status":"closed","template":"","meta":{"_acf_changed":false},"product_brand":[],"product_cat":[767,103,114,120,115,19,61,91,62,306,308],"product_tag":[789],"class_list":{"0":"post-63233","1":"product","2":"type-product","3":"status-publish","4":"has-post-thumbnail","6":"product_cat-artiligne","7":"product_cat-athleisure","8":"product_cat-echauffement","9":"product_cat-echauffements","10":"product_cat-echauffements-jazz","11":"product_cat-femmes","12":"product_cat-idees-cadeaux","13":"product_cat-jazz","14":"product_cat-classique","15":"product_cat-tops","16":"product_cat-tops-athleisure","17":"product_tag-livraison-sous-1-semaine","19":"first","20":"instock","21":"taxable","22":"shipping-taxable","23":"purchasable","24":"product-type-variable"},"acf":[],"yoast_head":"<!-- This site is optimized with the Yoast SEO plugin v27.4 - https:\/\/yoast.com\/product\/yoast-seo-wordpress\/ -->\n<title>Sweat Athleisure Artiligne Sophia - Balletto Dance Shop<\/title>\n<meta name=\"description\" content=\"Ultra f\u00e9minin et \u00e9l\u00e9gant, ce sweatshirt est r\u00e9alis\u00e9 dans un molleton doux gratt\u00e9 \u00e0 l\u2019int\u00e9rieur. Id\u00e9al pour votre \u00e9chauffement danse. Con\u00e7u en France.\" \/>\n<meta name=\"robots\" content=\"index, follow, max-snippet:-1, max-image-preview:large, max-video-preview:-1\" \/>\n<link rel=\"canonical\" href=\"https:\/\/www.ballettodanceshop.com\/en\/artiligne-sophia-athleisure-sweatshirt\/\" \/>\n<meta property=\"og:locale\" content=\"en_GB\" \/>\n<meta property=\"og:type\" content=\"article\" \/>\n<meta property=\"og:title\" content=\"Sweat Athleisure Artiligne Sophia - Balletto Dance Shop\" \/>\n<meta property=\"og:description\" content=\"Ultra f\u00e9minin et \u00e9l\u00e9gant, ce sweatshirt est r\u00e9alis\u00e9 dans un molleton doux gratt\u00e9 \u00e0 l\u2019int\u00e9rieur. Id\u00e9al pour votre \u00e9chauffement danse. Con\u00e7u en France.\" \/>\n<meta property=\"og:url\" content=\"https:\/\/www.ballettodanceshop.com\/en\/artiligne-sophia-athleisure-sweatshirt\/\" \/>\n<meta property=\"og:site_name\" content=\"Balletto Dance Shop\" \/>\n<meta property=\"article:publisher\" content=\"https:\/\/www.facebook.com\/Ballettodanceshop\/\" \/>\n<meta property=\"article:modified_time\" content=\"2026-02-27T10:15:36+00:00\" \/>\n<meta property=\"og:image\" content=\"https:\/\/www.ballettodanceshop.com\/wp-content\/uploads\/2025\/07\/Sweat-Artiligne-Sofia-scaled-scaled.jpg\" \/>\n\t<meta property=\"og:image:width\" content=\"1366\" \/>\n\t<meta property=\"og:image:height\" content=\"2048\" \/>\n\t<meta property=\"og:image:type\" content=\"image\/jpeg\" \/>\n<meta name=\"twitter:card\" content=\"summary_large_image\" \/>\n<meta name=\"twitter:site\" content=\"@ballettodance\" \/>\n<meta name=\"twitter:label1\" content=\"Estimated reading time\" \/>\n\t<meta name=\"twitter:data1\" content=\"1 minute\" \/>\n<script type=\"application\/ld+json\" class=\"yoast-schema-graph\">{\"@context\":\"https:\\\/\\\/schema.org\",\"@graph\":[{\"@type\":\"WebPage\",\"@id\":\"https:\\\/\\\/www.ballettodanceshop.com\\\/sweat-athleisure-artiligne-sophia\\\/\",\"url\":\"https:\\\/\\\/www.ballettodanceshop.com\\\/sweat-athleisure-artiligne-sophia\\\/\",\"name\":\"Sweat Athleisure Artiligne Sophia - Balletto Dance Shop\",\"isPartOf\":{\"@id\":\"https:\\\/\\\/www.ballettodanceshop.com\\\/#website\"},\"primaryImageOfPage\":{\"@id\":\"https:\\\/\\\/www.ballettodanceshop.com\\\/sweat-athleisure-artiligne-sophia\\\/#primaryimage\"},\"image\":{\"@id\":\"https:\\\/\\\/www.ballettodanceshop.com\\\/sweat-athleisure-artiligne-sophia\\\/#primaryimage\"},\"thumbnailUrl\":\"https:\\\/\\\/www.ballettodanceshop.com\\\/wp-content\\\/uploads\\\/2025\\\/07\\\/Sweat-Artiligne-Sofia-scaled-scaled.jpg\",\"datePublished\":\"2024-04-10T02:07:56+00:00\",\"dateModified\":\"2026-02-27T10:15:36+00:00\",\"description\":\"Ultra f\u00e9minin et \u00e9l\u00e9gant, ce sweatshirt est r\u00e9alis\u00e9 dans un molleton doux gratt\u00e9 \u00e0 l\u2019int\u00e9rieur. Id\u00e9al pour votre \u00e9chauffement danse. Con\u00e7u en France.\",\"breadcrumb\":{\"@id\":\"https:\\\/\\\/www.ballettodanceshop.com\\\/sweat-athleisure-artiligne-sophia\\\/#breadcrumb\"},\"inLanguage\":\"en-GB\",\"potentialAction\":[{\"@type\":\"ReadAction\",\"target\":[\"https:\\\/\\\/www.ballettodanceshop.com\\\/sweat-athleisure-artiligne-sophia\\\/\"]}]},{\"@type\":\"ImageObject\",\"inLanguage\":\"en-GB\",\"@id\":\"https:\\\/\\\/www.ballettodanceshop.com\\\/sweat-athleisure-artiligne-sophia\\\/#primaryimage\",\"url\":\"https:\\\/\\\/www.ballettodanceshop.com\\\/wp-content\\\/uploads\\\/2025\\\/07\\\/Sweat-Artiligne-Sofia-scaled-scaled.jpg\",\"contentUrl\":\"https:\\\/\\\/www.ballettodanceshop.com\\\/wp-content\\\/uploads\\\/2025\\\/07\\\/Sweat-Artiligne-Sofia-scaled-scaled.jpg\",\"width\":1366,\"height\":2048,\"caption\":\"Sweat Athleisure Artiligne Sofia\"},{\"@type\":\"BreadcrumbList\",\"@id\":\"https:\\\/\\\/www.ballettodanceshop.com\\\/sweat-athleisure-artiligne-sophia\\\/#breadcrumb\",\"itemListElement\":[{\"@type\":\"ListItem\",\"position\":1,\"name\":\"Accueil\",\"item\":\"https:\\\/\\\/www.ballettodanceshop.com\\\/\"},{\"@type\":\"ListItem\",\"position\":2,\"name\":\"Produits\",\"item\":\"https:\\\/\\\/www.ballettodanceshop.com\\\/boutique\\\/\"},{\"@type\":\"ListItem\",\"position\":3,\"name\":\"Sweat Athleisure Artiligne Sophia\"}]},{\"@type\":\"WebSite\",\"@id\":\"https:\\\/\\\/www.ballettodanceshop.com\\\/#website\",\"url\":\"https:\\\/\\\/www.ballettodanceshop.com\\\/\",\"name\":\"Balletto Dance Shop\",\"description\":\"Keep Dancing !\",\"publisher\":{\"@id\":\"https:\\\/\\\/www.ballettodanceshop.com\\\/#organization\"},\"alternateName\":\"Balletto\",\"potentialAction\":[{\"@type\":\"SearchAction\",\"target\":{\"@type\":\"EntryPoint\",\"urlTemplate\":\"https:\\\/\\\/www.ballettodanceshop.com\\\/?s={search_term_string}\"},\"query-input\":{\"@type\":\"PropertyValueSpecification\",\"valueRequired\":true,\"valueName\":\"search_term_string\"}}],\"inLanguage\":\"en-GB\"},{\"@type\":\"Organization\",\"@id\":\"https:\\\/\\\/www.ballettodanceshop.com\\\/#organization\",\"name\":\"Balletto Dance Shop\",\"alternateName\":\"Balletto\",\"url\":\"https:\\\/\\\/www.ballettodanceshop.com\\\/\",\"logo\":{\"@type\":\"ImageObject\",\"inLanguage\":\"en-GB\",\"@id\":\"https:\\\/\\\/www.ballettodanceshop.com\\\/#\\\/schema\\\/logo\\\/image\\\/\",\"url\":\"https:\\\/\\\/www.ballettodanceshop.com\\\/wp-content\\\/uploads\\\/2025\\\/06\\\/LOGO-1.png\",\"contentUrl\":\"https:\\\/\\\/www.ballettodanceshop.com\\\/wp-content\\\/uploads\\\/2025\\\/06\\\/LOGO-1.png\",\"width\":508,\"height\":209,\"caption\":\"Balletto Dance Shop\"},\"image\":{\"@id\":\"https:\\\/\\\/www.ballettodanceshop.com\\\/#\\\/schema\\\/logo\\\/image\\\/\"},\"sameAs\":[\"https:\\\/\\\/www.facebook.com\\\/Ballettodanceshop\\\/\",\"https:\\\/\\\/x.com\\\/ballettodance\",\"https:\\\/\\\/www.tiktok.com\\\/@ballettodanceshop\",\"https:\\\/\\\/fr.linkedin.com\\\/company\\\/ballettodaneshop\",\"https:\\\/\\\/fr.pinterest.com\\\/ballettodanceshop\\\/\",\"https:\\\/\\\/www.threads.com\\\/@ballettodanceshop\",\"https:\\\/\\\/www.instagram.com\\\/ballettodanceshop\\\/\",\"https:\\\/\\\/www.youtube.com\\\/@ballettodanceshop\"]}]}<\/script>\n<!-- \/ Yoast SEO plugin. -->","yoast_head_json":{"title":"Sweat Athleisure Artiligne Sophia - Balletto Dance Shop","description":"Ultra-feminine and elegant, this sweatshirt is made from soft fleece that's brushed on the inside. Ideal for your dance warm-up. Made in France.","robots":{"index":"index","follow":"follow","max-snippet":"max-snippet:-1","max-image-preview":"max-image-preview:large","max-video-preview":"max-video-preview:-1"},"canonical":"https:\/\/www.ballettodanceshop.com\/en\/artiligne-sophia-athleisure-sweatshirt\/","og_locale":"en_GB","og_type":"article","og_title":"Sweat Athleisure Artiligne Sophia - Balletto Dance Shop","og_description":"Ultra f\u00e9minin et \u00e9l\u00e9gant, ce sweatshirt est r\u00e9alis\u00e9 dans un molleton doux gratt\u00e9 \u00e0 l\u2019int\u00e9rieur. Id\u00e9al pour votre \u00e9chauffement danse. Con\u00e7u en France.","og_url":"https:\/\/www.ballettodanceshop.com\/en\/artiligne-sophia-athleisure-sweatshirt\/","og_site_name":"Balletto Dance Shop","article_publisher":"https:\/\/www.facebook.com\/Ballettodanceshop\/","article_modified_time":"2026-02-27T10:15:36+00:00","og_image":[{"width":1366,"height":2048,"url":"https:\/\/www.ballettodanceshop.com\/wp-content\/uploads\/2025\/07\/Sweat-Artiligne-Sofia-scaled-scaled.jpg","type":"image\/jpeg"}],"twitter_card":"summary_large_image","twitter_site":"@ballettodance","twitter_misc":{"Estimated reading time":"1 minute"},"schema":{"@context":"https:\/\/schema.org","@graph":[{"@type":"WebPage","@id":"https:\/\/www.ballettodanceshop.com\/sweat-athleisure-artiligne-sophia\/","url":"https:\/\/www.ballettodanceshop.com\/sweat-athleisure-artiligne-sophia\/","name":"Sweat Athleisure Artiligne Sophia - Balletto Dance Shop","isPartOf":{"@id":"https:\/\/www.ballettodanceshop.com\/#website"},"primaryImageOfPage":{"@id":"https:\/\/www.ballettodanceshop.com\/sweat-athleisure-artiligne-sophia\/#primaryimage"},"image":{"@id":"https:\/\/www.ballettodanceshop.com\/sweat-athleisure-artiligne-sophia\/#primaryimage"},"thumbnailUrl":"https:\/\/www.ballettodanceshop.com\/wp-content\/uploads\/2025\/07\/Sweat-Artiligne-Sofia-scaled-scaled.jpg","datePublished":"2024-04-10T02:07:56+00:00","dateModified":"2026-02-27T10:15:36+00:00","description":"Ultra-feminine and elegant, this sweatshirt is made from soft fleece that's brushed on the inside. Ideal for your dance warm-up. Made in France.","breadcrumb":{"@id":"https:\/\/www.ballettodanceshop.com\/sweat-athleisure-artiligne-sophia\/#breadcrumb"},"inLanguage":"en-GB","potentialAction":[{"@type":"ReadAction","target":["https:\/\/www.ballettodanceshop.com\/sweat-athleisure-artiligne-sophia\/"]}]},{"@type":"ImageObject","inLanguage":"en-GB","@id":"https:\/\/www.ballettodanceshop.com\/sweat-athleisure-artiligne-sophia\/#primaryimage","url":"https:\/\/www.ballettodanceshop.com\/wp-content\/uploads\/2025\/07\/Sweat-Artiligne-Sofia-scaled-scaled.jpg","contentUrl":"https:\/\/www.ballettodanceshop.com\/wp-content\/uploads\/2025\/07\/Sweat-Artiligne-Sofia-scaled-scaled.jpg","width":1366,"height":2048,"caption":"Sweat Athleisure Artiligne Sofia"},{"@type":"BreadcrumbList","@id":"https:\/\/www.ballettodanceshop.com\/sweat-athleisure-artiligne-sophia\/#breadcrumb","itemListElement":[{"@type":"ListItem","position":1,"name":"Accueil","item":"https:\/\/www.ballettodanceshop.com\/"},{"@type":"ListItem","position":2,"name":"Produits","item":"https:\/\/www.ballettodanceshop.com\/boutique\/"},{"@type":"ListItem","position":3,"name":"Sweat Athleisure Artiligne Sophia"}]},{"@type":"WebSite","@id":"https:\/\/www.ballettodanceshop.com\/#website","url":"https:\/\/www.ballettodanceshop.com\/","name":"Balletto Dance Shop","description":"Keep Dancing!","publisher":{"@id":"https:\/\/www.ballettodanceshop.com\/#organization"},"alternateName":"Balletto","potentialAction":[{"@type":"SearchAction","target":{"@type":"EntryPoint","urlTemplate":"https:\/\/www.ballettodanceshop.com\/?s={search_term_string}"},"query-input":{"@type":"PropertyValueSpecification","valueRequired":true,"valueName":"search_term_string"}}],"inLanguage":"en-GB"},{"@type":"Organization","@id":"https:\/\/www.ballettodanceshop.com\/#organization","name":"Balletto Dance Shop","alternateName":"Balletto","url":"https:\/\/www.ballettodanceshop.com\/","logo":{"@type":"ImageObject","inLanguage":"en-GB","@id":"https:\/\/www.ballettodanceshop.com\/#\/schema\/logo\/image\/","url":"https:\/\/www.ballettodanceshop.com\/wp-content\/uploads\/2025\/06\/LOGO-1.png","contentUrl":"https:\/\/www.ballettodanceshop.com\/wp-content\/uploads\/2025\/06\/LOGO-1.png","width":508,"height":209,"caption":"Balletto Dance Shop"},"image":{"@id":"https:\/\/www.ballettodanceshop.com\/#\/schema\/logo\/image\/"},"sameAs":["https:\/\/www.facebook.com\/Ballettodanceshop\/","https:\/\/x.com\/ballettodance","https:\/\/www.tiktok.com\/@ballettodanceshop","https:\/\/fr.linkedin.com\/company\/ballettodaneshop","https:\/\/fr.pinterest.com\/ballettodanceshop\/","https:\/\/www.threads.com\/@ballettodanceshop","https:\/\/www.instagram.com\/ballettodanceshop\/","https:\/\/www.youtube.com\/@ballettodanceshop"]}]}},"_links":{"self":[{"href":"https:\/\/www.ballettodanceshop.com\/en\/wp-json\/wp\/v2\/product\/63233","targetHints":{"allow":["GET"]}}],"collection":[{"href":"https:\/\/www.ballettodanceshop.com\/en\/wp-json\/wp\/v2\/product"}],"about":[{"href":"https:\/\/www.ballettodanceshop.com\/en\/wp-json\/wp\/v2\/types\/product"}],"replies":[{"embeddable":true,"href":"https:\/\/www.ballettodanceshop.com\/en\/wp-json\/wp\/v2\/comments?post=63233"}],"wp:featuredmedia":[{"embeddable":true,"href":"https:\/\/www.ballettodanceshop.com\/en\/wp-json\/wp\/v2\/media\/19655"}],"wp:attachment":[{"href":"https:\/\/www.ballettodanceshop.com\/en\/wp-json\/wp\/v2\/media?parent=63233"}],"wp:term":[{"taxonomy":"product_brand","embeddable":true,"href":"https:\/\/www.ballettodanceshop.com\/en\/wp-json\/wp\/v2\/product_brand?post=63233"},{"taxonomy":"product_cat","embeddable":true,"href":"https:\/\/www.ballettodanceshop.com\/en\/wp-json\/wp\/v2\/product_cat?post=63233"},{"taxonomy":"product_tag","embeddable":true,"href":"https:\/\/www.ballettodanceshop.com\/en\/wp-json\/wp\/v2\/product_tag?post=63233"}],"curies":[{"name":"wp","href":"https:\/\/api.w.org\/{rel}","templated":true}]}}