{"id":62693,"date":"2024-01-21T14:34:21","date_gmt":"2024-01-21T13:34:21","guid":{"rendered":"https:\/\/www.ballettodanceshop.com\/cardigan-bamboo-ballet-rosa-etsu\/"},"modified":"2025-08-24T18:00:58","modified_gmt":"2025-08-24T16:00:58","slug":"cardigan-bamboo-ballet-rosa-etsu","status":"publish","type":"product","link":"https:\/\/www.ballettodanceshop.com\/en\/cardigan-bamboo-ballet-rosa-etsu\/","title":{"rendered":"Bamboo Ballet Cardigan Rosa Etsu"},"content":{"rendered":"<p><strong>Bamboo Ballet Cardigan Rosa Etsu<\/strong><\/p>\n<p>Bamboo Collection<\/p>\n<p>Made in Portugal<\/p>","protected":false},"excerpt":{"rendered":"<p><strong>A style that's both chic and casual!<\/strong><\/p>\n<p>The new Ballet Rosa Etsu-Collection Bamboo Cardigan is a new addition to your dance wardrobe.<\/p>\n<p>Ultra-light, soft natural fabric.<\/p>\n<p>This superb, deliciously soft model in luxurious bamboo exudes elegance and refinement, but it will be no less than a faithful companion on relaxing weekends.<\/p>\n<p>Its relaxed style and fluid silhouette adapt to all situations, offering versatility that goes beyond the dance floor.<\/p>\n<p>The Ballet Rosa Etsu cardigan is ideal for ballet teachers, combining comfort and elegance.<\/p>\n<p><strong>This model runs small.<\/strong><\/p>","protected":false},"featured_media":18994,"comment_status":"open","ping_status":"open","template":"","meta":{"_acf_changed":false},"product_brand":[],"product_cat":[103,299,113,114,120,303,19,61,144,290,62,308],"product_tag":[793],"class_list":{"0":"post-62693","1":"product","2":"type-product","3":"status-publish","4":"has-post-thumbnail","6":"product_cat-athleisure","7":"product_cat-ballet-rosa","8":"product_cat-danses-latines","9":"product_cat-echauffement","10":"product_cat-echauffements","11":"product_cat-edition-limitee-ballet-rosa","12":"product_cat-femmes","13":"product_cat-idees-cadeaux","14":"product_cat-justaucorps-tuniques","15":"product_cat-robes","16":"product_cat-classique","17":"product_cat-tops-athleisure","18":"product_tag-livraison-3-a-4-semaines","20":"first","21":"instock","22":"taxable","23":"shipping-taxable","24":"purchasable","25":"product-type-variable"},"acf":[],"yoast_head":"<!-- This site is optimized with the Yoast SEO plugin v27.4 - https:\/\/yoast.com\/product\/yoast-seo-wordpress\/ -->\n<title>Cardigan Bamboo Ballet Rosa Etsu - Balletto Dance Shop<\/title>\n<meta name=\"description\" content=\"Un cardigan long en bamboo naturel tr\u00e8s doux, \u00e0 porter comme un manteau entre deux cours de danse. Hyper l\u00e9ger il apporte un style chic et d\u00e9contract\u00e9.\" \/>\n<meta name=\"robots\" content=\"index, follow, max-snippet:-1, max-image-preview:large, max-video-preview:-1\" \/>\n<link rel=\"canonical\" href=\"https:\/\/www.ballettodanceshop.com\/en\/cardigan-bamboo-ballet-rosa-etsu\/\" \/>\n<meta property=\"og:locale\" content=\"en_GB\" \/>\n<meta property=\"og:type\" content=\"article\" \/>\n<meta property=\"og:title\" content=\"Cardigan Bamboo Ballet Rosa Etsu - Balletto Dance Shop\" \/>\n<meta property=\"og:description\" content=\"Un cardigan long en bamboo naturel tr\u00e8s doux, \u00e0 porter comme un manteau entre deux cours de danse. Hyper l\u00e9ger il apporte un style chic et d\u00e9contract\u00e9.\" \/>\n<meta property=\"og:url\" content=\"https:\/\/www.ballettodanceshop.com\/en\/cardigan-bamboo-ballet-rosa-etsu\/\" \/>\n<meta property=\"og:site_name\" content=\"Balletto Dance Shop\" \/>\n<meta property=\"article:publisher\" content=\"https:\/\/www.facebook.com\/Ballettodanceshop\/\" \/>\n<meta property=\"article:modified_time\" content=\"2025-08-24T16:00:58+00:00\" \/>\n<meta property=\"og:image\" content=\"https:\/\/www.ballettodanceshop.com\/wp-content\/uploads\/2025\/07\/Etsu-2.jpg\" \/>\n\t<meta property=\"og:image:width\" content=\"1600\" \/>\n\t<meta property=\"og:image:height\" content=\"2000\" \/>\n\t<meta property=\"og:image:type\" content=\"image\/jpeg\" \/>\n<meta name=\"twitter:card\" content=\"summary_large_image\" \/>\n<meta name=\"twitter:site\" content=\"@ballettodance\" \/>\n<script type=\"application\/ld+json\" class=\"yoast-schema-graph\">{\"@context\":\"https:\\\/\\\/schema.org\",\"@graph\":[{\"@type\":\"WebPage\",\"@id\":\"https:\\\/\\\/www.ballettodanceshop.com\\\/cardigan-bamboo-ballet-rosa-etsu\\\/\",\"url\":\"https:\\\/\\\/www.ballettodanceshop.com\\\/cardigan-bamboo-ballet-rosa-etsu\\\/\",\"name\":\"Cardigan Bamboo Ballet Rosa Etsu - Balletto Dance Shop\",\"isPartOf\":{\"@id\":\"https:\\\/\\\/www.ballettodanceshop.com\\\/#website\"},\"primaryImageOfPage\":{\"@id\":\"https:\\\/\\\/www.ballettodanceshop.com\\\/cardigan-bamboo-ballet-rosa-etsu\\\/#primaryimage\"},\"image\":{\"@id\":\"https:\\\/\\\/www.ballettodanceshop.com\\\/cardigan-bamboo-ballet-rosa-etsu\\\/#primaryimage\"},\"thumbnailUrl\":\"https:\\\/\\\/www.ballettodanceshop.com\\\/wp-content\\\/uploads\\\/2025\\\/07\\\/Etsu-2.jpg\",\"datePublished\":\"2024-01-21T13:34:21+00:00\",\"dateModified\":\"2025-08-24T16:00:58+00:00\",\"description\":\"Un cardigan long en bamboo naturel tr\u00e8s doux, \u00e0 porter comme un manteau entre deux cours de danse. Hyper l\u00e9ger il apporte un style chic et d\u00e9contract\u00e9.\",\"breadcrumb\":{\"@id\":\"https:\\\/\\\/www.ballettodanceshop.com\\\/cardigan-bamboo-ballet-rosa-etsu\\\/#breadcrumb\"},\"inLanguage\":\"en-GB\",\"potentialAction\":[{\"@type\":\"ReadAction\",\"target\":[\"https:\\\/\\\/www.ballettodanceshop.com\\\/cardigan-bamboo-ballet-rosa-etsu\\\/\"]}]},{\"@type\":\"ImageObject\",\"inLanguage\":\"en-GB\",\"@id\":\"https:\\\/\\\/www.ballettodanceshop.com\\\/cardigan-bamboo-ballet-rosa-etsu\\\/#primaryimage\",\"url\":\"https:\\\/\\\/www.ballettodanceshop.com\\\/wp-content\\\/uploads\\\/2025\\\/07\\\/Etsu-2.jpg\",\"contentUrl\":\"https:\\\/\\\/www.ballettodanceshop.com\\\/wp-content\\\/uploads\\\/2025\\\/07\\\/Etsu-2.jpg\",\"width\":1600,\"height\":2000,\"caption\":\"Ballet Rosa Etsu Noir\"},{\"@type\":\"BreadcrumbList\",\"@id\":\"https:\\\/\\\/www.ballettodanceshop.com\\\/cardigan-bamboo-ballet-rosa-etsu\\\/#breadcrumb\",\"itemListElement\":[{\"@type\":\"ListItem\",\"position\":1,\"name\":\"Accueil\",\"item\":\"https:\\\/\\\/www.ballettodanceshop.com\\\/\"},{\"@type\":\"ListItem\",\"position\":2,\"name\":\"Produits\",\"item\":\"https:\\\/\\\/www.ballettodanceshop.com\\\/boutique\\\/\"},{\"@type\":\"ListItem\",\"position\":3,\"name\":\"Cardigan Bamboo Ballet Rosa Etsu\"}]},{\"@type\":\"WebSite\",\"@id\":\"https:\\\/\\\/www.ballettodanceshop.com\\\/#website\",\"url\":\"https:\\\/\\\/www.ballettodanceshop.com\\\/\",\"name\":\"Balletto Dance Shop\",\"description\":\"Keep Dancing !\",\"publisher\":{\"@id\":\"https:\\\/\\\/www.ballettodanceshop.com\\\/#organization\"},\"alternateName\":\"Balletto\",\"potentialAction\":[{\"@type\":\"SearchAction\",\"target\":{\"@type\":\"EntryPoint\",\"urlTemplate\":\"https:\\\/\\\/www.ballettodanceshop.com\\\/?s={search_term_string}\"},\"query-input\":{\"@type\":\"PropertyValueSpecification\",\"valueRequired\":true,\"valueName\":\"search_term_string\"}}],\"inLanguage\":\"en-GB\"},{\"@type\":\"Organization\",\"@id\":\"https:\\\/\\\/www.ballettodanceshop.com\\\/#organization\",\"name\":\"Balletto Dance Shop\",\"alternateName\":\"Balletto\",\"url\":\"https:\\\/\\\/www.ballettodanceshop.com\\\/\",\"logo\":{\"@type\":\"ImageObject\",\"inLanguage\":\"en-GB\",\"@id\":\"https:\\\/\\\/www.ballettodanceshop.com\\\/#\\\/schema\\\/logo\\\/image\\\/\",\"url\":\"https:\\\/\\\/www.ballettodanceshop.com\\\/wp-content\\\/uploads\\\/2025\\\/06\\\/LOGO-1.png\",\"contentUrl\":\"https:\\\/\\\/www.ballettodanceshop.com\\\/wp-content\\\/uploads\\\/2025\\\/06\\\/LOGO-1.png\",\"width\":508,\"height\":209,\"caption\":\"Balletto Dance Shop\"},\"image\":{\"@id\":\"https:\\\/\\\/www.ballettodanceshop.com\\\/#\\\/schema\\\/logo\\\/image\\\/\"},\"sameAs\":[\"https:\\\/\\\/www.facebook.com\\\/Ballettodanceshop\\\/\",\"https:\\\/\\\/x.com\\\/ballettodance\",\"https:\\\/\\\/www.tiktok.com\\\/@ballettodanceshop\",\"https:\\\/\\\/fr.linkedin.com\\\/company\\\/ballettodaneshop\",\"https:\\\/\\\/fr.pinterest.com\\\/ballettodanceshop\\\/\",\"https:\\\/\\\/www.threads.com\\\/@ballettodanceshop\",\"https:\\\/\\\/www.instagram.com\\\/ballettodanceshop\\\/\",\"https:\\\/\\\/www.youtube.com\\\/@ballettodanceshop\"]}]}<\/script>\n<!-- \/ Yoast SEO plugin. -->","yoast_head_json":{"title":"Bamboo Ballet Cardigan Rosa Etsu - Balletto Dance Shop","description":"A long cardigan in super-soft natural bamboo, to wear like a coat between dance classes. It's super-lightweight for a chic, casual style.","robots":{"index":"index","follow":"follow","max-snippet":"max-snippet:-1","max-image-preview":"max-image-preview:large","max-video-preview":"max-video-preview:-1"},"canonical":"https:\/\/www.ballettodanceshop.com\/en\/cardigan-bamboo-ballet-rosa-etsu\/","og_locale":"en_GB","og_type":"article","og_title":"Cardigan Bamboo Ballet Rosa Etsu - Balletto Dance Shop","og_description":"Un cardigan long en bamboo naturel tr\u00e8s doux, \u00e0 porter comme un manteau entre deux cours de danse. Hyper l\u00e9ger il apporte un style chic et d\u00e9contract\u00e9.","og_url":"https:\/\/www.ballettodanceshop.com\/en\/cardigan-bamboo-ballet-rosa-etsu\/","og_site_name":"Balletto Dance Shop","article_publisher":"https:\/\/www.facebook.com\/Ballettodanceshop\/","article_modified_time":"2025-08-24T16:00:58+00:00","og_image":[{"width":1600,"height":2000,"url":"https:\/\/www.ballettodanceshop.com\/wp-content\/uploads\/2025\/07\/Etsu-2.jpg","type":"image\/jpeg"}],"twitter_card":"summary_large_image","twitter_site":"@ballettodance","schema":{"@context":"https:\/\/schema.org","@graph":[{"@type":"WebPage","@id":"https:\/\/www.ballettodanceshop.com\/cardigan-bamboo-ballet-rosa-etsu\/","url":"https:\/\/www.ballettodanceshop.com\/cardigan-bamboo-ballet-rosa-etsu\/","name":"Bamboo Ballet Cardigan Rosa Etsu - Balletto Dance Shop","isPartOf":{"@id":"https:\/\/www.ballettodanceshop.com\/#website"},"primaryImageOfPage":{"@id":"https:\/\/www.ballettodanceshop.com\/cardigan-bamboo-ballet-rosa-etsu\/#primaryimage"},"image":{"@id":"https:\/\/www.ballettodanceshop.com\/cardigan-bamboo-ballet-rosa-etsu\/#primaryimage"},"thumbnailUrl":"https:\/\/www.ballettodanceshop.com\/wp-content\/uploads\/2025\/07\/Etsu-2.jpg","datePublished":"2024-01-21T13:34:21+00:00","dateModified":"2025-08-24T16:00:58+00:00","description":"A long cardigan in super-soft natural bamboo, to wear like a coat between dance classes. It's super-lightweight for a chic, casual style.","breadcrumb":{"@id":"https:\/\/www.ballettodanceshop.com\/cardigan-bamboo-ballet-rosa-etsu\/#breadcrumb"},"inLanguage":"en-GB","potentialAction":[{"@type":"ReadAction","target":["https:\/\/www.ballettodanceshop.com\/cardigan-bamboo-ballet-rosa-etsu\/"]}]},{"@type":"ImageObject","inLanguage":"en-GB","@id":"https:\/\/www.ballettodanceshop.com\/cardigan-bamboo-ballet-rosa-etsu\/#primaryimage","url":"https:\/\/www.ballettodanceshop.com\/wp-content\/uploads\/2025\/07\/Etsu-2.jpg","contentUrl":"https:\/\/www.ballettodanceshop.com\/wp-content\/uploads\/2025\/07\/Etsu-2.jpg","width":1600,"height":2000,"caption":"Ballet Rosa Etsu Noir"},{"@type":"BreadcrumbList","@id":"https:\/\/www.ballettodanceshop.com\/cardigan-bamboo-ballet-rosa-etsu\/#breadcrumb","itemListElement":[{"@type":"ListItem","position":1,"name":"Accueil","item":"https:\/\/www.ballettodanceshop.com\/"},{"@type":"ListItem","position":2,"name":"Produits","item":"https:\/\/www.ballettodanceshop.com\/boutique\/"},{"@type":"ListItem","position":3,"name":"Cardigan Bamboo Ballet Rosa Etsu"}]},{"@type":"WebSite","@id":"https:\/\/www.ballettodanceshop.com\/#website","url":"https:\/\/www.ballettodanceshop.com\/","name":"Balletto Dance Shop","description":"Keep Dancing!","publisher":{"@id":"https:\/\/www.ballettodanceshop.com\/#organization"},"alternateName":"Balletto","potentialAction":[{"@type":"SearchAction","target":{"@type":"EntryPoint","urlTemplate":"https:\/\/www.ballettodanceshop.com\/?s={search_term_string}"},"query-input":{"@type":"PropertyValueSpecification","valueRequired":true,"valueName":"search_term_string"}}],"inLanguage":"en-GB"},{"@type":"Organization","@id":"https:\/\/www.ballettodanceshop.com\/#organization","name":"Balletto Dance Shop","alternateName":"Balletto","url":"https:\/\/www.ballettodanceshop.com\/","logo":{"@type":"ImageObject","inLanguage":"en-GB","@id":"https:\/\/www.ballettodanceshop.com\/#\/schema\/logo\/image\/","url":"https:\/\/www.ballettodanceshop.com\/wp-content\/uploads\/2025\/06\/LOGO-1.png","contentUrl":"https:\/\/www.ballettodanceshop.com\/wp-content\/uploads\/2025\/06\/LOGO-1.png","width":508,"height":209,"caption":"Balletto Dance Shop"},"image":{"@id":"https:\/\/www.ballettodanceshop.com\/#\/schema\/logo\/image\/"},"sameAs":["https:\/\/www.facebook.com\/Ballettodanceshop\/","https:\/\/x.com\/ballettodance","https:\/\/www.tiktok.com\/@ballettodanceshop","https:\/\/fr.linkedin.com\/company\/ballettodaneshop","https:\/\/fr.pinterest.com\/ballettodanceshop\/","https:\/\/www.threads.com\/@ballettodanceshop","https:\/\/www.instagram.com\/ballettodanceshop\/","https:\/\/www.youtube.com\/@ballettodanceshop"]}]}},"_links":{"self":[{"href":"https:\/\/www.ballettodanceshop.com\/en\/wp-json\/wp\/v2\/product\/62693","targetHints":{"allow":["GET"]}}],"collection":[{"href":"https:\/\/www.ballettodanceshop.com\/en\/wp-json\/wp\/v2\/product"}],"about":[{"href":"https:\/\/www.ballettodanceshop.com\/en\/wp-json\/wp\/v2\/types\/product"}],"replies":[{"embeddable":true,"href":"https:\/\/www.ballettodanceshop.com\/en\/wp-json\/wp\/v2\/comments?post=62693"}],"wp:featuredmedia":[{"embeddable":true,"href":"https:\/\/www.ballettodanceshop.com\/en\/wp-json\/wp\/v2\/media\/18994"}],"wp:attachment":[{"href":"https:\/\/www.ballettodanceshop.com\/en\/wp-json\/wp\/v2\/media?parent=62693"}],"wp:term":[{"taxonomy":"product_brand","embeddable":true,"href":"https:\/\/www.ballettodanceshop.com\/en\/wp-json\/wp\/v2\/product_brand?post=62693"},{"taxonomy":"product_cat","embeddable":true,"href":"https:\/\/www.ballettodanceshop.com\/en\/wp-json\/wp\/v2\/product_cat?post=62693"},{"taxonomy":"product_tag","embeddable":true,"href":"https:\/\/www.ballettodanceshop.com\/en\/wp-json\/wp\/v2\/product_tag?post=62693"}],"curies":[{"name":"wp","href":"https:\/\/api.w.org\/{rel}","templated":true}]}}