{"id":62064,"date":"2023-12-05T12:02:52","date_gmt":"2023-12-05T11:02:52","guid":{"rendered":"https:\/\/www.ballettodanceshop.com\/sac-a-dos-gaynor-minden-champagne-rose\/"},"modified":"2025-08-24T17:59:56","modified_gmt":"2025-08-24T15:59:56","slug":"gaynor-minden-champagne-pink-backpack","status":"publish","type":"product","link":"https:\/\/www.ballettodanceshop.com\/en\/sac-a-dos-gaynor-minden-champagne-rose\/","title":{"rendered":"Backpack Gaynor Minden Champagne Ros\u00e9"},"content":{"rendered":"<p><strong>Backpack Gaynor Minden Champagne Ros\u00e9<\/strong><\/p>\n<p>Large central gold zip pocket.<\/p>\n<p>2 side patch pockets.<\/p>\n<p>Small magnetic front pocket.<\/p>\n<p>Adjustable, padded shoulder straps.<\/p>\n<p>Fancy inner lining.<\/p>\n<p>Made from hard-wearing, waterproof material.<\/p>\n<p>31 cm x 24 cm x 11 cm<\/p>\n<p><strong>Authorised in carry-on baggage.<\/strong><\/p>\n<p>&nbsp;<\/p>","protected":false},"excerpt":{"rendered":"<p>The irresistible backpack for dance, sport or the city in Champagne Ros\u00e9.<\/p>\n<p>An ideal choice for all dancers who want a compact carrying option.<\/p>\n<p>Waterproof fabric.<\/p>\n<p>Spacious gold zipped main compartment with ample interior storage space.<\/p>\n<p>Poche frontale a pression aimant\u00e9e pour plus de s\u00e9curit\u00e9.<\/p>\n<p>2 side patch pockets.<\/p>\n<p>Bretelles r\u00e9glables et molletonn\u00e9es pour plus de confort.<\/p>\n<p>Fancy inner lining in pink printed with large lilies.<\/p>\n<p>This backpack is ideal for going to dance classes or other activities, or for carrying around town.<\/p>\n<p>Authorised in the aircraft cabin.<\/p>\n<p><strong>LIMITED AND EXCLUSIVE EDITION<\/strong><\/p>","protected":false},"featured_media":18265,"comment_status":"open","ping_status":"open","template":"","meta":{"_acf_changed":false},"product_brand":[],"product_cat":[104,66,103,111,65,19,25,718,68,61,272,273,341,434],"product_tag":[789],"class_list":{"0":"post-62064","1":"product","2":"type-product","3":"status-publish","4":"has-post-thumbnail","6":"product_cat-accessoires-athleisure","7":"product_cat-accessoires-classique-filles","8":"product_cat-athleisure","9":"product_cat-athleisure-yoga-gym-pilates-filles","10":"product_cat-classique-filles","11":"product_cat-femmes","12":"product_cat-filles","13":"product_cat-gaynor-minden","14":"product_cat-idees-cadeaux-filles","15":"product_cat-idees-cadeaux","16":"product_cat-promotions","17":"product_cat-promotions-femmes","18":"product_cat-promotions-filles","19":"product_cat-sacs-de-danse","20":"product_tag-livraison-sous-1-semaine","22":"first","23":"instock","24":"sale","25":"taxable","26":"shipping-taxable","27":"purchasable","28":"product-type-simple"},"acf":[],"yoast_head":"<!-- This site is optimized with the Yoast SEO plugin v27.4 - https:\/\/yoast.com\/product\/yoast-seo-wordpress\/ -->\n<title>Sac \u00e0 Dos Gaynor Minden Champagne Ros\u00e9 - Balletto Dance Shop<\/title>\n<meta name=\"description\" content=\"Mini Studio Dance Bag cr\u00e9e par Gaynor Minden est l&#039;essentiel pour toute danseuse pour aller \u00e0 son cours de danse ou pour la vie de tous les jours.\" \/>\n<meta name=\"robots\" content=\"index, follow, max-snippet:-1, max-image-preview:large, max-video-preview:-1\" \/>\n<link rel=\"canonical\" href=\"https:\/\/www.ballettodanceshop.com\/en\/gaynor-minden-champagne-pink-backpack\/\" \/>\n<meta property=\"og:locale\" content=\"en_GB\" \/>\n<meta property=\"og:type\" content=\"article\" \/>\n<meta property=\"og:title\" content=\"Sac \u00e0 Dos Gaynor Minden Champagne Ros\u00e9 - Balletto Dance Shop\" \/>\n<meta property=\"og:description\" content=\"Mini Studio Dance Bag cr\u00e9e par Gaynor Minden est l&#039;essentiel pour toute danseuse pour aller \u00e0 son cours de danse ou pour la vie de tous les jours.\" \/>\n<meta property=\"og:url\" content=\"https:\/\/www.ballettodanceshop.com\/en\/gaynor-minden-champagne-pink-backpack\/\" \/>\n<meta property=\"og:site_name\" content=\"Balletto Dance Shop\" \/>\n<meta property=\"article:publisher\" content=\"https:\/\/www.facebook.com\/Ballettodanceshop\/\" \/>\n<meta property=\"article:modified_time\" content=\"2025-08-24T15:59:56+00:00\" \/>\n<meta property=\"og:image\" content=\"https:\/\/www.ballettodanceshop.com\/wp-content\/uploads\/2025\/07\/Sac-a-Dos-Gaynor-Minden.jpg\" \/>\n\t<meta property=\"og:image:width\" content=\"1080\" \/>\n\t<meta property=\"og:image:height\" content=\"1350\" \/>\n\t<meta property=\"og:image:type\" content=\"image\/jpeg\" \/>\n<meta name=\"twitter:card\" content=\"summary_large_image\" \/>\n<meta name=\"twitter:site\" content=\"@ballettodance\" \/>\n<script type=\"application\/ld+json\" class=\"yoast-schema-graph\">{\"@context\":\"https:\\\/\\\/schema.org\",\"@graph\":[{\"@type\":\"WebPage\",\"@id\":\"https:\\\/\\\/www.ballettodanceshop.com\\\/sac-a-dos-gaynor-minden-champagne-rose\\\/\",\"url\":\"https:\\\/\\\/www.ballettodanceshop.com\\\/sac-a-dos-gaynor-minden-champagne-rose\\\/\",\"name\":\"Sac \u00e0 Dos Gaynor Minden Champagne Ros\u00e9 - Balletto Dance Shop\",\"isPartOf\":{\"@id\":\"https:\\\/\\\/www.ballettodanceshop.com\\\/#website\"},\"primaryImageOfPage\":{\"@id\":\"https:\\\/\\\/www.ballettodanceshop.com\\\/sac-a-dos-gaynor-minden-champagne-rose\\\/#primaryimage\"},\"image\":{\"@id\":\"https:\\\/\\\/www.ballettodanceshop.com\\\/sac-a-dos-gaynor-minden-champagne-rose\\\/#primaryimage\"},\"thumbnailUrl\":\"https:\\\/\\\/www.ballettodanceshop.com\\\/wp-content\\\/uploads\\\/2025\\\/07\\\/Sac-a-Dos-Gaynor-Minden.jpg\",\"datePublished\":\"2023-12-05T11:02:52+00:00\",\"dateModified\":\"2025-08-24T15:59:56+00:00\",\"description\":\"Mini Studio Dance Bag cr\u00e9e par Gaynor Minden est l'essentiel pour toute danseuse pour aller \u00e0 son cours de danse ou pour la vie de tous les jours.\",\"breadcrumb\":{\"@id\":\"https:\\\/\\\/www.ballettodanceshop.com\\\/sac-a-dos-gaynor-minden-champagne-rose\\\/#breadcrumb\"},\"inLanguage\":\"en-GB\",\"potentialAction\":[{\"@type\":\"ReadAction\",\"target\":[\"https:\\\/\\\/www.ballettodanceshop.com\\\/sac-a-dos-gaynor-minden-champagne-rose\\\/\"]}]},{\"@type\":\"ImageObject\",\"inLanguage\":\"en-GB\",\"@id\":\"https:\\\/\\\/www.ballettodanceshop.com\\\/sac-a-dos-gaynor-minden-champagne-rose\\\/#primaryimage\",\"url\":\"https:\\\/\\\/www.ballettodanceshop.com\\\/wp-content\\\/uploads\\\/2025\\\/07\\\/Sac-a-Dos-Gaynor-Minden.jpg\",\"contentUrl\":\"https:\\\/\\\/www.ballettodanceshop.com\\\/wp-content\\\/uploads\\\/2025\\\/07\\\/Sac-a-Dos-Gaynor-Minden.jpg\",\"width\":1080,\"height\":1350,\"caption\":\"Gaynor Minden Mini Bag Ros\u00e9\"},{\"@type\":\"BreadcrumbList\",\"@id\":\"https:\\\/\\\/www.ballettodanceshop.com\\\/sac-a-dos-gaynor-minden-champagne-rose\\\/#breadcrumb\",\"itemListElement\":[{\"@type\":\"ListItem\",\"position\":1,\"name\":\"Accueil\",\"item\":\"https:\\\/\\\/www.ballettodanceshop.com\\\/\"},{\"@type\":\"ListItem\",\"position\":2,\"name\":\"Produits\",\"item\":\"https:\\\/\\\/www.ballettodanceshop.com\\\/boutique\\\/\"},{\"@type\":\"ListItem\",\"position\":3,\"name\":\"Sac \u00e0 Dos Gaynor Minden Champagne Ros\u00e9\"}]},{\"@type\":\"WebSite\",\"@id\":\"https:\\\/\\\/www.ballettodanceshop.com\\\/#website\",\"url\":\"https:\\\/\\\/www.ballettodanceshop.com\\\/\",\"name\":\"Balletto Dance Shop\",\"description\":\"Keep Dancing !\",\"publisher\":{\"@id\":\"https:\\\/\\\/www.ballettodanceshop.com\\\/#organization\"},\"alternateName\":\"Balletto\",\"potentialAction\":[{\"@type\":\"SearchAction\",\"target\":{\"@type\":\"EntryPoint\",\"urlTemplate\":\"https:\\\/\\\/www.ballettodanceshop.com\\\/?s={search_term_string}\"},\"query-input\":{\"@type\":\"PropertyValueSpecification\",\"valueRequired\":true,\"valueName\":\"search_term_string\"}}],\"inLanguage\":\"en-GB\"},{\"@type\":\"Organization\",\"@id\":\"https:\\\/\\\/www.ballettodanceshop.com\\\/#organization\",\"name\":\"Balletto Dance Shop\",\"alternateName\":\"Balletto\",\"url\":\"https:\\\/\\\/www.ballettodanceshop.com\\\/\",\"logo\":{\"@type\":\"ImageObject\",\"inLanguage\":\"en-GB\",\"@id\":\"https:\\\/\\\/www.ballettodanceshop.com\\\/#\\\/schema\\\/logo\\\/image\\\/\",\"url\":\"https:\\\/\\\/www.ballettodanceshop.com\\\/wp-content\\\/uploads\\\/2025\\\/06\\\/LOGO-1.png\",\"contentUrl\":\"https:\\\/\\\/www.ballettodanceshop.com\\\/wp-content\\\/uploads\\\/2025\\\/06\\\/LOGO-1.png\",\"width\":508,\"height\":209,\"caption\":\"Balletto Dance Shop\"},\"image\":{\"@id\":\"https:\\\/\\\/www.ballettodanceshop.com\\\/#\\\/schema\\\/logo\\\/image\\\/\"},\"sameAs\":[\"https:\\\/\\\/www.facebook.com\\\/Ballettodanceshop\\\/\",\"https:\\\/\\\/x.com\\\/ballettodance\",\"https:\\\/\\\/www.tiktok.com\\\/@ballettodanceshop\",\"https:\\\/\\\/fr.linkedin.com\\\/company\\\/ballettodaneshop\",\"https:\\\/\\\/fr.pinterest.com\\\/ballettodanceshop\\\/\",\"https:\\\/\\\/www.threads.com\\\/@ballettodanceshop\",\"https:\\\/\\\/www.instagram.com\\\/ballettodanceshop\\\/\",\"https:\\\/\\\/www.youtube.com\\\/@ballettodanceshop\"]}]}<\/script>\n<!-- \/ Yoast SEO plugin. -->","yoast_head_json":{"title":"Backpack Gaynor Minden Champagne Ros\u00e9 - Balletto Dance Shop","description":"Mini Studio Dance Bag cr\u00e9e par Gaynor Minden est l'essentiel pour toute danseuse pour aller \u00e0 son cours de danse ou pour la vie de tous les jours.","robots":{"index":"index","follow":"follow","max-snippet":"max-snippet:-1","max-image-preview":"max-image-preview:large","max-video-preview":"max-video-preview:-1"},"canonical":"https:\/\/www.ballettodanceshop.com\/en\/gaynor-minden-champagne-pink-backpack\/","og_locale":"en_GB","og_type":"article","og_title":"Sac \u00e0 Dos Gaynor Minden Champagne Ros\u00e9 - Balletto Dance Shop","og_description":"Mini Studio Dance Bag cr\u00e9e par Gaynor Minden est l'essentiel pour toute danseuse pour aller \u00e0 son cours de danse ou pour la vie de tous les jours.","og_url":"https:\/\/www.ballettodanceshop.com\/en\/gaynor-minden-champagne-pink-backpack\/","og_site_name":"Balletto Dance Shop","article_publisher":"https:\/\/www.facebook.com\/Ballettodanceshop\/","article_modified_time":"2025-08-24T15:59:56+00:00","og_image":[{"width":1080,"height":1350,"url":"https:\/\/www.ballettodanceshop.com\/wp-content\/uploads\/2025\/07\/Sac-a-Dos-Gaynor-Minden.jpg","type":"image\/jpeg"}],"twitter_card":"summary_large_image","twitter_site":"@ballettodance","schema":{"@context":"https:\/\/schema.org","@graph":[{"@type":"WebPage","@id":"https:\/\/www.ballettodanceshop.com\/sac-a-dos-gaynor-minden-champagne-rose\/","url":"https:\/\/www.ballettodanceshop.com\/sac-a-dos-gaynor-minden-champagne-rose\/","name":"Backpack Gaynor Minden Champagne Ros\u00e9 - Balletto Dance Shop","isPartOf":{"@id":"https:\/\/www.ballettodanceshop.com\/#website"},"primaryImageOfPage":{"@id":"https:\/\/www.ballettodanceshop.com\/sac-a-dos-gaynor-minden-champagne-rose\/#primaryimage"},"image":{"@id":"https:\/\/www.ballettodanceshop.com\/sac-a-dos-gaynor-minden-champagne-rose\/#primaryimage"},"thumbnailUrl":"https:\/\/www.ballettodanceshop.com\/wp-content\/uploads\/2025\/07\/Sac-a-Dos-Gaynor-Minden.jpg","datePublished":"2023-12-05T11:02:52+00:00","dateModified":"2025-08-24T15:59:56+00:00","description":"Mini Studio Dance Bag cr\u00e9e par Gaynor Minden est l'essentiel pour toute danseuse pour aller \u00e0 son cours de danse ou pour la vie de tous les jours.","breadcrumb":{"@id":"https:\/\/www.ballettodanceshop.com\/sac-a-dos-gaynor-minden-champagne-rose\/#breadcrumb"},"inLanguage":"en-GB","potentialAction":[{"@type":"ReadAction","target":["https:\/\/www.ballettodanceshop.com\/sac-a-dos-gaynor-minden-champagne-rose\/"]}]},{"@type":"ImageObject","inLanguage":"en-GB","@id":"https:\/\/www.ballettodanceshop.com\/sac-a-dos-gaynor-minden-champagne-rose\/#primaryimage","url":"https:\/\/www.ballettodanceshop.com\/wp-content\/uploads\/2025\/07\/Sac-a-Dos-Gaynor-Minden.jpg","contentUrl":"https:\/\/www.ballettodanceshop.com\/wp-content\/uploads\/2025\/07\/Sac-a-Dos-Gaynor-Minden.jpg","width":1080,"height":1350,"caption":"Gaynor Minden Mini Bag Ros\u00e9"},{"@type":"BreadcrumbList","@id":"https:\/\/www.ballettodanceshop.com\/sac-a-dos-gaynor-minden-champagne-rose\/#breadcrumb","itemListElement":[{"@type":"ListItem","position":1,"name":"Accueil","item":"https:\/\/www.ballettodanceshop.com\/"},{"@type":"ListItem","position":2,"name":"Produits","item":"https:\/\/www.ballettodanceshop.com\/boutique\/"},{"@type":"ListItem","position":3,"name":"Sac \u00e0 Dos Gaynor Minden Champagne Ros\u00e9"}]},{"@type":"WebSite","@id":"https:\/\/www.ballettodanceshop.com\/#website","url":"https:\/\/www.ballettodanceshop.com\/","name":"Balletto Dance Shop","description":"Keep Dancing!","publisher":{"@id":"https:\/\/www.ballettodanceshop.com\/#organization"},"alternateName":"Balletto","potentialAction":[{"@type":"SearchAction","target":{"@type":"EntryPoint","urlTemplate":"https:\/\/www.ballettodanceshop.com\/?s={search_term_string}"},"query-input":{"@type":"PropertyValueSpecification","valueRequired":true,"valueName":"search_term_string"}}],"inLanguage":"en-GB"},{"@type":"Organization","@id":"https:\/\/www.ballettodanceshop.com\/#organization","name":"Balletto Dance Shop","alternateName":"Balletto","url":"https:\/\/www.ballettodanceshop.com\/","logo":{"@type":"ImageObject","inLanguage":"en-GB","@id":"https:\/\/www.ballettodanceshop.com\/#\/schema\/logo\/image\/","url":"https:\/\/www.ballettodanceshop.com\/wp-content\/uploads\/2025\/06\/LOGO-1.png","contentUrl":"https:\/\/www.ballettodanceshop.com\/wp-content\/uploads\/2025\/06\/LOGO-1.png","width":508,"height":209,"caption":"Balletto Dance Shop"},"image":{"@id":"https:\/\/www.ballettodanceshop.com\/#\/schema\/logo\/image\/"},"sameAs":["https:\/\/www.facebook.com\/Ballettodanceshop\/","https:\/\/x.com\/ballettodance","https:\/\/www.tiktok.com\/@ballettodanceshop","https:\/\/fr.linkedin.com\/company\/ballettodaneshop","https:\/\/fr.pinterest.com\/ballettodanceshop\/","https:\/\/www.threads.com\/@ballettodanceshop","https:\/\/www.instagram.com\/ballettodanceshop\/","https:\/\/www.youtube.com\/@ballettodanceshop"]}]}},"_links":{"self":[{"href":"https:\/\/www.ballettodanceshop.com\/en\/wp-json\/wp\/v2\/product\/62064","targetHints":{"allow":["GET"]}}],"collection":[{"href":"https:\/\/www.ballettodanceshop.com\/en\/wp-json\/wp\/v2\/product"}],"about":[{"href":"https:\/\/www.ballettodanceshop.com\/en\/wp-json\/wp\/v2\/types\/product"}],"replies":[{"embeddable":true,"href":"https:\/\/www.ballettodanceshop.com\/en\/wp-json\/wp\/v2\/comments?post=62064"}],"wp:featuredmedia":[{"embeddable":true,"href":"https:\/\/www.ballettodanceshop.com\/en\/wp-json\/wp\/v2\/media\/18265"}],"wp:attachment":[{"href":"https:\/\/www.ballettodanceshop.com\/en\/wp-json\/wp\/v2\/media?parent=62064"}],"wp:term":[{"taxonomy":"product_brand","embeddable":true,"href":"https:\/\/www.ballettodanceshop.com\/en\/wp-json\/wp\/v2\/product_brand?post=62064"},{"taxonomy":"product_cat","embeddable":true,"href":"https:\/\/www.ballettodanceshop.com\/en\/wp-json\/wp\/v2\/product_cat?post=62064"},{"taxonomy":"product_tag","embeddable":true,"href":"https:\/\/www.ballettodanceshop.com\/en\/wp-json\/wp\/v2\/product_tag?post=62064"}],"curies":[{"name":"wp","href":"https:\/\/api.w.org\/{rel}","templated":true}]}}