{"id":61844,"date":"2023-11-03T05:51:07","date_gmt":"2023-11-03T04:51:07","guid":{"rendered":"https:\/\/www.ballettodanceshop.com\/coffret-les-pepites-de-bachca-paris-bois-de-rose\/"},"modified":"2025-08-24T17:59:40","modified_gmt":"2025-08-24T15:59:40","slug":"les-pepites-de-bachca-paris-rosewood-set","status":"publish","type":"product","link":"https:\/\/www.ballettodanceshop.com\/en\/coffret-les-pepites-de-bachca-paris-bois-de-rose\/","title":{"rendered":"Les P\u00e9pites de Bachca Paris Rosewood Gift Set"},"content":{"rendered":"<p><strong>Les P\u00e9pites de Bachca Paris Rosewood Gift Set<\/strong><\/p>\n<p>Cellulose acetate, silk and metal<\/p>\n<p>Designed in Paris<\/p>","protected":false},"excerpt":{"rendered":"<p>Ce coffret r\u00e9unit tous les accessoires de coiffure indispensables pour toute danseuse ou toute personne souhaitant prendre soin de sa beaut\u00e9 et ses cheveux.<\/p>\n<p>This boxed set created by Bachca Paris contains:<\/p>\n<p>This box contains a selection of accessories in rosewood tones, perfect for adding a subtle touch of colour to your everyday life.<\/p>\n<p>It consists of:<\/p>\n<p>A rosewood comb for gentle detangling.<\/p>\n<p>A large hair clip, ideal for holding your hairstyles in place with elegance.<\/p>\n<p>Deux chouchous en soie pour prot\u00e9ger et \u00e9viter la casse de vos cheveux.<\/p>\n<p>Two matching barrettes to complete your look in style.<\/p>\n<p>Add a touch of softness to your hair with this set, ideal for a delicate hair routine.<\/p>\n<p>Made from noble, non-polluting materials.<\/p>","protected":false},"featured_media":17998,"comment_status":"open","ping_status":"open","template":"","meta":{"_acf_changed":false},"product_brand":[],"product_cat":[104,66,67,103,111,338,154,65,19,25,61,68,62],"product_tag":[789],"class_list":{"0":"post-61844","1":"product","2":"type-product","3":"status-publish","4":"has-post-thumbnail","6":"product_cat-accessoires-athleisure","7":"product_cat-accessoires-classique-filles","8":"product_cat-accessoires","9":"product_cat-athleisure","10":"product_cat-athleisure-yoga-gym-pilates-filles","11":"product_cat-beaute-bien-etre-filles","12":"product_cat-beaute-bien-etre","13":"product_cat-classique-filles","14":"product_cat-femmes","15":"product_cat-filles","16":"product_cat-idees-cadeaux","17":"product_cat-idees-cadeaux-filles","18":"product_cat-classique","19":"product_tag-livraison-sous-1-semaine","21":"first","22":"instock","23":"taxable","24":"shipping-taxable","25":"purchasable","26":"product-type-simple"},"acf":[],"yoast_head":"<!-- This site is optimized with the Yoast SEO plugin v27.4 - https:\/\/yoast.com\/product\/yoast-seo-wordpress\/ -->\n<title>Coffret Les P\u00e9pites de Bachca Paris Bois de Rose - Balletto Dance Shop<\/title>\n<meta name=\"description\" content=\"Un peigne, Un grande pince \u00e0 cheveux, 2 chouchous en soie et 2 barrettes composent ce coffret cadeau pour les cheveux d&#039;une danseuse cr\u00e9e par Bachca Paris.\" \/>\n<meta name=\"robots\" content=\"index, follow, max-snippet:-1, max-image-preview:large, max-video-preview:-1\" \/>\n<link rel=\"canonical\" href=\"https:\/\/www.ballettodanceshop.com\/en\/les-pepites-de-bachca-paris-rosewood-set\/\" \/>\n<meta property=\"og:locale\" content=\"en_GB\" \/>\n<meta property=\"og:type\" content=\"article\" \/>\n<meta property=\"og:title\" content=\"Coffret Les P\u00e9pites de Bachca Paris Bois de Rose - Balletto Dance Shop\" \/>\n<meta property=\"og:description\" content=\"Un peigne, Un grande pince \u00e0 cheveux, 2 chouchous en soie et 2 barrettes composent ce coffret cadeau pour les cheveux d&#039;une danseuse cr\u00e9e par Bachca Paris.\" \/>\n<meta property=\"og:url\" content=\"https:\/\/www.ballettodanceshop.com\/en\/les-pepites-de-bachca-paris-rosewood-set\/\" \/>\n<meta property=\"og:site_name\" content=\"Balletto Dance Shop\" \/>\n<meta property=\"article:publisher\" content=\"https:\/\/www.facebook.com\/Ballettodanceshop\/\" \/>\n<meta property=\"article:modified_time\" content=\"2025-08-24T15:59:40+00:00\" \/>\n<meta property=\"og:image\" content=\"https:\/\/www.ballettodanceshop.com\/wp-content\/uploads\/2025\/07\/coffret-coiffure-Bachca-bois-de-rose.webp\" \/>\n\t<meta property=\"og:image:width\" content=\"1000\" \/>\n\t<meta property=\"og:image:height\" content=\"1000\" \/>\n\t<meta property=\"og:image:type\" content=\"image\/webp\" \/>\n<meta name=\"twitter:card\" content=\"summary_large_image\" \/>\n<meta name=\"twitter:site\" content=\"@ballettodance\" \/>\n<script type=\"application\/ld+json\" class=\"yoast-schema-graph\">{\"@context\":\"https:\\\/\\\/schema.org\",\"@graph\":[{\"@type\":\"WebPage\",\"@id\":\"https:\\\/\\\/www.ballettodanceshop.com\\\/coffret-les-pepites-de-bachca-paris-bois-de-rose\\\/\",\"url\":\"https:\\\/\\\/www.ballettodanceshop.com\\\/coffret-les-pepites-de-bachca-paris-bois-de-rose\\\/\",\"name\":\"Coffret Les P\u00e9pites de Bachca Paris Bois de Rose - Balletto Dance Shop\",\"isPartOf\":{\"@id\":\"https:\\\/\\\/www.ballettodanceshop.com\\\/#website\"},\"primaryImageOfPage\":{\"@id\":\"https:\\\/\\\/www.ballettodanceshop.com\\\/coffret-les-pepites-de-bachca-paris-bois-de-rose\\\/#primaryimage\"},\"image\":{\"@id\":\"https:\\\/\\\/www.ballettodanceshop.com\\\/coffret-les-pepites-de-bachca-paris-bois-de-rose\\\/#primaryimage\"},\"thumbnailUrl\":\"https:\\\/\\\/www.ballettodanceshop.com\\\/wp-content\\\/uploads\\\/2025\\\/07\\\/coffret-coiffure-Bachca-bois-de-rose.webp\",\"datePublished\":\"2023-11-03T04:51:07+00:00\",\"dateModified\":\"2025-08-24T15:59:40+00:00\",\"description\":\"Un peigne, Un grande pince \u00e0 cheveux, 2 chouchous en soie et 2 barrettes composent ce coffret cadeau pour les cheveux d'une danseuse cr\u00e9e par Bachca Paris.\",\"breadcrumb\":{\"@id\":\"https:\\\/\\\/www.ballettodanceshop.com\\\/coffret-les-pepites-de-bachca-paris-bois-de-rose\\\/#breadcrumb\"},\"inLanguage\":\"en-GB\",\"potentialAction\":[{\"@type\":\"ReadAction\",\"target\":[\"https:\\\/\\\/www.ballettodanceshop.com\\\/coffret-les-pepites-de-bachca-paris-bois-de-rose\\\/\"]}]},{\"@type\":\"ImageObject\",\"inLanguage\":\"en-GB\",\"@id\":\"https:\\\/\\\/www.ballettodanceshop.com\\\/coffret-les-pepites-de-bachca-paris-bois-de-rose\\\/#primaryimage\",\"url\":\"https:\\\/\\\/www.ballettodanceshop.com\\\/wp-content\\\/uploads\\\/2025\\\/07\\\/coffret-coiffure-Bachca-bois-de-rose.webp\",\"contentUrl\":\"https:\\\/\\\/www.ballettodanceshop.com\\\/wp-content\\\/uploads\\\/2025\\\/07\\\/coffret-coiffure-Bachca-bois-de-rose.webp\",\"width\":1000,\"height\":1000,\"caption\":\"Coffret Bachca Paris les P\u00e9pites\"},{\"@type\":\"BreadcrumbList\",\"@id\":\"https:\\\/\\\/www.ballettodanceshop.com\\\/coffret-les-pepites-de-bachca-paris-bois-de-rose\\\/#breadcrumb\",\"itemListElement\":[{\"@type\":\"ListItem\",\"position\":1,\"name\":\"Accueil\",\"item\":\"https:\\\/\\\/www.ballettodanceshop.com\\\/\"},{\"@type\":\"ListItem\",\"position\":2,\"name\":\"Produits\",\"item\":\"https:\\\/\\\/www.ballettodanceshop.com\\\/boutique\\\/\"},{\"@type\":\"ListItem\",\"position\":3,\"name\":\"Coffret Les P\u00e9pites de Bachca Paris Bois de Rose\"}]},{\"@type\":\"WebSite\",\"@id\":\"https:\\\/\\\/www.ballettodanceshop.com\\\/#website\",\"url\":\"https:\\\/\\\/www.ballettodanceshop.com\\\/\",\"name\":\"Balletto Dance Shop\",\"description\":\"Keep Dancing !\",\"publisher\":{\"@id\":\"https:\\\/\\\/www.ballettodanceshop.com\\\/#organization\"},\"alternateName\":\"Balletto\",\"potentialAction\":[{\"@type\":\"SearchAction\",\"target\":{\"@type\":\"EntryPoint\",\"urlTemplate\":\"https:\\\/\\\/www.ballettodanceshop.com\\\/?s={search_term_string}\"},\"query-input\":{\"@type\":\"PropertyValueSpecification\",\"valueRequired\":true,\"valueName\":\"search_term_string\"}}],\"inLanguage\":\"en-GB\"},{\"@type\":\"Organization\",\"@id\":\"https:\\\/\\\/www.ballettodanceshop.com\\\/#organization\",\"name\":\"Balletto Dance Shop\",\"alternateName\":\"Balletto\",\"url\":\"https:\\\/\\\/www.ballettodanceshop.com\\\/\",\"logo\":{\"@type\":\"ImageObject\",\"inLanguage\":\"en-GB\",\"@id\":\"https:\\\/\\\/www.ballettodanceshop.com\\\/#\\\/schema\\\/logo\\\/image\\\/\",\"url\":\"https:\\\/\\\/www.ballettodanceshop.com\\\/wp-content\\\/uploads\\\/2025\\\/06\\\/LOGO-1.png\",\"contentUrl\":\"https:\\\/\\\/www.ballettodanceshop.com\\\/wp-content\\\/uploads\\\/2025\\\/06\\\/LOGO-1.png\",\"width\":508,\"height\":209,\"caption\":\"Balletto Dance Shop\"},\"image\":{\"@id\":\"https:\\\/\\\/www.ballettodanceshop.com\\\/#\\\/schema\\\/logo\\\/image\\\/\"},\"sameAs\":[\"https:\\\/\\\/www.facebook.com\\\/Ballettodanceshop\\\/\",\"https:\\\/\\\/x.com\\\/ballettodance\",\"https:\\\/\\\/www.tiktok.com\\\/@ballettodanceshop\",\"https:\\\/\\\/fr.linkedin.com\\\/company\\\/ballettodaneshop\",\"https:\\\/\\\/fr.pinterest.com\\\/ballettodanceshop\\\/\",\"https:\\\/\\\/www.threads.com\\\/@ballettodanceshop\",\"https:\\\/\\\/www.instagram.com\\\/ballettodanceshop\\\/\",\"https:\\\/\\\/www.youtube.com\\\/@ballettodanceshop\"]}]}<\/script>\n<!-- \/ Yoast SEO plugin. -->","yoast_head_json":{"title":"Les P\u00e9pites de Bachca Paris Rosewood Set - Balletto Dance Shop","description":"Un peigne, Un grande pince \u00e0 cheveux, 2 chouchous en soie et 2 barrettes composent ce coffret cadeau pour les cheveux d'une danseuse cr\u00e9e par Bachca Paris.","robots":{"index":"index","follow":"follow","max-snippet":"max-snippet:-1","max-image-preview":"max-image-preview:large","max-video-preview":"max-video-preview:-1"},"canonical":"https:\/\/www.ballettodanceshop.com\/en\/les-pepites-de-bachca-paris-rosewood-set\/","og_locale":"en_GB","og_type":"article","og_title":"Coffret Les P\u00e9pites de Bachca Paris Bois de Rose - Balletto Dance Shop","og_description":"Un peigne, Un grande pince \u00e0 cheveux, 2 chouchous en soie et 2 barrettes composent ce coffret cadeau pour les cheveux d'une danseuse cr\u00e9e par Bachca Paris.","og_url":"https:\/\/www.ballettodanceshop.com\/en\/les-pepites-de-bachca-paris-rosewood-set\/","og_site_name":"Balletto Dance Shop","article_publisher":"https:\/\/www.facebook.com\/Ballettodanceshop\/","article_modified_time":"2025-08-24T15:59:40+00:00","og_image":[{"width":1000,"height":1000,"url":"https:\/\/www.ballettodanceshop.com\/wp-content\/uploads\/2025\/07\/coffret-coiffure-Bachca-bois-de-rose.webp","type":"image\/webp"}],"twitter_card":"summary_large_image","twitter_site":"@ballettodance","schema":{"@context":"https:\/\/schema.org","@graph":[{"@type":"WebPage","@id":"https:\/\/www.ballettodanceshop.com\/coffret-les-pepites-de-bachca-paris-bois-de-rose\/","url":"https:\/\/www.ballettodanceshop.com\/coffret-les-pepites-de-bachca-paris-bois-de-rose\/","name":"Les P\u00e9pites de Bachca Paris Rosewood Set - Balletto Dance Shop","isPartOf":{"@id":"https:\/\/www.ballettodanceshop.com\/#website"},"primaryImageOfPage":{"@id":"https:\/\/www.ballettodanceshop.com\/coffret-les-pepites-de-bachca-paris-bois-de-rose\/#primaryimage"},"image":{"@id":"https:\/\/www.ballettodanceshop.com\/coffret-les-pepites-de-bachca-paris-bois-de-rose\/#primaryimage"},"thumbnailUrl":"https:\/\/www.ballettodanceshop.com\/wp-content\/uploads\/2025\/07\/coffret-coiffure-Bachca-bois-de-rose.webp","datePublished":"2023-11-03T04:51:07+00:00","dateModified":"2025-08-24T15:59:40+00:00","description":"Un peigne, Un grande pince \u00e0 cheveux, 2 chouchous en soie et 2 barrettes composent ce coffret cadeau pour les cheveux d'une danseuse cr\u00e9e par Bachca Paris.","breadcrumb":{"@id":"https:\/\/www.ballettodanceshop.com\/coffret-les-pepites-de-bachca-paris-bois-de-rose\/#breadcrumb"},"inLanguage":"en-GB","potentialAction":[{"@type":"ReadAction","target":["https:\/\/www.ballettodanceshop.com\/coffret-les-pepites-de-bachca-paris-bois-de-rose\/"]}]},{"@type":"ImageObject","inLanguage":"en-GB","@id":"https:\/\/www.ballettodanceshop.com\/coffret-les-pepites-de-bachca-paris-bois-de-rose\/#primaryimage","url":"https:\/\/www.ballettodanceshop.com\/wp-content\/uploads\/2025\/07\/coffret-coiffure-Bachca-bois-de-rose.webp","contentUrl":"https:\/\/www.ballettodanceshop.com\/wp-content\/uploads\/2025\/07\/coffret-coiffure-Bachca-bois-de-rose.webp","width":1000,"height":1000,"caption":"Coffret Bachca Paris les P\u00e9pites"},{"@type":"BreadcrumbList","@id":"https:\/\/www.ballettodanceshop.com\/coffret-les-pepites-de-bachca-paris-bois-de-rose\/#breadcrumb","itemListElement":[{"@type":"ListItem","position":1,"name":"Accueil","item":"https:\/\/www.ballettodanceshop.com\/"},{"@type":"ListItem","position":2,"name":"Produits","item":"https:\/\/www.ballettodanceshop.com\/boutique\/"},{"@type":"ListItem","position":3,"name":"Coffret Les P\u00e9pites de Bachca Paris Bois de Rose"}]},{"@type":"WebSite","@id":"https:\/\/www.ballettodanceshop.com\/#website","url":"https:\/\/www.ballettodanceshop.com\/","name":"Balletto Dance Shop","description":"Keep Dancing!","publisher":{"@id":"https:\/\/www.ballettodanceshop.com\/#organization"},"alternateName":"Balletto","potentialAction":[{"@type":"SearchAction","target":{"@type":"EntryPoint","urlTemplate":"https:\/\/www.ballettodanceshop.com\/?s={search_term_string}"},"query-input":{"@type":"PropertyValueSpecification","valueRequired":true,"valueName":"search_term_string"}}],"inLanguage":"en-GB"},{"@type":"Organization","@id":"https:\/\/www.ballettodanceshop.com\/#organization","name":"Balletto Dance Shop","alternateName":"Balletto","url":"https:\/\/www.ballettodanceshop.com\/","logo":{"@type":"ImageObject","inLanguage":"en-GB","@id":"https:\/\/www.ballettodanceshop.com\/#\/schema\/logo\/image\/","url":"https:\/\/www.ballettodanceshop.com\/wp-content\/uploads\/2025\/06\/LOGO-1.png","contentUrl":"https:\/\/www.ballettodanceshop.com\/wp-content\/uploads\/2025\/06\/LOGO-1.png","width":508,"height":209,"caption":"Balletto Dance Shop"},"image":{"@id":"https:\/\/www.ballettodanceshop.com\/#\/schema\/logo\/image\/"},"sameAs":["https:\/\/www.facebook.com\/Ballettodanceshop\/","https:\/\/x.com\/ballettodance","https:\/\/www.tiktok.com\/@ballettodanceshop","https:\/\/fr.linkedin.com\/company\/ballettodaneshop","https:\/\/fr.pinterest.com\/ballettodanceshop\/","https:\/\/www.threads.com\/@ballettodanceshop","https:\/\/www.instagram.com\/ballettodanceshop\/","https:\/\/www.youtube.com\/@ballettodanceshop"]}]}},"_links":{"self":[{"href":"https:\/\/www.ballettodanceshop.com\/en\/wp-json\/wp\/v2\/product\/61844","targetHints":{"allow":["GET"]}}],"collection":[{"href":"https:\/\/www.ballettodanceshop.com\/en\/wp-json\/wp\/v2\/product"}],"about":[{"href":"https:\/\/www.ballettodanceshop.com\/en\/wp-json\/wp\/v2\/types\/product"}],"replies":[{"embeddable":true,"href":"https:\/\/www.ballettodanceshop.com\/en\/wp-json\/wp\/v2\/comments?post=61844"}],"wp:featuredmedia":[{"embeddable":true,"href":"https:\/\/www.ballettodanceshop.com\/en\/wp-json\/wp\/v2\/media\/17998"}],"wp:attachment":[{"href":"https:\/\/www.ballettodanceshop.com\/en\/wp-json\/wp\/v2\/media?parent=61844"}],"wp:term":[{"taxonomy":"product_brand","embeddable":true,"href":"https:\/\/www.ballettodanceshop.com\/en\/wp-json\/wp\/v2\/product_brand?post=61844"},{"taxonomy":"product_cat","embeddable":true,"href":"https:\/\/www.ballettodanceshop.com\/en\/wp-json\/wp\/v2\/product_cat?post=61844"},{"taxonomy":"product_tag","embeddable":true,"href":"https:\/\/www.ballettodanceshop.com\/en\/wp-json\/wp\/v2\/product_tag?post=61844"}],"curies":[{"name":"wp","href":"https:\/\/api.w.org\/{rel}","templated":true}]}}