{"id":61818,"date":"2023-10-31T05:52:47","date_gmt":"2023-10-31T04:52:47","guid":{"rendered":"https:\/\/www.ballettodanceshop.com\/justaucorps-wear-moi-amina\/"},"modified":"2026-04-07T09:52:42","modified_gmt":"2026-04-07T07:52:42","slug":"wear-moi-amina-leotard","status":"publish","type":"product","link":"https:\/\/www.ballettodanceshop.com\/en\/justaucorps-wear-moi-amina\/","title":{"rendered":"Wear Moi Amina leotard"},"content":{"rendered":"<p><strong>Wear Moi Amina leotard<\/strong><\/p>\n<p>Microfibre - Embroidered Stretch Tulle<\/p>\n<p>Doubled in front<\/p>\n<p>Designed in France<\/p>","protected":false},"excerpt":{"rendered":"<p><strong>Dance leotard from the Wear Moi Damasco Collection.<\/strong><\/p>\n<p>Assez sage sur l&rsquo;encolure et tout le devant. Bretelles larges avec broderie extensible renforc\u00e9e par une surpiqure en microfibre pour plus d&rsquo;\u00e9l\u00e9gance.<\/p>\n<p>A chic open back worked with several inserts of tone-on-tone embroidered Italian stretch tulle, giving this leotard a very couture look.<\/p>\n<p>Each yarn pattern and colour combination is carefully chosen to enhance its design.<\/p>\n<p>This Wear Moi dance leotard is ideal for both rehearsals and the stage.<\/p>","protected":false},"featured_media":80019,"comment_status":"open","ping_status":"closed","template":"","meta":{"_acf_changed":false},"product_brand":[],"product_cat":[19,950,969,970,963,964,959,365,949,144,965,966,972,953,974,272,273,62,97,398],"product_tag":[786],"class_list":{"0":"post-61818","1":"product","2":"type-product","3":"status-publish","4":"has-post-thumbnail","6":"product_cat-femmes","7":"product_cat-justaucorps-blanc","8":"product_cat-justaucorps-bleu-roi","9":"product_cat-justaucorps-bordeaux","10":"product_cat-justaucorps-competition","11":"product_cat-justaucorps-couleur-chair","12":"product_cat-justaucorps-danse-contemporaine","13":"product_cat-justaucorps-contemporain","14":"product_cat-justaucorps-de-danse","15":"product_cat-justaucorps-tuniques","16":"product_cat-justaucorps-dentelle","17":"product_cat-justaucorps-dos-nu","18":"product_cat-justaucorps-sans-manches","19":"product_cat-justaucorps-wear-moi","20":"product_cat-marques","21":"product_cat-promotions","22":"product_cat-promotions-femmes","23":"product_cat-classique","24":"product_cat-contemporain","25":"product_cat-wear-moi","26":"product_tag-livraison-24-a-48h","28":"first","29":"instock","30":"sale","31":"taxable","32":"shipping-taxable","33":"purchasable","34":"product-type-variable"},"acf":[],"yoast_head":"<!-- This site is optimized with the Yoast SEO plugin v27.4 - https:\/\/yoast.com\/product\/yoast-seo-wordpress\/ -->\n<title>Justaucorps Wear Moi Amina - Balletto Dance Shop<\/title>\n<meta name=\"description\" content=\"Justaucorps de Danse classique et de danse contemporaine Wear Moi Amina-Collection Damasco. Bretelles larges, dos nu avec broderie sur tulle extensible.\" \/>\n<meta name=\"robots\" content=\"index, follow, max-snippet:-1, max-image-preview:large, max-video-preview:-1\" \/>\n<link rel=\"canonical\" href=\"https:\/\/www.ballettodanceshop.com\/en\/wear-moi-amina-leotard\/\" \/>\n<meta property=\"og:locale\" content=\"en_GB\" \/>\n<meta property=\"og:type\" content=\"article\" \/>\n<meta property=\"og:title\" content=\"Justaucorps Wear Moi Amina - Balletto Dance Shop\" \/>\n<meta property=\"og:description\" content=\"Justaucorps de Danse classique et de danse contemporaine Wear Moi Amina-Collection Damasco. Bretelles larges, dos nu avec broderie sur tulle extensible.\" \/>\n<meta property=\"og:url\" content=\"https:\/\/www.ballettodanceshop.com\/en\/wear-moi-amina-leotard\/\" \/>\n<meta property=\"og:site_name\" content=\"Balletto Dance Shop\" \/>\n<meta property=\"article:publisher\" content=\"https:\/\/www.facebook.com\/Ballettodanceshop\/\" \/>\n<meta property=\"article:modified_time\" content=\"2026-04-07T07:52:42+00:00\" \/>\n<meta property=\"og:image\" content=\"https:\/\/www.ballettodanceshop.com\/wp-content\/uploads\/2023\/10\/Justaucorps_Wear_Moi_Amina_Blanc.jpg\" \/>\n\t<meta property=\"og:image:width\" content=\"1336\" \/>\n\t<meta property=\"og:image:height\" content=\"2000\" \/>\n\t<meta property=\"og:image:type\" content=\"image\/jpeg\" \/>\n<meta name=\"twitter:card\" content=\"summary_large_image\" \/>\n<meta name=\"twitter:site\" content=\"@ballettodance\" \/>\n<meta name=\"twitter:label1\" content=\"Estimated reading time\" \/>\n\t<meta name=\"twitter:data1\" content=\"1 minute\" \/>\n<script type=\"application\/ld+json\" class=\"yoast-schema-graph\">{\"@context\":\"https:\\\/\\\/schema.org\",\"@graph\":[{\"@type\":\"WebPage\",\"@id\":\"https:\\\/\\\/www.ballettodanceshop.com\\\/justaucorps-wear-moi-amina\\\/\",\"url\":\"https:\\\/\\\/www.ballettodanceshop.com\\\/justaucorps-wear-moi-amina\\\/\",\"name\":\"Justaucorps Wear Moi Amina - Balletto Dance Shop\",\"isPartOf\":{\"@id\":\"https:\\\/\\\/www.ballettodanceshop.com\\\/#website\"},\"primaryImageOfPage\":{\"@id\":\"https:\\\/\\\/www.ballettodanceshop.com\\\/justaucorps-wear-moi-amina\\\/#primaryimage\"},\"image\":{\"@id\":\"https:\\\/\\\/www.ballettodanceshop.com\\\/justaucorps-wear-moi-amina\\\/#primaryimage\"},\"thumbnailUrl\":\"https:\\\/\\\/www.ballettodanceshop.com\\\/wp-content\\\/uploads\\\/2023\\\/10\\\/Justaucorps_Wear_Moi_Amina_Blanc.jpg\",\"datePublished\":\"2023-10-31T04:52:47+00:00\",\"dateModified\":\"2026-04-07T07:52:42+00:00\",\"description\":\"Justaucorps de Danse classique et de danse contemporaine Wear Moi Amina-Collection Damasco. Bretelles larges, dos nu avec broderie sur tulle extensible.\",\"breadcrumb\":{\"@id\":\"https:\\\/\\\/www.ballettodanceshop.com\\\/justaucorps-wear-moi-amina\\\/#breadcrumb\"},\"inLanguage\":\"en-GB\",\"potentialAction\":[{\"@type\":\"ReadAction\",\"target\":[\"https:\\\/\\\/www.ballettodanceshop.com\\\/justaucorps-wear-moi-amina\\\/\"]}]},{\"@type\":\"ImageObject\",\"inLanguage\":\"en-GB\",\"@id\":\"https:\\\/\\\/www.ballettodanceshop.com\\\/justaucorps-wear-moi-amina\\\/#primaryimage\",\"url\":\"https:\\\/\\\/www.ballettodanceshop.com\\\/wp-content\\\/uploads\\\/2023\\\/10\\\/Justaucorps_Wear_Moi_Amina_Blanc.jpg\",\"contentUrl\":\"https:\\\/\\\/www.ballettodanceshop.com\\\/wp-content\\\/uploads\\\/2023\\\/10\\\/Justaucorps_Wear_Moi_Amina_Blanc.jpg\",\"width\":1336,\"height\":2000,\"caption\":\"Justaucorps sans manches avec encolure bateau\"},{\"@type\":\"BreadcrumbList\",\"@id\":\"https:\\\/\\\/www.ballettodanceshop.com\\\/justaucorps-wear-moi-amina\\\/#breadcrumb\",\"itemListElement\":[{\"@type\":\"ListItem\",\"position\":1,\"name\":\"Accueil\",\"item\":\"https:\\\/\\\/www.ballettodanceshop.com\\\/\"},{\"@type\":\"ListItem\",\"position\":2,\"name\":\"Produits\",\"item\":\"https:\\\/\\\/www.ballettodanceshop.com\\\/boutique\\\/\"},{\"@type\":\"ListItem\",\"position\":3,\"name\":\"Justaucorps Wear Moi Amina\"}]},{\"@type\":\"WebSite\",\"@id\":\"https:\\\/\\\/www.ballettodanceshop.com\\\/#website\",\"url\":\"https:\\\/\\\/www.ballettodanceshop.com\\\/\",\"name\":\"Balletto Dance Shop\",\"description\":\"Keep Dancing !\",\"publisher\":{\"@id\":\"https:\\\/\\\/www.ballettodanceshop.com\\\/#organization\"},\"alternateName\":\"Balletto\",\"potentialAction\":[{\"@type\":\"SearchAction\",\"target\":{\"@type\":\"EntryPoint\",\"urlTemplate\":\"https:\\\/\\\/www.ballettodanceshop.com\\\/?s={search_term_string}\"},\"query-input\":{\"@type\":\"PropertyValueSpecification\",\"valueRequired\":true,\"valueName\":\"search_term_string\"}}],\"inLanguage\":\"en-GB\"},{\"@type\":\"Organization\",\"@id\":\"https:\\\/\\\/www.ballettodanceshop.com\\\/#organization\",\"name\":\"Balletto Dance Shop\",\"alternateName\":\"Balletto\",\"url\":\"https:\\\/\\\/www.ballettodanceshop.com\\\/\",\"logo\":{\"@type\":\"ImageObject\",\"inLanguage\":\"en-GB\",\"@id\":\"https:\\\/\\\/www.ballettodanceshop.com\\\/#\\\/schema\\\/logo\\\/image\\\/\",\"url\":\"https:\\\/\\\/www.ballettodanceshop.com\\\/wp-content\\\/uploads\\\/2025\\\/06\\\/LOGO-1.png\",\"contentUrl\":\"https:\\\/\\\/www.ballettodanceshop.com\\\/wp-content\\\/uploads\\\/2025\\\/06\\\/LOGO-1.png\",\"width\":508,\"height\":209,\"caption\":\"Balletto Dance Shop\"},\"image\":{\"@id\":\"https:\\\/\\\/www.ballettodanceshop.com\\\/#\\\/schema\\\/logo\\\/image\\\/\"},\"sameAs\":[\"https:\\\/\\\/www.facebook.com\\\/Ballettodanceshop\\\/\",\"https:\\\/\\\/x.com\\\/ballettodance\",\"https:\\\/\\\/www.tiktok.com\\\/@ballettodanceshop\",\"https:\\\/\\\/fr.linkedin.com\\\/company\\\/ballettodaneshop\",\"https:\\\/\\\/fr.pinterest.com\\\/ballettodanceshop\\\/\",\"https:\\\/\\\/www.threads.com\\\/@ballettodanceshop\",\"https:\\\/\\\/www.instagram.com\\\/ballettodanceshop\\\/\",\"https:\\\/\\\/www.youtube.com\\\/@ballettodanceshop\"]}]}<\/script>\n<!-- \/ Yoast SEO plugin. -->","yoast_head_json":{"title":"Justaucorps Wear Moi Amina - Balletto Dance Shop","description":"Wear Moi Amina ballet and contemporary dance leotard-Damasco collection. Wide straps, bare back with embroidery on stretch tulle.","robots":{"index":"index","follow":"follow","max-snippet":"max-snippet:-1","max-image-preview":"max-image-preview:large","max-video-preview":"max-video-preview:-1"},"canonical":"https:\/\/www.ballettodanceshop.com\/en\/wear-moi-amina-leotard\/","og_locale":"en_GB","og_type":"article","og_title":"Justaucorps Wear Moi Amina - Balletto Dance Shop","og_description":"Justaucorps de Danse classique et de danse contemporaine Wear Moi Amina-Collection Damasco. Bretelles larges, dos nu avec broderie sur tulle extensible.","og_url":"https:\/\/www.ballettodanceshop.com\/en\/wear-moi-amina-leotard\/","og_site_name":"Balletto Dance Shop","article_publisher":"https:\/\/www.facebook.com\/Ballettodanceshop\/","article_modified_time":"2026-04-07T07:52:42+00:00","og_image":[{"width":1336,"height":2000,"url":"https:\/\/www.ballettodanceshop.com\/wp-content\/uploads\/2023\/10\/Justaucorps_Wear_Moi_Amina_Blanc.jpg","type":"image\/jpeg"}],"twitter_card":"summary_large_image","twitter_site":"@ballettodance","twitter_misc":{"Estimated reading time":"1 minute"},"schema":{"@context":"https:\/\/schema.org","@graph":[{"@type":"WebPage","@id":"https:\/\/www.ballettodanceshop.com\/justaucorps-wear-moi-amina\/","url":"https:\/\/www.ballettodanceshop.com\/justaucorps-wear-moi-amina\/","name":"Justaucorps Wear Moi Amina - Balletto Dance Shop","isPartOf":{"@id":"https:\/\/www.ballettodanceshop.com\/#website"},"primaryImageOfPage":{"@id":"https:\/\/www.ballettodanceshop.com\/justaucorps-wear-moi-amina\/#primaryimage"},"image":{"@id":"https:\/\/www.ballettodanceshop.com\/justaucorps-wear-moi-amina\/#primaryimage"},"thumbnailUrl":"https:\/\/www.ballettodanceshop.com\/wp-content\/uploads\/2023\/10\/Justaucorps_Wear_Moi_Amina_Blanc.jpg","datePublished":"2023-10-31T04:52:47+00:00","dateModified":"2026-04-07T07:52:42+00:00","description":"Wear Moi Amina ballet and contemporary dance leotard-Damasco collection. Wide straps, bare back with embroidery on stretch tulle.","breadcrumb":{"@id":"https:\/\/www.ballettodanceshop.com\/justaucorps-wear-moi-amina\/#breadcrumb"},"inLanguage":"en-GB","potentialAction":[{"@type":"ReadAction","target":["https:\/\/www.ballettodanceshop.com\/justaucorps-wear-moi-amina\/"]}]},{"@type":"ImageObject","inLanguage":"en-GB","@id":"https:\/\/www.ballettodanceshop.com\/justaucorps-wear-moi-amina\/#primaryimage","url":"https:\/\/www.ballettodanceshop.com\/wp-content\/uploads\/2023\/10\/Justaucorps_Wear_Moi_Amina_Blanc.jpg","contentUrl":"https:\/\/www.ballettodanceshop.com\/wp-content\/uploads\/2023\/10\/Justaucorps_Wear_Moi_Amina_Blanc.jpg","width":1336,"height":2000,"caption":"Justaucorps sans manches avec encolure bateau"},{"@type":"BreadcrumbList","@id":"https:\/\/www.ballettodanceshop.com\/justaucorps-wear-moi-amina\/#breadcrumb","itemListElement":[{"@type":"ListItem","position":1,"name":"Accueil","item":"https:\/\/www.ballettodanceshop.com\/"},{"@type":"ListItem","position":2,"name":"Produits","item":"https:\/\/www.ballettodanceshop.com\/boutique\/"},{"@type":"ListItem","position":3,"name":"Justaucorps Wear Moi Amina"}]},{"@type":"WebSite","@id":"https:\/\/www.ballettodanceshop.com\/#website","url":"https:\/\/www.ballettodanceshop.com\/","name":"Balletto Dance Shop","description":"Keep Dancing!","publisher":{"@id":"https:\/\/www.ballettodanceshop.com\/#organization"},"alternateName":"Balletto","potentialAction":[{"@type":"SearchAction","target":{"@type":"EntryPoint","urlTemplate":"https:\/\/www.ballettodanceshop.com\/?s={search_term_string}"},"query-input":{"@type":"PropertyValueSpecification","valueRequired":true,"valueName":"search_term_string"}}],"inLanguage":"en-GB"},{"@type":"Organization","@id":"https:\/\/www.ballettodanceshop.com\/#organization","name":"Balletto Dance Shop","alternateName":"Balletto","url":"https:\/\/www.ballettodanceshop.com\/","logo":{"@type":"ImageObject","inLanguage":"en-GB","@id":"https:\/\/www.ballettodanceshop.com\/#\/schema\/logo\/image\/","url":"https:\/\/www.ballettodanceshop.com\/wp-content\/uploads\/2025\/06\/LOGO-1.png","contentUrl":"https:\/\/www.ballettodanceshop.com\/wp-content\/uploads\/2025\/06\/LOGO-1.png","width":508,"height":209,"caption":"Balletto Dance Shop"},"image":{"@id":"https:\/\/www.ballettodanceshop.com\/#\/schema\/logo\/image\/"},"sameAs":["https:\/\/www.facebook.com\/Ballettodanceshop\/","https:\/\/x.com\/ballettodance","https:\/\/www.tiktok.com\/@ballettodanceshop","https:\/\/fr.linkedin.com\/company\/ballettodaneshop","https:\/\/fr.pinterest.com\/ballettodanceshop\/","https:\/\/www.threads.com\/@ballettodanceshop","https:\/\/www.instagram.com\/ballettodanceshop\/","https:\/\/www.youtube.com\/@ballettodanceshop"]}]}},"_links":{"self":[{"href":"https:\/\/www.ballettodanceshop.com\/en\/wp-json\/wp\/v2\/product\/61818","targetHints":{"allow":["GET"]}}],"collection":[{"href":"https:\/\/www.ballettodanceshop.com\/en\/wp-json\/wp\/v2\/product"}],"about":[{"href":"https:\/\/www.ballettodanceshop.com\/en\/wp-json\/wp\/v2\/types\/product"}],"replies":[{"embeddable":true,"href":"https:\/\/www.ballettodanceshop.com\/en\/wp-json\/wp\/v2\/comments?post=61818"}],"wp:featuredmedia":[{"embeddable":true,"href":"https:\/\/www.ballettodanceshop.com\/en\/wp-json\/wp\/v2\/media\/80019"}],"wp:attachment":[{"href":"https:\/\/www.ballettodanceshop.com\/en\/wp-json\/wp\/v2\/media?parent=61818"}],"wp:term":[{"taxonomy":"product_brand","embeddable":true,"href":"https:\/\/www.ballettodanceshop.com\/en\/wp-json\/wp\/v2\/product_brand?post=61818"},{"taxonomy":"product_cat","embeddable":true,"href":"https:\/\/www.ballettodanceshop.com\/en\/wp-json\/wp\/v2\/product_cat?post=61818"},{"taxonomy":"product_tag","embeddable":true,"href":"https:\/\/www.ballettodanceshop.com\/en\/wp-json\/wp\/v2\/product_tag?post=61818"}],"curies":[{"name":"wp","href":"https:\/\/api.w.org\/{rel}","templated":true}]}}