{"id":61541,"date":"2023-08-21T08:53:40","date_gmt":"2023-08-21T06:53:40","guid":{"rendered":"https:\/\/www.ballettodanceshop.com\/string-ficelle-cabaret-clemence\/"},"modified":"2025-11-20T05:57:30","modified_gmt":"2025-11-20T04:57:30","slug":"string-ficelle-cabaret-clemence","status":"publish","type":"product","link":"https:\/\/www.ballettodanceshop.com\/en\/string-ficelle-cabaret-clemence\/","title":{"rendered":"String Cabaret Cl\u00e9mence"},"content":{"rendered":"<p><strong>String Cabaret Cl\u00e9mence<\/strong><\/p>\n<p>Italian Premium Lycra<\/p>\n<p>One size<\/p>\n<p>Doubled in front<\/p>\n<p><strong>Designed by a Cabaret dancer<\/strong><\/p>","protected":false},"excerpt":{"rendered":"<p>Cabaret thong designed by a Cabaret dancer and made from Italian Lycra.<\/p>\n<p>Its Brazilian cut is both romantic and invisible, giving it a timeless look.<\/p>\n<p>Elastique ficelle tr\u00e8s fin et plat, discret \u00e0 porter sous un collant r\u00e9sille ou d&rsquo;autres tenues de Danse ou de Pole Dance.<\/p>\n<p>Invisible sous un v\u00eatement de ville moulant, ce string met en valeur votre silhouette et vous apporte un c\u00f4t\u00e9 sexy ind\u00e9niable.<\/p>\n<p>This rare one-size-fits-all thong is lined at the front with a thin strip of hygienic fabric.<\/p>\n<p>Ideal for Cabaret, French Cancan, Circus and Rhythmic Gymnastics.<\/p>","protected":false},"featured_media":17468,"comment_status":"open","ping_status":"open","template":"","meta":{"_acf_changed":false},"product_brand":[],"product_cat":[103,156,113,19,91,199,198,362,363,200,364,62,97],"product_tag":[786],"class_list":{"0":"post-61541","1":"product","2":"type-product","3":"status-publish","4":"has-post-thumbnail","6":"product_cat-athleisure","7":"product_cat-best-sellers","8":"product_cat-danses-latines","9":"product_cat-femmes","10":"product_cat-jazz","11":"product_cat-sous-vetements-contemporain","12":"product_cat-sous-vetements-jazz","13":"product_cat-sous-vetements-athleisure","14":"product_cat-sous-vetements-danses-latines","15":"product_cat-sous-vetements","16":"product_cat-string-de-danse","17":"product_cat-classique","18":"product_cat-contemporain","19":"product_tag-livraison-24-a-48h","21":"first","22":"instock","23":"taxable","24":"shipping-taxable","25":"purchasable","26":"product-type-variable"},"acf":[],"yoast_head":"<!-- This site is optimized with the Yoast SEO plugin v27.4 - https:\/\/yoast.com\/product\/yoast-seo-wordpress\/ -->\n<title>String Ficelle Cabaret Cl\u00e9mence - Balletto Dance Shop<\/title>\n<meta name=\"description\" content=\"String invisible sp\u00e9cial danseuses de cabaret. Con\u00e7u et fabriqu\u00e9 de mati\u00e8re sp\u00e9cial danse. Effet seconde peau gr\u00e2ce \u00e0 sa maille technique.\" \/>\n<meta name=\"robots\" content=\"index, follow, max-snippet:-1, max-image-preview:large, max-video-preview:-1\" \/>\n<link rel=\"canonical\" href=\"https:\/\/www.ballettodanceshop.com\/en\/string-ficelle-cabaret-clemence\/\" \/>\n<meta property=\"og:locale\" content=\"en_GB\" \/>\n<meta property=\"og:type\" content=\"article\" \/>\n<meta property=\"og:title\" content=\"String Ficelle Cabaret Cl\u00e9mence - Balletto Dance Shop\" \/>\n<meta property=\"og:description\" content=\"String invisible sp\u00e9cial danseuses de cabaret. Con\u00e7u et fabriqu\u00e9 de mati\u00e8re sp\u00e9cial danse. Effet seconde peau gr\u00e2ce \u00e0 sa maille technique.\" \/>\n<meta property=\"og:url\" content=\"https:\/\/www.ballettodanceshop.com\/en\/string-ficelle-cabaret-clemence\/\" \/>\n<meta property=\"og:site_name\" content=\"Balletto Dance Shop\" \/>\n<meta property=\"article:publisher\" content=\"https:\/\/www.facebook.com\/Ballettodanceshop\/\" \/>\n<meta property=\"article:modified_time\" content=\"2025-11-20T04:57:30+00:00\" \/>\n<meta property=\"og:image\" content=\"https:\/\/www.ballettodanceshop.com\/wp-content\/uploads\/2025\/07\/String_Cabaret_Balletto_Nude.jpg\" \/>\n\t<meta property=\"og:image:width\" content=\"1200\" \/>\n\t<meta property=\"og:image:height\" content=\"1600\" \/>\n\t<meta property=\"og:image:type\" content=\"image\/jpeg\" \/>\n<meta name=\"twitter:card\" content=\"summary_large_image\" \/>\n<meta name=\"twitter:site\" content=\"@ballettodance\" \/>\n<script type=\"application\/ld+json\" class=\"yoast-schema-graph\">{\"@context\":\"https:\\\/\\\/schema.org\",\"@graph\":[{\"@type\":\"WebPage\",\"@id\":\"https:\\\/\\\/www.ballettodanceshop.com\\\/string-ficelle-cabaret-clemence\\\/\",\"url\":\"https:\\\/\\\/www.ballettodanceshop.com\\\/string-ficelle-cabaret-clemence\\\/\",\"name\":\"String Ficelle Cabaret Cl\u00e9mence - Balletto Dance Shop\",\"isPartOf\":{\"@id\":\"https:\\\/\\\/www.ballettodanceshop.com\\\/#website\"},\"primaryImageOfPage\":{\"@id\":\"https:\\\/\\\/www.ballettodanceshop.com\\\/string-ficelle-cabaret-clemence\\\/#primaryimage\"},\"image\":{\"@id\":\"https:\\\/\\\/www.ballettodanceshop.com\\\/string-ficelle-cabaret-clemence\\\/#primaryimage\"},\"thumbnailUrl\":\"https:\\\/\\\/www.ballettodanceshop.com\\\/wp-content\\\/uploads\\\/2025\\\/07\\\/String_Cabaret_Balletto_Nude.jpg\",\"datePublished\":\"2023-08-21T06:53:40+00:00\",\"dateModified\":\"2025-11-20T04:57:30+00:00\",\"description\":\"String invisible sp\u00e9cial danseuses de cabaret. Con\u00e7u et fabriqu\u00e9 de mati\u00e8re sp\u00e9cial danse. Effet seconde peau gr\u00e2ce \u00e0 sa maille technique.\",\"breadcrumb\":{\"@id\":\"https:\\\/\\\/www.ballettodanceshop.com\\\/string-ficelle-cabaret-clemence\\\/#breadcrumb\"},\"inLanguage\":\"en-GB\",\"potentialAction\":[{\"@type\":\"ReadAction\",\"target\":[\"https:\\\/\\\/www.ballettodanceshop.com\\\/string-ficelle-cabaret-clemence\\\/\"]}]},{\"@type\":\"ImageObject\",\"inLanguage\":\"en-GB\",\"@id\":\"https:\\\/\\\/www.ballettodanceshop.com\\\/string-ficelle-cabaret-clemence\\\/#primaryimage\",\"url\":\"https:\\\/\\\/www.ballettodanceshop.com\\\/wp-content\\\/uploads\\\/2025\\\/07\\\/String_Cabaret_Balletto_Nude.jpg\",\"contentUrl\":\"https:\\\/\\\/www.ballettodanceshop.com\\\/wp-content\\\/uploads\\\/2025\\\/07\\\/String_Cabaret_Balletto_Nude.jpg\",\"width\":1200,\"height\":1600,\"caption\":\"String de Cabaret ficelle\"},{\"@type\":\"BreadcrumbList\",\"@id\":\"https:\\\/\\\/www.ballettodanceshop.com\\\/string-ficelle-cabaret-clemence\\\/#breadcrumb\",\"itemListElement\":[{\"@type\":\"ListItem\",\"position\":1,\"name\":\"Accueil\",\"item\":\"https:\\\/\\\/www.ballettodanceshop.com\\\/\"},{\"@type\":\"ListItem\",\"position\":2,\"name\":\"Produits\",\"item\":\"https:\\\/\\\/www.ballettodanceshop.com\\\/boutique\\\/\"},{\"@type\":\"ListItem\",\"position\":3,\"name\":\"String Ficelle Cabaret Cl\u00e9mence\"}]},{\"@type\":\"WebSite\",\"@id\":\"https:\\\/\\\/www.ballettodanceshop.com\\\/#website\",\"url\":\"https:\\\/\\\/www.ballettodanceshop.com\\\/\",\"name\":\"Balletto Dance Shop\",\"description\":\"Keep Dancing !\",\"publisher\":{\"@id\":\"https:\\\/\\\/www.ballettodanceshop.com\\\/#organization\"},\"alternateName\":\"Balletto\",\"potentialAction\":[{\"@type\":\"SearchAction\",\"target\":{\"@type\":\"EntryPoint\",\"urlTemplate\":\"https:\\\/\\\/www.ballettodanceshop.com\\\/?s={search_term_string}\"},\"query-input\":{\"@type\":\"PropertyValueSpecification\",\"valueRequired\":true,\"valueName\":\"search_term_string\"}}],\"inLanguage\":\"en-GB\"},{\"@type\":\"Organization\",\"@id\":\"https:\\\/\\\/www.ballettodanceshop.com\\\/#organization\",\"name\":\"Balletto Dance Shop\",\"alternateName\":\"Balletto\",\"url\":\"https:\\\/\\\/www.ballettodanceshop.com\\\/\",\"logo\":{\"@type\":\"ImageObject\",\"inLanguage\":\"en-GB\",\"@id\":\"https:\\\/\\\/www.ballettodanceshop.com\\\/#\\\/schema\\\/logo\\\/image\\\/\",\"url\":\"https:\\\/\\\/www.ballettodanceshop.com\\\/wp-content\\\/uploads\\\/2025\\\/06\\\/LOGO-1.png\",\"contentUrl\":\"https:\\\/\\\/www.ballettodanceshop.com\\\/wp-content\\\/uploads\\\/2025\\\/06\\\/LOGO-1.png\",\"width\":508,\"height\":209,\"caption\":\"Balletto Dance Shop\"},\"image\":{\"@id\":\"https:\\\/\\\/www.ballettodanceshop.com\\\/#\\\/schema\\\/logo\\\/image\\\/\"},\"sameAs\":[\"https:\\\/\\\/www.facebook.com\\\/Ballettodanceshop\\\/\",\"https:\\\/\\\/x.com\\\/ballettodance\",\"https:\\\/\\\/www.tiktok.com\\\/@ballettodanceshop\",\"https:\\\/\\\/fr.linkedin.com\\\/company\\\/ballettodaneshop\",\"https:\\\/\\\/fr.pinterest.com\\\/ballettodanceshop\\\/\",\"https:\\\/\\\/www.threads.com\\\/@ballettodanceshop\",\"https:\\\/\\\/www.instagram.com\\\/ballettodanceshop\\\/\",\"https:\\\/\\\/www.youtube.com\\\/@ballettodanceshop\"]}]}<\/script>\n<!-- \/ Yoast SEO plugin. -->","yoast_head_json":{"title":"String Cabaret Cl\u00e9mence - Balletto Dance Shop","description":"Invisible thong for cabaret dancers. Designed and made from special dance material. Second-skin effect thanks to its technical mesh.","robots":{"index":"index","follow":"follow","max-snippet":"max-snippet:-1","max-image-preview":"max-image-preview:large","max-video-preview":"max-video-preview:-1"},"canonical":"https:\/\/www.ballettodanceshop.com\/en\/string-ficelle-cabaret-clemence\/","og_locale":"en_GB","og_type":"article","og_title":"String Ficelle Cabaret Cl\u00e9mence - Balletto Dance Shop","og_description":"String invisible sp\u00e9cial danseuses de cabaret. Con\u00e7u et fabriqu\u00e9 de mati\u00e8re sp\u00e9cial danse. Effet seconde peau gr\u00e2ce \u00e0 sa maille technique.","og_url":"https:\/\/www.ballettodanceshop.com\/en\/string-ficelle-cabaret-clemence\/","og_site_name":"Balletto Dance Shop","article_publisher":"https:\/\/www.facebook.com\/Ballettodanceshop\/","article_modified_time":"2025-11-20T04:57:30+00:00","og_image":[{"width":1200,"height":1600,"url":"https:\/\/www.ballettodanceshop.com\/wp-content\/uploads\/2025\/07\/String_Cabaret_Balletto_Nude.jpg","type":"image\/jpeg"}],"twitter_card":"summary_large_image","twitter_site":"@ballettodance","schema":{"@context":"https:\/\/schema.org","@graph":[{"@type":"WebPage","@id":"https:\/\/www.ballettodanceshop.com\/string-ficelle-cabaret-clemence\/","url":"https:\/\/www.ballettodanceshop.com\/string-ficelle-cabaret-clemence\/","name":"String Cabaret Cl\u00e9mence - Balletto Dance Shop","isPartOf":{"@id":"https:\/\/www.ballettodanceshop.com\/#website"},"primaryImageOfPage":{"@id":"https:\/\/www.ballettodanceshop.com\/string-ficelle-cabaret-clemence\/#primaryimage"},"image":{"@id":"https:\/\/www.ballettodanceshop.com\/string-ficelle-cabaret-clemence\/#primaryimage"},"thumbnailUrl":"https:\/\/www.ballettodanceshop.com\/wp-content\/uploads\/2025\/07\/String_Cabaret_Balletto_Nude.jpg","datePublished":"2023-08-21T06:53:40+00:00","dateModified":"2025-11-20T04:57:30+00:00","description":"Invisible thong for cabaret dancers. Designed and made from special dance material. Second-skin effect thanks to its technical mesh.","breadcrumb":{"@id":"https:\/\/www.ballettodanceshop.com\/string-ficelle-cabaret-clemence\/#breadcrumb"},"inLanguage":"en-GB","potentialAction":[{"@type":"ReadAction","target":["https:\/\/www.ballettodanceshop.com\/string-ficelle-cabaret-clemence\/"]}]},{"@type":"ImageObject","inLanguage":"en-GB","@id":"https:\/\/www.ballettodanceshop.com\/string-ficelle-cabaret-clemence\/#primaryimage","url":"https:\/\/www.ballettodanceshop.com\/wp-content\/uploads\/2025\/07\/String_Cabaret_Balletto_Nude.jpg","contentUrl":"https:\/\/www.ballettodanceshop.com\/wp-content\/uploads\/2025\/07\/String_Cabaret_Balletto_Nude.jpg","width":1200,"height":1600,"caption":"String de Cabaret ficelle"},{"@type":"BreadcrumbList","@id":"https:\/\/www.ballettodanceshop.com\/string-ficelle-cabaret-clemence\/#breadcrumb","itemListElement":[{"@type":"ListItem","position":1,"name":"Accueil","item":"https:\/\/www.ballettodanceshop.com\/"},{"@type":"ListItem","position":2,"name":"Produits","item":"https:\/\/www.ballettodanceshop.com\/boutique\/"},{"@type":"ListItem","position":3,"name":"String Ficelle Cabaret Cl\u00e9mence"}]},{"@type":"WebSite","@id":"https:\/\/www.ballettodanceshop.com\/#website","url":"https:\/\/www.ballettodanceshop.com\/","name":"Balletto Dance Shop","description":"Keep Dancing!","publisher":{"@id":"https:\/\/www.ballettodanceshop.com\/#organization"},"alternateName":"Balletto","potentialAction":[{"@type":"SearchAction","target":{"@type":"EntryPoint","urlTemplate":"https:\/\/www.ballettodanceshop.com\/?s={search_term_string}"},"query-input":{"@type":"PropertyValueSpecification","valueRequired":true,"valueName":"search_term_string"}}],"inLanguage":"en-GB"},{"@type":"Organization","@id":"https:\/\/www.ballettodanceshop.com\/#organization","name":"Balletto Dance Shop","alternateName":"Balletto","url":"https:\/\/www.ballettodanceshop.com\/","logo":{"@type":"ImageObject","inLanguage":"en-GB","@id":"https:\/\/www.ballettodanceshop.com\/#\/schema\/logo\/image\/","url":"https:\/\/www.ballettodanceshop.com\/wp-content\/uploads\/2025\/06\/LOGO-1.png","contentUrl":"https:\/\/www.ballettodanceshop.com\/wp-content\/uploads\/2025\/06\/LOGO-1.png","width":508,"height":209,"caption":"Balletto Dance Shop"},"image":{"@id":"https:\/\/www.ballettodanceshop.com\/#\/schema\/logo\/image\/"},"sameAs":["https:\/\/www.facebook.com\/Ballettodanceshop\/","https:\/\/x.com\/ballettodance","https:\/\/www.tiktok.com\/@ballettodanceshop","https:\/\/fr.linkedin.com\/company\/ballettodaneshop","https:\/\/fr.pinterest.com\/ballettodanceshop\/","https:\/\/www.threads.com\/@ballettodanceshop","https:\/\/www.instagram.com\/ballettodanceshop\/","https:\/\/www.youtube.com\/@ballettodanceshop"]}]}},"_links":{"self":[{"href":"https:\/\/www.ballettodanceshop.com\/en\/wp-json\/wp\/v2\/product\/61541","targetHints":{"allow":["GET"]}}],"collection":[{"href":"https:\/\/www.ballettodanceshop.com\/en\/wp-json\/wp\/v2\/product"}],"about":[{"href":"https:\/\/www.ballettodanceshop.com\/en\/wp-json\/wp\/v2\/types\/product"}],"replies":[{"embeddable":true,"href":"https:\/\/www.ballettodanceshop.com\/en\/wp-json\/wp\/v2\/comments?post=61541"}],"wp:featuredmedia":[{"embeddable":true,"href":"https:\/\/www.ballettodanceshop.com\/en\/wp-json\/wp\/v2\/media\/17468"}],"wp:attachment":[{"href":"https:\/\/www.ballettodanceshop.com\/en\/wp-json\/wp\/v2\/media?parent=61541"}],"wp:term":[{"taxonomy":"product_brand","embeddable":true,"href":"https:\/\/www.ballettodanceshop.com\/en\/wp-json\/wp\/v2\/product_brand?post=61541"},{"taxonomy":"product_cat","embeddable":true,"href":"https:\/\/www.ballettodanceshop.com\/en\/wp-json\/wp\/v2\/product_cat?post=61541"},{"taxonomy":"product_tag","embeddable":true,"href":"https:\/\/www.ballettodanceshop.com\/en\/wp-json\/wp\/v2\/product_tag?post=61541"}],"curies":[{"name":"wp","href":"https:\/\/api.w.org\/{rel}","templated":true}]}}