{"id":60979,"date":"2023-05-29T09:49:47","date_gmt":"2023-05-29T07:49:47","guid":{"rendered":"https:\/\/www.ballettodanceshop.com\/jupe-reversible-zidans-sapphire-neon\/"},"modified":"2025-08-24T17:57:28","modified_gmt":"2025-08-24T15:57:28","slug":"reversible-skirt-zidans-sapphire-neon","status":"publish","type":"product","link":"https:\/\/www.ballettodanceshop.com\/en\/jupe-reversible-zidans-sapphire-neon\/","title":{"rendered":"Reversible Skirt Zidans Sapphire-N\u00e9on"},"content":{"rendered":"<p><strong>Reversible Skirt Zidans Sapphire-N\u00e9on<\/strong><\/p>\n<p>Skirt fabric: muslin<\/p>\n<p>Waistband: Italian Biflex (80% polyamide \/ 20% elastane)<\/p>\n<p>Pour l&rsquo;entretien des v\u00eatements, nous recommandons un lavage en machine ou \u00e0 la main \u00e0 30 degr\u00e9s, une vapeur verticale ou un repassage \u00e0 basse temp\u00e9rature.<\/p>\n<p>Designed and manufactured in Russia.<\/p>","protected":false},"excerpt":{"rendered":"<p><strong>Design.\u00a0<\/strong>Une jupe \u2014 deux couleurs.\u00a0Jupe de r\u00e9p\u00e9tition de ballet r\u00e9versible &#8211; saphir fonc\u00e9 et orange.<\/p>\n<p>Luxurious circular skirt with elasticated waistband and no ties. Flutters with large pirouette effect. Dance skirt in blue chiffon.<span class=\"Apple-converted-space\">\u00a0<\/span><\/p>\n<p><strong>Equipment.\u00a0<\/strong>Non-transparent opaque muslin. Italian Biflex waistband.<\/p>\n<p>Quick-drying.<\/p>\n<p>The length of the skirt including the waistband is 64 cm.<\/p>\n<p>This skirt is perfect for ballet or contemporary dance, but is also a big hit in the city.<\/p>\n<p>The design and technology take into account the intensity of dance and sports activities.<\/p>\n<p><strong>Limited and Exclusive Edition.<\/strong><\/p>","protected":false},"featured_media":16723,"comment_status":"open","ping_status":"open","template":"","meta":{"_acf_changed":false},"product_brand":[],"product_cat":[113,19,289,462,62,97,676],"product_tag":[811],"class_list":{"0":"post-60979","1":"product","2":"type-product","3":"status-publish","4":"has-post-thumbnail","6":"product_cat-danses-latines","7":"product_cat-femmes","8":"product_cat-jupes","9":"product_cat-jupes-jupettes","10":"product_cat-classique","11":"product_cat-contemporain","12":"product_cat-zidans","13":"product_tag-livraison-6-a-8-semaines","15":"first","16":"instock","17":"taxable","18":"shipping-taxable","19":"purchasable","20":"product-type-simple"},"acf":[],"yoast_head":"<!-- This site is optimized with the Yoast SEO plugin v27.4 - https:\/\/yoast.com\/product\/yoast-seo-wordpress\/ -->\n<title>Jupe R\u00e9versible Zidans Sapphire-N\u00e9on - Balletto Dance Shop<\/title>\n<meta name=\"description\" content=\"Luxuriante Jupe de danse bi-couleur r\u00e9versible pour le Ballet ou la danse contemporaine cr\u00e9e par la marque de danse ZIDANS. Id\u00e9ale pour \u00eatre port\u00e9 en ville.\" \/>\n<meta name=\"robots\" content=\"index, follow, max-snippet:-1, max-image-preview:large, max-video-preview:-1\" \/>\n<link rel=\"canonical\" href=\"https:\/\/www.ballettodanceshop.com\/en\/reversible-skirt-zidans-sapphire-neon\/\" \/>\n<meta property=\"og:locale\" content=\"en_GB\" \/>\n<meta property=\"og:type\" content=\"article\" \/>\n<meta property=\"og:title\" content=\"Jupe R\u00e9versible Zidans Sapphire-N\u00e9on - Balletto Dance Shop\" \/>\n<meta property=\"og:description\" content=\"Luxuriante Jupe de danse bi-couleur r\u00e9versible pour le Ballet ou la danse contemporaine cr\u00e9e par la marque de danse ZIDANS. Id\u00e9ale pour \u00eatre port\u00e9 en ville.\" \/>\n<meta property=\"og:url\" content=\"https:\/\/www.ballettodanceshop.com\/en\/reversible-skirt-zidans-sapphire-neon\/\" \/>\n<meta property=\"og:site_name\" content=\"Balletto Dance Shop\" \/>\n<meta property=\"article:publisher\" content=\"https:\/\/www.facebook.com\/Ballettodanceshop\/\" \/>\n<meta property=\"article:modified_time\" content=\"2025-08-24T15:57:28+00:00\" \/>\n<meta property=\"og:image\" content=\"https:\/\/www.ballettodanceshop.com\/wp-content\/uploads\/2025\/07\/Jupe_Reversible_Zidans.jpg\" \/>\n\t<meta property=\"og:image:width\" content=\"1269\" \/>\n\t<meta property=\"og:image:height\" content=\"2000\" \/>\n\t<meta property=\"og:image:type\" content=\"image\/jpeg\" \/>\n<meta name=\"twitter:card\" content=\"summary_large_image\" \/>\n<meta name=\"twitter:site\" content=\"@ballettodance\" \/>\n<script type=\"application\/ld+json\" class=\"yoast-schema-graph\">{\"@context\":\"https:\\\/\\\/schema.org\",\"@graph\":[{\"@type\":\"WebPage\",\"@id\":\"https:\\\/\\\/www.ballettodanceshop.com\\\/jupe-reversible-zidans-sapphire-neon\\\/\",\"url\":\"https:\\\/\\\/www.ballettodanceshop.com\\\/jupe-reversible-zidans-sapphire-neon\\\/\",\"name\":\"Jupe R\u00e9versible Zidans Sapphire-N\u00e9on - Balletto Dance Shop\",\"isPartOf\":{\"@id\":\"https:\\\/\\\/www.ballettodanceshop.com\\\/#website\"},\"primaryImageOfPage\":{\"@id\":\"https:\\\/\\\/www.ballettodanceshop.com\\\/jupe-reversible-zidans-sapphire-neon\\\/#primaryimage\"},\"image\":{\"@id\":\"https:\\\/\\\/www.ballettodanceshop.com\\\/jupe-reversible-zidans-sapphire-neon\\\/#primaryimage\"},\"thumbnailUrl\":\"https:\\\/\\\/www.ballettodanceshop.com\\\/wp-content\\\/uploads\\\/2025\\\/07\\\/Jupe_Reversible_Zidans.jpg\",\"datePublished\":\"2023-05-29T07:49:47+00:00\",\"dateModified\":\"2025-08-24T15:57:28+00:00\",\"description\":\"Luxuriante Jupe de danse bi-couleur r\u00e9versible pour le Ballet ou la danse contemporaine cr\u00e9e par la marque de danse ZIDANS. Id\u00e9ale pour \u00eatre port\u00e9 en ville.\",\"breadcrumb\":{\"@id\":\"https:\\\/\\\/www.ballettodanceshop.com\\\/jupe-reversible-zidans-sapphire-neon\\\/#breadcrumb\"},\"inLanguage\":\"en-GB\",\"potentialAction\":[{\"@type\":\"ReadAction\",\"target\":[\"https:\\\/\\\/www.ballettodanceshop.com\\\/jupe-reversible-zidans-sapphire-neon\\\/\"]}]},{\"@type\":\"ImageObject\",\"inLanguage\":\"en-GB\",\"@id\":\"https:\\\/\\\/www.ballettodanceshop.com\\\/jupe-reversible-zidans-sapphire-neon\\\/#primaryimage\",\"url\":\"https:\\\/\\\/www.ballettodanceshop.com\\\/wp-content\\\/uploads\\\/2025\\\/07\\\/Jupe_Reversible_Zidans.jpg\",\"contentUrl\":\"https:\\\/\\\/www.ballettodanceshop.com\\\/wp-content\\\/uploads\\\/2025\\\/07\\\/Jupe_Reversible_Zidans.jpg\",\"width\":1269,\"height\":2000,\"caption\":\"Jupe de r\u00e9p\u00e9tition double face\"},{\"@type\":\"BreadcrumbList\",\"@id\":\"https:\\\/\\\/www.ballettodanceshop.com\\\/jupe-reversible-zidans-sapphire-neon\\\/#breadcrumb\",\"itemListElement\":[{\"@type\":\"ListItem\",\"position\":1,\"name\":\"Accueil\",\"item\":\"https:\\\/\\\/www.ballettodanceshop.com\\\/\"},{\"@type\":\"ListItem\",\"position\":2,\"name\":\"Produits\",\"item\":\"https:\\\/\\\/www.ballettodanceshop.com\\\/boutique\\\/\"},{\"@type\":\"ListItem\",\"position\":3,\"name\":\"Jupe R\u00e9versible Zidans Sapphire-N\u00e9on\"}]},{\"@type\":\"WebSite\",\"@id\":\"https:\\\/\\\/www.ballettodanceshop.com\\\/#website\",\"url\":\"https:\\\/\\\/www.ballettodanceshop.com\\\/\",\"name\":\"Balletto Dance Shop\",\"description\":\"Keep Dancing !\",\"publisher\":{\"@id\":\"https:\\\/\\\/www.ballettodanceshop.com\\\/#organization\"},\"alternateName\":\"Balletto\",\"potentialAction\":[{\"@type\":\"SearchAction\",\"target\":{\"@type\":\"EntryPoint\",\"urlTemplate\":\"https:\\\/\\\/www.ballettodanceshop.com\\\/?s={search_term_string}\"},\"query-input\":{\"@type\":\"PropertyValueSpecification\",\"valueRequired\":true,\"valueName\":\"search_term_string\"}}],\"inLanguage\":\"en-GB\"},{\"@type\":\"Organization\",\"@id\":\"https:\\\/\\\/www.ballettodanceshop.com\\\/#organization\",\"name\":\"Balletto Dance Shop\",\"alternateName\":\"Balletto\",\"url\":\"https:\\\/\\\/www.ballettodanceshop.com\\\/\",\"logo\":{\"@type\":\"ImageObject\",\"inLanguage\":\"en-GB\",\"@id\":\"https:\\\/\\\/www.ballettodanceshop.com\\\/#\\\/schema\\\/logo\\\/image\\\/\",\"url\":\"https:\\\/\\\/www.ballettodanceshop.com\\\/wp-content\\\/uploads\\\/2025\\\/06\\\/LOGO-1.png\",\"contentUrl\":\"https:\\\/\\\/www.ballettodanceshop.com\\\/wp-content\\\/uploads\\\/2025\\\/06\\\/LOGO-1.png\",\"width\":508,\"height\":209,\"caption\":\"Balletto Dance Shop\"},\"image\":{\"@id\":\"https:\\\/\\\/www.ballettodanceshop.com\\\/#\\\/schema\\\/logo\\\/image\\\/\"},\"sameAs\":[\"https:\\\/\\\/www.facebook.com\\\/Ballettodanceshop\\\/\",\"https:\\\/\\\/x.com\\\/ballettodance\",\"https:\\\/\\\/www.tiktok.com\\\/@ballettodanceshop\",\"https:\\\/\\\/fr.linkedin.com\\\/company\\\/ballettodaneshop\",\"https:\\\/\\\/fr.pinterest.com\\\/ballettodanceshop\\\/\",\"https:\\\/\\\/www.threads.com\\\/@ballettodanceshop\",\"https:\\\/\\\/www.instagram.com\\\/ballettodanceshop\\\/\",\"https:\\\/\\\/www.youtube.com\\\/@ballettodanceshop\"]}]}<\/script>\n<!-- \/ Yoast SEO plugin. -->","yoast_head_json":{"title":"Reversible Skirt Zidans Sapphire-Neon - Balletto Dance Shop","description":"Luxurious two-tone reversible dance skirt for ballet or contemporary dance created by dance brand ZIDANS. Ideal for wearing around town.","robots":{"index":"index","follow":"follow","max-snippet":"max-snippet:-1","max-image-preview":"max-image-preview:large","max-video-preview":"max-video-preview:-1"},"canonical":"https:\/\/www.ballettodanceshop.com\/en\/reversible-skirt-zidans-sapphire-neon\/","og_locale":"en_GB","og_type":"article","og_title":"Jupe R\u00e9versible Zidans Sapphire-N\u00e9on - Balletto Dance Shop","og_description":"Luxuriante Jupe de danse bi-couleur r\u00e9versible pour le Ballet ou la danse contemporaine cr\u00e9e par la marque de danse ZIDANS. Id\u00e9ale pour \u00eatre port\u00e9 en ville.","og_url":"https:\/\/www.ballettodanceshop.com\/en\/reversible-skirt-zidans-sapphire-neon\/","og_site_name":"Balletto Dance Shop","article_publisher":"https:\/\/www.facebook.com\/Ballettodanceshop\/","article_modified_time":"2025-08-24T15:57:28+00:00","og_image":[{"width":1269,"height":2000,"url":"https:\/\/www.ballettodanceshop.com\/wp-content\/uploads\/2025\/07\/Jupe_Reversible_Zidans.jpg","type":"image\/jpeg"}],"twitter_card":"summary_large_image","twitter_site":"@ballettodance","schema":{"@context":"https:\/\/schema.org","@graph":[{"@type":"WebPage","@id":"https:\/\/www.ballettodanceshop.com\/jupe-reversible-zidans-sapphire-neon\/","url":"https:\/\/www.ballettodanceshop.com\/jupe-reversible-zidans-sapphire-neon\/","name":"Reversible Skirt Zidans Sapphire-Neon - Balletto Dance Shop","isPartOf":{"@id":"https:\/\/www.ballettodanceshop.com\/#website"},"primaryImageOfPage":{"@id":"https:\/\/www.ballettodanceshop.com\/jupe-reversible-zidans-sapphire-neon\/#primaryimage"},"image":{"@id":"https:\/\/www.ballettodanceshop.com\/jupe-reversible-zidans-sapphire-neon\/#primaryimage"},"thumbnailUrl":"https:\/\/www.ballettodanceshop.com\/wp-content\/uploads\/2025\/07\/Jupe_Reversible_Zidans.jpg","datePublished":"2023-05-29T07:49:47+00:00","dateModified":"2025-08-24T15:57:28+00:00","description":"Luxurious two-tone reversible dance skirt for ballet or contemporary dance created by dance brand ZIDANS. Ideal for wearing around town.","breadcrumb":{"@id":"https:\/\/www.ballettodanceshop.com\/jupe-reversible-zidans-sapphire-neon\/#breadcrumb"},"inLanguage":"en-GB","potentialAction":[{"@type":"ReadAction","target":["https:\/\/www.ballettodanceshop.com\/jupe-reversible-zidans-sapphire-neon\/"]}]},{"@type":"ImageObject","inLanguage":"en-GB","@id":"https:\/\/www.ballettodanceshop.com\/jupe-reversible-zidans-sapphire-neon\/#primaryimage","url":"https:\/\/www.ballettodanceshop.com\/wp-content\/uploads\/2025\/07\/Jupe_Reversible_Zidans.jpg","contentUrl":"https:\/\/www.ballettodanceshop.com\/wp-content\/uploads\/2025\/07\/Jupe_Reversible_Zidans.jpg","width":1269,"height":2000,"caption":"Jupe de r\u00e9p\u00e9tition double face"},{"@type":"BreadcrumbList","@id":"https:\/\/www.ballettodanceshop.com\/jupe-reversible-zidans-sapphire-neon\/#breadcrumb","itemListElement":[{"@type":"ListItem","position":1,"name":"Accueil","item":"https:\/\/www.ballettodanceshop.com\/"},{"@type":"ListItem","position":2,"name":"Produits","item":"https:\/\/www.ballettodanceshop.com\/boutique\/"},{"@type":"ListItem","position":3,"name":"Jupe R\u00e9versible Zidans Sapphire-N\u00e9on"}]},{"@type":"WebSite","@id":"https:\/\/www.ballettodanceshop.com\/#website","url":"https:\/\/www.ballettodanceshop.com\/","name":"Balletto Dance Shop","description":"Keep Dancing!","publisher":{"@id":"https:\/\/www.ballettodanceshop.com\/#organization"},"alternateName":"Balletto","potentialAction":[{"@type":"SearchAction","target":{"@type":"EntryPoint","urlTemplate":"https:\/\/www.ballettodanceshop.com\/?s={search_term_string}"},"query-input":{"@type":"PropertyValueSpecification","valueRequired":true,"valueName":"search_term_string"}}],"inLanguage":"en-GB"},{"@type":"Organization","@id":"https:\/\/www.ballettodanceshop.com\/#organization","name":"Balletto Dance Shop","alternateName":"Balletto","url":"https:\/\/www.ballettodanceshop.com\/","logo":{"@type":"ImageObject","inLanguage":"en-GB","@id":"https:\/\/www.ballettodanceshop.com\/#\/schema\/logo\/image\/","url":"https:\/\/www.ballettodanceshop.com\/wp-content\/uploads\/2025\/06\/LOGO-1.png","contentUrl":"https:\/\/www.ballettodanceshop.com\/wp-content\/uploads\/2025\/06\/LOGO-1.png","width":508,"height":209,"caption":"Balletto Dance Shop"},"image":{"@id":"https:\/\/www.ballettodanceshop.com\/#\/schema\/logo\/image\/"},"sameAs":["https:\/\/www.facebook.com\/Ballettodanceshop\/","https:\/\/x.com\/ballettodance","https:\/\/www.tiktok.com\/@ballettodanceshop","https:\/\/fr.linkedin.com\/company\/ballettodaneshop","https:\/\/fr.pinterest.com\/ballettodanceshop\/","https:\/\/www.threads.com\/@ballettodanceshop","https:\/\/www.instagram.com\/ballettodanceshop\/","https:\/\/www.youtube.com\/@ballettodanceshop"]}]}},"_links":{"self":[{"href":"https:\/\/www.ballettodanceshop.com\/en\/wp-json\/wp\/v2\/product\/60979","targetHints":{"allow":["GET"]}}],"collection":[{"href":"https:\/\/www.ballettodanceshop.com\/en\/wp-json\/wp\/v2\/product"}],"about":[{"href":"https:\/\/www.ballettodanceshop.com\/en\/wp-json\/wp\/v2\/types\/product"}],"replies":[{"embeddable":true,"href":"https:\/\/www.ballettodanceshop.com\/en\/wp-json\/wp\/v2\/comments?post=60979"}],"wp:featuredmedia":[{"embeddable":true,"href":"https:\/\/www.ballettodanceshop.com\/en\/wp-json\/wp\/v2\/media\/16723"}],"wp:attachment":[{"href":"https:\/\/www.ballettodanceshop.com\/en\/wp-json\/wp\/v2\/media?parent=60979"}],"wp:term":[{"taxonomy":"product_brand","embeddable":true,"href":"https:\/\/www.ballettodanceshop.com\/en\/wp-json\/wp\/v2\/product_brand?post=60979"},{"taxonomy":"product_cat","embeddable":true,"href":"https:\/\/www.ballettodanceshop.com\/en\/wp-json\/wp\/v2\/product_cat?post=60979"},{"taxonomy":"product_tag","embeddable":true,"href":"https:\/\/www.ballettodanceshop.com\/en\/wp-json\/wp\/v2\/product_tag?post=60979"}],"curies":[{"name":"wp","href":"https:\/\/api.w.org\/{rel}","templated":true}]}}