{"id":60813,"date":"2023-04-05T13:01:05","date_gmt":"2023-04-05T11:01:05","guid":{"rendered":"https:\/\/www.ballettodanceshop.com\/jupette-danse-portefeuille-rumpf-andrea\/"},"modified":"2025-09-23T18:48:28","modified_gmt":"2025-09-23T16:48:28","slug":"rumpf-andrea-wrap-dance-skirt","status":"publish","type":"product","link":"https:\/\/www.ballettodanceshop.com\/en\/jupette-danse-portefeuille-rumpf-andrea\/","title":{"rendered":"Petticoat Dance Wallet Rumpf Andrea"},"content":{"rendered":"<p><strong>Petticoat Dance Wallet Rumpf Andrea<\/strong><\/p>\n<p><strong>R3052<\/strong><\/p>\n<p>Material Muslin<\/p>\n<p>Petticoat length 40cm<\/p>\n<p>Made in Italy<\/p>\n<p>La jupette pour femme accompagne la tenue de la danseuse. Elle se porte au dessus d&rsquo;un justaucorps, crois\u00e9e ou nou\u00e9e bord \u00e0 bord sur le c\u00f4t\u00e9 \u00e0 l\u2019aide des liens en satin. La mousseline semi opaque laisse deviner le placement des hanches et le travail des jambes.<\/p>\n<p>&nbsp;<\/p>","protected":false},"excerpt":{"rendered":"<p>The chiffon and design of this classical or contemporary dance skirt will enhance your elegance.<\/p>\n<p>Wrap skirt designed by Rumpf.<\/p>\n<p>It fastens with a stretchy satin drawstring.<\/p>\n<p>Perfect for wearing with different leotard colours from our selection.<\/p>","protected":false},"featured_media":16515,"comment_status":"open","ping_status":"open","template":"","meta":{"_acf_changed":false},"product_brand":[],"product_cat":[65,246,19,25,554,462,149,62,97],"product_tag":[789],"class_list":{"0":"post-60813","1":"product","2":"type-product","3":"status-publish","4":"has-post-thumbnail","6":"product_cat-classique-filles","7":"product_cat-caractere","8":"product_cat-femmes","9":"product_cat-filles","10":"product_cat-jupes-jupettes-classique-filles","11":"product_cat-jupes-jupettes","12":"product_cat-rumpf","13":"product_cat-classique","14":"product_cat-contemporain","15":"product_tag-livraison-sous-1-semaine","17":"first","18":"instock","19":"taxable","20":"shipping-taxable","21":"purchasable","22":"product-type-variable"},"acf":[],"yoast_head":"<!-- This site is optimized with the Yoast SEO plugin v27.4 - https:\/\/yoast.com\/product\/yoast-seo-wordpress\/ -->\n<title>Jupette Danse Portefeuille Rumpf Andrea - Balletto Dance Shop<\/title>\n<meta name=\"description\" content=\"En mousseline, elle est Id\u00e9ale pour accessoiriser la tenue de la danseuse. Gr\u00e2ce \u00e0 sa finition \u00e9lastiqu\u00e9e satin \u00e0 la taille, elle offre un parfait maintien.\" \/>\n<meta name=\"robots\" content=\"index, follow, max-snippet:-1, max-image-preview:large, max-video-preview:-1\" \/>\n<link rel=\"canonical\" href=\"https:\/\/www.ballettodanceshop.com\/en\/rumpf-andrea-wrap-dance-skirt\/\" \/>\n<meta property=\"og:locale\" content=\"en_GB\" \/>\n<meta property=\"og:type\" content=\"article\" \/>\n<meta property=\"og:title\" content=\"Jupette Danse Portefeuille Rumpf Andrea - Balletto Dance Shop\" \/>\n<meta property=\"og:description\" content=\"En mousseline, elle est Id\u00e9ale pour accessoiriser la tenue de la danseuse. Gr\u00e2ce \u00e0 sa finition \u00e9lastiqu\u00e9e satin \u00e0 la taille, elle offre un parfait maintien.\" \/>\n<meta property=\"og:url\" content=\"https:\/\/www.ballettodanceshop.com\/en\/rumpf-andrea-wrap-dance-skirt\/\" \/>\n<meta property=\"og:site_name\" content=\"Balletto Dance Shop\" \/>\n<meta property=\"article:publisher\" content=\"https:\/\/www.facebook.com\/Ballettodanceshop\/\" \/>\n<meta property=\"article:modified_time\" content=\"2025-09-23T16:48:28+00:00\" \/>\n<meta property=\"og:image\" content=\"https:\/\/www.ballettodanceshop.com\/wp-content\/uploads\/2025\/07\/Jupette_Danse_Rumpf_R3052.jpg\" \/>\n\t<meta property=\"og:image:width\" content=\"1000\" \/>\n\t<meta property=\"og:image:height\" content=\"1500\" \/>\n\t<meta property=\"og:image:type\" content=\"image\/jpeg\" \/>\n<meta name=\"twitter:card\" content=\"summary_large_image\" \/>\n<meta name=\"twitter:site\" content=\"@ballettodance\" \/>\n<script type=\"application\/ld+json\" class=\"yoast-schema-graph\">{\"@context\":\"https:\\\/\\\/schema.org\",\"@graph\":[{\"@type\":\"WebPage\",\"@id\":\"https:\\\/\\\/www.ballettodanceshop.com\\\/jupette-danse-portefeuille-rumpf-andrea\\\/\",\"url\":\"https:\\\/\\\/www.ballettodanceshop.com\\\/jupette-danse-portefeuille-rumpf-andrea\\\/\",\"name\":\"Jupette Danse Portefeuille Rumpf Andrea - Balletto Dance Shop\",\"isPartOf\":{\"@id\":\"https:\\\/\\\/www.ballettodanceshop.com\\\/#website\"},\"primaryImageOfPage\":{\"@id\":\"https:\\\/\\\/www.ballettodanceshop.com\\\/jupette-danse-portefeuille-rumpf-andrea\\\/#primaryimage\"},\"image\":{\"@id\":\"https:\\\/\\\/www.ballettodanceshop.com\\\/jupette-danse-portefeuille-rumpf-andrea\\\/#primaryimage\"},\"thumbnailUrl\":\"https:\\\/\\\/www.ballettodanceshop.com\\\/wp-content\\\/uploads\\\/2025\\\/07\\\/Jupette_Danse_Rumpf_R3052.jpg\",\"datePublished\":\"2023-04-05T11:01:05+00:00\",\"dateModified\":\"2025-09-23T16:48:28+00:00\",\"description\":\"En mousseline, elle est Id\u00e9ale pour accessoiriser la tenue de la danseuse. Gr\u00e2ce \u00e0 sa finition \u00e9lastiqu\u00e9e satin \u00e0 la taille, elle offre un parfait maintien.\",\"breadcrumb\":{\"@id\":\"https:\\\/\\\/www.ballettodanceshop.com\\\/jupette-danse-portefeuille-rumpf-andrea\\\/#breadcrumb\"},\"inLanguage\":\"en-GB\",\"potentialAction\":[{\"@type\":\"ReadAction\",\"target\":[\"https:\\\/\\\/www.ballettodanceshop.com\\\/jupette-danse-portefeuille-rumpf-andrea\\\/\"]}]},{\"@type\":\"ImageObject\",\"inLanguage\":\"en-GB\",\"@id\":\"https:\\\/\\\/www.ballettodanceshop.com\\\/jupette-danse-portefeuille-rumpf-andrea\\\/#primaryimage\",\"url\":\"https:\\\/\\\/www.ballettodanceshop.com\\\/wp-content\\\/uploads\\\/2025\\\/07\\\/Jupette_Danse_Rumpf_R3052.jpg\",\"contentUrl\":\"https:\\\/\\\/www.ballettodanceshop.com\\\/wp-content\\\/uploads\\\/2025\\\/07\\\/Jupette_Danse_Rumpf_R3052.jpg\",\"width\":1000,\"height\":1500,\"caption\":\"Juppette danse portfeuille Rumpf\"},{\"@type\":\"BreadcrumbList\",\"@id\":\"https:\\\/\\\/www.ballettodanceshop.com\\\/jupette-danse-portefeuille-rumpf-andrea\\\/#breadcrumb\",\"itemListElement\":[{\"@type\":\"ListItem\",\"position\":1,\"name\":\"Accueil\",\"item\":\"https:\\\/\\\/www.ballettodanceshop.com\\\/\"},{\"@type\":\"ListItem\",\"position\":2,\"name\":\"Produits\",\"item\":\"https:\\\/\\\/www.ballettodanceshop.com\\\/boutique\\\/\"},{\"@type\":\"ListItem\",\"position\":3,\"name\":\"Jupette Danse Portefeuille Rumpf Andrea\"}]},{\"@type\":\"WebSite\",\"@id\":\"https:\\\/\\\/www.ballettodanceshop.com\\\/#website\",\"url\":\"https:\\\/\\\/www.ballettodanceshop.com\\\/\",\"name\":\"Balletto Dance Shop\",\"description\":\"Keep Dancing !\",\"publisher\":{\"@id\":\"https:\\\/\\\/www.ballettodanceshop.com\\\/#organization\"},\"alternateName\":\"Balletto\",\"potentialAction\":[{\"@type\":\"SearchAction\",\"target\":{\"@type\":\"EntryPoint\",\"urlTemplate\":\"https:\\\/\\\/www.ballettodanceshop.com\\\/?s={search_term_string}\"},\"query-input\":{\"@type\":\"PropertyValueSpecification\",\"valueRequired\":true,\"valueName\":\"search_term_string\"}}],\"inLanguage\":\"en-GB\"},{\"@type\":\"Organization\",\"@id\":\"https:\\\/\\\/www.ballettodanceshop.com\\\/#organization\",\"name\":\"Balletto Dance Shop\",\"alternateName\":\"Balletto\",\"url\":\"https:\\\/\\\/www.ballettodanceshop.com\\\/\",\"logo\":{\"@type\":\"ImageObject\",\"inLanguage\":\"en-GB\",\"@id\":\"https:\\\/\\\/www.ballettodanceshop.com\\\/#\\\/schema\\\/logo\\\/image\\\/\",\"url\":\"https:\\\/\\\/www.ballettodanceshop.com\\\/wp-content\\\/uploads\\\/2025\\\/06\\\/LOGO-1.png\",\"contentUrl\":\"https:\\\/\\\/www.ballettodanceshop.com\\\/wp-content\\\/uploads\\\/2025\\\/06\\\/LOGO-1.png\",\"width\":508,\"height\":209,\"caption\":\"Balletto Dance Shop\"},\"image\":{\"@id\":\"https:\\\/\\\/www.ballettodanceshop.com\\\/#\\\/schema\\\/logo\\\/image\\\/\"},\"sameAs\":[\"https:\\\/\\\/www.facebook.com\\\/Ballettodanceshop\\\/\",\"https:\\\/\\\/x.com\\\/ballettodance\",\"https:\\\/\\\/www.tiktok.com\\\/@ballettodanceshop\",\"https:\\\/\\\/fr.linkedin.com\\\/company\\\/ballettodaneshop\",\"https:\\\/\\\/fr.pinterest.com\\\/ballettodanceshop\\\/\",\"https:\\\/\\\/www.threads.com\\\/@ballettodanceshop\",\"https:\\\/\\\/www.instagram.com\\\/ballettodanceshop\\\/\",\"https:\\\/\\\/www.youtube.com\\\/@ballettodanceshop\"]}]}<\/script>\n<!-- \/ Yoast SEO plugin. -->","yoast_head_json":{"title":"Dance Petticoat Rumpf Andrea - Balletto Dance Shop","description":"Made from chiffon, it's ideal for accessorising a dancer's outfit. It has a satin elasticated waistband for perfect support.","robots":{"index":"index","follow":"follow","max-snippet":"max-snippet:-1","max-image-preview":"max-image-preview:large","max-video-preview":"max-video-preview:-1"},"canonical":"https:\/\/www.ballettodanceshop.com\/en\/rumpf-andrea-wrap-dance-skirt\/","og_locale":"en_GB","og_type":"article","og_title":"Jupette Danse Portefeuille Rumpf Andrea - Balletto Dance Shop","og_description":"En mousseline, elle est Id\u00e9ale pour accessoiriser la tenue de la danseuse. Gr\u00e2ce \u00e0 sa finition \u00e9lastiqu\u00e9e satin \u00e0 la taille, elle offre un parfait maintien.","og_url":"https:\/\/www.ballettodanceshop.com\/en\/rumpf-andrea-wrap-dance-skirt\/","og_site_name":"Balletto Dance Shop","article_publisher":"https:\/\/www.facebook.com\/Ballettodanceshop\/","article_modified_time":"2025-09-23T16:48:28+00:00","og_image":[{"width":1000,"height":1500,"url":"https:\/\/www.ballettodanceshop.com\/wp-content\/uploads\/2025\/07\/Jupette_Danse_Rumpf_R3052.jpg","type":"image\/jpeg"}],"twitter_card":"summary_large_image","twitter_site":"@ballettodance","schema":{"@context":"https:\/\/schema.org","@graph":[{"@type":"WebPage","@id":"https:\/\/www.ballettodanceshop.com\/jupette-danse-portefeuille-rumpf-andrea\/","url":"https:\/\/www.ballettodanceshop.com\/jupette-danse-portefeuille-rumpf-andrea\/","name":"Dance Petticoat Rumpf Andrea - Balletto Dance Shop","isPartOf":{"@id":"https:\/\/www.ballettodanceshop.com\/#website"},"primaryImageOfPage":{"@id":"https:\/\/www.ballettodanceshop.com\/jupette-danse-portefeuille-rumpf-andrea\/#primaryimage"},"image":{"@id":"https:\/\/www.ballettodanceshop.com\/jupette-danse-portefeuille-rumpf-andrea\/#primaryimage"},"thumbnailUrl":"https:\/\/www.ballettodanceshop.com\/wp-content\/uploads\/2025\/07\/Jupette_Danse_Rumpf_R3052.jpg","datePublished":"2023-04-05T11:01:05+00:00","dateModified":"2025-09-23T16:48:28+00:00","description":"Made from chiffon, it's ideal for accessorising a dancer's outfit. It has a satin elasticated waistband for perfect support.","breadcrumb":{"@id":"https:\/\/www.ballettodanceshop.com\/jupette-danse-portefeuille-rumpf-andrea\/#breadcrumb"},"inLanguage":"en-GB","potentialAction":[{"@type":"ReadAction","target":["https:\/\/www.ballettodanceshop.com\/jupette-danse-portefeuille-rumpf-andrea\/"]}]},{"@type":"ImageObject","inLanguage":"en-GB","@id":"https:\/\/www.ballettodanceshop.com\/jupette-danse-portefeuille-rumpf-andrea\/#primaryimage","url":"https:\/\/www.ballettodanceshop.com\/wp-content\/uploads\/2025\/07\/Jupette_Danse_Rumpf_R3052.jpg","contentUrl":"https:\/\/www.ballettodanceshop.com\/wp-content\/uploads\/2025\/07\/Jupette_Danse_Rumpf_R3052.jpg","width":1000,"height":1500,"caption":"Juppette danse portfeuille Rumpf"},{"@type":"BreadcrumbList","@id":"https:\/\/www.ballettodanceshop.com\/jupette-danse-portefeuille-rumpf-andrea\/#breadcrumb","itemListElement":[{"@type":"ListItem","position":1,"name":"Accueil","item":"https:\/\/www.ballettodanceshop.com\/"},{"@type":"ListItem","position":2,"name":"Produits","item":"https:\/\/www.ballettodanceshop.com\/boutique\/"},{"@type":"ListItem","position":3,"name":"Jupette Danse Portefeuille Rumpf Andrea"}]},{"@type":"WebSite","@id":"https:\/\/www.ballettodanceshop.com\/#website","url":"https:\/\/www.ballettodanceshop.com\/","name":"Balletto Dance Shop","description":"Keep Dancing!","publisher":{"@id":"https:\/\/www.ballettodanceshop.com\/#organization"},"alternateName":"Balletto","potentialAction":[{"@type":"SearchAction","target":{"@type":"EntryPoint","urlTemplate":"https:\/\/www.ballettodanceshop.com\/?s={search_term_string}"},"query-input":{"@type":"PropertyValueSpecification","valueRequired":true,"valueName":"search_term_string"}}],"inLanguage":"en-GB"},{"@type":"Organization","@id":"https:\/\/www.ballettodanceshop.com\/#organization","name":"Balletto Dance Shop","alternateName":"Balletto","url":"https:\/\/www.ballettodanceshop.com\/","logo":{"@type":"ImageObject","inLanguage":"en-GB","@id":"https:\/\/www.ballettodanceshop.com\/#\/schema\/logo\/image\/","url":"https:\/\/www.ballettodanceshop.com\/wp-content\/uploads\/2025\/06\/LOGO-1.png","contentUrl":"https:\/\/www.ballettodanceshop.com\/wp-content\/uploads\/2025\/06\/LOGO-1.png","width":508,"height":209,"caption":"Balletto Dance Shop"},"image":{"@id":"https:\/\/www.ballettodanceshop.com\/#\/schema\/logo\/image\/"},"sameAs":["https:\/\/www.facebook.com\/Ballettodanceshop\/","https:\/\/x.com\/ballettodance","https:\/\/www.tiktok.com\/@ballettodanceshop","https:\/\/fr.linkedin.com\/company\/ballettodaneshop","https:\/\/fr.pinterest.com\/ballettodanceshop\/","https:\/\/www.threads.com\/@ballettodanceshop","https:\/\/www.instagram.com\/ballettodanceshop\/","https:\/\/www.youtube.com\/@ballettodanceshop"]}]}},"_links":{"self":[{"href":"https:\/\/www.ballettodanceshop.com\/en\/wp-json\/wp\/v2\/product\/60813","targetHints":{"allow":["GET"]}}],"collection":[{"href":"https:\/\/www.ballettodanceshop.com\/en\/wp-json\/wp\/v2\/product"}],"about":[{"href":"https:\/\/www.ballettodanceshop.com\/en\/wp-json\/wp\/v2\/types\/product"}],"replies":[{"embeddable":true,"href":"https:\/\/www.ballettodanceshop.com\/en\/wp-json\/wp\/v2\/comments?post=60813"}],"wp:featuredmedia":[{"embeddable":true,"href":"https:\/\/www.ballettodanceshop.com\/en\/wp-json\/wp\/v2\/media\/16515"}],"wp:attachment":[{"href":"https:\/\/www.ballettodanceshop.com\/en\/wp-json\/wp\/v2\/media?parent=60813"}],"wp:term":[{"taxonomy":"product_brand","embeddable":true,"href":"https:\/\/www.ballettodanceshop.com\/en\/wp-json\/wp\/v2\/product_brand?post=60813"},{"taxonomy":"product_cat","embeddable":true,"href":"https:\/\/www.ballettodanceshop.com\/en\/wp-json\/wp\/v2\/product_cat?post=60813"},{"taxonomy":"product_tag","embeddable":true,"href":"https:\/\/www.ballettodanceshop.com\/en\/wp-json\/wp\/v2\/product_tag?post=60813"}],"curies":[{"name":"wp","href":"https:\/\/api.w.org\/{rel}","templated":true}]}}