{"id":60280,"date":"2023-04-01T09:44:22","date_gmt":"2023-04-01T07:44:22","guid":{"rendered":"https:\/\/www.ballettodanceshop.com\/pointes-gaynor-minden-lyra-sculpted\/"},"modified":"2026-04-29T11:27:06","modified_gmt":"2026-04-29T09:27:06","slug":"gaynor-minden-lyra-sculpted-points","status":"publish","type":"product","link":"https:\/\/www.ballettodanceshop.com\/en\/pointes-gaynor-minden-lyra-sculpted\/","title":{"rendered":"Gaynor Minden Lyra Sculpted nails"},"content":{"rendered":"<p><strong>Gaynor Minden Lyra Sculpted nails<\/strong><\/p>\n<p><strong>For a slightly tapered foot with a \"waist\": cut with a wide metatarsal, a well-fitting midfoot and a narrow-medium heel.<\/strong><\/p>\n<p>Blend of satin yarns woven in Italy.<\/p>\n<p>Soft suede toe.<\/p>\n<p>In 1993, Gaynor Minden revolutionised the manufacture of pointe shoes using innovative materials and techniques. Dance pointe shoes <strong>Gaynor Minden<\/strong> sont r\u00e9put\u00e9es pour durer beaucoup plus longtemps que les pointes traditionnelles. Les polym\u00e8res utilis\u00e9s tant au niveau de la semelle que de la boite permettent au chausson de danse d\u2019\u00eatre \u00e0 la fois souple et tr\u00e8s confortable mais \u00e9galement r\u00e9sistant.<\/p>\n<p>This dance shoe is unique in that it doesn't warp like pointe shoes made from traditional materials. The pre-cambered sole makes these shoes a pair of dance-ready pointe shoes. The elasticated drawstring adjusts at the side of the heel to avoid damaging the foot as it passes through the half-point.<\/p>\n<p>&nbsp;<\/p>","protected":false},"excerpt":{"rendered":"<p>La nouvelle pointe Lyra By Gaynor Minden est fabriqu\u00e9e avec une toute nouvelle m\u00e9thode de construction plus flexible avec un satin Italien de tr\u00e8s haute qualit\u00e9 sp\u00e9cial danse, qui permet un bon d\u00e9roulement du pied et une haute demi-pointe.<\/p>\n<p>Flexibility and flow are enhanced by a vegan outsole.<\/p>\n<p>The tip is wrapped in soft nubuck.<\/p>\n<p>The Lyra Sculpted model has a tapered 8 shape tightened in the middle of the foot for a perfect fit.<\/p>\n<p>The Gaynor Minden point is renowned for its durability and silence thanks to its moulded casing and Poron dampening system.<\/p>\n<p>&nbsp;<\/p>","protected":false},"featured_media":15858,"comment_status":"open","ping_status":"closed","template":"","meta":{"_acf_changed":false},"product_brand":[],"product_cat":[1031,1027,1025,1022,19,718,974,319,1028,62],"product_tag":[790],"class_list":{"0":"post-60280","1":"product","2":"type-product","3":"status-publish","4":"has-post-thumbnail","6":"product_cat-ballet-pointe","7":"product_cat-chausson-de-ballet","8":"product_cat-chaussons-de-danse-classique","9":"product_cat-chaussons-pointes-de-danse-classique","10":"product_cat-femmes","11":"product_cat-gaynor-minden","12":"product_cat-marques","13":"product_cat-pointes","14":"product_cat-pointes-gaynor-minden","15":"product_cat-classique","16":"product_tag-livraison-1-a-2-semaines","18":"first","19":"instock","20":"taxable","21":"shipping-taxable","22":"purchasable","23":"product-type-variable"},"acf":[],"yoast_head":"<!-- This site is optimized with the Yoast SEO plugin v27.4 - https:\/\/yoast.com\/product\/yoast-seo-wordpress\/ -->\n<title>Pointes Gaynor Minden Lyra Sculpted - Balletto Dance Shop<\/title>\n<meta name=\"description\" content=\"Derni\u00e8re creation de la marque Am\u00e9ricaine Gaynor Minden, la Pointe de Ballet incassable Gaynor Minden Lyra a une nouvelle m\u00e9thode de conception et de satin.\" \/>\n<meta name=\"robots\" content=\"index, follow, max-snippet:-1, max-image-preview:large, max-video-preview:-1\" \/>\n<link rel=\"canonical\" href=\"https:\/\/www.ballettodanceshop.com\/en\/gaynor-minden-lyra-sculpted-points\/\" \/>\n<meta property=\"og:locale\" content=\"en_GB\" \/>\n<meta property=\"og:type\" content=\"article\" \/>\n<meta property=\"og:title\" content=\"Pointes Gaynor Minden Lyra Sculpted - Balletto Dance Shop\" \/>\n<meta property=\"og:description\" content=\"Derni\u00e8re creation de la marque Am\u00e9ricaine Gaynor Minden, la Pointe de Ballet incassable Gaynor Minden Lyra a une nouvelle m\u00e9thode de conception et de satin.\" \/>\n<meta property=\"og:url\" content=\"https:\/\/www.ballettodanceshop.com\/en\/gaynor-minden-lyra-sculpted-points\/\" \/>\n<meta property=\"og:site_name\" content=\"Balletto Dance Shop\" \/>\n<meta property=\"article:publisher\" content=\"https:\/\/www.facebook.com\/Ballettodanceshop\/\" \/>\n<meta property=\"article:modified_time\" content=\"2026-04-29T09:27:06+00:00\" \/>\n<meta property=\"og:image\" content=\"https:\/\/www.ballettodanceshop.com\/wp-content\/uploads\/2025\/07\/Pointes-Gaynor-Minden-Lyra-Sculpted.jpg\" \/>\n\t<meta property=\"og:image:width\" content=\"900\" \/>\n\t<meta property=\"og:image:height\" content=\"1200\" \/>\n\t<meta property=\"og:image:type\" content=\"image\/jpeg\" \/>\n<meta name=\"twitter:card\" content=\"summary_large_image\" \/>\n<meta name=\"twitter:site\" content=\"@ballettodance\" \/>\n<meta name=\"twitter:label1\" content=\"Estimated reading time\" \/>\n\t<meta name=\"twitter:data1\" content=\"2 minutes\" \/>\n<script type=\"application\/ld+json\" class=\"yoast-schema-graph\">{\"@context\":\"https:\\\/\\\/schema.org\",\"@graph\":[{\"@type\":\"WebPage\",\"@id\":\"https:\\\/\\\/www.ballettodanceshop.com\\\/pointes-gaynor-minden-lyra-sculpted\\\/\",\"url\":\"https:\\\/\\\/www.ballettodanceshop.com\\\/pointes-gaynor-minden-lyra-sculpted\\\/\",\"name\":\"Pointes Gaynor Minden Lyra Sculpted - Balletto Dance Shop\",\"isPartOf\":{\"@id\":\"https:\\\/\\\/www.ballettodanceshop.com\\\/#website\"},\"primaryImageOfPage\":{\"@id\":\"https:\\\/\\\/www.ballettodanceshop.com\\\/pointes-gaynor-minden-lyra-sculpted\\\/#primaryimage\"},\"image\":{\"@id\":\"https:\\\/\\\/www.ballettodanceshop.com\\\/pointes-gaynor-minden-lyra-sculpted\\\/#primaryimage\"},\"thumbnailUrl\":\"https:\\\/\\\/www.ballettodanceshop.com\\\/wp-content\\\/uploads\\\/2025\\\/07\\\/Pointes-Gaynor-Minden-Lyra-Sculpted.jpg\",\"datePublished\":\"2023-04-01T07:44:22+00:00\",\"dateModified\":\"2026-04-29T09:27:06+00:00\",\"description\":\"Derni\u00e8re creation de la marque Am\u00e9ricaine Gaynor Minden, la Pointe de Ballet incassable Gaynor Minden Lyra a une nouvelle m\u00e9thode de conception et de satin.\",\"breadcrumb\":{\"@id\":\"https:\\\/\\\/www.ballettodanceshop.com\\\/pointes-gaynor-minden-lyra-sculpted\\\/#breadcrumb\"},\"inLanguage\":\"en-GB\",\"potentialAction\":[{\"@type\":\"ReadAction\",\"target\":[\"https:\\\/\\\/www.ballettodanceshop.com\\\/pointes-gaynor-minden-lyra-sculpted\\\/\"]}]},{\"@type\":\"ImageObject\",\"inLanguage\":\"en-GB\",\"@id\":\"https:\\\/\\\/www.ballettodanceshop.com\\\/pointes-gaynor-minden-lyra-sculpted\\\/#primaryimage\",\"url\":\"https:\\\/\\\/www.ballettodanceshop.com\\\/wp-content\\\/uploads\\\/2025\\\/07\\\/Pointes-Gaynor-Minden-Lyra-Sculpted.jpg\",\"contentUrl\":\"https:\\\/\\\/www.ballettodanceshop.com\\\/wp-content\\\/uploads\\\/2025\\\/07\\\/Pointes-Gaynor-Minden-Lyra-Sculpted.jpg\",\"width\":900,\"height\":1200,\"caption\":\"Pointes Gaynor Minden Lyra\"},{\"@type\":\"BreadcrumbList\",\"@id\":\"https:\\\/\\\/www.ballettodanceshop.com\\\/pointes-gaynor-minden-lyra-sculpted\\\/#breadcrumb\",\"itemListElement\":[{\"@type\":\"ListItem\",\"position\":1,\"name\":\"Accueil\",\"item\":\"https:\\\/\\\/www.ballettodanceshop.com\\\/\"},{\"@type\":\"ListItem\",\"position\":2,\"name\":\"Produits\",\"item\":\"https:\\\/\\\/www.ballettodanceshop.com\\\/boutique\\\/\"},{\"@type\":\"ListItem\",\"position\":3,\"name\":\"Pointes Gaynor Minden Lyra Sculpted\"}]},{\"@type\":\"WebSite\",\"@id\":\"https:\\\/\\\/www.ballettodanceshop.com\\\/#website\",\"url\":\"https:\\\/\\\/www.ballettodanceshop.com\\\/\",\"name\":\"Balletto Dance Shop\",\"description\":\"Keep Dancing !\",\"publisher\":{\"@id\":\"https:\\\/\\\/www.ballettodanceshop.com\\\/#organization\"},\"alternateName\":\"Balletto\",\"potentialAction\":[{\"@type\":\"SearchAction\",\"target\":{\"@type\":\"EntryPoint\",\"urlTemplate\":\"https:\\\/\\\/www.ballettodanceshop.com\\\/?s={search_term_string}\"},\"query-input\":{\"@type\":\"PropertyValueSpecification\",\"valueRequired\":true,\"valueName\":\"search_term_string\"}}],\"inLanguage\":\"en-GB\"},{\"@type\":\"Organization\",\"@id\":\"https:\\\/\\\/www.ballettodanceshop.com\\\/#organization\",\"name\":\"Balletto Dance Shop\",\"alternateName\":\"Balletto\",\"url\":\"https:\\\/\\\/www.ballettodanceshop.com\\\/\",\"logo\":{\"@type\":\"ImageObject\",\"inLanguage\":\"en-GB\",\"@id\":\"https:\\\/\\\/www.ballettodanceshop.com\\\/#\\\/schema\\\/logo\\\/image\\\/\",\"url\":\"https:\\\/\\\/www.ballettodanceshop.com\\\/wp-content\\\/uploads\\\/2025\\\/06\\\/LOGO-1.png\",\"contentUrl\":\"https:\\\/\\\/www.ballettodanceshop.com\\\/wp-content\\\/uploads\\\/2025\\\/06\\\/LOGO-1.png\",\"width\":508,\"height\":209,\"caption\":\"Balletto Dance Shop\"},\"image\":{\"@id\":\"https:\\\/\\\/www.ballettodanceshop.com\\\/#\\\/schema\\\/logo\\\/image\\\/\"},\"sameAs\":[\"https:\\\/\\\/www.facebook.com\\\/Ballettodanceshop\\\/\",\"https:\\\/\\\/x.com\\\/ballettodance\",\"https:\\\/\\\/www.tiktok.com\\\/@ballettodanceshop\",\"https:\\\/\\\/fr.linkedin.com\\\/company\\\/ballettodaneshop\",\"https:\\\/\\\/fr.pinterest.com\\\/ballettodanceshop\\\/\",\"https:\\\/\\\/www.threads.com\\\/@ballettodanceshop\",\"https:\\\/\\\/www.instagram.com\\\/ballettodanceshop\\\/\",\"https:\\\/\\\/www.youtube.com\\\/@ballettodanceshop\"]}]}<\/script>\n<!-- \/ Yoast SEO plugin. -->","yoast_head_json":{"title":"Pointes Gaynor Minden Lyra Sculpted - Balletto Dance Shop","description":"The latest creation from American brand Gaynor Minden, the unbreakable Gaynor Minden Lyra Ballet Pointe has a new design method and satin.","robots":{"index":"index","follow":"follow","max-snippet":"max-snippet:-1","max-image-preview":"max-image-preview:large","max-video-preview":"max-video-preview:-1"},"canonical":"https:\/\/www.ballettodanceshop.com\/en\/gaynor-minden-lyra-sculpted-points\/","og_locale":"en_GB","og_type":"article","og_title":"Pointes Gaynor Minden Lyra Sculpted - Balletto Dance Shop","og_description":"Derni\u00e8re creation de la marque Am\u00e9ricaine Gaynor Minden, la Pointe de Ballet incassable Gaynor Minden Lyra a une nouvelle m\u00e9thode de conception et de satin.","og_url":"https:\/\/www.ballettodanceshop.com\/en\/gaynor-minden-lyra-sculpted-points\/","og_site_name":"Balletto Dance Shop","article_publisher":"https:\/\/www.facebook.com\/Ballettodanceshop\/","article_modified_time":"2026-04-29T09:27:06+00:00","og_image":[{"width":900,"height":1200,"url":"https:\/\/www.ballettodanceshop.com\/wp-content\/uploads\/2025\/07\/Pointes-Gaynor-Minden-Lyra-Sculpted.jpg","type":"image\/jpeg"}],"twitter_card":"summary_large_image","twitter_site":"@ballettodance","twitter_misc":{"Estimated reading time":"2 minutes"},"schema":{"@context":"https:\/\/schema.org","@graph":[{"@type":"WebPage","@id":"https:\/\/www.ballettodanceshop.com\/pointes-gaynor-minden-lyra-sculpted\/","url":"https:\/\/www.ballettodanceshop.com\/pointes-gaynor-minden-lyra-sculpted\/","name":"Pointes Gaynor Minden Lyra Sculpted - Balletto Dance Shop","isPartOf":{"@id":"https:\/\/www.ballettodanceshop.com\/#website"},"primaryImageOfPage":{"@id":"https:\/\/www.ballettodanceshop.com\/pointes-gaynor-minden-lyra-sculpted\/#primaryimage"},"image":{"@id":"https:\/\/www.ballettodanceshop.com\/pointes-gaynor-minden-lyra-sculpted\/#primaryimage"},"thumbnailUrl":"https:\/\/www.ballettodanceshop.com\/wp-content\/uploads\/2025\/07\/Pointes-Gaynor-Minden-Lyra-Sculpted.jpg","datePublished":"2023-04-01T07:44:22+00:00","dateModified":"2026-04-29T09:27:06+00:00","description":"The latest creation from American brand Gaynor Minden, the unbreakable Gaynor Minden Lyra Ballet Pointe has a new design method and satin.","breadcrumb":{"@id":"https:\/\/www.ballettodanceshop.com\/pointes-gaynor-minden-lyra-sculpted\/#breadcrumb"},"inLanguage":"en-GB","potentialAction":[{"@type":"ReadAction","target":["https:\/\/www.ballettodanceshop.com\/pointes-gaynor-minden-lyra-sculpted\/"]}]},{"@type":"ImageObject","inLanguage":"en-GB","@id":"https:\/\/www.ballettodanceshop.com\/pointes-gaynor-minden-lyra-sculpted\/#primaryimage","url":"https:\/\/www.ballettodanceshop.com\/wp-content\/uploads\/2025\/07\/Pointes-Gaynor-Minden-Lyra-Sculpted.jpg","contentUrl":"https:\/\/www.ballettodanceshop.com\/wp-content\/uploads\/2025\/07\/Pointes-Gaynor-Minden-Lyra-Sculpted.jpg","width":900,"height":1200,"caption":"Pointes Gaynor Minden Lyra"},{"@type":"BreadcrumbList","@id":"https:\/\/www.ballettodanceshop.com\/pointes-gaynor-minden-lyra-sculpted\/#breadcrumb","itemListElement":[{"@type":"ListItem","position":1,"name":"Accueil","item":"https:\/\/www.ballettodanceshop.com\/"},{"@type":"ListItem","position":2,"name":"Produits","item":"https:\/\/www.ballettodanceshop.com\/boutique\/"},{"@type":"ListItem","position":3,"name":"Pointes Gaynor Minden Lyra Sculpted"}]},{"@type":"WebSite","@id":"https:\/\/www.ballettodanceshop.com\/#website","url":"https:\/\/www.ballettodanceshop.com\/","name":"Balletto Dance Shop","description":"Keep Dancing!","publisher":{"@id":"https:\/\/www.ballettodanceshop.com\/#organization"},"alternateName":"Balletto","potentialAction":[{"@type":"SearchAction","target":{"@type":"EntryPoint","urlTemplate":"https:\/\/www.ballettodanceshop.com\/?s={search_term_string}"},"query-input":{"@type":"PropertyValueSpecification","valueRequired":true,"valueName":"search_term_string"}}],"inLanguage":"en-GB"},{"@type":"Organization","@id":"https:\/\/www.ballettodanceshop.com\/#organization","name":"Balletto Dance Shop","alternateName":"Balletto","url":"https:\/\/www.ballettodanceshop.com\/","logo":{"@type":"ImageObject","inLanguage":"en-GB","@id":"https:\/\/www.ballettodanceshop.com\/#\/schema\/logo\/image\/","url":"https:\/\/www.ballettodanceshop.com\/wp-content\/uploads\/2025\/06\/LOGO-1.png","contentUrl":"https:\/\/www.ballettodanceshop.com\/wp-content\/uploads\/2025\/06\/LOGO-1.png","width":508,"height":209,"caption":"Balletto Dance Shop"},"image":{"@id":"https:\/\/www.ballettodanceshop.com\/#\/schema\/logo\/image\/"},"sameAs":["https:\/\/www.facebook.com\/Ballettodanceshop\/","https:\/\/x.com\/ballettodance","https:\/\/www.tiktok.com\/@ballettodanceshop","https:\/\/fr.linkedin.com\/company\/ballettodaneshop","https:\/\/fr.pinterest.com\/ballettodanceshop\/","https:\/\/www.threads.com\/@ballettodanceshop","https:\/\/www.instagram.com\/ballettodanceshop\/","https:\/\/www.youtube.com\/@ballettodanceshop"]}]}},"_links":{"self":[{"href":"https:\/\/www.ballettodanceshop.com\/en\/wp-json\/wp\/v2\/product\/60280","targetHints":{"allow":["GET"]}}],"collection":[{"href":"https:\/\/www.ballettodanceshop.com\/en\/wp-json\/wp\/v2\/product"}],"about":[{"href":"https:\/\/www.ballettodanceshop.com\/en\/wp-json\/wp\/v2\/types\/product"}],"replies":[{"embeddable":true,"href":"https:\/\/www.ballettodanceshop.com\/en\/wp-json\/wp\/v2\/comments?post=60280"}],"wp:featuredmedia":[{"embeddable":true,"href":"https:\/\/www.ballettodanceshop.com\/en\/wp-json\/wp\/v2\/media\/15858"}],"wp:attachment":[{"href":"https:\/\/www.ballettodanceshop.com\/en\/wp-json\/wp\/v2\/media?parent=60280"}],"wp:term":[{"taxonomy":"product_brand","embeddable":true,"href":"https:\/\/www.ballettodanceshop.com\/en\/wp-json\/wp\/v2\/product_brand?post=60280"},{"taxonomy":"product_cat","embeddable":true,"href":"https:\/\/www.ballettodanceshop.com\/en\/wp-json\/wp\/v2\/product_cat?post=60280"},{"taxonomy":"product_tag","embeddable":true,"href":"https:\/\/www.ballettodanceshop.com\/en\/wp-json\/wp\/v2\/product_tag?post=60280"}],"curies":[{"name":"wp","href":"https:\/\/api.w.org\/{rel}","templated":true}]}}