{"id":60152,"date":"2023-02-02T06:39:11","date_gmt":"2023-02-02T05:39:11","guid":{"rendered":"https:\/\/www.ballettodanceshop.com\/robes-danses-latines-rumpf-manches-3-4\/"},"modified":"2025-08-24T17:56:42","modified_gmt":"2025-08-24T15:56:42","slug":"latin-dance-dresses-rumpf-sleeves-3-4","status":"publish","type":"product","link":"https:\/\/www.ballettodanceshop.com\/en\/robes-danses-latines-rumpf-manches-3-4\/","title":{"rendered":"Rumpf 3\/4 Sleeve Latin Dance Dresses"},"content":{"rendered":"<p><strong>Rumpf 3\/4 Sleeve Latin Dance Dresses<\/strong><\/p>\n<p>Viscose Elastane<\/p>\n<p>Bra compatible<\/p>\n<p>Highly absorbent material<\/p>\n<p>Wash at 30\u00b0C, avoid tumble-drying<\/p>","protected":false},"excerpt":{"rendered":"<p>Cette robe de grande classe vous habillera pour pratiquer les danses latines ou bien de salon.<\/p>\n<p>Ce mod\u00e8le, arrivant juste au-dessus du genou, avec une coupe cache-c\u0153ur sous la poitrine, vous apportera confort et \u00e9l\u00e9gance.<\/p>\n<p>3\/4 sleeves and fully draped front.<\/p>\n<p>The back is simple and sober.<\/p>\n<p>Lightweight and crease-resistant for travelling, it can also be worn in town.<\/p>","protected":false},"featured_media":15680,"comment_status":"open","ping_status":"open","template":"","meta":{"_acf_changed":false},"product_brand":[],"product_cat":[113,19,290,149],"product_tag":[789],"class_list":{"0":"post-60152","1":"product","2":"type-product","3":"status-publish","4":"has-post-thumbnail","6":"product_cat-danses-latines","7":"product_cat-femmes","8":"product_cat-robes","9":"product_cat-rumpf","10":"product_tag-livraison-sous-1-semaine","12":"first","13":"instock","14":"taxable","15":"shipping-taxable","16":"purchasable","17":"product-type-variable"},"acf":[],"yoast_head":"<!-- This site is optimized with the Yoast SEO plugin v27.4 - https:\/\/yoast.com\/product\/yoast-seo-wordpress\/ -->\n<title>Robes Danses Latines Rumpf Manches 3\/4 - Balletto Dance Shop<\/title>\n<meta name=\"description\" content=\"Robe de danse latines manches 3\/4 d\u00e9collet\u00e9 cache-c\u0153ur \u00e0 l&#039;avant et arrondi dans le dos. Convient pour la ville mais aussi pour toutes les danses de salon.\" \/>\n<meta name=\"robots\" content=\"index, follow, max-snippet:-1, max-image-preview:large, max-video-preview:-1\" \/>\n<link rel=\"canonical\" href=\"https:\/\/www.ballettodanceshop.com\/en\/latin-dance-dresses-rumpf-sleeves-3-4\/\" \/>\n<meta property=\"og:locale\" content=\"en_GB\" \/>\n<meta property=\"og:type\" content=\"article\" \/>\n<meta property=\"og:title\" content=\"Robes Danses Latines Rumpf Manches 3\/4 - Balletto Dance Shop\" \/>\n<meta property=\"og:description\" content=\"Robe de danse latines manches 3\/4 d\u00e9collet\u00e9 cache-c\u0153ur \u00e0 l&#039;avant et arrondi dans le dos. Convient pour la ville mais aussi pour toutes les danses de salon.\" \/>\n<meta property=\"og:url\" content=\"https:\/\/www.ballettodanceshop.com\/en\/latin-dance-dresses-rumpf-sleeves-3-4\/\" \/>\n<meta property=\"og:site_name\" content=\"Balletto Dance Shop\" \/>\n<meta property=\"article:publisher\" content=\"https:\/\/www.facebook.com\/Ballettodanceshop\/\" \/>\n<meta property=\"article:modified_time\" content=\"2025-08-24T15:56:42+00:00\" \/>\n<meta property=\"og:image\" content=\"https:\/\/www.ballettodanceshop.com\/wp-content\/uploads\/2025\/07\/Robe_danses_latines_ML_Ballettodanceshop.jpg\" \/>\n\t<meta property=\"og:image:width\" content=\"1000\" \/>\n\t<meta property=\"og:image:height\" content=\"1500\" \/>\n\t<meta property=\"og:image:type\" content=\"image\/jpeg\" \/>\n<meta name=\"twitter:card\" content=\"summary_large_image\" \/>\n<meta name=\"twitter:site\" content=\"@ballettodance\" \/>\n<script type=\"application\/ld+json\" class=\"yoast-schema-graph\">{\"@context\":\"https:\\\/\\\/schema.org\",\"@graph\":[{\"@type\":\"WebPage\",\"@id\":\"https:\\\/\\\/www.ballettodanceshop.com\\\/robes-danses-latines-rumpf-manches-3-4\\\/\",\"url\":\"https:\\\/\\\/www.ballettodanceshop.com\\\/robes-danses-latines-rumpf-manches-3-4\\\/\",\"name\":\"Robes Danses Latines Rumpf Manches 3\\\/4 - Balletto Dance Shop\",\"isPartOf\":{\"@id\":\"https:\\\/\\\/www.ballettodanceshop.com\\\/#website\"},\"primaryImageOfPage\":{\"@id\":\"https:\\\/\\\/www.ballettodanceshop.com\\\/robes-danses-latines-rumpf-manches-3-4\\\/#primaryimage\"},\"image\":{\"@id\":\"https:\\\/\\\/www.ballettodanceshop.com\\\/robes-danses-latines-rumpf-manches-3-4\\\/#primaryimage\"},\"thumbnailUrl\":\"https:\\\/\\\/www.ballettodanceshop.com\\\/wp-content\\\/uploads\\\/2025\\\/07\\\/Robe_danses_latines_ML_Ballettodanceshop.jpg\",\"datePublished\":\"2023-02-02T05:39:11+00:00\",\"dateModified\":\"2025-08-24T15:56:42+00:00\",\"description\":\"Robe de danse latines manches 3\\\/4 d\u00e9collet\u00e9 cache-c\u0153ur \u00e0 l'avant et arrondi dans le dos. Convient pour la ville mais aussi pour toutes les danses de salon.\",\"breadcrumb\":{\"@id\":\"https:\\\/\\\/www.ballettodanceshop.com\\\/robes-danses-latines-rumpf-manches-3-4\\\/#breadcrumb\"},\"inLanguage\":\"en-GB\",\"potentialAction\":[{\"@type\":\"ReadAction\",\"target\":[\"https:\\\/\\\/www.ballettodanceshop.com\\\/robes-danses-latines-rumpf-manches-3-4\\\/\"]}]},{\"@type\":\"ImageObject\",\"inLanguage\":\"en-GB\",\"@id\":\"https:\\\/\\\/www.ballettodanceshop.com\\\/robes-danses-latines-rumpf-manches-3-4\\\/#primaryimage\",\"url\":\"https:\\\/\\\/www.ballettodanceshop.com\\\/wp-content\\\/uploads\\\/2025\\\/07\\\/Robe_danses_latines_ML_Ballettodanceshop.jpg\",\"contentUrl\":\"https:\\\/\\\/www.ballettodanceshop.com\\\/wp-content\\\/uploads\\\/2025\\\/07\\\/Robe_danses_latines_ML_Ballettodanceshop.jpg\",\"width\":1000,\"height\":1500,\"caption\":\"Robe Danse manches 3\\\/4\"},{\"@type\":\"BreadcrumbList\",\"@id\":\"https:\\\/\\\/www.ballettodanceshop.com\\\/robes-danses-latines-rumpf-manches-3-4\\\/#breadcrumb\",\"itemListElement\":[{\"@type\":\"ListItem\",\"position\":1,\"name\":\"Accueil\",\"item\":\"https:\\\/\\\/www.ballettodanceshop.com\\\/\"},{\"@type\":\"ListItem\",\"position\":2,\"name\":\"Produits\",\"item\":\"https:\\\/\\\/www.ballettodanceshop.com\\\/boutique\\\/\"},{\"@type\":\"ListItem\",\"position\":3,\"name\":\"Robes Danses Latines Rumpf Manches 3\\\/4\"}]},{\"@type\":\"WebSite\",\"@id\":\"https:\\\/\\\/www.ballettodanceshop.com\\\/#website\",\"url\":\"https:\\\/\\\/www.ballettodanceshop.com\\\/\",\"name\":\"Balletto Dance Shop\",\"description\":\"Keep Dancing !\",\"publisher\":{\"@id\":\"https:\\\/\\\/www.ballettodanceshop.com\\\/#organization\"},\"alternateName\":\"Balletto\",\"potentialAction\":[{\"@type\":\"SearchAction\",\"target\":{\"@type\":\"EntryPoint\",\"urlTemplate\":\"https:\\\/\\\/www.ballettodanceshop.com\\\/?s={search_term_string}\"},\"query-input\":{\"@type\":\"PropertyValueSpecification\",\"valueRequired\":true,\"valueName\":\"search_term_string\"}}],\"inLanguage\":\"en-GB\"},{\"@type\":\"Organization\",\"@id\":\"https:\\\/\\\/www.ballettodanceshop.com\\\/#organization\",\"name\":\"Balletto Dance Shop\",\"alternateName\":\"Balletto\",\"url\":\"https:\\\/\\\/www.ballettodanceshop.com\\\/\",\"logo\":{\"@type\":\"ImageObject\",\"inLanguage\":\"en-GB\",\"@id\":\"https:\\\/\\\/www.ballettodanceshop.com\\\/#\\\/schema\\\/logo\\\/image\\\/\",\"url\":\"https:\\\/\\\/www.ballettodanceshop.com\\\/wp-content\\\/uploads\\\/2025\\\/06\\\/LOGO-1.png\",\"contentUrl\":\"https:\\\/\\\/www.ballettodanceshop.com\\\/wp-content\\\/uploads\\\/2025\\\/06\\\/LOGO-1.png\",\"width\":508,\"height\":209,\"caption\":\"Balletto Dance Shop\"},\"image\":{\"@id\":\"https:\\\/\\\/www.ballettodanceshop.com\\\/#\\\/schema\\\/logo\\\/image\\\/\"},\"sameAs\":[\"https:\\\/\\\/www.facebook.com\\\/Ballettodanceshop\\\/\",\"https:\\\/\\\/x.com\\\/ballettodance\",\"https:\\\/\\\/www.tiktok.com\\\/@ballettodanceshop\",\"https:\\\/\\\/fr.linkedin.com\\\/company\\\/ballettodaneshop\",\"https:\\\/\\\/fr.pinterest.com\\\/ballettodanceshop\\\/\",\"https:\\\/\\\/www.threads.com\\\/@ballettodanceshop\",\"https:\\\/\\\/www.instagram.com\\\/ballettodanceshop\\\/\",\"https:\\\/\\\/www.youtube.com\\\/@ballettodanceshop\"]}]}<\/script>\n<!-- \/ Yoast SEO plugin. -->","yoast_head_json":{"title":"Rumpf 3\/4 Sleeve Latin Dance Dresses - Balletto Dance Shop","description":"Latin dance dress with 3\/4 length sleeves, sweetheart neckline at the front and rounded back. Suitable for both city and ballroom dancing.","robots":{"index":"index","follow":"follow","max-snippet":"max-snippet:-1","max-image-preview":"max-image-preview:large","max-video-preview":"max-video-preview:-1"},"canonical":"https:\/\/www.ballettodanceshop.com\/en\/latin-dance-dresses-rumpf-sleeves-3-4\/","og_locale":"en_GB","og_type":"article","og_title":"Robes Danses Latines Rumpf Manches 3\/4 - Balletto Dance Shop","og_description":"Robe de danse latines manches 3\/4 d\u00e9collet\u00e9 cache-c\u0153ur \u00e0 l'avant et arrondi dans le dos. Convient pour la ville mais aussi pour toutes les danses de salon.","og_url":"https:\/\/www.ballettodanceshop.com\/en\/latin-dance-dresses-rumpf-sleeves-3-4\/","og_site_name":"Balletto Dance Shop","article_publisher":"https:\/\/www.facebook.com\/Ballettodanceshop\/","article_modified_time":"2025-08-24T15:56:42+00:00","og_image":[{"width":1000,"height":1500,"url":"https:\/\/www.ballettodanceshop.com\/wp-content\/uploads\/2025\/07\/Robe_danses_latines_ML_Ballettodanceshop.jpg","type":"image\/jpeg"}],"twitter_card":"summary_large_image","twitter_site":"@ballettodance","schema":{"@context":"https:\/\/schema.org","@graph":[{"@type":"WebPage","@id":"https:\/\/www.ballettodanceshop.com\/robes-danses-latines-rumpf-manches-3-4\/","url":"https:\/\/www.ballettodanceshop.com\/robes-danses-latines-rumpf-manches-3-4\/","name":"Rumpf 3\/4 Sleeve Latin Dance Dresses - Balletto Dance Shop","isPartOf":{"@id":"https:\/\/www.ballettodanceshop.com\/#website"},"primaryImageOfPage":{"@id":"https:\/\/www.ballettodanceshop.com\/robes-danses-latines-rumpf-manches-3-4\/#primaryimage"},"image":{"@id":"https:\/\/www.ballettodanceshop.com\/robes-danses-latines-rumpf-manches-3-4\/#primaryimage"},"thumbnailUrl":"https:\/\/www.ballettodanceshop.com\/wp-content\/uploads\/2025\/07\/Robe_danses_latines_ML_Ballettodanceshop.jpg","datePublished":"2023-02-02T05:39:11+00:00","dateModified":"2025-08-24T15:56:42+00:00","description":"Latin dance dress with 3\/4 length sleeves, sweetheart neckline at the front and rounded back. Suitable for both city and ballroom dancing.","breadcrumb":{"@id":"https:\/\/www.ballettodanceshop.com\/robes-danses-latines-rumpf-manches-3-4\/#breadcrumb"},"inLanguage":"en-GB","potentialAction":[{"@type":"ReadAction","target":["https:\/\/www.ballettodanceshop.com\/robes-danses-latines-rumpf-manches-3-4\/"]}]},{"@type":"ImageObject","inLanguage":"en-GB","@id":"https:\/\/www.ballettodanceshop.com\/robes-danses-latines-rumpf-manches-3-4\/#primaryimage","url":"https:\/\/www.ballettodanceshop.com\/wp-content\/uploads\/2025\/07\/Robe_danses_latines_ML_Ballettodanceshop.jpg","contentUrl":"https:\/\/www.ballettodanceshop.com\/wp-content\/uploads\/2025\/07\/Robe_danses_latines_ML_Ballettodanceshop.jpg","width":1000,"height":1500,"caption":"Robe Danse manches 3\/4"},{"@type":"BreadcrumbList","@id":"https:\/\/www.ballettodanceshop.com\/robes-danses-latines-rumpf-manches-3-4\/#breadcrumb","itemListElement":[{"@type":"ListItem","position":1,"name":"Accueil","item":"https:\/\/www.ballettodanceshop.com\/"},{"@type":"ListItem","position":2,"name":"Produits","item":"https:\/\/www.ballettodanceshop.com\/boutique\/"},{"@type":"ListItem","position":3,"name":"Robes Danses Latines Rumpf Manches 3\/4"}]},{"@type":"WebSite","@id":"https:\/\/www.ballettodanceshop.com\/#website","url":"https:\/\/www.ballettodanceshop.com\/","name":"Balletto Dance Shop","description":"Keep Dancing!","publisher":{"@id":"https:\/\/www.ballettodanceshop.com\/#organization"},"alternateName":"Balletto","potentialAction":[{"@type":"SearchAction","target":{"@type":"EntryPoint","urlTemplate":"https:\/\/www.ballettodanceshop.com\/?s={search_term_string}"},"query-input":{"@type":"PropertyValueSpecification","valueRequired":true,"valueName":"search_term_string"}}],"inLanguage":"en-GB"},{"@type":"Organization","@id":"https:\/\/www.ballettodanceshop.com\/#organization","name":"Balletto Dance Shop","alternateName":"Balletto","url":"https:\/\/www.ballettodanceshop.com\/","logo":{"@type":"ImageObject","inLanguage":"en-GB","@id":"https:\/\/www.ballettodanceshop.com\/#\/schema\/logo\/image\/","url":"https:\/\/www.ballettodanceshop.com\/wp-content\/uploads\/2025\/06\/LOGO-1.png","contentUrl":"https:\/\/www.ballettodanceshop.com\/wp-content\/uploads\/2025\/06\/LOGO-1.png","width":508,"height":209,"caption":"Balletto Dance Shop"},"image":{"@id":"https:\/\/www.ballettodanceshop.com\/#\/schema\/logo\/image\/"},"sameAs":["https:\/\/www.facebook.com\/Ballettodanceshop\/","https:\/\/x.com\/ballettodance","https:\/\/www.tiktok.com\/@ballettodanceshop","https:\/\/fr.linkedin.com\/company\/ballettodaneshop","https:\/\/fr.pinterest.com\/ballettodanceshop\/","https:\/\/www.threads.com\/@ballettodanceshop","https:\/\/www.instagram.com\/ballettodanceshop\/","https:\/\/www.youtube.com\/@ballettodanceshop"]}]}},"_links":{"self":[{"href":"https:\/\/www.ballettodanceshop.com\/en\/wp-json\/wp\/v2\/product\/60152","targetHints":{"allow":["GET"]}}],"collection":[{"href":"https:\/\/www.ballettodanceshop.com\/en\/wp-json\/wp\/v2\/product"}],"about":[{"href":"https:\/\/www.ballettodanceshop.com\/en\/wp-json\/wp\/v2\/types\/product"}],"replies":[{"embeddable":true,"href":"https:\/\/www.ballettodanceshop.com\/en\/wp-json\/wp\/v2\/comments?post=60152"}],"wp:featuredmedia":[{"embeddable":true,"href":"https:\/\/www.ballettodanceshop.com\/en\/wp-json\/wp\/v2\/media\/15680"}],"wp:attachment":[{"href":"https:\/\/www.ballettodanceshop.com\/en\/wp-json\/wp\/v2\/media?parent=60152"}],"wp:term":[{"taxonomy":"product_brand","embeddable":true,"href":"https:\/\/www.ballettodanceshop.com\/en\/wp-json\/wp\/v2\/product_brand?post=60152"},{"taxonomy":"product_cat","embeddable":true,"href":"https:\/\/www.ballettodanceshop.com\/en\/wp-json\/wp\/v2\/product_cat?post=60152"},{"taxonomy":"product_tag","embeddable":true,"href":"https:\/\/www.ballettodanceshop.com\/en\/wp-json\/wp\/v2\/product_tag?post=60152"}],"curies":[{"name":"wp","href":"https:\/\/api.w.org\/{rel}","templated":true}]}}